{"id":20431,"date":"2022-08-28T19:17:17","date_gmt":"2022-08-28T17:17:17","guid":{"rendered":"http:\/\/blog.lesgrossesorchadeslesamplesthalameges.fr\/?page_id=20431"},"modified":"2022-08-28T19:18:18","modified_gmt":"2022-08-28T17:18:18","slug":"liz-truss-sait-elle-que-la-russie-peut-detruire-langleterre-avec-une-seule-torpille","status":"publish","type":"page","link":"https:\/\/blog.lesgrossesorchadeslesamplesthalameges.fr\/index.php\/liz-truss-sait-elle-que-la-russie-peut-detruire-langleterre-avec-une-seule-torpille\/","title":{"rendered":"Liz Truss sait-elle que la Russie peut d\u00e9truire l\u2019Angleterre avec une seule torpille ?"},"content":{"rendered":"<p>&nbsp;<\/p>\n<p>&nbsp;<\/p>\n<p>&nbsp;<\/p>\n<p>&nbsp;<\/p>\n<p>&nbsp;<\/p>\n<p>&nbsp;<\/p>\n<p>&nbsp;<\/p>\n<p>&nbsp;<\/p>\n<p>&nbsp;<\/p>\n<h1><\/h1>\n<h1><\/h1>\n<h1><\/h1>\n<p style=\"text-align: center;\"><span style=\"font-family: times new roman, times, serif;\"><strong><span style=\"font-size: 36pt;\">Liz Truss sait-elle que la Russie peut d\u00e9truire l\u2019Angleterre avec une seule torpille ?<\/span><\/strong><\/span><\/p>\n<p>&nbsp;<\/p>\n<p>&nbsp;<\/p>\n<p style=\"text-align: center;\"><span style=\"font-family: times new roman, times, serif; font-size: 18pt;\"><strong>Boris Karpov \u2013 <em>RusR\u00e9info <\/em>\u2013 26.8.2022<\/strong><\/span><\/p>\n<p>&nbsp;<\/p>\n<p>&nbsp;<\/p>\n<p>&nbsp;<\/p>\n<p style=\"text-align: center;\"><a href=\"http:\/\/blog.lesgrossesorchadeslesamplesthalameges.fr\/?attachment_id=20383\" rel=\"attachment wp-att-20383\"><img loading=\"lazy\" class=\"alignnone wp-image-20383 size-full\" src=\"http:\/\/blog.lesgrossesorchadeslesamplesthalameges.fr\/wp-content\/uploads\/2022\/08\/31.-LIZ-TRUSS.jpg\" alt=\"\" width=\"600\" height=\"399\" srcset=\"https:\/\/blog.lesgrossesorchadeslesamplesthalameges.fr\/wp-content\/uploads\/2022\/08\/31.-LIZ-TRUSS.jpg 600w, https:\/\/blog.lesgrossesorchadeslesamplesthalameges.fr\/wp-content\/uploads\/2022\/08\/31.-LIZ-TRUSS-300x200.jpg 300w\" sizes=\"(max-width: 600px) 100vw, 600px\" \/><\/a><\/p>\n<p style=\"text-align: justify;\"><span style=\"font-family: times new roman, times, serif; font-size: 14pt;\"><strong>\u00a0<\/strong><\/span><\/p>\n<p>&nbsp;<\/p>\n<p>&nbsp;<\/p>\n<p style=\"text-align: justify;\"><span style=\"font-family: times new roman, times, serif; font-size: 14pt;\">Liz Truss, probable Premier Ministre britannique d\u2019ici peu, commence tr\u00e8s fort puisqu\u2019elle annonce fi\u00e8rement qu\u2019elle n\u2019h\u00e9sitera pas \u00e0 utiliser l\u2019arme nucl\u00e9aire \u00ab\u00a0m\u00eame si cela signifie une annihilation totale\u00a0\u00bb.<\/span><\/p>\n<p style=\"text-align: justify;\"><span style=\"font-family: times new roman, times, serif; font-size: 14pt;\">Elle pensait sans doute \u00e0 l\u2019\u00ab\u00a0annihilation totale\u00a0\u00bb de son ennemi, pas \u00e0 la sienne\u2026 Son ennemi c\u2019est (m\u00eame si elle ne l\u2019a pas dit, tant c\u2019est \u00e9vident) la Russie.<\/span><\/p>\n<p style=\"text-align: justify;\"><span style=\"font-family: times new roman, times, serif; font-size: 14pt;\">Sur le principe, bien s\u00fbr c\u2019est une d\u00e9claration \u00ab\u00a0normale\u00a0\u00bb puisque l\u2019arme nucl\u00e9aire est cens\u00e9e dissuader et qu\u2019il faut donc bien \u00eatre, au moins en th\u00e9orie, pr\u00eat \u00e0 s\u2019en servir. Sinon, plus de dissuasion. Mais dans le cas pr\u00e9sent cela s\u2019inscrit dans une hyst\u00e9rie, britannique en particulier, envers la Russie. Boris Johnson, futur ex-Premier ministre, s\u2019est d\u2019ailleurs encore rendu hier \u00e0 Kiev pour \u00ab\u00a0interdire\u00a0\u00bb \u00e0 Zelenski de rencontrer Poutine pour n\u00e9gocier !<\/span><\/p>\n<p style=\"text-align: justify;\"><span style=\"font-family: times new roman, times, serif; font-size: 14pt;\">D\u2019abord, qui lui a dit que Poutine accepterait de n\u00e9gocier ? Dans la position actuelle, apr\u00e8s avoir pris un tiers du pays, la Russie ne n\u00e9gocie pas, elle impose. Mais nous n\u2019en sommes pas encore l\u00e0, nous n\u2019avons pas termin\u00e9 et \u00ab\u00a0imposerons\u00a0\u00bb donc un peu plus tard.<\/span><\/p>\n<p style=\"text-align: justify;\"><span style=\"font-family: times new roman, times, serif; font-size: 14pt;\">Bref, Johnson est all\u00e9 donner des instructions \u00e0 Zelenski, et lui promettre de nouvelles livraisons d\u2019armes. Passons sur le fait que dans quelques jours il n\u2019aura plus aucun pouvoir, mais puisqu\u2019il s\u2019av\u00e8re que son successeur \u2013 Liz Truss \u2013 semble sortir du m\u00eame moule\u2026 Brit arrogante type, \u00ab\u00a0fucking prick\u00a0\u00bb ou \u00ab\u00a0arrogant bitch\u00a0\u00bb comme ils disent !<\/span><\/p>\n<p>&nbsp;<\/p>\n<p>&nbsp;<\/p>\n<p>&nbsp;<\/p>\n<p style=\"text-align: center;\"><span style=\"font-family: times new roman, times, serif; font-size: 12pt;\"><em><strong>La R\u00e9daction de Rusreinfo vous encourage vivement \u00e0 suivre la cha\u00eene Telegram de Boris Karpov (d\u00e9j\u00e0 plus de 10.000 abonn\u00e9s, qui donne des informations en temps r\u00e9el sur l\u2019\u00e9volution de la situation en Russie et Ukraine. Cliquez sous la banni\u00e8re :<\/strong><\/em><\/span><\/p>\n<p style=\"text-align: center;\"><span style=\"font-family: times new roman, times, serif; font-size: 14pt;\"><em>\u00a0<a href=\"Telegram: Contact @boriskarpovblog\" rel=\"attachment wp-att-20432\"><img loading=\"lazy\" class=\"alignnone wp-image-20432 size-full\" src=\"http:\/\/blog.lesgrossesorchadeslesamplesthalameges.fr\/wp-content\/uploads\/2022\/08\/32.-Karpov-Telegram.jpg\" alt=\"\" width=\"600\" height=\"84\" srcset=\"https:\/\/blog.lesgrossesorchadeslesamplesthalameges.fr\/wp-content\/uploads\/2022\/08\/32.-Karpov-Telegram.jpg 600w, https:\/\/blog.lesgrossesorchadeslesamplesthalameges.fr\/wp-content\/uploads\/2022\/08\/32.-Karpov-Telegram-300x42.jpg 300w\" sizes=\"(max-width: 600px) 100vw, 600px\" \/><\/a><\/em><\/span><\/p>\n<p style=\"text-align: center;\"><span style=\"font-family: times new roman, times, serif; font-size: 14pt;\"><a href=\"https:\/\/t.me\/boriskarpovblog\">Telegram: Contact @boriskarpovblog<\/a><\/span><\/p>\n<p>&nbsp;<\/p>\n<p>&nbsp;<\/p>\n<p>&nbsp;<\/p>\n<p style=\"text-align: justify;\"><span style=\"font-family: times new roman, times, serif; font-size: 14pt;\">Ce qui est vraiment grave, c\u2019est qu\u2019elle ne se rend pas compte de ce qu\u2019elle dit : car utiliser l\u2019arme nucl\u00e9aire contre la Russie signifierait, en guise de riposte, la destruction imm\u00e9diate et totale des iles britanniques. Un seul Sarmat, et\u2026 plus RIEN. Mais une telle d\u00e9claration pourrait parfaitement faire comprendre \u00e0 la Russie que son existence m\u00eame est menac\u00e9e, d\u00e8s lors que l\u2019Angleterre est dirig\u00e9e par une hyst\u00e9rique. Dans un tel cas, Vladimir Poutine n\u2019a m\u00eame pas besoin d\u2019aller le clamer sur un plateau TV, il lui suffit d\u2019agir et d\u00e9cider \u00e0 titre pr\u00e9ventif d\u2019utiliser non pas un Sarmat mais UNE torpille Pose\u00efdon lanc\u00e9e depuis\u2026 n\u2019importe o\u00f9, puisqu\u2019elle a un rayon d\u2019action illimit\u00e9, propuls\u00e9e par son propre r\u00e9acteur nucl\u00e9aire ! Cette torpille exploserait sous l\u2019eau, au large de l\u2019Angleterre, et d\u00e9clencherait un tsunami qui engloutirait une tr\u00e8s grande partie de l\u2019ile. Londres n\u2019aurait aucune chance d\u2019en ressortir !<\/span><\/p>\n<p style=\"text-align: justify;\"><span style=\"font-family: times new roman, times, serif; font-size: 14pt;\">L\u2019attitude de cette hyst\u00e9rique s\u2019inscrit parfaitement dans la mentalit\u00e9 britannique : s\u2019imaginant \u00eatre \u00e0 l\u2019abri dans leur \u00eele, les Brits s\u2019emploient \u00e0 semer la pagaille un peu partout. Dans le conflit contre la Russie en particulier\u00a0: les services secrets am\u00e9ricains (CIA) sous-traitent une grande partie de leurs op\u00e9rations clandestines au MI6, services secrets britanniques. C\u2019est en effet le MI6 qui instruit et entra\u00eene les agents ukrainiens qui entrent en Russie pour y commettre des attentats, c\u2019est aussi le MI6 qui entra\u00eene les groupes de volontaires \u00e9trangers ayant rejoint les forces ukrainiennes\u2026. et ce sont donc eux aussi qui sont transform\u00e9s en poussi\u00e8re lorsque nous frappons les centres d\u2019entra\u00eenement.<\/span><\/p>\n<p style=\"text-align: justify;\"><span style=\"font-family: times new roman, times, serif; font-size: 14pt;\">Quand on voit l\u2019\u00e9tat de leur pays, envahi par des immigr\u00e9s plus nombreux que les Britanniques dans la plupart des grandes villes, secou\u00e9 par les scandales p\u00e9dophiles mettant en cause jusqu\u2019\u00e0 la \u00ab\u00a0famille royale\u00a0\u00bb, on peut comprendre que les Brits cherchent \u00e0 redorer leur blason en combattant les ignobles Russes. Se rendent-ils compte qu\u2019ils risquent de se faire d\u00e9truire avant m\u00eame d\u2019avoir compris ce qui leur arrive ?<\/span><\/p>\n<p style=\"text-align: justify;\"><span style=\"font-family: times new roman, times, serif; font-size: 14pt;\">On notera par ailleurs que pendant que Truss se vante d\u2019\u00eatre pr\u00eate \u00e0 appuyer sur le bouton nucl\u00e9aire, les autorit\u00e9s russes ont une attitude tout autre puisque Lavrov et Poutine r\u00e9p\u00e8tent inlassablement qu\u2019il faut \u00e0 tout prix \u00e9viter d\u2019utiliser l\u2019arme nucl\u00e9aire ! Qui sont les malades ? Qui sont les gens raisonnables ? Mais alors que tous les media britanniques annoncent qu\u2019un Anglais sur deux ne pourra ni se chauffer ni manger \u00e0 sa faim cet hiver, peut-\u00eatre est-ce LA solution qu\u2019a trouv\u00e9e leur gouvernement : provoquer la Russie pour finalement \u00eatre d\u00e9truits par elle ?! Ce serait bien le \u00ab\u00a0Grand Reset\u00a0\u00bb ! Mais pas celui auquel ils pensent\u2026<\/span><\/p>\n<p>&nbsp;<\/p>\n<p style=\"text-align: justify;\"><span style=\"font-family: times new roman, times, serif; font-size: 14pt;\"><strong>Boris Guennadevitch Karpov<\/strong><strong><br \/>\n<\/strong><a href=\"https:\/\/boriskarpov.tvs24.ru\/\">https:\/\/boriskarpov.tvs24.ru<\/a><\/span><\/p>\n<p style=\"text-align: left;\"><span style=\"font-family: times new roman, times, serif; font-size: 14pt;\">Source\u00a0: <a href=\"https:\/\/rusreinfo.ru\/fr\/2022\/08\/liz-truss-sait-elle-que-la-russie-peut-detruire-langleterre-avec-une-seule-torpille\/\">Liz Truss sait-elle que la Russie peut d\u00e9truire l\u2019Angleterre avec une seule torpille? \u2013 RusR\u00e9info (rusreinfo.ru)<\/a><\/span><\/p>\n<p>&nbsp;<\/p>\n<p style=\"text-align: left;\"><span style=\"font-family: times new roman, times, serif; font-size: 14pt;\"><strong>URL de cet article : <\/strong><a href=\"http:\/\/blog.lesgrossesorchadeslesamplesthalameges.fr\/index.php\/liz-truss-sait-elle-que-la-russie-peut-detruire-langleterre-avec-une-seule-torpille\/\">http:\/\/blog.lesgrossesorchadeslesamplesthalameges.fr\/index.php\/liz-truss-sait-elle-que-la-russie-peut-detruire-langleterre-avec-une-seule-torpille\/<\/a><br \/>\n<\/span><\/p>\n<p>\u00a0<\/p>\n<p><strong>\u00a0<\/strong><\/p>\n<p style=\"text-align: center;\"><a href=\"http:\/\/blog.lesgrossesorchadeslesamplesthalameges.fr\/?attachment_id=20379\" rel=\"attachment wp-att-20379\"><img loading=\"lazy\" class=\"alignnone size-full wp-image-20379\" src=\"http:\/\/blog.lesgrossesorchadeslesamplesthalameges.fr\/wp-content\/uploads\/2022\/08\/000.-BAD.-GIF-.gif\" alt=\"\" width=\"120\" height=\"120\" \/><\/a><\/p>\n<p>&nbsp;<\/p>\n<p>&nbsp;<\/p>\n<p style=\"text-align: right;\"><span style=\"font-family: comic sans ms, sans-serif; font-size: 14pt;\">Ao\u00fbt 2022<\/span><\/p>\n<p>&nbsp;<\/p>\n<p>&nbsp;<\/p>\n","protected":false},"excerpt":{"rendered":"<p>&nbsp; &nbsp; &nbsp; &nbsp; &nbsp; &nbsp; &nbsp; &nbsp; &nbsp; Liz Truss sait-elle que la Russie peut d\u00e9truire l\u2019Angleterre avec une seule torpille ? &nbsp; &nbsp; Boris Karpov \u2013 RusR\u00e9info \u2013 26.8.2022 &nbsp; &nbsp; &nbsp; \u00a0 &nbsp; &nbsp; Liz Truss, probable Premier Ministre britannique d\u2019ici peu, commence tr\u00e8s fort puisqu\u2019elle annonce fi\u00e8rement qu\u2019elle n\u2019h\u00e9sitera pas \u00e0&#8230;<\/p>\n","protected":false},"author":1,"featured_media":0,"parent":0,"menu_order":0,"comment_status":"open","ping_status":"open","template":"","meta":[],"_links":{"self":[{"href":"https:\/\/blog.lesgrossesorchadeslesamplesthalameges.fr\/index.php\/wp-json\/wp\/v2\/pages\/20431"}],"collection":[{"href":"https:\/\/blog.lesgrossesorchadeslesamplesthalameges.fr\/index.php\/wp-json\/wp\/v2\/pages"}],"about":[{"href":"https:\/\/blog.lesgrossesorchadeslesamplesthalameges.fr\/index.php\/wp-json\/wp\/v2\/types\/page"}],"author":[{"embeddable":true,"href":"https:\/\/blog.lesgrossesorchadeslesamplesthalameges.fr\/index.php\/wp-json\/wp\/v2\/users\/1"}],"replies":[{"embeddable":true,"href":"https:\/\/blog.lesgrossesorchadeslesamplesthalameges.fr\/index.php\/wp-json\/wp\/v2\/comments?post=20431"}],"version-history":[{"count":11,"href":"https:\/\/blog.lesgrossesorchadeslesamplesthalameges.fr\/index.php\/wp-json\/wp\/v2\/pages\/20431\/revisions"}],"predecessor-version":[{"id":20443,"href":"https:\/\/blog.lesgrossesorchadeslesamplesthalameges.fr\/index.php\/wp-json\/wp\/v2\/pages\/20431\/revisions\/20443"}],"wp:attachment":[{"href":"https:\/\/blog.lesgrossesorchadeslesamplesthalameges.fr\/index.php\/wp-json\/wp\/v2\/media?parent=20431"}],"curies":[{"name":"wp","href":"https:\/\/api.w.org\/{rel}","templated":true}]}}