{"id":20490,"date":"2022-09-04T18:35:50","date_gmt":"2022-09-04T16:35:50","guid":{"rendered":"http:\/\/blog.lesgrossesorchadeslesamplesthalameges.fr\/?page_id=20490"},"modified":"2022-09-04T18:37:27","modified_gmt":"2022-09-04T16:37:27","slug":"du-lycee-daristote","status":"publish","type":"page","link":"https:\/\/blog.lesgrossesorchadeslesamplesthalameges.fr\/index.php\/du-lycee-daristote\/","title":{"rendered":"Du Lyc\u00e9e d&rsquo;Aristote"},"content":{"rendered":"<p>&nbsp;<\/p>\n<p>&nbsp;<\/p>\n<p>&nbsp;<\/p>\n<p>&nbsp;<\/p>\n<p>&nbsp;<\/p>\n<p>&nbsp;<\/p>\n<p>&nbsp;<\/p>\n<p>&nbsp;<\/p>\n<p style=\"text-align: center;\"><span style=\"font-family: times new roman, times, serif; font-size: 36pt;\"><strong>Du Lyc\u00e9e d\u2019Aristote<\/strong><\/span><\/p>\n<p style=\"text-align: center;\"><span style=\"font-family: times new roman, times, serif; font-size: 14pt;\"><strong>\u00a0<\/strong><\/span><\/p>\n<p style=\"text-align: center;\"><span style=\"font-family: times new roman, times, serif; font-size: 18pt;\"><strong><em>L.G.O.<\/em><\/strong><strong> \u2013 4.9.2022<\/strong><\/span><\/p>\n<p style=\"text-align: justify;\"><span style=\"font-family: times new roman, times, serif; font-size: 14pt;\"><strong><em>\u00a0<\/em><\/strong><\/span><\/p>\n<p>&nbsp;<\/p>\n<p style=\"text-align: center;\"><span style=\"font-family: times new roman, times, serif; font-size: 14pt;\"><strong><em>\u00a0<a href=\"http:\/\/blog.lesgrossesorchadeslesamplesthalameges.fr\/index.php\/du-lycee-daristote\/sandale-gif\/\" rel=\"attachment wp-att-20498\"><img loading=\"lazy\" class=\"alignnone wp-image-20498\" src=\"http:\/\/blog.lesgrossesorchadeslesamplesthalameges.fr\/wp-content\/uploads\/2022\/09\/sandale.-GIF.gif\" alt=\"\" width=\"130\" height=\"81\" \/><\/a><\/em><\/strong><\/span><\/p>\n<p style=\"text-align: justify;\"><span style=\"font-family: times new roman, times, serif; font-size: 14pt;\"><strong><em>\u00a0<\/em><\/strong><\/span><\/p>\n<p>&nbsp;<\/p>\n<p style=\"text-align: justify;\"><span style=\"font-family: times new roman, times, serif; font-size: 18pt;\"><strong><em>Pour qu\u2019il ne soit pas dit qu\u2019on vous a d\u00e9rang\u00e9s pour rien\u00a0:<\/em><\/strong><\/span><\/p>\n<p style=\"text-align: justify;\"><span style=\"font-family: times new roman, times, serif; font-size: 14pt;\"><strong><em>\u00a0<\/em><\/strong><\/span><\/p>\n<p style=\"text-align: justify;\"><span style=\"font-family: times new roman, times, serif; font-size: 14pt;\"><strong><em>\u00a0<\/em><\/strong><\/span><\/p>\n<p style=\"text-align: justify; padding-left: 40px;\"><span style=\"font-family: comic sans ms, sans-serif; font-size: 12pt;\">Aristote , qui n\u2019\u00e9tait pas grec (c\u2019\u00e9tait un m\u00e9t\u00e8que d\u2019origine mac\u00e9donienne), n\u2019avait pas le droit de poss\u00e9der du terrain <em>dans<\/em> Ath\u00e8nes. C\u2019est pourquoi il avait acquis, pour installer son \u00e9cole, un bout de terrain situ\u00e9 hors les murs appel\u00e9 <em>Lykaeion<\/em>, qui, comme son nom l\u2019indiquait encore au 4<sup>e<\/sup> si\u00e8cle avant J.-C., avait abrit\u00e9, aux temps matriarcaux, le sanctuaire d\u2019une divinit\u00e9 animale, celui d\u2019une louve probablement.<\/span><\/p>\n<p>&nbsp;<\/p>\n<p>&nbsp;<\/p>\n<p>&nbsp;<\/p>\n<p style=\"text-align: center;\"><a href=\"http:\/\/blog.lesgrossesorchadeslesamplesthalameges.fr\/index.php\/2022\/09\/04\/bis-ter-quater-repetita-placent\/6-le-lycee-daristote-1\/\" rel=\"attachment wp-att-20479\"><img loading=\"lazy\" class=\"alignnone wp-image-20479 size-full\" src=\"http:\/\/blog.lesgrossesorchadeslesamplesthalameges.fr\/wp-content\/uploads\/2022\/09\/6.-Le-Lycee-dAristote-1.jpg\" alt=\"\" width=\"650\" height=\"430\" srcset=\"https:\/\/blog.lesgrossesorchadeslesamplesthalameges.fr\/wp-content\/uploads\/2022\/09\/6.-Le-Lycee-dAristote-1.jpg 650w, https:\/\/blog.lesgrossesorchadeslesamplesthalameges.fr\/wp-content\/uploads\/2022\/09\/6.-Le-Lycee-dAristote-1-300x198.jpg 300w\" sizes=\"(max-width: 650px) 100vw, 650px\" \/><\/a><\/p>\n<p style=\"text-align: center;\"><span style=\"font-family: times new roman, times, serif; font-size: 12pt;\"><strong><em>Le Lyc\u00e9e d\u2019Aristote excav\u00e9<\/em><\/strong><\/span><\/p>\n<p>&nbsp;<\/p>\n<p>&nbsp;<\/p>\n<p style=\"text-align: center;\"><a href=\"http:\/\/blog.lesgrossesorchadeslesamplesthalameges.fr\/index.php\/du-lycee-daristote\/7-le-lycee-daristote-2\/\" rel=\"attachment wp-att-20491\"><img loading=\"lazy\" class=\"alignnone wp-image-20491 size-full\" src=\"http:\/\/blog.lesgrossesorchadeslesamplesthalameges.fr\/wp-content\/uploads\/2022\/09\/7.-Le-Lycee-dAristote-2.jpg\" alt=\"\" width=\"650\" height=\"430\" srcset=\"https:\/\/blog.lesgrossesorchadeslesamplesthalameges.fr\/wp-content\/uploads\/2022\/09\/7.-Le-Lycee-dAristote-2.jpg 650w, https:\/\/blog.lesgrossesorchadeslesamplesthalameges.fr\/wp-content\/uploads\/2022\/09\/7.-Le-Lycee-dAristote-2-300x198.jpg 300w\" sizes=\"(max-width: 650px) 100vw, 650px\" \/><\/a><\/p>\n<p style=\"text-align: center;\"><span style=\"font-family: times new roman, times, serif; font-size: 12pt;\"><strong><em>Le m\u00eame, vu sous un autre angle.<\/em><\/strong><\/span><\/p>\n<p style=\"text-align: justify;\"><span style=\"font-family: times new roman, times, serif; font-size: 14pt;\"><strong><em>\u00a0<\/em><\/strong><\/span><\/p>\n<p style=\"text-align: justify;\"><span style=\"font-family: times new roman, times, serif; font-size: 14pt;\"><strong><em>\u00a0<\/em><\/strong><\/span><\/p>\n<p style=\"text-align: center;\"><a href=\"http:\/\/blog.lesgrossesorchadeslesamplesthalameges.fr\/index.php\/du-lycee-daristote\/8-le-lycee-daristote-3\/\" rel=\"attachment wp-att-20492\"><img loading=\"lazy\" class=\"alignnone wp-image-20492 size-full\" src=\"http:\/\/blog.lesgrossesorchadeslesamplesthalameges.fr\/wp-content\/uploads\/2022\/09\/8.-Le-Lycee-dAristote-3.jpg\" alt=\"\" width=\"626\" height=\"388\" srcset=\"https:\/\/blog.lesgrossesorchadeslesamplesthalameges.fr\/wp-content\/uploads\/2022\/09\/8.-Le-Lycee-dAristote-3.jpg 626w, https:\/\/blog.lesgrossesorchadeslesamplesthalameges.fr\/wp-content\/uploads\/2022\/09\/8.-Le-Lycee-dAristote-3-300x186.jpg 300w\" sizes=\"(max-width: 626px) 100vw, 626px\" \/><\/a><\/p>\n<p style=\"text-align: center;\"><span style=\"font-family: times new roman, times, serif; font-size: 12pt;\"><strong><em>D\u00e9tail du \u00ab\u00a0Plan d\u2019Ath\u00e8nes, pour les voyages d\u2019Anacharsis, mai 1784\u00a0\u00bb par Jean-Denis Barbi\u00e9 du Bocage (1760-1825), montrant l\u2019Acropole (\u00ab\u00a0Citadelle\u00a0\u00bb) d\u2019Ath\u00e8nes et l\u2019emplacement suppos\u00e9 du Lyc\u00e9e, hors des murs de la ville antique, juste \u00e0 l\u2019est de la porte Diocharis.<\/em><\/strong> (Carte nettoy\u00e9e et coloris\u00e9e par David John)<strong><em>. <\/em><\/strong><\/span><\/p>\n<p style=\"text-align: center;\"><span style=\"font-family: times new roman, times, serif; font-size: 12pt;\"><strong><em>D\u2019apr\u00e8s Jean Jacques Barth\u00e9lemy, <\/em><\/strong><strong>Voyage du jeune Anacharsis en Gr\u00e8ce<em>, 1788.<\/em><\/strong><\/span><\/p>\n<p style=\"text-align: justify;\"><span style=\"font-family: times new roman, times, serif; font-size: 14pt;\"><strong><em>\u00a0<\/em><\/strong><\/span><\/p>\n<p>&nbsp;<\/p>\n<p>&nbsp;<\/p>\n<p style=\"text-align: center;\"><a href=\"http:\/\/blog.lesgrossesorchadeslesamplesthalameges.fr\/index.php\/du-lycee-daristote\/9-le-lycee-daristote-4\/\" rel=\"attachment wp-att-20493\"><img loading=\"lazy\" class=\"alignnone wp-image-20493 size-full\" src=\"http:\/\/blog.lesgrossesorchadeslesamplesthalameges.fr\/wp-content\/uploads\/2022\/09\/9.-Le-Lycee-dAristote-4.jpg\" alt=\"\" width=\"623\" height=\"380\" srcset=\"https:\/\/blog.lesgrossesorchadeslesamplesthalameges.fr\/wp-content\/uploads\/2022\/09\/9.-Le-Lycee-dAristote-4.jpg 623w, https:\/\/blog.lesgrossesorchadeslesamplesthalameges.fr\/wp-content\/uploads\/2022\/09\/9.-Le-Lycee-dAristote-4-300x183.jpg 300w\" sizes=\"(max-width: 623px) 100vw, 623px\" \/><\/a><\/p>\n<p style=\"text-align: center;\"><span style=\"font-family: times new roman, times, serif; font-size: 12pt;\"><strong><em>Carte du guide fran\u00e7ais d\u2019Ath\u00e8nes par L. Thuillier, 1896, montrant le site du Lyc\u00e9e (\u00e0 droite).<\/em><\/strong><\/span><\/p>\n<p style=\"text-align: center;\"><span style=\"font-family: times new roman, times, serif; font-size: 12pt;\"><strong><em>Le \u00ab\u00a0Palais Royal\u00a0\u00bb est maintenant connu sous le nom de Vouli, si\u00e8ge du Parlement grec sur la place Syntagma. Les \u00ab\u00a0Jardins royaux\u00a0\u00bb sont aujourd\u2019hui les Jardins nationaux.<\/em><\/strong><\/span><\/p>\n<p style=\"text-align: center;\"><span style=\"font-family: times new roman, times, serif; font-size: 12pt;\"><strong><em>Guides Joanne, Hachette &amp; Cie, Paris, 1896.<\/em><\/strong><\/span><\/p>\n<p>&nbsp;<\/p>\n<p>&nbsp;<\/p>\n<p>&nbsp;<\/p>\n<p style=\"text-align: center;\"><a href=\"http:\/\/blog.lesgrossesorchadeslesamplesthalameges.fr\/index.php\/du-lycee-daristote\/10-le-lycee-daristote-5\/\" rel=\"attachment wp-att-20494\"><img loading=\"lazy\" class=\"alignnone wp-image-20494 size-full\" src=\"http:\/\/blog.lesgrossesorchadeslesamplesthalameges.fr\/wp-content\/uploads\/2022\/09\/10.Le-Lycee-dAristote-5.jpg\" alt=\"\" width=\"627\" height=\"384\" srcset=\"https:\/\/blog.lesgrossesorchadeslesamplesthalameges.fr\/wp-content\/uploads\/2022\/09\/10.Le-Lycee-dAristote-5.jpg 627w, https:\/\/blog.lesgrossesorchadeslesamplesthalameges.fr\/wp-content\/uploads\/2022\/09\/10.Le-Lycee-dAristote-5-300x184.jpg 300w\" sizes=\"(max-width: 627px) 100vw, 627px\" \/><\/a><\/p>\n<p style=\"text-align: center;\"><span style=\"font-family: times new roman, times, serif; font-size: 12pt;\"><strong><em>Le site du Lyc\u00e9e en mai 2011, avant qu\u2019il ne soit nettoy\u00e9 et am\u00e9nag\u00e9.<\/em><\/strong><\/span><\/p>\n<p style=\"text-align: center;\"><span style=\"font-family: times new roman, times, serif; font-size: 12pt;\"><strong><em>Cette photo a \u00e9t\u00e9 prise depuis l\u2019ext\u00e9rieur de la cl\u00f4ture le long de la rue Rigillis, \u00e0 l\u2019ouest du site.<\/em><\/strong><\/span><\/p>\n<p style=\"text-align: center;\"><span style=\"font-family: times new roman, times, serif; font-size: 12pt;\"><strong><em>Le long b\u00e2timent bas le long du bord sud-est du site est le Conservatoire d\u2019Ath\u00e8nes (<\/em><\/strong><strong><em>\u03a9\u03b4\u03b5\u03af\u03bf<\/em><\/strong> <strong><em>\u0391\u03b8\u03b7\u03bd\u03ce\u03bd<\/em><\/strong><strong><em>), \u00e0 ce moment-l\u00e0 utilis\u00e9 comme local temporaire du nouveau Mus\u00e9e national d\u2019art contemporain.<\/em><\/strong><\/span><\/p>\n<p style=\"text-align: center;\"><span style=\"font-family: times new roman, times, serif; font-size: 12pt;\"><strong><em>\u00c0 l\u2019arri\u00e8re-plan, le mont Ymittos (Hymette), haut de 1026 m\u00e8tres, r\u00e9put\u00e9 dans l\u2019Antiquit\u00e9 <\/em><\/strong><\/span><span style=\"font-family: times new roman, times, serif; font-size: 12pt;\"><strong><em>pour ses abeilles et le miel qu\u2019elles produisaient, descend jusqu\u2019au bord de la mer \u00c9g\u00e9e \u00e0 Vouliagmeni.<\/em><\/strong><\/span><\/p>\n<p>&nbsp;<\/p>\n<p>&nbsp;<\/p>\n<p>&nbsp;<\/p>\n<p style=\"text-align: center;\"><a href=\"http:\/\/blog.lesgrossesorchadeslesamplesthalameges.fr\/index.php\/du-lycee-daristote\/11-le-lycee-daristote-6\/\" rel=\"attachment wp-att-20495\"><img loading=\"lazy\" class=\"alignnone wp-image-20495 size-full\" src=\"http:\/\/blog.lesgrossesorchadeslesamplesthalameges.fr\/wp-content\/uploads\/2022\/09\/11.-Le-LYcee-dAristote-6.jpg\" alt=\"\" width=\"628\" height=\"391\" srcset=\"https:\/\/blog.lesgrossesorchadeslesamplesthalameges.fr\/wp-content\/uploads\/2022\/09\/11.-Le-LYcee-dAristote-6.jpg 628w, https:\/\/blog.lesgrossesorchadeslesamplesthalameges.fr\/wp-content\/uploads\/2022\/09\/11.-Le-LYcee-dAristote-6-300x187.jpg 300w\" sizes=\"(max-width: 628px) 100vw, 628px\" \/><\/a><\/p>\n<p style=\"text-align: center;\"><span style=\"font-family: times new roman, times, serif; font-size: 12pt;\"><strong><em>Le site du Lyc\u00e9e en ao\u00fbt 2013, avec de l\u2019herbe, des fleurs et une rang\u00e9e de jeunes grenadiers en pleine croissance, le long du chemin pi\u00e9tonnier sur le c\u00f4t\u00e9 ouest des ruines du gymnase.<\/em><\/strong><\/span><\/p>\n<p style=\"text-align: justify;\"><span style=\"font-family: times new roman, times, serif; font-size: 14pt;\"><strong><em>\u00a0<\/em><\/strong><\/span><\/p>\n<p>&nbsp;<\/p>\n<p>&nbsp;<\/p>\n<p style=\"text-align: center;\"><a href=\"http:\/\/blog.lesgrossesorchadeslesamplesthalameges.fr\/index.php\/du-lycee-daristote\/12-le-lyceed-daristote-8\/\" rel=\"attachment wp-att-20496\"><img loading=\"lazy\" class=\"alignnone wp-image-20496 size-full\" src=\"http:\/\/blog.lesgrossesorchadeslesamplesthalameges.fr\/wp-content\/uploads\/2022\/09\/12.-Le-Lyceed-dAristote-8.jpg\" alt=\"\" width=\"619\" height=\"445\" srcset=\"https:\/\/blog.lesgrossesorchadeslesamplesthalameges.fr\/wp-content\/uploads\/2022\/09\/12.-Le-Lyceed-dAristote-8.jpg 619w, https:\/\/blog.lesgrossesorchadeslesamplesthalameges.fr\/wp-content\/uploads\/2022\/09\/12.-Le-Lyceed-dAristote-8-300x216.jpg 300w\" sizes=\"(max-width: 619px) 100vw, 619px\" \/><\/a><\/p>\n<p style=\"text-align: center;\"><span style=\"font-family: times new roman, times, serif; font-size: 12pt;\"><strong><em>Agios Nikolaos dans la rue Rigillis, un petit bijou d\u2019\u00e9glise cach\u00e9 parmi les arbres, <\/em><\/strong><\/span><span style=\"font-family: times new roman, times, serif; font-size: 12pt;\"><strong><em>derri\u00e8re le Mus\u00e9e Byzantin et Chr\u00e9tien, \u00e0 l\u2019extr\u00e9mit\u00e9 orientale du site du Lyc\u00e9e. <\/em><\/strong><\/span><span style=\"font-family: times new roman, times, serif; font-size: 12pt;\"><strong><em>Un de ces si nombreux endroits que les guides touristiques ne mentionnent jamais.<\/em><\/strong><\/span><\/p>\n<p style=\"text-align: justify;\"><span style=\"font-family: times new roman, times, serif; font-size: 14pt;\"><strong><em>\u00a0<\/em><\/strong><\/span><\/p>\n<p style=\"text-align: justify;\"><span style=\"font-family: times new roman, times, serif; font-size: 14pt;\"><strong><em>\u00a0<\/em><\/strong><\/span><\/p>\n<p style=\"text-align: center;\"><span style=\"font-family: times new roman, times, serif; font-size: 14pt;\"><strong><em>\u00a0<a href=\"http:\/\/blog.lesgrossesorchadeslesamplesthalameges.fr\/index.php\/du-lycee-daristote\/13-le-lycee-daristote-7\/\" rel=\"attachment wp-att-20497\"><img loading=\"lazy\" class=\"alignnone wp-image-20497\" src=\"http:\/\/blog.lesgrossesorchadeslesamplesthalameges.fr\/wp-content\/uploads\/2022\/09\/13.-Le-Lycee-dAristote-7.jpg\" alt=\"\" width=\"250\" height=\"649\" srcset=\"https:\/\/blog.lesgrossesorchadeslesamplesthalameges.fr\/wp-content\/uploads\/2022\/09\/13.-Le-Lycee-dAristote-7.jpg 276w, https:\/\/blog.lesgrossesorchadeslesamplesthalameges.fr\/wp-content\/uploads\/2022\/09\/13.-Le-Lycee-dAristote-7-115x300.jpg 115w\" sizes=\"(max-width: 250px) 100vw, 250px\" \/><\/a><\/em><\/strong><\/span><\/p>\n<p style=\"text-align: center;\"><span style=\"font-family: times new roman, times, serif; font-size: 14pt;\"><strong><em>Grenades, dans le jardin replant\u00e9 du Lyc\u00e9e.<\/em><\/strong><\/span><\/p>\n<p style=\"text-align: justify;\"><span style=\"font-family: times new roman, times, serif; font-size: 14pt;\"><strong><em>\u00a0<\/em><\/strong><\/span><\/p>\n<p style=\"text-align: justify;\"><span style=\"font-family: times new roman, times, serif; font-size: 14pt;\"><strong><em>\u00a0<\/em><\/strong><\/span><\/p>\n<p style=\"text-align: justify;\"><span style=\"font-family: times new roman, times, serif; font-size: 14pt;\"><span style=\"font-family: comic sans ms, sans-serif;\">Presque toutes les images ci-dessus ont \u00e9t\u00e9 piqu\u00e9es \u00e0 David John, sur son site<\/span> <a href=\"http:\/\/my-favourite-planet.de\/blogs\/cheshire-cat\/2013\/cheshire-cat-blog-10-02-2013.html\"><em>The Cheshire Cat\u2019s Blog<\/em><\/a><\/span><\/p>\n<p>&nbsp;<\/p>\n<p>&nbsp;<\/p>\n<p>&nbsp;<\/p>\n<p style=\"text-align: center;\"><span style=\"font-family: times new roman, times, serif; font-size: 14pt;\"><strong><em>\u00a0<a href=\"http:\/\/blog.lesgrossesorchadeslesamplesthalameges.fr\/index.php\/du-lycee-daristote\/sandale-gif\/\" rel=\"attachment wp-att-20498\"><img loading=\"lazy\" class=\"alignnone wp-image-20498\" src=\"http:\/\/blog.lesgrossesorchadeslesamplesthalameges.fr\/wp-content\/uploads\/2022\/09\/sandale.-GIF.gif\" alt=\"\" width=\"130\" height=\"81\" \/><\/a><\/em><\/strong><\/span><\/p>\n<p>&nbsp;<\/p>\n<p style=\"text-align: justify;\"><span style=\"font-family: times new roman, times, serif; font-size: 14pt;\"><strong><em>\u00a0<\/em><\/strong><\/span><\/p>\n<p style=\"text-align: center;\"><span style=\"font-family: times new roman, times, serif; font-size: 24pt;\"><strong>Le site, tel qu\u2019il est aujourd\u2019hui\u00a0:<\/strong><\/span><\/p>\n<p style=\"text-align: center;\"><span style=\"font-family: times new roman, times, serif; font-size: 14pt;\"><strong><a href=\"http:\/\/blog.lesgrossesorchadeslesamplesthalameges.fr\/index.php\/2022\/09\/04\/bis-ter-quater-repetita-placent\/000-vers-le-bas-fleche-rouge-gif-copie-24\/\" rel=\"attachment wp-att-20475\"><img loading=\"lazy\" class=\"alignnone size-full wp-image-20475\" src=\"http:\/\/blog.lesgrossesorchadeslesamplesthalameges.fr\/wp-content\/uploads\/2022\/09\/000.-vers-le-bas-fleche-rouge-GIF-Copie.gif\" alt=\"\" width=\"100\" height=\"100\" \/><\/a>\u00a0<\/strong><\/span><\/p>\n<p style=\"text-align: center;\"><span style=\"font-family: times new roman, times, serif; font-size: 14pt;\"><a href=\"https:\/\/fr.tripadvisor.ca\/Attraction_Review-g189400-d7718083-Reviews-Aristotle_s_Lyceum-Athens_Attica.html\"><strong>Lyc\u00e9e d\u2019 Aristote (Ath\u00e8nes)\u00a0: 2022 Ce qu\u2019il faut savoir pour votre visite \u2013 Tripadvisor<\/strong><\/a><\/span><\/p>\n<p>&nbsp;<\/p>\n<p>&nbsp;<\/p>\n<p>&nbsp;<\/p>\n<p style=\"text-align: center;\"><a href=\"http:\/\/blog.lesgrossesorchadeslesamplesthalameges.fr\/index.php\/du-lycee-daristote\/sandale-gif\/\" rel=\"attachment wp-att-20498\"><img loading=\"lazy\" class=\"alignnone wp-image-20498\" src=\"http:\/\/blog.lesgrossesorchadeslesamplesthalameges.fr\/wp-content\/uploads\/2022\/09\/sandale.-GIF.gif\" alt=\"\" width=\"130\" height=\"81\" \/><\/a><\/p>\n<p>&nbsp;<\/p>\n<p>&nbsp;<\/p>\n<p>&nbsp;<\/p>\n<p style=\"text-align: justify;\"><span style=\"font-family: comic sans ms, sans-serif; font-size: 14pt;\">LE PIED, c\u2019est d\u2019\u00e9couter quotidiennement Alex Christoforou en relisant les <em>Aristote d\u00e9tective<\/em> de la tr\u00e8s savante Margaret Doody.<\/span><\/p>\n<p>&nbsp;<\/p>\n<p>&nbsp;<\/p>\n<p style=\"text-align: center;\"><a href=\"http:\/\/blog.lesgrossesorchadeslesamplesthalameges.fr\/index.php\/du-lycee-daristote\/margaret-anne-doody\/\" rel=\"attachment wp-att-20502\"><img loading=\"lazy\" class=\"alignnone size-medium wp-image-20502\" src=\"http:\/\/blog.lesgrossesorchadeslesamplesthalameges.fr\/wp-content\/uploads\/2022\/09\/Margaret-Anne-Doody-199x300.jpg\" alt=\"\" width=\"199\" height=\"300\" srcset=\"https:\/\/blog.lesgrossesorchadeslesamplesthalameges.fr\/wp-content\/uploads\/2022\/09\/Margaret-Anne-Doody-199x300.jpg 199w, https:\/\/blog.lesgrossesorchadeslesamplesthalameges.fr\/wp-content\/uploads\/2022\/09\/Margaret-Anne-Doody.jpg 300w\" sizes=\"(max-width: 199px) 100vw, 199px\" \/><\/a><\/p>\n<p>&nbsp;<\/p>\n<p>&nbsp;<\/p>\n<p>&nbsp;<\/p>\n<p style=\"text-align: justify;\"><span style=\"font-family: comic sans ms, sans-serif; font-size: 14pt;\">Le SUPER PIED, c\u2019est de les lire en italien, assortis des non moins savants commentaires d\u2019Emanuele Ronchetti, de Beppe Benvenuto et du grand philologue qu\u2019est Luciano Canfora, tous admirateurs de la dame, dans la belle collection des petits livres bleus de l\u2019\u00e9diteur sicilien Sellerio.<\/span><\/p>\n<p>&nbsp;<\/p>\n<p>&nbsp;<\/p>\n<p style=\"text-align: justify;\"><a href=\"http:\/\/blog.lesgrossesorchadeslesamplesthalameges.fr\/index.php\/du-lycee-daristote\/14-doody-primi-casi\/\" rel=\"attachment wp-att-20499\"><img loading=\"lazy\" class=\"alignnone wp-image-20499\" src=\"http:\/\/blog.lesgrossesorchadeslesamplesthalameges.fr\/wp-content\/uploads\/2022\/09\/14.-Doody-Primi-casi.jpg\" alt=\"\" width=\"250\" height=\"374\" srcset=\"https:\/\/blog.lesgrossesorchadeslesamplesthalameges.fr\/wp-content\/uploads\/2022\/09\/14.-Doody-Primi-casi.jpg 300w, https:\/\/blog.lesgrossesorchadeslesamplesthalameges.fr\/wp-content\/uploads\/2022\/09\/14.-Doody-Primi-casi-200x300.jpg 200w\" sizes=\"(max-width: 250px) 100vw, 250px\" \/><\/a><\/p>\n<p style=\"text-align: justify; padding-left: 280px;\"><span style=\"font-family: times new roman, times, serif; font-size: 14pt;\">Les trois premiers romans policiers d\u2019Aristote r\u00e9unis en un seul volume. La philosophie comme instrument d\u2019enqu\u00eate criminelle et une reconstitution de la vie dans l\u2019Ath\u00e8nes antique, assez complexe pour accueillir ce genre de litt\u00e9rature.<\/span><\/p>\n<p>&nbsp;<\/p>\n<p>&nbsp;<\/p>\n<p style=\"text-align: justify;\"><span style=\"font-family: comic sans ms, sans-serif; font-size: 14pt;\">On en trouve m\u00eame quelques-uns en fran\u00e7ais.<\/span><\/p>\n<p>&nbsp;<\/p>\n<p>&nbsp;<\/p>\n<p>&nbsp;<\/p>\n<p style=\"text-align: center;\"><a href=\"http:\/\/blog.lesgrossesorchadeslesamplesthalameges.fr\/index.php\/du-lycee-daristote\/sandale-gif\/\" rel=\"attachment wp-att-20498\"><img loading=\"lazy\" class=\"alignnone wp-image-20498\" src=\"http:\/\/blog.lesgrossesorchadeslesamplesthalameges.fr\/wp-content\/uploads\/2022\/09\/sandale.-GIF.gif\" alt=\"\" width=\"130\" height=\"81\" \/><\/a><\/p>\n<p>&nbsp;<\/p>\n<p>&nbsp;<\/p>\n<p style=\"text-align: left;\"><span style=\"font-family: times new roman, times, serif; font-size: 14pt;\"><strong>URL de cet article : <\/strong><a href=\"http:\/\/blog.lesgrossesorchadeslesamplesthalameges.fr\/index.php\/du-lycee-daristote\/\">http:\/\/blog.lesgrossesorchadeslesamplesthalameges.fr\/index.php\/du-lycee-daristote\/<\/a><br \/>\n<\/span><\/p>\n<p style=\"text-align: justify;\"><span style=\"font-family: times new roman, times, serif; font-size: 14pt;\">\u00a0<\/span><\/p>\n<p><strong>\u00a0<\/strong><\/p>\n<p style=\"text-align: right;\"><span style=\"font-family: comic sans ms, sans-serif; font-size: 14pt;\">Septembre 2022<\/span><\/p>\n<p>&nbsp;<\/p>\n<p>&nbsp;<\/p>\n","protected":false},"excerpt":{"rendered":"<p>&nbsp; &nbsp; &nbsp; &nbsp; &nbsp; &nbsp; &nbsp; &nbsp; Du Lyc\u00e9e d\u2019Aristote \u00a0 L.G.O. \u2013 4.9.2022 \u00a0 &nbsp; \u00a0 \u00a0 &nbsp; Pour qu\u2019il ne soit pas dit qu\u2019on vous a d\u00e9rang\u00e9s pour rien\u00a0: \u00a0 \u00a0 Aristote , qui n\u2019\u00e9tait pas grec (c\u2019\u00e9tait un m\u00e9t\u00e8que d\u2019origine mac\u00e9donienne), n\u2019avait pas le droit de poss\u00e9der du terrain dans Ath\u00e8nes&#8230;.<\/p>\n","protected":false},"author":1,"featured_media":0,"parent":0,"menu_order":0,"comment_status":"open","ping_status":"open","template":"","meta":[],"_links":{"self":[{"href":"https:\/\/blog.lesgrossesorchadeslesamplesthalameges.fr\/index.php\/wp-json\/wp\/v2\/pages\/20490"}],"collection":[{"href":"https:\/\/blog.lesgrossesorchadeslesamplesthalameges.fr\/index.php\/wp-json\/wp\/v2\/pages"}],"about":[{"href":"https:\/\/blog.lesgrossesorchadeslesamplesthalameges.fr\/index.php\/wp-json\/wp\/v2\/types\/page"}],"author":[{"embeddable":true,"href":"https:\/\/blog.lesgrossesorchadeslesamplesthalameges.fr\/index.php\/wp-json\/wp\/v2\/users\/1"}],"replies":[{"embeddable":true,"href":"https:\/\/blog.lesgrossesorchadeslesamplesthalameges.fr\/index.php\/wp-json\/wp\/v2\/comments?post=20490"}],"version-history":[{"count":7,"href":"https:\/\/blog.lesgrossesorchadeslesamplesthalameges.fr\/index.php\/wp-json\/wp\/v2\/pages\/20490\/revisions"}],"predecessor-version":[{"id":20507,"href":"https:\/\/blog.lesgrossesorchadeslesamplesthalameges.fr\/index.php\/wp-json\/wp\/v2\/pages\/20490\/revisions\/20507"}],"wp:attachment":[{"href":"https:\/\/blog.lesgrossesorchadeslesamplesthalameges.fr\/index.php\/wp-json\/wp\/v2\/media?parent=20490"}],"curies":[{"name":"wp","href":"https:\/\/api.w.org\/{rel}","templated":true}]}}