{"id":20566,"date":"2022-09-04T21:33:06","date_gmt":"2022-09-04T19:33:06","guid":{"rendered":"http:\/\/blog.lesgrossesorchadeslesamplesthalameges.fr\/?page_id=20566"},"modified":"2022-09-05T19:16:24","modified_gmt":"2022-09-05T17:16:24","slug":"discours-sur-lame","status":"publish","type":"page","link":"https:\/\/blog.lesgrossesorchadeslesamplesthalameges.fr\/index.php\/discours-sur-lame\/","title":{"rendered":"Discours sur l&rsquo;\u00e2me"},"content":{"rendered":"<p>&nbsp;<\/p>\n<p>&nbsp;<\/p>\n<p>&nbsp;<\/p>\n<p>&nbsp;<\/p>\n<p>&nbsp;<\/p>\n<p>&nbsp;<\/p>\n<p>&nbsp;<\/p>\n<p>&nbsp;<\/p>\n<p style=\"text-align: center;\"><span style=\"font-family: times new roman, times, serif; font-size: 36pt;\"><strong>Discours sur l\u2019\u00e2me<\/strong><\/span><\/p>\n<p>&nbsp;<\/p>\n<p style=\"text-align: center;\"><span style=\"font-family: times new roman, times, serif; font-size: 14pt;\"><strong>\u00a0<\/strong><\/span><\/p>\n<p style=\"text-align: center;\"><span style=\"font-family: times new roman, times, serif; font-size: 18pt;\"><strong>Joseph R. Biden \u2013 <em>Independence Hall<\/em>, Philadephie \u2013 1.9.2022<\/strong><\/span><\/p>\n<p>&nbsp;<\/p>\n<p>&nbsp;<\/p>\n<p>&nbsp;<\/p>\n<p style=\"text-align: center;\"><a href=\"http:\/\/blog.lesgrossesorchadeslesamplesthalameges.fr\/index.php\/discours-sur-lame\/13-biden-discours\/\" rel=\"attachment wp-att-20567\"><img loading=\"lazy\" class=\"alignnone wp-image-20567 size-full\" src=\"http:\/\/blog.lesgrossesorchadeslesamplesthalameges.fr\/wp-content\/uploads\/2022\/09\/13.-Biden-Discours.jpg\" alt=\"\" width=\"600\" height=\"338\" srcset=\"https:\/\/blog.lesgrossesorchadeslesamplesthalameges.fr\/wp-content\/uploads\/2022\/09\/13.-Biden-Discours.jpg 600w, https:\/\/blog.lesgrossesorchadeslesamplesthalameges.fr\/wp-content\/uploads\/2022\/09\/13.-Biden-Discours-300x169.jpg 300w\" sizes=\"(max-width: 600px) 100vw, 600px\" \/><\/a><\/p>\n<p>&nbsp;<\/p>\n<p>&nbsp;<\/p>\n<p>&nbsp;<\/p>\n<p style=\"text-align: justify;\"><span style=\"font-family: comic sans ms, sans-serif; font-size: 14pt;\">Le 1er septembre, \u00e0 l&rsquo;<em>Independance Hall<\/em> de Philadephie, devant un auditoire des siens chauff\u00e9 \u00e0 blanc, Joseph Robinette Biden a, pendant\u00a0 \u00b1 25 minutes, d\u00e9vid\u00e9 un chapelet de platitudes \u00e9lectorales creuses jusqu\u2019au vertige et de lieux communs d\u2019une effronterie aussi rare que d\u00e9complex\u00e9e, qu\u2019on pourrait r\u00e9sumer par \u00ab un exercice de Chuzpah au cube \u00bb.<\/span><\/p>\n<p>&nbsp;<\/p>\n<p style=\"text-align: justify;\"><span style=\"font-family: comic sans ms, sans-serif; font-size: 14pt;\">Discours \u00e9lectoral d\u2019un pr\u00e9sident en exercice contre un challenger qui lui fout la frousse\u00a0? Oui certes, mais ce fut aussi bien autre chose qu\u2019une simple harangue \u00e9lectorale m\u00eame fr\u00e9n\u00e9tique\u00a0: ce fut un appel \u00e0 la chasse au Trump, \u00e0 la chasse aux sorci\u00e8res trumpistes, un appel au meurtre, en masse, contre 80 millions de citoyens US. Glac\u00e9 au sucre d\u2019une rh\u00e9torique \u00e0 faire vomir les estomacs les plus r\u00e9sistants et respectant comme il se devait la r\u00e8gle n\u00b01 du nazisme\u00a0: Toujours accuser ses victimes de ce qu\u2019on leur fait subir.<\/span><\/p>\n<p>&nbsp;<\/p>\n<p style=\"text-align: justify;\"><span style=\"font-family: comic sans ms, sans-serif; font-size: 14pt;\">En un sens, ce fut un discours historique, ou plut\u00f4t une \u00ab\u00a0borne d\u2019histoire terrestre\u00a0\u00bb prise au sens le plus sinistre du terme.<\/span><\/p>\n<p>&nbsp;<\/p>\n<p style=\"text-align: justify;\"><span style=\"font-family: comic sans ms, sans-serif; font-size: 14pt;\">On ne peut pas dire non plus que les responsables de la mise en sc\u00e8ne aient fait dans la dentelle\u00a0avec le fond rouge sang genre entr\u00e9e de l\u2019enfer et les marines camp\u00e9s comme des ex\u00e9cuteurs de part et d\u2019autre d\u2019un \u00e9chafaud. L\u2019Am\u00e9rique dans toute sa brutale splendeur finissante.<\/span><\/p>\n<p>&nbsp;<\/p>\n<p style=\"text-align: justify;\"><span style=\"font-family: comic sans ms, sans-serif; font-size: 14pt;\">C\u2019est Julian Assange qui a d\u00fb \u00eatre \u00e9difi\u00e9 \u2013 impressionn\u00e9\u00a0! \u2013 au fond de sa g\u00e9henne, \u00e0 ce d\u00e9luge de \u00ab\u00a0respect des lois\u00a0\u00bb et de \u00ab\u00a0d\u00e9mocratie,\u00a0 <span style=\"font-size: 18pt;\">d\u00e9mocratie<\/span>, <span style=\"font-size: 24pt;\">d\u00e9mocratie\u00a0!<\/span>\u00a0\u00bb<\/span><\/p>\n<p>&nbsp;<\/p>\n<p style=\"text-align: justify;\"><span style=\"font-family: comic sans ms, sans-serif; font-size: 14pt;\">Quand m\u00eame, le flingue qui devait envoyer Christina Kirchner ad patres s\u2019est enray\u00e9. Les dieux auraient-ils chang\u00e9 de camp\u00a0?<\/span><\/p>\n<p>&nbsp;<\/p>\n<p style=\"text-align: justify;\"><span style=\"font-family: comic sans ms, sans-serif; font-size: 14pt;\">Cependant et quoi qu\u2019on dise, il y a, dans cette p\u00e9roraison, une \u00e9nigme\u00a0: comment se fait-il que Bidenopolis ait r\u00e9ussi \u00e0 d\u00e9vider cette avalanche de creuses rodomontades <em>sans prompteur et<\/em> <em>sans jamais tr\u00e9bucher une seule fois sur son texte<\/em> (difficile \u00e0 m\u00e9moriser pour un homme sain d\u2019esprit), sans b\u00e9gayer une seule des insanit\u00e9s dont il est coutumier ? Par quel moyen ou gr\u00e2ce \u00e0 quelle substance ont-ils r\u00e9ussi \u00e0 en garder le contr\u00f4le pendant aussi longtemps\u00a0? Hypnose\u00a0?<\/span><\/p>\n<p>&nbsp;<\/p>\n<p style=\"text-align: justify;\"><span style=\"font-family: comic sans ms, sans-serif; font-size: 14pt;\">Apr\u00e8s tout, n\u2019ont-ils pas r\u00e9ussi \u00e0 faire croire \u00e0 Brad Manning qu\u2019il \u00e9tait une femme ?<\/span><\/p>\n<p>&nbsp;<\/p>\n<p style=\"text-align: justify;\"><span style=\"font-family: comic sans ms, sans-serif; font-size: 14pt;\">Quoi qu\u2019il en soit, Edgar J. Hoover et Joseph MacCarthy peuvent aller se rhabiller.<\/span><\/p>\n<p>&nbsp;<\/p>\n<p>&nbsp;<\/p>\n<p>&nbsp;<\/p>\n<p style=\"text-align: center;\"><span style=\"font-family: times new roman, times, serif; font-size: 14pt;\"><iframe loading=\"lazy\" title=\"YouTube video player\" src=\"\/\/www.youtube.com\/embed\/JemWkV2Vcic\" width=\"560\" height=\"315\" frameborder=\"0\" allowfullscreen=\"allowfullscreen\"><\/iframe><\/span><\/p>\n<p>&nbsp;<\/p>\n<p>&nbsp;<\/p>\n<p>&nbsp;<\/p>\n<p style=\"text-align: center;\"><a href=\"http:\/\/blog.lesgrossesorchadeslesamplesthalameges.fr\/index.php\/2022\/09\/04\/niouzes-forcement-de-guerre\/000-svastika-poubelle-gif-2\/\" rel=\"attachment wp-att-20539\"><img loading=\"lazy\" class=\"alignnone wp-image-20539\" src=\"http:\/\/blog.lesgrossesorchadeslesamplesthalameges.fr\/wp-content\/uploads\/2022\/09\/000.-Svastika-poubelle-GIF-1.gif\" alt=\"\" width=\"80\" height=\"120\" \/><\/a><\/p>\n<p>&nbsp;<\/p>\n<p>&nbsp;<\/p>\n<p>&nbsp;<\/p>\n<p style=\"text-align: left;\"><span style=\"font-family: times new roman, times, serif; font-size: 18pt; color: #c00000;\"><strong><em>Pour les Anglophones, premi\u00e8res r\u00e9actions U.S. (c\u2019est sur Z\u00e9ro Hedge) :<\/em><\/strong><\/span><\/p>\n<p>&nbsp;<\/p>\n<p>&nbsp;<\/p>\n<p style=\"text-align: center;\"><span style=\"font-family: times new roman, times, serif; font-size: 14pt;\"><strong><em>\u00a0<a href=\"http:\/\/blog.lesgrossesorchadeslesamplesthalameges.fr\/index.php\/2022\/09\/04\/bis-ter-quater-repetita-placent\/000-vers-le-bas-fleche-rouge-gif-copie-24\/\" rel=\"attachment wp-att-20475\"><img loading=\"lazy\" class=\"alignnone size-full wp-image-20475\" src=\"http:\/\/blog.lesgrossesorchadeslesamplesthalameges.fr\/wp-content\/uploads\/2022\/09\/000.-vers-le-bas-fleche-rouge-GIF-Copie.gif\" alt=\"\" width=\"100\" height=\"100\" \/><\/a><\/em><\/strong><\/span><\/p>\n<p style=\"text-align: center;\"><span style=\"font-family: times new roman, times, serif; font-size: 14pt;\"><a href=\"https:\/\/www.zerohedge.com\/political\/bidens-hateful-rhetoric-against-americans-presents-gop-sterling-opportunity?utm_source=&amp;utm_medium=email&amp;utm_campaign=898\"><strong>Biden&rsquo;s Hateful Rhetoric Against Americans Presents GOP With A Sterling Opportunity | ZeroHedge<\/strong><\/a><\/span><\/p>\n<p style=\"text-align: justify;\"><span style=\"font-family: times new roman, times, serif; font-size: 14pt;\"><strong>\u00a0<\/strong><\/span><\/p>\n<p style=\"text-align: center;\"><strong><em><a href=\"http:\/\/blog.lesgrossesorchadeslesamplesthalameges.fr\/index.php\/2022\/09\/04\/bis-ter-quater-repetita-placent\/000-vers-le-bas-fleche-rouge-gif-copie-24\/\" rel=\"attachment wp-att-20475\"><img loading=\"lazy\" class=\"alignnone size-full wp-image-20475\" src=\"http:\/\/blog.lesgrossesorchadeslesamplesthalameges.fr\/wp-content\/uploads\/2022\/09\/000.-vers-le-bas-fleche-rouge-GIF-Copie.gif\" alt=\"\" width=\"100\" height=\"100\" \/><\/a><\/em><\/strong><\/p>\n<p style=\"text-align: center;\"><span style=\"font-family: times new roman, times, serif; font-size: 14pt;\"><a href=\"https:\/\/www.zerohedge.com\/political\/watch-cnn-caught-color-shifting-bidens-hell-red-rant-mid-speech?utm_source=&amp;utm_medium=email&amp;utm_campaign=898\"><strong>Watch: CNN Caught Color-Shifting Biden&rsquo;s Hell-Red Rant Mid-Speech | ZeroHedge<\/strong><\/a><\/span><\/p>\n<p style=\"text-align: justify;\"><span style=\"font-family: times new roman, times, serif; font-size: 14pt;\"><strong>\u00a0<\/strong><\/span><\/p>\n<p style=\"text-align: justify;\"><span style=\"font-family: times new roman, times, serif; font-size: 14pt;\"><strong>\u00a0<\/strong><\/span><\/p>\n<p style=\"text-align: justify;\"><span style=\"font-family: times new roman, times, serif; font-size: 14pt;\"><strong>\u00a0<\/strong><\/span><\/p>\n<p style=\"text-align: center;\"><span style=\"font-family: times new roman, times, serif; font-size: 14pt;\"><strong>\u00a0<a href=\"http:\/\/blog.lesgrossesorchadeslesamplesthalameges.fr\/index.php\/discours-sur-lame\/14-maga-tabasse\/\" rel=\"attachment wp-att-20592\"><img loading=\"lazy\" class=\"alignnone wp-image-20592 size-full\" src=\"http:\/\/blog.lesgrossesorchadeslesamplesthalameges.fr\/wp-content\/uploads\/2022\/09\/14.-MAGA-tabasse.gif\" alt=\"\" width=\"600\" height=\"411\" \/><\/a><\/strong><\/span><\/p>\n<p>&nbsp;<\/p>\n<p>&nbsp;<\/p>\n<p>&nbsp;<\/p>\n<p style=\"text-align: center;\"><span style=\"font-family: times new roman, times, serif; font-size: 14pt;\"><strong>\u00a0<a href=\"http:\/\/blog.lesgrossesorchadeslesamplesthalameges.fr\/index.php\/2022\/09\/04\/niouzes-forcement-de-guerre\/000-svastika-poubelle-gif-2\/\" rel=\"attachment wp-att-20539\"><img loading=\"lazy\" class=\"alignnone wp-image-20539\" src=\"http:\/\/blog.lesgrossesorchadeslesamplesthalameges.fr\/wp-content\/uploads\/2022\/09\/000.-Svastika-poubelle-GIF-1.gif\" alt=\"\" width=\"80\" height=\"120\" \/><\/a><\/strong><\/span><\/p>\n<p style=\"text-align: justify;\"><span style=\"font-family: times new roman, times, serif; font-size: 14pt;\"><strong>\u00a0<\/strong><\/span><\/p>\n<p>&nbsp;<\/p>\n<p style=\"text-align: justify;\"><span style=\"font-family: times new roman, times, serif; font-size: 14pt;\"><strong>\u00a0<\/strong><\/span><\/p>\n<p style=\"text-align: justify;\"><span style=\"font-family: times new roman, times, serif; font-size: 14pt; color: #c00000;\"><strong><em><span style=\"font-size: 18pt;\">Une autre r\u00e9action am\u00e9ricaine (en fran\u00e7ais) :<\/span> <\/em><\/strong><\/span><\/p>\n<p style=\"text-align: justify;\"><span style=\"font-family: times new roman, times, serif; font-size: 14pt;\"><strong><em>\u00a0<\/em><\/strong><\/span><\/p>\n<p style=\"text-align: justify;\"><span style=\"font-family: times new roman, times, serif; font-size: 14pt;\"><strong><em>\u00a0<\/em><\/strong><\/span><\/p>\n<p style=\"text-align: center;\"><strong><span style=\"font-family: times new roman, times, serif; font-size: 36pt;\">Biden lance l\u2019attaque contre les\u00a0<em>MAGA<\/em><\/span><\/strong><\/p>\n<p>&nbsp;<\/p>\n<p>&nbsp;<\/p>\n<p style=\"text-align: center;\"><span style=\"font-family: times new roman, times, serif; font-size: 18pt;\"><strong><em>Moon of Alabama<\/em><\/strong><strong> \u2013 <em>Le Saker francophone<\/em> \u2013 2.9.2022<\/strong><\/span><\/p>\n<p style=\"text-align: justify;\"><span style=\"font-family: times new roman, times, serif; font-size: 14pt;\"><strong>\u00a0<\/strong><\/span><\/p>\n<p>&nbsp;<\/p>\n<p>&nbsp;<\/p>\n<p style=\"text-align: center;\"><a href=\"http:\/\/blog.lesgrossesorchadeslesamplesthalameges.fr\/index.php\/discours-sur-lame\/15-bidenspeech-s\/\" rel=\"attachment wp-att-20569\"><img loading=\"lazy\" class=\"alignnone wp-image-20569\" src=\"http:\/\/blog.lesgrossesorchadeslesamplesthalameges.fr\/wp-content\/uploads\/2022\/09\/15.-bidenspeech-s.jpg\" alt=\"\" width=\"450\" height=\"675\" srcset=\"https:\/\/blog.lesgrossesorchadeslesamplesthalameges.fr\/wp-content\/uploads\/2022\/09\/15.-bidenspeech-s.jpg 320w, https:\/\/blog.lesgrossesorchadeslesamplesthalameges.fr\/wp-content\/uploads\/2022\/09\/15.-bidenspeech-s-200x300.jpg 200w\" sizes=\"(max-width: 450px) 100vw, 450px\" \/><\/a><\/p>\n<p style=\"text-align: center;\"><a href=\"http:\/\/blog.lesgrossesorchadeslesamplesthalameges.fr\/index.php\/discours-sur-lame\/000-vers-le-bas-fleche-rouge-gif-copie-25\/\" rel=\"attachment wp-att-20594\"><img loading=\"lazy\" class=\"alignnone size-full wp-image-20594\" src=\"http:\/\/blog.lesgrossesorchadeslesamplesthalameges.fr\/wp-content\/uploads\/2022\/09\/000.-vers-le-bas-fleche-rouge-GIF-Copie-1.gif\" alt=\"\" width=\"100\" height=\"100\" \/><\/a><\/p>\n<p style=\"text-align: center;\"><span style=\"font-family: times new roman, times, serif; font-size: 14pt;\"><a href=\"https:\/\/lesakerfrancophone.fr\/biden-lance-lattaque-contre-les-maga\"><strong>Biden lance l\u2019attaque contre les MAGA | Le Saker Francophone<\/strong><\/a><\/span><\/p>\n<p style=\"text-align: justify;\"><span style=\"font-family: times new roman, times, serif; font-size: 14pt;\"><strong><em>\u00a0<\/em><\/strong><\/span><\/p>\n<p>&nbsp;<\/p>\n<p>&nbsp;<\/p>\n<p style=\"text-align: justify;\"><span style=\"font-family: times new roman, times, serif; font-size: 14pt;\"><strong>\u00a0<\/strong><\/span><\/p>\n<p style=\"text-align: left;\"><strong><span style=\"font-family: times new roman, times, serif; font-size: 14pt;\">URL de cet article : <\/span><\/strong><a href=\"http:\/\/blog.lesgrossesorchadeslesamplesthalameges.fr\/index.php\/discours-sur-lame\/\"><span style=\"font-family: times new roman, times, serif; font-size: 14pt;\">http:\/\/blog.lesgrossesorchadeslesamplesthalameges.fr\/index.php\/discours-sur-lame\/ <\/span><\/a><strong><span style=\"font-family: times new roman, times, serif; font-size: 14pt;\"><br \/>\n<\/span><\/strong><\/p>\n<p>&nbsp;<\/p>\n<p>&nbsp;<\/p>\n<p>&nbsp;<\/p>\n<p style=\"text-align: center;\"><strong>\u00a0<a href=\"http:\/\/blog.lesgrossesorchadeslesamplesthalameges.fr\/index.php\/2022\/09\/04\/niouzes-forcement-de-guerre\/000-svastika-poubelle-gif-2\/\" rel=\"attachment wp-att-20539\"><img loading=\"lazy\" class=\"alignnone wp-image-20539\" src=\"http:\/\/blog.lesgrossesorchadeslesamplesthalameges.fr\/wp-content\/uploads\/2022\/09\/000.-Svastika-poubelle-GIF-1.gif\" alt=\"\" width=\"80\" height=\"120\" \/><\/a><\/strong><\/p>\n<p>&nbsp;<\/p>\n<p><strong>\u00a0<\/strong><\/p>\n<p><strong>\u00a0<\/strong><\/p>\n<p style=\"text-align: right;\"><span style=\"font-family: comic sans ms, sans-serif; font-size: 14pt;\">4 Septembre 2022<\/span><\/p>\n<p>&nbsp;<\/p>\n<p>&nbsp;<\/p>\n","protected":false},"excerpt":{"rendered":"<p>&nbsp; &nbsp; &nbsp; &nbsp; &nbsp; &nbsp; &nbsp; &nbsp; Discours sur l\u2019\u00e2me &nbsp; \u00a0 Joseph R. Biden \u2013 Independence Hall, Philadephie \u2013 1.9.2022 &nbsp; &nbsp; &nbsp; &nbsp; &nbsp; &nbsp; Le 1er septembre, \u00e0 l&rsquo;Independance Hall de Philadephie, devant un auditoire des siens chauff\u00e9 \u00e0 blanc, Joseph Robinette Biden a, pendant\u00a0 \u00b1 25 minutes, d\u00e9vid\u00e9 un chapelet&#8230;<\/p>\n","protected":false},"author":1,"featured_media":0,"parent":0,"menu_order":0,"comment_status":"open","ping_status":"open","template":"","meta":[],"_links":{"self":[{"href":"https:\/\/blog.lesgrossesorchadeslesamplesthalameges.fr\/index.php\/wp-json\/wp\/v2\/pages\/20566"}],"collection":[{"href":"https:\/\/blog.lesgrossesorchadeslesamplesthalameges.fr\/index.php\/wp-json\/wp\/v2\/pages"}],"about":[{"href":"https:\/\/blog.lesgrossesorchadeslesamplesthalameges.fr\/index.php\/wp-json\/wp\/v2\/types\/page"}],"author":[{"embeddable":true,"href":"https:\/\/blog.lesgrossesorchadeslesamplesthalameges.fr\/index.php\/wp-json\/wp\/v2\/users\/1"}],"replies":[{"embeddable":true,"href":"https:\/\/blog.lesgrossesorchadeslesamplesthalameges.fr\/index.php\/wp-json\/wp\/v2\/comments?post=20566"}],"version-history":[{"count":14,"href":"https:\/\/blog.lesgrossesorchadeslesamplesthalameges.fr\/index.php\/wp-json\/wp\/v2\/pages\/20566\/revisions"}],"predecessor-version":[{"id":20596,"href":"https:\/\/blog.lesgrossesorchadeslesamplesthalameges.fr\/index.php\/wp-json\/wp\/v2\/pages\/20566\/revisions\/20596"}],"wp:attachment":[{"href":"https:\/\/blog.lesgrossesorchadeslesamplesthalameges.fr\/index.php\/wp-json\/wp\/v2\/media?parent=20566"}],"curies":[{"name":"wp","href":"https:\/\/api.w.org\/{rel}","templated":true}]}}