{"id":20730,"date":"2022-09-18T17:01:32","date_gmt":"2022-09-18T15:01:32","guid":{"rendered":"http:\/\/blog.lesgrossesorchadeslesamplesthalameges.fr\/?page_id=20730"},"modified":"2022-09-18T17:06:31","modified_gmt":"2022-09-18T15:06:31","slug":"le-nouvel-ordre-mondial-est-deja-la","status":"publish","type":"page","link":"https:\/\/blog.lesgrossesorchadeslesamplesthalameges.fr\/index.php\/le-nouvel-ordre-mondial-est-deja-la\/","title":{"rendered":"Le Nouvel Ordre Mondial est d\u00e9j\u00e0 l\u00e0"},"content":{"rendered":"<p>&nbsp;<\/p>\n<p>&nbsp;<\/p>\n<p>&nbsp;<\/p>\n<p>&nbsp;<\/p>\n<p>&nbsp;<\/p>\n<p>&nbsp;<\/p>\n<p>&nbsp;<\/p>\n<p>&nbsp;<\/p>\n<p style=\"text-align: center;\"><span style=\"font-family: times new roman, times, serif; font-size: 42pt;\"><strong>Le Nouvel Ordre Mondial est d\u00e9j\u00e0 l\u00e0<\/strong><\/span><\/p>\n<p>&nbsp;<\/p>\n<p>&nbsp;<\/p>\n<p style=\"text-align: center;\"><span style=\"font-family: times new roman, times, serif; font-size: 14pt;\"><a href=\"https:\/\/vernoncoleman.org\/articles\/new-world-order-already-here\"><strong><span style=\"font-size: 18pt;\">Dr. Vernon Coleman<\/span><\/strong><\/a><strong><span style=\"font-size: 18pt;\">\u00a0 \u2013 <a href=\"https:\/\/substack.com\/profile\/40525631-2nd-smartest-guy-in-the-world\"><em>2nd Smartest Guy in the World<\/em><\/a> \u2013 15.9.2022<\/span><\/strong><\/span><\/p>\n<p style=\"text-align: center;\"><strong><span style=\"font-family: times new roman, times, serif; font-size: 18pt;\">\u00a0<\/span><\/strong><\/p>\n<p style=\"text-align: center;\"><span style=\"font-family: times new roman, times, serif; font-size: 18pt;\">Traduction :<\/span><strong><span style=\"font-family: times new roman, times, serif; font-size: 18pt;\"> c.l.<\/span><\/strong> <span style=\"font-family: times new roman, times, serif; font-size: 18pt;\">pour <\/span><strong><span style=\"font-family: times new roman, times, serif; font-size: 18pt;\"><em>L.G.O.<\/em><\/span><\/strong><\/p>\n<p>&nbsp;<\/p>\n<p>&nbsp;<\/p>\n<p>&nbsp;<\/p>\n<p style=\"text-align: center;\"><a href=\"http:\/\/blog.lesgrossesorchadeslesamplesthalameges.fr\/index.php\/le-nouvel-ordre-mondial-est-deja-la\/6-social-credit-vernon-coleman-2\/\" rel=\"attachment wp-att-20731\"><img loading=\"lazy\" class=\"alignnone wp-image-20731 size-full\" src=\"http:\/\/blog.lesgrossesorchadeslesamplesthalameges.fr\/wp-content\/uploads\/2022\/09\/6.-Social-Credit-Vernon-Coleman-1.jpg\" alt=\"\" width=\"250\" height=\"375\" srcset=\"https:\/\/blog.lesgrossesorchadeslesamplesthalameges.fr\/wp-content\/uploads\/2022\/09\/6.-Social-Credit-Vernon-Coleman-1.jpg 250w, https:\/\/blog.lesgrossesorchadeslesamplesthalameges.fr\/wp-content\/uploads\/2022\/09\/6.-Social-Credit-Vernon-Coleman-1-200x300.jpg 200w\" sizes=\"(max-width: 250px) 100vw, 250px\" \/><\/a><\/p>\n<p>&nbsp;<\/p>\n<p>&nbsp;<\/p>\n<p>&nbsp;<\/p>\n<p style=\"text-align: justify;\"><span style=\"font-family: times new roman, times, serif; font-size: 14pt;\">Le Nouvel Ordre Mondial est d\u00e9j\u00e0 l\u00e0. Nous sommes en train de vivre dedans. Et les choses vont devenir bien, bien pires au cours des prochains mois, car nous sommes d\u00e9sormais dans la phase meurtri\u00e8re de la \u00ab\u00a0Grande R\u00e9initialisation\u00a0\u00bb. Les d\u00e9cisions sont prises par, ou sur les ordres d&rsquo;un petit groupe de lobbyistes qui ont \u00e9t\u00e9 manipul\u00e9s pour repr\u00e9senter les int\u00e9r\u00eats des conspirateurs, soit sciemment, soit par sottise et ignorance.<\/span><\/p>\n<p>&nbsp;<\/p>\n<p style=\"text-align: justify;\"><span style=\"font-family: times new roman, times, serif; font-size: 14pt;\">Nous sommes contr\u00f4l\u00e9s par des conspirateurs qui savent manipuler le genre de gens qui croient que se coller sur la route devant les ambulances est une bonne chose \u00e0 faire.<\/span><\/p>\n<p>&nbsp;<\/p>\n<p style=\"text-align: justify;\"><span style=\"font-family: times new roman, times, serif; font-size: 14pt;\">Le monde est plein de gens qui pensent que ceux d&rsquo;entre nous qui s&rsquo;inqui\u00e8tent de ce qui se passe sont des complotistes au cerveau d\u00e9rang\u00e9. Mais ce qui est quand m\u00eame curieux, c&rsquo;est que la plupart de ces gens qui se disent que nous sommes des complotistes sont eux-m\u00eames pr\u00e9occup\u00e9s par des choses qui se produisent vraiment et qui les ont affect\u00e9s. Oui, eux\u00a0! Le probl\u00e8me, c&rsquo;est qu&rsquo;ils n&rsquo;ont pas une vue d&rsquo;ensemble\u00a0: ils ne r\u00e9alisent pas que toutes les choses sinistres qui se sont vraiment produites ces derni\u00e8res ann\u00e9es <em>sont li\u00e9es<\/em> et n\u2019\u00e9taient pas fortuites<em>.<\/em> La grippe rebaptis\u00e9e, le r\u00e9chauffement climatique, la guerre de haute manipulation contre la Russie, la guerre contre nous, l&rsquo;\u00e9conomie mondiale d\u00e9lib\u00e9r\u00e9ment d\u00e9truite, la hausse des prix, l&rsquo;inflation &#8211; tout cela est <em>li\u00e9<\/em>.<\/span><\/p>\n<p>&nbsp;<\/p>\n<p style=\"text-align: justify;\"><span style=\"font-family: times new roman, times, serif; font-size: 14pt;\">Les innocents <em>[si innocents que \u00e7a\u00a0? NdT]<\/em> n&rsquo;ont pas r\u00e9ussi \u00e0 faire des rapprochements, en partie parce qu&rsquo;ils \u00e9taient trop occup\u00e9s \u00e0 s&rsquo;inqui\u00e9ter des menaces qui p\u00e8sent sur leur vie quotidienne individuelle, en partie parce qu&rsquo;ils ont du mal \u00e0 croire que quelqu&rsquo;un puisse concevoir un complot aussi diabolique que celui <em>qui est en cours depuis des ann\u00e9es<\/em>, en partie parce qu&rsquo;ils sont na\u00effs, ind\u00e9cis et trop pr\u00eats \u00e0 gober ce que leur serinent les m\u00e9dias grand public totalement corrompus auxquels ils tiennent, et en partie, parce que, d\u00e8s le d\u00e9but, ceux d&rsquo;entre nous qui ont os\u00e9 dire la v\u00e9rit\u00e9 ont \u00e9t\u00e9 diabolis\u00e9s, calomni\u00e9s et diffam\u00e9s, censur\u00e9s, bannis de partout et tr\u00e8s efficacement r\u00e9duits au silence par les m\u00e9dias susmentionn\u00e9s.<\/span><\/p>\n<p>&nbsp;<\/p>\n<p>&nbsp;<\/p>\n<p style=\"text-align: center;\"><a href=\"http:\/\/blog.lesgrossesorchadeslesamplesthalameges.fr\/index.php\/2022\/09\/18\/la-fin-du-debut-ou-quoi\/7-bis-dr-coleman-gif\/\" rel=\"attachment wp-att-20688\"><img loading=\"lazy\" class=\"alignnone wp-image-20688 size-full\" src=\"http:\/\/blog.lesgrossesorchadeslesamplesthalameges.fr\/wp-content\/uploads\/2022\/09\/7-bis.-Dr.-Coleman.-GIF.gif\" alt=\"\" width=\"450\" height=\"348\" \/><\/a><\/p>\n<p>&nbsp;<\/p>\n<p>&nbsp;<\/p>\n<p style=\"text-align: justify;\"><span style=\"font-family: times new roman, times, serif; font-size: 14pt;\">Quand la Grande R\u00e9initialisation sera solidement et d\u00e9finitivement install\u00e9e dans ses meubles, Sir Klaus Schwabe, anobli par la reine Elizabeth pour services rendus \u00e0 la conspiration, sera le roi non \u00e9lu d&rsquo;un gouvernement mondial enti\u00e8rement corrompu. Schwabe, un affreux, r\u00e9cup\u00e9r\u00e9 des ann\u00e9es 40, se verra distribu\u00e9 en grand premier r\u00f4le, dans\u00a0 un m\u00e9lange de Dr\u00a0. Folamour, d\u2019<a href=\"https:\/\/fr.wikipedia.org\/wiki\/Ernst_Stavro_Blofeld\">Ernst Blofeld<\/a> et de <a href=\"https:\/\/fr.wikipedia.org\/wiki\/Josef_Mengele\">Mengele<\/a>, paradera au milieu d\u2019une bande d&rsquo;escrocs de s\u00e9rie B, d\u2019intrigants et de c\u00e9l\u00e9brit\u00e9s \u00e0 moiti\u00e9 oubli\u00e9es.<\/span><\/p>\n<p>&nbsp;<\/p>\n<p style=\"text-align: justify;\"><span style=\"font-family: times new roman, times, serif; font-size: 14pt;\">Si nous ne faisons pas tout de suite tr\u00e8s attention, nous serons bient\u00f4t contr\u00f4l\u00e9s par des gens que je consid\u00e8re comme de tristes cr\u00e9atures \u00e0 la fois sinistres et de seconde zone ; des gens comme Fauci, <a href=\"https:\/\/www.gov.uk\/government\/people\/christopher-whitty\">Whitty<\/a>, des petits fonctionnaires minables, et Gates, l\u2019ami de Jeffrey Epstein et de la BBC. (Si Epstein \u00e9tait encore en vie, la BBC lui confierait s\u00fbrement l\u2019animation d\u2019un <em>tchat<\/em>). On verra Dolly Parton et Piers Morgan, conjointement ministres du monde, charg\u00e9s de tout savoir en apparence et de ne rien comprendre en r\u00e9alit\u00e9. Charles, un vieux monsieur de 70 ans qui a besoin d&rsquo;aide pour enlever le haut de son \u0153uf au petit d\u00e9jeuner et mettre du dentifrice sur sa brosse \u00e0 dents, sera charg\u00e9 de la distribution des droits et avantages avec William et Kate, plus une paire d\u2019\u00e9pouses irr\u00e9prochables pour les assister. Le duc et la duchesse de Californie seront sans aucun doute charg\u00e9s de se plaindre et de bouder &#8211; et je suis s\u00fbr qu&rsquo;ils feront tr\u00e8s bien ce travail.<\/span><\/p>\n<p>&nbsp;<\/p>\n<p style=\"text-align: justify;\"><span style=\"font-family: times new roman, times, serif; font-size: 14pt;\">Si nous laissons ces tristes \u00eatres nous battre, ce sera comme si l&rsquo;\u00e9quipe de football br\u00e9silienne se faisait r\u00e9tamer par une bande de pirates unijambistes atteints du scorbut.<\/span><\/p>\n<p>&nbsp;<\/p>\n<p style=\"text-align: justify;\"><span style=\"font-family: times new roman, times, serif; font-size: 14pt;\">Mais, malheureusement, nous <em>avons \u00e9t\u00e9<\/em> battus. Les conspirateurs et les collabos dirigent d\u00e9j\u00e0 le monde.<\/span><\/p>\n<p>&nbsp;<\/p>\n<p style=\"text-align: justify;\"><span style=\"font-family: times new roman, times, serif; font-size: 14pt;\">Adapt\u00e9 de \u00a0<a href=\"https:\/\/vernoncoleman.org\/books\/social-credit-nightmare-your-street\"><em>Social Credit: Nightmare on your street<\/em><\/a> de Vernon Coleman qui est disponible (en anglais !) en couverture cartonn\u00e9e, broch\u00e9e et en e-Book. \u00a0<\/span><\/p>\n<p>&nbsp;<\/p>\n<p>&nbsp;<\/p>\n<p>&nbsp;<\/p>\n<p><a href=\"http:\/\/blog.lesgrossesorchadeslesamplesthalameges.fr\/index.php\/2022\/09\/18\/la-fin-du-debut-ou-quoi\/7-catmorley_freedomrally_pierscorbynvernoncolemandavidicke_3653-700x500\/\" rel=\"attachment wp-att-20689\"><img loading=\"lazy\" class=\"alignnone wp-image-20689 size-full\" src=\"http:\/\/blog.lesgrossesorchadeslesamplesthalameges.fr\/wp-content\/uploads\/2022\/09\/7.-CatMorley_FreedomRally_PiersCorbynVernonColemanDavidIcke_3653-700x500-1.jpg\" alt=\"\" width=\"600\" height=\"428\" srcset=\"https:\/\/blog.lesgrossesorchadeslesamplesthalameges.fr\/wp-content\/uploads\/2022\/09\/7.-CatMorley_FreedomRally_PiersCorbynVernonColemanDavidIcke_3653-700x500-1.jpg 600w, https:\/\/blog.lesgrossesorchadeslesamplesthalameges.fr\/wp-content\/uploads\/2022\/09\/7.-CatMorley_FreedomRally_PiersCorbynVernonColemanDavidIcke_3653-700x500-1-300x214.jpg 300w\" sizes=\"(max-width: 600px) 100vw, 600px\" \/><\/a><\/p>\n<p style=\"text-align: justify;\"><span style=\"font-family: times new roman, times, serif; font-size: 12pt;\"><strong><em>Vernon Coleman (c), ici entre Piers Corbyn (g) fr\u00e8re a\u00een\u00e9 de Jeremy Corbyn et astrophysicien, qui a quitt\u00e9 le Labour par opposition \u00e0 la guerre d\u2019Irak, et David Icke (d) dont il a d\u00e9j\u00e0 \u00e9t\u00e9 question dans ces colonnes.<\/em><\/strong>[Photo\u00a0: Cat Morley].<\/span><\/p>\n<p style=\"text-align: justify;\"><span style=\"font-family: times new roman, times, serif; font-size: 12pt;\"><strong><em>\u00a0<\/em><\/strong><\/span><\/p>\n<p>&nbsp;<\/p>\n<p style=\"text-align: justify;\"><span style=\"font-family: times new roman, times, serif; font-size: 14pt;\">Vernon Coleman est un m\u00e9decin britannique, n\u00e9 en 1946, \u00e0 qui sa lutte contre la vivisection et ses positions \u00e0 contre-courant de la doxa autoris\u00e9e ont valu les traitements qu\u2019il \u00e9num\u00e8re. Apr\u00e8s qu\u2019on ait tout employ\u00e9 pour le faire taire, il en est r\u00e9duit \u00e0 se publier \u00e0 compte d\u2019auteur. Le compte d\u2019auteur forc\u00e9 est devenu une sorte de l\u00e9gion d\u2019honneur pour gens int\u00e8gres. Son livre <em>La Guerre du chou de Mme Caldicot<\/em>\u00a0(1993) a \u00e9t\u00e9 transpos\u00e9 dans le film du m\u00eame nom en 2002.<\/span><\/p>\n<p style=\"text-align: justify;\"><span style=\"font-family: times new roman, times, serif; font-size: 14pt;\">Les guerres pour ou contre le Covid et pour ou contre le vaccin n\u2019ont pas arrang\u00e9 ses affaires avec les conformistes. Il suffit de lire sa fiche Wikipedia pour savoir de quoi ceux-ci sont capables.<\/span><\/p>\n<p>&nbsp;<\/p>\n<p style=\"text-align: justify;\"><span style=\"font-family: times new roman, times, serif; font-size: 18pt;\"><strong>On lui doit des phrases comme\u00a0:<\/strong><\/span><\/p>\n<p style=\"text-align: justify;\"><span style=\"font-family: times new roman, times, serif; font-size: 14pt;\">\u2013 \u00ab\u00a0Les m\u00e9decins tuent plus de gens que le cancer.\u00a0\u00bb<\/span><\/p>\n<p style=\"text-align: justify;\"><span style=\"font-family: times new roman, times, serif; font-size: 14pt;\">\u2013 \u00ab\u00a0Un jour, on saura que le Covid19 n\u2019est juste quel la plus grande arnaque de l\u2019Histoire.\u00a0\u00bb<\/span><\/p>\n<p style=\"text-align: justify;\"><span style=\"font-family: times new roman, times, serif; font-size: 14pt;\">\u2013 \u00ab\u00a0Ils ont fabriqu\u00e9 une fausse pand\u00e9mie, fabriqu\u00e9 un faux test et fabriqu\u00e9 une fausse cure.\u00a0\u00bb<\/span><\/p>\n<p style=\"text-align: justify;\"><span style=\"font-family: times new roman, times, serif; font-size: 14pt;\">\u2013 \u00ab\u00a0Quiconque insiste pour pr\u00e9tendre que les vaccins sont s\u00fbrs et efficaces est un menteur.\u00a0\u00bb<\/span><\/p>\n<p style=\"text-align: justify;\"><span style=\"font-family: times new roman, times, serif; font-size: 14pt;\">\u00a0\u2013 \u00ab Les compagnies qui fabriquent les vaccins ne seraient pas oppos\u00e9es \u00e0 ce que leurs produits soient rendus obligatoires. Je comprends \u00e7a. J\u2019aimerais bien que la lecture de mes livres soit rendue obligatoire.<\/span><\/p>\n<p style=\"text-align: justify;\"><span style=\"font-family: times new roman, times, serif; font-size: 14pt;\">\u2013 \u00ab\u00a0L\u2019\u00e9ducation sera remplac\u00e9e par l\u2019endoctrinement\u00a0\u00bb.<\/span><\/p>\n<p><span style=\"font-family: times new roman, times, serif; font-size: 14pt;\">Etc.<\/span><\/p>\n<p>&nbsp;<\/p>\n<p style=\"text-align: left;\"><span style=\"font-family: times new roman, times, serif; font-size: 14pt;\"><strong>URL de cet article : <\/strong><a href=\"http:\/\/blog.lesgrossesorchadeslesamplesthalameges.fr\/index.php\/le-nouvel-ordre-mondial-est-deja-la\/\">http:\/\/blog.lesgrossesorchadeslesamplesthalameges.fr\/index.php\/le-nouvel-ordre-mondial-est-deja-la\/<\/a><strong><br \/>\n<\/strong><\/span><\/p>\n<p>&nbsp;<\/p>\n<p>&nbsp;<\/p>\n<p>&nbsp;<\/p>\n<p style=\"text-align: center;\"><a href=\"http:\/\/blog.lesgrossesorchadeslesamplesthalameges.fr\/index.php\/2022\/09\/18\/la-fin-du-debut-ou-quoi\/000-otan-nazi\/\" rel=\"attachment wp-att-20674\"><img loading=\"lazy\" class=\"alignnone wp-image-20674\" src=\"http:\/\/blog.lesgrossesorchadeslesamplesthalameges.fr\/wp-content\/uploads\/2022\/09\/000.-OTAN-NAZI-300x182.jpg\" alt=\"\" width=\"150\" height=\"91\" srcset=\"https:\/\/blog.lesgrossesorchadeslesamplesthalameges.fr\/wp-content\/uploads\/2022\/09\/000.-OTAN-NAZI-300x182.jpg 300w, https:\/\/blog.lesgrossesorchadeslesamplesthalameges.fr\/wp-content\/uploads\/2022\/09\/000.-OTAN-NAZI.jpg 750w\" sizes=\"(max-width: 150px) 100vw, 150px\" \/><\/a><\/p>\n<p>&nbsp;<\/p>\n<p>&nbsp;<\/p>\n<p><strong>\u00a0<\/strong><\/p>\n<p style=\"text-align: right;\"><span style=\"font-family: comic sans ms, sans-serif; font-size: 14pt;\">Septembre 2022<\/span><\/p>\n<p>&nbsp;<\/p>\n<p>&nbsp;<\/p>\n","protected":false},"excerpt":{"rendered":"<p>&nbsp; &nbsp; &nbsp; &nbsp; &nbsp; &nbsp; &nbsp; &nbsp; Le Nouvel Ordre Mondial est d\u00e9j\u00e0 l\u00e0 &nbsp; &nbsp; Dr. Vernon Coleman\u00a0 \u2013 2nd Smartest Guy in the World \u2013 15.9.2022 \u00a0 Traduction : c.l. pour L.G.O. &nbsp; &nbsp; &nbsp; &nbsp; &nbsp; &nbsp; Le Nouvel Ordre Mondial est d\u00e9j\u00e0 l\u00e0. Nous sommes en train de vivre dedans&#8230;.<\/p>\n","protected":false},"author":1,"featured_media":0,"parent":0,"menu_order":0,"comment_status":"open","ping_status":"open","template":"","meta":[],"_links":{"self":[{"href":"https:\/\/blog.lesgrossesorchadeslesamplesthalameges.fr\/index.php\/wp-json\/wp\/v2\/pages\/20730"}],"collection":[{"href":"https:\/\/blog.lesgrossesorchadeslesamplesthalameges.fr\/index.php\/wp-json\/wp\/v2\/pages"}],"about":[{"href":"https:\/\/blog.lesgrossesorchadeslesamplesthalameges.fr\/index.php\/wp-json\/wp\/v2\/types\/page"}],"author":[{"embeddable":true,"href":"https:\/\/blog.lesgrossesorchadeslesamplesthalameges.fr\/index.php\/wp-json\/wp\/v2\/users\/1"}],"replies":[{"embeddable":true,"href":"https:\/\/blog.lesgrossesorchadeslesamplesthalameges.fr\/index.php\/wp-json\/wp\/v2\/comments?post=20730"}],"version-history":[{"count":10,"href":"https:\/\/blog.lesgrossesorchadeslesamplesthalameges.fr\/index.php\/wp-json\/wp\/v2\/pages\/20730\/revisions"}],"predecessor-version":[{"id":20739,"href":"https:\/\/blog.lesgrossesorchadeslesamplesthalameges.fr\/index.php\/wp-json\/wp\/v2\/pages\/20730\/revisions\/20739"}],"wp:attachment":[{"href":"https:\/\/blog.lesgrossesorchadeslesamplesthalameges.fr\/index.php\/wp-json\/wp\/v2\/media?parent=20730"}],"curies":[{"name":"wp","href":"https:\/\/api.w.org\/{rel}","templated":true}]}}