{"id":20750,"date":"2022-09-18T17:32:38","date_gmt":"2022-09-18T15:32:38","guid":{"rendered":"http:\/\/blog.lesgrossesorchadeslesamplesthalameges.fr\/?page_id=20750"},"modified":"2022-09-18T17:33:44","modified_gmt":"2022-09-18T15:33:44","slug":"loffensive-du-complexe-militaro-industriel","status":"publish","type":"page","link":"https:\/\/blog.lesgrossesorchadeslesamplesthalameges.fr\/index.php\/loffensive-du-complexe-militaro-industriel\/","title":{"rendered":"L&rsquo;offensive du complexe militaro-industriel"},"content":{"rendered":"<p>&nbsp;<\/p>\n<p>&nbsp;<\/p>\n<p>&nbsp;<\/p>\n<p>&nbsp;<\/p>\n<p>&nbsp;<\/p>\n<p>&nbsp;<\/p>\n<p>&nbsp;<\/p>\n<p>&nbsp;<\/p>\n<p><a href=\"http:\/\/blog.lesgrossesorchadeslesamplesthalameges.fr\/index.php\/2022\/09\/18\/la-fin-du-debut-ou-quoi\/000-lart-de-la-guerre-10\/\" rel=\"attachment wp-att-20684\"><img loading=\"lazy\" class=\"wp-image-20684 aligncenter\" src=\"http:\/\/blog.lesgrossesorchadeslesamplesthalameges.fr\/wp-content\/uploads\/2022\/09\/000.-LART-DE-LA-GUERRE-300x65.jpg\" alt=\"\" width=\"600\" height=\"130\" srcset=\"https:\/\/blog.lesgrossesorchadeslesamplesthalameges.fr\/wp-content\/uploads\/2022\/09\/000.-LART-DE-LA-GUERRE-300x65.jpg 300w, https:\/\/blog.lesgrossesorchadeslesamplesthalameges.fr\/wp-content\/uploads\/2022\/09\/000.-LART-DE-LA-GUERRE.jpg 750w\" sizes=\"(max-width: 600px) 100vw, 600px\" \/><\/a><\/p>\n<p>&nbsp;<\/p>\n<p>&nbsp;<\/p>\n<p>&nbsp;<\/p>\n<p>&nbsp;<\/p>\n<p style=\"text-align: center;\"><span style=\"font-family: times new roman, times, serif; font-size: 36pt;\"><strong>L\u2019offensive du complexe\u00a0<\/strong><\/span><\/p>\n<p style=\"text-align: center;\"><span style=\"font-family: times new roman, times, serif; font-size: 36pt;\"><strong>militaro-industriel<\/strong><\/span><\/p>\n<p style=\"text-align: center;\"><span style=\"font-family: times new roman, times, serif; font-size: 14pt;\"><strong>\u00a0<\/strong><\/span><\/p>\n<p style=\"text-align: center;\"><span style=\"font-family: times new roman, times, serif; font-size: 18pt;\"><strong>Manlio Dinucci \u2013 <em>ByoBlu<\/em> \u2013 16.9.2022<\/strong><\/span><\/p>\n<p style=\"text-align: center;\"><span style=\"font-family: times new roman, times, serif; font-size: 18pt;\"><strong>\u00a0<\/strong><\/span><\/p>\n<p style=\"text-align: center;\"><span style=\"font-family: times new roman, times, serif; font-size: 18pt;\">Traduction\u00a0:<strong> Marie-Ange Patrizio<\/strong><\/span><\/p>\n<p style=\"text-align: center;\"><span style=\"font-family: times new roman, times, serif; font-size: 18pt;\"><strong>\u00a0<\/strong><\/span><\/p>\n<p>&nbsp;<\/p>\n<p>&nbsp;<\/p>\n<p><a href=\"http:\/\/blog.lesgrossesorchadeslesamplesthalameges.fr\/index.php\/2022\/09\/18\/la-fin-du-debut-ou-quoi\/4-voltairenet-org_-_1_2_-81-5d1bd\/\" rel=\"attachment wp-att-20683\"><img loading=\"lazy\" class=\"wp-image-20683 size-full aligncenter\" src=\"http:\/\/blog.lesgrossesorchadeslesamplesthalameges.fr\/wp-content\/uploads\/2022\/09\/4.-voltairenet.org_-_1_2_-81-5d1bd.jpg\" alt=\"\" width=\"600\" height=\"450\" srcset=\"https:\/\/blog.lesgrossesorchadeslesamplesthalameges.fr\/wp-content\/uploads\/2022\/09\/4.-voltairenet.org_-_1_2_-81-5d1bd.jpg 600w, https:\/\/blog.lesgrossesorchadeslesamplesthalameges.fr\/wp-content\/uploads\/2022\/09\/4.-voltairenet.org_-_1_2_-81-5d1bd-300x225.jpg 300w\" sizes=\"(max-width: 600px) 100vw, 600px\" \/><\/a><\/p>\n<p>&nbsp;<\/p>\n<p>&nbsp;<\/p>\n<p style=\"text-align: justify;\"><strong>\u00a0<\/strong><\/p>\n<p style=\"text-align: justify;\"><span style=\"font-family: times new roman, times, serif; font-size: 14pt;\"><strong>La r\u00e9cente avanc\u00e9e ukrainienne a \u00e9t\u00e9 planifi\u00e9e depuis des mois par les USA, qui ont fourni en temps r\u00e9el aux forces de Kiev les informations sur les objectifs russes \u00e0 frapper : c\u2019est ce que r\u00e9v\u00e8le le <em>New York Times <\/em>sur la base de sources officielles.<\/strong> Cela confirme que les forces de Kiev sont de fait sous commandement USA et op\u00e8rent selon leur strat\u00e9gie.<\/span><\/p>\n<p>&nbsp;<\/p>\n<p style=\"text-align: justify;\"><span style=\"font-family: times new roman, times, serif; font-size: 14pt;\">Dans ce cadre, <strong>le secr\u00e9taire USA \u00e0 la D\u00e9fense Lloyd Austin a convoqu\u00e9 en Allemagne le \u201cGroupe de contact de d\u00e9fense de l\u2019Ukraine\u201d pour accro\u00eetre les fournitures d\u2019armes aux forces de Kiev<\/strong>. Le Groupe est compos\u00e9 de plus de 50 pays : outre ceux de l\u2019OTAN (Italie comprise), en font partie le Japon, l\u2019Australie, la Nouvelle-Z\u00e9lande, la Cor\u00e9e du Sud, Isra\u00ebl, le Qatar. La quantit\u00e9 d\u2019armes d\u00e9vers\u00e9e en Ukraine est telle qu\u2019elle rend n\u00e9cessaire une forte augmentation de leur production. Par exemple, le Pentagone a fourni \u00e0 l\u2019Ukraine environ 800.000 projectiles d\u2019artillerie de 155 mm pour les 126 obusiers M777 \u00e0 longue port\u00e9e qui, actionn\u00e9s par du personnel ukrainien, tirent sur des objectifs indiqu\u00e9s par le renseignement USA. Mais les \u00c9tats-Unis n\u2019ont qu\u2019une seule fabrique produisant ces projectiles, le site de la General Dynamics en Pennsylvanie, en mesure d\u2019en fabriquer seulement 14.000 par mois. Il faut donc augmenter imm\u00e9diatement la capacit\u00e9 productive de ce site et en ouvrir d\u2019autres. <strong>Ainsi s\u2019ouvre aux USA et en g\u00e9n\u00e9ral en Occident un nouveau colossal march\u00e9 des industries de guerre<\/strong>.<\/span><\/p>\n<p>&nbsp;<\/p>\n<p style=\"text-align: justify;\"><span style=\"font-family: times new roman, times, serif; font-size: 14pt;\"><strong>Parmi elles la soci\u00e9t\u00e9 italienne Leonardo -propri\u00e9t\u00e9 \u00e0 30% du Minist\u00e8re du D\u00e9veloppement \u00c9conomique- grimp\u00e9e au 12<sup>\u00e8me<\/sup> rang des 100 plus grandes industries de guerre du monde, au premier rang dans l\u2019UE. Elle a augment\u00e9 les recettes du secteur D\u00e9fense de 24% en une ann\u00e9e<\/strong>, atteignant environ 14 milliards de dollars. Du secteur d\u00e9fense d\u00e9rive 83% de son chiffre d\u2019affaires. Leonardo est int\u00e9gr\u00e9e dans le gigantesque complexe militaro-industriel USA men\u00e9 par Lockheed Martin, constructrice du F-35 \u00e0 la production duquel participe cette m\u00eame soci\u00e9t\u00e9 Leonardo. De cette fa\u00e7on grandit le pouvoir du complexe militaro-industriel, un organisme tentaculaire qui, pour vivre et se d\u00e9velopper, a besoin comme oxyg\u00e8ne de la guerre.<\/span><\/p>\n<p>&nbsp;<\/p>\n<p style=\"text-align: justify;\"><span style=\"font-family: times new roman, times, serif; font-size: 14pt;\">Br\u00e8ve pr\u00e9sentation de la revue de presse internationale <strong><em>Grandangolo Pangea <\/em><\/strong>de vendredi 16 septembre 2022 \u00e0 20h30 sur la chaine italienne <strong><em>Byoblu\u00a0\u00a0\u00a0<\/em><\/strong><\/span><\/p>\n<p>&nbsp;<\/p>\n<p style=\"text-align: left;\"><span style=\"font-family: times new roman, times, serif; font-size: 14pt;\">Source\u00a0: <\/span><a href=\"https:\/\/www.byoblu.com\/2022\/09\/16\/loffensiva-del-complesso-militare-industriale-grandangolo-pangea\/\"><span style=\"font-family: times new roman, times, serif; font-size: 14pt;\">https:\/\/www.byoblu.com\/2022\/09\/16\/loffensiva-del-complesso-militare-industriale-grandangolo-pangea\/<\/span><\/a><\/p>\n<p><em>\u00a0<\/em><\/p>\n<p>&nbsp;<\/p>\n<p>&nbsp;<\/p>\n<p><a href=\"http:\/\/blog.lesgrossesorchadeslesamplesthalameges.fr\/index.php\/2022\/09\/18\/la-fin-du-debut-ou-quoi\/5-pentagon\/\" rel=\"attachment wp-att-20686\"><img loading=\"lazy\" class=\"wp-image-20686 aligncenter\" src=\"http:\/\/blog.lesgrossesorchadeslesamplesthalameges.fr\/wp-content\/uploads\/2022\/09\/5.-Pentagon.jpg\" alt=\"\" width=\"600\" height=\"430\" srcset=\"https:\/\/blog.lesgrossesorchadeslesamplesthalameges.fr\/wp-content\/uploads\/2022\/09\/5.-Pentagon.jpg 500w, https:\/\/blog.lesgrossesorchadeslesamplesthalameges.fr\/wp-content\/uploads\/2022\/09\/5.-Pentagon-300x215.jpg 300w\" sizes=\"(max-width: 600px) 100vw, 600px\" \/><\/a><\/p>\n<p>&nbsp;<\/p>\n<p>&nbsp;<\/p>\n<p>&nbsp;<\/p>\n<p style=\"text-align: left;\"><span style=\"font-family: times new roman, times, serif; font-size: 14pt;\"><strong>URL de cet article : <\/strong><a href=\"http:\/\/blog.lesgrossesorchadeslesamplesthalameges.fr\/index.php\/loffensive-du-complexe-militaro-industriel\/\">http:\/\/blog.lesgrossesorchadeslesamplesthalameges.fr\/index.php\/loffensive-du-complexe-militaro-industriel\/<\/a><strong><br \/>\n<\/strong><\/span><\/p>\n<p>&nbsp;<\/p>\n<p>&nbsp;<\/p>\n<p>&nbsp;<\/p>\n<p><a href=\"http:\/\/blog.lesgrossesorchadeslesamplesthalameges.fr\/index.php\/2022\/09\/18\/la-fin-du-debut-ou-quoi\/000-otan-nazi\/\" rel=\"attachment wp-att-20674\"><img loading=\"lazy\" class=\"wp-image-20674 aligncenter\" src=\"http:\/\/blog.lesgrossesorchadeslesamplesthalameges.fr\/wp-content\/uploads\/2022\/09\/000.-OTAN-NAZI-300x182.jpg\" alt=\"\" width=\"150\" height=\"91\" srcset=\"https:\/\/blog.lesgrossesorchadeslesamplesthalameges.fr\/wp-content\/uploads\/2022\/09\/000.-OTAN-NAZI-300x182.jpg 300w, https:\/\/blog.lesgrossesorchadeslesamplesthalameges.fr\/wp-content\/uploads\/2022\/09\/000.-OTAN-NAZI.jpg 750w\" sizes=\"(max-width: 150px) 100vw, 150px\" \/><\/a><\/p>\n<p>&nbsp;<\/p>\n<p>&nbsp;<\/p>\n<p style=\"text-align: right;\"><span style=\"font-family: comic sans ms, sans-serif;\">Septembre 2022<\/span><\/p>\n<p>&nbsp;<\/p>\n<p>&nbsp;<\/p>\n","protected":false},"excerpt":{"rendered":"<p>&nbsp; &nbsp; &nbsp; &nbsp; &nbsp; &nbsp; &nbsp; &nbsp; &nbsp; &nbsp; &nbsp; &nbsp; L\u2019offensive du complexe\u00a0 militaro-industriel \u00a0 Manlio Dinucci \u2013 ByoBlu \u2013 16.9.2022 \u00a0 Traduction\u00a0: Marie-Ange Patrizio \u00a0 &nbsp; &nbsp; &nbsp; &nbsp; \u00a0 La r\u00e9cente avanc\u00e9e ukrainienne a \u00e9t\u00e9 planifi\u00e9e depuis des mois par les USA, qui ont fourni en temps r\u00e9el aux forces de&#8230;<\/p>\n","protected":false},"author":1,"featured_media":0,"parent":0,"menu_order":0,"comment_status":"open","ping_status":"open","template":"","meta":[],"_links":{"self":[{"href":"https:\/\/blog.lesgrossesorchadeslesamplesthalameges.fr\/index.php\/wp-json\/wp\/v2\/pages\/20750"}],"collection":[{"href":"https:\/\/blog.lesgrossesorchadeslesamplesthalameges.fr\/index.php\/wp-json\/wp\/v2\/pages"}],"about":[{"href":"https:\/\/blog.lesgrossesorchadeslesamplesthalameges.fr\/index.php\/wp-json\/wp\/v2\/types\/page"}],"author":[{"embeddable":true,"href":"https:\/\/blog.lesgrossesorchadeslesamplesthalameges.fr\/index.php\/wp-json\/wp\/v2\/users\/1"}],"replies":[{"embeddable":true,"href":"https:\/\/blog.lesgrossesorchadeslesamplesthalameges.fr\/index.php\/wp-json\/wp\/v2\/comments?post=20750"}],"version-history":[{"count":5,"href":"https:\/\/blog.lesgrossesorchadeslesamplesthalameges.fr\/index.php\/wp-json\/wp\/v2\/pages\/20750\/revisions"}],"predecessor-version":[{"id":20755,"href":"https:\/\/blog.lesgrossesorchadeslesamplesthalameges.fr\/index.php\/wp-json\/wp\/v2\/pages\/20750\/revisions\/20755"}],"wp:attachment":[{"href":"https:\/\/blog.lesgrossesorchadeslesamplesthalameges.fr\/index.php\/wp-json\/wp\/v2\/media?parent=20750"}],"curies":[{"name":"wp","href":"https:\/\/api.w.org\/{rel}","templated":true}]}}