{"id":20801,"date":"2022-09-23T15:15:23","date_gmt":"2022-09-23T13:15:23","guid":{"rendered":"http:\/\/blog.lesgrossesorchadeslesamplesthalameges.fr\/?page_id=20801"},"modified":"2022-09-23T18:37:53","modified_gmt":"2022-09-23T16:37:53","slug":"la-direction-de-laiea-sous-controle-etasunien","status":"publish","type":"page","link":"https:\/\/blog.lesgrossesorchadeslesamplesthalameges.fr\/index.php\/la-direction-de-laiea-sous-controle-etasunien\/","title":{"rendered":"La direction de l\u2019AIEA sous contr\u00f4le \u00e9tasunien"},"content":{"rendered":"<p>&nbsp;<\/p>\n<p>&nbsp;<\/p>\n<p>&nbsp;<\/p>\n<p>&nbsp;<\/p>\n<p>&nbsp;<\/p>\n<p>&nbsp;<\/p>\n<p>&nbsp;<\/p>\n<p>&nbsp;<\/p>\n<p style=\"text-align: center;\"><span style=\"font-family: times new roman, times, serif; font-size: 36pt;\"><strong>La direction de l\u2019AIEA sous contr\u00f4le \u00e9tasunien<\/strong><\/span><\/p>\n<p style=\"text-align: justify;\"><span style=\"font-family: times new roman, times, serif; font-size: 36pt;\"><strong>\u00a0<\/strong><\/span><\/p>\n<p style=\"text-align: center;\"><span style=\"font-family: times new roman, times, serif; font-size: 18pt;\"><strong>Bulletin Comaguer n\u00b0488 \u2013 <em>Sun Tsu<\/em> \u2013 19.9.2022<\/strong><\/span><\/p>\n<p style=\"text-align: justify;\"><span style=\"font-family: times new roman, times, serif; font-size: 18pt;\"><strong>\u00a0<\/strong><\/span><\/p>\n<p>&nbsp;<\/p>\n<p>&nbsp;<\/p>\n<p style=\"text-align: center;\"><a href=\"http:\/\/blog.lesgrossesorchadeslesamplesthalameges.fr\/index.php\/2022\/09\/23\/lhiver-va-t-il-etre-chaud-finalement\/12-aiea\/\" rel=\"attachment wp-att-20765\"><img loading=\"lazy\" class=\"alignnone wp-image-20765\" src=\"http:\/\/blog.lesgrossesorchadeslesamplesthalameges.fr\/wp-content\/uploads\/2022\/09\/12.-AIEA-300x220.jpg\" alt=\"\" width=\"400\" height=\"293\" srcset=\"https:\/\/blog.lesgrossesorchadeslesamplesthalameges.fr\/wp-content\/uploads\/2022\/09\/12.-AIEA-300x220.jpg 300w, https:\/\/blog.lesgrossesorchadeslesamplesthalameges.fr\/wp-content\/uploads\/2022\/09\/12.-AIEA.jpg 369w\" sizes=\"(max-width: 400px) 100vw, 400px\" \/><\/a><\/p>\n<p>&nbsp;<\/p>\n<p>&nbsp;<\/p>\n<p>&nbsp;<\/p>\n<p style=\"text-align: justify;\"><span style=\"font-family: times new roman, times, serif; font-size: 14pt;\">Toutes les organisations internationales fond\u00e9es pour faire respecter un trait\u00e9 se doivent de traiter \u00e9quitablement tous les signataires du trait\u00e9 en question.<\/span><\/p>\n<p style=\"text-align: justify;\"><span style=\"font-family: times new roman, times, serif; font-size: 14pt;\">L\u2019Agence Internationale de l\u2019Energie Atomique charg\u00e9e de faire respecter le Trait\u00e9 de non prolif\u00e9ration nucl\u00e9aire (TNP) vient de commettre deux faux pas importants.<\/span><\/p>\n<p>&nbsp;<\/p>\n<p><span style=\"font-family: times new roman, times, serif; font-size: 14pt;\"><strong>1 &#8211; Elle a r\u00e9uni les 12 et 13 septembre son organe de contr\u00f4le\u00a0: le Bureau des gouverneurs<\/strong><\/span><\/p>\n<p style=\"text-align: justify;\"><span style=\"font-family: times new roman, times, serif; font-size: 14pt;\">Celui-ci a \u00e9t\u00e9 appel\u00e9 \u00e0 se prononcer sur une r\u00e9solution pr\u00e9sent\u00e9e par le Canada et la Pologne demandant le retrait de la Russie, de ses troupes et de son personnel de gestion de la centrale nucl\u00e9aire d\u2019ENERGODAR dite abusivement centrale de ZAPOROYE. Comme si en France la\u00a0centrale de Blayais sur l\u2019estuaire de la Gironde \u00e9tait appel\u00e9e centrale de Bordeaux ou celle de Cruas comme la centrale de Valence<\/span><\/p>\n<p style=\"text-align: justify;\"><span style=\"font-family: times new roman, times, serif; font-size: 14pt;\">L\u2019\u00e9quipe dirigeante de l\u2019AIEA a la certitude que la centrale est bien entre les mains de la Russie puisque c\u2019est bien l\u2019arm\u00e9e russe et les cadres techniques de Rosatom, l\u2019agence atomique russe, qui l\u2019ont accueillie sur place pour une visite de contr\u00f4le du 01 au 03 septembre et qu\u2019elle est de son point de vue, celui de la technique et des risques nucl\u00e9aires, en de bonnes mains.<\/span><\/p>\n<p style=\"text-align: justify;\"><span style=\"font-family: times new roman, times, serif; font-size: 14pt;\">Mais en acceptant de mettre aux voix la r\u00e9solution pr\u00e9sent\u00e9e par la Pologne et le Canada elle est sortie de son champ de comp\u00e9tence. L\u2019AIEA n\u2019est ni le Conseil de s\u00e9curit\u00e9 de l\u2019ONU ni la Cour internationale de Justice. L\u2019occupation d\u2019une partie du territoire de l\u2019Ukraine par la Russie , outre celui des r\u00e9publiques de Donetz et Lougansk reconnues par la Russie, est une r\u00e9alit\u00e9 qui ne pourra \u00eatre tranch\u00e9e, en application du chapitre 5 de la charte des Nations unies, que par un r\u00e9f\u00e9rendum permettant aux populations concern\u00e9es de d\u00e9cider si elle veulent devenir russes ou rester ukrainiennes.<\/span><\/p>\n<p style=\"text-align: justify;\"><span style=\"font-family: times new roman, times, serif; font-size: 14pt;\">La man\u0153uvre impuls\u00e9e par le camp occidental a \u00e9chou\u00e9 puisque la Russie et la Chine ont vot\u00e9 contre cette r\u00e9solution et que le Burundi, le S\u00e9n\u00e9gal, l\u2019Egypte l\u2019Afrique du Sud, le Vietnam, l\u2019Inde et le Pakistan se sont abstenus, mais l\u2019AIEA a gravement ali\u00e9n\u00e9 son ind\u00e9pendance.<\/span><\/p>\n<p>&nbsp;<\/p>\n<p><span style=\"font-family: times new roman, times, serif; font-size: 14pt;\"><strong>2 &#8211; Au cours de la m\u00eame r\u00e9union du conseil des gouverneurs,<\/strong><\/span><\/p>\n<p style=\"text-align: justify;\"><span style=\"font-family: times new roman, times, serif; font-size: 14pt;\">l\u2019AIEA a pr\u00e9sent\u00e9 un rapport rassurant sur la question des futurs sous- marins \u00e0 propulsion nucl\u00e9aire qui doivent \u00eatre fournis \u00e0 l\u2019Australie par les \u00c9tats-Unis et la Grande Bretagne, en application du fameux accord AUKUS.<\/span><\/p>\n<p style=\"text-align: justify;\"><span style=\"font-family: times new roman, times, serif; font-size: 14pt;\">Or l\u2019Australie est signataire du trait\u00e9 de non prolif\u00e9ration nucl\u00e9aire et la non prolif\u00e9ration concerne express\u00e9ment les r\u00e9acteurs embarqu\u00e9s sur des navires assurant leur propulsion, que ces navires soient civils ou militaires (aujourd\u2019hui 6 pays poss\u00e8dent des sous-marins \u00e0 propulsion nucl\u00e9aire\u00a0: les 5 membres du Conseil de S\u00e9curit\u00e9 et l\u2019Inde)<\/span><\/p>\n<p style=\"text-align: justify;\"><span style=\"font-family: times new roman, times, serif; font-size: 14pt;\">La Chine directement vis\u00e9e s\u2019est imm\u00e9diatement oppos\u00e9e \u00e0 cet accord qui modifie les \u00e9quilibres strat\u00e9giques dans le Pacifique\u00a0: les sous marins nucl\u00e9aires sont moins bruyants que les sous marins \u00e0 propulsion diesel donc plus difficiles \u00e0 d\u00e9tecter et ils peuvent rester beaucoup plus longtemps en plong\u00e9e.<\/span><\/p>\n<p style=\"text-align: justify;\"><span style=\"font-family: times new roman, times, serif; font-size: 14pt;\">L\u2019Indon\u00e9sie vient de se joindre vigoureusement \u00e0 cette protestation et elle exprime ainsi la position de l\u2019ensemble des pays de l\u2019ASEAN qui se sont tous engag\u00e9s \u00e0 ne pas se doter d\u2019armement atomique.<\/span><\/p>\n<p style=\"text-align: justify;\"><span style=\"font-family: times new roman, times, serif; font-size: 14pt;\">Or les bonnes paroles de l\u2019AIEA sont en contradiction flagrante avec le fait que les r\u00e9acteurs nucl\u00e9aires en service sur les sous marins de l\u2019US NAVY sont les seuls au monde \u00e0 \u00eatre aliment\u00e9s en Uranium 235 tr\u00e8s enrichi (\u00e0 plus de 90%) qui est l\u2019uranium utilis\u00e9 dans les bombes atomiques\u00a0(les r\u00e9acteurs des sous marins nucl\u00e9aires fran\u00e7ais sont aliment\u00e9s en uranium faiblement enrichi). Donc l\u2019Australie qui, en fait, construira les sous marins chez elle, disposera sur son territoire, pour le chargement et le retraitement du combustible des moteurs des futurs sous marins, de mat\u00e9riaux fissiles militaires dont la possession est interdite par le TNP. Si on ajoute \u00e0 cela le fait que l\u2019Australie est un gros producteur d\u2019uranium et que la fili\u00e8re d\u2019enrichissement de l\u2019uranium aux \u00c9tats-Unis est d\u00e9ficitaire et ne satisfait pas les besoins nationaux civils et militaires on voit poindre le dangereux projet \u00e0 long terme de transformation de l\u2019Australie en grande puissance nucl\u00e9aire au service de l\u2019imp\u00e9rialisme, annexe des \u00c9tats-Unis.<\/span><\/p>\n<p style=\"text-align: justify;\"><span style=\"font-family: times new roman, times, serif; font-size: 14pt;\"><strong>L\u2019AIEA qui sait tout cela s\u2019appr\u00eate donc, sur pression des \u00c9tats-Unis, \u00e0 violer gravement sa mission.<\/strong><\/span><\/p>\n<p>&nbsp;<\/p>\n<p style=\"text-align: justify;\"><span style=\"font-family: times new roman, times, serif; font-size: 14pt;\">Source\u00a0: SUN TZU <a href=\"mailto:comaguer@orange.fr\">comaguer@orange.fr<\/a><\/span><\/p>\n<p>&nbsp;<\/p>\n<p style=\"text-align: left;\"><strong><span style=\"font-family: times new roman, times, serif; font-size: 14pt;\">URL de cet article : <\/span><\/strong><a href=\"http:\/\/blog.lesgrossesorchadeslesamplesthalameges.fr\/index.php\/la-direction-de-laiea-sous-controle-etasunien\/\"><span style=\"font-family: times new roman, times, serif; font-size: 14pt;\">http:\/\/blog.lesgrossesorchadeslesamplesthalameges.fr\/index.php\/la-direction-de-laiea-sous-controle-etasunien\/<\/span><\/a><strong><span style=\"font-family: times new roman, times, serif; font-size: 14pt;\"><br \/>\n<\/span><\/strong><\/p>\n<p>&nbsp;<\/p>\n<p>&nbsp;<\/p>\n<p>&nbsp;<\/p>\n<p style=\"text-align: center;\"><a href=\"http:\/\/blog.lesgrossesorchadeslesamplesthalameges.fr\/index.php\/2022\/09\/23\/lhiver-va-t-il-etre-chaud-finalement\/000-lettre-z-saint-georges-gif-2\/\" rel=\"attachment wp-att-20871\"><img loading=\"lazy\" class=\"alignnone size-full wp-image-20871\" src=\"http:\/\/blog.lesgrossesorchadeslesamplesthalameges.fr\/wp-content\/uploads\/2022\/09\/000.-Lettre-Z-Saint-georges-GIF.gif\" alt=\"\" width=\"150\" height=\"109\" \/><\/a><\/p>\n<p><strong><em>\u00a0<\/em><\/strong><\/p>\n<p><strong><em>\u00a0<\/em><\/strong><\/p>\n<p><strong><em>\u00a0<\/em><\/strong><\/p>\n<p style=\"text-align: right;\"><span style=\"font-family: comic sans ms, sans-serif; font-size: 14pt;\">Septembre 2022<\/span><\/p>\n<p>&nbsp;<\/p>\n<p><strong><em>\u00a0<\/em><\/strong><\/p>\n","protected":false},"excerpt":{"rendered":"<p>&nbsp; &nbsp; &nbsp; &nbsp; &nbsp; &nbsp; &nbsp; &nbsp; La direction de l\u2019AIEA sous contr\u00f4le \u00e9tasunien \u00a0 Bulletin Comaguer n\u00b0488 \u2013 Sun Tsu \u2013 19.9.2022 \u00a0 &nbsp; &nbsp; &nbsp; &nbsp; &nbsp; Toutes les organisations internationales fond\u00e9es pour faire respecter un trait\u00e9 se doivent de traiter \u00e9quitablement tous les signataires du trait\u00e9 en question. L\u2019Agence Internationale de&#8230;<\/p>\n","protected":false},"author":1,"featured_media":0,"parent":0,"menu_order":0,"comment_status":"open","ping_status":"open","template":"","meta":[],"_links":{"self":[{"href":"https:\/\/blog.lesgrossesorchadeslesamplesthalameges.fr\/index.php\/wp-json\/wp\/v2\/pages\/20801"}],"collection":[{"href":"https:\/\/blog.lesgrossesorchadeslesamplesthalameges.fr\/index.php\/wp-json\/wp\/v2\/pages"}],"about":[{"href":"https:\/\/blog.lesgrossesorchadeslesamplesthalameges.fr\/index.php\/wp-json\/wp\/v2\/types\/page"}],"author":[{"embeddable":true,"href":"https:\/\/blog.lesgrossesorchadeslesamplesthalameges.fr\/index.php\/wp-json\/wp\/v2\/users\/1"}],"replies":[{"embeddable":true,"href":"https:\/\/blog.lesgrossesorchadeslesamplesthalameges.fr\/index.php\/wp-json\/wp\/v2\/comments?post=20801"}],"version-history":[{"count":7,"href":"https:\/\/blog.lesgrossesorchadeslesamplesthalameges.fr\/index.php\/wp-json\/wp\/v2\/pages\/20801\/revisions"}],"predecessor-version":[{"id":20878,"href":"https:\/\/blog.lesgrossesorchadeslesamplesthalameges.fr\/index.php\/wp-json\/wp\/v2\/pages\/20801\/revisions\/20878"}],"wp:attachment":[{"href":"https:\/\/blog.lesgrossesorchadeslesamplesthalameges.fr\/index.php\/wp-json\/wp\/v2\/media?parent=20801"}],"curies":[{"name":"wp","href":"https:\/\/api.w.org\/{rel}","templated":true}]}}