{"id":20808,"date":"2022-09-23T16:09:13","date_gmt":"2022-09-23T14:09:13","guid":{"rendered":"http:\/\/blog.lesgrossesorchadeslesamplesthalameges.fr\/?page_id=20808"},"modified":"2022-09-23T18:40:28","modified_gmt":"2022-09-23T16:40:28","slug":"la-russie-mobilise","status":"publish","type":"page","link":"https:\/\/blog.lesgrossesorchadeslesamplesthalameges.fr\/index.php\/la-russie-mobilise\/","title":{"rendered":"La Russie mobilise"},"content":{"rendered":"<p>&nbsp;<\/p>\n<p>&nbsp;<\/p>\n<p>&nbsp;<\/p>\n<p>&nbsp;<\/p>\n<p>&nbsp;<\/p>\n<p>&nbsp;<\/p>\n<p>&nbsp;<\/p>\n<p>&nbsp;<\/p>\n<p style=\"text-align: justify;\"><span style=\"font-family: times new roman, times, serif; font-size: 18pt;\"><strong><em>(Fil de discussion pour les abonn\u00e9s)<\/em><\/strong><\/span><\/p>\n<p style=\"text-align: justify;\"><span style=\"font-family: times new roman, times, serif; font-size: 14pt;\"><strong><em>\u00a0<\/em><\/strong><\/span><\/p>\n<p>&nbsp;<\/p>\n<p style=\"text-align: center;\"><span style=\"font-family: times new roman, times, serif; font-size: 42pt;\"><strong>La Russie mobilise<\/strong><\/span><\/p>\n<p>&nbsp;<\/p>\n<p style=\"text-align: center;\"><span style=\"font-size: 28pt;\">Poutine annonce une mobilisation partielle. Parlons-en.<\/span><\/p>\n<p>&nbsp;<\/p>\n<p>&nbsp;<\/p>\n<p style=\"text-align: center;\"><span style=\"font-family: times new roman, times, serif; font-size: 14pt;\"><a href=\"https:\/\/substack.com\/profile\/2738999-edward-slavsquat\"><strong><span style=\"font-size: 18pt;\">Edward Slavsquat<\/span><\/strong><\/a><span style=\"font-size: 18pt;\"><strong> \u2013 <em>Substack<\/em> \u2013 21.9.2022<\/strong><\/span><\/span><\/p>\n<p>&nbsp;<\/p>\n<p style=\"text-align: center;\"><span style=\"font-size: 18pt;\">Traduction : c.l. pour L.G.O.<\/span><\/p>\n<p style=\"text-align: center;\"><span style=\"font-family: times new roman, times, serif; font-size: 18pt;\"><strong>\u00a0<\/strong><\/span><\/p>\n<p>&nbsp;<\/p>\n<p>&nbsp;<\/p>\n<p style=\"text-align: center;\"><span style=\"font-family: times new roman, times, serif; font-size: 14pt;\"><strong>\u00a0<a href=\"http:\/\/blog.lesgrossesorchadeslesamplesthalameges.fr\/index.php\/2022\/09\/23\/lhiver-va-t-il-etre-chaud-finalement\/13-la-russie-mobilise\/\" rel=\"attachment wp-att-20767\"><img loading=\"lazy\" class=\"alignnone wp-image-20767 size-full\" src=\"http:\/\/blog.lesgrossesorchadeslesamplesthalameges.fr\/wp-content\/uploads\/2022\/09\/13.-La-Russie-mobilise.jpg\" alt=\"\" width=\"700\" height=\"524\" srcset=\"https:\/\/blog.lesgrossesorchadeslesamplesthalameges.fr\/wp-content\/uploads\/2022\/09\/13.-La-Russie-mobilise.jpg 700w, https:\/\/blog.lesgrossesorchadeslesamplesthalameges.fr\/wp-content\/uploads\/2022\/09\/13.-La-Russie-mobilise-300x225.jpg 300w\" sizes=\"(max-width: 700px) 100vw, 700px\" \/><\/a><\/strong><\/span><\/p>\n<p>&nbsp;<\/p>\n<p>&nbsp;<\/p>\n<p>&nbsp;<\/p>\n<p style=\"text-align: justify;\"><span style=\"font-family: times new roman, times, serif; font-size: 14pt;\">Poutine a ordonn\u00e9 une mobilisation partielle en Russie. Tr\u00e8s bref r\u00e9sum\u00e9 de <a href=\"https:\/\/tass.com\/politics\/1510979\">ce que cela signifie<\/a> :<\/span><\/p>\n<p>&nbsp;<\/p>\n<p style=\"text-align: justify;\"><span style=\"font-family: times new roman, times, serif; font-size: 14pt;\">La Russie va appeler les r\u00e9servistes, principalement ceux qui ont servi dans l&rsquo;arm\u00e9e. Les citoyens mobilis\u00e9s suivront la formation requise et b\u00e9n\u00e9ficieront des m\u00eames garanties que celles accord\u00e9es au personnel sous contrat. Le gouvernement russe et le minist\u00e8re de la D\u00e9fense assimileront les formations de volontaires du Donbass aux militaires russes dans leur statut.<\/span><\/p>\n<p>&nbsp;<\/p>\n<p style=\"text-align: justify;\"><span style=\"font-family: times new roman, times, serif; font-size: 14pt;\">Les autorit\u00e9s russes r\u00e9soudront \u00e9galement imm\u00e9diatement toutes les questions li\u00e9es \u00e0 l&rsquo;approvisionnement des entreprises du secteur de la D\u00e9fense en fournitures et ressources financi\u00e8res n\u00e9cessaires.<\/span><\/p>\n<p>&nbsp;<\/p>\n<p style=\"text-align: justify;\"><span style=\"font-family: times new roman, times, serif; font-size: 14pt;\">Ou si vous voulez la version longue, le d\u00e9cret (en russe) a \u00e9t\u00e9 <a href=\"http:\/\/kremlin.ru\/events\/president\/news\/69391\">publi\u00e9<\/a> sur le site du Kremlin. Voici une traduction moins qu&rsquo;excellente :<\/span><\/p>\n<p>&nbsp;<\/p>\n<p>&nbsp;<\/p>\n<p style=\"text-align: justify;\"><span style=\"font-family: times new roman, times, serif; font-size: 14pt;\">Conform\u00e9ment aux lois f\u00e9d\u00e9rales du 31 mai 1996 n\u00b0 61-FZ \u00ab\u00a0Sur la D\u00e9fense\u00a0\u00bb, du 26 f\u00e9vrier 1997 n\u00b0 31-FZ \u00ab\u00a0Sur l&rsquo;entra\u00eenement \u00e0 la mobilisation et la mobilisation dans la F\u00e9d\u00e9ration de Russie\u00a0\u00bb et du 28 mars 1998 n\u00b0 53 &#8211; Loi f\u00e9d\u00e9rale \u00ab\u00a0Sur le devoir militaire et le service militaire\u00a0\u00bb, \u00a0je d\u00e9cide :<\/span><\/p>\n<p>&nbsp;<\/p>\n<p style=\"padding-left: 40px;\"><span style=\"font-family: times new roman, times, serif; font-size: 14pt;\">1\/ D&rsquo;annoncer la mobilisation partielle dans la F\u00e9d\u00e9ration de Russie \u00e0 partir du 21 septembre 2022<\/span><\/p>\n<p>&nbsp;<\/p>\n<p style=\"padding-left: 40px;\"><span style=\"font-family: times new roman, times, serif; font-size: 14pt;\">2\/ D\u2019effectuer l&rsquo;appel des citoyens de la F\u00e9d\u00e9ration de Russie pour le service militaire par mobilisation dans les Forces arm\u00e9es de la F\u00e9d\u00e9ration de Russie. Les citoyens de la F\u00e9d\u00e9ration de Russie appel\u00e9s au service militaire par mobilisation ont le statut de personnel militaire servant dans les Forces arm\u00e9es de la F\u00e9d\u00e9ration de Russie en vertu d&rsquo;un contrat.<\/span><\/p>\n<p>&nbsp;<\/p>\n<p style=\"padding-left: 40px;\"><span style=\"font-family: times new roman, times, serif; font-size: 14pt;\">3\/ D\u2019\u00e9tablir que le niveau de r\u00e9mun\u00e9ration des citoyens de la F\u00e9d\u00e9ration de Russie appel\u00e9s au service militaire par mobilisation dans les Forces arm\u00e9es de la F\u00e9d\u00e9ration de Russie correspond au niveau de r\u00e9mun\u00e9ration du personnel militaire servant dans les Forces arm\u00e9es de la F\u00e9d\u00e9ration de Russie sous contrat.<\/span><\/p>\n<p>&nbsp;<\/p>\n<p style=\"padding-left: 40px;\"><span style=\"font-family: times new roman, times, serif; font-size: 14pt;\">4\/ Les contrats de passage du service militaire conclus par les militaires continuent d&rsquo;\u00eatre valables jusqu&rsquo;\u00e0 la fin de la p\u00e9riode de mobilisation partielle, \u00e0 l&rsquo;exception des cas de renvoi des militaires du service militaire pour les motifs \u00e9tablis par le pr\u00e9sent d\u00e9cret.\u2003<\/span><\/p>\n<p>&nbsp;<\/p>\n<p style=\"padding-left: 40px;\"><span style=\"font-family: times new roman, times, serif; font-size: 14pt;\">5\/ D\u2019\u00e9tablir pendant la p\u00e9riode de mobilisation partielle les motifs suivants de renvoi du service militaire des militaires effectuant un service militaire sous contrat, ainsi que des citoyens de la F\u00e9d\u00e9ration de Russie appel\u00e9s au service militaire pour la mobilisation dans les Forces arm\u00e9es de la F\u00e9d\u00e9ration de Russie :<\/span><\/p>\n<p>&nbsp;<\/p>\n<p style=\"padding-left: 80px;\"><span style=\"font-family: times new roman, times, serif; font-size: 14pt;\">a) pour des raisons d&rsquo;\u00e2ge &#8211; lorsqu&rsquo;ils atteignent l&rsquo;\u00e2ge limite pour le service militaire ;<\/span><\/p>\n<p>&nbsp;<\/p>\n<p style=\"padding-left: 80px;\"><span style=\"font-family: times new roman, times, serif; font-size: 14pt;\">b) pour des raisons de sant\u00e9 &#8211; en rapport avec leur reconnaissance par la commission m\u00e9dicale militaire d\u2019inaptitude au service militaire, \u00e0 l&rsquo;exception des militaires qui ont exprim\u00e9 le d\u00e9sir de poursuivre leur service militaire \u00e0 des postes militaires qui peuvent \u00eatre remplac\u00e9s par le personnel militaire sp\u00e9cifi\u00e9 ;<\/span><\/p>\n<p>&nbsp;<\/p>\n<p style=\"padding-left: 80px;\"><span style=\"font-family: times new roman, times, serif; font-size: 14pt;\">c) dans le cadre de l&rsquo;entr\u00e9e en vigueur d&rsquo;une d\u00e9cision de justice portant sur une peine d&#8217;emprisonnement.<\/span><\/p>\n<p>&nbsp;<\/p>\n<p style=\"padding-left: 40px;\"><span style=\"font-family: times new roman, times, serif; font-size: 14pt;\">6\/ Au Gouvernement de la F\u00e9d\u00e9ration de Russie :<\/span><\/p>\n<p>&nbsp;<\/p>\n<p style=\"padding-left: 80px;\"><span style=\"font-family: times new roman, times, serif; font-size: 14pt;\">a) de financer les activit\u00e9s de mobilisation partielle ;<\/span><\/p>\n<p>&nbsp;<\/p>\n<p style=\"padding-left: 80px;\"><span style=\"font-family: times new roman, times, serif; font-size: 14pt;\">b)\u00a0 de prendre les mesures n\u00e9cessaires pour r\u00e9pondre aux besoins des Forces arm\u00e9es de la F\u00e9d\u00e9ration de Russie, d&rsquo;autres troupes, formations et organes militaires pendant la p\u00e9riode de mobilisation partielle.<\/span><\/p>\n<p>&nbsp;<\/p>\n<p style=\"text-align: justify; padding-left: 40px;\"><span style=\"font-family: times new roman, times, serif; font-size: 14pt;\">Pas de 7.<\/span><\/p>\n<p>&nbsp;<\/p>\n<p style=\"padding-left: 40px;\"><span style=\"font-family: times new roman, times, serif; font-size: 14pt;\">8\/ Les plus hauts responsables des entit\u00e9s constitutives de la F\u00e9d\u00e9ration de Russie assurent la conscription des citoyens pour le service militaire en vue de leur mobilisation dans les Forces arm\u00e9es de la F\u00e9d\u00e9ration de Russie, en nombre et dans les d\u00e9lais d\u00e9termin\u00e9s par le minist\u00e8re de la D\u00e9fense de la F\u00e9d\u00e9ration de Russie pour chaque entit\u00e9 constitutive de la F\u00e9d\u00e9ration de Russie.<\/span><\/p>\n<p>&nbsp;<\/p>\n<p style=\"padding-left: 40px;\"><span style=\"font-family: times new roman, times, serif; font-size: 14pt;\">9\/ Accorder aux citoyens de la F\u00e9d\u00e9ration de Russie travaillant dans des organisations du complexe militaro-industriel le droit \u00e0 l&rsquo;ajournement de la conscription pour le service militaire de mobilisation (pour la p\u00e9riode de travail dans ces organisations). Les cat\u00e9gories de citoyens de la F\u00e9d\u00e9ration de Russie qui b\u00e9n\u00e9ficient du droit \u00e0 l&rsquo;ajournement et la proc\u00e9dure d&rsquo;octroi sont d\u00e9termin\u00e9es par le Gouvernement de la F\u00e9d\u00e9ration de Russie.<\/span><\/p>\n<p>&nbsp;<\/p>\n<p style=\"padding-left: 40px;\"><span style=\"font-family: times new roman, times, serif; font-size: 14pt;\">10\/ Le pr\u00e9sent d\u00e9cret entre en vigueur \u00e0 compter du jour de sa publication officielle.<\/span><\/p>\n<p>&nbsp;<\/p>\n<p>&nbsp;<\/p>\n<p style=\"text-align: justify;\"><span style=\"font-family: times new roman, times, serif; font-size: 14pt;\">En tout cas. Mobilisation partielle. <strong>Discussion<\/strong>.<\/span><\/p>\n<p>&nbsp;<\/p>\n<p style=\"text-align: justify;\"><span style=\"font-family: times new roman, times, serif; font-size: 14pt;\">Nous avons notre propre interpr\u00e9tation de ce d\u00e9veloppement tr\u00e8s important, mais nous y reviendrons plus tard. Pour l\u2019instant, \u00e9coutez plut\u00f4t du Bach\u00a0:<\/span><\/p>\n<p>&nbsp;<\/p>\n<p>&nbsp;<\/p>\n<p style=\"text-align: center;\"><strong><span style=\"font-family: times new roman, times, serif; font-size: 24pt;\">J.S. Bach \/ Herr, gehe nicht ins Gericht mit deinem Knecht, BWV 105 (Herreweghe)<\/span><\/strong><\/p>\n<p>&nbsp;<\/p>\n<p style=\"text-align: center;\"><span style=\"font-family: times new roman, times, serif; font-size: 18pt;\"><em>(Seigneur, n\u2019entre pas en jugement avec ton serviteur.)<\/em><\/span><\/p>\n<p>&nbsp;<\/p>\n<p>&nbsp;<\/p>\n<p style=\"text-align: center;\"><iframe loading=\"lazy\" title=\"YouTube video player\" src=\"\/\/www.youtube.com\/embed\/zqx6ATXXTNI\" width=\"560\" height=\"315\" frameborder=\"0\" allowfullscreen=\"allowfullscreen\"><\/iframe><\/p>\n<p>&nbsp;<\/p>\n<p>&nbsp;<\/p>\n<p style=\"text-align: left;\"><span style=\"font-family: times new roman, times, serif; font-size: 18pt;\"><strong><em>Pour la petite histoire : en \u00e9crivant cette cantate, Bach regardait par sa fen\u00eatre une ville qui br\u00fblait.<\/em><\/strong><\/span><\/p>\n<p>&nbsp;<\/p>\n<p>&nbsp;<\/p>\n<p style=\"text-align: left;\"><span style=\"font-family: times new roman, times, serif; font-size: 14pt;\">Source\u00a0: <a href=\"https:\/\/edwardslavsquat.substack.com\/p\/russia-mobilizes-open-thread?utm_source=profile&amp;utm_medium=reader2\">Russia mobilizes: Open thread &#8211; Edward Slavsquat (substack.com)<\/a><\/span><\/p>\n<p>&nbsp;<\/p>\n<p style=\"text-align: left;\"><strong><span style=\"font-family: times new roman, times, serif; font-size: 14pt;\">URL de cet article : <\/span><\/strong><a href=\"http:\/\/blog.lesgrossesorchadeslesamplesthalameges.fr\/index.php\/la-russie-mobilise\/\"><span style=\"font-family: times new roman, times, serif; font-size: 14pt;\">http:\/\/blog.lesgrossesorchadeslesamplesthalameges.fr\/index.php\/la-russie-mobilise\/<\/span><\/a><strong><span style=\"font-family: times new roman, times, serif; font-size: 14pt;\"><br \/>\n<\/span><\/strong><\/p>\n<p>&nbsp;<\/p>\n<p>&nbsp;<\/p>\n<p>&nbsp;<\/p>\n<p style=\"text-align: center;\"><a href=\"http:\/\/blog.lesgrossesorchadeslesamplesthalameges.fr\/index.php\/2022\/09\/23\/lhiver-va-t-il-etre-chaud-finalement\/000-lettre-z-saint-georges-gif-2\/\" rel=\"attachment wp-att-20871\"><img loading=\"lazy\" class=\"alignnone size-full wp-image-20871\" src=\"http:\/\/blog.lesgrossesorchadeslesamplesthalameges.fr\/wp-content\/uploads\/2022\/09\/000.-Lettre-Z-Saint-georges-GIF.gif\" alt=\"\" width=\"150\" height=\"109\" \/><\/a><\/p>\n<p>&nbsp;<\/p>\n<p>&nbsp;<\/p>\n<p style=\"text-align: right;\"><span style=\"font-family: comic sans ms, sans-serif; font-size: 14pt;\">Septembre 2022<\/span><\/p>\n<p>&nbsp;<\/p>\n<p>&nbsp;<\/p>\n<p>&nbsp;<\/p>\n","protected":false},"excerpt":{"rendered":"<p>&nbsp; &nbsp; &nbsp; &nbsp; &nbsp; &nbsp; &nbsp; &nbsp; (Fil de discussion pour les abonn\u00e9s) \u00a0 &nbsp; La Russie mobilise &nbsp; Poutine annonce une mobilisation partielle. Parlons-en. &nbsp; &nbsp; Edward Slavsquat \u2013 Substack \u2013 21.9.2022 &nbsp; Traduction : c.l. pour L.G.O. \u00a0 &nbsp; &nbsp; \u00a0 &nbsp; &nbsp; &nbsp; Poutine a ordonn\u00e9 une mobilisation partielle en Russie&#8230;.<\/p>\n","protected":false},"author":1,"featured_media":0,"parent":0,"menu_order":0,"comment_status":"open","ping_status":"open","template":"","meta":[],"_links":{"self":[{"href":"https:\/\/blog.lesgrossesorchadeslesamplesthalameges.fr\/index.php\/wp-json\/wp\/v2\/pages\/20808"}],"collection":[{"href":"https:\/\/blog.lesgrossesorchadeslesamplesthalameges.fr\/index.php\/wp-json\/wp\/v2\/pages"}],"about":[{"href":"https:\/\/blog.lesgrossesorchadeslesamplesthalameges.fr\/index.php\/wp-json\/wp\/v2\/types\/page"}],"author":[{"embeddable":true,"href":"https:\/\/blog.lesgrossesorchadeslesamplesthalameges.fr\/index.php\/wp-json\/wp\/v2\/users\/1"}],"replies":[{"embeddable":true,"href":"https:\/\/blog.lesgrossesorchadeslesamplesthalameges.fr\/index.php\/wp-json\/wp\/v2\/comments?post=20808"}],"version-history":[{"count":11,"href":"https:\/\/blog.lesgrossesorchadeslesamplesthalameges.fr\/index.php\/wp-json\/wp\/v2\/pages\/20808\/revisions"}],"predecessor-version":[{"id":20880,"href":"https:\/\/blog.lesgrossesorchadeslesamplesthalameges.fr\/index.php\/wp-json\/wp\/v2\/pages\/20808\/revisions\/20880"}],"wp:attachment":[{"href":"https:\/\/blog.lesgrossesorchadeslesamplesthalameges.fr\/index.php\/wp-json\/wp\/v2\/media?parent=20808"}],"curies":[{"name":"wp","href":"https:\/\/api.w.org\/{rel}","templated":true}]}}