{"id":2082,"date":"2019-01-28T23:55:45","date_gmt":"2019-01-28T22:55:45","guid":{"rendered":"http:\/\/blog.lesgrossesorchadeslesamplesthalameges.fr\/?page_id=2082"},"modified":"2019-01-29T00:30:42","modified_gmt":"2019-01-28T23:30:42","slug":"la-russie-envoie-des-militaires-prives-au-venezuela","status":"publish","type":"page","link":"https:\/\/blog.lesgrossesorchadeslesamplesthalameges.fr\/index.php\/la-russie-envoie-des-militaires-prives-au-venezuela\/","title":{"rendered":"La Russie envoie des militaires priv\u00e9s au Venezuela"},"content":{"rendered":"<p>&nbsp;<\/p>\n<p>&nbsp;<\/p>\n<p>&nbsp;<\/p>\n<p>&nbsp;<\/p>\n<p style=\"text-align: center;\"><span style=\"font-family: times new roman, times, serif; font-size: 36pt;\"><strong>La Russie envoie des militaires priv\u00e9s au Venezuela pour prot\u00e9ger Maduro<\/strong><\/span><\/p>\n<p>&nbsp;<\/p>\n<p style=\"text-align: center;\"><span style=\"font-family: times new roman, times, serif; font-size: 14pt;\"><span style=\"font-size: 18pt;\"><a href=\"https:\/\/russia-insider.com\/en\/tyler_durden\"><strong>Tyler Durden<\/strong><\/a><strong> (<\/strong><strong><a href=\"https:\/\/russia-insider.com\/en\/zerohedge-0\">Zerohedge<\/a><\/strong><strong>) \u2013 <em>Russia Insider<\/em> \u2013<\/strong><\/span>26.1.2019<\/span><\/p>\n<p>&nbsp;<\/p>\n<p style=\"text-align: justify;\"><span style=\"font-family: times new roman, times, serif; font-size: 14pt;\">Tandis que la communaut\u00e9 internationale se divise en gouvernements qui soutiennent Nicolas Maduro et gouvernements sous houlette US qui reconnaissent officiellement le leader de l\u2019opposition Juan Guaido pour chef de l\u2019\u00c9tat, Reuters rapporte qu\u2019un groupe de militaires priv\u00e9s russes a \u00e9t\u00e9 envoy\u00e9 au Venezuela pour assurer la protection\u00a0 physique de Nicolas Maduro, aux prises avec la plus grande menace encourue par son gouvernement depuis six ans qu\u2019il est au pouvoir.<\/span><\/p>\n<p>&nbsp;<\/p>\n<p>&nbsp;<\/p>\n<p style=\"text-align: center;\"><img loading=\"lazy\" class=\"alignnone wp-image-2055\" src=\"http:\/\/blog.lesgrossesorchadeslesamplesthalameges.fr\/wp-content\/uploads\/2019\/01\/Carte-russian-insider-GIF-1-300x189.gif\" alt=\"\" width=\"500\" height=\"315\" \/><\/p>\n<p>&nbsp;<\/p>\n<p>&nbsp;<\/p>\n<p style=\"text-align: justify;\"><span style=\"font-family: times new roman, times, serif; font-size: 14pt;\">Les sous-traitants, qui appartiennent au groupe Wagner, sont des agents militaires du priv\u00e9 qui ont rempli des missions secr\u00e8tes pour le compte du gouvernement, par exemple en Syrie et en Ukraine. (On se rappelle notamment l\u2019incident de f\u00e9vrier dernier o\u00f9 des mercenaires combattant pour le compte des USA <a href=\"https:\/\/www.zerohedge.com\/news\/2018-02-13\/us-strikes-kill-100-russian-soldiers-syria\">ont tu\u00e9 100 mercenaires russes<\/a> dans ce qui a \u00e9t\u00e9 le plus proche d\u2019une guerre directe par procuration entre la Russie et les USA champ de bataille syrien). On ne sait pas au juste quand ces sous-traitants sont arriv\u00e9s ni quand ils ont l\u2019intention de partir. La Russie a offert sa m\u00e9diation dans le conflit qui oppose Maduro et Guaido, <a href=\"https:\/\/www.zerohedge.com\/news\/2019-01-24\/china-joins-russia-slamming-us-interference-venezuela\">tout en joignant sa voix \u00e0 celle de la Chine\u00a0 pour critiquer l\u2019ing\u00e9rence US dans les affaires v\u00e9n\u00e9zu\u00e9liennes<\/a>.<\/span><\/p>\n<p style=\"text-align: justify;\"><span style=\"font-family: times new roman, times, serif; font-size: 14pt;\">La Russie, qui a investi des milliards de dollars dans le r\u00e9gime <em>[?! ndt]<\/em> de Maduro, s\u2019est engag\u00e9e cette semaine \u00e0 soutenir le dirigeant assi\u00e9g\u00e9. Evgeny Chabayev, qui dirige la bran che locale d\u2019un groupe paramilitaire a dit \u00e0 Reuters qu\u2019il avait entendu dire que le nombre des sp\u00e9cialistes en protection priv\u00e9e envoy\u00e9s au Venezuaela \u00e9tait d\u2019environ 400. Le minist\u00e8re vde la D\u00e9ense de Russie et le minist\u00e8re de l\u2019Information du Venezuela, interrog\u00e9s, n\u2019ont pas donn\u00e9 suite aux demandes de commentaires. \u00ab\u00a0Nous ne poss\u00e9dons pas ce genre d\u2019information\u00a0\u00bb a r\u00e9pondu le porte-parole du Kremlin, Dmitry Peskov, lorsqu\u2019on lui a pos\u00e9 des questions sur les gardes rapproch\u00e9s.<\/span><\/p>\n<p>&nbsp;<\/p>\n<p>&nbsp;<\/p>\n<p style=\"text-align: center;\"><img loading=\"lazy\" class=\"alignnone wp-image-2102\" src=\"http:\/\/blog.lesgrossesorchadeslesamplesthalameges.fr\/wp-content\/uploads\/2019\/01\/Maduro-Poutine-1-300x172.png\" alt=\"\" width=\"600\" height=\"344\" srcset=\"https:\/\/blog.lesgrossesorchadeslesamplesthalameges.fr\/wp-content\/uploads\/2019\/01\/Maduro-Poutine-1-300x172.png 300w, https:\/\/blog.lesgrossesorchadeslesamplesthalameges.fr\/wp-content\/uploads\/2019\/01\/Maduro-Poutine-1.png 500w\" sizes=\"(max-width: 600px) 100vw, 600px\" \/><\/p>\n<p>&nbsp;<\/p>\n<p>&nbsp;<\/p>\n<p style=\"text-align: justify;\"><span style=\"font-family: times new roman, times, serif; font-size: 14pt;\">Ceux-ci sont arriv\u00e9s au Venezuela \u00e0 bord d\u2019avions charters priv\u00e9s qui ont d\u2019abord fait escale \u00e0 Cuba. Ils ont pour t\u00e2che d\u2019emp\u00eacher des sympathisants de l\u2019opposition ou d\u2019\u00e9ventuels membres d\u00e9loyaux des propres arm\u00e9es de Maduro de le capturer et de le d\u00e9tenir.<\/span><\/p>\n<p style=\"text-align: justify;\"><span style=\"font-family: times new roman, times, serif; font-size: 14pt;\">\u00ab\u00a0Nos gens sont l\u00e0 pour assurer sa protection directe\u00a0\u00bb a dit Chavbayev, se r\u00e9f\u00e9rant \u00e0 la tentative de coup d\u2019\u00c9tat par des officiers ren\u00e9gats au d\u00e9but de cette semaine.<\/span><\/p>\n<p style=\"text-align: justify;\"><span style=\"font-family: times new roman, times, serif; font-size: 14pt;\">Nous avons appris de notre source qu\u2019un groupe de ces militaires du priv\u00e9 est arriv\u00e9 au Venezuela avant les \u00e9lections de l\u2019an dernier \u2013 remport\u00e9es par Maduro et qui lui ont valu un autre mandat de six ans \u2013 mais qu\u2019un autre groupe est arriv\u00e9 \u00ab\u00a0plus r\u00e9cemment\u00a0\u00bb.<\/span><\/p>\n<p style=\"text-align: justify;\"><span style=\"font-family: times new roman, times, serif; font-size: 14pt;\">Les donn\u00e9es publiques de suivi des vols laissent penser que ce dernier groupe de sous-traitants a d\u00fb arriver entre la mi-d\u00e9cembre et la semaine derni\u00e8re.<\/span><\/p>\n<p style=\"text-align: justify;\"><span style=\"font-family: times new roman, times, serif; font-size: 14pt;\">\u00c0 la question de savoir si ce d\u00e9ploiement \u00e9tait li\u00e9 \u00e0 la protection de Maduro, une autre source nous a r\u00e9pondu \u00ab\u00a0c\u2019est directement li\u00e9\u00a0\u00bb. Les militaires ne sont pas arriv\u00e9s au Venezuela en provenance de Moscou, mais de pays tiers o\u00f9 ils avaient rempli d\u2019autres missions. Une troisi\u00e8me source, proche des sous-traitants militaires nous a confirm\u00e9 qu\u2019il y en avait bien un contingent au Venezuela, mais n\u2019a pas pu nous fournir d\u2019autres d\u00e9tails. \u00ab\u00a0Ils ne sont pas arriv\u00e9s en foule\u00a0\u00bb nous a-t-il dit. Les donn\u00e9es de suivi des vols accessibles au public montrent qu\u2019un certain nombre d\u2019avions du gouvernement russe ont atterri au Venezuela ou dans des endroits proches au cours des derni\u00e8res semaines, mais rien ne prouve que ces vols avaient quelque chose \u00e0 voir avec les assistants militaires. Un Iliouchine 96 russe est arriv\u00e9 \u00e0 La Havane mercredi, apr\u00e8s avoir d\u00e9coll\u00e9 de Moscou et \u00eatre pass\u00e9 par le S\u00e9n\u00e9gal et le Paraguay.<\/span><\/p>\n<p style=\"text-align: justify;\"><span style=\"font-family: times new roman, times, serif; font-size: 14pt;\">L\u2019avion, un jet civil, appartient \u00e0 un d\u00e9partement de l\u2019administration pr\u00e9sidentielle, d\u2019apr\u00e8s un contrat d\u2019approvisionnement de l\u2019appareil accessible au public.<\/span><\/p>\n<p style=\"text-align: justify;\"><span style=\"font-family: times new roman, times, serif; font-size: 14pt;\">Entre le 10 et le 14 d\u00e9cembre, un avion-cargo lourd Antonov-124 et un avion de transport Iliouchine76 ont effectu\u00e9 des vols entre la Russie et Caracas, toujours d\u2019apr\u00e8s les donn\u00e9es de suivi des vols. Un autre Iliouchine 76 a stationn\u00e9 \u00e0 Caracas entre le 12 et le 21 d\u00e9cembre. D\u2019apr\u00e8s les m\u00eames donn\u00e9es, les trois appareils appartiennent \u00e0 la Force A\u00e9rienne Russe.<\/span><\/p>\n<p style=\"text-align: justify;\"><span style=\"font-family: times new roman, times, serif; font-size: 14pt;\"><strong>Depuis que Guaido s\u2019est auto-proclam\u00e9 pr\u00e9sident en exercice, Maduro a ordonn\u00e9 l\u2019expulsion des diplomates US, tout en promettant de ne jamais se d\u00e9sister.\u00a0Il a menac\u00e9 d\u2019user de violence contre ceux qui soutiennent l\u2019opposition. <\/strong>Maduro garde le contr\u00f4le des leviers du pouvoir, y compris ceux de l\u2019industrie \u00e9nerg\u00e9tique et de l\u2019arm\u00e9e, m\u00eame si, ind\u00e9pendamment du fait que les chefs militaires l\u2019aient assur\u00e9s de leur loyaut\u00e9, celle des troupes sur le terrain ne va pas n\u00e9cessairement de soi. Maduro a accus\u00e9 les \u00c9tats \u2013Unis de mener campagne pour que l\u2019opposition v\u00e9n\u00e9zu\u00e9lienne passe \u00e0 l\u2019action contre le gouvernement<\/span><\/p>\n<p><span style=\"font-family: times new roman, times, serif; font-size: 14pt;\">Source : <a href=\"https:\/\/russia-insider.com\/en\/russia-sends-security-contractors-venezuela-protect-maduro\/ri26044\">https:\/\/russia-insider.com\/en\/russia-sends-security-contractors-venezuela-protect-maduro\/ri26044<\/a><\/span><\/p>\n<p><span style=\"font-family: times new roman, times, serif; font-size: 14pt;\">Source d\u2019origine : <a href=\"https:\/\/www.zerohedge.com\/news\/2019-01-25\/russia-sends-security-contractors-venezuela-protect-maduro\">Zerohedge<\/a><\/span><\/p>\n<p>&nbsp;<\/p>\n<p style=\"text-align: right;\"><span style=\"font-family: times new roman, times, serif; font-size: 14pt;\">Traduction\u00a0: c.l. pour Les Grosses Orchades<\/span><\/p>\n<p>&nbsp;<\/p>\n<p>&nbsp;<\/p>\n<p style=\"text-align: center;\"><img loading=\"lazy\" class=\"alignnone size-full wp-image-2094\" src=\"http:\/\/blog.lesgrossesorchadeslesamplesthalameges.fr\/wp-content\/uploads\/2019\/01\/000.-russep-x-7.gif\" alt=\"\" width=\"50\" height=\"50\" \/><\/p>\n<p>&nbsp;<\/p>\n<p>&nbsp;<\/p>\n<p><span style=\"font-family: comic sans ms, sans-serif; font-size: 18pt; color: #c00000;\"><strong>Mais Moscou d\u00e9ment\u00a0:<\/strong><\/span><\/p>\n<p>&nbsp;<\/p>\n<p style=\"text-align: center;\"><img loading=\"lazy\" class=\"alignnone size-full wp-image-2103\" src=\"http:\/\/blog.lesgrossesorchadeslesamplesthalameges.fr\/wp-content\/uploads\/2019\/01\/0.-freccia-nera-piccola-xx-6.gif\" alt=\"\" width=\"46\" height=\"46\" \/><\/p>\n<p style=\"text-align: center;\"><span style=\"font-family: times new roman, times, serif; font-size: 18pt;\"><a href=\"https:\/\/fr.sputniknews.com\/international\/201901271039802588-moscou-presence-militaire-presumee-venezuela\/\"><strong>https:\/\/fr.sputniknews.com\/international\/201901271039802588-moscou-presence-militaire-presumee-venezuela\/<\/strong><\/a><\/span><\/p>\n<p>&nbsp;<\/p>\n<p>&nbsp;<\/p>\n<p><strong><span style=\"font-family: comic sans ms, sans-serif; font-size: 14pt; color: #c00000;\">Esp\u00e9rons que M. Peskov ait appris quelques ficelles de ses partenaires occidentaux et que ce d\u00e9menti soit purement diplomatique<\/span><\/strong><\/p>\n<p>&nbsp;<\/p>\n<p>&nbsp;<\/p>\n<p style=\"text-align: center;\"><img loading=\"lazy\" class=\"alignnone size-full wp-image-2094\" src=\"http:\/\/blog.lesgrossesorchadeslesamplesthalameges.fr\/wp-content\/uploads\/2019\/01\/000.-russep-x-7.gif\" alt=\"\" width=\"50\" height=\"50\" \/><\/p>\n<p>&nbsp;<\/p>\n<p>&nbsp;<\/p>\n<p style=\"text-align: right;\"><span style=\"font-family: comic sans ms, sans-serif; font-size: 14pt;\">28 janvier 2019<\/span><\/p>\n<p>&nbsp;<\/p>\n<p>&nbsp;<\/p>\n","protected":false},"excerpt":{"rendered":"<p>&nbsp; &nbsp; &nbsp; &nbsp; La Russie envoie des militaires priv\u00e9s au Venezuela pour prot\u00e9ger Maduro &nbsp; Tyler Durden (Zerohedge) \u2013 Russia Insider \u201326.1.2019 &nbsp; Tandis que la communaut\u00e9 internationale se divise en gouvernements qui soutiennent Nicolas Maduro et gouvernements sous houlette US qui reconnaissent officiellement le leader de l\u2019opposition Juan Guaido pour chef de l\u2019\u00c9tat,&#8230;<\/p>\n","protected":false},"author":1,"featured_media":0,"parent":0,"menu_order":0,"comment_status":"open","ping_status":"open","template":"","meta":[],"_links":{"self":[{"href":"https:\/\/blog.lesgrossesorchadeslesamplesthalameges.fr\/index.php\/wp-json\/wp\/v2\/pages\/2082"}],"collection":[{"href":"https:\/\/blog.lesgrossesorchadeslesamplesthalameges.fr\/index.php\/wp-json\/wp\/v2\/pages"}],"about":[{"href":"https:\/\/blog.lesgrossesorchadeslesamplesthalameges.fr\/index.php\/wp-json\/wp\/v2\/types\/page"}],"author":[{"embeddable":true,"href":"https:\/\/blog.lesgrossesorchadeslesamplesthalameges.fr\/index.php\/wp-json\/wp\/v2\/users\/1"}],"replies":[{"embeddable":true,"href":"https:\/\/blog.lesgrossesorchadeslesamplesthalameges.fr\/index.php\/wp-json\/wp\/v2\/comments?post=2082"}],"version-history":[{"count":0,"href":"https:\/\/blog.lesgrossesorchadeslesamplesthalameges.fr\/index.php\/wp-json\/wp\/v2\/pages\/2082\/revisions"}],"wp:attachment":[{"href":"https:\/\/blog.lesgrossesorchadeslesamplesthalameges.fr\/index.php\/wp-json\/wp\/v2\/media?parent=2082"}],"curies":[{"name":"wp","href":"https:\/\/api.w.org\/{rel}","templated":true}]}}