{"id":20838,"date":"2022-09-23T17:01:19","date_gmt":"2022-09-23T15:01:19","guid":{"rendered":"http:\/\/blog.lesgrossesorchadeslesamplesthalameges.fr\/?page_id=20838"},"modified":"2022-09-23T18:44:45","modified_gmt":"2022-09-23T16:44:45","slug":"il-faut-en-finir-avec-twitter","status":"publish","type":"page","link":"https:\/\/blog.lesgrossesorchadeslesamplesthalameges.fr\/index.php\/il-faut-en-finir-avec-twitter\/","title":{"rendered":"Il faut en finir avec Twitter"},"content":{"rendered":"<p>&nbsp;<\/p>\n<p>&nbsp;<\/p>\n<p>&nbsp;<\/p>\n<p>&nbsp;<\/p>\n<p>&nbsp;<\/p>\n<p>&nbsp;<\/p>\n<p>&nbsp;<\/p>\n<p>&nbsp;<\/p>\n<p style=\"text-align: center;\"><span style=\"font-family: times new roman, times, serif; font-size: 36pt;\"><strong>Il faut en finir avec Twitter<\/strong><\/span><\/p>\n<p style=\"text-align: center;\"><span style=\"font-family: times new roman, times, serif; font-size: 36pt;\"><strong>\u00a0<\/strong><\/span><\/p>\n<p style=\"text-align: center;\"><span style=\"font-family: times new roman, times, serif; font-size: 18pt;\"><strong>Steve Brown \u2013 <em>TheDuran<\/em> \u2013 18.9.2022<\/strong><\/span><\/p>\n<p style=\"text-align: center;\"><span style=\"font-family: times new roman, times, serif; font-size: 18pt;\"><strong>\u00a0<\/strong><\/span><\/p>\n<p style=\"text-align: center;\"><span style=\"font-family: times new roman, times, serif; font-size: 18pt;\">Traduction\u00a0:<strong> c.l. <\/strong>pour<strong> <em>L.G.O.<\/em><\/strong><\/span><\/p>\n<p style=\"text-align: center;\"><span style=\"font-family: times new roman, times, serif; font-size: 18pt;\"><strong><em>\u00a0<\/em><\/strong><\/span><\/p>\n<p>&nbsp;<\/p>\n<p style=\"text-align: justify;\"><span style=\"font-family: times new roman, times, serif; font-size: 14pt;\"><strong><em>\u00a0<\/em><\/strong><\/span><\/p>\n<p style=\"text-align: center;\"><span style=\"font-family: times new roman, times, serif; font-size: 14pt;\"><strong><em>\u00a0<a href=\"http:\/\/blog.lesgrossesorchadeslesamplesthalameges.fr\/index.php\/2022\/09\/23\/lhiver-va-t-il-etre-chaud-finalement\/16-twitter-no-gif\/\" rel=\"attachment wp-att-20784\"><img loading=\"lazy\" class=\"alignnone wp-image-20784 size-medium\" src=\"http:\/\/blog.lesgrossesorchadeslesamplesthalameges.fr\/wp-content\/uploads\/2022\/09\/16.-TWITTER-NO-GIF-300x300.gif\" alt=\"\" width=\"300\" height=\"300\" srcset=\"https:\/\/blog.lesgrossesorchadeslesamplesthalameges.fr\/wp-content\/uploads\/2022\/09\/16.-TWITTER-NO-GIF-300x300.gif 300w, https:\/\/blog.lesgrossesorchadeslesamplesthalameges.fr\/wp-content\/uploads\/2022\/09\/16.-TWITTER-NO-GIF-150x150.gif 150w\" sizes=\"(max-width: 300px) 100vw, 300px\" \/><\/a><\/em><\/strong><\/span><\/p>\n<p style=\"text-align: justify;\"><span style=\"font-family: times new roman, times, serif; font-size: 14pt;\"><strong>\u00a0<\/strong><\/span><\/p>\n<p>&nbsp;<\/p>\n<p style=\"text-align: justify;\"><span style=\"font-family: times new roman, times, serif; font-size: 14pt;\"><strong>\u00a0<\/strong><\/span><\/p>\n<p style=\"text-align: justify;\"><span style=\"font-family: times new roman, times, serif; font-size: 14pt;\">Twitter est maintenant assi\u00e9g\u00e9 par un sinistre groupe de vandales et de trolls num\u00e9riques pro-OTAN appel\u00e9 \u00ab\u00a0NAFO\u00a0\u00bb.\u00a0<\/span><span style=\"font-family: times new roman, times, serif; font-size: 14pt;\">Voir ici : <a href=\"https:\/\/en.wikipedia.org\/wiki\/NAFO_(group)\">https:\/\/en.wikipedia.org\/wiki\/NAFO_(group)<\/a><\/span><\/p>\n<p>&nbsp;<\/p>\n<p style=\"text-align: justify;\"><span style=\"font-family: times new roman, times, serif; font-size: 14pt;\">Ces comptes NAFO, dont beaucoup sont des <em>bots<\/em>, c&rsquo;est-\u00e0-dire des doublons, ont \u00e9t\u00e9 cr\u00e9\u00e9s en grande partie par des hackers ukrainiens et des sp\u00e9cialistes U.S. de l&rsquo;<a href=\"https:\/\/fr.wikipedia.org\/wiki\/OPSEC\">OPSEC<\/a>*, des substituts de l&rsquo;OTAN, avec de nombreux \u00ab\u00a0fans de l&rsquo;OTAN\u00a0\u00bb d\u00e9lirants, qui se sont regroup\u00e9s sur Twitter pour harceler en masse toute voix critique \u00e0 l&rsquo;\u00e9gard du soutien des \u00c9tats-Unis et de l&rsquo;OTAN au r\u00e9gime de Zelenski, ou du soutien occidental \u00e0 l&rsquo;escalade militariste en Ukraine.<\/span><\/p>\n<p>&nbsp;<\/p>\n<p style=\"text-align: justify;\"><span style=\"font-family: times new roman, times, serif; font-size: 14pt;\">Il y a litt\u00e9ralement des milliers et des milliers de ces comptes NAFO sur Twitter, la plupart apparaissant depuis mai, avec un d\u00e9luge de comptes en \u00e9t\u00e9. Par le biais d&rsquo;une sorte de mentalit\u00e9 de troupeau de hackers, la NAFO a militaris\u00e9 la plateforme Twitter. Le harc\u00e8lement par les comptes de la NAFO de tout sentiment anti-OTAN\/occidental sur Twitter a mis fin \u00e0 tout discours raisonnable sur l&rsquo;op\u00e9ration militaire sp\u00e9ciale en Ukraine <em>[OMS]<\/em> de la Russie ou sur, par exemple, le surarmement des forces arm\u00e9es ukrainiennes par l&rsquo;OTAN. Mais le plus alarmant est que les trolls de la NAFO prof\u00e8rent fr\u00e9quemment en ligne des menaces violentes \u00e0 l&rsquo;encontre de ceux qui ne sont pas d&rsquo;accord avec leur d\u00e9lire.<\/span><\/p>\n<p>&nbsp;<\/p>\n<p>&nbsp;<\/p>\n<p>&nbsp;<\/p>\n<p style=\"text-align: center;\"><a href=\"http:\/\/blog.lesgrossesorchadeslesamplesthalameges.fr\/index.php\/il-faut-en-finir-avec-twitter\/27-trumpers-tankies\/\" rel=\"attachment wp-att-20839\"><img loading=\"lazy\" class=\"alignnone wp-image-20839 size-full\" src=\"http:\/\/blog.lesgrossesorchadeslesamplesthalameges.fr\/wp-content\/uploads\/2022\/09\/27.-Trumpers-tankies.jpg\" alt=\"\" width=\"600\" height=\"692\" srcset=\"https:\/\/blog.lesgrossesorchadeslesamplesthalameges.fr\/wp-content\/uploads\/2022\/09\/27.-Trumpers-tankies.jpg 600w, https:\/\/blog.lesgrossesorchadeslesamplesthalameges.fr\/wp-content\/uploads\/2022\/09\/27.-Trumpers-tankies-260x300.jpg 260w\" sizes=\"(max-width: 600px) 100vw, 600px\" \/><\/a><\/p>\n<p>&nbsp;<\/p>\n<p>&nbsp;<\/p>\n<p>&nbsp;<\/p>\n<p style=\"text-align: justify;\"><span style=\"font-family: times new roman, times, serif; font-size: 14pt;\">Il semble que le m\u00e9ga-malfaiteur Adam Kinzinger, membre du Congr\u00e8s U.S, soit en grande partie \u00e0 l&rsquo;origine de cet extr\u00e9misme militant de la NAFO, peut-\u00eatre sur l&rsquo;ordre de Langley-MI6 et du SBU ; ou peut-\u00eatre simplement sur la base de sa propre vision extr\u00e9miste malade et tordue du monde, celle des \u00ab\u00a0nouveaux n\u00e9ocons\u00a0\u00bb. Soit dit en passant, on peut s&rsquo;interroger sur le sort des habitants de l&rsquo;Illinois qui n\u2019ont pas eu peur d\u2019\u00e9lire un fanatique de l&rsquo;OTAN aussi vil.<\/span><\/p>\n<p>&nbsp;<\/p>\n<p style=\"text-align: justify;\"><span style=\"font-family: times new roman, times, serif; font-size: 14pt;\">Bien entendu, ce qui pr\u00e9c\u00e8de n&rsquo;a aucune incidence r\u00e9elle sur l&rsquo;\u00e9volution de l&rsquo;OMS. Je ne le signale que pour illustrer le niveau sous-humain d&rsquo;\u00ab\u00a0intelligence\u00a0\u00bb qu\u2019on rencontre chez ces voyous de la NAFO. Imaginez ce qui se passerait si des comptes sympathisants de l&rsquo;OMS prof\u00e9raient ce genre de menaces violentes \u00e0 l&rsquo;encontre des Ukrainiens ?&#8230; ou des Britanniques ou des Am\u00e9ricains ? Ils seraient suspendus en un clin d&rsquo;\u0153il. Mais Twitter ne fait rien lorsque des Russes ou des personnes sympathisantes des objectifs de l\u2019OMS sont violemment menac\u00e9s. \u00c0 ce titre, Twitter doit \u00eatre ferm\u00e9. Twitter ne suit m\u00eame pas ses propres r\u00e8gles de comportement.<\/span><\/p>\n<p>&nbsp;<\/p>\n<p style=\"text-align: justify;\"><span style=\"font-family: times new roman, times, serif; font-size: 14pt;\">Maintenant, le fait que le r\u00e9gime de Kiev ne se soit pas conform\u00e9 aux accords \u00a0de Minsk-2, et que l&rsquo;\u00c9tat U.S. ait exhort\u00e9 Kiev \u00e0 ne pas honorer sa signature du trait\u00e9, attribue v\u00e9ritablement la responsabilit\u00e9 de ce conflit \u00e0 l&rsquo;\u00c9tat U.S., \u00e0 l&rsquo;OTAN et \u00e0 Kiev. Mais bien s\u00fbr, c&rsquo;est un r\u00e9cit que vous ne lirez ni n&rsquo;entendrez jamais dans les m\u00e9dias occidentaux align\u00e9s.<\/span><\/p>\n<p>&nbsp;<\/p>\n<p style=\"text-align: justify;\"><span style=\"font-family: times new roman, times, serif; font-size: 14pt;\">Quoi qu&rsquo;il en soit, la plupart des pragmatiques politiques comprennent et sentent que l&rsquo;escalade qui se produit en Ukraine est le signe avant-coureur d&rsquo;une guerre mondiale pure et simple. Les militants n\u00e9o-n\u00e9oconservateurs extr\u00e9mistes comme Kinzinger et Lyndsey Graham, l&rsquo;\u00c9tat U.S. et les autocrates de l&rsquo;UE, n&rsquo;ont ni frein ni marche arri\u00e8re \u00e0 leur camion fou. Tandis que la Russie refuse de compromettre sa s\u00e9curit\u00e9, rien que pour permettre \u00e0 l&rsquo;h\u00e9g\u00e9mon am\u00e9ricain et \u00e0 son OTAN de s&rsquo;\u00e9tendre et de la menacer \u00e0 loisir.<\/span><\/p>\n<p>&nbsp;<\/p>\n<p style=\"text-align: justify;\"><span style=\"font-family: times new roman, times, serif; font-size: 14pt;\">Mais comme l&rsquo;a \u00e9crit Pepe Escobar : \u00ab <em>L&rsquo;Empire du chaos, c\u2019est l&rsquo;Occident collectif ; et \u00e0 mesure que son h\u00e9g\u00e9monie s&rsquo;effondre, le chaos invoqu\u00e9 par l&rsquo;h\u00e9g\u00e9monie d\u00e9faillante des \u00c9tats-Unis va devenir de plus en plus grand&#8230;<\/em>\u00a0\u00bb<\/span><\/p>\n<p>&nbsp;<\/p>\n<p style=\"text-align: justify;\"><span style=\"font-family: times new roman, times, serif; font-size: 14pt;\">______________\u00a0\u00a0<\/span><\/p>\n<p style=\"text-align: justify;\"><span style=\"font-family: times new roman, times, serif; font-size: 14pt;\">*L&rsquo;ultra-sinistre <em>Project Owl <\/em><a href=\"https:\/\/www.psbedu.paris\/fr\/actus\/open-source-intelligence-technique-renseignement-service-intelligence-economique\"><em>OSINT<\/em><\/a> me vient \u00e0 l&rsquo;esprit.<\/span><\/p>\n<p>&nbsp;<\/p>\n<p>&nbsp;<\/p>\n<p style=\"text-align: justify;\"><span style=\"font-family: times new roman, times, serif; font-size: 14pt;\">Source\u00a0: <a href=\"https:\/\/theduran.com\/twitter-must-go\/\">Twitter Must Go ..! \u2013 The Duran<\/a><\/span><\/p>\n<p>&nbsp;<\/p>\n<p style=\"text-align: left;\"><span style=\"font-family: times new roman, times, serif; font-size: 14pt;\"><strong>URL de cet article\u00a0: <\/strong><a href=\"http:\/\/blog.lesgrossesorchadeslesamplesthalameges.fr\/index.php\/il-faut-en-finir-avec-twitter\/\">http:\/\/blog.lesgrossesorchadeslesamplesthalameges.fr\/index.php\/il-faut-en-finir-avec-twitter\/<\/a><\/span><\/p>\n<p style=\"text-align: justify;\"><span style=\"font-family: times new roman, times, serif; font-size: 14pt;\">\u00a0<\/span><\/p>\n<p><strong>\u00a0<\/strong><\/p>\n<p>&nbsp;<\/p>\n<p style=\"text-align: center;\"><strong>\u00a0<a href=\"http:\/\/blog.lesgrossesorchadeslesamplesthalameges.fr\/index.php\/2022\/09\/23\/lhiver-va-t-il-etre-chaud-finalement\/000-lettre-z-saint-georges-gif-2\/\" rel=\"attachment wp-att-20871\"><img loading=\"lazy\" class=\"alignnone size-full wp-image-20871\" src=\"http:\/\/blog.lesgrossesorchadeslesamplesthalameges.fr\/wp-content\/uploads\/2022\/09\/000.-Lettre-Z-Saint-georges-GIF.gif\" alt=\"\" width=\"150\" height=\"109\" \/><\/a><\/strong><\/p>\n<p><strong>\u00a0<\/strong><\/p>\n<p>&nbsp;<\/p>\n<p style=\"text-align: right;\"><span style=\"font-family: comic sans ms, sans-serif; font-size: 14pt;\">Septembre 2022<\/span><\/p>\n<p>&nbsp;<\/p>\n<p>&nbsp;<\/p>\n<p>&nbsp;<\/p>\n","protected":false},"excerpt":{"rendered":"<p>&nbsp; &nbsp; &nbsp; &nbsp; &nbsp; &nbsp; &nbsp; &nbsp; Il faut en finir avec Twitter \u00a0 Steve Brown \u2013 TheDuran \u2013 18.9.2022 \u00a0 Traduction\u00a0: c.l. pour L.G.O. \u00a0 &nbsp; \u00a0 \u00a0 \u00a0 &nbsp; \u00a0 Twitter est maintenant assi\u00e9g\u00e9 par un sinistre groupe de vandales et de trolls num\u00e9riques pro-OTAN appel\u00e9 \u00ab\u00a0NAFO\u00a0\u00bb.\u00a0Voir ici : https:\/\/en.wikipedia.org\/wiki\/NAFO_(group) &nbsp; Ces&#8230;<\/p>\n","protected":false},"author":1,"featured_media":0,"parent":0,"menu_order":0,"comment_status":"open","ping_status":"open","template":"","meta":[],"_links":{"self":[{"href":"https:\/\/blog.lesgrossesorchadeslesamplesthalameges.fr\/index.php\/wp-json\/wp\/v2\/pages\/20838"}],"collection":[{"href":"https:\/\/blog.lesgrossesorchadeslesamplesthalameges.fr\/index.php\/wp-json\/wp\/v2\/pages"}],"about":[{"href":"https:\/\/blog.lesgrossesorchadeslesamplesthalameges.fr\/index.php\/wp-json\/wp\/v2\/types\/page"}],"author":[{"embeddable":true,"href":"https:\/\/blog.lesgrossesorchadeslesamplesthalameges.fr\/index.php\/wp-json\/wp\/v2\/users\/1"}],"replies":[{"embeddable":true,"href":"https:\/\/blog.lesgrossesorchadeslesamplesthalameges.fr\/index.php\/wp-json\/wp\/v2\/comments?post=20838"}],"version-history":[{"count":8,"href":"https:\/\/blog.lesgrossesorchadeslesamplesthalameges.fr\/index.php\/wp-json\/wp\/v2\/pages\/20838\/revisions"}],"predecessor-version":[{"id":20884,"href":"https:\/\/blog.lesgrossesorchadeslesamplesthalameges.fr\/index.php\/wp-json\/wp\/v2\/pages\/20838\/revisions\/20884"}],"wp:attachment":[{"href":"https:\/\/blog.lesgrossesorchadeslesamplesthalameges.fr\/index.php\/wp-json\/wp\/v2\/media?parent=20838"}],"curies":[{"name":"wp","href":"https:\/\/api.w.org\/{rel}","templated":true}]}}