{"id":2085,"date":"2019-01-28T23:56:29","date_gmt":"2019-01-28T22:56:29","guid":{"rendered":"http:\/\/blog.lesgrossesorchadeslesamplesthalameges.fr\/?page_id=2085"},"modified":"2019-01-29T01:43:15","modified_gmt":"2019-01-29T00:43:15","slug":"venezuela-strategie-us-pour-un-regime-change","status":"publish","type":"page","link":"https:\/\/blog.lesgrossesorchadeslesamplesthalameges.fr\/index.php\/venezuela-strategie-us-pour-un-regime-change\/","title":{"rendered":"Venezuela &#8211; Strat\u00e9gie US pour un \u00ab\u00a0regime change\u00a0\u00bb"},"content":{"rendered":"<p>&nbsp;<\/p>\n<p>&nbsp;<\/p>\n<p>&nbsp;<\/p>\n<p>&nbsp;<\/p>\n<p>&nbsp;<\/p>\n<p style=\"text-align: center;\"><span style=\"font-family: times new roman, times, serif; font-size: 36pt;\"><strong>Venezuela &#8211; Strat\u00e9gie US pour un \u00ab\u00a0<em>regime change<\/em>\u00a0\u00bb et comment y r\u00e9pondre<\/strong><\/span><\/p>\n<p style=\"text-align: center;\"><span style=\"font-family: times new roman, times, serif; font-size: 14pt;\"><strong>\u00a0<\/strong><\/span><\/p>\n<p style=\"text-align: center;\"><span style=\"font-family: times new roman, times, serif; font-size: 14pt;\"><span style=\"font-size: 18pt;\"><strong><em>Moon of Alabama<\/em><\/strong><strong> \u2013 <em>I.C.H<\/em>. \u2013 <\/strong><\/span>25.1.2019<\/span><\/p>\n<p style=\"text-align: center;\"><span style=\"font-family: times new roman, times, serif; font-size: 14pt;\"><strong>\u00a0<\/strong><\/span><\/p>\n<p style=\"text-align: justify;\"><span style=\"font-family: times new roman, times, serif; font-size: 18pt;\"><strong>Hier, les USA ont \u201creconnu\u201d le \u00ab\u00a0leader de l\u2019opposition\u00a0\u00bb d\u2019extr\u00eame-droite Juan Guaido comme pr\u00e9sident du pays.<\/strong><\/span><\/p>\n<p>&nbsp;<\/p>\n<p style=\"text-align: justify;\"><span style=\"font-family: times new roman, times, serif; font-size: 14pt;\"><strong>\u00a0<\/strong><\/span><\/p>\n<p style=\"text-align: center;\"><span style=\"font-family: times new roman, times, serif; font-size: 14pt;\"><strong>\u00a0<img loading=\"lazy\" class=\"alignnone wp-image-2108\" src=\"http:\/\/blog.lesgrossesorchadeslesamplesthalameges.fr\/wp-content\/uploads\/2019\/01\/Juan-Guaido-1-300x169.jpg\" alt=\"\" width=\"600\" height=\"339\" srcset=\"https:\/\/blog.lesgrossesorchadeslesamplesthalameges.fr\/wp-content\/uploads\/2019\/01\/Juan-Guaido-1-300x169.jpg 300w, https:\/\/blog.lesgrossesorchadeslesamplesthalameges.fr\/wp-content\/uploads\/2019\/01\/Juan-Guaido-1-768x434.jpg 768w, https:\/\/blog.lesgrossesorchadeslesamplesthalameges.fr\/wp-content\/uploads\/2019\/01\/Juan-Guaido-1.jpg 1024w\" sizes=\"(max-width: 600px) 100vw, 600px\" \/><\/strong><\/span><\/p>\n<p style=\"text-align: center;\"><span style=\"font-size: 12pt;\"><span style=\"font-family: times new roman, times, serif;\"><strong>\u00a0<\/strong><\/span><span style=\"font-family: times new roman, times, serif;\"><strong><em>\u00ab\u00a0leader de l\u2019opposition, mon cul\u00a0!\u00a0\u00bb (R.Q.)<\/em><\/strong><\/span><\/span><\/p>\n<p style=\"text-align: justify;\"><span style=\"font-family: times new roman, times, serif; font-size: 14pt;\"><strong><em>\u00a0<\/em><\/strong><\/span><\/p>\n<p style=\"text-align: justify;\"><span style=\"font-family: times new roman, times, serif; font-size: 14pt;\">Un certain nombre de pays d\u2019Am\u00e9rique du Sud \u00e0 gouvernements d\u2019extr\u00eame-droite se sont joints \u00e0 cette man\u0153uvre. Cuba, la Bolivie et le Mexique l\u2019ont d\u00e9nonc\u00e9e. La Russie, la Chine, l\u2019Iran et la Turquie continuent de soutenir le pr\u00e9sident \u00e9lu Nicolas Maduro et ont condamn\u00e9 la tentative de coup d\u2019\u00c9tat. L\u2019Union Europ\u00e9enne n\u2019est pas unie dans sa r\u00e9action, avec la France n\u00e9o-lib\u00e9rale qui est pour et l\u2019Espagne qui est contre.<\/span><\/p>\n<p style=\"text-align: justify;\"><span style=\"font-family: times new roman, times, serif; font-size: 14pt;\">Le Venezuela doit se pr\u00e9parer \u00e0 un conflit de beaucoup d\u2019ann\u00e9es en faisant tous les efforts possibles pour en limiter le nombre.<\/span><\/p>\n<p style=\"text-align: justify;\"><span style=\"font-family: times new roman, times, serif; font-size: 14pt;\">Cette manoeuvre <a href=\"https:\/\/www.marxist.com\/washington-moves-towards-regime-change-in-venezuela.htm\">programm\u00e9e de longue date<\/a> des USA contre le gouvernement du Venezuela n\u2019est qu\u2019un d\u00e9but. C\u2019est la phase pr\u00e9paratoire d\u2019une escalade et, bient\u00f4t, la d\u00e9rive des missions \u2013 \u00ab\u00a0Nous ne pouvons pas nous en tenir l\u00e0\u00a0!\u00a0\u00bb \u2013 prendra le relais. Plus de 300 milliards de barils de p\u00e9trole (la plus grande r\u00e9serve de p\u00e9trole au monde) sont en jeu. Le factotum US Guaido a promis de <a href=\"https:\/\/www.spglobal.com\/platts\/en\/market-insights\/latest-news\/oil\/012419-guaido-plans-citgo-leadership-shakeup-new-venezuela-hydrocarbons-law-sources\">changer la loi v\u00e9n\u00e9zu\u00e9lienne sur le p\u00e9trole<\/a> au b\u00e9n\u00e9fice des \u00c9tats-Unis, alors que le gouvernement bolivarien se sert du p\u00e9trole pour lutter contre la pauvret\u00e9.<\/span><\/p>\n<p style=\"text-align: justify;\"><span style=\"font-family: times new roman, times, serif; font-size: 14pt;\">La strat\u00e9gie pour l\u2019op\u00e9ration US de changement de r\u00e9gime en cours contre le gouvernement du Venezuela <a href=\"https:\/\/www.miamiherald.com\/news\/nation-world\/world\/americas\/venezuela\/article224976955.html\">est l\u2019\u0153uvre<\/a> du s\u00e9nateur Marco Rubio, aid\u00e9 par le vice-pr\u00e9sident Pence.<\/span><\/p>\n<p>&nbsp;<\/p>\n<p>&nbsp;<\/p>\n<p style=\"text-align: center;\"><img loading=\"lazy\" class=\"alignnone wp-image-2109\" src=\"http:\/\/blog.lesgrossesorchadeslesamplesthalameges.fr\/wp-content\/uploads\/2019\/01\/pence-rubio-300x203.jpg\" alt=\"\" width=\"600\" height=\"407\" srcset=\"https:\/\/blog.lesgrossesorchadeslesamplesthalameges.fr\/wp-content\/uploads\/2019\/01\/pence-rubio-300x203.jpg 300w, https:\/\/blog.lesgrossesorchadeslesamplesthalameges.fr\/wp-content\/uploads\/2019\/01\/pence-rubio-768x521.jpg 768w, https:\/\/blog.lesgrossesorchadeslesamplesthalameges.fr\/wp-content\/uploads\/2019\/01\/pence-rubio.jpg 1024w\" sizes=\"(max-width: 600px) 100vw, 600px\" \/><\/p>\n<p style=\"text-align: center;\"><span style=\"font-family: times new roman, times, serif; font-size: 12pt;\"><strong><em>Mike Pence et Marco Rubio<\/em><\/strong><\/span><\/p>\n<p>&nbsp;<\/p>\n<p style=\"text-align: justify;\"><span style=\"font-family: times new roman, times, serif; font-size: 14pt;\">La reconnaissance am\u00e9ricaine de M. Guaido comme pr\u00e9sident l\u00e9gitime du Venezuela est infiniment plus qu\u2019une mesure symbolique et repr\u00e9sente de nouvelles complications pour M. Maduro.<\/span><\/p>\n<p style=\"text-align: justify;\"><span style=\"font-family: times new roman, times, serif; font-size: 14pt;\">L\u2019id\u00e9e en a \u00e9t\u00e9 avidement promue par le s\u00e9nateur Marco Rubio, un R\u00e9publicain de Floride, qui a pouss\u00e9 l\u2019administration Trump \u00e0 prendre cette mesure. Dans un discours au S\u00e9nat du 15 janvier, M. Rubio a expliqu\u00e9 que <strong>d\u00e9signer M. Guaido comme pr\u00e9sident permettrait de mettre des millions de dollars d\u2019avoirs v\u00e9n\u00e9zu\u00e9liens gel\u00e9s aux \u00c9tats-Unis \u00e0 la disposition des parlementaires de l\u2019opposition<\/strong>, qui pourraient les utiliser pour financer de nouvelles \u00e9lections ou une \u00ab\u00a0aide humanitaire\u00a0\u00bb.<\/span><\/p>\n<p style=\"text-align: justify;\"><span style=\"font-family: times new roman, times, serif; font-size: 14pt;\">Le montant r\u00e9el que viennent de \u00ab\u00a0geler\u00a0\u00bb\u00a0 les USA et la Grande Bretagne, c\u2019est-\u00e0-dire en pratique de voler au Venezuela, <a href=\"https:\/\/threadreaderapp.com\/thread\/1087482013114863616.html\">s\u2019\u00e9l\u00e8ve \u00e0 plusieurs milliards de dollars<\/a>, pas juste \u00e0 quelques millions. Ce genre de \u00ab\u00a0gel\u00a0\u00bb des biens de pays que les \u00c9tats-Unis n\u2019aiment pas n\u2019est devenu que trop courant. Si on y ajoute <a href=\"https:\/\/www.wikitribune.com\/article\/84767\/\">une foule d\u2019autres sanctions<\/a>, la guerre \u00e9conomique d\u00e9cha\u00een\u00e9e depuis longtemps contre le pays rend une restauration de l\u2019\u00e9conomie v\u00e9n\u00e9zu\u00e9lienne <a href=\"https:\/\/www.thenation.com\/article\/trumps-sanctions-make-economic-recovery-in-venezuela-nearly-impossible\/\">\u00e0 peu pr\u00e8s impossible<\/a>.<\/span><\/p>\n<p style=\"text-align: justify;\"><span style=\"font-family: times new roman, times, serif; font-size: 14pt;\">Les USA se pr\u00e9parant \u00e0 confisquer de cette mani\u00e8re tous les fonds qui circuleront en direction du Venezuela, le pays se verra contraint d\u2019arr\u00eater ses exportations de p\u00e9trole vers les USA. Un certain nombre de raffineries US, dont certaines appartiennent au Venezuela, d\u00e9pendent d\u2019un type sp\u00e9cial de p\u00e9trole v\u00e9n\u00e9zu\u00e9lien. Elles se retrouveront donc assez vite en difficult\u00e9. Ceci pourrait contribuer \u00e0 changer l\u2019humeur \u00e0 Washington. La Chine pourrait trouver int\u00e9ressant d\u2019acheter davantage de p\u00e9trole v\u00e9n\u00e9zu\u00e9lien.<\/span><\/p>\n<p style=\"text-align: justify;\"><span style=\"font-family: times new roman, times, serif; font-size: 14pt;\">L\u2019opposition, au Venezuela, se servira probablement de l\u2019acc\u00e8s qui lui est offert \u00e0 cet argent \u00ab\u00a0gel\u00e9\u00a0\u00bb pour acheter des armes et cr\u00e9er une arm\u00e9e de mercenaires, qui fera une \u00ab\u00a0guerre civile\u00a0\u00bb au gouvernement et \u00e0 quiconque s\u2019avisera de le soutenir. Comme en Syrie, des forces US sp\u00e9ciales ou quelques \u00ab\u00a0<em>contractors<\/em>\u00a0\u00bb de la CIA s\u2019empresseront de venir leur pr\u00eater main-forte. La ligne d\u2019approvisionnement de ce genre de guerre passera plus que probablement par la Colombie. Si, comme en Syrie en 2011 \u2013 une telle guerre est \u00e0 l\u2019ordre du jour, elle commencera sans doute par les villes proches de cette fronti\u00e8re.<\/span><\/p>\n<p>&nbsp;<\/p>\n<p style=\"text-align: center;\"><img loading=\"lazy\" class=\"alignnone wp-image-2110\" src=\"http:\/\/blog.lesgrossesorchadeslesamplesthalameges.fr\/wp-content\/uploads\/2019\/01\/carte.jpg\" alt=\"\" width=\"600\" height=\"443\" \/><\/p>\n<p style=\"text-align: center;\"><span style=\"font-family: times new roman, times, serif; font-size: 14pt;\"><a href=\"https:\/\/www.moonofalabama.org\/images8\/venezuelaoilmap.jpg\"><span style=\"font-size: 18pt;\"><span style=\"font-size: 14pt;\">agrandir<\/span><\/span><\/a><\/span><\/p>\n<p style=\"text-align: justify;\"><span style=\"font-family: times new roman, times, serif; font-size: 14pt;\"><u>\u00a0<\/u><\/span><\/p>\n<p style=\"text-align: justify;\"><span style=\"font-family: times new roman, times, serif; font-size: 14pt;\">Mais, avant de lancer un conflit militaire de cette envergure, les USA et l\u2019opposition v\u00e9n\u00e9zu\u00e9lienne essayeront d\u2019autres voies.<\/span><\/p>\n<p style=\"text-align: justify;\"><span style=\"font-family: times new roman, times, serif; font-size: 14pt;\">Apr\u00e8s l\u2019annonce des USA intronisant Guaido, le pr\u00e9sident Maduro a donn\u00e9 72 heures aux diplomates US pour quitter le pays. Comme les \u00c9tats-Unis ne reconnaissent plus Maduro, ils n\u2019en ont pas tenu compte. Le secr\u00e9taire d\u2019\u00c9tat Pompeo <a href=\"https:\/\/www.state.gov\/secretary\/remarks\/2019\/01\/288545.htm\">a annonc\u00e9<\/a> qu\u2019il n\u2019allait \u00ab\u00a0entretenir des relations avec le Venezuela (qu\u2019) avec le gouvernement du pr\u00e9sident par int\u00e9rim Guaido\u00a0\u00bb. Cette fin de non- recevoir plus ou moins pr\u00e9par\u00e9e \u00e0 l\u2019avance \u00e9tait suppos\u00e9e provoquer une r\u00e9action trop violente, du genre prise d\u2019assaut de l\u2019ambassade.<\/span><\/p>\n<p style=\"text-align: justify;\"><span style=\"font-family: times new roman, times, serif; font-size: 14pt;\">Dans un processus normal, le gouvernement v\u00e9n\u00e9zu\u00e9lien devrait arr\u00eater les diplomates US au moment o\u00f9 ils tenteraient de quitter l\u2019ambassade. Il les mettrait alors dans un avion et les expulserait du pays. Mais si, comme tout porte \u00e0 le croire, les USA suivent un plan pr\u00e9par\u00e9 d\u2019avance, les diplomates sont pr\u00eats \u00e0 rester \u00e0 l\u2019ambassade pendant longtemps.<\/span><\/p>\n<p style=\"text-align: justify;\"><span style=\"font-family: times new roman, times, serif; font-size: 14pt;\">Ce que le Venezuela a de mieux \u00e0 faire dans ces circonstances c\u2019est tout simplement d\u2019isoler l\u2019ambassade. Il faut qu\u2019elle soit assez bien gard\u00e9e pour emp\u00eacher une attaque sous faux drapeau. Aucun visiteur ne devrait \u00eatre autoris\u00e9. Toutes les lignes de communication de l\u2019ambassade devraient \u00eatre coup\u00e9es (il leur resterait les communications par satellites), l\u2019\u00e9lectricit\u00e9 et l\u2019eau devraient leur \u00eatre rationn\u00e9es. Aucune aide humanitaire ne devrait leur \u00eatre accord\u00e9e qu\u2019apr\u00e8s demandes sp\u00e9cifiques. Il est important que tout se joue selon les r\u00e8gles, de fa\u00e7on que les USA ne puissent pas se servir de l\u2019affaire pour poursuivre l\u2019escalade.<\/span><\/p>\n<p style=\"text-align: justify;\"><span style=\"font-family: times new roman, times, serif; font-size: 14pt;\">Le \u00ab\u00a0leader de l\u2019opposition\u00a0\u00bb Juan Guaido a commis un acte de haute trahison. Lui, son \u00e9quipe et les gens qui les soutiennent doivent \u00eatre recherch\u00e9s, trouv\u00e9s, saisis et emprisonn\u00e9s. Il faut qu\u2019ils soient d\u00e9tenus dans des conditions raisonnables mais sous strict contr\u00f4le militaire.<\/span><\/p>\n<p style=\"text-align: justify;\"><span style=\"font-family: times new roman, times, serif; font-size: 14pt;\">Avant de se lancer dans une guerre plus vaste, l\u2019opposition essayera de cr\u00e9er un chaos insupportable dans les rues. Comme lors des violentes manifestations avort\u00e9es de 2016, les \u00e9meutiers de l\u2019opposition seront arm\u00e9s. La police sera attaqu\u00e9e et des gens mourront ders deux c\u00f4t\u00e9s. Le meilleur moyen, probablement, de maintenir cette situation \u00e0 un niveau tol\u00e9rable, est de s\u00e9parer des autres et de saisir ceux qui sont arm\u00e9s et violents. La police aura besoin d\u2019un bon niveau de renseignements sur le terrain pour y parvenir.<\/span><\/p>\n<p style=\"text-align: justify;\"><span style=\"font-family: times new roman, times, serif; font-size: 14pt;\">Les USA semblent vouloir laisser le coup d\u2019\u00c9tat aller jusqu\u2019au bout, sauf s\u2019il a des cons\u00e9quences n\u00e9gatives pour leur propre position. Au niveau national, le changement de r\u00e9gime ill\u00e9gal est soutenu, y compris par les D\u00e9mocrates \u00ab\u00a0socialistes\u00a0\u00bb. L\u2019appareil de propagande US, les medias \u00ab\u00a0<em>mainstream<\/em>\u00a0\u00bb et diverses campagnes de propagande robotis\u00e9es sont \u00e0 l\u2019\u0153uvre. Les m\u00e9dias sociaux soi-disant priv\u00e9s \u2013 Facebook, Instagram et Twitter \u2013 ont d\u00e9j\u00e0 cl\u00f4tur\u00e9 les comptes officiels de Maduro. Ceux-ci ne portent plus la marque \u00ab\u00a0v\u00e9rifi\u00e9\u00a0\u00bb. <em>La Voix de l\u2019Am\u00e9rique<\/em> \u00a0<a href=\"https:\/\/www.youtube.com\/watch?v=okonhbPyFI0\">diffuse des vid\u00e9os <\/a>\u00a0o\u00f9 l\u2019on voit Guaido se d\u00e9clarer pr\u00e9sident au milieu de quelques centaines de supporters. La s\u00e9quence est alors interrompue (\u00e0 1,05\u2019) pour montrer des foules beaucoup plus impressionnantes film\u00e9es ailleurs en d\u2019autres circonstances mais laissant croire que Guaido est largement soutenu. Des camions couverts de panneaux publicitaires anti-Maduro <a href=\"https:\/\/twitter.com\/nemetskiirobot\/status\/1088322209872076801\">sillonnent<\/a> les rues des villes US et toutes sortes de comptes propagandistes <a href=\"https:\/\/twitter.com\/MarkAmesExiled\/status\/1088238950718861319\">mettent en ligne de fausses images<\/a> et publient une foule d\u2019affirmations \u00e9galement fausses<a href=\"https:\/\/twitter.com\/Louis_Allday\/status\/1088448677440442368\">. Le soudain changement de lieu<\/a> ci-dessous est assez amusant dans son culot\u00a0:<\/span><\/p>\n<p>&nbsp;<\/p>\n<p>&nbsp;<\/p>\n<p style=\"text-align: center;\"><img loading=\"lazy\" class=\"alignnone wp-image-2111\" src=\"http:\/\/blog.lesgrossesorchadeslesamplesthalameges.fr\/wp-content\/uploads\/2019\/01\/Moon-2-300x109.jpg\" alt=\"\" width=\"500\" height=\"182\" srcset=\"https:\/\/blog.lesgrossesorchadeslesamplesthalameges.fr\/wp-content\/uploads\/2019\/01\/Moon-2-300x109.jpg 300w, https:\/\/blog.lesgrossesorchadeslesamplesthalameges.fr\/wp-content\/uploads\/2019\/01\/Moon-2.jpg 380w\" sizes=\"(max-width: 500px) 100vw, 500px\" \/><\/p>\n<p style=\"text-align: center;\"><span style=\"font-family: times new roman, times, serif; font-size: 14pt;\"><a href=\"https:\/\/twitter.com\/emojupiter\/status\/1086474525808738305\">link<\/a> &#8211; <a href=\"https:\/\/www.moonofalabama.org\/images8\/babysun1.jpg\">bigger<\/a><\/span><\/p>\n<p>&nbsp;<\/p>\n<p>&nbsp;<\/p>\n<p style=\"text-align: center;\"><img loading=\"lazy\" class=\"alignnone wp-image-2112\" src=\"http:\/\/blog.lesgrossesorchadeslesamplesthalameges.fr\/wp-content\/uploads\/2019\/01\/Moon-3-300x176.jpg\" alt=\"\" width=\"500\" height=\"293\" srcset=\"https:\/\/blog.lesgrossesorchadeslesamplesthalameges.fr\/wp-content\/uploads\/2019\/01\/Moon-3-300x176.jpg 300w, https:\/\/blog.lesgrossesorchadeslesamplesthalameges.fr\/wp-content\/uploads\/2019\/01\/Moon-3.jpg 380w\" sizes=\"(max-width: 500px) 100vw, 500px\" \/><\/p>\n<p style=\"text-align: center;\"><span style=\"font-family: times new roman, times, serif; font-size: 14pt;\"><a href=\"https:\/\/twitter.com\/emojupiter\/status\/1088288671592255488\">link<\/a> &#8211; <a href=\"https:\/\/www.moonofalabama.org\/images8\/babysun2.jpg\">bigger<\/a><\/span><\/p>\n<p>&nbsp;<\/p>\n<p style=\"text-align: justify;\"><span style=\"font-family: times new roman, times, serif; font-size: 14pt;\"><u>\u00a0<\/u><\/span><\/p>\n<p style=\"text-align: justify;\"><span style=\"font-family: times new roman, times, serif; font-size: 14pt;\">Le gouvernement v\u00e9n\u00e9zu\u00e9lien doit consulter la Syrie et la Russie pour savoir comment s\u2019y prendre pour remporter ce genre de conflit. Ce que Maduro a de plus important \u00e0 faire \u00e0 ce stade, c\u2019est raffermir le soutien de sa base. Bien que le mouvement bolivarien \u2013 sous Chavez et aujourd\u2019hui sous Maduro \u2013 jouisse toujours d\u2019un vaste soutien, il a perdu une partie de celui des pauvres, suite au malaise \u00e9conomique provoqu\u00e9 par la chute des prix du p\u00e9trole. La situation est due, dans une certaine mesure, aux sanctions US, mais une partie significative de la responsabilit\u00e9 en revient \u00e0 une politique \u00e9conomique mal con\u00e7ue\u00a0 et \u00e0 la corruption. Les milliards en cr\u00e9dits et en investissements apport\u00e9s par la Russie et par la Chine n\u2019ont pas \u00e9t\u00e9 employ\u00e9s \u00e0 bon escient.<\/span><\/p>\n<p style=\"text-align: justify;\"><span style=\"font-family: times new roman, times, serif; font-size: 14pt;\">Une campagne anti-corruption bien concert\u00e9e devrait aider \u00e0 regagner le soutien populaire et augmenter la confiance de la Chine et de la Russie dans le gouvernement l\u00e9gitime.<\/span><\/p>\n<p style=\"text-align: justify;\"><span style=\"font-family: times new roman, times, serif; font-size: 14pt;\">Une autre \u00e9tape devrait \u00eatre l\u2019ouverture aussi rapide que possible d\u2019un dialogue avec les parties raisonnables de l\u2019opposition. Des tas de gens qui ne sont pas d\u2019accord avec le gouvernement Maduro ne le sont pas non plus avec un coup d\u2019\u00c9tat dirig\u00e9 par les \u00c9tats-Unis. On doit pouvoir les convaincre. L\u2019\u00c9glise catholique pourrait \u00eatre pri\u00e9e de s\u2019entremettre.<\/span><\/p>\n<p style=\"text-align: justify;\"><span style=\"font-family: times new roman, times, serif; font-size: 14pt;\">L\u2019arm\u00e9e v\u00e9n\u00e9zu\u00e9lienne a promis son soutien au pr\u00e9sident \u00e9lu. Il devrait se servir d\u2019elle pour \u00e9touffer dans l\u2019oeuf toute tentative d\u2019escalade. La le\u00e7on \u00e0 retenir de la guerre en Syrie est qu\u2019un conflit prolong\u00e9 cause plus de morts et de d\u00e9g\u00e2ts qu\u2019une r\u00e9action rapide, s\u00e8che et par cons\u00e9quent d\u00e9cisive, \u00e0 une guerre qui n\u2019en finit pas d\u2019incuber.<\/span><\/p>\n<p style=\"text-align: justify;\"><span style=\"font-family: times new roman, times, serif; font-size: 14pt;\">Je suis persuad\u00e9 que le Venezuela et son people peuvent r\u00e9sister \u00e0 cet assaut. Mais le gouvernement doit r\u00e9agir rationnellement et avec d\u00e9cision. Il lui faut agir en \u00e9troite collaboration avec ses alli\u00e9s principaux et se pr\u00e9parer \u00e0 un affrontement prolong\u00e9.<\/span><\/p>\n<p style=\"text-align: justify;\"><span style=\"font-family: times new roman, times, serif; font-size: 14pt;\">Source :\u00a0 <a href=\"http:\/\/www.informationclearinghouse.info\/50967.htm\">http:\/\/www.informationclearinghouse.info\/50967.htm<\/a><\/span><\/p>\n<p style=\"text-align: justify;\"><span style=\"font-family: times new roman, times, serif; font-size: 14pt;\">Source d\u2019origine : <a href=\"https:\/\/www.moonofalabama.org\/2019\/01\/venezuela-the-us-game-plan-and-how-to-respond-to-it.html\"><em>Moon Of Alabama <\/em><\/a>\u00a0<\/span><\/p>\n<p style=\"text-align: right;\"><span style=\"font-family: times new roman, times, serif; font-size: 14pt;\">Traduction\u00a0: c.l. pour Les Grosses Orchades<\/span><\/p>\n<p>&nbsp;<\/p>\n<p>&nbsp;<\/p>\n<p style=\"text-align: center;\"><img loading=\"lazy\" class=\"alignnone size-full wp-image-2094\" src=\"http:\/\/blog.lesgrossesorchadeslesamplesthalameges.fr\/wp-content\/uploads\/2019\/01\/000.-russep-x-7.gif\" alt=\"\" width=\"50\" height=\"50\" \/><\/p>\n<p>&nbsp;<\/p>\n<p>&nbsp;<\/p>\n<p style=\"text-align: right;\"><span style=\"font-family: comic sans ms, sans-serif;\">28 janvier 2019<\/span><\/p>\n","protected":false},"excerpt":{"rendered":"<p>&nbsp; &nbsp; &nbsp; &nbsp; &nbsp; Venezuela &#8211; Strat\u00e9gie US pour un \u00ab\u00a0regime change\u00a0\u00bb et comment y r\u00e9pondre \u00a0 Moon of Alabama \u2013 I.C.H. \u2013 25.1.2019 \u00a0 Hier, les USA ont \u201creconnu\u201d le \u00ab\u00a0leader de l\u2019opposition\u00a0\u00bb d\u2019extr\u00eame-droite Juan Guaido comme pr\u00e9sident du pays. &nbsp; \u00a0 \u00a0 \u00a0\u00ab\u00a0leader de l\u2019opposition, mon cul\u00a0!\u00a0\u00bb (R.Q.) \u00a0 Un certain nombre&#8230;<\/p>\n","protected":false},"author":1,"featured_media":0,"parent":0,"menu_order":0,"comment_status":"open","ping_status":"open","template":"","meta":[],"_links":{"self":[{"href":"https:\/\/blog.lesgrossesorchadeslesamplesthalameges.fr\/index.php\/wp-json\/wp\/v2\/pages\/2085"}],"collection":[{"href":"https:\/\/blog.lesgrossesorchadeslesamplesthalameges.fr\/index.php\/wp-json\/wp\/v2\/pages"}],"about":[{"href":"https:\/\/blog.lesgrossesorchadeslesamplesthalameges.fr\/index.php\/wp-json\/wp\/v2\/types\/page"}],"author":[{"embeddable":true,"href":"https:\/\/blog.lesgrossesorchadeslesamplesthalameges.fr\/index.php\/wp-json\/wp\/v2\/users\/1"}],"replies":[{"embeddable":true,"href":"https:\/\/blog.lesgrossesorchadeslesamplesthalameges.fr\/index.php\/wp-json\/wp\/v2\/comments?post=2085"}],"version-history":[{"count":0,"href":"https:\/\/blog.lesgrossesorchadeslesamplesthalameges.fr\/index.php\/wp-json\/wp\/v2\/pages\/2085\/revisions"}],"wp:attachment":[{"href":"https:\/\/blog.lesgrossesorchadeslesamplesthalameges.fr\/index.php\/wp-json\/wp\/v2\/media?parent=2085"}],"curies":[{"name":"wp","href":"https:\/\/api.w.org\/{rel}","templated":true}]}}