{"id":20861,"date":"2022-09-23T17:37:04","date_gmt":"2022-09-23T15:37:04","guid":{"rendered":"http:\/\/blog.lesgrossesorchadeslesamplesthalameges.fr\/?page_id=20861"},"modified":"2022-09-23T18:59:34","modified_gmt":"2022-09-23T16:59:34","slug":"inforelais-special-hopital-public-21-9-2022","status":"publish","type":"page","link":"https:\/\/blog.lesgrossesorchadeslesamplesthalameges.fr\/index.php\/inforelais-special-hopital-public-21-9-2022\/","title":{"rendered":"Inforelais sp\u00e9cial H\u00f4pital public \u2013 21.9.2022"},"content":{"rendered":"<p>&nbsp;<\/p>\n<p>&nbsp;<\/p>\n<p>&nbsp;<\/p>\n<p>&nbsp;<\/p>\n<p>&nbsp;<\/p>\n<p>&nbsp;<\/p>\n<p>&nbsp;<\/p>\n<p>&nbsp;<\/p>\n<p style=\"text-align: justify;\"><span style=\"font-family: times new roman, times, serif; font-size: 18pt; color: #c00000;\"><strong><em>M\u00e9decine du Quart-Monde<\/em><\/strong><\/span><\/p>\n<p style=\"text-align: justify;\"><span style=\"font-family: times new roman, times, serif; font-size: 14pt;\"><strong>\u00a0<\/strong><\/span><\/p>\n<p style=\"text-align: justify;\"><span style=\"font-family: times new roman, times, serif; font-size: 14pt;\"><strong>\u00a0<\/strong><\/span><\/p>\n<p style=\"text-align: center;\"><strong><span style=\"font-family: times new roman, times, serif; font-size: 42pt;\">Inforelais sp\u00e9cial H\u00f4pital public \u2013 21.9.2022<\/span><\/strong><\/p>\n<p>&nbsp;<\/p>\n<p>&nbsp;<\/p>\n<p style=\"text-align: justify;\"><strong><span style=\"font-family: arial, helvetica, sans-serif; font-size: 15pt;\">Au d\u00e9but du mois de septembre, la grande r\u00e9sistante Madeleine Riffaud, 98 ans, a v\u00e9cu un calvaire \u00e0 l\u2019H\u00f4pital Lariboisi\u00e8re. Elle a \u00e9t\u00e9 abandonn\u00e9e sur un brancard sans manger pendant 24 heures. Dans cette tribune \u00e0 l\u2019intention de Nicolas Revel, Directeur de l\u2019APHP, elle d\u00e9nonce l\u2019\u00e9tat r\u00e9voltant de l\u2019h\u00f4pital public. <\/span><\/strong><\/p>\n<p style=\"text-align: justify;\"><strong><span style=\"font-family: arial, helvetica, sans-serif; font-size: 14pt;\">\u00a0<\/span><\/strong><\/p>\n<p>&nbsp;<\/p>\n<p>&nbsp;<\/p>\n<p style=\"text-align: center;\"><a href=\"http:\/\/blog.lesgrossesorchadeslesamplesthalameges.fr\/index.php\/inforelais-special-hopital-public-21-9-2022\/19-madeleine-riffaud-2\/\" rel=\"attachment wp-att-20863\"><img loading=\"lazy\" class=\"alignnone wp-image-20863 size-full\" src=\"http:\/\/blog.lesgrossesorchadeslesamplesthalameges.fr\/wp-content\/uploads\/2022\/09\/19.-Madeleine-Riffaud-1.jpg\" alt=\"\" width=\"600\" height=\"399\" srcset=\"https:\/\/blog.lesgrossesorchadeslesamplesthalameges.fr\/wp-content\/uploads\/2022\/09\/19.-Madeleine-Riffaud-1.jpg 600w, https:\/\/blog.lesgrossesorchadeslesamplesthalameges.fr\/wp-content\/uploads\/2022\/09\/19.-Madeleine-Riffaud-1-300x200.jpg 300w\" sizes=\"(max-width: 600px) 100vw, 600px\" \/><\/a><\/p>\n<p>&nbsp;<\/p>\n<p>&nbsp;<\/p>\n<p style=\"text-align: justify;\"><span style=\"font-family: times new roman, times, serif; font-size: 14pt;\"><em>\u00a0<\/em><\/span><\/p>\n<p style=\"text-align: justify;\"><span style=\"font-family: arial, helvetica, sans-serif; font-size: 14pt;\"><em> <a href=\"http:\/\/blog.lesgrossesorchadeslesamplesthalameges.fr\/index.php\/2022\/09\/23\/lhiver-va-t-il-etre-chaud-finalement\/2-guillemets-ouvrants-gif-2\/\" rel=\"attachment wp-att-20773\"><img loading=\"lazy\" class=\"alignnone size-full wp-image-20773\" src=\"http:\/\/blog.lesgrossesorchadeslesamplesthalameges.fr\/wp-content\/uploads\/2022\/09\/2.-guillemets-ouvrants-GIF.gif\" alt=\"\" width=\"80\" height=\"64\" \/><\/a><\/em><\/span><\/p>\n<p style=\"text-align: justify;\"><span style=\"font-family: arial, helvetica, sans-serif; font-size: 14pt;\"><em>\u00a0\u00a0\u00a0\u00a0\u00a0\u00a0\u00a0\u00a0\u00a0\u00a0\u00a0 Il y a deux semaines, j\u2019ai d\u00fb me rendre aux urgences pour un examen important d\u00fb \u00e0 un covid long, variant omicron.<\/em><\/span><\/p>\n<p>&nbsp;<\/p>\n<p style=\"text-align: justify;\"><span style=\"font-family: arial, helvetica, sans-serif; font-size: 14pt;\"><em>Le SAMU m\u2019a emmen\u00e9e \u00e0 l\u2019h\u00f4pital Lariboisi\u00e8re, \u00e0 midi et demi, le dimanche 4 septembre pour examens. Je me suis retrouv\u00e9e couch\u00e9e au milieu de malades qui hurlaient de douleur, de rage, d\u2019abandon, que sais-je. Et les infirmi\u00e8res couraient l\u00e0-dedans, d\u00e9bord\u00e9es\u2026 Elles distribuaient des \u00ab J\u2019arrive ! \u00bb et des \u00ab \u00e7a marche ! \u00bb \u00ab J\u2019arrive, j\u2019arrive ! \u00bb. Mais personne n\u2019arrivait. Jamais.<\/em><\/span><\/p>\n<p>&nbsp;<\/p>\n<p style=\"text-align: justify;\"><span style=\"font-family: arial, helvetica, sans-serif; font-size: 14pt;\"><em>Moi-m\u00eame, j\u2019ai mis douze heures pour obtenir la moiti\u00e9 d<\/em><\/span><span style=\"font-family: arial, helvetica, sans-serif; font-size: 14pt;\"><em>\u2019un verre d\u2019une eau douteuse. Ti\u00e8de. Je suis rest\u00e9e 24 heures sur le m\u00eame brancard, sans rien manger, dans un no man\u2019s land. C\u2019\u00e9tait Kafka.<\/em><\/span><\/p>\n<p>&nbsp;<\/p>\n<p style=\"text-align: justify;\"><span style=\"font-family: arial, helvetica, sans-serif; font-size: 14pt;\"><em>Rendez-vous compte : je suis aveugle. Je sentais parfois qu\u2019on emportait mon brancard, que je traversais une cour, peut-\u00eatre ? Il faisait plus froid, c\u2019est tout ce que je peux dire. Et puis on m\u2019a laiss\u00e9e l\u00e0, sans aucune affaire, sans moyen de communication avec mes proches (qu\u2019on ne pr\u00e9venait d\u2019ailleurs pas de l\u2019\u00e9volution de la situation, seul le docteur Christophe Prudhomme a pu avoir quelques nouvelles, je le remercie ici).<\/em><\/span><\/p>\n<p>&nbsp;<\/p>\n<p style=\"text-align: justify;\"><span style=\"font-family: arial, helvetica, sans-serif; font-size: 14pt;\"><em>\u00c9tais-je dans un couloir ? Dans une salle commune ? Au bout d\u2019un moment, j\u2019ai vraiment cru que je devenais folle. Ah, si j\u2019avais eu un appareil photo comme quand j\u2019\u00e9tais reporter de guerre\u2026 Si j\u2019avais pu voir ce que j\u2019entendais\u2026 D\u00e8s l\u2019arriv\u00e9e \u00e0 l\u2019h\u00f4pital, mon ambulance est pass\u00e9e devant des gens d\u2019une absolue pauvret\u00e9, qui se plaignaient \u00e0 grands cris d\u2019avoir \u00e9t\u00e9 refoul\u00e9s.<\/em><\/span><\/p>\n<p>&nbsp;<\/p>\n<p style=\"text-align: justify;\"><span style=\"font-family: arial, helvetica, sans-serif; font-size: 14pt;\"><em>Drogue ? Mis\u00e8re sociale ?<\/em><\/span><\/p>\n<p>&nbsp;<\/p>\n<p style=\"text-align: justify;\"><span style=\"font-family: arial, helvetica, sans-serif; font-size: 14pt;\"><em>Ceux-l\u00e0 n\u2019ont m\u00eame pas \u00e9t\u00e9 admis dans \u00ab le service-porte \u00bb, la foire aux malades, l\u2019antichambre de l\u2019h\u00f4pital par o\u00f9 l\u2019on acc\u00e8de aux urgences. Les infirmi\u00e8res, qui n\u2019ont d\u00e9j\u00e0 pas assez de temps \u00e0 consacrer aux malades admis entre les murs, les voient forc\u00e9ment quand elles vont prendre leur service.<\/em><\/span><\/p>\n<p>&nbsp;<\/p>\n<p style=\"text-align: justify;\"><span style=\"font-family: arial, helvetica, sans-serif; font-size: 14pt;\"><em>Nul doute que leur vocation est r\u00e9duite en charpie depuis longtemps. D\u2019o\u00f9 les \u00ab \u00c7a marche \u00bb, les \u00ab J\u2019arrive. \u00bb J\u2019ai entendu \u00e7a toute la nuit.<\/em><\/span><\/p>\n<p>&nbsp;<\/p>\n<p style=\"text-align: justify;\"><span style=\"font-family: arial, helvetica, sans-serif; font-size: 14pt;\"><em>Les infirmi\u00e8res et aides-soignants, je les connais bien, j\u2019ai v\u00e9cu parmi eux, je sais qu\u2019elles auraient \u00e9perdument voulu arriver \u00e0 s\u2019occuper de chacun\u2026 Et surtout que l\u2019h\u00f4pital marche.<\/em><\/span><\/p>\n<p>&nbsp;<\/p>\n<p style=\"text-align: justify;\"><span style=\"font-family: arial, helvetica, sans-serif; font-size: 14pt;\"><em>Le lendemain apr\u00e8s-midi, l\u2019h\u00f4pital n\u2019ayant pas de lit disponible pour moi, on m\u2019a transf\u00e9r\u00e9e dans une clinique priv\u00e9e, sans jamais avoir pr\u00e9venu mes proches. J\u2019\u00e9tais la troisi\u00e8me \u00e2me errante que cette clinique r\u00e9ceptionnait ce jour-l\u00e0.<\/em><\/span><\/p>\n<p>&nbsp;<\/p>\n<p style=\"text-align: justify;\"><span style=\"font-family: arial, helvetica, sans-serif; font-size: 14pt;\"><em>J\u2019avais d\u00e9j\u00e0 fait une enqu\u00eate de l\u2019int\u00e9rieur en 1974, en m\u2019engageant incognito comme aide-soignante dans un service de chirurgie cardio-vasculaire d\u2019un h\u00f4pital parisien. J\u2019avais aussi travaill\u00e9 au SAMU dans le service du professeur Huguenard \u00e0 l\u2019h\u00f4pital Mondor. De cette immersion, j\u2019ai publi\u00e9 le livre \u201cLes linges de la nuit\u201d qui s\u2019est vendu \u00e0 pr\u00e8s d\u2019un million d\u2019exemplaires en 1974 (r\u00e9\u00e9dit\u00e9 chez Michel Laffont en 2021).<\/em><\/span><\/p>\n<p>&nbsp;<\/p>\n<p style=\"text-align: justify;\"><span style=\"font-family: arial, helvetica, sans-serif; font-size: 14pt;\"><em>H\u00f4pital d\u2019il y a cinquante ans ou h\u00f4pital ultramoderne, les probl\u00e8mes sont toujours les m\u00eames : manque de personnel qualifi\u00e9, manque de cr\u00e9dit, l\u2019\u00e9cart se creuse entre la technique de la m\u00e9decine de pointe et les moyens mis \u00e0 sa disposition.<\/em><\/span><\/p>\n<p>&nbsp;<\/p>\n<p style=\"text-align: justify;\"><span style=\"font-family: arial, helvetica, sans-serif; font-size: 14pt;\"><em>Apr\u00e8s la sortie du livre, j\u2019avais rencontr\u00e9 le directeur de l\u2019Assistance Publique dans un face \u00e0 face t\u00e9l\u00e9vis\u00e9. Nous \u00e9tions tomb\u00e9s d\u2019accord sur tous les points ! Tout le monde est d\u2019accord, sauf les gouvernements qui se suivent et qui, au mieux, ne bougent pas.<\/em><\/span><\/p>\n<p>&nbsp;<\/p>\n<p style=\"text-align: justify;\"><span style=\"font-family: arial, helvetica, sans-serif; font-size: 14pt;\"><em>Nous avions \u00e9t\u00e9 nombreux, au cours des ann\u00e9es, \u00e0 t\u00e9moigner sur l\u2019\u00e9tat lamentable de la sant\u00e9. Durant tout ce temps, aucun dirigeant n\u2019a voulu entendre. Si la pand\u00e9mie de 2020 a chang\u00e9 quelque chose, c\u2019est en mal : le personnel est \u00e9puis\u00e9. L\u2019\u00e9tat les a tous abandonn\u00e9s, soignants comme malades.<\/em><\/span><\/p>\n<p>&nbsp;<\/p>\n<p style=\"text-align: justify;\"><span style=\"font-family: arial, helvetica, sans-serif; font-size: 14pt;\"><em>Ma m\u00e9saventure, c\u2019est une histoire quotidienne dans l\u2019h\u00f4pital en France.<\/em><\/span><\/p>\n<p>&nbsp;<\/p>\n<p style=\"text-align: justify;\"><span style=\"font-family: arial, helvetica, sans-serif; font-size: 14pt;\"><em>Mon sort est celui de millions de Parisiens et de Fran\u00e7ais.<\/em><\/span><\/p>\n<p>&nbsp;<\/p>\n<p style=\"text-align: justify;\"><span style=\"font-family: arial, helvetica, sans-serif; font-size: 14pt;\"><em>Ceux qui me connaissent savent que je n\u2019ai jamais demand\u00e9 de passe-droit de toute ma vie. Mon \u00e2ge n\u2019y change rien. Mais j\u2019ai remarqu\u00e9 qu\u2019il \u00e9tait presque une circonstance aggravante, et ce pour deux raisons :<\/em><\/span><\/p>\n<p>&nbsp;<\/p>\n<p style=\"text-align: justify;\"><span style=\"font-family: arial, helvetica, sans-serif; font-size: 14pt;\"><em>1\/ On pensait que j\u2019\u00e9tais trop vieille pour que \u00e7a vaille la peine de me soigner (r\u00e9flexe pris lors de l\u2019\u00e9pid\u00e9mie de covid ?).<\/em><\/span><\/p>\n<p>&nbsp;<\/p>\n<p style=\"text-align: justify;\"><span style=\"font-family: arial, helvetica, sans-serif; font-size: 14pt;\"><em>2\/ D\u00e8s que je parlais, on se disait que j\u2019\u00e9tais g\u00e2teuse et on pensait d\u2019embl\u00e9e que je racontais n\u2019importe quoi\u2026 alors pas la peine de m\u2019\u00e9couter.<\/em><\/span><\/p>\n<p>&nbsp;<\/p>\n<p style=\"text-align: justify;\"><span style=\"font-family: arial, helvetica, sans-serif; font-size: 14pt;\"><em>Pourtant, j\u2019ai une voix. Une voix qui ne s\u2019en est jamais prise au personnel. \u00c7a ne changera pas.<\/em><\/span><\/p>\n<p>&nbsp;<\/p>\n<p style=\"text-align: justify;\"><span style=\"font-family: arial, helvetica, sans-serif; font-size: 14pt;\"><em>\u00c9videmment, j\u2019ai mal, mais je vais continuer \u00e0 me bagarrer, comme d\u2019habitude.<\/em><\/span><\/p>\n<p>&nbsp;<\/p>\n<p style=\"text-align: justify;\"><span style=\"font-family: arial, helvetica, sans-serif; font-size: 14pt;\"><em>Moi, j\u2019ai de la chance, j\u2019ai des amis, et des confr\u00e8res journalistes. Mais tous ces pauvres gens qui n\u2019ont personne, que peuvent-ils faire ? Quand on entre dans le circuit infernal, quand on est aspir\u00e9s dans le n\u00e9ant des urgences, on ne peut pas en sortir indemne. Parfois m\u00eame, on n\u2019en sort pas vivant\u2026 L\u2019infirmier lib\u00e9ral qui vient \u00e0 mon domicile m\u2019a dit que c\u2019\u00e9tait arriv\u00e9 \u00e0 un de ses patients, il y a trois semaines.<\/em><\/span><\/p>\n<p>&nbsp;<\/p>\n<p style=\"text-align: justify;\"><span style=\"font-family: arial, helvetica, sans-serif; font-size: 14pt;\"><em>Si je peux \u00eatre leur voix \u2013 comme Aubrac m\u2019avait demand\u00e9 d\u2019\u00eatre l\u2019une de celle de la R\u00e9sistance \u2013 alors je le serai.<\/em><\/span><\/p>\n<p>&nbsp;<\/p>\n<p style=\"text-align: justify;\"><span style=\"font-family: arial, helvetica, sans-serif; font-size: 14pt;\"><em>J\u2019ai encore un peu de force, c\u2019est pour la donner ! \u00bb<br \/>\n<\/em><\/span><\/p>\n<p>&nbsp;<\/p>\n<p style=\"text-align: right;\"><span style=\"font-family: arial, helvetica, sans-serif; font-size: 14pt;\">Madeleine Riffaud<\/span><\/p>\n<p style=\"text-align: right;\"><span style=\"font-family: arial, helvetica, sans-serif; font-size: 14pt;\">Paris, le 19 septembre 2022<\/span><\/p>\n<p>&nbsp;<\/p>\n<p>&nbsp;<\/p>\n<p style=\"text-align: justify;\"><strong><span style=\"font-family: arial, helvetica, sans-serif; font-size: 15pt;\">Madeleine Riffaud, 97 ans, est l&rsquo;une des derni\u00e8res r\u00e9sistantes fran\u00e7aises<\/span><\/strong><\/p>\n<p>&nbsp;<\/p>\n<p style=\"text-align: justify;\"><span style=\"font-family: times new roman, times, serif; font-size: 14pt;\">Sources : <a href=\"mailto:comte.andre@sfr.f\">Andr\u00e9 Comte<\/a><\/span><\/p>\n<p style=\"text-align: justify;\"><span style=\"font-family: times new roman, times, serif; font-size: 14pt;\"><a href=\"https:\/\/lavoixdelalibye.com\/2022\/09\/21\/inforelais-special-hopital-public-21092022\/\">Ginette Hess Skandrani<\/a><\/span><\/p>\n<p>&nbsp;<\/p>\n<p style=\"text-align: left;\"><span style=\"font-family: times new roman, times, serif; font-size: 18pt; color: #c00000;\"><strong><em>Quand les institutions sociales d\u2019un pays en sont l\u00e0, cela ne veut-il pas dire qu\u2019il est temps de changer de personnel politique\u00a0?<\/em><\/strong><\/span><\/p>\n<p style=\"text-align: left;\"><span style=\"color: #c00000;\"><span style=\"font-family: times new roman, times, serif; font-size: 18pt;\"><strong><em>\u00a0<\/em><\/strong><\/span><span style=\"font-family: times new roman, times, serif; font-size: 18pt;\"><strong><em>Cette situation est-elle propre \u00e0 la France ou en sommes-nous tous l\u00e0\u00a0?<\/em><\/strong><\/span><\/span><\/p>\n<p style=\"text-align: justify;\"><span style=\"font-family: times new roman, times, serif; font-size: 14pt;\"><strong><em>\u00a0<\/em><\/strong><\/span><\/p>\n<p>&nbsp;<\/p>\n<p>&nbsp;<\/p>\n<p style=\"text-align: center;\"><span style=\"font-family: times new roman, times, serif; font-size: 14pt;\"><strong><em>\u00a0<a href=\"http:\/\/blog.lesgrossesorchadeslesamplesthalameges.fr\/index.php\/2022\/09\/23\/lhiver-va-t-il-etre-chaud-finalement\/000-lettre-z-saint-georges-gif-2\/\" rel=\"attachment wp-att-20871\"><img loading=\"lazy\" class=\"alignnone size-full wp-image-20871\" src=\"http:\/\/blog.lesgrossesorchadeslesamplesthalameges.fr\/wp-content\/uploads\/2022\/09\/000.-Lettre-Z-Saint-georges-GIF.gif\" alt=\"\" width=\"150\" height=\"109\" \/><\/a><\/em><\/strong><\/span><\/p>\n<p style=\"text-align: justify;\"><span style=\"font-family: times new roman, times, serif; font-size: 14pt;\"><strong><em>\u00a0<\/em><\/strong><\/span><\/p>\n<p style=\"text-align: justify;\"><span style=\"font-family: times new roman, times, serif; font-size: 14pt;\"><strong><em>\u00a0<\/em><\/strong><\/span><\/p>\n<p style=\"text-align: center;\"><span style=\"font-family: times new roman, times, serif; font-size: 14pt;\"><strong><span style=\"font-size: 24pt;\">Lire aussi<\/span> <\/strong><\/span><\/p>\n<p style=\"text-align: center;\"><span style=\"font-family: times new roman, times, serif; font-size: 14pt;\"><strong>\u00a0<a href=\"http:\/\/blog.lesgrossesorchadeslesamplesthalameges.fr\/index.php\/2022\/09\/23\/lhiver-va-t-il-etre-chaud-finalement\/000-vers-le-bas-fleche-rouge-gif-copie-27\/\" rel=\"attachment wp-att-20766\"><img loading=\"lazy\" class=\"alignnone size-full wp-image-20766\" src=\"http:\/\/blog.lesgrossesorchadeslesamplesthalameges.fr\/wp-content\/uploads\/2022\/09\/000.-vers-le-bas-fleche-rouge-GIF-Copie-3.gif\" alt=\"\" width=\"100\" height=\"100\" \/><\/a><\/strong><\/span><\/p>\n<p style=\"text-align: center;\"><span style=\"font-family: times new roman, times, serif; font-size: 14pt;\"><a href=\"https:\/\/www.mondialisation.ca\/soignants-suspendus-un-an-de-suspension-sans-salaire-depuis-le-15-septembre-2021\/5671282\">Soignants suspendus: un an de suspension sans salaire depuis le 15 septembre 2021 | Mondialisation &#8211; Centre de Recherche sur la Mondialisation<\/a><\/span><\/p>\n<p>&nbsp;<\/p>\n<p>&nbsp;<\/p>\n<p style=\"text-align: left;\"><strong><span style=\"font-family: times new roman, times, serif; font-size: 14pt;\">URL de cet article : <\/span><\/strong><a href=\"http:\/\/blog.lesgrossesorchadeslesamplesthalameges.fr\/index.php\/inforelais-special-hopital-public-21-9-2022\/\"><span style=\"font-family: times new roman, times, serif; font-size: 14pt;\">http:\/\/blog.lesgrossesorchadeslesamplesthalameges.fr\/index.php\/inforelais-special-hopital-public-21-9-2022\/<\/span><\/a><\/p>\n<p>&nbsp;<\/p>\n<p>&nbsp;<\/p>\n<p>&nbsp;<\/p>\n<p style=\"text-align: center;\"><strong><em><a href=\"http:\/\/blog.lesgrossesorchadeslesamplesthalameges.fr\/index.php\/2022\/09\/23\/lhiver-va-t-il-etre-chaud-finalement\/000-lettre-z-saint-georges-gif-2\/\" rel=\"attachment wp-att-20871\"><img loading=\"lazy\" class=\"alignnone size-full wp-image-20871\" src=\"http:\/\/blog.lesgrossesorchadeslesamplesthalameges.fr\/wp-content\/uploads\/2022\/09\/000.-Lettre-Z-Saint-georges-GIF.gif\" alt=\"\" width=\"150\" height=\"109\" \/><\/a><\/em><\/strong><\/p>\n<p>&nbsp;<\/p>\n<p>&nbsp;<\/p>\n<p>&nbsp;<\/p>\n<p style=\"text-align: right;\"><span style=\"font-family: comic sans ms, sans-serif; font-size: 14pt;\">Septembre 2022<\/span><\/p>\n<p>&nbsp;<\/p>\n<p>&nbsp;<\/p>\n<p>&nbsp;<\/p>\n","protected":false},"excerpt":{"rendered":"<p>&nbsp; &nbsp; &nbsp; &nbsp; &nbsp; &nbsp; &nbsp; &nbsp; M\u00e9decine du Quart-Monde \u00a0 \u00a0 Inforelais sp\u00e9cial H\u00f4pital public \u2013 21.9.2022 &nbsp; &nbsp; Au d\u00e9but du mois de septembre, la grande r\u00e9sistante Madeleine Riffaud, 98 ans, a v\u00e9cu un calvaire \u00e0 l\u2019H\u00f4pital Lariboisi\u00e8re. Elle a \u00e9t\u00e9 abandonn\u00e9e sur un brancard sans manger pendant 24 heures. Dans cette&#8230;<\/p>\n","protected":false},"author":1,"featured_media":0,"parent":0,"menu_order":0,"comment_status":"open","ping_status":"open","template":"","meta":[],"_links":{"self":[{"href":"https:\/\/blog.lesgrossesorchadeslesamplesthalameges.fr\/index.php\/wp-json\/wp\/v2\/pages\/20861"}],"collection":[{"href":"https:\/\/blog.lesgrossesorchadeslesamplesthalameges.fr\/index.php\/wp-json\/wp\/v2\/pages"}],"about":[{"href":"https:\/\/blog.lesgrossesorchadeslesamplesthalameges.fr\/index.php\/wp-json\/wp\/v2\/types\/page"}],"author":[{"embeddable":true,"href":"https:\/\/blog.lesgrossesorchadeslesamplesthalameges.fr\/index.php\/wp-json\/wp\/v2\/users\/1"}],"replies":[{"embeddable":true,"href":"https:\/\/blog.lesgrossesorchadeslesamplesthalameges.fr\/index.php\/wp-json\/wp\/v2\/comments?post=20861"}],"version-history":[{"count":9,"href":"https:\/\/blog.lesgrossesorchadeslesamplesthalameges.fr\/index.php\/wp-json\/wp\/v2\/pages\/20861\/revisions"}],"predecessor-version":[{"id":20891,"href":"https:\/\/blog.lesgrossesorchadeslesamplesthalameges.fr\/index.php\/wp-json\/wp\/v2\/pages\/20861\/revisions\/20891"}],"wp:attachment":[{"href":"https:\/\/blog.lesgrossesorchadeslesamplesthalameges.fr\/index.php\/wp-json\/wp\/v2\/media?parent=20861"}],"curies":[{"name":"wp","href":"https:\/\/api.w.org\/{rel}","templated":true}]}}