{"id":20931,"date":"2022-09-25T19:11:47","date_gmt":"2022-09-25T17:11:47","guid":{"rendered":"http:\/\/blog.lesgrossesorchadeslesamplesthalameges.fr\/?page_id=20931"},"modified":"2022-09-25T19:12:49","modified_gmt":"2022-09-25T17:12:49","slug":"le-parti-americain-en-italie","status":"publish","type":"page","link":"https:\/\/blog.lesgrossesorchadeslesamplesthalameges.fr\/index.php\/le-parti-americain-en-italie\/","title":{"rendered":"Le \u00ab\u00a0Parti Am\u00e9ricain\u00a0\u00bb\u00a0 en Italie"},"content":{"rendered":"<p>&nbsp;<\/p>\n<p>&nbsp;<\/p>\n<p>&nbsp;<\/p>\n<p>&nbsp;<\/p>\n<p>&nbsp;<\/p>\n<p>&nbsp;<\/p>\n<p>&nbsp;<\/p>\n<p>&nbsp;<\/p>\n<p style=\"text-align: center;\"><span style=\"font-family: times new roman, times, serif; font-size: 36pt;\"><strong>Le \u00ab\u00a0Parti Am\u00e9ricain\u00a0\u00bb\u00a0 en Italie<\/strong><\/span><\/p>\n<p>&nbsp;<\/p>\n<p>&nbsp;<\/p>\n<p style=\"text-align: center;\"><span style=\"font-family: times new roman, times, serif; font-size: 18pt;\"><strong>Manlio Dinucci <\/strong><strong>\u2013<\/strong><strong> <em>ByoBlu<\/em> <\/strong><strong>\u2013<\/strong><strong> 23.9.2022<\/strong><\/span><\/p>\n<p style=\"text-align: center;\"><span style=\"font-family: times new roman, times, serif; font-size: 18pt;\"><strong>\u00a0<\/strong><\/span><\/p>\n<p style=\"text-align: center;\"><span style=\"font-family: times new roman, times, serif; font-size: 18pt;\">Traduction\u00a0et apostille :<strong> Marie-Ange Patrizio<\/strong><\/span><\/p>\n<p>&nbsp;<\/p>\n<p style=\"text-align: center;\"><span style=\"font-family: times new roman, times, serif; font-size: 14pt;\"><strong>\u00a0<\/strong><\/span><\/p>\n<p style=\"text-align: justify;\"><span style=\"font-family: times new roman, times, serif; font-size: 14pt;\"><strong>\u00a0<\/strong><\/span><\/p>\n<p style=\"text-align: justify;\"><span style=\"font-family: times new roman, times, serif; font-size: 14pt;\">Les partis institutionnels m\u00e8nent la campagne \u00e9lectorale non seulement en Italie mais aux \u00c9tats-Unis. Le secr\u00e9taire du PD (Parti D\u00e9mocrate) Enrico Letta, dans une interview \u00e0 un journal \u00e9tasunien d\u00e9clare : \u00ab Avec la droite l\u2019Italie [est] proche de la Russie, avec nous des USA \u00bb. Sur le m\u00eame journal le pr\u00e9sident du Copasir (Comit\u00e9 Parlementaire pour la S\u00e9curit\u00e9 de la R\u00e9publique) Adolfo Urso, en visite \u00e0 Washington, assure par contre que \u00ab pour les USA Giorgia Meloni (candidate du parti Fratelli d\u2019Italia) est pleinement fiable \u00bb. Les partis de tout l\u2019arc parlementaire rivalisent ainsi pour obtenir le consensus de Washington, indispensable \u00e0 tout gouvernement qui sera issu des \u00e9lections. Mais au m\u00eame moment ils agissent d\u2019un commun accord quand il s\u2019agit de mettre en oeuvre les directives de Washington. <strong>Par exemple, celle de boycotter le Trait\u00e9 ONU sur la prohibition des armes nucl\u00e9aires<\/strong>, ratifi\u00e9 par 66 \u00c9tats et sign\u00e9 par 20, mais boycott\u00e9 par les USA et l\u2019OTAN. \u00c0 la r\u00e9union de juin des adh\u00e9rents au Trait\u00e9, l\u2019Italie, pourtant invit\u00e9e, n\u2019\u00e9tait pas pr\u00e9sente, pas m\u00eame en tant qu\u2019observateur.<\/span><\/p>\n<p>&nbsp;<\/p>\n<p style=\"text-align: justify;\"><span style=\"font-family: times new roman, times, serif; font-size: 14pt;\">Toujours en juin le 6<sup>\u00e8me<\/sup> Escadron de l\u2019A\u00e9ronautique italienne \u00e0 Ghedi (Province de Brescia) a re\u00e7u le premier chasseur USA F-35A d\u2019attaque nucl\u00e9aire qui sera rapidement arm\u00e9 avec les nouvelles bombes nucl\u00e9aires USA B61-12, pr\u00eates \u00e0 \u00eatre employ\u00e9es par l\u2019A\u00e9ronautique italienne sous commandement USA. L\u2019Italie viole ainsi le Trait\u00e9 de non-prolif\u00e9ration ratifi\u00e9 en 1975, qui stipule : \u00ab\u00a0Tout E\u0301tat non dote\u0301 d\u2019armes nucle\u0301aires qui est Partie au Traite\u0301 s\u2019engage a\u0300 n\u2019accepter de qui que ce soit, ni directement ni\u00a0\u00a0\u00a0 indirectement, le transfert d\u2019armes nucle\u0301aires ou autres dispositifs explosifs nucle\u0301aires ou du contro\u0302le de telles armes ou de tels dispositifs explosifs\u00a0\u00bb.<\/span><\/p>\n<p>&nbsp;<\/p>\n<p>&nbsp;<\/p>\n<p>&nbsp;<\/p>\n<p style=\"text-align: center;\"><a href=\"http:\/\/blog.lesgrossesorchadeslesamplesthalameges.fr\/?attachment_id=20904\" rel=\"attachment wp-att-20904\"><img loading=\"lazy\" class=\"alignnone wp-image-20904 size-full\" src=\"http:\/\/blog.lesgrossesorchadeslesamplesthalameges.fr\/wp-content\/uploads\/2022\/09\/2.-Moby-Prince-Night.jpg\" alt=\"\" width=\"600\" height=\"400\" srcset=\"https:\/\/blog.lesgrossesorchadeslesamplesthalameges.fr\/wp-content\/uploads\/2022\/09\/2.-Moby-Prince-Night.jpg 600w, https:\/\/blog.lesgrossesorchadeslesamplesthalameges.fr\/wp-content\/uploads\/2022\/09\/2.-Moby-Prince-Night-300x200.jpg 300w\" sizes=\"(max-width: 600px) 100vw, 600px\" \/><\/a><\/p>\n<p>&nbsp;<\/p>\n<p>&nbsp;<\/p>\n<p>&nbsp;<\/p>\n<p style=\"text-align: justify;\"><span style=\"font-family: times new roman, times, serif; font-size: 14pt;\">Preuve suppl\u00e9mentaire de la suj\u00e9tion de l\u2019Italie aux USA, le 15 septembre dernier la Commission parlementaire d\u2019enqu\u00eate sur les causes du \u00ab d\u00e9sastre \u00bb du navire <em>Moby Prince<\/em> a conclu ses travaux en cachant une fois de plus les v\u00e9ritables causes de la trag\u00e9die survenue dans la rade de Livourne il y a plus de 31 ans <strong>pour couvrir un trafic d\u2019armes effectu\u00e9 dans la base \u00e9tasunienne limitrophe de Camp Darby<\/strong>. Le rapport conclusif mystificateur, pr\u00e9sent\u00e9 par Andrea Romano du PD, a \u00e9t\u00e9 approuv\u00e9 \u00e0 l\u2019unanimit\u00e9 par les repr\u00e9sentants de tous les autres partis. Par contre ce qu\u2019a \u00e9t\u00e9 la dynamique r\u00e9elle de ce massacre est pr\u00e9sent\u00e9 dans cet \u00e9pisode de <em>Grandangolo<\/em> par une enqu\u00eate-vid\u00e9o d\u2019une actualit\u00e9 br\u00fblante, transmise en 2016 par Pandora TV du regrett\u00e9 Giulietto Chiesa.<\/span><\/p>\n<p>&nbsp;<\/p>\n<p style=\"text-align: justify;\"><span style=\"font-family: times new roman, times, serif; font-size: 14pt;\">Bref r\u00e9sum\u00e9 de la revue de presse internationale <strong><em>Grandangolo Pangea<\/em><\/strong> du vendredi 23 septembre 2022 \u00e0 20h30, sur la cha\u00eene italienne <strong><em>Byoblu<\/em><\/strong>,<\/span><\/p>\n<p style=\"text-align: justify;\"><span style=\"font-family: times new roman, times, serif; font-size: 14pt;\"><a href=\"https:\/\/www.byoblu.com\/2022\/09\/23\/il-partito-americano-in-italia-grandangolo-pangea\/\">https:\/\/www.byoblu.com\/2022\/09\/23\/il-partito-americano-in-italia-grandangolo-pangea\/<\/a><\/span><\/p>\n<p>&nbsp;<\/p>\n<p>&nbsp;<\/p>\n<p>&nbsp;<\/p>\n<p style=\"text-align: left;\"><span style=\"font-family: times new roman, times, serif; font-size: 18pt; color: #c00000;\"><strong><em>Quand les vieux cadavres commencent \u00e0 sortir des placards europ\u00e9ens\u2026<\/em><\/strong><\/span><\/p>\n<p style=\"text-align: justify;\"><span style=\"font-family: times new roman, times, serif; font-size: 14pt;\"><strong><em>\u00a0<\/em><\/strong><\/span><\/p>\n<p style=\"text-align: justify;\"><span style=\"font-family: times new roman, times, serif; font-size: 14pt;\"><strong><em>\u00a0<\/em><\/strong><\/span><\/p>\n<p style=\"text-align: justify;\"><span style=\"font-family: times new roman, times, serif; font-size: 18pt;\"><strong>Apostille pour la version fran\u00e7aise <\/strong>:<\/span><\/p>\n<p>&nbsp;<\/p>\n<p>&nbsp;<\/p>\n<p>&nbsp;<\/p>\n<p style=\"text-align: center;\"><a href=\"http:\/\/blog.lesgrossesorchadeslesamplesthalameges.fr\/?attachment_id=20905\" rel=\"attachment wp-att-20905\"><img loading=\"lazy\" class=\"alignnone wp-image-20905 size-full\" src=\"http:\/\/blog.lesgrossesorchadeslesamplesthalameges.fr\/wp-content\/uploads\/2022\/09\/3.-hero-moby-prince-ansa.jpg\" alt=\"\" width=\"600\" height=\"375\" srcset=\"https:\/\/blog.lesgrossesorchadeslesamplesthalameges.fr\/wp-content\/uploads\/2022\/09\/3.-hero-moby-prince-ansa.jpg 600w, https:\/\/blog.lesgrossesorchadeslesamplesthalameges.fr\/wp-content\/uploads\/2022\/09\/3.-hero-moby-prince-ansa-300x188.jpg 300w\" sizes=\"(max-width: 600px) 100vw, 600px\" \/><\/a><\/p>\n<p>&nbsp;<\/p>\n<p>&nbsp;<\/p>\n<p>&nbsp;<\/p>\n<p style=\"text-align: justify;\"><span style=\"font-family: times new roman, times, serif; font-size: 14pt;\">\u00ab\u00a0La navette maritime <em>Moby Prince<\/em>, le soir du 10 avril 1991, entre en collision dans la rade du port de Livourne avec le p\u00e9trolier <em>Agip Abruzzo<\/em>, et prend feu. Le SOS lanc\u00e9 \u00e0 plusieurs reprises ne re\u00e7oit aucune r\u00e9ponse. 140 personnes meurent dans le navire en flammes, apr\u00e8s avoir attendu les secours en vain pendant des heures.<\/span><\/p>\n<p>&nbsp;<\/p>\n<p style=\"text-align: justify;\"><span style=\"font-family: times new roman, times, serif; font-size: 14pt;\">\u00a0 Pendant des d\u00e9cennies, malgr\u00e9 trois enqu\u00eates et deux proc\u00e8s, les familles demandent en vain la v\u00e9rit\u00e9. Elle \u00e9merge pourtant imp\u00e9rieusement des faits. Ce soir l\u00e0 dans la rade de Livourne a lieu un trafic intense de navires militaires et militaris\u00e9s des \u00c9tats-Unis, qui ram\u00e8nent \u00e0 la base USA de Camp Darby (limitrophe au port) une partie des armes utilis\u00e9es dans la guerre du Golfe. D\u2019autres myst\u00e9rieux navires s\u2019y trouvent aussi. Le <em>Gallant II<\/em> (nom de code <em>Theresa<\/em>), navire militaris\u00e9 USA qui, imm\u00e9diatement apr\u00e8s l\u2019accident, quitte pr\u00e9cipitamment la rade de Livourne. Le 21 <em>Oktoobar II<\/em> de la soci\u00e9t\u00e9 Shifco, dont la flotte, donn\u00e9e par la Coop\u00e9ration italienne \u00e0 la Somalie, officiellement pour la p\u00eache, est employ\u00e9e pour transporter des armes USA et des d\u00e9chets toxiques y compris radioactifs en Somalie ; ainsi que pour approvisionner en armes la Croatie en guerre contre la Yougoslavie. Pour avoir trouv\u00e9 les preuves de ce trafic, la journaliste Ilaria Alpi et son op\u00e9rateur Miran Hrovatin sont assassin\u00e9s en 1994 \u00e0 Mogadiscio, dans un guet-apens organis\u00e9 par la CIA avec l\u2019aide du r\u00e9seau Gladio et des services secrets italiens.<\/span><\/p>\n<p>&nbsp;<\/p>\n<p style=\"text-align: justify;\"><span style=\"font-family: times new roman, times, serif; font-size: 14pt;\">Selon toute probabilit\u00e9, le soir du 10 avril est en cours d<\/span><span style=\"font-family: times new roman, times, serif; font-size: 14pt;\">ans la rade de Livourne le transbordement d\u2019armes \u00e9tasuniennes qui, au lieu de rentrer \u00e0 Camp Darby, sont secr\u00e8tement envoy\u00e9es en Somalie, Croatie et autres zones, sans exclure des d\u00e9p\u00f4ts de Gladio en Italie. Quand survient la collision, ceux qui dirigent l\u2019op\u00e9ration \u2013 certainement le commandement USA de Camp Darby \u2013 essaient imm\u00e9diatement d\u2019effacer toute preuve. Cela explique une s\u00e9rie de \u00ab\u00a0points obscurs\u00a0\u00bb : le signal du <em>Moby Prince,<\/em> \u00e0 seulement 2 miles du port, qui arrive fortement perturb\u00e9 ; le silence de Livorno Radio, le gestionnaire public des t\u00e9l\u00e9communications, qui n\u2019appelle pas le <em>Moby Prince<\/em> ; le commandant du port, \u201cpris par d\u2019autres communications radio\u201d, qui ne guide pas les secours et se trouve imm\u00e9diatement apr\u00e8s promu amiral pour ses m\u00e9rites ; le manque (ou mieux la disparition) de traces radar et images satellites en particulier sur la position de l\u2019<em>Agip Abruzzo<\/em> ; les falsifications sur la navette sous s\u00e9questre, o\u00f9 disparaissent des instruments essentiels aux enqu\u00eates. On ignorera qu\u2019au centre de la trag\u00e9die du <em>Moby Prince<\/em> se trouve Camp Darby, cette m\u00eame base USA o\u00f9 ont enqu\u00eat\u00e9 les juges Casson et Mastelloni dans l\u2019investigation sur l\u2019organisation putschiste Gladio. Une des bases USA\/Otan qui \u2013 \u00e9crit Ferdinando Imposimato, Pr\u00e9sident honoraire de la Cour Supr\u00eame de Cassation \u2013 fournirent les explosifs pour les massacres de Piazza Fontana, Capaci et Via d\u2019Amelio. Bases dans lesquelles \u00ab\u00a0se r\u00e9unissaient terroristes noirs, officiers de l\u2019OTAN, mafieux, hommes politiques italiens et francs-ma\u00e7ons, \u00e0 la veille d\u2019attentats\u00a0\u00bb (Ferdinando IMPOSIMATO, <em>La Repubblica delle Stragi impunite [La R\u00e9publique des massacres impunis]<\/em>, Newton Compton, 2012. Disponible en italien sur Internet)\u00a0\u00bb.<\/span><\/p>\n<p>&nbsp;<\/p>\n<p style=\"text-align: justify;\"><span style=\"font-family: times new roman, times, serif; font-size: 14pt;\">Extrait de <strong><em>Guerre nucl\u00e9aire. Le jour d\u2019avant.<\/em><\/strong><em> D\u2019Hiroshima \u00e0 nos jours, qui nous m\u00e8ne \u00e0 la catastrophe et comment<\/em>, Manlio Dinucci, traduit de l\u2019italien par Marie-Ange Patrizio, Editions Delga, Paris, 2021. p. 170-171.<\/span><\/p>\n<p>&nbsp;<\/p>\n<p>&nbsp;<\/p>\n<p style=\"text-align: left;\"><a href=\"http:\/\/blog.lesgrossesorchadeslesamplesthalameges.fr\/?attachment_id=20906\" rel=\"attachment wp-att-20906\"><img loading=\"lazy\" class=\"alignnone wp-image-20906 size-full\" src=\"http:\/\/blog.lesgrossesorchadeslesamplesthalameges.fr\/wp-content\/uploads\/2022\/09\/4.-couv-guerre-nucle\u0301aire-1024x1536-1.jpg\" alt=\"\" width=\"250\" height=\"375\" srcset=\"https:\/\/blog.lesgrossesorchadeslesamplesthalameges.fr\/wp-content\/uploads\/2022\/09\/4.-couv-guerre-nucle\u0301aire-1024x1536-1.jpg 250w, https:\/\/blog.lesgrossesorchadeslesamplesthalameges.fr\/wp-content\/uploads\/2022\/09\/4.-couv-guerre-nucle\u0301aire-1024x1536-1-200x300.jpg 200w\" sizes=\"(max-width: 250px) 100vw, 250px\" \/><\/a><\/p>\n<p style=\"text-align: justify;\"><span style=\"font-family: times new roman, times, serif; font-size: 14pt;\">Manlio Dinucci<\/span><\/p>\n<p style=\"text-align: justify;\"><span style=\"font-family: times new roman, times, serif; font-size: 18pt;\"><strong><em>Guerre nucl\u00e9aire \u2013 Le jour d\u2019avant<\/em><\/strong><\/span><\/p>\n<p style=\"text-align: justify;\"><span style=\"font-family: times new roman, times, serif; font-size: 14pt;\">DELGA<\/span><\/p>\n<p style=\"text-align: justify;\"><span style=\"font-family: times new roman, times, serif; font-size: 14pt;\">275 pages<\/span><\/p>\n<p style=\"text-align: justify;\"><span style=\"font-family: times new roman, times, serif; font-size: 14pt;\">20 \u20ac<\/span><\/p>\n<p style=\"text-align: justify; padding-left: 280px;\"><span style=\"font-family: times new roman, times, serif; font-size: 12pt;\">Ce livre reconstitue l\u2019histoire de la course aux armements nucl\u00e9aires de 1945 \u00e0 nos jours, avec en toile de fond le sc\u00e9nario g\u00e9opolitique mondial, contribuant ainsi \u00e0 combler le manque d\u2019informations habilement cr\u00e9\u00e9 sur cette question d\u2019une importance vitale. Le sentiment qu\u2019une guerre nucl\u00e9aire est d\u00e9sormais inconcevable s\u2019est r\u00e9pandu et la dangereuse illusion que l\u2019on peut vivre avec la bombe a \u00e9t\u00e9 cr\u00e9\u00e9e. C\u2019est-\u00e0-dire avec un pouvoir destructeur qui peut effacer l\u2019esp\u00e8ce humaine et presque toute autre forme de vie. Nous pouvons \u00e9viter cela en nous mobilisant pour \u00e9liminer les armes nucl\u00e9aires de la surface de la Terre. Tant qu\u2019il est encore temps, le jour d\u2019avant.<\/span><\/p>\n<p style=\"padding-left: 280px; text-align: right;\"><span style=\"font-family: times new roman, times, serif; font-size: 12pt;\">Pr\u00e9face de Bernard Genet<\/span><\/p>\n<p style=\"text-align: justify; padding-left: 280px;\"><span style=\"font-family: times new roman, times, serif; font-size: 14pt;\"><strong>Manlio Dinucci<\/strong><\/span><\/p>\n<p style=\"text-align: justify; padding-left: 280px;\"><span style=\"font-family: times new roman, times, serif; font-size: 12pt;\">Journaliste et g\u00e9ographe, ex-directeur ex\u00e9cutif pour l\u2019Italie de l\u2019Internationa<em>l Physicians for the prevention of Nuclear War,<\/em>\u00a0association qui a re\u00e7u le Prix Nobel de la Paix en 1985. Porte-parole du\u00a0<em>Comitato no Guerra no Nato<\/em>\u00a0(Italie) et chercheur associ\u00e9 de Global Research (Canada). Prix international de journalisme 2019 pour Analyse g\u00e9ostrat\u00e9gique du Club de periodistas de M\u00e9xico<\/span><\/p>\n<p>&nbsp;<\/p>\n<p>&nbsp;<\/p>\n<p style=\"text-align: left;\"><span style=\"font-family: times new roman, times, serif; font-size: 14pt;\"><strong>URL de cet article : <\/strong><a href=\"http:\/\/blog.lesgrossesorchadeslesamplesthalameges.fr\/index.php\/le-parti-americain-en-italie\/\">http:\/\/blog.lesgrossesorchadeslesamplesthalameges.fr\/index.php\/le-parti-americain-en-italie\/<\/a><br \/>\n<\/span><\/p>\n<p>&nbsp;<\/p>\n<p>&nbsp;<\/p>\n<p>&nbsp;<\/p>\n<p style=\"text-align: center;\"><a href=\"http:\/\/blog.lesgrossesorchadeslesamplesthalameges.fr\/?attachment_id=20902\" rel=\"attachment wp-att-20902\"><img loading=\"lazy\" class=\"alignnone size-full wp-image-20902\" src=\"http:\/\/blog.lesgrossesorchadeslesamplesthalameges.fr\/wp-content\/uploads\/2022\/09\/000.-dangerous-times.gif\" alt=\"\" width=\"70\" height=\"63\" \/><\/a><\/p>\n<p>&nbsp;<\/p>\n<p>&nbsp;<\/p>\n<p style=\"text-align: right;\"><span style=\"font-family: comic sans ms, sans-serif; font-size: 14pt;\">25 Septembre 2022<\/span><\/p>\n<p>&nbsp;<\/p>\n<p>&nbsp;<\/p>\n<p>&nbsp;<\/p>\n","protected":false},"excerpt":{"rendered":"<p>&nbsp; &nbsp; &nbsp; &nbsp; &nbsp; &nbsp; &nbsp; &nbsp; Le \u00ab\u00a0Parti Am\u00e9ricain\u00a0\u00bb\u00a0 en Italie &nbsp; &nbsp; Manlio Dinucci \u2013 ByoBlu \u2013 23.9.2022 \u00a0 Traduction\u00a0et apostille : Marie-Ange Patrizio &nbsp; \u00a0 \u00a0 Les partis institutionnels m\u00e8nent la campagne \u00e9lectorale non seulement en Italie mais aux \u00c9tats-Unis. Le secr\u00e9taire du PD (Parti D\u00e9mocrate) Enrico Letta, dans une interview&#8230;<\/p>\n","protected":false},"author":1,"featured_media":0,"parent":0,"menu_order":0,"comment_status":"open","ping_status":"open","template":"","meta":[],"_links":{"self":[{"href":"https:\/\/blog.lesgrossesorchadeslesamplesthalameges.fr\/index.php\/wp-json\/wp\/v2\/pages\/20931"}],"collection":[{"href":"https:\/\/blog.lesgrossesorchadeslesamplesthalameges.fr\/index.php\/wp-json\/wp\/v2\/pages"}],"about":[{"href":"https:\/\/blog.lesgrossesorchadeslesamplesthalameges.fr\/index.php\/wp-json\/wp\/v2\/types\/page"}],"author":[{"embeddable":true,"href":"https:\/\/blog.lesgrossesorchadeslesamplesthalameges.fr\/index.php\/wp-json\/wp\/v2\/users\/1"}],"replies":[{"embeddable":true,"href":"https:\/\/blog.lesgrossesorchadeslesamplesthalameges.fr\/index.php\/wp-json\/wp\/v2\/comments?post=20931"}],"version-history":[{"count":6,"href":"https:\/\/blog.lesgrossesorchadeslesamplesthalameges.fr\/index.php\/wp-json\/wp\/v2\/pages\/20931\/revisions"}],"predecessor-version":[{"id":20937,"href":"https:\/\/blog.lesgrossesorchadeslesamplesthalameges.fr\/index.php\/wp-json\/wp\/v2\/pages\/20931\/revisions\/20937"}],"wp:attachment":[{"href":"https:\/\/blog.lesgrossesorchadeslesamplesthalameges.fr\/index.php\/wp-json\/wp\/v2\/media?parent=20931"}],"curies":[{"name":"wp","href":"https:\/\/api.w.org\/{rel}","templated":true}]}}