{"id":20940,"date":"2022-09-25T19:21:19","date_gmt":"2022-09-25T17:21:19","guid":{"rendered":"http:\/\/blog.lesgrossesorchadeslesamplesthalameges.fr\/?page_id=20940"},"modified":"2022-09-25T19:22:21","modified_gmt":"2022-09-25T17:22:21","slug":"cooperation-militaire-brics-alger","status":"publish","type":"page","link":"https:\/\/blog.lesgrossesorchadeslesamplesthalameges.fr\/index.php\/cooperation-militaire-brics-alger\/","title":{"rendered":"Coop\u00e9ration militaire BRICS\/Alger ?"},"content":{"rendered":"<p>&nbsp;<\/p>\n<p>&nbsp;<\/p>\n<p>&nbsp;<\/p>\n<p>&nbsp;<\/p>\n<p>&nbsp;<\/p>\n<p>&nbsp;<\/p>\n<p>&nbsp;<\/p>\n<p>&nbsp;<\/p>\n<p style=\"text-align: center;\"><span style=\"font-family: times new roman, times, serif; font-size: 36pt;\"><strong>Coop\u00e9ration militaire BRICS\/Alger ?<\/strong><\/span><\/p>\n<p style=\"text-align: center;\"><span style=\"font-family: times new roman, times, serif; font-size: 14pt;\"><strong>\u00a0<\/strong><\/span><\/p>\n<p style=\"text-align: center;\"><span style=\"font-family: times new roman, times, serif; font-size: 18pt;\"><strong><em>Pars Today<\/em><\/strong><strong> \u2013 24.9.2022<\/strong><\/span><\/p>\n<p style=\"text-align: center;\"><span style=\"font-family: times new roman, times, serif; font-size: 14pt;\"><strong>\u00a0<\/strong><\/span><\/p>\n<p style=\"text-align: justify;\"><span style=\"font-family: times new roman, times, serif; font-size: 14pt;\"><strong>\u00a0<\/strong><\/span><\/p>\n<p>&nbsp;<\/p>\n<p style=\"text-align: center;\"><span style=\"font-family: times new roman, times, serif; font-size: 14pt;\"><strong>\u00a0<a href=\"http:\/\/blog.lesgrossesorchadeslesamplesthalameges.fr\/index.php\/2022\/09\/25\/en-attendant-m-sarmat-sur-mons\/8-brics-alger-copie-png-gif\/\" rel=\"attachment wp-att-20924\"><img loading=\"lazy\" class=\"alignnone wp-image-20924 size-full\" src=\"http:\/\/blog.lesgrossesorchadeslesamplesthalameges.fr\/wp-content\/uploads\/2022\/09\/8.-BRICS-Alger-Copie.png-GIF.gif\" alt=\"\" width=\"600\" height=\"337\" \/><\/a><\/strong><\/span><\/p>\n<p>&nbsp;<\/p>\n<p>&nbsp;<\/p>\n<p>&nbsp;<\/p>\n<p style=\"text-align: justify;\"><span style=\"font-family: tahoma, arial, helvetica, sans-serif; font-size: 14pt;\"><strong>Fin ao\u00fbt, le S\u00e9nat br\u00e9silien a ratifi\u00e9 un accord de coop\u00e9ration en mati\u00e8re de d\u00e9fense avec l&rsquo;Alg\u00e9rie, sign\u00e9 en 2018. Cette collaboration permettra l&rsquo;\u00e9change d&rsquo;informations entre les deux pays, ainsi que la formation de personnel et l&rsquo;acquisition d&rsquo;armes, d&rsquo;\u00e9quipements militaires et de syst\u00e8mes d&rsquo;armes.<\/strong><\/span><\/p>\n<p>&nbsp;<\/p>\n<p style=\"text-align: justify;\"><span style=\"font-family: times new roman, times, serif; font-size: 14pt;\">En \u00e9tablissant des relations avec les BRICS, dont le Br\u00e9sil fait partie, l&rsquo;Alg\u00e9rie tente \u00e9galement de \u00ab\u00a0se s\u00e9parer de l&rsquo;h\u00e9g\u00e9monie occidentale\u00a0\u00bb, a d\u00e9clar\u00e9 \u00e0 Sputnik le sp\u00e9cialiste de la d\u00e9fense Danilo Bragan\u00e7a, de l&rsquo;Universit\u00e9 f\u00e9d\u00e9rale de Fluminense.<\/span><\/p>\n<p>&nbsp;<\/p>\n<p style=\"text-align: justify;\"><span style=\"font-family: times new roman, times, serif; font-size: 14pt;\">\u00ab\u00a0Il s&rsquo;agit notamment des pays europ\u00e9ens ayant acc\u00e8s \u00e0 la M\u00e9diterran\u00e9e, la France, l&rsquo;Espagne et l&rsquo;Italie, dont l&rsquo;h\u00e9ritage s&rsquo;est mat\u00e9rialis\u00e9 par la colonisation brutale qui a conduit \u00e0 la guerre d&rsquo;Alg\u00e9rie\u00a0\u00bb, a expliqu\u00e9 Bragan\u00e7a.<\/span><\/p>\n<p>&nbsp;<\/p>\n<p style=\"text-align: justify;\"><span style=\"font-family: times new roman, times, serif; font-size: 14pt;\">Pour le pays d&rsquo;Am\u00e9rique latine, il s&rsquo;agit \u00e9galement \u00ab\u00a0d&rsquo;un accord important qui permet au Br\u00e9sil d&rsquo;entrer dans une r\u00e9gion strat\u00e9giquement importante : la M\u00e9diterran\u00e9e, l&rsquo;Afrique du Nord et l&rsquo;Europe du Sud\u00a0\u00bb.<\/span><\/p>\n<p>&nbsp;<\/p>\n<p style=\"text-align: justify;\"><span style=\"font-family: times new roman, times, serif; font-size: 14pt;\">L&rsquo;expert estime que l&rsquo;expansion du r\u00e9seau des BRICS refl\u00e8te la transformation de son format : ce groupe de cinq pays devient une coalition qui se positionne comme \u00ab\u00a0une alliance mondiale de plus grande envergure\u00a0\u00bb.<\/span><\/p>\n<p>&nbsp;<\/p>\n<p style=\"text-align: justify;\"><span style=\"font-family: times new roman, times, serif; font-size: 14pt;\">Le fait que l&rsquo;Alg\u00e9rie veuille rejoindre les BRICS montre que ce pays commence \u00e0 s&rsquo;\u00e9loigner de l&rsquo;Europe en renfor\u00e7ant ses relations avec la Chine, le Br\u00e9sil et l&rsquo;Inde.<\/span><\/p>\n<p>&nbsp;<\/p>\n<p style=\"text-align: justify;\"><span style=\"font-family: times new roman, times, serif; font-size: 14pt;\">\u00ab\u00a0Les principaux enjeux des prochaines ann\u00e9es pour la diplomatie alg\u00e9rienne sont l&rsquo;expansion des BRICS, le d\u00e9placement du centre de la diplomatie nord-africaine, et m\u00eame du continent africain dans son ensemble, vers des blocs plus proches de la Chine et du Br\u00e9sil\u00a0\u00bb, r\u00e9sume Bragan\u00e7a.<\/span><\/p>\n<p>&nbsp;<\/p>\n<p style=\"text-align: justify;\"><span style=\"font-family: times new roman, times, serif; font-size: 14pt;\">L&rsquo;ambassadeur de Russie en Alg\u00e9rie, Valerian Shuvaev, a d\u00e9clar\u00e9 que Moscou ne s&rsquo;opposait pas \u00e0 la volont\u00e9 de l&rsquo;Alg\u00e9rie de rejoindre le groupe des BRICS, rapporte le jeudi 8 septembre le quotidien arabophone\u00a0El-Khabar.<\/span><\/p>\n<p>&nbsp;<\/p>\n<p style=\"text-align: justify;\"><span style=\"font-family: times new roman, times, serif; font-size: 14pt;\">Alors que la diplomatie alg\u00e9rienne tente d&rsquo;\u00e9tablir de nouveaux partenariats en rejoignant les BRICS, la Russie a donn\u00e9 son feu vert dans cette affaire en annon\u00e7ant qu&rsquo;elle ne s&rsquo;oppose pas \u00e0 cette mesure alg\u00e9rienne.\u00a0<\/span><\/p>\n<p>&nbsp;<\/p>\n<p style=\"text-align: justify;\"><span style=\"font-family: times new roman, times, serif; font-size: 14pt;\">\u00ab\u00a0La Russie n&rsquo;a aucune objection \u00e0 la volont\u00e9 de l&rsquo;Alg\u00e9rie de rejoindre le groupe des BRICS, et le pr\u00e9sident Tebboune a \u00e9crit au pr\u00e9sident Poutine \u00e0 ce sujet\u00a0\u00bb, a d\u00e9clar\u00e9 Shuvaev lors d&rsquo;une conf\u00e9rence de presse au si\u00e8ge de l&rsquo;ambassade de Russie en Alg\u00e9rie, selon les m\u00eames m\u00e9dias.<\/span><\/p>\n<p>&nbsp;<\/p>\n<p style=\"text-align: justify;\"><span style=\"font-family: times new roman, times, serif; font-size: 14pt;\">Le diplomate russe a d\u00e9clar\u00e9 que la visite du pr\u00e9sident Tebboune en Russie avant la fin de l&rsquo;ann\u00e9e fait l&rsquo;objet actuellement de discussions pr\u00e9liminaires. Valerian Shuvaev a r\u00e9v\u00e9l\u00e9 que des \u00e9v\u00e9nements importants attendent les relations bilat\u00e9rales entre les deux pays jusqu&rsquo;\u00e0 la fin de l&rsquo;ann\u00e9e.<\/span><\/p>\n<p>&nbsp;<\/p>\n<p style=\"text-align: justify;\"><span style=\"font-family: times new roman, times, serif; font-size: 14pt;\">Il a ajout\u00e9 : \u00ab\u00a0Nous cherchons \u00e0 \u00e9largir les domaines de la coop\u00e9ration civile entre l&rsquo;Alg\u00e9rie et la Russie, et nous travaillons dur pour renforcer le partenariat dans le domaine de l&rsquo;\u00e9nergie, des mines, de l&rsquo;industrie et de la recherche scientifique\u00a0\u00bb, selon la m\u00eame source.<\/span><\/p>\n<p>&nbsp;<\/p>\n<p style=\"text-align: justify;\"><span style=\"font-family: times new roman, times, serif; font-size: 14pt;\">Le pr\u00e9sident Abdelmadjid Tebboune avait pr\u00e9c\u00e9demment d\u00e9clar\u00e9 que l&rsquo;Alg\u00e9rie \u00e9tait pr\u00eate \u00e0 rejoindre l&rsquo;organisation \u00ab\u00a0BRICS\u00a0\u00bb.<\/span><\/p>\n<p>&nbsp;<\/p>\n<p style=\"text-align: justify;\"><span style=\"font-family: times new roman, times, serif; font-size: 14pt;\">Les BRICS, une organisation \u00e9conomique internationale, comprennent aujourd&rsquo;hui la Russie, la Chine, le Br\u00e9sil, l&rsquo;Inde et la R\u00e9publique d&rsquo;Afrique du Sud.<\/span><\/p>\n<p>&nbsp;<\/p>\n<p style=\"text-align: justify;\"><span style=\"font-family: times new roman, times, serif; font-size: 14pt;\">Source\u00a0: <a href=\"https:\/\/parstoday.com\/fr\/news\/africa-i114922-coop%C3%A9ration_militaire_brics_alger\">Coop\u00e9ration militaire BRICS\/Alger? &#8211; Pars Today<\/a><\/span><\/p>\n<p>&nbsp;<\/p>\n<p style=\"text-align: left;\"><span style=\"font-family: times new roman, times, serif; font-size: 14pt;\"><strong>URL de cet article : <\/strong><a href=\"http:\/\/blog.lesgrossesorchadeslesamplesthalameges.fr\/index.php\/cooperation-militaire-brics-alger\/\">http:\/\/blog.lesgrossesorchadeslesamplesthalameges.fr\/index.php\/cooperation-militaire-brics-alger\/<\/a><strong><br \/>\n<\/strong><\/span><\/p>\n<p>&nbsp;<\/p>\n<p>&nbsp;<\/p>\n<p>&nbsp;<\/p>\n<p style=\"text-align: center;\"><a href=\"http:\/\/blog.lesgrossesorchadeslesamplesthalameges.fr\/index.php\/2022\/09\/25\/en-attendant-m-sarmat-sur-mons\/000-dangerous-times-19\/\" rel=\"attachment wp-att-20902\"><img loading=\"lazy\" class=\"alignnone size-full wp-image-20902\" src=\"http:\/\/blog.lesgrossesorchadeslesamplesthalameges.fr\/wp-content\/uploads\/2022\/09\/000.-dangerous-times.gif\" alt=\"\" width=\"70\" height=\"63\" \/><\/a><\/p>\n<p>&nbsp;<\/p>\n<p>&nbsp;<\/p>\n<p style=\"text-align: right;\"><span style=\"font-family: comic sans ms, sans-serif;\">Septembre 2022<\/span><\/p>\n<p>&nbsp;<\/p>\n<p>&nbsp;<\/p>\n<p>&nbsp;<\/p>\n","protected":false},"excerpt":{"rendered":"<p>&nbsp; &nbsp; &nbsp; &nbsp; &nbsp; &nbsp; &nbsp; &nbsp; Coop\u00e9ration militaire BRICS\/Alger ? \u00a0 Pars Today \u2013 24.9.2022 \u00a0 \u00a0 &nbsp; \u00a0 &nbsp; &nbsp; &nbsp; Fin ao\u00fbt, le S\u00e9nat br\u00e9silien a ratifi\u00e9 un accord de coop\u00e9ration en mati\u00e8re de d\u00e9fense avec l&rsquo;Alg\u00e9rie, sign\u00e9 en 2018. Cette collaboration permettra l&rsquo;\u00e9change d&rsquo;informations entre les deux pays, ainsi que&#8230;<\/p>\n","protected":false},"author":1,"featured_media":0,"parent":0,"menu_order":0,"comment_status":"open","ping_status":"open","template":"","meta":[],"_links":{"self":[{"href":"https:\/\/blog.lesgrossesorchadeslesamplesthalameges.fr\/index.php\/wp-json\/wp\/v2\/pages\/20940"}],"collection":[{"href":"https:\/\/blog.lesgrossesorchadeslesamplesthalameges.fr\/index.php\/wp-json\/wp\/v2\/pages"}],"about":[{"href":"https:\/\/blog.lesgrossesorchadeslesamplesthalameges.fr\/index.php\/wp-json\/wp\/v2\/types\/page"}],"author":[{"embeddable":true,"href":"https:\/\/blog.lesgrossesorchadeslesamplesthalameges.fr\/index.php\/wp-json\/wp\/v2\/users\/1"}],"replies":[{"embeddable":true,"href":"https:\/\/blog.lesgrossesorchadeslesamplesthalameges.fr\/index.php\/wp-json\/wp\/v2\/comments?post=20940"}],"version-history":[{"count":5,"href":"https:\/\/blog.lesgrossesorchadeslesamplesthalameges.fr\/index.php\/wp-json\/wp\/v2\/pages\/20940\/revisions"}],"predecessor-version":[{"id":20945,"href":"https:\/\/blog.lesgrossesorchadeslesamplesthalameges.fr\/index.php\/wp-json\/wp\/v2\/pages\/20940\/revisions\/20945"}],"wp:attachment":[{"href":"https:\/\/blog.lesgrossesorchadeslesamplesthalameges.fr\/index.php\/wp-json\/wp\/v2\/media?parent=20940"}],"curies":[{"name":"wp","href":"https:\/\/api.w.org\/{rel}","templated":true}]}}