{"id":20948,"date":"2022-09-25T19:30:08","date_gmt":"2022-09-25T17:30:08","guid":{"rendered":"http:\/\/blog.lesgrossesorchadeslesamplesthalameges.fr\/?page_id=20948"},"modified":"2022-09-25T19:30:46","modified_gmt":"2022-09-25T17:30:46","slug":"pourquoi-les-americains-parlent-de-sanctions-contre-lalgerie","status":"publish","type":"page","link":"https:\/\/blog.lesgrossesorchadeslesamplesthalameges.fr\/index.php\/pourquoi-les-americains-parlent-de-sanctions-contre-lalgerie\/","title":{"rendered":"Pourquoi les Am\u00e9ricains parlent-ils de sanctions contre l\u2019Alg\u00e9rie ?"},"content":{"rendered":"<p>&nbsp;<\/p>\n<p>&nbsp;<\/p>\n<p>&nbsp;<\/p>\n<p>&nbsp;<\/p>\n<p>&nbsp;<\/p>\n<p>&nbsp;<\/p>\n<p>&nbsp;<\/p>\n<p>&nbsp;<\/p>\n<p style=\"text-align: center;\"><span style=\"font-family: times new roman, times, serif; font-size: 42pt;\"><strong>Pourquoi les Am\u00e9ricains parlent-ils de sanctions contre l\u2019Alg\u00e9rie ?<\/strong><\/span><\/p>\n<p style=\"text-align: justify;\"><span style=\"font-family: times new roman, times, serif; font-size: 14pt;\"><strong>\u00a0<\/strong><\/span><\/p>\n<p style=\"text-align: justify;\"><span style=\"font-family: times new roman, times, serif; font-size: 14pt;\"><strong>\u00a0<\/strong><\/span><\/p>\n<p style=\"text-align: center;\"><strong><span style=\"font-family: times new roman, times, serif; font-size: 18pt;\"><em>Al Manar\u00a0<\/em> &#8212; 22.9.2022<\/span><\/strong><\/p>\n<p>&nbsp;<\/p>\n<p>&nbsp;<\/p>\n<p>&nbsp;<\/p>\n<p style=\"text-align: center;\"><a href=\"http:\/\/blog.lesgrossesorchadeslesamplesthalameges.fr\/index.php\/2022\/09\/25\/en-attendant-m-sarmat-sur-mons\/10-drapeaux-alger\/\" rel=\"attachment wp-att-20913\"><img loading=\"lazy\" class=\"alignnone wp-image-20913 size-full\" src=\"http:\/\/blog.lesgrossesorchadeslesamplesthalameges.fr\/wp-content\/uploads\/2022\/09\/10.-Drapeaux-Alger.jpg\" alt=\"\" width=\"600\" height=\"334\" srcset=\"https:\/\/blog.lesgrossesorchadeslesamplesthalameges.fr\/wp-content\/uploads\/2022\/09\/10.-Drapeaux-Alger.jpg 600w, https:\/\/blog.lesgrossesorchadeslesamplesthalameges.fr\/wp-content\/uploads\/2022\/09\/10.-Drapeaux-Alger-300x167.jpg 300w\" sizes=\"(max-width: 600px) 100vw, 600px\" \/><\/a><\/p>\n<p>&nbsp;<\/p>\n<p>&nbsp;<\/p>\n<p>&nbsp;<\/p>\n<p style=\"text-align: justify;\"><span style=\"font-family: times new roman, times, serif; font-size: 14pt;\"><strong>Les <span style=\"font-family: tahoma, arial, helvetica, sans-serif;\">USA vont-ils laisser tomber leur masque et afficher leur vrai visage au peuple alg\u00e9rien? Un s\u00e9nateur r\u00e9publicain am\u00e9ricain veut de lourdes sanctions am\u00e9ricaines contre l\u2019Alg\u00e9rie. Pourquoi ? Les observateurs en expriment plusieurs raisons.<\/span><\/strong><\/span><\/p>\n<p>&nbsp;<\/p>\n<p style=\"text-align: justify;\"><span style=\"font-family: times new roman, times, serif; font-size: 14pt;\">Ainsi, parmi les principales raisons de ce d\u00e9saccord politique on parle de la relation existante entre le gouvernement alg\u00e9rien et le pays de Poutine <em>[la Russie, NdE].<\/em> S\u2019ajoute \u00e0 cela, le fait que l\u2019Arm\u00e9e nationale populaire (ANP) s\u2019approvisionne en mati\u00e8re d\u2019armes aupr\u00e8s des Russes. Chose qui visiblement ne pla\u00eet pas forc\u00e9ment aux USA.<\/span><\/p>\n<p>&nbsp;<\/p>\n<p style=\"text-align: justify;\"><span style=\"font-family: times new roman, times, serif; font-size: 14pt;\">Sachant cependant qu\u2019elle n\u2019est pas la seule \u00e0 le faire\u2026<\/span><\/p>\n<p>&nbsp;<\/p>\n<p style=\"text-align: justify;\"><span style=\"font-family: times new roman, times, serif; font-size: 14pt;\">En effet, l\u2019Inde et la Turquie acqui\u00e8rent, elles aussi, des armes aupr\u00e8s des Russes. \u00c0 la seule diff\u00e9rence que ces deux nations ne sont pas concern\u00e9es par les sanctions am\u00e9ricaines pour cause, \u00e9videmment, de liens avec Isra\u00ebl.<\/span><\/p>\n<p>&nbsp;<\/p>\n<p style=\"text-align: justify;\"><span style=\"font-family: times new roman, times, serif; font-size: 14pt;\">En fait, ce sont les s\u00e9nateurs am\u00e9ricains, Marco Rubio et Ted Cruz qui sont aux commandes de cette strat\u00e9gie anti-alg\u00e9rienne. Ces deux Yankees se basent sur un texte adopt\u00e9 en 2017 pour tenter d\u2019arriver \u00e0 leurs fins. Il s\u2019agit du texte intitul\u00e9 le \u00ab <em>Countering America\u2019s adversaries trough sanctions act<\/em> \u00bb. Soit, mot pour mot, la \u00ab\u00a0Loi sur la lutte contre les adversaires de l\u2019Am\u00e9rique par les sanctions \u00bb.<\/span><\/p>\n<p>&nbsp;<\/p>\n<p style=\"text-align: justify;\"><span style=\"font-family: times new roman, times, serif; font-size: 14pt;\">Dans le d\u00e9tail, cette loi permet \u00e0 Biden de prendre des sanctions contre les parties \u00ab engag\u00e9es dans des transactions importantes \u00bb avec les Russes. Tout en pr\u00e9cisant que le chef de l\u2019\u00c9tat \u00ab a d\u00e9l\u00e9gu\u00e9 ce pouvoir au secr\u00e9taire d\u2019\u00c9tat \u00bb. La Chambre des repr\u00e9sentants veut \u00e9galement p\u00e9naliser les pays africains qui ach\u00e8tent leur p\u00e9trole \u00e0 la Russie. Mais est-ce tout ce qui motive les sanctions US contre l\u2019Alg\u00e9rie\u00a0?<\/span><\/p>\n<p>&nbsp;<\/p>\n<p style=\"text-align: justify;\"><span style=\"font-family: times new roman, times, serif; font-size: 14pt;\">Plus d\u2019un analyste tendrait \u00e0 r\u00e9pondre par la n\u00e9gative rien qu\u2019\u00e0 suivre le taux de change en Alg\u00e9rie. En ce moment, l\u2019Alg\u00e9rie jouit d\u2019un exc\u00e9dent important de sa balance commerciale ! En effet, le dinar alg\u00e9rien a bondi ces derniers jours, \u00ab un bond historique et surprenant des transactions bancaires officielles, alors que l\u2019euro et le dollar s\u2019\u00e9levaient chacun \u00e0 environ 140 dinars \u00bb, ce qui est \u00ab une augmentation significative \u00bb.<\/span><\/p>\n<p>&nbsp;<\/p>\n<p style=\"text-align: justify;\"><span style=\"font-family: times new roman, times, serif; font-size: 14pt;\">C\u2019est une reprise historique de la monnaie nationale alg\u00e9rienne qui n\u2019a pas \u00e9t\u00e9 enregistr\u00e9e depuis plus de 10 ans, o\u00f9 l\u2019on a vu le dinar r\u00e9aliser une augmentation de 12,5% au cours de ces jours-ci par rapport \u00e0 l\u2019an dernier.<\/span><\/p>\n<p>&nbsp;<\/p>\n<p style=\"text-align: justify;\"><span style=\"font-family: times new roman, times, serif; font-size: 14pt;\">Et on pr\u00e9voit que le dinar continuera d\u2019augmenter pendant le reste de l\u2019ann\u00e9e en cours et m\u00eame pendant l\u2019ann\u00e9e prochaine, compte tenu des d\u00e9veloppements g\u00e9opolitiques qui ont r\u00e9sult\u00e9 de la crise en Ukraine, laquelle a entra\u00een\u00e9 une hausse des prix du gaz \u00e0 300 dollars pour 1.000 m\u00e8tres cubes et les prix du p\u00e9trole \u00e0 plus de 100 dollars le baril, ce qui a permis d\u2019augmenter les revenus du pays provenant des exportations.<\/span><\/p>\n<p>&nbsp;<\/p>\n<p style=\"text-align: justify;\"><span style=\"font-family: times new roman, times, serif; font-size: 14pt;\">Concernant les raisons de la hausse de la valeur du dinar, elles seraient li\u00e9es d\u2019abord \u00e0 la baisse de la valeur de l\u2019euro et du dollar au niveau du march\u00e9 mondial, ainsi qu\u2019\u00e0 l\u2019augmentation des r\u00e9serves de change de l\u2019Alg\u00e9rie, ce qui \u00ab a donn\u00e9 au dinar une capacit\u00e9 suppl\u00e9mentaire \u00e0 repousser les chocs inflationnistes d\u00e9favorables \u00bb, car il est pr\u00e9vu que les exportations d\u2019hydrocarbures d\u00e9passeront les 50 milliards de dollars d\u2019ici la fin de l\u2019ann\u00e9e en cours, soit une augmentation de 15 % par rapport \u00e0 2021.<\/span><\/p>\n<p>&nbsp;<\/p>\n<p style=\"text-align: justify;\"><span style=\"font-family: times new roman, times, serif; font-size: 14pt;\">Avec l\u2019am\u00e9lioration de la valeur du dinar, l\u2019Alg\u00e9rie conna\u00eetra \u00ab une stabilit\u00e9 des prix et un ralentissement de l\u2019inflation, et par cons\u00e9quent une am\u00e9lioration du pouvoir d\u2019achat, en plus de porter le taux de croissance \u00e9conomique \u00e0 la limite de 3,6% \u00bb, selon les experts.<\/span><\/p>\n<p>&nbsp;<\/p>\n<p style=\"text-align: justify;\"><span style=\"font-family: times new roman, times, serif; font-size: 14pt;\">N\u2019est-ce pas largement suffisant pour que l\u2019Alg\u00e9rie passe sur la liste noire des USA ?<\/span><\/p>\n<p>&nbsp;<\/p>\n<p style=\"text-align: justify;\"><span style=\"font-family: times new roman, times, serif; font-size: 14pt;\">Source :<strong>\u00a0<\/strong>Press TV<\/span><\/p>\n<p style=\"text-align: justify;\"><span style=\"font-family: times new roman, times, serif; font-size: 14pt;\">Notre source\u00a0: <a href=\"https:\/\/french.almanar.com.lb\/2435743\">Pourquoi les Am\u00e9ricains parlent de sanctions contre l\u2019Alg\u00e9rie ? \u2013 Site de la cha\u00eene AlManar-Liban<\/a><\/span><\/p>\n<p>&nbsp;<\/p>\n<p style=\"text-align: justify;\"><span style=\"font-family: times new roman, times, serif; font-size: 14pt;\"><strong>URL de cet article\u00a0:<\/strong><\/span><\/p>\n<p>&nbsp;<\/p>\n<p>&nbsp;<\/p>\n<p>&nbsp;<\/p>\n<p style=\"text-align: center;\"><a href=\"http:\/\/blog.lesgrossesorchadeslesamplesthalameges.fr\/index.php\/2022\/09\/25\/en-attendant-m-sarmat-sur-mons\/000-dangerous-times-19\/\" rel=\"attachment wp-att-20902\"><img loading=\"lazy\" class=\"alignnone size-full wp-image-20902\" src=\"http:\/\/blog.lesgrossesorchadeslesamplesthalameges.fr\/wp-content\/uploads\/2022\/09\/000.-dangerous-times.gif\" alt=\"\" width=\"70\" height=\"63\" \/><\/a><\/p>\n<p>&nbsp;<\/p>\n<p>&nbsp;<\/p>\n<p>&nbsp;<\/p>\n<p style=\"text-align: right;\"><span style=\"font-family: comic sans ms, sans-serif; font-size: 14pt;\">Septembre 2022<\/span><\/p>\n<p>&nbsp;<\/p>\n<p>&nbsp;<\/p>\n<p>&nbsp;<\/p>\n","protected":false},"excerpt":{"rendered":"<p>&nbsp; &nbsp; &nbsp; &nbsp; &nbsp; &nbsp; &nbsp; &nbsp; Pourquoi les Am\u00e9ricains parlent-ils de sanctions contre l\u2019Alg\u00e9rie ? \u00a0 \u00a0 Al Manar\u00a0 &#8212; 22.9.2022 &nbsp; &nbsp; &nbsp; &nbsp; &nbsp; &nbsp; Les USA vont-ils laisser tomber leur masque et afficher leur vrai visage au peuple alg\u00e9rien? Un s\u00e9nateur r\u00e9publicain am\u00e9ricain veut de lourdes sanctions am\u00e9ricaines contre l\u2019Alg\u00e9rie&#8230;.<\/p>\n","protected":false},"author":1,"featured_media":0,"parent":0,"menu_order":0,"comment_status":"open","ping_status":"open","template":"","meta":[],"_links":{"self":[{"href":"https:\/\/blog.lesgrossesorchadeslesamplesthalameges.fr\/index.php\/wp-json\/wp\/v2\/pages\/20948"}],"collection":[{"href":"https:\/\/blog.lesgrossesorchadeslesamplesthalameges.fr\/index.php\/wp-json\/wp\/v2\/pages"}],"about":[{"href":"https:\/\/blog.lesgrossesorchadeslesamplesthalameges.fr\/index.php\/wp-json\/wp\/v2\/types\/page"}],"author":[{"embeddable":true,"href":"https:\/\/blog.lesgrossesorchadeslesamplesthalameges.fr\/index.php\/wp-json\/wp\/v2\/users\/1"}],"replies":[{"embeddable":true,"href":"https:\/\/blog.lesgrossesorchadeslesamplesthalameges.fr\/index.php\/wp-json\/wp\/v2\/comments?post=20948"}],"version-history":[{"count":5,"href":"https:\/\/blog.lesgrossesorchadeslesamplesthalameges.fr\/index.php\/wp-json\/wp\/v2\/pages\/20948\/revisions"}],"predecessor-version":[{"id":20953,"href":"https:\/\/blog.lesgrossesorchadeslesamplesthalameges.fr\/index.php\/wp-json\/wp\/v2\/pages\/20948\/revisions\/20953"}],"wp:attachment":[{"href":"https:\/\/blog.lesgrossesorchadeslesamplesthalameges.fr\/index.php\/wp-json\/wp\/v2\/media?parent=20948"}],"curies":[{"name":"wp","href":"https:\/\/api.w.org\/{rel}","templated":true}]}}