{"id":21010,"date":"2022-09-29T15:09:24","date_gmt":"2022-09-29T13:09:24","guid":{"rendered":"http:\/\/blog.lesgrossesorchadeslesamplesthalameges.fr\/?page_id=21010"},"modified":"2022-09-29T15:10:22","modified_gmt":"2022-09-29T13:10:22","slug":"edward-snowden-recoit-la-nationalite-russe","status":"publish","type":"page","link":"https:\/\/blog.lesgrossesorchadeslesamplesthalameges.fr\/index.php\/edward-snowden-recoit-la-nationalite-russe\/","title":{"rendered":"Edward Snowden re\u00e7oit la nationalit\u00e9 russe"},"content":{"rendered":"<p>&nbsp;<\/p>\n<p>&nbsp;<\/p>\n<p>&nbsp;<\/p>\n<p>&nbsp;<\/p>\n<p>&nbsp;<\/p>\n<p>&nbsp;<\/p>\n<p>&nbsp;<\/p>\n<p>&nbsp;<\/p>\n<p style=\"text-align: center;\"><span style=\"font-family: times new roman, times, serif; font-size: 36pt;\"><strong>Edward Snowden re\u00e7oit la nationalit\u00e9 russe<\/strong><\/span><\/p>\n<p>&nbsp;<\/p>\n<p>&nbsp;<\/p>\n<p style=\"text-align: center;\"><span style=\"font-family: times new roman, times, serif; font-size: 18pt;\"><strong>Paul<\/strong><strong> Craig Roberts \u00a0\u2013 <em>paulcraigroberts.org <\/em>\u2013 26.9.2022<\/strong><\/span><\/p>\n<p style=\"text-align: justify;\"><span style=\"font-family: times new roman, times, serif; font-size: 14pt;\"><strong>\u00a0<\/strong><\/span><\/p>\n<p style=\"text-align: center;\"><span style=\"font-family: times new roman, times, serif; font-size: 18pt;\">Traduction : <strong>c.l.<\/strong> pour <strong><em>L.G.O.<\/em><\/strong><\/span><\/p>\n<p>&nbsp;<\/p>\n<p>&nbsp;<\/p>\n<p>&nbsp;<\/p>\n<p style=\"text-align: center;\"><span style=\"font-family: times new roman, times, serif; font-size: 14pt;\"><strong><em>\u00a0<a href=\"http:\/\/blog.lesgrossesorchadeslesamplesthalameges.fr\/?attachment_id=20976\" rel=\"attachment wp-att-20976\"><img loading=\"lazy\" class=\"alignnone wp-image-20976\" src=\"http:\/\/blog.lesgrossesorchadeslesamplesthalameges.fr\/wp-content\/uploads\/2022\/09\/14.-Snowden-249x300.jpg\" alt=\"\" width=\"350\" height=\"422\" srcset=\"https:\/\/blog.lesgrossesorchadeslesamplesthalameges.fr\/wp-content\/uploads\/2022\/09\/14.-Snowden-249x300.jpg 249w, https:\/\/blog.lesgrossesorchadeslesamplesthalameges.fr\/wp-content\/uploads\/2022\/09\/14.-Snowden.jpg 450w\" sizes=\"(max-width: 350px) 100vw, 350px\" \/><\/a><\/em><\/strong><\/span><\/p>\n<p>&nbsp;<\/p>\n<p>&nbsp;<\/p>\n<p>&nbsp;<\/p>\n<p style=\"text-align: justify;\"><span style=\"font-family: times new roman, times, serif; font-size: 14pt;\">Aujourd&rsquo;hui, Edward Snowden a obtenu la citoyennet\u00e9 russe. Snowden a d\u00fb fuir son pays parce qu&rsquo;il a publi\u00e9 des informations prouvant que la NSA espionnait \u2013 et espionne toujours \u2013 ill\u00e9galement les citoyens am\u00e9ricains. Les presstiputes utiliseront l&rsquo;octroi de la citoyennet\u00e9 \u00e0 Snowden comme preuve qu&rsquo;il \u00e9tait un espion russe, et non un lanceur d\u2019alerte essayant d&rsquo;alerter ses compatriotes sur les dangers qu\u2019ils courent.<\/span><\/p>\n<p>&nbsp;<\/p>\n<p style=\"text-align: justify;\"><span style=\"font-family: times new roman, times, serif; font-size: 14pt;\">Je voudrais vous donner quelques informations sur des choses que vous ne connaissez peut-\u00eatre pas. Edward Snowden est le deuxi\u00e8me Am\u00e9ricain \u00e0 avoir d\u00e9nonc\u00e9 l&rsquo;espionnage ill\u00e9gal des citoyens am\u00e9ricains par la NSA.<\/span><\/p>\n<p>&nbsp;<\/p>\n<p style=\"text-align: justify;\"><span style=\"font-family: times new roman, times, serif; font-size: 14pt;\">William Binney \u00e9ta \u00e9t\u00e9 le premier. Binney \u00e9tait un sp\u00e9cialiste de la Russie au sein de la National Security Agency. Il a d\u00e9velopp\u00e9 le programme d&rsquo;espionnage cens\u00e9 \u00eatre utilis\u00e9 contre les ennemis de l&rsquo;Am\u00e9rique, mais qui a \u00e9t\u00e9 utilis\u00e9 ill\u00e9galement contre la population am\u00e9ricaine. Binney, bien que directeur technique du Monde G\u00e9opolitique de la NSA, qui \u00e9tait un poste \u00e9lev\u00e9, a d\u00e9nonc\u00e9 cette activit\u00e9 ill\u00e9gale, la comparant aux activit\u00e9s du KGB, de la Stasi, de la Gestapo et de la SS.<\/span><\/p>\n<p>&nbsp;<\/p>\n<p style=\"text-align: justify;\"><span style=\"font-family: times new roman, times, serif; font-size: 14pt;\">En cons\u00e9quence de quoi le gouvernement am\u00e9ricain a d\u00e9cid\u00e9 de le d\u00e9truire. En juillet 2007, une douzaine de membres de la Gestapo du FBI, lourdement arm\u00e9s, ont fait irruption \u00e0 son domicile et l&rsquo;ont arr\u00eat\u00e9 alors qu&rsquo;il prenait une douche. Son gagne-pain a \u00e9t\u00e9 d\u00e9truit, et le gouvernement a tent\u00e9 de le poursuivre en justice.<\/span><\/p>\n<p>&nbsp;<\/p>\n<p style=\"text-align: justify;\"><span style=\"font-family: times new roman, times, serif; font-size: 14pt;\">Cependant, Binney avait r\u00e9v\u00e9l\u00e9 l&rsquo;espionnage ill\u00e9gal en interne, par le biais du programme officiel de d\u00e9nonciation, et il n&rsquo;avait \u00a0apport\u00e9 aucun document comme preuve de l&rsquo;espionnage ill\u00e9gal de citoyens am\u00e9ricains. Gr\u00e2ce \u00e0 ces pr\u00e9cautions, Binney n&rsquo;a pas pu \u00eatre poursuivi en justice mais l&rsquo;information selon laquelle le gouvernement am\u00e9ricain espionnait ill\u00e9galement ses propres citoyens n&rsquo;a pas \u00e9t\u00e9 diffus\u00e9e.<\/span><\/p>\n<p>&nbsp;<\/p>\n<p style=\"text-align: justify;\"><span style=\"font-family: times new roman, times, serif; font-size: 14pt;\">S&rsquo;exprimant devant le Bundestag allemand en juillet 2014, Binney a d\u00e9clar\u00e9 que la NSA utilisait des m\u00e9thodes totalitaires qui, auparavant, n&rsquo;\u00e9taient utilis\u00e9es que par des dictatures. Il a d\u00e9clar\u00e9 que l&rsquo;objectif de Washington \u00e9tait de surveiller l&rsquo;ensemble de la population am\u00e9ricaine, y compris \u00e0 l&rsquo;\u00e9tranger, chose qui est en contradiction avec la Constitution am\u00e9ricaine.<\/span><\/p>\n<p>&nbsp;<\/p>\n<p style=\"text-align: justify;\"><span style=\"font-family: times new roman, times, serif; font-size: 14pt;\">Comme Binney ne s\u2019\u00e9tait saisi d\u2019aucun document, il n&rsquo;a pu fournir aucune preuve, et les m\u00e9dias am\u00e9ricains l&rsquo;ont trait\u00e9 de cingl\u00e9 tra\u00eetre \u00e0 son pays.<\/span><\/p>\n<p>&nbsp;<\/p>\n<p style=\"text-align: justify;\"><span style=\"font-family: times new roman, times, serif; font-size: 14pt;\">Par voie de cons\u00e9quence, Edward Snowden, qui savait de premi\u00e8re main que la NSA espionnait ill\u00e9galement et inconstitutionnellement les citoyens am\u00e9ricains, a pris et publi\u00e9 les documents qui le prouvent. Cet effort pour r\u00e9veiller les Am\u00e9ricains insouciants signifiait qu&rsquo;il suffirait, pour l\u2019arr\u00eater, d\u2019invoquer des raisons de s\u00e9curit\u00e9 nationale. Snowden s&rsquo;en est rendu compte et a remis les documents \u00e0 Glenn Greenwald, en Asie. Il a ensuite \u00e9chapp\u00e9 \u00e0 la capture en passant par la Chine, ce qui lui a permis d\u2019arriver sain et sauf en Russie. Les m\u00e9dias prostitu\u00e9s U.S. ont utilis\u00e9 la fuite de Snowden via la Chine vers la Russie comme preuve qu&rsquo;il \u00e9tait un espion, et ont utilis\u00e9 cette fausse histoire de leur invention pour emp\u00eacher les Am\u00e9ricains de comprendre que c&rsquo;\u00e9tait leur propre gouvernement, et non Snowden, qui les trahissait.<\/span><\/p>\n<p>&nbsp;<\/p>\n<p style=\"text-align: justify;\"><span style=\"font-family: times new roman, times, serif; font-size: 14pt;\">Le fait que la Russie ait tardivement accord\u00e9 la citoyennet\u00e9 \u00e0 Snowden sera utilis\u00e9 par les m\u00e9dias am\u00e9ricains comme une preuve qu&rsquo;il est un espion russe occup\u00e9 \u00e0 discr\u00e9diter la NSA. De nombreux Am\u00e9ricains, les moins \u00e9duqu\u00e9s et les moins conscients de tous les peuples, se laisseront prendre \u00e0 cette histoire.<\/span><\/p>\n<p>&nbsp;<\/p>\n<p style=\"text-align: justify;\"><span style=\"font-family: times new roman, times, serif; font-size: 14pt;\">Qu&rsquo;est-ce que cela nous dit ?<\/span><\/p>\n<p>&nbsp;<\/p>\n<p style=\"text-align: justify;\"><span style=\"font-family: times new roman, times, serif; font-size: 14pt;\">Cela nous dit qu&rsquo;il est difficile, voire impossible, pour les hauts fonctionnaires du gouvernement, qui deviennent des lanceurs d\u2019alerte, de r\u00e9veiller le peuple am\u00e9ricain.<\/span><\/p>\n<p>&nbsp;<\/p>\n<p>&nbsp;<\/p>\n<p style=\"text-align: right;\"><a href=\"http:\/\/blog.lesgrossesorchadeslesamplesthalameges.fr\/index.php\/edward-snowden-recoit-la-nationalite-russe\/20-craig-roberts-book\/\" rel=\"attachment wp-att-21013\"><img loading=\"lazy\" class=\"alignnone wp-image-21013\" src=\"http:\/\/blog.lesgrossesorchadeslesamplesthalameges.fr\/wp-content\/uploads\/2022\/09\/20.-CRAIG-ROBERTS-BOOK-200x300.jpg\" alt=\"\" width=\"250\" height=\"375\" srcset=\"https:\/\/blog.lesgrossesorchadeslesamplesthalameges.fr\/wp-content\/uploads\/2022\/09\/20.-CRAIG-ROBERTS-BOOK-200x300.jpg 200w, https:\/\/blog.lesgrossesorchadeslesamplesthalameges.fr\/wp-content\/uploads\/2022\/09\/20.-CRAIG-ROBERTS-BOOK.jpg 300w\" sizes=\"(max-width: 250px) 100vw, 250px\" \/><\/a><\/p>\n<p>&nbsp;<\/p>\n<p>&nbsp;<\/p>\n<p style=\"text-align: justify;\"><span style=\"font-family: times new roman, times, serif; font-size: 14pt;\">Les Am\u00e9ricains n&rsquo;ont aucune id\u00e9e de ce qui se passe r\u00e9ellement dans le monde. Ils ne re\u00e7oivent que des r\u00e9cits officiellement approuv\u00e9s, transmis \u00e0 des m\u00e9dias qui ne sont que des chambres d\u2019\u00e9cho du minist\u00e8re de la Propagande. Je suis un ancien r\u00e9dacteur en chef du <em>Wall Street Journal<\/em>. Il n&rsquo;y a personne, dans la presse \u00e9crite et t\u00e9l\u00e9vis\u00e9e am\u00e9ricaine aujourd&rsquo;hui, qui aurait eu assez d&rsquo;int\u00e9grit\u00e9 pour \u00eatre engag\u00e9 par le <em>WSJ<\/em> il y a quarante ans, lorsque j&rsquo;\u00e9tais r\u00e9dacteur.<\/span><\/p>\n<p style=\"text-align: justify;\"><span style=\"font-family: times new roman, times, serif; font-size: 14pt;\"><em>\u00a0<\/em><\/span><\/p>\n<p style=\"text-align: justify;\"><span style=\"font-family: times new roman, times, serif; font-size: 14pt;\">Aux \u00c9tats-Unis aujourd&rsquo;hui, toute dissidence par rapport aux r\u00e9cits officiels servant des ordres du jour secrets implique que vous \u00eates un complotiste cingl\u00e9 et, plus r\u00e9cemment, que vous \u00eates un agent de l\u2019\u00e9tranger trahissant votre pays. Il ne faudra pas longtemps, aux \u00c9tats-Unis, pour que le moindre d\u00e9saccord avec les fourberies officielles soit un motif d&rsquo;arrestation.<\/span><\/p>\n<p>&nbsp;<\/p>\n<p style=\"text-align: justify;\"><span style=\"font-family: times new roman, times, serif; font-size: 14pt;\">Donc, soyons clairs, aux \u00c9tats-Unis aujourd&rsquo;hui, non seulement les faits ne comptent pas, mais ils sont dangereux pour ceux qui les expriment.<\/span><\/p>\n<p>&nbsp;<\/p>\n<p style=\"text-align: left;\"><span style=\"font-family: times new roman, times, serif; font-size: 14pt;\">Source\u00a0 : <a href=\"https:\/\/www.paulcraigroberts.org\/2022\/09\/26\/breaking-news-edward-snowden-granted-russian-citizenship\/\">Breaking News: Edward Snowden Granted Russian Citizenship | (paulcraigroberts.org)<\/a><\/span><\/p>\n<p>&nbsp;<\/p>\n<p style=\"text-align: left;\"><span style=\"font-family: times new roman, times, serif; font-size: 14pt;\"><strong>URL de cet article : <\/strong><a href=\"http:\/\/blog.lesgrossesorchadeslesamplesthalameges.fr\/index.php\/edward-snowden-recoit-la-nationalite-russe\/\">http:\/\/blog.lesgrossesorchadeslesamplesthalameges.fr\/index.php\/edward-snowden-recoit-la-nationalite-russe\/<\/a><strong><br \/>\n<\/strong><\/span><\/p>\n<p style=\"text-align: justify;\"><span style=\"font-family: times new roman, times, serif; font-size: 14pt;\"><strong>\u00a0<\/strong><\/span><\/p>\n<p><strong>\u00a0<\/strong><\/p>\n<p style=\"text-align: center;\"><strong>\u00a0<a href=\"http:\/\/blog.lesgrossesorchadeslesamplesthalameges.fr\/index.php\/2022\/09\/25\/en-attendant-m-sarmat-sur-mons\/000-dangerous-times-19\/\" rel=\"attachment wp-att-20902\"><img loading=\"lazy\" class=\"alignnone size-full wp-image-20902\" src=\"http:\/\/blog.lesgrossesorchadeslesamplesthalameges.fr\/wp-content\/uploads\/2022\/09\/000.-dangerous-times.gif\" alt=\"\" width=\"70\" height=\"63\" \/><\/a><\/strong><\/p>\n<p><strong>\u00a0<\/strong><\/p>\n<p><strong>\u00a0<\/strong><\/p>\n<p><strong>\u00a0<\/strong><\/p>\n<p style=\"text-align: right;\"><span style=\"font-family: comic sans ms, sans-serif; font-size: 14pt;\">Septembre 2022<\/span><\/p>\n<p>&nbsp;<\/p>\n<p>&nbsp;<\/p>\n","protected":false},"excerpt":{"rendered":"<p>&nbsp; &nbsp; &nbsp; &nbsp; &nbsp; &nbsp; &nbsp; &nbsp; Edward Snowden re\u00e7oit la nationalit\u00e9 russe &nbsp; &nbsp; Paul Craig Roberts \u00a0\u2013 paulcraigroberts.org \u2013 26.9.2022 \u00a0 Traduction : c.l. pour L.G.O. &nbsp; &nbsp; &nbsp; \u00a0 &nbsp; &nbsp; &nbsp; Aujourd&rsquo;hui, Edward Snowden a obtenu la citoyennet\u00e9 russe. Snowden a d\u00fb fuir son pays parce qu&rsquo;il a publi\u00e9 des&#8230;<\/p>\n","protected":false},"author":1,"featured_media":0,"parent":0,"menu_order":0,"comment_status":"open","ping_status":"open","template":"","meta":[],"_links":{"self":[{"href":"https:\/\/blog.lesgrossesorchadeslesamplesthalameges.fr\/index.php\/wp-json\/wp\/v2\/pages\/21010"}],"collection":[{"href":"https:\/\/blog.lesgrossesorchadeslesamplesthalameges.fr\/index.php\/wp-json\/wp\/v2\/pages"}],"about":[{"href":"https:\/\/blog.lesgrossesorchadeslesamplesthalameges.fr\/index.php\/wp-json\/wp\/v2\/types\/page"}],"author":[{"embeddable":true,"href":"https:\/\/blog.lesgrossesorchadeslesamplesthalameges.fr\/index.php\/wp-json\/wp\/v2\/users\/1"}],"replies":[{"embeddable":true,"href":"https:\/\/blog.lesgrossesorchadeslesamplesthalameges.fr\/index.php\/wp-json\/wp\/v2\/comments?post=21010"}],"version-history":[{"count":6,"href":"https:\/\/blog.lesgrossesorchadeslesamplesthalameges.fr\/index.php\/wp-json\/wp\/v2\/pages\/21010\/revisions"}],"predecessor-version":[{"id":21017,"href":"https:\/\/blog.lesgrossesorchadeslesamplesthalameges.fr\/index.php\/wp-json\/wp\/v2\/pages\/21010\/revisions\/21017"}],"wp:attachment":[{"href":"https:\/\/blog.lesgrossesorchadeslesamplesthalameges.fr\/index.php\/wp-json\/wp\/v2\/media?parent=21010"}],"curies":[{"name":"wp","href":"https:\/\/api.w.org\/{rel}","templated":true}]}}