{"id":21019,"date":"2022-09-29T15:27:11","date_gmt":"2022-09-29T13:27:11","guid":{"rendered":"http:\/\/blog.lesgrossesorchadeslesamplesthalameges.fr\/?page_id=21019"},"modified":"2022-09-29T15:28:36","modified_gmt":"2022-09-29T13:28:36","slug":"la-cia-a-t-elle-fait-sauter-le-gazoduc-nord-stream-pour-empecher-la-russie-de-venir-au-secours-de-leurope-cet-hiver","status":"publish","type":"page","link":"https:\/\/blog.lesgrossesorchadeslesamplesthalameges.fr\/index.php\/la-cia-a-t-elle-fait-sauter-le-gazoduc-nord-stream-pour-empecher-la-russie-de-venir-au-secours-de-leurope-cet-hiver\/","title":{"rendered":"La CIA a-t-elle fait sauter le gazoduc Nord Stream pour emp\u00eacher la Russie de venir au secours de l&rsquo;Europe cet hiver ?"},"content":{"rendered":"<p>&nbsp;<\/p>\n<p>&nbsp;<\/p>\n<p>&nbsp;<\/p>\n<p>&nbsp;<\/p>\n<p>&nbsp;<\/p>\n<p>&nbsp;<\/p>\n<p>&nbsp;<\/p>\n<p>&nbsp;<\/p>\n<p style=\"text-align: justify;\"><span style=\"font-family: times new roman, times, serif; font-size: 18pt;\"><strong><em>Comme on conna\u00eet ses saints on les honore\u2026<\/em><\/strong><\/span><\/p>\n<p>&nbsp;<\/p>\n<p style=\"text-align: justify;\"><span style=\"font-family: times new roman, times, serif; font-size: 14pt;\"><strong>\u00a0<\/strong><\/span><\/p>\n<p style=\"text-align: center;\"><span style=\"font-family: times new roman, times, serif; font-size: 36pt;\"><strong>La CIA a-t-elle fait sauter le gazoduc Nord Stream pour emp\u00eacher la Russie de venir au secours de l&rsquo;Europe cet hiver ?<\/strong><\/span><\/p>\n<p style=\"text-align: justify;\"><span style=\"font-family: times new roman, times, serif; font-size: 14pt;\"><strong>\u00a0<\/strong><\/span><\/p>\n<p>&nbsp;<\/p>\n<p style=\"text-align: center;\"><span style=\"font-family: times new roman, times, serif; font-size: 18pt;\"><strong>Paul Craig Roberts \u2013 <em>paulcraigroberts.org<\/em> \u2013 28.9.2022<\/strong><\/span><\/p>\n<p style=\"text-align: center;\"><span style=\"font-family: times new roman, times, serif; font-size: 18pt;\"><strong>\u00a0<\/strong><\/span><\/p>\n<p style=\"text-align: center;\"><span style=\"font-family: times new roman, times, serif; font-size: 14pt;\"><span style=\"font-size: 18pt;\">Traduction\u00a0:<strong> c.l. <\/strong>pour <\/span><strong><em><span style=\"font-size: 18pt;\">L.G.O<\/span>.<\/em><\/strong><\/span><\/p>\n<p>&nbsp;<\/p>\n<p>&nbsp;<\/p>\n<p>&nbsp;<\/p>\n<p style=\"text-align: center;\"><a href=\"http:\/\/blog.lesgrossesorchadeslesamplesthalameges.fr\/?attachment_id=20977\" rel=\"attachment wp-att-20977\"><img loading=\"lazy\" class=\"alignnone wp-image-20977 size-full\" src=\"http:\/\/blog.lesgrossesorchadeslesamplesthalameges.fr\/wp-content\/uploads\/2022\/09\/15.-nord-stream-2-pipeline-map-1024x561-1.png\" alt=\"\" width=\"600\" height=\"328\" srcset=\"https:\/\/blog.lesgrossesorchadeslesamplesthalameges.fr\/wp-content\/uploads\/2022\/09\/15.-nord-stream-2-pipeline-map-1024x561-1.png 600w, https:\/\/blog.lesgrossesorchadeslesamplesthalameges.fr\/wp-content\/uploads\/2022\/09\/15.-nord-stream-2-pipeline-map-1024x561-1-300x164.png 300w\" sizes=\"(max-width: 600px) 100vw, 600px\" \/><\/a><\/p>\n<p style=\"text-align: justify;\"><span style=\"font-family: times new roman, times, serif; font-size: 14pt;\"><strong>\u00a0<\/strong><\/span><\/p>\n<p>&nbsp;<\/p>\n<p style=\"text-align: justify;\"><span style=\"font-family: times new roman, times, serif; font-size: 14pt;\"><strong>\u00a0<\/strong><\/span><\/p>\n<p style=\"text-align: justify;\"><span style=\"font-family: times new roman, times, serif; font-size: 14pt;\">Alors que Nord Stream 1 et Nord Stream 2 perdaient tous deux soudainement leur pression lundi dernier, les sismologues su\u00e9dois ont enregistr\u00e9 de multiples explosions. Le directeur du gazoduc fait \u00e9tat de d\u00e9g\u00e2ts sans pr\u00e9c\u00e9dent. Il s&rsquo;agit clairement d&rsquo;un sabotage d\u00e9lib\u00e9r\u00e9 qui ne peut \u00eatre le fait que d&rsquo;un gouvernement disposant de capacit\u00e9s sous-marines pour placer des mines sous-marines.<\/span><\/p>\n<p>&nbsp;<\/p>\n<p style=\"text-align: justify;\"><span style=\"font-family: times new roman, times, serif; font-size: 14pt;\">Qui cela peut-il \u00eatre ?<\/span><\/p>\n<p>&nbsp;<\/p>\n<p style=\"text-align: justify;\"><span style=\"font-family: times new roman, times, serif; font-size: 14pt;\">Le secr\u00e9taire d&rsquo;\u00c9tat am\u00e9ricain, Blinken, a d\u00e9clar\u00e9 que l&rsquo;endommagement du gazoduc offrait \u00e0 l&rsquo;Europe occidentale une \u00ab\u00a0occasion importante\u00a0\u00bb d&rsquo;abandonner le gaz naturel russe en faveur du gaz naturel liqu\u00e9fi\u00e9 des \u00c9tats-Unis.<\/span><\/p>\n<p>&nbsp;<\/p>\n<p style=\"text-align: justify;\"><span style=\"font-family: times new roman, times, serif; font-size: 14pt;\">Un membre polonais du Parlement europ\u00e9en a remerci\u00e9 les \u00c9tats-Unis d&rsquo;avoir mis le gazoduc hors service, car la Russie devra d\u00e9sormais n\u00e9gocier avec la Pologne pour pouvoir livrer du gaz \u00e0 l&rsquo;Europe. [<a href=\"https:\/\/www.rt.com\/news\/563633-cia-germany-nordstream-spiegel\/\">https:\/\/www.rt.com\/news\/563633-cia-germany-nordstream-spiegel\/<\/a>\u00a0]<\/span><\/p>\n<p>&nbsp;<\/p>\n<p style=\"text-align: justify;\"><span style=\"font-family: times new roman, times, serif; font-size: 14pt;\">Face \u00e0 l&rsquo;intervention russe pour emp\u00eacher l&rsquo;invasion du Donbass par l&rsquo;Ukraine, le pr\u00e9sident am\u00e9ricain Biden a d\u00e9clar\u00e9 : \u00ab\u00a0Il n&rsquo;y aura plus de Nord Stream 2. Nous y mettrons fin. Je vous le promets, nous serons en mesure de le faire\u00a0\u00bb.<\/span><\/p>\n<p>&nbsp;<\/p>\n<p style=\"text-align: justify;\"><span style=\"font-family: times new roman, times, serif; font-size: 14pt;\">Les marionnettes europ\u00e9ennes bien dress\u00e9es par Washington accuseront, c\u2019est s\u00fbr, la Russie d&rsquo;avoir fait exploser son propre gazoduc. <\/span><span style=\"font-family: times new roman, times, serif; font-size: 14pt;\">[<a href=\"https:\/\/www.rt.com\/russia\/563639-zakharova-nord-stream-sabotage\/\">https:\/\/www.rt.com\/russia\/563639-zakharova-nord-stream-sabotage\/<\/a>] &#8211; <\/span><span style=\"font-family: times new roman, times, serif; font-size: 14pt;\"><a href=\"https:\/\/sputniknews.com\/20220927\/powerful-underwater-explosions-reportedly-registered-in-area-of-gas-leaks-from-nord-stream-1101281247.html\">[https:\/\/sputniknews.com\/20220927\/powerful-underwater-explosions-reportedly-registered-in-area-of-gas-leaks-from-nord-stream-1101281247.html<\/a>\u00a0]<\/span><\/p>\n<p>&nbsp;<\/p>\n<p style=\"text-align: justify;\"><span style=\"font-family: times new roman, times, serif; font-size: 14pt;\">Comme je l&rsquo;avais pr\u00e9dit, les tergiversations du Kremlin au sujet de l&rsquo;Ukraine ont donn\u00e9 \u00e0 Washington tout le temps n\u00e9cessaire pour commettre davantage de m\u00e9faits et pour \u00e9largir le conflit. L&rsquo;insistance du Kremlin \u00e0 respecter la l\u00e9galit\u00e9 pourrait aboutir \u00e0 une guerre nucl\u00e9aire.<\/span><\/p>\n<p>&nbsp;<\/p>\n<p style=\"text-align: justify;\"><span style=\"font-family: times new roman, times, serif; font-size: 14pt;\">La seule fa\u00e7on s\u00fbre pour la Russie d\u2019affronter la menace ukrainienne \u00e9tait une attaque \u00e9clair par laquelle elle aurait conquis l&rsquo;Ukraine avant que l&rsquo;Occident n\u2019ait eu le temps de r\u00e9agir.\u00a0 Le conflit lent, limit\u00e9 et prolong\u00e9 a jou\u00e9 directement dans les mains de Washington. Il se pourrait que nous en mourions tous.<\/span><\/p>\n<p>&nbsp;<\/p>\n<p style=\"text-align: justify;\"><span style=\"font-family: times new roman, times, serif; font-size: 14pt;\">On ne peut douter aujourd\u2019hui que la guerre se soit \u00e9tendue, et maintenant le Kremlin fait le pari que l&rsquo;Ukraine et l&rsquo;Occident ne poursuivront pas la guerre si elle implique des attaques directes sur le territoire russe, d&rsquo;o\u00f9 les r\u00e9f\u00e9rendums.<\/span><\/p>\n<p>&nbsp;<\/p>\n<p style=\"text-align: justify;\"><span style=\"font-family: times new roman, times, serif; font-size: 14pt;\">Comme je l&rsquo;ai expliqu\u00e9 hier, nous vivons un moment fatidique de l&rsquo;histoire\u00a0: <\/span><span style=\"font-family: times new roman, times, serif; font-size: 14pt;\"><a href=\"https:\/\/www.paulcraigroberts.org\/2022\/09\/27\/a-fateful-moment-of-history-is-upon-us\/\">https:\/\/www.paulcraigroberts.org\/2022\/09\/27\/a-fateful-moment-of-history-is-upon-us\/<\/a>.<\/span><\/p>\n<p>&nbsp;<\/p>\n<p>&nbsp;<\/p>\n<p>&nbsp;<\/p>\n<p style=\"text-align: center;\"><span style=\"font-family: times new roman, times, serif; font-size: 18pt;\"><strong>DES NAVIRES AM\u00c9RICAINS SONT SOUP\u00c7ONN\u00c9S D&rsquo;AVOIR SABOT\u00c9 LES PIPELINES DE NORD STREAM<\/strong><\/span><\/p>\n<p style=\"text-align: center;\"><a href=\"http:\/\/blog.lesgrossesorchadeslesamplesthalameges.fr\/index.php\/2022\/09\/23\/lhiver-va-t-il-etre-chaud-finalement\/000-vers-le-bas-fleche-rouge-gif-copie-27\/\" rel=\"attachment wp-att-20766\"><img loading=\"lazy\" class=\"alignnone size-full wp-image-20766\" src=\"http:\/\/blog.lesgrossesorchadeslesamplesthalameges.fr\/wp-content\/uploads\/2022\/09\/000.-vers-le-bas-fleche-rouge-GIF-Copie-3.gif\" alt=\"\" width=\"100\" height=\"100\" \/><\/a><\/p>\n<p style=\"text-align: center;\"><span style=\"font-family: times new roman, times, serif; font-size: 14pt;\"><a href=\"https:\/\/southfront.org\/us-ships-suspected-of-sabotage-attack-on-nord-stream-pipelines\/\"><strong>https:\/\/southfront.org\/us-ships-suspected-of-sabotage-attack-on-nord-stream-pipelines\/<\/strong><\/a><\/span><\/p>\n<p style=\"text-align: justify;\"><span style=\"font-family: times new roman, times, serif; font-size: 14pt;\"><strong>\u00a0<\/strong><\/span><\/p>\n<p style=\"text-align: justify;\"><span style=\"font-family: times new roman, times, serif; font-size: 14pt;\"><strong>\u00a0<\/strong><\/span><\/p>\n<p>&nbsp;<\/p>\n<p style=\"text-align: center;\"><span style=\"font-family: times new roman, times, serif; font-size: 24pt;\"><strong>Tucker Carlson en parle :<\/strong><\/span><\/p>\n<p style=\"text-align: center;\"><a href=\"http:\/\/blog.lesgrossesorchadeslesamplesthalameges.fr\/index.php\/2022\/09\/23\/lhiver-va-t-il-etre-chaud-finalement\/000-vers-le-bas-fleche-rouge-gif-copie-27\/\" rel=\"attachment wp-att-20766\"><img loading=\"lazy\" class=\"alignnone size-full wp-image-20766\" src=\"http:\/\/blog.lesgrossesorchadeslesamplesthalameges.fr\/wp-content\/uploads\/2022\/09\/000.-vers-le-bas-fleche-rouge-GIF-Copie-3.gif\" alt=\"\" width=\"100\" height=\"100\" \/><\/a><\/p>\n<p style=\"text-align: center;\"><span style=\"font-family: times new roman, times, serif; font-size: 14pt;\"><a href=\"https:\/\/patriots.win\/p\/15JnG2D5uQ\/tucker-carlson-on-the-pipeline-f\/c\/\"><strong>https:\/\/patriots.win\/p\/15JnG2D5uQ\/tucker-carlson-on-the-pipeline-f\/c\/<\/strong><\/a><\/span><\/p>\n<p>&nbsp;<\/p>\n<p>&nbsp;<\/p>\n<p>&nbsp;<\/p>\n<p style=\"text-align: left;\"><span style=\"font-family: times new roman, times, serif; font-size: 14pt;\">Source : <a href=\"https:\/\/www.paulcraigroberts.org\/2022\/09\/28\/has-the-cia-blown-up-the-nord-stream-gas-pipeline-to-prevent-russia-coming-to-europes-rescue-this-winter\/\">Has the CIA Blown Up the Nord Stream Gas Pipeline to Prevent Russia Coming to Europe\u2019s Rescue this Winter? | (paulcraigroberts.org)<\/a><\/span><\/p>\n<p>&nbsp;<\/p>\n<p style=\"text-align: left;\"><strong><span style=\"font-size: 14pt;\"><span style=\"font-family: times new roman, times, serif;\">URL de cet article : <\/span><\/span><\/strong><a href=\"http:\/\/blog.lesgrossesorchadeslesamplesthalameges.fr\/index.php\/la-cia-a-t-elle-fait-sauter-le-gazoduc-nord-stream-pour-empecher-la-russie-de-venir-au-secours-de-leurope-cet-hiver\/\"><span style=\"font-size: 14pt;\"><span style=\"font-family: times new roman, times, serif;\">http:\/\/blog.lesgrossesorchadeslesamplesthalameges.fr\/index.php\/la-cia-a-t-elle-fait-sauter-le-gazoduc-nord-stream-pour-empecher-la-russie-de-venir-au-secours-de-leurope-cet-hiver\/<\/span><\/span><\/a><strong><span style=\"font-size: 14pt;\"><br \/>\n<\/span><\/strong><\/p>\n<p>&nbsp;<\/p>\n<p>&nbsp;<\/p>\n<p>&nbsp;<\/p>\n<p style=\"text-align: center;\"><a href=\"http:\/\/blog.lesgrossesorchadeslesamplesthalameges.fr\/index.php\/2022\/09\/25\/en-attendant-m-sarmat-sur-mons\/000-dangerous-times-19\/\" rel=\"attachment wp-att-20902\"><img loading=\"lazy\" class=\"alignnone size-full wp-image-20902\" src=\"http:\/\/blog.lesgrossesorchadeslesamplesthalameges.fr\/wp-content\/uploads\/2022\/09\/000.-dangerous-times.gif\" alt=\"\" width=\"70\" height=\"63\" \/><\/a><\/p>\n<p>&nbsp;<\/p>\n<p>&nbsp;<\/p>\n<p style=\"text-align: right;\"><span style=\"font-family: comic sans ms, sans-serif; font-size: 14pt;\">Septembre 2022<\/span><\/p>\n<p>&nbsp;<\/p>\n<p>&nbsp;<\/p>\n","protected":false},"excerpt":{"rendered":"<p>&nbsp; &nbsp; &nbsp; &nbsp; &nbsp; &nbsp; &nbsp; &nbsp; Comme on conna\u00eet ses saints on les honore\u2026 &nbsp; \u00a0 La CIA a-t-elle fait sauter le gazoduc Nord Stream pour emp\u00eacher la Russie de venir au secours de l&rsquo;Europe cet hiver ? \u00a0 &nbsp; Paul Craig Roberts \u2013 paulcraigroberts.org \u2013 28.9.2022 \u00a0 Traduction\u00a0: c.l. pour L.G.O. &nbsp;&#8230;<\/p>\n","protected":false},"author":1,"featured_media":0,"parent":0,"menu_order":0,"comment_status":"open","ping_status":"open","template":"","meta":[],"_links":{"self":[{"href":"https:\/\/blog.lesgrossesorchadeslesamplesthalameges.fr\/index.php\/wp-json\/wp\/v2\/pages\/21019"}],"collection":[{"href":"https:\/\/blog.lesgrossesorchadeslesamplesthalameges.fr\/index.php\/wp-json\/wp\/v2\/pages"}],"about":[{"href":"https:\/\/blog.lesgrossesorchadeslesamplesthalameges.fr\/index.php\/wp-json\/wp\/v2\/types\/page"}],"author":[{"embeddable":true,"href":"https:\/\/blog.lesgrossesorchadeslesamplesthalameges.fr\/index.php\/wp-json\/wp\/v2\/users\/1"}],"replies":[{"embeddable":true,"href":"https:\/\/blog.lesgrossesorchadeslesamplesthalameges.fr\/index.php\/wp-json\/wp\/v2\/comments?post=21019"}],"version-history":[{"count":4,"href":"https:\/\/blog.lesgrossesorchadeslesamplesthalameges.fr\/index.php\/wp-json\/wp\/v2\/pages\/21019\/revisions"}],"predecessor-version":[{"id":21023,"href":"https:\/\/blog.lesgrossesorchadeslesamplesthalameges.fr\/index.php\/wp-json\/wp\/v2\/pages\/21019\/revisions\/21023"}],"wp:attachment":[{"href":"https:\/\/blog.lesgrossesorchadeslesamplesthalameges.fr\/index.php\/wp-json\/wp\/v2\/media?parent=21019"}],"curies":[{"name":"wp","href":"https:\/\/api.w.org\/{rel}","templated":true}]}}