{"id":21025,"date":"2022-09-29T15:44:23","date_gmt":"2022-09-29T13:44:23","guid":{"rendered":"http:\/\/blog.lesgrossesorchadeslesamplesthalameges.fr\/?page_id=21025"},"modified":"2022-09-29T15:48:28","modified_gmt":"2022-09-29T13:48:28","slug":"les-concerts-de-roger-waters-en-pologne-annules-en-raison-de-ses-declarations-sur-lukraine","status":"publish","type":"page","link":"https:\/\/blog.lesgrossesorchadeslesamplesthalameges.fr\/index.php\/les-concerts-de-roger-waters-en-pologne-annules-en-raison-de-ses-declarations-sur-lukraine\/","title":{"rendered":"\u00ab Les concerts de Roger Waters en Pologne annul\u00e9s en raison de ses d\u00e9clarations sur l&rsquo;Ukraine \u00bb"},"content":{"rendered":"<p>&nbsp;<\/p>\n<p>&nbsp;<\/p>\n<p>&nbsp;<\/p>\n<p>&nbsp;<\/p>\n<p>&nbsp;<\/p>\n<p>&nbsp;<\/p>\n<p>&nbsp;<\/p>\n<p>&nbsp;<\/p>\n<p>&nbsp;<\/p>\n<p style=\"text-align: justify; padding-left: 280px;\"><span style=\"font-family: times new roman, times, serif; font-size: 14pt;\">\u00ab\u00a0C&rsquo;est mettre ses conjectures\u00a0\u00e0\u00a0bien haut prix\u00a0que d&rsquo;en faire cuire un homme tout vif.\u00a0\u00bb<\/span><\/p>\n<p style=\"text-align: right;\"><span style=\"font-family: times new roman, times, serif; font-size: 14pt;\">\u00a0Michel de Montaigne &#8211; 1533-1592<\/span><\/p>\n<p>&nbsp;<\/p>\n<p>&nbsp;<\/p>\n<p><span style=\"font-family: times new roman, times, serif; font-size: 18pt; color: #c00000;\"><strong><em>Mais sur France Info, o\u00f9 on ne doit pas bien conna\u00eetre Waters ni Montaigne, ni les r\u00e8gles \u00e9l\u00e9mentaires de l\u2019information\u00a0:<\/em><\/strong><\/span><\/p>\n<p style=\"text-align: justify;\"><span style=\"font-family: times new roman, times, serif; font-size: 14pt;\"><strong><em>\u00a0<\/em><\/strong><\/span><\/p>\n<p style=\"text-align: justify;\"><span style=\"font-family: times new roman, times, serif; font-size: 14pt;\"><strong><em>\u00a0<\/em><\/strong><\/span><\/p>\n<p style=\"text-align: center;\"><strong><span style=\"font-family: times new roman, times, serif; font-size: 34pt;\">\u00ab Les concerts de Roger Waters en Pologne annul\u00e9s en raison de ses d\u00e9clarations sur l&rsquo;Ukraine \u00bb<br \/>\n<\/span><\/strong><\/p>\n<p>&nbsp;<\/p>\n<p>&nbsp;<\/p>\n<p>&nbsp;<\/p>\n<p style=\"text-align: center;\"><a href=\"http:\/\/blog.lesgrossesorchadeslesamplesthalameges.fr\/?attachment_id=20978\" rel=\"attachment wp-att-20978\"><img loading=\"lazy\" class=\"alignnone wp-image-20978 size-full\" src=\"http:\/\/blog.lesgrossesorchadeslesamplesthalameges.fr\/wp-content\/uploads\/2022\/09\/16.-Roger-Waters.jpg\" alt=\"\" width=\"650\" height=\"341\" srcset=\"https:\/\/blog.lesgrossesorchadeslesamplesthalameges.fr\/wp-content\/uploads\/2022\/09\/16.-Roger-Waters.jpg 650w, https:\/\/blog.lesgrossesorchadeslesamplesthalameges.fr\/wp-content\/uploads\/2022\/09\/16.-Roger-Waters-300x157.jpg 300w\" sizes=\"(max-width: 650px) 100vw, 650px\" \/><\/a><\/p>\n<p style=\"text-align: center;\"><span style=\"font-family: times new roman, times, serif; font-size: 12pt;\"><strong><em>\u00ab\u00a0This is not a drill\u00a0\u00bb au Madison Square Garden le 30 ao\u00fbt 2022 \u00e0 New York City, USA<\/em><\/strong><\/span><\/p>\n<p style=\"text-align: justify;\"><span style=\"font-family: times new roman, times, serif; font-size: 14pt;\"><strong><em>\u00a0<\/em><\/strong><\/span><\/p>\n<p>&nbsp;<\/p>\n<p style=\"text-align: justify;\"><span style=\"font-family: times new roman, times, serif; font-size: 14pt;\"><em>\u00a0<\/em><\/span><\/p>\n<p style=\"text-align: justify;\"><span style=\"font-family: comic sans ms, sans-serif; font-size: 14pt;\">Non pas \u00ab\u00a0les\u00a0\u00bb concerts, mais \u00abdes\u00a0\u00bb concerts.<\/span><\/p>\n<p>&nbsp;<\/p>\n<p style=\"text-align: justify; padding-left: 120px;\"><span style=\"font-family: times new roman, times, serif; font-size: 14pt;\">\u00ab\u00a0Roger Waters, co-fondateur du groupe de rock <em>Pink Floyd<\/em>, a appris ce dimanche 25 septembre l&rsquo;annulation de deux concerts programm\u00e9s \u00e0 Cracovie en Pologne \u201c\u00e0 cause de ses d\u00e9clarations jug\u00e9es complaisantes vis-\u00e0-vis de la Russie, concernant la guerre en Ukraine\u201d\u00a0\u00bb (France Info \u00e0 peu pr\u00e8s dixit)<\/span><\/p>\n<p>&nbsp;<\/p>\n<p style=\"text-align: justify;\"><span style=\"font-family: comic sans ms, sans-serif; font-size: 14pt;\">Et, euh, pas tout \u00e0 fait\u2026<\/span><\/p>\n<p>&nbsp;<\/p>\n<p style=\"text-align: justify;\"><span style=\"font-family: comic sans ms, sans-serif; font-size: 14pt;\">Quittons donc ici France-Info et r\u00e9sumons\u00a0:<\/span><\/p>\n<p>&nbsp;<\/p>\n<p style=\"text-align: justify;\"><span style=\"font-family: comic sans ms, sans-serif; font-size: 14pt;\">Le conseil municipal de Cracovie doit se prononcer cette semaine sur une motion d\u00e9clarant Roger Waters\u00a0<em>\u00ab\u00a0persona non grata\u00a0\u00bb<\/em>. L&rsquo;un de ses membres en effet, Lukasz Wantuch, a appel\u00e9 les habitants de la ville \u00e0 boycotter les concerts de l\u2019artiste.<\/span><\/p>\n<p>&nbsp;<\/p>\n<p style=\"text-align: justify;\"><span style=\"font-family: comic sans ms, sans-serif; font-size: 14pt;\">Dans une lettre ouverte de d\u00e9but septembre, le musicien avait \u00e9crit que l&rsquo;Occident devrait arr\u00eater de fournir des armes \u00e0 l&rsquo;Ukraine et reprochait \u00e0 Volodimir Zelinski d&rsquo;avoir tol\u00e9r\u00e9 \u00ab\u00a0un <em>nationalisme extr\u00eame\u00a0\u00bb, ce qui \u00e9tait vraiment peu dire,<\/em>\u00a0 lui conseillant \u00ab\u00a0de mettre un terme \u00e0<em>\u00a0cette guerre meurtri\u00e8re.\u00a0 <\/em><\/span><\/p>\n<p style=\"text-align: justify;\"><span style=\"font-family: comic sans ms, sans-serif; font-size: 14pt;\"><em>\u00a0<\/em><\/span><\/p>\n<p style=\"text-align: justify;\"><span style=\"font-family: comic sans ms, sans-serif; font-size: 14pt;\">L&rsquo;organisateur des concerts, <em>Live Nation Polska<\/em>, a indiqu\u00e9 samedi 24 septembre sur Twitter que les concerts, qui avaient \u00e9t\u00e9 pr\u00e9vus pour avril 2023 dans la grande salle de sports de la ville avaient \u00e9t\u00e9 annul\u00e9s mais sans fournir de pr\u00e9cisions.<\/span><\/p>\n<p>&nbsp;<\/p>\n<p style=\"text-align: justify;\"><span style=\"font-family: comic sans ms, sans-serif; font-size: 14pt;\">Or, quand on annule unilat\u00e9ralement des contrats sign\u00e9s avec des artistes, on s\u2019expose \u00e0 payer des d\u00e9dits ais\u00e9ment dissuasifs\u2026<\/span><\/p>\n<p>&nbsp;<\/p>\n<p style=\"text-align: justify;\"><span style=\"font-family: comic sans ms, sans-serif; font-size: 14pt;\">Roger Waters, actuellement en tourn\u00e9e aux Etats-Unis, a d\u00e9menti les affirmations des m\u00e9dias polonais selon lesquelles son groupe aurait renonc\u00e9 \u00e0 se produire, et il a adress\u00e9 une petite bafouille aux deux merdias de Londres et de Cracovie qui s\u2019\u00e9taient empress\u00e9s de rapporter le canard.<\/span><\/p>\n<p>&nbsp;<\/p>\n<p style=\"text-align: justify;\"><span style=\"font-family: comic sans ms, sans-serif; font-size: 14pt;\">[Paraphrasant les paroles du grand succ\u00e8s des Pink Floyd\u00a0 <em>Another Brick in the Wall<\/em>, il y dit au MacCarthy de la Vistule\u00a0 :<em>\u00a0 Hey, Lukasz Wantuch, \u00ab\u00a0laisse les gosses tranquilles !\u00a0\u00bb]<\/em><\/span><\/p>\n<p>&nbsp;<\/p>\n<p>&nbsp;<\/p>\n<p>&nbsp;<\/p>\n<p style=\"text-align: center;\"><a href=\"http:\/\/blog.lesgrossesorchadeslesamplesthalameges.fr\/?attachment_id=20979\" rel=\"attachment wp-att-20979\"><img loading=\"lazy\" class=\"alignnone wp-image-20979 size-full\" src=\"http:\/\/blog.lesgrossesorchadeslesamplesthalameges.fr\/wp-content\/uploads\/2022\/09\/17.-Human-Rights-Roger-Waters.jpg\" alt=\"\" width=\"650\" height=\"374\" srcset=\"https:\/\/blog.lesgrossesorchadeslesamplesthalameges.fr\/wp-content\/uploads\/2022\/09\/17.-Human-Rights-Roger-Waters.jpg 650w, https:\/\/blog.lesgrossesorchadeslesamplesthalameges.fr\/wp-content\/uploads\/2022\/09\/17.-Human-Rights-Roger-Waters-300x173.jpg 300w\" sizes=\"(max-width: 650px) 100vw, 650px\" \/><\/a><\/p>\n<p>&nbsp;<\/p>\n<p>&nbsp;<\/p>\n<p>&nbsp;<\/p>\n<p style=\"text-align: justify;\"><span style=\"font-family: times new roman, times, serif; font-size: 18pt;\"><strong>Hey, Lukasz Wantuch, \u00ab\u00a0Laisse les gosses tranquilles\u00a0!\u00a0\u00bb<\/strong><\/span><\/p>\n<p style=\"text-align: justify;\"><span style=\"font-family: times new roman, times, serif; font-size: 18pt;\">Correction : Roger Waters n&rsquo;a pas annul\u00e9 les concerts de Cracovie.<\/span><\/p>\n<p>&nbsp;<\/p>\n<p style=\"text-align: justify;\"><span style=\"font-family: times new roman, times, serif; font-size: 14pt;\">\u00c0 Nadeem Badshah du<em> Guardian<\/em>.<\/span><\/p>\n<p style=\"text-align: justify;\"><span style=\"font-family: times new roman, times, serif; font-size: 14pt;\">Et \u00e0 Anna Piatkowska de <em>Gazeta Krakowska<\/em>.<\/span><\/p>\n<p>&nbsp;<\/p>\n<p style=\"text-align: justify;\"><span style=\"font-family: times new roman, times, serif; font-size: 14pt;\">Chers Monsieur et Madame<\/span><\/p>\n<p style=\"text-align: justify;\"><span style=\"font-family: times new roman, times, serif; font-size: 14pt;\">Vos journaux se trompent en affirmant que moi-m\u00eame ou les directeurs de ma tourn\u00e9e avons annul\u00e9 mes prochains concerts \u00e0 Cracovie, ce n&rsquo;est pas le cas.<\/span><\/p>\n<p style=\"text-align: justify;\"><span style=\"font-family: times new roman, times, serif; font-size: 14pt;\">Il est vrai qu&rsquo;un conseiller municipal de Cracovie, M. \u0141ukasz Wantuch, a menac\u00e9 d&rsquo;organiser une r\u00e9union pour demander au conseil municipal de me d\u00e9clarer \u00ab\u00a0Persona non grata\u00a0\u00bb, en raison de mes efforts publics pour encourager toutes les parties impliqu\u00e9es dans la guerre d\u00e9sastreuse d\u2019Ukraine, en particulier les gouvernements des \u00c9tats-Unis et de la Russie, \u00e0 \u0153uvrer en faveur d&rsquo;une paix n\u00e9goci\u00e9e, plut\u00f4t que de provoquer une escalade vers une conclusion am\u00e8re qui pourrait \u00eatre une guerre nucl\u00e9aire et la fin de toute vie sur cette plan\u00e8te.<\/span><\/p>\n<p style=\"text-align: justify;\"><span style=\"font-family: times new roman, times, serif; font-size: 14pt;\">Nonobstant le fait que ce type, \u0141ukasz Wantuch, semble ne rien savoir de mon histoire professionnelle, du travail de toute ma vie \u2013 \u00e0 un certain prix pay\u00e9 personnellement \u2013 au service des droits de l&rsquo;homme, il a, dans un article d&rsquo;un journal local, exhort\u00e9 les bonnes gens de Cracovie \u00e0 ne pas acheter de billets pour mon spectacle. Pas tr\u00e8s d\u00e9mocratique \u00e7a, Monsieur.<\/span><\/p>\n<p style=\"text-align: justify;\"><span style=\"font-family: times new roman, times, serif; font-size: 14pt;\">Si M. \u0141ukasz Wantuch parvient \u00e0 ses fins et que mes prochains concerts \u00e0 Cracovie sont annul\u00e9s, ce sera une triste perte pour moi, car j&rsquo;avais h\u00e2te de partager mon message d&rsquo;amour avec les Polonais, ce que j&rsquo;ai fait lors de nombreuses tourn\u00e9es au cours d&rsquo;une carri\u00e8re qui a dur\u00e9 plus de cinquante ans. Et aussi, malheureusement, cela privera les habitants de Cracovie de la possibilit\u00e9 de voir mon spectacle actuel, \u00ab\u00a0This Is Not A Drill\u00a0\u00bb, qui est une addition importante \u00e0 l&rsquo;\u0153uvre de toute une vie. Sa censure obtuse de mon travail les privera de la possibilit\u00e9 de se faire leur propre opinion.<\/span><\/p>\n<p style=\"text-align: justify;\"><span style=\"font-family: times new roman, times, serif; font-size: 14pt;\">Votre serviteur,<\/span><\/p>\n<p style=\"text-align: justify;\"><span style=\"font-family: times new roman, times, serif; font-size: 14pt;\">Rogers Waters<\/span><\/p>\n<p>&nbsp;<\/p>\n<p>&nbsp;<\/p>\n<p><span style=\"font-family: times new roman, times, serif; font-size: 14pt;\"><strong>URL de cet article : <\/strong><a href=\"http:\/\/blog.lesgrossesorchadeslesamplesthalameges.fr\/index.php\/les-concerts-de-roger-waters-en-pologne-annules-en-raison-de-ses-declarations-sur-lukraine\/\">http:\/\/blog.lesgrossesorchadeslesamplesthalameges.fr\/index.php\/les-concerts-de-roger-waters-en-pologne-annules-en-raison-de-ses-declarations-sur-lukraine\/<\/a><strong><br \/>\n<\/strong><\/span><\/p>\n<p>&nbsp;<\/p>\n<p>&nbsp;<\/p>\n<p>&nbsp;<\/p>\n<p style=\"text-align: center;\"><a href=\"http:\/\/blog.lesgrossesorchadeslesamplesthalameges.fr\/index.php\/2022\/09\/25\/en-attendant-m-sarmat-sur-mons\/000-dangerous-times-19\/\" rel=\"attachment wp-att-20902\"><img loading=\"lazy\" class=\"alignnone size-full wp-image-20902\" src=\"http:\/\/blog.lesgrossesorchadeslesamplesthalameges.fr\/wp-content\/uploads\/2022\/09\/000.-dangerous-times.gif\" alt=\"\" width=\"70\" height=\"63\" \/><\/a><\/p>\n<p>&nbsp;<\/p>\n<p>&nbsp;<\/p>\n<p>&nbsp;<\/p>\n<p style=\"text-align: right;\"><span style=\"font-family: comic sans ms, sans-serif; font-size: 14pt;\">Septembre 2022<\/span><\/p>\n<p>&nbsp;<\/p>\n<p>&nbsp;<\/p>\n<p>&nbsp;<\/p>\n","protected":false},"excerpt":{"rendered":"<p>&nbsp; &nbsp; &nbsp; &nbsp; &nbsp; &nbsp; &nbsp; &nbsp; &nbsp; \u00ab\u00a0C&rsquo;est mettre ses conjectures\u00a0\u00e0\u00a0bien haut prix\u00a0que d&rsquo;en faire cuire un homme tout vif.\u00a0\u00bb \u00a0Michel de Montaigne &#8211; 1533-1592 &nbsp; &nbsp; Mais sur France Info, o\u00f9 on ne doit pas bien conna\u00eetre Waters ni Montaigne, ni les r\u00e8gles \u00e9l\u00e9mentaires de l\u2019information\u00a0: \u00a0 \u00a0 \u00ab Les concerts de&#8230;<\/p>\n","protected":false},"author":1,"featured_media":0,"parent":0,"menu_order":0,"comment_status":"open","ping_status":"open","template":"","meta":[],"_links":{"self":[{"href":"https:\/\/blog.lesgrossesorchadeslesamplesthalameges.fr\/index.php\/wp-json\/wp\/v2\/pages\/21025"}],"collection":[{"href":"https:\/\/blog.lesgrossesorchadeslesamplesthalameges.fr\/index.php\/wp-json\/wp\/v2\/pages"}],"about":[{"href":"https:\/\/blog.lesgrossesorchadeslesamplesthalameges.fr\/index.php\/wp-json\/wp\/v2\/types\/page"}],"author":[{"embeddable":true,"href":"https:\/\/blog.lesgrossesorchadeslesamplesthalameges.fr\/index.php\/wp-json\/wp\/v2\/users\/1"}],"replies":[{"embeddable":true,"href":"https:\/\/blog.lesgrossesorchadeslesamplesthalameges.fr\/index.php\/wp-json\/wp\/v2\/comments?post=21025"}],"version-history":[{"count":10,"href":"https:\/\/blog.lesgrossesorchadeslesamplesthalameges.fr\/index.php\/wp-json\/wp\/v2\/pages\/21025\/revisions"}],"predecessor-version":[{"id":21035,"href":"https:\/\/blog.lesgrossesorchadeslesamplesthalameges.fr\/index.php\/wp-json\/wp\/v2\/pages\/21025\/revisions\/21035"}],"wp:attachment":[{"href":"https:\/\/blog.lesgrossesorchadeslesamplesthalameges.fr\/index.php\/wp-json\/wp\/v2\/media?parent=21025"}],"curies":[{"name":"wp","href":"https:\/\/api.w.org\/{rel}","templated":true}]}}