{"id":21204,"date":"2022-12-24T20:36:22","date_gmt":"2022-12-24T19:36:22","guid":{"rendered":"http:\/\/blog.lesgrossesorchadeslesamplesthalameges.fr\/?page_id=21204"},"modified":"2022-12-24T20:38:03","modified_gmt":"2022-12-24T19:38:03","slug":"alors-le-charpentier-prit-son-courage-a-deux-mains","status":"publish","type":"page","link":"https:\/\/blog.lesgrossesorchadeslesamplesthalameges.fr\/index.php\/alors-le-charpentier-prit-son-courage-a-deux-mains\/","title":{"rendered":"Alors le charpentier prit son courage \u00e0 deux mains&#8230;"},"content":{"rendered":"<p>&nbsp;<\/p>\n<p>&nbsp;<\/p>\n<p>&nbsp;<\/p>\n<p>&nbsp;<\/p>\n<p>&nbsp;<\/p>\n<p>&nbsp;<\/p>\n<p>&nbsp;<\/p>\n<p>&nbsp;<\/p>\n<p style=\"text-align: center;\"><a href=\"http:\/\/blog.lesgrossesorchadeslesamplesthalameges.fr\/index.php\/2022\/12\/24\/et-ils-appellent-ca-guerre-froide\/nativite-2\/\" rel=\"attachment wp-att-21190\"><img loading=\"lazy\" class=\"alignnone wp-image-21190 size-full\" src=\"http:\/\/blog.lesgrossesorchadeslesamplesthalameges.fr\/wp-content\/uploads\/2022\/12\/Nativite-2.jpg\" alt=\"\" width=\"500\" height=\"475\" srcset=\"https:\/\/blog.lesgrossesorchadeslesamplesthalameges.fr\/wp-content\/uploads\/2022\/12\/Nativite-2.jpg 500w, https:\/\/blog.lesgrossesorchadeslesamplesthalameges.fr\/wp-content\/uploads\/2022\/12\/Nativite-2-300x285.jpg 300w\" sizes=\"(max-width: 500px) 100vw, 500px\" \/><\/a><\/p>\n<p>&nbsp;<\/p>\n<p>&nbsp;<\/p>\n<p>&nbsp;<\/p>\n<p style=\"text-align: justify;\"><span style=\"font-family: times new roman, times, serif; font-size: 14pt;\">\u00ab\u00a0Alors le charpentier prit son courage \u00e0 deux mains et demanda d\u2019une voix sonore si dans cette maison l\u00e0-bas ou dans une autre, Si vous m\u2019entendez, quelqu\u2019un voudrait-il, Au nom de Dieu qui voit tout, donner un refuge \u00e0 sa femme qui est sur le point d\u2019avoir un enfant, il doit s\u00fbrement y avoir par l\u00e0 un coin \u00e0 l\u2019abri, les nattes il les avait avec lui. Et aussi, O\u00f9 pourais-je trouver dans ce village une matrone pour aider \u00e0 l\u2019accouchement. Le pauvre Joseph disait honteusement ces choses \u00e9normes et intimes, encore plus honteux de se sentir rougir en les disant. L\u2019esclave qui \u00e9coutait \u00e0 la porte s\u2019en f\u00fbt porter \u00e0 l\u2019int\u00e9rieur le message, la requ\u00eate et la protestation, cela prit du temps, elle revint avec la r\u00e9ponse, ils ne pouvaient pas rester l\u00e0, qu\u2019ils cherchent une autre maison, mais qu\u2019ils ne la tiennent pas par certaine, et sa ma\u00eetresse leur faisait dire que le mieux pour eux serait encore de s\u2019abriter dans une de ces nombreuses grottes qu\u2019il y avait sur ces coteaux, Et la matrone, demanda Joseph, \u00e0 quoi l\u2019esclave r\u00e9pondit que si ses ma\u00eetres l\u2019y autorisaient et si lui acceptait, elle-m\u00eame pourrait aider, car les occasions de voir et d\u2019entendre ne lui avaient pas manqu\u00e9 dans la maison, tout au long de ces ann\u00e9es. En v\u00e9rit\u00e9, ces temps sont bien durs, confirmation vient d\u2019en \u00eatre donn\u00e9e \u00e0 l\u2019instant m\u00eame, o\u00f9 une femme sur le point d\u2019avoir un enfant venant frapper <em>\u00e0 notre porte, nous<\/em> lui refusons la remise dans la cour et nous l\u2019envoyons accoucher dans une grotte comme les ourses et les louves. Toutefois nous e\u00fbmes un sursaut de conscience et, nous levant d\u2019o\u00f9 nous \u00e9tions, nous all\u00e2mes \u00e0 la porte voir qui \u00e9taient ces gens qui cherchaient un abri pour une raison aussi urgente et hors de l\u2019ordinaire, et quand nous aper\u00e7\u00fbmes l\u2019expression douloureuse de la malheureuse cr\u00e9ature, notre coeur de femme s\u2019apitoya et nous justifi\u00e2mes notre refus avec des paroles mesur\u00e9es, arguant du manque de, Les fils et les filles sont si nombreux dans cette maison, les petits-fils et les petites-filles, les gendres et les brus, que vous ne pouvez loger ici, mais l\u2019esclave vous m\u00e8nera \u00e0 une grotte qui nous appartient et qui a servi d\u2019\u00e9table, vous y serez install\u00e9s commod\u00e9ment, il n\u2019y a pas de b\u00eates l\u00e0-bas en ce moment, et ayant dit ces choses et \u00e9cout\u00e9 les remerciements de ces pauvres gens, <em>nous nous retir\u00e2mes dans ce refuge qu\u2019\u00e9tait notre foyer, \u00e9prouvant dans les tr\u00e9fonds de notre \u00e2me le r\u00e9confort ineffable que donne la paix de la conscience<\/em>\u00a0\u00bb (italiques M-A P).<\/span><\/p>\n<p>&nbsp;<\/p>\n<p style=\"text-align: right; padding-left: 120px;\"><span style=\"font-family: times new roman, times, serif; font-size: 14pt;\"><strong>Jos\u00e9 Saramago<\/strong>, <strong><em>L\u2019\u00e9vangile selon J\u00e9sus-Christ <\/em><\/strong>p. 83-84, Ed. du Seuil, \u201cPoints\u201d, 1993, traduit du portugais par Genevieve Leibrich.<\/span><\/p>\n<p>&nbsp;<\/p>\n<p>&nbsp;<\/p>\n<p>URL de cet article : <a href=\"http:\/\/blog.lesgrossesorchadeslesamplesthalameges.fr\/index.php\/alors-le-charpentier-prit-son-courage-a-deux-mains\/\">http:\/\/blog.lesgrossesorchadeslesamplesthalameges.fr\/index.php\/alors-le-charpentier-prit-son-courage-a-deux-mains\/<\/a><\/p>\n<p>&nbsp;<\/p>\n<p>&nbsp;<\/p>\n<p style=\"text-align: center;\"><a href=\"http:\/\/blog.lesgrossesorchadeslesamplesthalameges.fr\/index.php\/2022\/12\/24\/et-ils-appellent-ca-guerre-froide\/000-dangerous-times-21\/\" rel=\"attachment wp-att-21180\"><img loading=\"lazy\" class=\"alignnone size-full wp-image-21180\" src=\"http:\/\/blog.lesgrossesorchadeslesamplesthalameges.fr\/wp-content\/uploads\/2022\/12\/000.-dangerous-times.gif\" alt=\"\" width=\"70\" height=\"63\" \/><\/a><\/p>\n<p>&nbsp;<\/p>\n<p>&nbsp;<\/p>\n<p style=\"text-align: right;\"><span style=\"font-family: comic sans ms, sans-serif; font-size: 16pt;\">No\u00ebl 2022<\/span><\/p>\n<p>&nbsp;<\/p>\n","protected":false},"excerpt":{"rendered":"<p>&nbsp; &nbsp; &nbsp; &nbsp; &nbsp; &nbsp; &nbsp; &nbsp; &nbsp; &nbsp; &nbsp; \u00ab\u00a0Alors le charpentier prit son courage \u00e0 deux mains et demanda d\u2019une voix sonore si dans cette maison l\u00e0-bas ou dans une autre, Si vous m\u2019entendez, quelqu\u2019un voudrait-il, Au nom de Dieu qui voit tout, donner un refuge \u00e0 sa femme qui est sur&#8230;<\/p>\n","protected":false},"author":1,"featured_media":0,"parent":0,"menu_order":0,"comment_status":"open","ping_status":"open","template":"","meta":[],"_links":{"self":[{"href":"https:\/\/blog.lesgrossesorchadeslesamplesthalameges.fr\/index.php\/wp-json\/wp\/v2\/pages\/21204"}],"collection":[{"href":"https:\/\/blog.lesgrossesorchadeslesamplesthalameges.fr\/index.php\/wp-json\/wp\/v2\/pages"}],"about":[{"href":"https:\/\/blog.lesgrossesorchadeslesamplesthalameges.fr\/index.php\/wp-json\/wp\/v2\/types\/page"}],"author":[{"embeddable":true,"href":"https:\/\/blog.lesgrossesorchadeslesamplesthalameges.fr\/index.php\/wp-json\/wp\/v2\/users\/1"}],"replies":[{"embeddable":true,"href":"https:\/\/blog.lesgrossesorchadeslesamplesthalameges.fr\/index.php\/wp-json\/wp\/v2\/comments?post=21204"}],"version-history":[{"count":7,"href":"https:\/\/blog.lesgrossesorchadeslesamplesthalameges.fr\/index.php\/wp-json\/wp\/v2\/pages\/21204\/revisions"}],"predecessor-version":[{"id":21210,"href":"https:\/\/blog.lesgrossesorchadeslesamplesthalameges.fr\/index.php\/wp-json\/wp\/v2\/pages\/21204\/revisions\/21210"}],"wp:attachment":[{"href":"https:\/\/blog.lesgrossesorchadeslesamplesthalameges.fr\/index.php\/wp-json\/wp\/v2\/media?parent=21204"}],"curies":[{"name":"wp","href":"https:\/\/api.w.org\/{rel}","templated":true}]}}