{"id":21270,"date":"2022-12-30T18:44:58","date_gmt":"2022-12-30T17:44:58","guid":{"rendered":"http:\/\/blog.lesgrossesorchadeslesamplesthalameges.fr\/?page_id=21270"},"modified":"2022-12-30T18:47:06","modified_gmt":"2022-12-30T17:47:06","slug":"in-u-s-god-trusts","status":"publish","type":"page","link":"https:\/\/blog.lesgrossesorchadeslesamplesthalameges.fr\/index.php\/in-u-s-god-trusts\/","title":{"rendered":"In U.S. God Trusts"},"content":{"rendered":"<p>&nbsp;<\/p>\n<p>&nbsp;<\/p>\n<p>&nbsp;<\/p>\n<p>&nbsp;<\/p>\n<p>&nbsp;<\/p>\n<p>&nbsp;<\/p>\n<p>&nbsp;<\/p>\n<p>&nbsp;<\/p>\n<p style=\"text-align: justify;\"><span style=\"font-family: times new roman, times, serif; font-size: 18pt; color: #c00000;\"><strong><em>Eh bien, oui, c\u2019est le centenaire de l\u2019Union Sovi\u00e9tique\u00a0!<\/em><\/strong><\/span><\/p>\n<p style=\"text-align: justify;\"><span style=\"font-family: times new roman, times, serif; font-size: 18pt; color: #c00000;\"><strong><em>Et ceci est une mise \u00e0 jour\u00a0:<\/em><\/strong><\/span><\/p>\n<p style=\"text-align: justify;\"><span style=\"font-family: times new roman, times, serif; font-size: 14pt;\"><strong><em>\u00a0<\/em><\/strong><\/span><\/p>\n<p>&nbsp;<\/p>\n<p style=\"text-align: center;\"><span style=\"color: #c00000;\"><span style=\"font-family: times new roman, times, serif; font-size: 36pt;\"><strong><em>In U.S. God Trusts<\/em><\/strong><\/span><span style=\"font-family: times new roman, times, serif; font-size: 14pt;\"><strong><em>\u00a0<\/em><\/strong><\/span><\/span><\/p>\n<p>&nbsp;<\/p>\n<p style=\"text-align: center;\"><span style=\"font-family: times new roman, times, serif; font-size: 14pt;\"><strong>Anatole Atlas<em> \u2013 <\/em><\/strong><strong><em>spherisme.be<\/em><\/strong><strong> \u2013 30.12.2022<\/strong><\/span><\/p>\n<p style=\"text-align: justify;\"><span style=\"font-family: times new roman, times, serif; font-size: 14pt;\"><strong><em>\u00a0<\/em><\/strong><\/span><\/p>\n<p>&nbsp;<\/p>\n<p style=\"text-align: center;\"><a href=\"http:\/\/blog.lesgrossesorchadeslesamplesthalameges.fr\/index.php\/in-u-s-god-trusts\/in-god-we-trust-money\/\" rel=\"attachment wp-att-21276\"><img loading=\"lazy\" class=\"alignnone wp-image-21276\" src=\"http:\/\/blog.lesgrossesorchadeslesamplesthalameges.fr\/wp-content\/uploads\/2022\/12\/In-God-We-Trust-Money.jpg\" alt=\"\" width=\"500\" height=\"263\" srcset=\"https:\/\/blog.lesgrossesorchadeslesamplesthalameges.fr\/wp-content\/uploads\/2022\/12\/In-God-We-Trust-Money.jpg 600w, https:\/\/blog.lesgrossesorchadeslesamplesthalameges.fr\/wp-content\/uploads\/2022\/12\/In-God-We-Trust-Money-300x158.jpg 300w\" sizes=\"(max-width: 500px) 100vw, 500px\" \/><\/a><\/p>\n<p>&nbsp;<\/p>\n<p>&nbsp;<\/p>\n<p style=\"text-align: justify;\"><span style=\"font-family: times new roman, times, serif; font-size: 14pt;\">L\u2019Occident ne croit plus en Dieu\u00a0? Dieu croit en l\u2019Occident\u00a0! <em>In Us <\/em>(lire<em> U.S.<\/em>)<em> God Trusts<\/em> est la vraie devise du dollar, vrai dieu de l\u2019Occident. Cet axiome ne peut \u00eatre dit\u00a0: la\u00efcit\u00e9 r\u00e9publicaine oblige, dont la ruse consiste \u00e0 produire un nuage d\u2019id\u00e9alit\u00e9 masquant la structure sacrificielle du jud\u00e9o-christianisme.<\/span><\/p>\n<p style=\"text-align: justify;\"><span style=\"font-family: times new roman, times, serif; font-size: 14pt;\">En temps de crise, l\u2019idole assoiff\u00e9e de sang repr\u00e9sent\u00e9e par le billet vert sacralise la guerre. Si la Rome imp\u00e9riale \u00e9tait appel\u00e9e \u00ab\u00a0<em>corps de tout l\u2019univers<\/em>\u00a0\u00bb, \u00e0 partir du Ve si\u00e8cle s\u2019impose l\u2019expression \u00ab\u00a0<em>Caput totius mundi<\/em>\u00a0\u00bb (T\u00eate du monde entier), pour une \u00c9glise d\u00e9tenant, selon le pape Jean VIII, \u00ab\u00a0<em>la puissance sur tous les peuples\u00a0<\/em>\u00bb, \u00e0 laquelle \u00ab\u00a0<em>les nations du monde entier se rattachent comme \u00e0 une t\u00eate unique<\/em>\u00a0\u00bb. Tel est le principe qu\u2019os\u00e8rent d\u00e9fier l\u2019Union sovi\u00e9tique puis la Chine\u00a0: raison fondamentale (indicible) de tous les conflits militaires contemporains. Mais on a vu ces jours-ci la transcendance divine report\u00e9e sur une figure consensuelle de la surnaturalit\u00e9\u00a0: le p\u00e8re No\u00ebl. Un dessin de presse, dans le quotidien fran\u00e7ais de r\u00e9f\u00e9rence, montrait son c\u00e9leste attelage larguant un colis de missiles am\u00e9ricains <em>Patriot<\/em> au comique troupier de l\u2019Ukraine, devenu chef des arm\u00e9es de l\u2019Occident. <em>Zelensky croit au p\u00e8re No\u00ebl\u00a0? Non, c\u2019est lui qui croit en Zelensky<\/em>, disait l\u2019image de propagande. Rien de moins que la foi (l\u2019une des trois vertus th\u00e9ologales) se trouve ici enr\u00e9giment\u00e9e sous couvert d\u2019humour critique. Il fut un temps o\u00f9 les comics exer\u00e7aient une salubre mission de mise en question du pouvoir\u00a0; depuis l\u2019op\u00e9ration <em>Je suis Charlie<\/em>, plumes et crayons n\u2019exercent (presque) plus qu\u2019une fonction apolog\u00e9tique, le pouvoir \u00e0 d\u00e9noncer \u00e9tant toujours celui d\u2019en face. Encore est-il rare que des humoristes s\u2019approprient ce qui vient du ciel, m\u00eame si la sup\u00e9riorit\u00e9 dans les airs fut pr\u00e9sent\u00e9e comme apanage du monde civilis\u00e9 par le nazisme et par les thurif\u00e9raires du Dieu des Arm\u00e9es d\u2019Isra\u00ebl. Mais jamais, nous r\u00e9v\u00e8le un \u00e9crivain juif am\u00e9ricain depuis l\u2019au-del\u00e0, ne s\u2019\u00e9taient vus 100 % des chefferies m\u00e9diatiques occidentales professer l\u2019opinion dict\u00e9e par Oncle Sam. Cette doxa, poursuit-il avec un sourire aussi provocateur que son \u0153uvre, n\u2019\u00e9pouse-t-elle pas celle de la vieille extr\u00eame-droite outre-Atlantique\u00a0?<\/span><\/p>\n<p style=\"text-align: justify;\"><span style=\"font-family: times new roman, times, serif; font-size: 14pt;\">Philip Roth conclut en effet son <em>Plot against America<\/em> (2004) par un Post-scriptum rappelant la vision fasciste exprim\u00e9e par Lindbergh en 1940 dans sa d\u00e9fense de l\u2019aviation : \u00ab\u00a0<em>don du ciel aux nations occidentales, <\/em>(\u2026)<em> un outil fabriqu\u00e9 tout sp\u00e9cialement pour des mains occidentales, un art scientifique que les autres ne font que copier m\u00e9diocrement, une barri\u00e8re de plus entre les multitudes asiates et l\u2019h\u00e9ritage europ\u00e9en \u2013 l\u2019un de ces biens pr\u00e9cieux qui permettent \u00e0 la race blanche de survivre dans une mer mena\u00e7ante de Jaune, de Noir et de Fonc\u00e9\u00a0<\/em>\u00bb. Les v\u0153ux de l\u2019As des Airs seraient combl\u00e9s par P\u00e8re No\u00ebl \u00e0 Hiroshima et Nagasaki, comme par les escadrilles civilis\u00e9es d\u00e9truisant les flottes a\u00e9riennes du monde arabe ; avant de se voir exauc\u00e9s au-del\u00e0 de l\u2019imaginable par l\u2019an\u00e9antissement de la Yougoslavie, de l\u2019Iraq et de la Lybie (la Syrie n\u2019ayant pas eu droit au d\u00e9luge de feu sacrificiel pour cause de faiblesse mentale d\u2019un N\u00e8gre \u00e0 la Maison Blanche) ; puis par les flottes satellitaires d\u2019Elon Musk. L\u2019Union sovi\u00e9tique \u00e9tait ainsi vue par Lindbergh \u2013 toujours selon Philip Roth \u2013 comme l\u2019empire le plus mal\u00e9fique de l\u2019histoire, la civilisation occidentale n\u2019ayant de chance de survivre qu\u2019en le repoussant, lui et les puissances asiatiques s\u2019\u00e9tendant au-del\u00e0 de ses fronti\u00e8res\u00a0: \u00ab\u00a0<em>le Mongol, le Perse et le Maure<\/em>\u00a0\u00bb. Certes ce nazi d\u00e9clar\u00e9, copi\u00e9 de nos jours par Houellebecq et Zemmour, ne pouvait-il pr\u00e9voir la r\u00e9volution chinoise. Peut-on mieux r\u00e9sumer l\u2019actuelle propagande occidentale, totalitaire en ce que cette opinion rassemble toutes les gauches officielles, tous les centres et toutes les droites\u00a0? C\u00e9line et Aragon se fussent r\u00e9concili\u00e9s autour de ce point de vue, nous sugg\u00e8re encore Philip Roth. Voyez-le sourire en \u00e9coutant le P\u00e8re No\u00ebl r\u00e9citer aux oreilles de Zelensky les derni\u00e8res lignes concernant Lindbergh de son <em>Complot contre l\u2019Am\u00e9rique<\/em>\u00a0: \u00ab\u00a0<em>Il \u00e9crivait aussi que la survie de l\u2019Occident d\u00e9pendait de \u2018\u2018 l\u2019union qui fait la force entre nous\u00a0; d\u2019une force trop grande pour que des arm\u00e9es \u00e9trang\u00e8res la d\u00e9fient\u00a0; d\u2019un mur occidental de race et d\u2019armes pouvant faire \u00e9chec \u00e0 un Gengis Khan, comme \u00e0 l\u2019infiltration par un corps \u00e9tranger \u2019\u2019\u00a0<\/em>\u00bb.<\/span><\/p>\n<p style=\"text-align: justify;\"><span style=\"font-family: times new roman, times, serif; font-size: 14pt;\">Soit la phras\u00e9ologie raciste utilis\u00e9e par Hitler pour justifier l&rsquo;extermination des Soviets, et ces derniers jours par Zelensky devant le Congr\u00e8s U.S. Bref, l\u2019ordinaire des hom\u00e9lies prononc\u00e9es \u00e0 toute heure par les grands-pr\u00eatres de la tour Panoptic, pour faire communier le monde libre et d\u00e9mocratique dans une liturgie d\u2019ob\u00e9issance \u00e0 l\u2019idole du billet vert, en passe d\u2019obtenir l\u2019immolation sacrificielle au march\u00e9 mondial. Pour la plus grande gloire de Kapitotal ; dont <em>Caput totius mundi<\/em> fut la racine \u00e9tymologique m\u00e9di\u00e9vale.<\/span><\/p>\n<p style=\"text-align: justify;\"><span style=\"font-family: times new roman, times, serif; font-size: 14pt;\">Anatole Atlas, d\u00e9cembre 2022 (centenaire de l&rsquo;Union sovi\u00e9tique)\u00a0\u00a0\u00a0\u00a0\u00a0<\/span><\/p>\n<p style=\"text-align: justify;\"><span style=\"font-family: times new roman, times, serif; font-size: 14pt;\">\u00a0\u00a0\u00a0\u00a0\u00a0\u00a0\u00a0\u00a0<\/span><\/p>\n<p style=\"text-align: center;\"><span style=\"font-family: times new roman, times, serif; font-size: 14pt;\"><a href=\"http:\/\/www.spherisme.be\/index.html\"><strong>www.spherisme.be<\/strong><\/a><\/span><\/p>\n<p>&nbsp;<\/p>\n<p><span style=\"font-family: times new roman, times, serif;\"><span style=\"font-size: 14pt;\"><strong>URL de cet article<\/strong> :<\/span> <a href=\"http:\/\/blog.lesgrossesorchadeslesamplesthalameges.fr\/index.php\/in-u-s-god-trusts\/\"><span style=\"font-size: 14pt;\">http:\/\/blog.lesgrossesorchadeslesamplesthalameges.fr\/index.php\/in-u-s-god-trusts\/<\/span><\/a><\/span><\/p>\n<p>&nbsp;<\/p>\n<p>&nbsp;<\/p>\n<p style=\"text-align: center;\"><a href=\"http:\/\/blog.lesgrossesorchadeslesamplesthalameges.fr\/index.php\/in-u-s-god-trusts\/000-russep-x-38\/\" rel=\"attachment wp-att-21271\"><img loading=\"lazy\" class=\"alignnone size-full wp-image-21271\" src=\"http:\/\/blog.lesgrossesorchadeslesamplesthalameges.fr\/wp-content\/uploads\/2022\/12\/000.-russep-x-1.gif\" alt=\"\" width=\"50\" height=\"50\" \/><\/a><\/p>\n<p>&nbsp;<\/p>\n<p style=\"text-align: right;\"><span style=\"font-family: comic sans ms, sans-serif; font-size: 14pt;\">D\u00e9cembre 2022<\/span><\/p>\n<p>&nbsp;<\/p>\n<p>&nbsp;<\/p>\n","protected":false},"excerpt":{"rendered":"<p>&nbsp; &nbsp; &nbsp; &nbsp; &nbsp; &nbsp; &nbsp; &nbsp; Eh bien, oui, c\u2019est le centenaire de l\u2019Union Sovi\u00e9tique\u00a0! Et ceci est une mise \u00e0 jour\u00a0: \u00a0 &nbsp; In U.S. God Trusts\u00a0 &nbsp; Anatole Atlas \u2013 spherisme.be \u2013 30.12.2022 \u00a0 &nbsp; &nbsp; &nbsp; L\u2019Occident ne croit plus en Dieu\u00a0? Dieu croit en l\u2019Occident\u00a0! In Us (lire U.S.)&#8230;<\/p>\n","protected":false},"author":1,"featured_media":0,"parent":0,"menu_order":0,"comment_status":"open","ping_status":"open","template":"","meta":[],"_links":{"self":[{"href":"https:\/\/blog.lesgrossesorchadeslesamplesthalameges.fr\/index.php\/wp-json\/wp\/v2\/pages\/21270"}],"collection":[{"href":"https:\/\/blog.lesgrossesorchadeslesamplesthalameges.fr\/index.php\/wp-json\/wp\/v2\/pages"}],"about":[{"href":"https:\/\/blog.lesgrossesorchadeslesamplesthalameges.fr\/index.php\/wp-json\/wp\/v2\/types\/page"}],"author":[{"embeddable":true,"href":"https:\/\/blog.lesgrossesorchadeslesamplesthalameges.fr\/index.php\/wp-json\/wp\/v2\/users\/1"}],"replies":[{"embeddable":true,"href":"https:\/\/blog.lesgrossesorchadeslesamplesthalameges.fr\/index.php\/wp-json\/wp\/v2\/comments?post=21270"}],"version-history":[{"count":11,"href":"https:\/\/blog.lesgrossesorchadeslesamplesthalameges.fr\/index.php\/wp-json\/wp\/v2\/pages\/21270\/revisions"}],"predecessor-version":[{"id":21285,"href":"https:\/\/blog.lesgrossesorchadeslesamplesthalameges.fr\/index.php\/wp-json\/wp\/v2\/pages\/21270\/revisions\/21285"}],"wp:attachment":[{"href":"https:\/\/blog.lesgrossesorchadeslesamplesthalameges.fr\/index.php\/wp-json\/wp\/v2\/media?parent=21270"}],"curies":[{"name":"wp","href":"https:\/\/api.w.org\/{rel}","templated":true}]}}