{"id":21370,"date":"2023-01-08T09:05:35","date_gmt":"2023-01-08T08:05:35","guid":{"rendered":"http:\/\/blog.lesgrossesorchadeslesamplesthalameges.fr\/?page_id=21370"},"modified":"2023-01-08T18:00:36","modified_gmt":"2023-01-08T17:00:36","slug":"preuves-que-lukraine-est-dirigee-par-des-nazis-depuis-2014","status":"publish","type":"page","link":"https:\/\/blog.lesgrossesorchadeslesamplesthalameges.fr\/index.php\/preuves-que-lukraine-est-dirigee-par-des-nazis-depuis-2014\/","title":{"rendered":"Preuves que l\u2019Ukraine est dirig\u00e9e par des nazis depuis 2014"},"content":{"rendered":"<p>&nbsp;<\/p>\n<p>&nbsp;<\/p>\n<p>&nbsp;<\/p>\n<p>&nbsp;<\/p>\n<p>&nbsp;<\/p>\n<p>&nbsp;<\/p>\n<p>&nbsp;<\/p>\n<p>&nbsp;<\/p>\n<p style=\"text-align: center;\"><strong><span style=\"font-family: times new roman, times, serif; font-size: 36pt;\">Preuves que l\u2019Ukraine est dirig\u00e9e par des nazis depuis 2014<\/span><\/strong><\/p>\n<p>&nbsp;<\/p>\n<p>&nbsp;<\/p>\n<p style=\"text-align: center;\"><strong><span style=\"font-family: times new roman, times, serif; font-size: 18pt;\">Eric Zuesse\u00a0 \u2013\u00a0 <em>Oriental Review\u00a0 <\/em>\u2013\u00a0 5.3.2022<\/span><\/strong><\/p>\n<p>&nbsp;<\/p>\n<p>&nbsp;<\/p>\n<p style=\"text-align: center;\"><span style=\"font-family: times new roman, times, serif; font-size: 14pt;\"><strong>\u00a0<a href=\"http:\/\/blog.lesgrossesorchadeslesamplesthalameges.fr\/index.php\/2023\/01\/08\/puisque-la-mode-est-au-nazisme\/2-nazis-dans-les-salles-de-classe\/\" rel=\"attachment wp-att-21339\"><img loading=\"lazy\" class=\"alignnone wp-image-21339 size-full\" src=\"http:\/\/blog.lesgrossesorchadeslesamplesthalameges.fr\/wp-content\/uploads\/2023\/01\/2.-nazis-dans-les-salles-de-classe.jpg\" alt=\"\" width=\"600\" height=\"336\" srcset=\"https:\/\/blog.lesgrossesorchadeslesamplesthalameges.fr\/wp-content\/uploads\/2023\/01\/2.-nazis-dans-les-salles-de-classe.jpg 600w, https:\/\/blog.lesgrossesorchadeslesamplesthalameges.fr\/wp-content\/uploads\/2023\/01\/2.-nazis-dans-les-salles-de-classe-300x168.jpg 300w\" sizes=\"(max-width: 600px) 100vw, 600px\" \/><\/a><\/strong><\/span><\/p>\n<p>&nbsp;<\/p>\n<p>&nbsp;<\/p>\n<p style=\"text-align: justify;\"><span style=\"font-family: times new roman, times, serif; font-size: 14pt;\">Le 12 mars 2014, <a href=\"https:\/\/www.youtube.com\/watch?v=fWkfpGCAAuw\"><strong>une vid\u00e9o historique de 10 minutes a \u00e9t\u00e9 t\u00e9l\u00e9charg\u00e9e sur youtube, qui a acquis plus d&rsquo;un million de vues depuis lors<\/strong><\/a>, et qui pr\u00e9sentait et expliquait de mani\u00e8re v\u00e9ridique un condens\u00e9 de clips vid\u00e9o qui avaient \u00e9t\u00e9 t\u00e9l\u00e9charg\u00e9s sur le Web pendant le renversement et le remplacement en 2014 du <a href=\"https:\/\/www.theguardian.com\/world\/2010\/feb\/08\/viktor-yanukovych-ukraine-president-election\"><strong>pr\u00e9sident d\u00e9mocratiquement \u00e9lu de l&rsquo;Ukraine, Viktor Ianukovitch<\/strong><\/a>, lequel avait \u00e9t\u00e9 convoqu\u00e9 \u00e0 la Maison Blanche juste apr\u00e8s sa victoire \u00e9lectorale de 2010 et \u00e0 qui Obama avait demand\u00e9 d&rsquo;aider \u00e0 pousser son pays \u00e0 rejoindre l&rsquo;OTAN (bien que tous les sondages d&rsquo;opinion effectu\u00e9s aupr\u00e8s du public ukrainien eussent montr\u00e9 que la grande majorit\u00e9 des Ukrainiens consid\u00e9raient l&rsquo;OTAN comme leur ennemi, et non comme un ami de l&rsquo;Ukraine). M. Ianoukovitch a refus\u00e9 et l&rsquo;administration Obama (avec l&rsquo;aide de la soci\u00e9t\u00e9 Google) <a href=\"https:\/\/archive.ph\/6bPgI\"><strong>a commenc\u00e9, au plus tard en 2011, \u00e0 organiser un coup d&rsquo;\u00c9tat pour renverser et remplacer M. Ianoukovitch<\/strong><\/a> afin de faire entrer l&rsquo;Ukraine dans l&rsquo;OTAN et ainsi permettre \u00e0 l&rsquo;Am\u00e9rique de placer ses missiles \u00e0 cinq minutes seulement de Moscou, pour une attaque nucl\u00e9aire \u00e9clair de premi\u00e8re frappe interdisant toute riposte.<\/span><\/p>\n<p>&nbsp;<\/p>\n<p style=\"text-align: justify;\"><span style=\"font-family: times new roman, times, serif; font-size: 14pt;\"><a href=\"https:\/\/web.archive.org\/web\/20140502193915\/http:\/www.razumkov.org.ua\/eng\/poll.php?poll_id=46\"><strong>Entre 2003 et 2009<\/strong><\/a>, seuls quelque 20 % des Ukrainiens souhaitaient adh\u00e9rer \u00e0 l&rsquo;OTAN, tandis qu&rsquo;environ 55 % y \u00e9taient oppos\u00e9s. <a href=\"https:\/\/archive.is\/lx3Yq\"><strong>En 2010<\/strong><\/a>, Gallup a constat\u00e9 qu&rsquo;alors que 17 % des Ukrainiens consid\u00e9raient l&rsquo;OTAN comme une \u00ab\u00a0protection de votre pays\u00a0\u00bb, 40 % disaient qu&rsquo;il s&rsquo;agissait d&rsquo;une \u00ab\u00a0menace pour votre pays\u00a0\u00bb. Les Ukrainiens consid\u00e9raient majoritairement l&rsquo;OTAN comme un ennemi, et non comme un ami. Mais apr\u00e8s le coup d&rsquo;\u00c9tat ukrainien d&rsquo;Obama en f\u00e9vrier 2014, <a href=\"https:\/\/archive.is\/gavEe\"><strong>\u00ab\u00a0l&rsquo;adh\u00e9sion de l&rsquo;Ukraine \u00e0 l&rsquo;OTAN allait obtenir 53,4 % des voix, un tiers des Ukrainiens (33,6 %) s&rsquo;y opposant\u00a0\u00bb<\/strong><\/a>.<\/span><\/p>\n<p>&nbsp;<\/p>\n<p>&nbsp;<\/p>\n<p style=\"text-align: center;\"><a href=\"http:\/\/blog.lesgrossesorchadeslesamplesthalameges.fr\/index.php\/preuves-que-lukraine-est-dirigee-par-des-nazis-depuis-2014\/21-obama-ianoukovitch\/\" rel=\"attachment wp-att-21372\"><img loading=\"lazy\" class=\"alignnone wp-image-21372 size-full\" src=\"http:\/\/blog.lesgrossesorchadeslesamplesthalameges.fr\/wp-content\/uploads\/2023\/01\/21.-OBAMA-IANOUKOVITCH.jpg\" alt=\"\" width=\"650\" height=\"454\" srcset=\"https:\/\/blog.lesgrossesorchadeslesamplesthalameges.fr\/wp-content\/uploads\/2023\/01\/21.-OBAMA-IANOUKOVITCH.jpg 650w, https:\/\/blog.lesgrossesorchadeslesamplesthalameges.fr\/wp-content\/uploads\/2023\/01\/21.-OBAMA-IANOUKOVITCH-300x210.jpg 300w\" sizes=\"(max-width: 650px) 100vw, 650px\" \/><\/a><\/p>\n<p style=\"text-align: center;\"><span style=\"font-family: times new roman, times, serif; font-size: 12pt;\"><strong><em>Le pr\u00e9sident am\u00e9ricain Barack Obama (Dr) tient une r\u00e9union bilat\u00e9rale avec le pr\u00e9sident ukrainien Viktor Ianukovitch en marge du Sommet sur la s\u00e9curit\u00e9 nucl\u00e9aire au <\/em><\/strong><strong>Washington Convention Center<em> le 12 avril 2010 \u00e0 Washington, DC.<\/em><\/strong><\/span><\/p>\n<p>&nbsp;<\/p>\n<p>&nbsp;<\/p>\n<p style=\"text-align: justify;\"><span style=\"font-family: times new roman, times, serif; font-size: 14pt;\">Le <a href=\"https:\/\/archive.is\/NAXCc\"><strong>coup d&rsquo;\u00c9tat<\/strong><\/a> de 2014 en Ukraine visait deux choses : faire entrer l&rsquo;Ukraine dans l&rsquo;OTAN, et s&#8217;emparer de la plus grande base navale de la Russie, qui depuis 1783 se trouve en Crim\u00e9e, Crim\u00e9e que \u00ab\u00a0le dictateur sovi\u00e9tique\u00a0\u00bb <em>[Khrouchtchev, NdT]<\/em> avait transf\u00e9r\u00e9e \u00e0 l&rsquo;Ukraine en 1954, tout en continuant \u00e0 faire de la Crim\u00e9e la plus grande base navale de l&rsquo;Union sovi\u00e9tique. Obama, d\u00e9j\u00e0 au plus tard en juin 2013, pr\u00e9voyait de s&#8217;emparer de cette base navale et d&rsquo;en faire <a href=\"https:\/\/www.europereloaded.com\/the-obama-regimes-plan-to-seize-the-russian-naval-base-in-crimea\/\"><strong>une autre base navale am\u00e9ricaine.<\/strong><\/a><\/span><\/p>\n<p>&nbsp;<\/p>\n<p style=\"text-align: justify;\"><span style=\"font-family: times new roman, times, serif; font-size: 14pt;\">Cependant, pour que le nouveau r\u00e9gime install\u00e9 par le coup d&rsquo;\u00c9tat perdure en tant que \u00ab\u00a0d\u00e9mocratie\u00a0\u00bb, Obama devait s&rsquo;assurer que la Crim\u00e9e, qui avait vot\u00e9 \u00e0 75% pour <a href=\"https:\/\/archive.ph\/WKMs5\"><strong>Ianoukovitch<\/strong><\/a>, et le Donbass, qui avait vot\u00e9 \u00e0 plus de 90% pour Ianoukovitch, soient ethniquement nettoy\u00e9s des <a href=\"https:\/\/www.youtube.com\/watch?v=F4D1gPHmceo\"><strong>\u00e9lecteurs particuli\u00e8rement favorables \u00e0 la Russie<\/strong><\/a>. Ainsi, d\u00e8s que le gouvernement mis en place par Obama a re\u00e7u les r\u00eanes du pouvoir en Ukraine, les principaux g\u00e9n\u00e9raux ukrainiens ont \u00e9t\u00e9 remplac\u00e9s par des g\u00e9n\u00e9raux anti-russes enrag\u00e9s, qui ont planifi\u00e9 le nettoyage ethnique de ces \u00ab\u00a0terroristes\u00a0\u00bb, dans le cadre de ce qu&rsquo;ils ont appel\u00e9 leur \u00ab\u00a0\u00ab\u00a0op\u00e9ration antiterroriste\u00a0\u00bb ou \u00ab\u00a0ATO\u00a0\u00bb, en particulier dans le Donbass. (Le Donbass est la partie la plus \u00e0 l&rsquo;est de l&rsquo;\u00ab\u00a0Est\u00a0\u00bb de l&rsquo;Ukraine, comme le montre la <a href=\"https:\/\/www.usagm.gov\/wp-content\/media\/2014\/06\/Ukraine-slide-deck.pdf\"><strong>diapositive 26 ici<\/strong><\/a>, et vous pouvez y voir que SEULE la Crim\u00e9e \u00e9tait encore plus anti-am\u00e9ricaine que l&rsquo;\u00ab\u00a0Est\u00a0\u00bb de l&rsquo;Ukraine. Le Donbass \u00e9tait la partie la plus pro-russe de cet \u00ab\u00a0Est\u00a0\u00bb. Ce sont donc les deux r\u00e9gions o\u00f9 Obama avait le plus besoin du nettoyage ethnique, l&rsquo;\u00ab\u00a0ATO\u00a0\u00bb). Mais cela a \u00e9galement \u00e9t\u00e9 fait <a href=\"https:\/\/crimesofempire.com\/2015\/05\/02\/odessa-massacre-the-day-the-kiev-junta-dropped-the-mask\/\"><strong>\u00e0 Odessa<\/strong><\/a>, et dans d&rsquo;autres villes ukrainiennes qui avaient fortement vot\u00e9 pour Ianoukovitch. Cela allait \u00eatre la fa\u00e7on \u00ab\u00a0d\u00e9mocratique\u00a0\u00bb de produire une Ukraine d\u00e9finitivement contr\u00f4l\u00e9e par les nazis.<\/span><\/p>\n<p>&nbsp;<\/p>\n<p style=\"text-align: justify;\"><span style=\"font-family: times new roman, times, serif; font-size: 14pt;\">L&rsquo;administration Obama et le FMI (que le gouvernement am\u00e9ricain contr\u00f4le) exigeaient que l&rsquo;Ukraine conqui\u00e8re rapidement le Donbass ; et, comme la seule puissance a\u00e9rienne au-dessus de cette r\u00e9gion \u00e9tait celle de l&rsquo;Ukraine, celle-ci a bombard\u00e9 sans rel\u00e2che le Donbass. Un de leurs bombardiers a \u00e9t\u00e9 abattu, mais ce n&rsquo;\u00e9tait qu&rsquo;une perte mineure pour le r\u00e9gime install\u00e9 par les \u00c9tats-Unis. Dans l&rsquo;ensemble, les bombardements ont caus\u00e9 <a href=\"https:\/\/archive.ph\/xre8C\"><strong>une d\u00e9vastation massive dans le Donbass.<\/strong><\/a><\/span><\/p>\n<p>&nbsp;<\/p>\n<p style=\"text-align: justify;\"><span style=\"font-family: times new roman, times, serif; font-size: 14pt;\">N\u00e9anmoins, les espoirs du gouvernement am\u00e9ricain d&rsquo;une conqu\u00eate militaire du Donbass ne se sont pas concr\u00e9tis\u00e9s, ce qui nous am\u00e8ne \u00e0 la situation actuelle.<\/span><\/p>\n<p>&nbsp;<\/p>\n<p style=\"text-align: justify;\"><span style=\"font-family: times new roman, times, serif; font-size: 14pt;\">Lorsque, le 15 f\u00e9vrier 2022, le gouvernement am\u00e9ricain a ferm\u00e9 son ambassade \u00e0 Kiev et l&rsquo;a relocalis\u00e9e <a href=\"https:\/\/www.independent.co.uk\/tv\/news\/kiev-ukraine-russia-embassy-b2015507.html\"><strong>\u00e0 Lvov<\/strong><\/a> (la ville ukrainienne qui \u00e9tait la plus ardemment pro-Hitler pendant la Seconde Guerre mondiale), il a effac\u00e9 de ses ordinateurs, et du Web, ses correspondances concernant <a href=\"http:\/\/web.archive.org\/web\/20220303072432\/https:\/strangesounds.org\/2022\/02\/us-embassy-just-removed-all-their-ukraine-bioweapon-lab-documents-from-the-website-here-they-are.html\"><strong>les laboratoires secrets communs am\u00e9ricano-ukrainien<\/strong>s<\/a> d&rsquo;armes biologiques qui ont \u00e9t\u00e9 construits en Ukraine depuis le coup d&rsquo;\u00c9tat d&rsquo;Obama. (Heureusement, au lien ci-dessus, on peut trouver des versions archiv\u00e9es de ces documents d\u00e9truits). Le gouvernement am\u00e9ricain avait de m\u00eame <a href=\"https:\/\/21stcenturywire.com\/2018\/09\/20\/video-report-us-diplomats-involved-in-trafficking-of-human-blood-and-pathogens-for-secret-military-program\/\"><strong>\u00e9tabli des laboratoires secrets d&rsquo;armes biologiques du Pentagone en G\u00e9orgie<\/strong><\/a><strong>.<\/strong><\/span><\/p>\n<p>&nbsp;<\/p>\n<p style=\"text-align: justify;\"><span style=\"font-family: times new roman, times, serif; font-size: 14pt;\">Non seulement le gouvernement am\u00e9ricain autorise l&rsquo;Ukraine \u00e0 bombarder le Donbass, mais les <em>think tanks<\/em> am\u00e9ricains qui ont discut\u00e9 de ces bombardements ont d\u00e9clar\u00e9 <a href=\"https:\/\/archive.ph\/lo3Cx\"><strong>que le gouvernement ukrainien devait en faire davantage<\/strong><\/a>.<\/span><\/p>\n<p>&nbsp;<\/p>\n<p style=\"text-align: justify;\"><span style=\"font-family: times new roman, times, serif; font-size: 14pt;\">Les nazis ukrainiens <a href=\"https:\/\/www.youtube.com\/watch?v=QwsMwwQvlNg\"><strong>ciblent \u00e9galement les bus scolaires, afin de tuer les enfants<\/strong><\/a><strong>,<\/strong> dans les r\u00e9gions d&rsquo;Ukraine qui avaient vot\u00e9 massivement pour Ianoukovitch.<\/span><\/p>\n<p>&nbsp;<\/p>\n<p style=\"text-align: justify;\"><span style=\"font-family: times new roman, times, serif; font-size: 14pt;\">En outre, dans les r\u00e9gions les plus \u00e0 droite de l&rsquo;Ukraine, <a href=\"https:\/\/archive.ph\/Ma1ob\"><strong>des nazis sont invit\u00e9s dans les salles de classe<\/strong><\/a> afin de r\u00e9pandre la haine anti-russe et de fournir des documents encourageant les \u00e9l\u00e8ves\u00a0 \u00e0 rejoindre leur mouvement.<\/span><\/p>\n<p>&nbsp;<\/p>\n<p style=\"text-align: justify;\"><span style=\"font-family: times new roman, times, serif; font-size: 14pt;\">Telle \u00e9tait la situation avant que la Russie \u00ab\u00a0envahisse\u00a0\u00bb l&rsquo;Ukraine le 24 f\u00e9vrier 2022.<\/span><\/p>\n<p>&nbsp;<\/p>\n<p style=\"text-align: left;\"><span style=\"font-family: times new roman, times, serif; font-size: 14pt;\">Source\u00a0: <a href=\"https:\/\/orientalreview.org\/2022\/03\/05\/evidence-that-ukraine-has-been-run-by-nazis-since-february-2014\/\">Evidence that Ukraine has been run by nazis since February 2014 \u2013 OrientalReview.org<\/a><\/span><\/p>\n<p>&nbsp;<\/p>\n<p><span style=\"font-family: times new roman, times, serif; font-size: 14pt;\"><strong>URL de cet article : <\/strong><a href=\"http:\/\/blog.lesgrossesorchadeslesamplesthalameges.fr\/index.php\/preuves-que-lukraine-est-dirigee-par-des-nazis-depuis-2014\/\">http:\/\/blog.lesgrossesorchadeslesamplesthalameges.fr\/index.php\/preuves-que-lukraine-est-dirigee-par-des-nazis-depuis-2014\/<\/a><strong><br \/>\n<\/strong><\/span><\/p>\n<p>&nbsp;<\/p>\n<p>&nbsp;<\/p>\n<p style=\"text-align: center;\"><a href=\"http:\/\/blog.lesgrossesorchadeslesamplesthalameges.fr\/index.php\/2022\/12\/24\/et-ils-appellent-ca-guerre-froide\/000-dangerous-times-21\/\" rel=\"attachment wp-att-21180\"><img loading=\"lazy\" class=\"alignnone size-full wp-image-21180\" src=\"http:\/\/blog.lesgrossesorchadeslesamplesthalameges.fr\/wp-content\/uploads\/2022\/12\/000.-dangerous-times.gif\" alt=\"\" width=\"70\" height=\"63\" \/><\/a><\/p>\n<p>&nbsp;<\/p>\n<p style=\"text-align: right;\"><span style=\"font-family: comic sans ms, sans-serif; font-size: 14pt;\">Janvier 2023<\/span><\/p>\n<p>&nbsp;<\/p>\n<p>&nbsp;<\/p>\n<p>&nbsp;<\/p>\n","protected":false},"excerpt":{"rendered":"<p>&nbsp; &nbsp; &nbsp; &nbsp; &nbsp; &nbsp; &nbsp; &nbsp; Preuves que l\u2019Ukraine est dirig\u00e9e par des nazis depuis 2014 &nbsp; &nbsp; Eric Zuesse\u00a0 \u2013\u00a0 Oriental Review\u00a0 \u2013\u00a0 5.3.2022 &nbsp; &nbsp; \u00a0 &nbsp; &nbsp; Le 12 mars 2014, une vid\u00e9o historique de 10 minutes a \u00e9t\u00e9 t\u00e9l\u00e9charg\u00e9e sur youtube, qui a acquis plus d&rsquo;un million de vues&#8230;<\/p>\n","protected":false},"author":1,"featured_media":0,"parent":0,"menu_order":0,"comment_status":"open","ping_status":"open","template":"","meta":[],"_links":{"self":[{"href":"https:\/\/blog.lesgrossesorchadeslesamplesthalameges.fr\/index.php\/wp-json\/wp\/v2\/pages\/21370"}],"collection":[{"href":"https:\/\/blog.lesgrossesorchadeslesamplesthalameges.fr\/index.php\/wp-json\/wp\/v2\/pages"}],"about":[{"href":"https:\/\/blog.lesgrossesorchadeslesamplesthalameges.fr\/index.php\/wp-json\/wp\/v2\/types\/page"}],"author":[{"embeddable":true,"href":"https:\/\/blog.lesgrossesorchadeslesamplesthalameges.fr\/index.php\/wp-json\/wp\/v2\/users\/1"}],"replies":[{"embeddable":true,"href":"https:\/\/blog.lesgrossesorchadeslesamplesthalameges.fr\/index.php\/wp-json\/wp\/v2\/comments?post=21370"}],"version-history":[{"count":13,"href":"https:\/\/blog.lesgrossesorchadeslesamplesthalameges.fr\/index.php\/wp-json\/wp\/v2\/pages\/21370\/revisions"}],"predecessor-version":[{"id":21456,"href":"https:\/\/blog.lesgrossesorchadeslesamplesthalameges.fr\/index.php\/wp-json\/wp\/v2\/pages\/21370\/revisions\/21456"}],"wp:attachment":[{"href":"https:\/\/blog.lesgrossesorchadeslesamplesthalameges.fr\/index.php\/wp-json\/wp\/v2\/media?parent=21370"}],"curies":[{"name":"wp","href":"https:\/\/api.w.org\/{rel}","templated":true}]}}