{"id":21414,"date":"2023-01-08T10:35:58","date_gmt":"2023-01-08T09:35:58","guid":{"rendered":"http:\/\/blog.lesgrossesorchadeslesamplesthalameges.fr\/?page_id=21414"},"modified":"2023-01-08T10:37:13","modified_gmt":"2023-01-08T09:37:13","slug":"lempoisonnement-de-mechaal-na-donne-quun-apercu-de-larsenal-de-guerre-biologique-disrael","status":"publish","type":"page","link":"https:\/\/blog.lesgrossesorchadeslesamplesthalameges.fr\/index.php\/lempoisonnement-de-mechaal-na-donne-quun-apercu-de-larsenal-de-guerre-biologique-disrael\/","title":{"rendered":"L&#8217;empoisonnement de Mechaal n&rsquo;a donn\u00e9 qu&rsquo;un aper\u00e7u de l&rsquo;arsenal de guerre biologique d&rsquo;Isra\u00ebl"},"content":{"rendered":"<p style=\"text-align: justify;\"><strong>\u00a0<\/strong><\/p>\n<p>&nbsp;<\/p>\n<p>&nbsp;<\/p>\n<p>&nbsp;<\/p>\n<p>&nbsp;<\/p>\n<p>&nbsp;<\/p>\n<p>&nbsp;<\/p>\n<p>&nbsp;<\/p>\n<p>&nbsp;<\/p>\n<p style=\"text-align: center;\"><span style=\"font-family: times new roman, times, serif; font-size: 36pt;\"><strong>L&#8217;empoisonnement de Mechaal n&rsquo;a donn\u00e9 qu&rsquo;un aper\u00e7u de l&rsquo;arsenal de guerre biologique d&rsquo;Isra\u00ebl<\/strong><\/span><\/p>\n<p>&nbsp;<\/p>\n<p>&nbsp;<\/p>\n<p style=\"text-align: center;\"><span style=\"font-family: times new roman, times, serif; font-size: 24pt;\"><em>Un nouvel article de Benny Morris et Benjamin Kedar indique que, bien avant la tentative d&rsquo;assassinat rat\u00e9e d&rsquo;il y a 25 ans, Isra\u00ebl a tent\u00e9 un empoisonnement massif pendant la guerre de 1948<\/em>.<\/span><\/p>\n<p>&nbsp;<\/p>\n<p>&nbsp;<\/p>\n<p style=\"text-align: center;\"><span style=\"font-family: times new roman, times, serif; font-size: 18pt;\"><strong>Yossi Melman<\/strong><strong> \u2013 <em>Haaretz<\/em> \u2013 6.10.2022<\/strong><\/span><\/p>\n<p style=\"text-align: center;\"><span style=\"font-family: times new roman, times, serif; font-size: 18pt;\">Traduction :<strong> c.l. <\/strong>pour<strong> <em>L.G.O<\/em>.<\/strong><\/span><\/p>\n<p>&nbsp;<\/p>\n<p>&nbsp;<\/p>\n<p style=\"text-align: center;\"><a href=\"http:\/\/blog.lesgrossesorchadeslesamplesthalameges.fr\/index.php\/2023\/01\/08\/puisque-la-mode-est-au-nazisme\/15-mechaal-1\/\" rel=\"attachment wp-att-21352\"><img loading=\"lazy\" class=\"alignnone wp-image-21352\" src=\"http:\/\/blog.lesgrossesorchadeslesamplesthalameges.fr\/wp-content\/uploads\/2023\/01\/15.-Mechaal-1-300x199.jpg\" alt=\"\" width=\"600\" height=\"398\" srcset=\"https:\/\/blog.lesgrossesorchadeslesamplesthalameges.fr\/wp-content\/uploads\/2023\/01\/15.-Mechaal-1-300x199.jpg 300w, https:\/\/blog.lesgrossesorchadeslesamplesthalameges.fr\/wp-content\/uploads\/2023\/01\/15.-Mechaal-1.jpg 500w\" sizes=\"(max-width: 600px) 100vw, 600px\" \/><\/a><\/p>\n<p style=\"text-align: center;\"><span style=\"font-family: times new roman, times, serif; font-size: 12pt;\"><strong><em>Le chef du Hamas, Khaled Mechaal, s&rsquo;adressant \u00e0 la 8e conf\u00e9rence g\u00e9n\u00e9rale du Mouvement islamique soudanais \u00e0 Khartoum, 2012<\/em><\/strong>.(Cr\u00e9dit : Mohamed Nureldin Abdallah\/Reuters)<\/span><\/p>\n<p>&nbsp;<\/p>\n<p style=\"text-align: justify;\"><span style=\"font-family: times new roman, times, serif; font-size: 14pt;\"><strong>\u00a0<\/strong><\/span><\/p>\n<p style=\"text-align: justify;\"><span style=\"font-family: times new roman, times, serif; font-size: 14pt;\">Le 25 septembre 1997, des agents du Mossad appartenant \u00e0 l&rsquo;unit\u00e9 Kidon (ba\u00efonnette en h\u00e9breu) des forces sp\u00e9ciales ont empoisonn\u00e9 Khaled Mechaal, le pr\u00e9sident du bureau politique du Hamas, \u00e0 Amman, en Jordanie. L&rsquo;un des agents tenait un petit tube et en a pulv\u00e9ris\u00e9 le produit dans l\u2019oreille de Mechaal.<\/span><\/p>\n<p>&nbsp;<\/p>\n<p style=\"text-align: justify;\"><span style=\"font-family: times new roman, times, serif; font-size: 14pt;\">Le modus operandi du Mossad consiste \u00e0 envoyer un de ses m\u00e9decins sur le lieu de l&rsquo;op\u00e9ration au cas o\u00f9 un agent serait bless\u00e9 et aurait besoin d&rsquo;un traitement m\u00e9dical, sans risquer de s&rsquo;exposer dans un h\u00f4pital local. Une femme m\u00e9decin, accompagn\u00e9e de Mishka Ben David, l&rsquo;un des agents de renseignement du Mossad, a \u00e9t\u00e9 choisie pour la mission en Jordanie. Ils se sont fait passer pour un couple d&rsquo;Isra\u00e9liens en vacances dans un h\u00f4tel d&rsquo;Amman. Le m\u00e9decin et Ben David poss\u00e9daient un antidote, qui neutraliserait le poison s&rsquo;il s&rsquo;\u00e9chappait et blessait les agents par accident Isra\u00ebl gardait un antidote de secours dans un autre endroit d\u2019Amman.<\/span><\/p>\n<p>&nbsp;<\/p>\n<p style=\"text-align: justify;\"><span style=\"font-family: times new roman, times, serif; font-size: 14pt;\">La mission a \u00e9chou\u00e9. Le Premier ministre Benjamin Netanyahou a fait preuve de n\u00e9gligence et d&rsquo;arrogance en ex\u00e9cutant une op\u00e9ration sur le sol jordanien, l&rsquo;alli\u00e9 le plus strat\u00e9gique d&rsquo;Isra\u00ebl au Moyen-Orient. Trois ans plus t\u00f4t \u00e0 peine, la Jordanie avait sign\u00e9 un trait\u00e9 de paix avec l&rsquo;\u00c9tat juif. Cependant, les renseignements \u00e9taient \u00e9galement insuffisants et les performances des agents sur le terrain \u00e9taient inad\u00e9quates. Des agents du Mossad d\u00e9tenant des passeports canadiens falsifi\u00e9s ont \u00e9t\u00e9 arr\u00eat\u00e9s. Quatre autres ont trouv\u00e9 refuge \u00e0 l&rsquo;ambassade d&rsquo;Isra\u00ebl.<\/span><\/p>\n<p>&nbsp;<\/p>\n<p style=\"text-align: justify;\"><span style=\"font-family: times new roman, times, serif; font-size: 14pt;\">Le roi Hussein de Jordanie a menac\u00e9 de prendre d&rsquo;assaut l&rsquo;ambassade et d&rsquo;ex\u00e9cuter les agents. Pour apaiser le roi, Isra\u00ebl a d\u00fb accepter de lib\u00e9rer de prison le cheikh Ahmed Yassin, fondateur et chef spirituel du Hamas, et de sauver la vie de Mechaal. Le m\u00e9decin et Ben David ont donn\u00e9 un des antidotes \u00e0 un officier des services secrets jordaniens, qui l&rsquo;a transmis \u00e0 un m\u00e9decin jordanien. Isra\u00ebl avait sauv\u00e9 la vie de Mechaal, ennemi acharn\u00e9 d&rsquo;Isra\u00ebl jusqu&rsquo;\u00e0 ce jour.<\/span><\/p>\n<p>&nbsp;<\/p>\n<p style=\"text-align: justify;\"><span style=\"font-family: times new roman, times, serif; font-size: 14pt;\">En plus de ces blessures auto-inflig\u00e9es aux int\u00e9r\u00eats nationaux d&rsquo;Isra\u00ebl, l&rsquo;une des ramifications les plus troublantes a \u00e9t\u00e9 le fait que l&rsquo;affaire Mechaal a forc\u00e9 Isra\u00ebl \u00e0 admettre publiquement qu&rsquo;il avait utilis\u00e9 du poison\u00a0: une forme de guerre biologique au moins dans une mesure. Jusqu&rsquo;alors, les informations sur l&rsquo;utilisation de poison par des agents de renseignement isra\u00e9liens \u00e9taient toujours attribu\u00e9es \u00e0 des \u00ab\u00a0sources \u00e9trang\u00e8res\u00a0\u00bb.<\/span><\/p>\n<p>&nbsp;<\/p>\n<p>&nbsp;<\/p>\n<p><a href=\"http:\/\/blog.lesgrossesorchadeslesamplesthalameges.fr\/index.php\/lempoisonnement-de-mechaal-na-donne-quun-apercu-de-larsenal-de-guerre-biologique-disrael\/25-mechaal-2\/\" rel=\"attachment wp-att-21416\"><img loading=\"lazy\" class=\"alignnone wp-image-21416 size-full\" src=\"http:\/\/blog.lesgrossesorchadeslesamplesthalameges.fr\/wp-content\/uploads\/2023\/01\/25.-Mechaal-2.jpg\" alt=\"\" width=\"350\" height=\"412\" srcset=\"https:\/\/blog.lesgrossesorchadeslesamplesthalameges.fr\/wp-content\/uploads\/2023\/01\/25.-Mechaal-2.jpg 350w, https:\/\/blog.lesgrossesorchadeslesamplesthalameges.fr\/wp-content\/uploads\/2023\/01\/25.-Mechaal-2-255x300.jpg 255w\" sizes=\"(max-width: 350px) 100vw, 350px\" \/><\/a><\/p>\n<p style=\"text-align: justify;\"><span style=\"font-family: times new roman, times, serif; font-size: 12pt;\"><strong><em>Wadie Haddad en 1970<\/em><\/strong><strong>. (<\/strong>Credit : Wikipedia)<\/span><\/p>\n<p>&nbsp;<\/p>\n<p>&nbsp;<\/p>\n<p style=\"text-align: justify;\"><span style=\"font-family: times new roman, times, serif; font-size: 14pt;\">Au moins deux autres incidents de ce genre ont \u00e9t\u00e9 r\u00e9v\u00e9l\u00e9s dans la presse mondiale. L\u2019un d\u2019eux s\u2019est produit en 1978, apr\u00e8s la mort de Wadie Haddad, le responsable op\u00e9rationnel du Front Populaire de Lib\u00e9ration de la Palestine. Haddad \u00e9tait l&rsquo;architecte du d\u00e9tournement spectaculaire d&rsquo;avions de ligne isra\u00e9liens et internationaux dans les ann\u00e9es 1970, notamment le vol d&rsquo;Air France d\u00e9tourn\u00e9 vers Entebbe, en Ouganda, en 1976. Lors d&rsquo;une op\u00e9ration audacieuse, les commandos isra\u00e9liens ont tu\u00e9 les terroristes de Haddad, parmi lesquels se trouvaient des membres allemands de la bande de Baader Meinhof, et ont sauv\u00e9 la plupart des otages.<\/span><\/p>\n<p>&nbsp;<\/p>\n<p style=\"text-align: justify;\"><span style=\"font-family: times new roman, times, serif; font-size: 14pt;\">Le Mossad a ripost\u00e9. Sachant que Haddad aimait les sucreries, il a recrut\u00e9 un de ses assistants pour en faire un espion. Suivant les instructions des responsables du Mossad, l&rsquo;assistant a achet\u00e9 en Belgique du chocolat Cadbury de fabrication anglaise. Le chocolat \u00e9tait rempli de poison pr\u00e9par\u00e9 par des scientifiques isra\u00e9liens pour le Mossad. L&rsquo;assistant palestinien l&rsquo;a livr\u00e9 personnellement \u00e0 Haddad, qui l&rsquo;a mang\u00e9 sans partager. Haddad, qui avait souffert de graves maladies sous-jacentes, est mort quelques semaines plus tard dans un h\u00f4pital de Berlin-Est. Jusqu&rsquo;\u00e0 aujourd&rsquo;hui, les v\u00e9t\u00e9rans du Mossad d\u00e9battent pour savoir si Haddad est mort \u00e0 cause du poison, de sa maladie ou de la combinaison des deux facteurs.<\/span><\/p>\n<p>&nbsp;<\/p>\n<p style=\"text-align: justify; padding-left: 120px;\"><span style=\"font-family: times new roman, times, serif; font-size: 14pt;\">&#8211; Hamas : Isra\u00ebl a empoisonn\u00e9 Arafat<\/span><\/p>\n<p style=\"text-align: justify; padding-left: 120px;\"><span style=\"font-family: times new roman, times, serif; font-size: 14pt;\">&#8211; Qui a tu\u00e9 Mahmoud al-Mabhouh ? \/ Beaucoup de gens voulaient la mort de l&rsquo;homme du Hamas.<\/span><\/p>\n<p style=\"text-align: justify; padding-left: 120px;\"><span style=\"font-family: times new roman, times, serif; font-size: 14pt;\">&#8211; La biographie le montre clairement : le leader du Front populaire palestinien avait raison.<\/span><\/p>\n<p>&nbsp;<\/p>\n<p style=\"text-align: justify;\"><span style=\"font-family: times new roman, times, serif; font-size: 14pt;\">Treize ans apr\u00e8s l&rsquo;\u00e9chec de la tentative d&rsquo;assassinat de Mechaal, le Mossad a frapp\u00e9 de nouveau. En 2010, des agents du Mossad ont empoisonn\u00e9 <a href=\"https:\/\/www.haaretz.com\/2010-02-02\/ty-article\/who-killed-mahmoud-al-mabhouh-many-wanted-hamas-man-dead\/0000017f-db9a-d3a5-a\">Mahmoud Mabhouh<\/a> \u2013 un haut responsable du Hamas qui assurait la liaison avec l&rsquo;Iran pour faire passer des armes \u00e0 Gaza \u2013 dans sa chambre d&rsquo;h\u00f4tel de Duba\u00ef. Mabhouh est mort et tous les membres du commando sont rentr\u00e9s sains et saufs en Isra\u00ebl. Mais la police de Duba\u00ef a rt\u00e9ussi \u00e0 reconstituer l&rsquo;op\u00e9ration, et a r\u00e9v\u00e9l\u00e9 que le Mossad avait utilis\u00e9 de faux passeports occidentaux. Le Mossad a subi une atteinte \u00e0 son prestige et \u00e0 son image de toute-puissance, et l&rsquo;affaire a endommag\u00e9 les relations ext\u00e9rieures d&rsquo;Isra\u00ebl.<\/span><\/p>\n<p>&nbsp;<\/p>\n<p>&nbsp;<\/p>\n<p style=\"text-align: center;\"><a href=\"http:\/\/blog.lesgrossesorchadeslesamplesthalameges.fr\/index.php\/lempoisonnement-de-mechaal-na-donne-quun-apercu-de-larsenal-de-guerre-biologique-disrael\/26-mechaal-3\/\" rel=\"attachment wp-att-21417\"><img loading=\"lazy\" class=\"alignnone wp-image-21417 size-full\" src=\"http:\/\/blog.lesgrossesorchadeslesamplesthalameges.fr\/wp-content\/uploads\/2023\/01\/26.-Mechaal-3.jpg\" alt=\"\" width=\"500\" height=\"395\" srcset=\"https:\/\/blog.lesgrossesorchadeslesamplesthalameges.fr\/wp-content\/uploads\/2023\/01\/26.-Mechaal-3.jpg 500w, https:\/\/blog.lesgrossesorchadeslesamplesthalameges.fr\/wp-content\/uploads\/2023\/01\/26.-Mechaal-3-300x237.jpg 300w\" sizes=\"(max-width: 500px) 100vw, 500px\" \/><\/a><\/p>\n<p style=\"text-align: center;\"><span style=\"font-family: times new roman, times, serif; font-size: 12pt;\"><strong><em>Le commandant de la police de Duba\u00ef pr\u00e9sentant des preuves sur l&rsquo;assassinat de Mahmoud al-Mabhouh \u00e0 Duba\u00ef en 2010<\/em><\/strong>.(Cr\u00e9dit : Reuters)<\/span><\/p>\n<p style=\"text-align: justify;\"><span style=\"font-family: times new roman, times, serif; font-size: 14pt;\"><strong>\u00a0<\/strong><\/span><\/p>\n<p>&nbsp;<\/p>\n<p style=\"text-align: justify;\"><span style=\"font-family: times new roman, times, serif; font-size: 14pt;\">Le protocole de Gen\u00e8ve de 1925 interdit l&rsquo;utilisation d&rsquo;armes biologiques. Cinquante ans plus tard, un autre accord international a \u00e9t\u00e9 sign\u00e9 : La Convention sur l&rsquo;interdiction de la mise au point, de la fabrication et du stockage des armes bact\u00e9riologiques (biologiques) ou \u00e0 toxines et sur leur destruction, commun\u00e9ment appel\u00e9e Convention sur les armes biologiques.<\/span><\/p>\n<p>&nbsp;<\/p>\n<p style=\"text-align: justify;\"><span style=\"font-family: times new roman, times, serif; font-size: 14pt;\">Cependant, alors que 183 \u00c9tats ont ratifi\u00e9 le trait\u00e9, Isra\u00ebl, ainsi que l&rsquo;\u00c9gypte, la Somalie, l&rsquo;\u00c9rythr\u00e9e et les Comores, ont refus\u00e9 d&rsquo;y adh\u00e9rer.<\/span><\/p>\n<p>&nbsp;<\/p>\n<p style=\"text-align: justify;\"><span style=\"font-family: times new roman, times, serif; font-size: 14pt;\">Il est largement admis et rapport\u00e9 que les divers mat\u00e9riaux d&#8217;empoisonnement utilis\u00e9s par le Mossad pour les cas d\u00e9j\u00e0 publi\u00e9s, et quelques autres qui sont rest\u00e9s secrets, ont \u00e9t\u00e9 fabriqu\u00e9s \u00e0 l&rsquo;Institut isra\u00e9lien de recherche biologique \u00e0 Nes Ziona, \u00e0 20 kilom\u00e8tres au sud de Tel Aviv.<\/span><\/p>\n<p>&nbsp;<\/p>\n<p style=\"text-align: justify;\"><span style=\"font-family: times new roman, times, serif; font-size: 14pt;\">L&rsquo;institut, qui appartient conjointement au bureau du Premier ministre et au minist\u00e8re de la D\u00e9fense, a \u00e9t\u00e9 fond\u00e9 en 1952, en remplacement du Corps scientifique de l&rsquo;arm\u00e9e. Son premier directeur \u00e9tait Alexander Keynan.<\/span><\/p>\n<p>&nbsp;<\/p>\n<p>&nbsp;<\/p>\n<p style=\"text-align: center;\"><a href=\"http:\/\/blog.lesgrossesorchadeslesamplesthalameges.fr\/index.php\/lempoisonnement-de-mechaal-na-donne-quun-apercu-de-larsenal-de-guerre-biologique-disrael\/27-mechaal-4\/\" rel=\"attachment wp-att-21418\"><img loading=\"lazy\" class=\"alignnone wp-image-21418 size-full\" src=\"http:\/\/blog.lesgrossesorchadeslesamplesthalameges.fr\/wp-content\/uploads\/2023\/01\/27.-Mechaal-4.jpg\" alt=\"\" width=\"350\" height=\"416\" srcset=\"https:\/\/blog.lesgrossesorchadeslesamplesthalameges.fr\/wp-content\/uploads\/2023\/01\/27.-Mechaal-4.jpg 350w, https:\/\/blog.lesgrossesorchadeslesamplesthalameges.fr\/wp-content\/uploads\/2023\/01\/27.-Mechaal-4-252x300.jpg 252w\" sizes=\"(max-width: 350px) 100vw, 350px\" \/><\/a><\/p>\n<p style=\"text-align: center;\"><span style=\"font-family: times new roman, times, serif; font-size: 12pt;\"><strong><em>Alexander Keynan, premier directeur de l\u2019Institut isra\u00e9lien pour la recherch\u00e9 biologioque <\/em><\/strong><strong>(<\/strong>Credit : Shaul2806\/Wikipedia)<\/span><\/p>\n<p style=\"text-align: justify;\"><span style=\"font-family: times new roman, times, serif; font-size: 14pt;\"><strong>\u00a0<\/strong><\/span><\/p>\n<p>&nbsp;<\/p>\n<p style=\"text-align: justify;\"><span style=\"font-family: times new roman, times, serif; font-size: 14pt;\">Cette unit\u00e9 est aujourd&rsquo;hui la vedette d&rsquo;un article fascinant qui r\u00e9v\u00e8le l&rsquo;histoire clandestine de la guerre biologique men\u00e9e par Isra\u00ebl pendant sa guerre d&rsquo;ind\u00e9pendance en 1948. L&rsquo;article est \u00e9crit par deux historiens, Benny Morris, professeur \u00e9m\u00e9rite de l&rsquo;Universit\u00e9 Ben-Gurion de Be&rsquo;er Sheva, et le professeur \u00e9m\u00e9rite Benjamin Ze&rsquo;ev Kedar de l&rsquo;Universit\u00e9 h\u00e9bra\u00efque de J\u00e9rusalem. L&rsquo;article \u2013 <em>\u00ab \u201cCast Thy Bread\u201d : Israeli Biological Warfare during the 1948 War \u00bb<\/em>*- a \u00e9t\u00e9 r\u00e9cemment publi\u00e9 par Middle Eastern Studies.<\/span><\/p>\n<p>&nbsp;<\/p>\n<p style=\"text-align: justify;\"><span style=\"font-family: times new roman, times, serif; font-size: 14pt;\">Cet article est une raret\u00e9 pour deux raisons. Premi\u00e8rement, il a fait l\u2019objet de recherches et a \u00e9t\u00e9 publi\u00e9 contre la volont\u00e9 de l&rsquo;establishment s\u00e9curitaire isra\u00e9lien, qui a essay\u00e9 pendant des ann\u00e9es de bloquer tout document historique embarrassant sur cette guerre, exposant les crimes de guerre contre les Arabes, comme le meurtre de prisonniers, le nettoyage ethnique et la destruction de villages. Deuxi\u00e8mement, l&rsquo;article se fonde sur des documents originaux conserv\u00e9s dans les archives de l&rsquo;\u00c9tat d&rsquo;Isra\u00ebl et d&rsquo;autres archives.<\/span><\/p>\n<p>&nbsp;<\/p>\n<p style=\"text-align: left;\"><span style=\"font-family: times new roman, times, serif; font-size: 14pt;\">Source : <a href=\"https:\/\/www.haaretz.com\/israel-news\/2022-10-06\/ty-article\/.premium\/1997-poisoning-of-hamas-leader-wasnt-start-of-israels-bio-warfare\/00000183-ada3-de7e-a7cf-fdffc2f90000?utm_source=mailchimp&amp;utm_medium=Content&amp;utm_campaign=tech&amp;utm_content=9a97cd599d\">Mechaal Poisoning Provided Only a Glimpse Into Israel\u2019s Biological Warfare Arsenal &#8211; Israel News &#8211; Haaretz.com<\/a><\/span><\/p>\n<p style=\"text-align: justify;\"><span style=\"font-family: times new roman, times, serif; font-size: 14pt;\">_______________\u00a0\u00a0<\/span><\/p>\n<p style=\"text-align: justify;\"><span style=\"font-family: times new roman, times, serif; font-size: 14pt;\">* \u00ab\u00a0Jette ton pain sur les eaux, plus tard tu le retrouveras\u00a0\u00bb, proverbe biblique.<\/span><\/p>\n<p>&nbsp;<\/p>\n<p>&nbsp;<\/p>\n<p style=\"text-align: left;\"><span style=\"font-family: times new roman, times, serif; font-size: 14pt;\"><strong>URL de cet article\u00a0: <\/strong><a href=\"http:\/\/blog.lesgrossesorchadeslesamplesthalameges.fr\/index.php\/lempoisonnement-de-mechaal-na-donne-quun-apercu-de-larsenal-de-guerre-biologique-disrael\/\">http:\/\/blog.lesgrossesorchadeslesamplesthalameges.fr\/index.php\/lempoisonnement-de-mechaal-na-donne-quun-apercu-de-larsenal-de-guerre-biologique-disrael\/<\/a><\/span><\/p>\n<p style=\"text-align: justify;\"><span style=\"font-family: times new roman, times, serif; font-size: 14pt;\">\u00a0<\/span><\/p>\n<p>&nbsp;<\/p>\n<p style=\"text-align: center;\"><span style=\"font-family: times new roman, times, serif; font-size: 14pt;\"><strong>\u00a0<a href=\"http:\/\/blog.lesgrossesorchadeslesamplesthalameges.fr\/index.php\/2022\/12\/24\/et-ils-appellent-ca-guerre-froide\/000-dangerous-times-21\/\" rel=\"attachment wp-att-21180\"><img loading=\"lazy\" class=\"alignnone size-full wp-image-21180\" src=\"http:\/\/blog.lesgrossesorchadeslesamplesthalameges.fr\/wp-content\/uploads\/2022\/12\/000.-dangerous-times.gif\" alt=\"\" width=\"70\" height=\"63\" \/><\/a><\/strong><\/span><\/p>\n<p>&nbsp;<\/p>\n<p>&nbsp;<\/p>\n<p style=\"text-align: right;\"><span style=\"font-family: comic sans ms, sans-serif; font-size: 14pt;\">Janvier 2023<\/span><\/p>\n<p>&nbsp;<\/p>\n<p>&nbsp;<\/p>\n","protected":false},"excerpt":{"rendered":"<p>\u00a0 &nbsp; &nbsp; &nbsp; &nbsp; &nbsp; &nbsp; &nbsp; &nbsp; L&#8217;empoisonnement de Mechaal n&rsquo;a donn\u00e9 qu&rsquo;un aper\u00e7u de l&rsquo;arsenal de guerre biologique d&rsquo;Isra\u00ebl &nbsp; &nbsp; Un nouvel article de Benny Morris et Benjamin Kedar indique que, bien avant la tentative d&rsquo;assassinat rat\u00e9e d&rsquo;il y a 25 ans, Isra\u00ebl a tent\u00e9 un empoisonnement massif pendant la guerre&#8230;<\/p>\n","protected":false},"author":1,"featured_media":0,"parent":0,"menu_order":0,"comment_status":"open","ping_status":"open","template":"","meta":[],"_links":{"self":[{"href":"https:\/\/blog.lesgrossesorchadeslesamplesthalameges.fr\/index.php\/wp-json\/wp\/v2\/pages\/21414"}],"collection":[{"href":"https:\/\/blog.lesgrossesorchadeslesamplesthalameges.fr\/index.php\/wp-json\/wp\/v2\/pages"}],"about":[{"href":"https:\/\/blog.lesgrossesorchadeslesamplesthalameges.fr\/index.php\/wp-json\/wp\/v2\/types\/page"}],"author":[{"embeddable":true,"href":"https:\/\/blog.lesgrossesorchadeslesamplesthalameges.fr\/index.php\/wp-json\/wp\/v2\/users\/1"}],"replies":[{"embeddable":true,"href":"https:\/\/blog.lesgrossesorchadeslesamplesthalameges.fr\/index.php\/wp-json\/wp\/v2\/comments?post=21414"}],"version-history":[{"count":7,"href":"https:\/\/blog.lesgrossesorchadeslesamplesthalameges.fr\/index.php\/wp-json\/wp\/v2\/pages\/21414\/revisions"}],"predecessor-version":[{"id":21424,"href":"https:\/\/blog.lesgrossesorchadeslesamplesthalameges.fr\/index.php\/wp-json\/wp\/v2\/pages\/21414\/revisions\/21424"}],"wp:attachment":[{"href":"https:\/\/blog.lesgrossesorchadeslesamplesthalameges.fr\/index.php\/wp-json\/wp\/v2\/media?parent=21414"}],"curies":[{"name":"wp","href":"https:\/\/api.w.org\/{rel}","templated":true}]}}