{"id":21494,"date":"2023-01-15T19:46:12","date_gmt":"2023-01-15T18:46:12","guid":{"rendered":"http:\/\/blog.lesgrossesorchadeslesamplesthalameges.fr\/?page_id=21494"},"modified":"2023-01-15T19:47:25","modified_gmt":"2023-01-15T18:47:25","slug":"le-petit-fils-de-charles-de-gaulle-vieille-nemesis-de-la-cia-condamne-la-politique-occidentale-en-ukraine","status":"publish","type":"page","link":"https:\/\/blog.lesgrossesorchadeslesamplesthalameges.fr\/index.php\/le-petit-fils-de-charles-de-gaulle-vieille-nemesis-de-la-cia-condamne-la-politique-occidentale-en-ukraine\/","title":{"rendered":"Le petit-fils de Charles De Gaulle \u2013 vieille N\u00e9m\u00e9sis de la CIA \u2013 condamne la politique occidentale en Ukraine"},"content":{"rendered":"<p>&nbsp;<\/p>\n<p>&nbsp;<\/p>\n<p>&nbsp;<\/p>\n<p>&nbsp;<\/p>\n<p>&nbsp;<\/p>\n<p>&nbsp;<\/p>\n<p>&nbsp;<\/p>\n<p>&nbsp;<\/p>\n<p style=\"text-align: center;\"><strong><span style=\"font-family: times new roman, times, serif; font-size: 36pt;\">Le petit-fils de Charles De Gaulle \u2013 vieille N\u00e9m\u00e9sis de la CIA \u2013 condamne la politique occidentale en Ukraine<\/span><\/strong><\/p>\n<p>&nbsp;<\/p>\n<p>&nbsp;<\/p>\n<p style=\"text-align: center;\"><span style=\"font-family: times new roman, times, serif; font-size: 24pt;\"><strong><em>Il affirme que les \u00c9tats-Unis et l&rsquo;OTAN ont d\u00e9clench\u00e9 le conflit et font souffrir les Europ\u00e9ens.<\/em><\/strong><\/span><\/p>\n<p>&nbsp;<\/p>\n<p>&nbsp;<\/p>\n<p style=\"text-align: center;\"><strong><span style=\"font-family: times new roman, times, serif; font-size: 18pt;\">Jeremy Kuzmarov \u2013 <em>Covert Action Magazine<\/em> \u2013 11.1.2023<\/span><\/strong><\/p>\n<p>&nbsp;<\/p>\n<p style=\"text-align: center;\"><span style=\"font-family: times new roman, times, serif; font-size: 18pt;\">Traduction : <strong>c.l.<\/strong> pour <em><strong>L.G.O.<\/strong><\/em><\/span><\/p>\n<h1 style=\"text-align: center;\"><\/h1>\n<p>&nbsp;<\/p>\n<p>&nbsp;<\/p>\n<p>&nbsp;<\/p>\n<p style=\"text-align: center;\"><a href=\"http:\/\/blog.lesgrossesorchadeslesamplesthalameges.fr\/?attachment_id=21462\" rel=\"attachment wp-att-21462\"><img loading=\"lazy\" class=\"alignnone wp-image-21462 size-full\" src=\"http:\/\/blog.lesgrossesorchadeslesamplesthalameges.fr\/wp-content\/uploads\/2023\/01\/10.-Pierre-De-Gaulle.jpg\" alt=\"\" width=\"600\" height=\"337\" srcset=\"https:\/\/blog.lesgrossesorchadeslesamplesthalameges.fr\/wp-content\/uploads\/2023\/01\/10.-Pierre-De-Gaulle.jpg 600w, https:\/\/blog.lesgrossesorchadeslesamplesthalameges.fr\/wp-content\/uploads\/2023\/01\/10.-Pierre-De-Gaulle-300x169.jpg 300w\" sizes=\"(max-width: 600px) 100vw, 600px\" \/><\/a><\/p>\n<p style=\"text-align: center;\"><span style=\"font-family: times new roman, times, serif; font-size: 12pt;\"><strong><em>Pierre de Gaulle<\/em><\/strong> [Source:\u00a0<a href=\"https:\/\/www.rt.com\/news\/569369-de-gaulle-ukraine-conflict\/\">rt.com<\/a>]<\/span><\/p>\n<p>&nbsp;<\/p>\n<p>&nbsp;<\/p>\n<p>&nbsp;<\/p>\n<p style=\"text-align: justify;\"><span style=\"font-family: times new roman, times, serif; font-size: 14pt;\">Pierre De Gaulle, petit-fils de l&rsquo;ancien pr\u00e9sident fran\u00e7ais Charles De Gaulle, a d\u00e9clar\u00e9 que les \u00c9tats-Unis faisaient souffrir les Europ\u00e9ens en alimentant le conflit ukrainien et en menant une guerre \u00e9conomique planifi\u00e9e contre la Russie.<\/span><\/p>\n<p style=\"text-align: justify;\"><span style=\"font-family: times new roman, times, serif; font-size: 14pt;\">Consultant en entreprise et directeur de banque, Pierre <a href=\"https:\/\/inosmi.ru\/20230104\/frantsiya-259435835.html\">a d\u00e9clar\u00e9 \u00e0 l&rsquo;Association pour le Dialogue Franco-russe<\/a>, le 26 d\u00e9cembre : \u00ab\u00a0Je me r\u00e9volte et proteste contre cette malhonn\u00eatet\u00e9 intellectuelle dans la crise ukrainienne, parce que les d\u00e9clencheurs de la guerre ont \u00e9t\u00e9 les Am\u00e9ricains et l&rsquo;OTAN. Les \u00c9tats-Unis continuent malheureusement l&rsquo;escalade militaire, faisant souffrir non seulement la population ukrainienne, mais aussi la population europ\u00e9enne\u00a0\u00bb.<\/span><\/p>\n<p style=\"text-align: justify;\"><span style=\"font-family: times new roman, times, serif; font-size: 14pt;\">Pierre poursuit* : \u00ab\u00a0L&rsquo;ampleur et le nombre des sanctions montrent que tout cela a \u00e9t\u00e9 organis\u00e9 longtemps \u00e0 l&rsquo;avance, qu\u2019il s\u2019agit d\u2019une guerre \u00e9conomique dont les Am\u00e9ricains sont les b\u00e9n\u00e9ficiaires. Les Am\u00e9ricains vendent leur gaz aux Europ\u00e9ens \u00e0 un prix quatre \u00e0 sept fois sup\u00e9rieur \u00e0 celui qu&rsquo;ils pratiquent dans leur propre pays\u00a0\u00bb.<\/span><\/p>\n<p style=\"text-align: justify;\"><span style=\"font-family: times new roman, times, serif; font-size: 14pt;\"><a href=\"http:\/\/cieldefrance.eklablog.com\/urgentissime-nouvelle-intervention-de-pierre-de-gaulle-sur-le-conflit--a213605651\">Selon Pierre<\/a>, \u00ab\u00a0l&rsquo;opinion publique fran\u00e7aise commence \u00e0 comprendre quel est aujourd&rsquo;hui le jeu diabolique des Am\u00e9ricains. Par le mensonge, &#8230; les \u00c9tats-Unis ont r\u00e9ussi \u00e0 utiliser la crise ukrainienne pour d\u00e9stabiliser l&rsquo;Europe. Les Am\u00e9ricains ont, en quelque sorte, coup\u00e9 l&rsquo;Europe de la Russie, mont\u00e9 les Europ\u00e9ens contre les Russes. Pourquoi ont-ils fait cela ? Parce que l&rsquo;Europe, en alliance avec la Russie, pourrait constituer un bloc fort, tant sur le plan politique que sur les plans \u00e9conomique, culturel et social&#8230; Depuis la guerre du Vietnam et les crises \u00e9conomiques qui ont suivi, les Am\u00e9ricains ont toujours essay\u00e9, par la force, la ruse et autres moyens malhonn\u00eates, de compenser la perte de leur influence \u00e9conomique et politique, pourtant in\u00e9vitable. En particulier, les Am\u00e9ricains tentent de ralentir la perte, par le dollar, de son statut de seule monnaie d&rsquo;\u00e9change mondiale. Et cette politique se poursuit. \u00bb<\/span><\/p>\n<p>&nbsp;<\/p>\n<h2 style=\"text-align: justify;\"><span style=\"font-family: times new roman, times, serif; font-size: 18pt;\"><strong>Cible de la CIA<\/strong><\/span><\/h2>\n<p>&nbsp;<\/p>\n<p>&nbsp;<\/p>\n<p style=\"text-align: center;\"><a href=\"http:\/\/blog.lesgrossesorchadeslesamplesthalameges.fr\/index.php\/le-petit-fils-de-charles-de-gaulle-vieille-nemesis-de-la-cia-condamne-la-politique-occidentale-en-ukraine\/27-de-gaulle\/\" rel=\"attachment wp-att-21495\"><img loading=\"lazy\" class=\"alignnone wp-image-21495\" src=\"http:\/\/blog.lesgrossesorchadeslesamplesthalameges.fr\/wp-content\/uploads\/2023\/01\/27.-De-Gaulle.jpg\" alt=\"\" width=\"300\" height=\"411\" srcset=\"https:\/\/blog.lesgrossesorchadeslesamplesthalameges.fr\/wp-content\/uploads\/2023\/01\/27.-De-Gaulle.jpg 400w, https:\/\/blog.lesgrossesorchadeslesamplesthalameges.fr\/wp-content\/uploads\/2023\/01\/27.-De-Gaulle-219x300.jpg 219w\" sizes=\"(max-width: 300px) 100vw, 300px\" \/><\/a><\/p>\n<p style=\"text-align: center;\"><span style=\"font-family: times new roman, times, serif; font-size: 12pt;\"><strong><em>Le g\u00e9n\u00e9ral Charles De Gaulle <\/em><\/strong>[Source:\u00a0<a href=\"https:\/\/mirfaces.com\/charles-de-gaulle-french-president\/\">mirfaces.com<\/a>]<\/span><\/p>\n<p>&nbsp;<\/p>\n<p>&nbsp;<\/p>\n<p>&nbsp;<\/p>\n<p style=\"text-align: justify;\"><span style=\"font-family: times new roman, times, serif; font-size: 14pt;\">Charles De Gaulle \u00e9tait un h\u00e9ros de la r\u00e9sistance fran\u00e7aise contre l&rsquo;occupation nazie pendant la Deuxi\u00e8me Guerre mondiale. Il a ensuite \u00e9t\u00e9 pr\u00e9sident de la R\u00e9publique fran\u00e7aise de 1959 \u00e0 1969.<\/span><\/p>\n<p style=\"text-align: justify;\"><span style=\"font-family: times new roman, times, serif; font-size: 14pt;\">La CIA a d\u00e9classifi\u00e9 des documents <a href=\"https:\/\/www.theguardian.com\/world\/2015\/jun\/16\/general-de-gaulle-cia-assassination-plot-1975\">r\u00e9v\u00e9lant<\/a> que l&rsquo;Agence a \u00e9t\u00e9 impliqu\u00e9e en 1965 dans un complot visant \u00e0 tuer De Gaulle, lequel avait provoqu\u00e9 la col\u00e8re de l&rsquo;administration Johnson en s&rsquo;opposant \u00e0 la guerre du Vi\u00eat Nam et en expulsant les militaires am\u00e9ricains des bases militaires fran\u00e7aises.<\/span><\/p>\n<p style=\"text-align: justify;\"><span style=\"font-family: times new roman, times, serif; font-size: 14pt;\">De Gaulle avait \u00e9galement men\u00e9 <a href=\"https:\/\/alphahistory.com\/coldwar\/charles-de-gaulle\/#:~:text=De%20Gaulle%20was%20comprehensively%20elected%20as%20president%20in,Moscow%20and%20signed%20trade%20agreements%20with%20the%20Soviets.\">une politique progressiste \u00e0 l&rsquo;\u00e9gard de l&rsquo;Union Sovi\u00e9tique<\/a>, retirant les forces fran\u00e7aises de l&rsquo;OTAN en 1966 et ouvrant des n\u00e9gociations avec les dirigeants sovi\u00e9tiques, se rendant \u00e0 Moscou \u00e0 de nombreuses reprises et signant un accord commercial avec les Sovi\u00e9tiques.<\/span><\/p>\n<p>&nbsp;<\/p>\n<p>&nbsp;<\/p>\n<p>&nbsp;<\/p>\n<p style=\"text-align: center;\"><a href=\"http:\/\/blog.lesgrossesorchadeslesamplesthalameges.fr\/index.php\/le-petit-fils-de-charles-de-gaulle-vieille-nemesis-de-la-cia-condamne-la-politique-occidentale-en-ukraine\/28-brejnev-de-gaulle\/\" rel=\"attachment wp-att-21496\"><img loading=\"lazy\" class=\"alignnone wp-image-21496 size-full\" src=\"http:\/\/blog.lesgrossesorchadeslesamplesthalameges.fr\/wp-content\/uploads\/2023\/01\/28.-Brejnev-De-Gaulle.jpg\" alt=\"\" width=\"600\" height=\"338\" srcset=\"https:\/\/blog.lesgrossesorchadeslesamplesthalameges.fr\/wp-content\/uploads\/2023\/01\/28.-Brejnev-De-Gaulle.jpg 600w, https:\/\/blog.lesgrossesorchadeslesamplesthalameges.fr\/wp-content\/uploads\/2023\/01\/28.-Brejnev-De-Gaulle-300x169.jpg 300w\" sizes=\"(max-width: 600px) 100vw, 600px\" \/><\/a><\/p>\n<p style=\"text-align: center;\"><span style=\"font-family: times new roman, times, serif; font-size: 12pt;\"><strong><em>Leonid Brezhnev et Charles De Gaulle en 1966.<\/em><\/strong> [Source:\u00a0<a href=\"https:\/\/mirfaces.com\/charles-de-gaulle-french-general\/\">mirfaces.com<\/a>]<\/span><\/p>\n<p>&nbsp;<\/p>\n<p>&nbsp;<\/p>\n<p>&nbsp;<\/p>\n<p style=\"text-align: justify;\"><span style=\"font-family: times new roman, times, serif; font-size: 14pt;\">Apr\u00e8s l&rsquo;\u00e9chec d&rsquo;une premi\u00e8re tentative d&rsquo;assassinat en 1961, des officiers militaires de droite, qui d\u00e9testaient De Gaulle pour avoir abandonn\u00e9 le contr\u00f4le fran\u00e7ais sur l&rsquo;Alg\u00e9rie, se sont adress\u00e9s \u00e0 la CIA et ont mis au point un complot d&rsquo;assassinat consistant \u00e0 infiltrer un agent portant une bague empoisonn\u00e9e dans un groupe de vieux soldats, au cours d\u2019une r\u00e9ception o\u00f9 De Gaulle devait \u00eatre pr\u00e9sent.<\/span><\/p>\n<p style=\"text-align: justify;\"><span style=\"font-family: times new roman, times, serif; font-size: 14pt;\">Lorsque De Gaulle ferait un geste pour lui serrer la main, on verrait le g\u00e9n\u00e9ral tomber \u00e0 terre tandis que l&rsquo;assassin s&rsquo;\u00e9loignerait calmement dans la foule.<\/span><\/p>\n<p>&nbsp;<\/p>\n<p style=\"text-align: justify;\"><span style=\"font-family: times new roman, times, serif; font-size: 18pt;\"><strong>Restaurer la vision de grand-p\u00e8re Charles<\/strong><\/span><\/p>\n<p style=\"text-align: justify;\"><span style=\"font-family: times new roman, times, serif; font-size: 14pt;\">Dans un discours prononc\u00e9 \u00e0 l&rsquo;occasion de la f\u00eate nationale de la F\u00e9d\u00e9ration de Russie, en juin dernier \u00e0 l&rsquo;ambassade de Russie \u00e0 Paris, Pierre De Gaulle a rappel\u00e9 comment la Russie \u00e9tait consid\u00e9r\u00e9e par son grand-p\u00e8re comme un alli\u00e9 indispensable dont l&rsquo;amiti\u00e9 contribuerait \u00e0 la stabilit\u00e9 de l&rsquo;Europe.<\/span><\/p>\n<p style=\"text-align: justify;\"><span style=\"font-family: times new roman, times, serif; font-size: 14pt;\">\u00ab\u00a0Le g\u00e9n\u00e9ral [son grand-p\u00e8re] a m\u00eame dit \u201cla d\u00e9cision d\u00e9sastreuse de Napol\u00e9on d&rsquo;attaquer [le tsar] Alexandre Ier est la plus grande erreur qu&rsquo;il ait jamais commise. Rien ne l&rsquo;obligeait \u00e0 le faire. C&rsquo;\u00e9tait contraire \u00e0 nos int\u00e9r\u00eats, \u00e0 nos traditions, \u00e0 notre g\u00e9nie. C&rsquo;est de la guerre entre Napol\u00e9on et les Russes que date notre d\u00e9cadence\u201d\u00a0\u00bb.<\/span><\/p>\n<p>&nbsp;<\/p>\n<p>&nbsp;<\/p>\n<p>&nbsp;<\/p>\n<p style=\"text-align: center;\"><span style=\"font-family: times new roman, times, serif; font-size: 14pt;\"><strong><em>\u00a0<a href=\"http:\/\/blog.lesgrossesorchadeslesamplesthalameges.fr\/index.php\/le-petit-fils-de-charles-de-gaulle-vieille-nemesis-de-la-cia-condamne-la-politique-occidentale-en-ukraine\/29-beresina\/\" rel=\"attachment wp-att-21497\"><img loading=\"lazy\" class=\"alignnone wp-image-21497 size-full\" src=\"http:\/\/blog.lesgrossesorchadeslesamplesthalameges.fr\/wp-content\/uploads\/2023\/01\/29.-Beresina.jpg\" alt=\"\" width=\"600\" height=\"337\" srcset=\"https:\/\/blog.lesgrossesorchadeslesamplesthalameges.fr\/wp-content\/uploads\/2023\/01\/29.-Beresina.jpg 600w, https:\/\/blog.lesgrossesorchadeslesamplesthalameges.fr\/wp-content\/uploads\/2023\/01\/29.-Beresina-300x169.jpg 300w\" sizes=\"(max-width: 600px) 100vw, 600px\" \/><\/a><\/em><\/strong><\/span><\/p>\n<p style=\"text-align: center;\"><span style=\"font-family: times new roman, times, serif; font-size: 12pt;\"><strong><em>La plus grande folie de la France : L&rsquo;arm\u00e9e de Napol\u00e9on battant en retraite dans la neige russe. <\/em><\/strong>[Source:\u00a0<a href=\"https:\/\/www.kanopy.com\/en\/product\/198774\">kanopy.com<\/a>]<\/span><\/p>\n<p>&nbsp;<\/p>\n<p>&nbsp;<\/p>\n<p>&nbsp;<\/p>\n<p style=\"text-align: justify;\"><span style=\"font-family: times new roman, times, serif; font-size: 14pt;\">Soulignant combien les peuples russe et fran\u00e7ais \u00e9taient li\u00e9s \u00ab\u00a0par de longues ann\u00e9es d&rsquo;amiti\u00e9 et par le sang vers\u00e9 contre les nazis\u00a0\u00bb, Pierre a d\u00e9clar\u00e9 qu&rsquo;il \u00e9tait venu ici \u00ab\u00a0pour affirmer une fois de plus, haut et fort, qu&rsquo;il est de l&rsquo;int\u00e9r\u00eat de la France d&rsquo;entretenir de bonnes relations avec la Russie et de dire que nous devons travailler ensemble, afin de contribuer \u00e0 l&rsquo;union et \u00e0 la s\u00e9curit\u00e9 de notre continent, ainsi qu&rsquo;\u00e0 l&rsquo;\u00e9quilibre, au progr\u00e8s et \u00e0 la paix du monde entier\u00a0\u00bb.<\/span><\/p>\n<p style=\"text-align: justify;\"><span style=\"font-family: times new roman, times, serif; font-size: 14pt;\">Pour Pierre, \u00ab\u00a0la politique aveugle et syst\u00e9matique de confiscation et de discrimination dirig\u00e9e contre l&rsquo;ensemble du peuple russe \u00bb [r\u00e9f\u00e9rence aux sanctions] est <em>scandaleuse<\/em>. Les \u00e9lites fran\u00e7aises ont trahi l&rsquo;h\u00e9ritage de son grand-p\u00e8re en se rangeant du c\u00f4t\u00e9 des \u00c9tats-Unis et de l&rsquo;OTAN et de la politique <em>inconsid\u00e9r\u00e9e<\/em> et <em>condamnable<\/em> du gouvernement ukrainien \u00e0 l&rsquo;\u00e9gard de la population russophone du Donbass, [qui impliquait] discrimination, pillage, embargo et bombardements\u00a0\u00bb.<\/span><\/p>\n<p style=\"text-align: justify;\"><span style=\"font-family: times new roman, times, serif; font-size: 14pt;\">L&rsquo;Occident, selon Pierre, \u00ab\u00a0a permis \u00e0 Zelenski, \u00e0 ses oligarques et aux groupes militaires n\u00e9o-nazis de se faire pi\u00e9ger dans une spirale de guerre, leur aveuglement <em>ayant de graves cons\u00e9quences pour le peuple ukrainien<\/em>. Mais ne nous y trompons pas. Que veulent les Am\u00e9ricains, sinon provoquer une nouvelle confrontation Est-Ouest, dont le seul but est d&rsquo;affaiblir et de diviser l&rsquo;Europe, afin d&rsquo;y imposer leur domination, leur \u00e9conomie et leur syst\u00e8me\u00a0\u00bb.<\/span><\/p>\n<p>&nbsp;<\/p>\n<p>&nbsp;<\/p>\n<p>&nbsp;<\/p>\n<p style=\"text-align: center;\"><a href=\"http:\/\/blog.lesgrossesorchadeslesamplesthalameges.fr\/index.php\/le-petit-fils-de-charles-de-gaulle-vieille-nemesis-de-la-cia-condamne-la-politique-occidentale-en-ukraine\/30-pierre-piano\/\" rel=\"attachment wp-att-21498\"><img loading=\"lazy\" class=\"alignnone wp-image-21498 size-full\" src=\"http:\/\/blog.lesgrossesorchadeslesamplesthalameges.fr\/wp-content\/uploads\/2023\/01\/30.-Pierre-Piano.jpg\" alt=\"\" width=\"600\" height=\"450\" srcset=\"https:\/\/blog.lesgrossesorchadeslesamplesthalameges.fr\/wp-content\/uploads\/2023\/01\/30.-Pierre-Piano.jpg 600w, https:\/\/blog.lesgrossesorchadeslesamplesthalameges.fr\/wp-content\/uploads\/2023\/01\/30.-Pierre-Piano-300x225.jpg 300w\" sizes=\"(max-width: 600px) 100vw, 600px\" \/><\/a><\/p>\n<p style=\"text-align: center;\"><span style=\"font-family: times new roman, times, serif; font-size: 12pt;\"><strong><em>Pierre De Gaulle prenant la parole \u00e0 l\u2019ambassade de Russie \u00e0 Paris en juin.<\/em><\/strong> [Source:\u00a0<a href=\"https:\/\/eu.eot.su\/2022\/06\/22\/speech-by-pierre-de-gaulle-grandson-of-general-de-gaulle-on-the-occasion-of-the-national-day-of-the-russian-federation\/\">eu.eot.su<\/a>]<\/span><\/p>\n<p>&nbsp;<\/p>\n<p>&nbsp;<\/p>\n<p>&nbsp;<\/p>\n<p style=\"text-align: justify;\"><span style=\"font-family: times new roman, times, serif; font-size: 14pt;\">Pierre a \u00e9galement not\u00e9 que les Am\u00e9ricains n&rsquo;ont \u00ab\u00a0jamais accept\u00e9, et l&rsquo;Occident avec eux, qu&rsquo;apr\u00e8s la difficile transition de 1991 et la reconstruction qui a suivi, la Russie ne s&rsquo;int\u00e9grerait pas \u00e0 leur monde unipolaire&#8230; ni ne se transformerait pour adopter \u2013 \u00e0 sa mani\u00e8re \u2013 le mod\u00e8le occidental. Pour cette raison, et d\u00e8s le d\u00e9but, le pr\u00e9sident Poutine a \u00e9t\u00e9 consid\u00e9r\u00e9 comme un dictateur, alors qu&rsquo;il est un grand dirigeant au service de son pays !\u00a0\u00bb<\/span><\/p>\n<p style=\"text-align: justify;\"><span style=\"font-family: times new roman, times, serif; font-size: 14pt;\">Les \u00c9tats-Unis, poursuit Pierre, \u00ab\u00a0n&rsquo;ont jamais non plus accept\u00e9 la perte par le dollar de son r\u00f4le de monnaie dominante dans le r\u00e8glement des \u00e9changes internationaux du monde\u00a0entier \u00bb.<\/span><\/p>\n<p style=\"text-align: justify;\"><span style=\"font-family: times new roman, times, serif; font-size: 14pt;\">Les paroles de Pierre sont h\u00e9r\u00e9tiques aux oreilles am\u00e9ricaines et \u00e0 celles de l&rsquo;\u00e9lite dirigeante fran\u00e7aise ; cependant, elles offrent une vision merveilleuse et r\u00e9aliste, que les mouvements progressistes devraient adopter.<\/span><\/p>\n<p style=\"text-align: justify;\"><span style=\"font-family: times new roman, times, serif; font-size: 14pt;\">Pierre a termin\u00e9 son discours en rappelant que son grand-p\u00e8re aimait la Russie et \u00ab\u00a0a toujours soutenu et d\u00e9fendu l&rsquo;imp\u00e9rieuse n\u00e9cessit\u00e9, m\u00eame dans les moments les plus difficiles de l&rsquo;histoire, de construire et de pr\u00e9server une relation forte et partag\u00e9e avec la Russie. Permettez-moi de citer \u00e0 nouveau le G\u00e9n\u00e9ral de Gaulle :<\/span><\/p>\n<p>&nbsp;<\/p>\n<p style=\"text-align: justify; padding-left: 120px;\"><span style=\"font-family: times new roman, times, serif; font-size: 14pt;\">\u201cEn France, nous n&rsquo;avons jamais consid\u00e9r\u00e9 la Russie comme un ennemi. Je suis pour le d\u00e9veloppement de l&rsquo;amiti\u00e9 franco-russe ; je n&rsquo;ai jamais et n&rsquo;aurais jamais envoy\u00e9 d&rsquo;armes \u00e0 des gens qui auraient combattu la Russie Sovi\u00e9tique\u201d\u00a0\u00bb<\/span><\/p>\n<p>&nbsp;<\/p>\n<p style=\"text-align: justify;\"><span style=\"font-family: times new roman, times, serif; font-size: 14pt;\">_____________________\u00a0<\/span><\/p>\n<p style=\"text-align: justify;\"><span style=\"font-family: times new roman, times, serif; font-size: 14pt;\">* Certains liens introduits par l\u2019auteur ne s\u2019ouvrent pas et ne peuvent donc pas \u00eatre reproduits\u00a0: ceux qui conduisent \u00e0 des sources censur\u00e9es en Europe de l\u2019Ouest, comme, par exemple, <strong><em>RT<\/em><\/strong>.<\/span><\/p>\n<p>&nbsp;<\/p>\n<p>&nbsp;<\/p>\n<p style=\"text-align: center;\"><a href=\"http:\/\/blog.lesgrossesorchadeslesamplesthalameges.fr\/index.php\/le-petit-fils-de-charles-de-gaulle-vieille-nemesis-de-la-cia-condamne-la-politique-occidentale-en-ukraine\/31-logo-cam-p-gif\/\" rel=\"attachment wp-att-21502\"><img loading=\"lazy\" class=\"alignnone size-full wp-image-21502\" src=\"http:\/\/blog.lesgrossesorchadeslesamplesthalameges.fr\/wp-content\/uploads\/2023\/01\/31.-Logo-CAM.p-GIF.gif\" alt=\"\" width=\"50\" height=\"47\" \/><\/a><\/p>\n<p>&nbsp;<\/p>\n<p>&nbsp;<\/p>\n<p style=\"text-align: justify;\"><span style=\"font-family: times new roman, times, serif; font-size: 14pt;\">Source\u00a0: <a href=\"https:\/\/covertactionmagazine.com\/2023\/01\/11\/grandson-of-charles-de-gaulle-an-old-cia-nemesis-condemns-wests-policy-in-ukraine\/?mc_cid=19a505ab50&amp;mc_eid=4299cb6790\">Grandson of Charles De Gaulle, an Old CIA Nemesis, Condemns West\u2019s Policy in Ukraine | CovertAction Magazine<\/a><\/span><\/p>\n<p style=\"text-align: left;\"><span style=\"font-family: times new roman, times, serif; font-size: 14pt;\"><strong>URL de cet article : <\/strong><a href=\"http:\/\/blog.lesgrossesorchadeslesamplesthalameges.fr\/index.php\/le-petit-fils-de-charles-de-gaulle-vieille-nemesis-de-la-cia-condamne-la-politique-occidentale-en-ukraine\/\">http:\/\/blog.lesgrossesorchadeslesamplesthalameges.fr\/index.php\/le-petit-fils-de-charles-de-gaulle-vieille-nemesis-de-la-cia-condamne-la-politique-occidentale-en-ukraine\/<\/a><br \/>\n<\/span><\/p>\n<p style=\"text-align: justify;\"><span style=\"font-family: times new roman, times, serif; font-size: 14pt;\">\u00a0<\/span><\/p>\n<p>&nbsp;<\/p>\n<p style=\"text-align: center;\"><strong>\u00a0<a href=\"http:\/\/blog.lesgrossesorchadeslesamplesthalameges.fr\/index.php\/le-petit-fils-de-charles-de-gaulle-vieille-nemesis-de-la-cia-condamne-la-politique-occidentale-en-ukraine\/000-dangerous-times-22\/\" rel=\"attachment wp-att-21500\"><img loading=\"lazy\" class=\"alignnone size-full wp-image-21500\" src=\"http:\/\/blog.lesgrossesorchadeslesamplesthalameges.fr\/wp-content\/uploads\/2023\/01\/000.-dangerous-times.gif\" alt=\"\" width=\"70\" height=\"63\" \/><\/a><\/strong><\/p>\n<p>&nbsp;<\/p>\n<p>&nbsp;<\/p>\n<p style=\"text-align: right;\"><strong><span style=\"font-family: comic sans ms, sans-serif; font-size: 14pt;\">\u00a0Janvier 2023<\/span><br \/>\n<\/strong><\/p>\n<p><strong>\u00a0<\/strong><\/p>\n<p>&nbsp;<\/p>\n<p>&nbsp;<\/p>\n","protected":false},"excerpt":{"rendered":"<p>&nbsp; &nbsp; &nbsp; &nbsp; &nbsp; &nbsp; &nbsp; &nbsp; Le petit-fils de Charles De Gaulle \u2013 vieille N\u00e9m\u00e9sis de la CIA \u2013 condamne la politique occidentale en Ukraine &nbsp; &nbsp; Il affirme que les \u00c9tats-Unis et l&rsquo;OTAN ont d\u00e9clench\u00e9 le conflit et font souffrir les Europ\u00e9ens. &nbsp; &nbsp; Jeremy Kuzmarov \u2013 Covert Action Magazine \u2013 11.1.2023&#8230;<\/p>\n","protected":false},"author":1,"featured_media":0,"parent":0,"menu_order":0,"comment_status":"open","ping_status":"open","template":"","meta":[],"_links":{"self":[{"href":"https:\/\/blog.lesgrossesorchadeslesamplesthalameges.fr\/index.php\/wp-json\/wp\/v2\/pages\/21494"}],"collection":[{"href":"https:\/\/blog.lesgrossesorchadeslesamplesthalameges.fr\/index.php\/wp-json\/wp\/v2\/pages"}],"about":[{"href":"https:\/\/blog.lesgrossesorchadeslesamplesthalameges.fr\/index.php\/wp-json\/wp\/v2\/types\/page"}],"author":[{"embeddable":true,"href":"https:\/\/blog.lesgrossesorchadeslesamplesthalameges.fr\/index.php\/wp-json\/wp\/v2\/users\/1"}],"replies":[{"embeddable":true,"href":"https:\/\/blog.lesgrossesorchadeslesamplesthalameges.fr\/index.php\/wp-json\/wp\/v2\/comments?post=21494"}],"version-history":[{"count":10,"href":"https:\/\/blog.lesgrossesorchadeslesamplesthalameges.fr\/index.php\/wp-json\/wp\/v2\/pages\/21494\/revisions"}],"predecessor-version":[{"id":21511,"href":"https:\/\/blog.lesgrossesorchadeslesamplesthalameges.fr\/index.php\/wp-json\/wp\/v2\/pages\/21494\/revisions\/21511"}],"wp:attachment":[{"href":"https:\/\/blog.lesgrossesorchadeslesamplesthalameges.fr\/index.php\/wp-json\/wp\/v2\/media?parent=21494"}],"curies":[{"name":"wp","href":"https:\/\/api.w.org\/{rel}","templated":true}]}}