{"id":21516,"date":"2023-01-15T20:17:31","date_gmt":"2023-01-15T19:17:31","guid":{"rendered":"http:\/\/blog.lesgrossesorchadeslesamplesthalameges.fr\/?page_id=21516"},"modified":"2023-01-15T20:21:16","modified_gmt":"2023-01-15T19:21:16","slug":"que-cache-lukraine-dans-les-mines-de-sel-de-bakhmut","status":"publish","type":"page","link":"https:\/\/blog.lesgrossesorchadeslesamplesthalameges.fr\/index.php\/que-cache-lukraine-dans-les-mines-de-sel-de-bakhmut\/","title":{"rendered":"Que cache l\u2019Ukraine dans les mines de sel de Bakhmut\u00a0?"},"content":{"rendered":"<p>&nbsp;<\/p>\n<p>&nbsp;<\/p>\n<p>&nbsp;<\/p>\n<p>&nbsp;<\/p>\n<p>&nbsp;<\/p>\n<p>&nbsp;<\/p>\n<p>&nbsp;<\/p>\n<p>&nbsp;<\/p>\n<p style=\"text-align: center;\"><span style=\"font-size: 36pt;\"><strong><span style=\"font-family: times new roman, times, serif;\">Que cache l\u2019Ukraine dans les mines de sel de Bakhmut\u00a0?<\/span><\/strong><\/span><\/p>\n<h1 style=\"text-align: justify;\"><\/h1>\n<p>&nbsp;<\/p>\n<p style=\"text-align: center;\"><strong><span style=\"font-family: times new roman, times, serif; font-size: 18pt;\">Larry Johnson \u2013 <em>Sonar 21<\/em>\u00a0 \u2013 7.1.2023<\/span><\/strong><\/p>\n<p>&nbsp;<\/p>\n<p style=\"text-align: center;\"><span style=\"font-family: times new roman, times, serif; font-size: 18pt;\">Traduction\u00a0:<\/span><strong><span style=\"font-family: times new roman, times, serif; font-size: 18pt;\"> c.l. <\/span><\/strong><span style=\"font-family: times new roman, times, serif; font-size: 18pt;\">pour<\/span><strong><span style=\"font-family: times new roman, times, serif; font-size: 18pt;\"><em> L.G.O.<\/em><\/span><\/strong><\/p>\n<p>&nbsp;<\/p>\n<p>&nbsp;<\/p>\n<p>&nbsp;<\/p>\n<p style=\"text-align: center;\"><span style=\"font-family: times new roman, times, serif; font-size: 18pt;\"><strong> <a href=\"http:\/\/blog.lesgrossesorchadeslesamplesthalameges.fr\/index.php\/que-cache-lukraine-dans-les-mines-de-sel-de-bakhmut\/11-johnson-1-2\/\" rel=\"attachment wp-att-21517\"><img loading=\"lazy\" class=\"alignnone wp-image-21517\" src=\"http:\/\/blog.lesgrossesorchadeslesamplesthalameges.fr\/wp-content\/uploads\/2023\/01\/11.-Johnson-1-1-300x207.png\" alt=\"\" width=\"600\" height=\"414\" srcset=\"https:\/\/blog.lesgrossesorchadeslesamplesthalameges.fr\/wp-content\/uploads\/2023\/01\/11.-Johnson-1-1-300x207.png 300w, https:\/\/blog.lesgrossesorchadeslesamplesthalameges.fr\/wp-content\/uploads\/2023\/01\/11.-Johnson-1-1.png 474w\" sizes=\"(max-width: 600px) 100vw, 600px\" \/><\/a><\/strong><\/span><\/p>\n<p>&nbsp;<\/p>\n<p>&nbsp;<\/p>\n<p style=\"text-align: justify;\"><span style=\"font-family: times new roman, times, serif; font-size: 14pt;\">La bataille prolong\u00e9e pour Bakhmut est d\u00e9peinte dans la presse comme un symbole de la faiblesse russe. Je sais que de nombreux Occidentaux se grattent la t\u00eate et se demandent pourquoi livrer une bataille aussi f\u00e9roce pour ce morceau de territoire particulier. La r\u00e9ponse, je crois, se trouve sous la surface de Bakhmut\/Soledar, dans la mine de sel de Soledar (alias mine de sel d&rsquo;Artyomsol). Car cette mine est un monstre <a href=\"https:\/\/en.wikipedia.org\/wiki\/Soledar_Salt_Mine\">qui compte 202 km de tunnels<\/a>.<\/span><\/p>\n<p style=\"text-align: justify;\"><span style=\"font-family: times new roman, times, serif; font-size: 14pt;\">Jetez un coup d&rsquo;oeil \u00e0 ces images :<\/span><\/p>\n<p>&nbsp;<\/p>\n<p>&nbsp;<\/p>\n<p style=\"text-align: center;\"><a href=\"http:\/\/blog.lesgrossesorchadeslesamplesthalameges.fr\/index.php\/que-cache-lukraine-dans-les-mines-de-sel-de-bakhmut\/32-johnson-2\/\" rel=\"attachment wp-att-21518\"><img loading=\"lazy\" class=\"alignnone wp-image-21518 size-full\" src=\"http:\/\/blog.lesgrossesorchadeslesamplesthalameges.fr\/wp-content\/uploads\/2023\/01\/32.-Johnson-2.jpg\" alt=\"\" width=\"474\" height=\"577\" srcset=\"https:\/\/blog.lesgrossesorchadeslesamplesthalameges.fr\/wp-content\/uploads\/2023\/01\/32.-Johnson-2.jpg 474w, https:\/\/blog.lesgrossesorchadeslesamplesthalameges.fr\/wp-content\/uploads\/2023\/01\/32.-Johnson-2-246x300.jpg 246w\" sizes=\"(max-width: 474px) 100vw, 474px\" \/><\/a><\/p>\n<p>&nbsp;<\/p>\n<p style=\"text-align: center;\"><a href=\"http:\/\/blog.lesgrossesorchadeslesamplesthalameges.fr\/index.php\/que-cache-lukraine-dans-les-mines-de-sel-de-bakhmut\/33-johnson-3\/\" rel=\"attachment wp-att-21519\"><img loading=\"lazy\" class=\"alignnone wp-image-21519 size-full\" src=\"http:\/\/blog.lesgrossesorchadeslesamplesthalameges.fr\/wp-content\/uploads\/2023\/01\/33.-Johnson-3.jpg\" alt=\"\" width=\"600\" height=\"403\" srcset=\"https:\/\/blog.lesgrossesorchadeslesamplesthalameges.fr\/wp-content\/uploads\/2023\/01\/33.-Johnson-3.jpg 600w, https:\/\/blog.lesgrossesorchadeslesamplesthalameges.fr\/wp-content\/uploads\/2023\/01\/33.-Johnson-3-300x202.jpg 300w\" sizes=\"(max-width: 600px) 100vw, 600px\" \/><\/a><\/p>\n<p>&nbsp;<\/p>\n<p>&nbsp;<\/p>\n<p style=\"text-align: justify;\"><span style=\"font-family: times new roman, times, serif; font-size: 14pt;\">Evgueni Prigojine, le cr\u00e9ateur du groupe Wagner, a r\u00e9cemment fait le point sur la situation \u00e0 Bakhmut et mentionne au passage les mines de sel :<\/span><\/p>\n<p>&nbsp;<\/p>\n<p style=\"text-align: justify; padding-left: 120px;\"><span style=\"font-family: times new roman, times, serif; font-size: 14pt;\"><em><br \/>\n\u00ab\u00a0 Bakhmut est le point central du front de l&rsquo;Est doubl\u00e9 d\u2019un centre logistique cons\u00e9quent. Et notre t\u00e2che, l\u00e0-bas, est de mourir le moins possible et de d\u00e9truire l&rsquo;ennemi autant que possible.<\/em><\/span><\/p>\n<p style=\"text-align: justify; padding-left: 120px;\"><span style=\"font-family: times new roman, times, serif; font-size: 14pt;\"><em>La particularit\u00e9 de Bakhmut r\u00e9side dans ses capacit\u00e9s de d\u00e9fense historiques et g\u00e9ographiques uniques. Premi\u00e8rement, la ville est divis\u00e9e en plusieurs parties, s\u00e9par\u00e9es par des barri\u00e8res d&rsquo;eau. Deuxi\u00e8mement, le quartier de Bakhmut est un complexe d&rsquo;\u00e9tablissements qui cr\u00e9ent un syst\u00e8me de d\u00e9fense unifi\u00e9. Troisi\u00e8mement, c&rsquo;est un paysage unique, des ravins et des hauteurs, qui sont des tunnels naturels. <strong>Et la cerise sur le g\u00e2teau est le syst\u00e8me des mines de Soledar et de Bakhmut\u00a0: en fait, un r\u00e9seau de villes souterraines, <\/strong>dans lesquelles il n&rsquo;y a pas seulement une grande concentration de personnes, \u00e0 une profondeur de 80-100 m\u00e8tres, mais o\u00f9 se d\u00e9placent aussi des chars et des v\u00e9hicules de combat d&rsquo;infanterie. Sans compter que des stocks d&rsquo;armes y sont entrepos\u00e9s depuis la Premi\u00e8re Guerre mondiale.\u00a0 <\/em><a href=\"https:\/\/t.me\/sonar_21\/162\">https:\/\/t.me\/sonar_21\/162<\/a><\/span><\/p>\n<p>&nbsp;<\/p>\n<p style=\"text-align: justify;\"><span style=\"font-family: times new roman, times, serif; font-size: 14pt;\">Oui, je pense qu&rsquo;il y a bien plus que des mines de sel dans le sous-sol. C&rsquo;est un entrep\u00f4t s\u00e9curis\u00e9 pour les \u00e9quipements militaires de l&rsquo;Ukraine. Le blog <em>ScoopTrade<\/em> en fournit un excellent aper\u00e7u :<\/span><\/p>\n<p>&nbsp;<\/p>\n<p style=\"text-align: justify; padding-left: 120px;\"><span style=\"font-family: times new roman, times, serif; font-size: 14pt;\"><em>Avant le d\u00e9but de l&rsquo;op\u00e9ration militaire sp\u00e9ciale en Ukraine, Artyomsol \u00e9tait la plus grande entreprise d&rsquo;extraction et de vente de sel de table d&rsquo;Europe centrale et orientale. Elle se compose de cinq mines de sel, situ\u00e9es dans les limites des villes de Soledar et Praskovievka : les mines n\u00b0 1, n\u00b0 3, n\u00b0 4, n\u00b0 7 et la mine Volodarsky. Elles sont reli\u00e9es entre elles par des voies ferr\u00e9es et des routes, ainsi que par un syst\u00e8me d\u00e9velopp\u00e9 de communications souterraines, qui, apr\u00e8s le d\u00e9but des hostilit\u00e9s, a \u00e9t\u00e9 am\u00e9lior\u00e9 par le personnel des forces arm\u00e9es ukrainiennes.<\/em><\/span><\/p>\n<p style=\"text-align: justify; padding-left: 120px;\"><span style=\"font-family: times new roman, times, serif; font-size: 14pt;\"><em>Le syst\u00e8me de mines de sel d&rsquo;Artemsoli est d\u00e9j\u00e0 utilis\u00e9 par les forces ukrainiennes comme une forteresse souterraine. Des d\u00e9p\u00f4ts de munitions, des quartiers pour le personnel et, \u00e0 certains endroits, m\u00eame des hangars pour le mat\u00e9riel sont \u00e9quip\u00e9s \u00e0 de grandes profondeurs. Et les \u00ab\u00a0r\u00e9cup\u00e9rer\u00a0\u00bb depuis la surface est presque impossible. Les voies de communications souterraines sont \u00e9galement utilis\u00e9es par le personnel militaire ukrainien pour se d\u00e9placer entre les positions, et les approches et certaines entr\u00e9es des mines sont min\u00e9es et pr\u00eates \u00e0 \u00eatre dynamit\u00e9es. En termes de difficult\u00e9 pour l&rsquo;assaut, les mines d&rsquo;Artemsol peuvent facilement rivaliser avec le c\u00e9l\u00e8bre Azovstal de Marioupol.<\/em><\/span><\/p>\n<p style=\"text-align: justify;\"><span style=\"font-family: times new roman, times, serif; font-size: 14pt;\"><em>\u00a0<\/em><\/span><\/p>\n<p style=\"text-align: justify;\"><span style=\"font-family: times new roman, times, serif; font-size: 14pt;\">Ceci permet de comprendre pourquoi l&rsquo;Ukraine d\u00e9verse des effectifs de plus en plus r\u00e9duits dans le hachoir \u00e0 viande qu\u2019est la surface. Elle dispose l\u00e0 d&rsquo;une installation essentielle. Serait-il possible qu\u2019elle ait stock\u00e9 dans ce repaire souterrain, des preuves de son programme d&rsquo;armes biologiques ? Quoi qu\u2019il en soit, ces mines sont plus qu&rsquo;un centre cl\u00e9 de transport\/logistique.<\/span><\/p>\n<p style=\"text-align: justify;\"><span style=\"font-family: times new roman, times, serif; font-size: 14pt;\">Curieusement, un fonctionnaire anonyme de la Maison Blanche a commenc\u00e9 cette semaine \u00e0 r\u00e9pandre l\u2019id\u00e9e que Prigojine, qui est un chef cuisinier, n\u2019est int\u00e9ress\u00e9 \u00e0 prendre le contr\u00f4le de la mine de sel que pour des raisons financi\u00e8res (et pour ses qualit\u00e9s culinaires\u00a0?) :<\/span><\/p>\n<p>&nbsp;<\/p>\n<p style=\"text-align: justify; padding-left: 120px;\"><span style=\"font-family: times new roman, times, serif; font-size: 14pt;\"><em>Les \u00c9tats-Unis estiment que l&rsquo;alli\u00e9 du pr\u00e9sident russe Vladimir Poutine, Evgueni Prigojine, qui est le fondateur du groupe de mercenaires le plus puissant de Russie, est int\u00e9ress\u00e9 par la prise de contr\u00f4le du sel et du gypse des mines situ\u00e9es pr\u00e8s de la ville de Bakhmut, tenue par les Ukrainiens, a d\u00e9clar\u00e9 jeudi un responsable de la Maison Blanche.<\/em><\/span><\/p>\n<p style=\"text-align: justify; padding-left: 120px;\"><span style=\"font-family: times new roman, times, serif; font-size: 14pt;\"><em>Certains \u00e9l\u00e9ments indiquent que des motifs financiers sont \u00e0 l&rsquo;origine de l&rsquo;\u00ab\u00a0obsession\u00a0\u00bb de la Russie et de Prigojine pour Bakhmut, a ajout\u00e9 le fonctionnaire. Prigojine est le propri\u00e9taire de la soci\u00e9t\u00e9 militaire priv\u00e9e russe Wagner Group. <\/em><a href=\"https:\/\/news.yahoo.com\/u-thinks-putin-ally-prigozhin-224346077.html\">https:\/\/news.yahoo.com\/u-thinks-putin-ally-prigozhin-224346077.html<\/a><\/span><\/p>\n<p style=\"text-align: justify;\"><span style=\"font-family: times new roman, times, serif; font-size: 14pt;\"><em>\u00a0<\/em><\/span><\/p>\n<p style=\"text-align: justify;\"><span style=\"font-family: times new roman, times, serif; font-size: 14pt;\">Je pense qu&rsquo;il ne s&rsquo;agit pas seulement de s&rsquo;accrocher \u00e0 une ressource naturelle rentable. L&rsquo;Ukraine ne m\u00e8ne pas une bataille d\u00e9sesp\u00e9r\u00e9e et ne sacrifie pas des milliers de ses troupes juste pour prot\u00e9ger une \u00e9pice lucrative. Qu&rsquo;en pensez-vous ?<\/span><\/p>\n<p><span style=\"font-family: times new roman, times, serif; font-size: 14pt;\">Source\u00a0: <a href=\"https:\/\/sonar21.com\/what-is-ukraine-hiding-in-the-bakhmut-salt-mines\/\">What Is Ukraine Hiding in the Bakhmut Salt Mines? &#8211; A Son of the New American Revolution (sonar21.com)<\/a><\/span><\/p>\n<p>&nbsp;<\/p>\n<p><span style=\"font-family: comic sans ms, sans-serif;\">On ignorait que Prigozhine f\u00fbt un chef coq ! Mais si la Maison Blanche le dit\u2026<\/span><\/p>\n<p>&nbsp;<\/p>\n<p>&nbsp;<\/p>\n<p style=\"text-align: left;\"><span style=\"font-family: times new roman, times, serif; font-size: 14pt;\"><strong>\u00a0<a href=\"http:\/\/blog.lesgrossesorchadeslesamplesthalameges.fr\/index.php\/que-cache-lukraine-dans-les-mines-de-sel-de-bakhmut\/34-johnson-4\/\" rel=\"attachment wp-att-21520\"><img loading=\"lazy\" class=\"alignnone wp-image-21520\" src=\"http:\/\/blog.lesgrossesorchadeslesamplesthalameges.fr\/wp-content\/uploads\/2023\/01\/34.-Johnson-4.jpg\" alt=\"\" width=\"200\" height=\"210\" \/><\/a><\/strong><\/span><\/p>\n<p style=\"text-align: justify;\"><span style=\"font-family: times new roman, times, serif; font-size: 14pt;\"><strong>Larry C. JOHNSON <\/strong><\/span><\/p>\n<p style=\"text-align: justify;\"><span style=\"font-family: times new roman, times, serif; font-size: 14pt;\">est un v\u00e9t\u00e9ran de la CIA et du Bureau du contre-terrorisme du D\u00e9partement d&rsquo;\u00c9tat. Il est le fondateur et l&rsquo;associ\u00e9 g\u00e9rant de BERG Associates, qui a \u00e9t\u00e9 cr\u00e9\u00e9 en 1998. Larry a assur\u00e9 la formation de la communaut\u00e9 des op\u00e9rations sp\u00e9ciales de l&rsquo;arm\u00e9e am\u00e9ricaine pendant 24 ans. Il a \u00e9t\u00e9 vilipend\u00e9 par la droite et par la gauche <em>[US,\u00a0 NdT],<\/em> ce qui signifie qu&rsquo;il doit faire quelque chose de bien.<\/span><\/p>\n<p style=\"text-align: justify;\"><span style=\"font-family: times new roman, times, serif; font-size: 14pt;\">Son site : <a href=\"https:\/\/sonar21.com\/\"><em>A Son of the New American Revolution, <\/em>alias \u201csonar21\u201d<\/a><\/span><\/p>\n<p>&nbsp;<\/p>\n<p style=\"text-align: left;\"><span style=\"font-family: times new roman, times, serif; font-size: 14pt;\"><strong>URL de cet article : <\/strong><a href=\"http:\/\/blog.lesgrossesorchadeslesamplesthalameges.fr\/index.php\/que-cache-lukraine-dans-les-mines-de-sel-de-bakhmut\/\">http:\/\/blog.lesgrossesorchadeslesamplesthalameges.fr\/index.php\/que-cache-lukraine-dans-les-mines-de-sel-de-bakhmut\/<\/a><strong><br \/>\n<\/strong><\/span><\/p>\n<p>&nbsp;<\/p>\n<p>&nbsp;<\/p>\n<p style=\"text-align: center;\"><a href=\"http:\/\/blog.lesgrossesorchadeslesamplesthalameges.fr\/index.php\/le-petit-fils-de-charles-de-gaulle-vieille-nemesis-de-la-cia-condamne-la-politique-occidentale-en-ukraine\/000-dangerous-times-22\/\" rel=\"attachment wp-att-21500\"><img loading=\"lazy\" class=\"alignnone size-full wp-image-21500\" src=\"http:\/\/blog.lesgrossesorchadeslesamplesthalameges.fr\/wp-content\/uploads\/2023\/01\/000.-dangerous-times.gif\" alt=\"\" width=\"70\" height=\"63\" \/><\/a><\/p>\n<p>&nbsp;<\/p>\n<p>&nbsp;<\/p>\n<p style=\"text-align: right;\"><span style=\"font-family: comic sans ms, sans-serif; font-size: 14pt;\">Janvier 2023\u00a0 <\/span><\/p>\n<p>&nbsp;<\/p>\n<p>&nbsp;<\/p>\n","protected":false},"excerpt":{"rendered":"<p>&nbsp; &nbsp; &nbsp; &nbsp; &nbsp; &nbsp; &nbsp; &nbsp; Que cache l\u2019Ukraine dans les mines de sel de Bakhmut\u00a0? &nbsp; Larry Johnson \u2013 Sonar 21\u00a0 \u2013 7.1.2023 &nbsp; Traduction\u00a0: c.l. pour L.G.O. &nbsp; &nbsp; &nbsp; &nbsp; &nbsp; La bataille prolong\u00e9e pour Bakhmut est d\u00e9peinte dans la presse comme un symbole de la faiblesse russe. Je sais&#8230;<\/p>\n","protected":false},"author":1,"featured_media":0,"parent":0,"menu_order":0,"comment_status":"open","ping_status":"open","template":"","meta":[],"_links":{"self":[{"href":"https:\/\/blog.lesgrossesorchadeslesamplesthalameges.fr\/index.php\/wp-json\/wp\/v2\/pages\/21516"}],"collection":[{"href":"https:\/\/blog.lesgrossesorchadeslesamplesthalameges.fr\/index.php\/wp-json\/wp\/v2\/pages"}],"about":[{"href":"https:\/\/blog.lesgrossesorchadeslesamplesthalameges.fr\/index.php\/wp-json\/wp\/v2\/types\/page"}],"author":[{"embeddable":true,"href":"https:\/\/blog.lesgrossesorchadeslesamplesthalameges.fr\/index.php\/wp-json\/wp\/v2\/users\/1"}],"replies":[{"embeddable":true,"href":"https:\/\/blog.lesgrossesorchadeslesamplesthalameges.fr\/index.php\/wp-json\/wp\/v2\/comments?post=21516"}],"version-history":[{"count":9,"href":"https:\/\/blog.lesgrossesorchadeslesamplesthalameges.fr\/index.php\/wp-json\/wp\/v2\/pages\/21516\/revisions"}],"predecessor-version":[{"id":21529,"href":"https:\/\/blog.lesgrossesorchadeslesamplesthalameges.fr\/index.php\/wp-json\/wp\/v2\/pages\/21516\/revisions\/21529"}],"wp:attachment":[{"href":"https:\/\/blog.lesgrossesorchadeslesamplesthalameges.fr\/index.php\/wp-json\/wp\/v2\/media?parent=21516"}],"curies":[{"name":"wp","href":"https:\/\/api.w.org\/{rel}","templated":true}]}}