{"id":21538,"date":"2023-01-15T20:45:51","date_gmt":"2023-01-15T19:45:51","guid":{"rendered":"http:\/\/blog.lesgrossesorchadeslesamplesthalameges.fr\/?page_id=21538"},"modified":"2023-01-15T20:50:49","modified_gmt":"2023-01-15T19:50:49","slug":"21538-2","status":"publish","type":"page","link":"https:\/\/blog.lesgrossesorchadeslesamplesthalameges.fr\/index.php\/21538-2\/","title":{"rendered":"M\u00e9tropole grenobloise  \u00c9cole Robespierre renomm\u00e9e"},"content":{"rendered":"<h1><span style=\"font-family: times new roman, times, serif; font-size: 14pt;\">\u00a0\u00a0\u00a0\u00a0\u00a0\u00a0\u00a0\u00a0\u00a0\u00a0\u00a0\u00a0\u00a0\u00a0\u00a0\u00a0\u00a0\u00a0\u00a0\u00a0\u00a0\u00a0\u00a0\u00a0\u00a0\u00a0\u00a0\u00a0\u00a0\u00a0\u00a0\u00a0\u00a0\u00a0\u00a0\u00a0\u00a0\u00a0\u00a0\u00a0\u00a0\u00a0\u00a0\u00a0\u00a0\u00a0\u00a0\u00a0\u00a0\u00a0\u00a0\u00a0<\/span><\/h1>\n<h1><span style=\"font-family: times new roman, times, serif; font-size: 14pt;\">\u00a0\u00a0 <\/span><\/h1>\n<h1><\/h1>\n<h1><\/h1>\n<p>&nbsp;<\/p>\n<p>&nbsp;<\/p>\n<p>&nbsp;<\/p>\n<p>&nbsp;<\/p>\n<p>&nbsp;<\/p>\n<p>&nbsp;<\/p>\n<p>&nbsp;<\/p>\n<h1><span style=\"font-family: times new roman, times, serif; font-size: 14pt;\"><a href=\"http:\/\/blog.lesgrossesorchadeslesamplesthalameges.fr\/index.php\/2023\/01\/15\/dans-une-semaine-a-vendredi-13\/15-logo-dauphine-libere\/\" rel=\"attachment wp-att-21470\"><img loading=\"lazy\" class=\"aligncenter wp-image-21470 size-full\" src=\"http:\/\/blog.lesgrossesorchadeslesamplesthalameges.fr\/wp-content\/uploads\/2023\/01\/15.-logo-dauphine-libere.jpg\" alt=\"\" width=\"750\" height=\"195\" srcset=\"https:\/\/blog.lesgrossesorchadeslesamplesthalameges.fr\/wp-content\/uploads\/2023\/01\/15.-logo-dauphine-libere.jpg 750w, https:\/\/blog.lesgrossesorchadeslesamplesthalameges.fr\/wp-content\/uploads\/2023\/01\/15.-logo-dauphine-libere-300x78.jpg 300w\" sizes=\"(max-width: 750px) 100vw, 750px\" \/><\/a><\/span><\/h1>\n<p style=\"text-align: right;\">(H\u00e9las, pas des \u00e9colos !)<\/p>\n<h1><\/h1>\n<p>&nbsp;<\/p>\n<p>&nbsp;<\/p>\n<p>&nbsp;<\/p>\n<p style=\"text-align: center;\"><span style=\"font-size: 36pt;\"><strong><span style=\"font-family: times new roman, times, serif;\">M\u00e9tropole grenobloise<\/span><\/strong><\/span><\/p>\n<p style=\"text-align: center;\"><span style=\"font-size: 36pt;\"><strong><span style=\"font-family: times new roman, times, serif;\">\u00c9cole Robespierre renomm\u00e9e <em>[et m\u00eame rebaptis\u00e9e]<\/em> \u00e0 Fontaine\u00a0: pol\u00e9mique dans l\u2019agglo<\/span><\/strong><\/span><\/p>\n<p>&nbsp;<\/p>\n<p>&nbsp;<\/p>\n<p style=\"text-align: center;\"><span style=\"font-family: times new roman, times, serif; font-size: 24pt;\"><em>Lors de ses v\u0153ux, le maire de Fontaine, Franck Longo, a annonc\u00e9 que l\u2019\u00e9cole Robespierre changerait de nom apr\u00e8s sa reconstruction.\u00a0Et cela a d\u00e9clench\u00e9 des r\u00e9actions bien au-del\u00e0 des fronti\u00e8res communales.<\/em><\/span><\/p>\n<p style=\"text-align: center;\"><span style=\"font-family: times new roman, times, serif; font-size: 14pt;\"><em>\u00a0<\/em><\/span><\/p>\n<p>&nbsp;<\/p>\n<p style=\"text-align: center;\"><span style=\"font-family: times new roman, times, serif; font-size: 18pt;\"><strong>\u00c8ve Moulinier<\/strong>\u00a0<strong>\u2013<\/strong>\u00a0<strong><em>Le Dauphin\u00e9 lib\u00e9r\u00e9<\/em> \u2013 10.1.2023<\/strong><\/span><\/p>\n<p>&nbsp;<\/p>\n<p>&nbsp;<\/p>\n<p>&nbsp;<\/p>\n<p style=\"text-align: center;\"><a href=\"http:\/\/blog.lesgrossesorchadeslesamplesthalameges.fr\/index.php\/2023\/01\/15\/dans-une-semaine-a-vendredi-13\/16-ecole-robespierre-fontaine\/\" rel=\"attachment wp-att-21471\"><img loading=\"lazy\" class=\"alignnone wp-image-21471\" src=\"http:\/\/blog.lesgrossesorchadeslesamplesthalameges.fr\/wp-content\/uploads\/2023\/01\/16.-Ecole-Robespierre-Fontaine-300x198.jpg\" alt=\"\" width=\"700\" height=\"462\" srcset=\"https:\/\/blog.lesgrossesorchadeslesamplesthalameges.fr\/wp-content\/uploads\/2023\/01\/16.-Ecole-Robespierre-Fontaine-300x198.jpg 300w, https:\/\/blog.lesgrossesorchadeslesamplesthalameges.fr\/wp-content\/uploads\/2023\/01\/16.-Ecole-Robespierre-Fontaine.jpg 600w\" sizes=\"(max-width: 700px) 100vw, 700px\" \/><\/a><\/p>\n<p style=\"text-align: center;\"><span style=\"font-family: times new roman, times, serif; font-size: 12pt;\"><strong><em>Le changement de nom de l\u2019\u00e9cole Robespierre \u00e0 Fontaine a fait r\u00e9agir dans l\u2019agglom\u00e9ration, notamment l\u2019adjoint au maire de Greboble, Alan Confesson (LFI), qui a ferraill\u00e9 sur les r\u00e9seaux sociaux avec l\u2019adjoint au maire de Fontaine, Laurent Thoriste <\/em><\/strong>[Cr\u00e9dit photo\u00a0: Le D.L. \/Archives, J. \u2013B.V. et I.C.]<\/span><\/p>\n<p>&nbsp;<\/p>\n<p>&nbsp;<\/p>\n<p>&nbsp;<\/p>\n<p style=\"text-align: justify;\"><span style=\"font-family: times new roman, times, serif; font-size: 14pt;\">Bon, tout le monde le sait. La commune de Fontaine, en raison de son histoire politique, a des noms de rues et de b\u00e2timents teint\u00e9s de rouge bien rouge\u2026 On pense \u00e9videmment \u00e0 la fameuse avenue L\u00e9nine qui longe le stade Maurice-Thorez et qui nous emm\u00e8ne au parc Karl-Marx.<\/span><\/p>\n<p style=\"text-align: justify;\"><span style=\"font-family: times new roman, times, serif; font-size: 14pt;\">Il y a aussi l\u2019\u00e9cole Robespierre, personnage auquel se r\u00e9f\u00e8re souvent la gauche radicale, et qui reste l\u2019une des grandes figures de la R\u00e9volution fran\u00e7aise et de la Premi\u00e8re r\u00e9publique dont on c\u00e9l\u00e8bre le 230<sup>e<\/sup>\u00a0anniversaire, pile en ce moment.<\/span><\/p>\n<p>&nbsp;<\/p>\n<p><strong><span style=\"font-family: times new roman, times, serif; font-size: 18pt;\">\u00ab\u00a0R\u00e9visionnisme\u00a0\u00bb, \u00ab\u00a0cancel culture\u00a0\u00bb\u00a0?<\/span><\/strong><\/p>\n<p style=\"text-align: justify;\"><span style=\"font-family: times new roman, times, serif; font-size: 14pt;\">Mais voil\u00e0 que l\u2019on vient d\u2019apprendre, lors de la c\u00e9r\u00e9monie de v\u0153ux du maire Franck Longo (MoDem) que cette \u00e9cole serait bient\u00f4t \u00ab\u00a0d\u00e9baptis\u00e9e\u00a0\u00bb apr\u00e8s sa reconstruction. Lors de son discours, l\u2019\u00e9lu a d\u2019ailleurs fil\u00e9 une m\u00e9taphore humoristique pour l\u2019annoncer\u00a0: \u00ab\u00a0Sur le nom de Robespierre, pour couper court au d\u00e9bat et ne pas se prendre la t\u00eate, je vous annonce que l\u2019\u00e9cole sera renomm\u00e9e, c\u2019est tranch\u00e9\u2026\u00a0\u00bb Et il a d\u00e9clar\u00e9 que dans les prochaines&#8230;<\/span><\/p>\n<p>&nbsp;<\/p>\n<p style=\"text-align: center;\"><a href=\"http:\/\/blog.lesgrossesorchadeslesamplesthalameges.fr\/index.php\/21538-2\/0-cocarde-rouge-bleu-bis-10\/\" rel=\"attachment wp-att-21547\"><img loading=\"lazy\" class=\"alignnone size-full wp-image-21547\" src=\"http:\/\/blog.lesgrossesorchadeslesamplesthalameges.fr\/wp-content\/uploads\/2023\/01\/0.-cocarde-rouge-bleu-bis.gif\" alt=\"\" width=\"64\" height=\"66\" \/><\/a><\/p>\n<p>&nbsp;<\/p>\n<p>&nbsp;<\/p>\n<p><span style=\"font-family: comic sans ms, sans-serif; font-size: 12pt;\">Comme on n\u2019est pas abonn\u00e9s, on ne saura jamais la suite. Quel dommage.<\/span><\/p>\n<p><span style=\"font-family: times new roman, times, serif; font-size: 14pt;\">Pour l\u2019audacieux maire trentenaire de cette \u00ab\u00a0commune\u00a0\u00bb (beurk, ils ne peuvent pas changer ce mot\u00a0?)\u00a0 de \u00b1 11.000 habitants, qui doit s\u2019affirmer d\u2019une mani\u00e8re ou d\u2019une autre au moment o\u00f9 les vertus politiques volent si haut, on comprend son probl\u00e8me. C\u2019est quand m\u00eame vrai que l\u2019incorruptibilit\u00e9 n\u2019est gu\u00e8re \u00e0 la mode.<\/span><\/p>\n<p><span style=\"font-family: comic sans ms, sans-serif; font-size: 12pt;\">On lui conseille de la rebaptiser <strong><span style=\"font-size: 14pt;\">Philippe P\u00e9tain<\/span><\/strong>, son \u00e9cole. Ils seront ainsi bien au chaud entre patriotes.<\/span><\/p>\n<p><span style=\"font-family: comic sans ms, sans-serif; font-size: 12pt;\">Que voulez-vous, le pays de Li\u00e8ge a \u2013 sans reproche \u2013 donn\u00e9 quatre g\u00e9n\u00e9raux \u00e0 la Premi\u00e8re R\u00e9publique, dont trois sont morts au service de la France, le premier, en montant sur l\u2019\u00e9chafaud avec le d\u00e9baptis\u00e9.<\/span><\/p>\n<p><span style=\"font-family: comic sans ms, sans-serif; font-size: 12pt;\">Leur faute, d\u2019ailleurs\u00a0: s\u2019ils avaient su ferrailler sur les r\u00e9seaux sociaux, au lieu d\u2019aller mouliner du sabre \u00e0 Fleurus, les hommes d\u2019\u00c9tat d\u2019aujourd\u2019hui ne seraient pas oblig\u00e9s de r\u00e9parer leurs conneries.<\/span><\/p>\n<p><span style=\"font-family: comic sans ms, sans-serif; font-size: 12pt;\">Mais tout \u00e7a ne nous donne pas le droit de nous m\u00ealer des affaires de la moribonde Cinqui\u00e8me. Faites comme si on n\u2019avait rien dit.<\/span><\/p>\n<p>&nbsp;<\/p>\n<p>&nbsp;<\/p>\n<p>&nbsp;<\/p>\n<p style=\"text-align: center;\"><a href=\"http:\/\/blog.lesgrossesorchadeslesamplesthalameges.fr\/index.php\/2023\/01\/15\/dans-une-semaine-a-vendredi-13\/17-longo-5\/\" rel=\"attachment wp-att-21472\"><img loading=\"lazy\" class=\"alignnone wp-image-21472 size-full\" src=\"http:\/\/blog.lesgrossesorchadeslesamplesthalameges.fr\/wp-content\/uploads\/2023\/01\/17.-Longo-5.jpg\" alt=\"\" width=\"500\" height=\"375\" srcset=\"https:\/\/blog.lesgrossesorchadeslesamplesthalameges.fr\/wp-content\/uploads\/2023\/01\/17.-Longo-5.jpg 500w, https:\/\/blog.lesgrossesorchadeslesamplesthalameges.fr\/wp-content\/uploads\/2023\/01\/17.-Longo-5-300x225.jpg 300w\" sizes=\"(max-width: 500px) 100vw, 500px\" \/><\/a><\/p>\n<p>&nbsp;<\/p>\n<p>&nbsp;<\/p>\n<p>&nbsp;<\/p>\n<p><span style=\"font-family: comic sans ms, sans-serif; font-size: 12pt;\"><em>\u00ab\u00a0Nous marchons au milieu des poignards\u00a0\u00bb<\/em> disait Robespierre en 93. Deux cent trente ans plus tard, ce n\u2019est pas fini, Lula vient de s\u2019en apercevoir.<\/span><\/p>\n<p><span style=\"font-family: comic sans ms, sans-serif; font-size: 12pt;\">Soyons honn\u00eates, ce n\u2019est pas tout \u00e0 fait sa faute \u00e0 l\u2019\u00e9lu. Depuis trois quarts de si\u00e8cle que la\u00a0Nation Indispensable assist\u00e9e du Peuple \u00c9lu se donne un mal de chien pour faire des populations qu\u2019elle occupe <em>manu militari<\/em> un ramassis d\u2019ignares faciles \u00e0 soumettre, elle n\u2019y a que trop r\u00e9ussi.<\/span><\/p>\n<p><span style=\"font-family: comic sans ms, sans-serif; font-size: 12pt;\">Quand on vous dit qu\u2019il faudra repasser par les temps pr\u00e9historiques\u00a0!<\/span><\/p>\n<p>&nbsp;<\/p>\n<p>&nbsp;<\/p>\n<p style=\"text-align: left;\"><span style=\"font-family: times new roman, times, serif; font-size: 14pt;\"><strong>URL de cet article\u00a0: <\/strong><a href=\"http:\/\/blog.lesgrossesorchadeslesamplesthalameges.fr\/index.php\/21538-2\/\">http:\/\/blog.lesgrossesorchadeslesamplesthalameges.fr\/index.php\/21538-2\/<\/a><\/span><\/p>\n<p>&nbsp;<\/p>\n<p style=\"text-align: center;\"><a href=\"http:\/\/blog.lesgrossesorchadeslesamplesthalameges.fr\/index.php\/21538-2\/0-cocarde-rouge-bleu-bis-10\/\" rel=\"attachment wp-att-21547\"><img loading=\"lazy\" class=\"alignnone size-full wp-image-21547\" src=\"http:\/\/blog.lesgrossesorchadeslesamplesthalameges.fr\/wp-content\/uploads\/2023\/01\/0.-cocarde-rouge-bleu-bis.gif\" alt=\"\" width=\"64\" height=\"66\" \/><\/a><\/p>\n<p>&nbsp;<\/p>\n<p style=\"text-align: right;\"><span style=\"font-family: comic sans ms, sans-serif; font-size: 14pt;\">Janvier 2003<\/span><\/p>\n<p>&nbsp;<\/p>\n<p>&nbsp;<\/p>\n","protected":false},"excerpt":{"rendered":"<p>\u00a0\u00a0\u00a0\u00a0\u00a0\u00a0\u00a0\u00a0\u00a0\u00a0\u00a0\u00a0\u00a0\u00a0\u00a0\u00a0\u00a0\u00a0\u00a0\u00a0\u00a0\u00a0\u00a0\u00a0\u00a0\u00a0\u00a0\u00a0\u00a0\u00a0\u00a0\u00a0\u00a0\u00a0\u00a0\u00a0\u00a0\u00a0\u00a0\u00a0\u00a0\u00a0\u00a0\u00a0\u00a0\u00a0\u00a0\u00a0\u00a0\u00a0\u00a0\u00a0 \u00a0\u00a0 &nbsp; &nbsp; &nbsp; &nbsp; &nbsp; &nbsp; &nbsp; (H\u00e9las, pas des \u00e9colos !) &nbsp; &nbsp; &nbsp; M\u00e9tropole grenobloise \u00c9cole Robespierre renomm\u00e9e [et m\u00eame rebaptis\u00e9e] \u00e0 Fontaine\u00a0: pol\u00e9mique dans l\u2019agglo &nbsp; &nbsp; Lors de ses v\u0153ux, le maire de Fontaine, Franck Longo, a annonc\u00e9 que l\u2019\u00e9cole Robespierre changerait de nom apr\u00e8s sa reconstruction.\u00a0Et cela a&#8230;<\/p>\n","protected":false},"author":1,"featured_media":0,"parent":0,"menu_order":0,"comment_status":"open","ping_status":"open","template":"","meta":[],"_links":{"self":[{"href":"https:\/\/blog.lesgrossesorchadeslesamplesthalameges.fr\/index.php\/wp-json\/wp\/v2\/pages\/21538"}],"collection":[{"href":"https:\/\/blog.lesgrossesorchadeslesamplesthalameges.fr\/index.php\/wp-json\/wp\/v2\/pages"}],"about":[{"href":"https:\/\/blog.lesgrossesorchadeslesamplesthalameges.fr\/index.php\/wp-json\/wp\/v2\/types\/page"}],"author":[{"embeddable":true,"href":"https:\/\/blog.lesgrossesorchadeslesamplesthalameges.fr\/index.php\/wp-json\/wp\/v2\/users\/1"}],"replies":[{"embeddable":true,"href":"https:\/\/blog.lesgrossesorchadeslesamplesthalameges.fr\/index.php\/wp-json\/wp\/v2\/comments?post=21538"}],"version-history":[{"count":9,"href":"https:\/\/blog.lesgrossesorchadeslesamplesthalameges.fr\/index.php\/wp-json\/wp\/v2\/pages\/21538\/revisions"}],"predecessor-version":[{"id":21548,"href":"https:\/\/blog.lesgrossesorchadeslesamplesthalameges.fr\/index.php\/wp-json\/wp\/v2\/pages\/21538\/revisions\/21548"}],"wp:attachment":[{"href":"https:\/\/blog.lesgrossesorchadeslesamplesthalameges.fr\/index.php\/wp-json\/wp\/v2\/media?parent=21538"}],"curies":[{"name":"wp","href":"https:\/\/api.w.org\/{rel}","templated":true}]}}