{"id":21551,"date":"2023-01-15T21:02:16","date_gmt":"2023-01-15T20:02:16","guid":{"rendered":"http:\/\/blog.lesgrossesorchadeslesamplesthalameges.fr\/?page_id=21551"},"modified":"2023-01-15T21:03:38","modified_gmt":"2023-01-15T20:03:38","slug":"lutilisation-du-drapeau-israelien-lors-des-emeutes-au-bresil-suscite-lindignation-populaire","status":"publish","type":"page","link":"https:\/\/blog.lesgrossesorchadeslesamplesthalameges.fr\/index.php\/lutilisation-du-drapeau-israelien-lors-des-emeutes-au-bresil-suscite-lindignation-populaire\/","title":{"rendered":"L&rsquo;utilisation du drapeau isra\u00e9lien lors des \u00e9meutes au Br\u00e9sil suscite l&rsquo;indignation populaire"},"content":{"rendered":"<p style=\"text-align: center;\"><span style=\"font-family: times new roman, times, serif; font-size: 14pt;\"><strong>\u00a0<\/strong><\/span><\/p>\n<p>&nbsp;<\/p>\n<p>&nbsp;<\/p>\n<p>&nbsp;<\/p>\n<p>&nbsp;<\/p>\n<p>&nbsp;<\/p>\n<p>&nbsp;<\/p>\n<p>&nbsp;<\/p>\n<p>&nbsp;<\/p>\n<p style=\"text-align: center;\"><span style=\"font-family: times new roman, times, serif; font-size: 14pt;\"><strong><span style=\"font-size: 36pt;\">L&rsquo;utilisation du drapeau isra\u00e9lien lors des \u00e9meutes au Br\u00e9sil suscite l&rsquo;indignation populaire<\/span> <\/strong><\/span><\/p>\n<p style=\"text-align: center;\"><span style=\"font-family: times new roman, times, serif; font-size: 14pt;\"><strong>\u00a0<\/strong><\/span><\/p>\n<p>&nbsp;<\/p>\n<p style=\"text-align: center;\"><span style=\"font-family: times new roman, times, serif; font-size: 24pt;\"><em>Les Br\u00e9siliens, sur tous les m\u00e9dias sociaux, ont pris la parole pour condamner l&rsquo;utilisation par les \u00e9meutiers pro-Bolsonaro des drapeaux isra\u00e9lien et am\u00e9ricain lors de l&rsquo;assaut du Congr\u00e8s.<\/em><\/span><\/p>\n<p style=\"text-align: center;\"><span style=\"font-family: times new roman, times, serif; font-size: 14pt;\"><strong>\u00a0<\/strong><\/span><\/p>\n<p>&nbsp;<\/p>\n<p style=\"text-align: center;\"><strong><span style=\"font-family: times new roman, times, serif; font-size: 18pt;\"><em>Al Mayadeen English<\/em> \u2013 12.1.2023<\/span><\/strong><\/p>\n<p style=\"text-align: center;\"><span style=\"font-family: times new roman, times, serif; font-size: 18pt;\">Traduction : <strong>c.l.<\/strong> pour <strong><em>L.G.O.<\/em><\/strong><\/span><\/p>\n<p style=\"text-align: justify;\"><span style=\"font-family: times new roman, times, serif; font-size: 14pt;\"><strong>\u00a0<\/strong><\/span><\/p>\n<p>&nbsp;<\/p>\n<p>&nbsp;<\/p>\n<p style=\"text-align: center;\"><a href=\"http:\/\/blog.lesgrossesorchadeslesamplesthalameges.fr\/index.php\/2023\/01\/15\/dans-une-semaine-a-vendredi-13\/18-bresil-1\/\" rel=\"attachment wp-att-21473\"><img loading=\"lazy\" class=\"alignnone wp-image-21473 size-full\" src=\"http:\/\/blog.lesgrossesorchadeslesamplesthalameges.fr\/wp-content\/uploads\/2023\/01\/18.-Bresil-1.jpg\" alt=\"\" width=\"600\" height=\"510\" srcset=\"https:\/\/blog.lesgrossesorchadeslesamplesthalameges.fr\/wp-content\/uploads\/2023\/01\/18.-Bresil-1.jpg 600w, https:\/\/blog.lesgrossesorchadeslesamplesthalameges.fr\/wp-content\/uploads\/2023\/01\/18.-Bresil-1-300x255.jpg 300w\" sizes=\"(max-width: 600px) 100vw, 600px\" \/><\/a><\/p>\n<p style=\"text-align: center;\"><span style=\"font-family: times new roman, times, serif; font-size: 12pt;\"><strong><em>Des \u00e9meutiers br\u00e9siliens arborant les drapeaux isra\u00e9lien et am\u00e9ricain lors de la prise d&rsquo;assaut du congr\u00e8s br\u00e9silien.<\/em><\/strong><\/span><\/p>\n<p>&nbsp;<\/p>\n<p>&nbsp;<\/p>\n<p>&nbsp;<\/p>\n<p style=\"text-align: justify;\"><span style=\"font-family: times new roman, times, serif; font-size: 14pt;\">Les Br\u00e9siliens se sont empar\u00e9s des m\u00e9dias sociaux au lendemain des \u00e9meutes de Brasilia pour condamner l&rsquo;utilisation de drapeaux isra\u00e9liens par les partisans de l&rsquo;ancien pr\u00e9sident d&rsquo;extr\u00eame droite Jair Bolsonaro.<\/span><\/p>\n<p style=\"text-align: justify;\"><span style=\"font-family: times new roman, times, serif; font-size: 14pt;\">Les utilisateurs des m\u00e9dias sociaux br\u00e9siliens ont post\u00e9 des dizaines de clips montrant les violences qui ont eu lieu dans la capitale du pays, apr\u00e8s que des partisans de Bolsonaro aient fait irruption dimanche dans le palais pr\u00e9sidentiel du Planalto et dans le b\u00e2timent du Congr\u00e8s, en arborant des drapeaux br\u00e9siliens, isra\u00e9liens et am\u00e9ricains, grimp\u00e9s sur les toits pour y agiter les drapeaux malgr\u00e9 les tentatives des agents de s\u00e9curit\u00e9 de contenir les troubles.<\/span><\/p>\n<p style=\"text-align: justify;\"><span style=\"font-family: times new roman, times, serif; font-size: 14pt;\">L&rsquo;assaut a \u00e9t\u00e9 donn\u00e9 en signe de protestation contre le pr\u00e9sident de gauche Luis Inacio Lula da Silva, <a href=\"https:\/\/english.almayadeen.net\/news\/politics\/leftist-lula-elected-brazils-new-president\">qui a battu M. Bolsonaro (extr\u00eame droite)<\/a> lors des \u00e9lections pr\u00e9sidentielles du 30 octobre.<\/span><\/p>\n<p style=\"text-align: justify;\"><span style=\"font-family: times new roman, times, serif; font-size: 14pt;\">Un grand nombre de partisans br\u00e9siliens de Lula ont soulign\u00e9 que la pr\u00e9sence de drapeaux isra\u00e9liens lors des \u00e9meutes \u00e9tait un indicateur de la perte du sens du patriotisme des partisans de Bolsonaro, notamment au vu de la pr\u00e9sence en masse de drapeaux am\u00e9ricains.<\/span><\/p>\n<p style=\"text-align: justify;\"><span style=\"font-family: times new roman, times, serif; font-size: 14pt;\">Source : <a href=\"https:\/\/english.almayadeen.net\/news\/politics\/use-of-israeli-flag-during-brazil-riots-sparks-popular-outra\">Use of Israeli flag during Brazil riots sparks popular outrage | Al Mayadeen English<\/a>\u00a0 [O\u00f9 l\u2019on peut voir quelques-uns des clips mis en ligne par les utilisateurs de r\u00e9seaux sociaux.]<\/span><\/p>\n<p>&nbsp;<\/p>\n<p style=\"text-align: left;\"><span style=\"font-family: times new roman, times, serif; font-size: 14pt;\"><strong>URL de cet article : <\/strong><a href=\"http:\/\/blog.lesgrossesorchadeslesamplesthalameges.fr\/index.php\/lutilisation-du-drapeau-israelien-lors-des-emeutes-au-bresil-suscite-lindignation-populaire\/\">http:\/\/blog.lesgrossesorchadeslesamplesthalameges.fr\/index.php\/lutilisation-du-drapeau-israelien-lors-des-emeutes-au-bresil-suscite-lindignation-populaire\/<\/a><strong><br \/>\n<\/strong><\/span><\/p>\n<p>&nbsp;<\/p>\n<p>&nbsp;<\/p>\n<p style=\"text-align: center;\"><a href=\"http:\/\/blog.lesgrossesorchadeslesamplesthalameges.fr\/index.php\/le-petit-fils-de-charles-de-gaulle-vieille-nemesis-de-la-cia-condamne-la-politique-occidentale-en-ukraine\/000-dangerous-times-22\/\" rel=\"attachment wp-att-21500\"><img loading=\"lazy\" class=\"alignnone size-full wp-image-21500\" src=\"http:\/\/blog.lesgrossesorchadeslesamplesthalameges.fr\/wp-content\/uploads\/2023\/01\/000.-dangerous-times.gif\" alt=\"\" width=\"70\" height=\"63\" \/><\/a><\/p>\n<p><strong>\u00a0<\/strong><\/p>\n<p>&nbsp;<\/p>\n<p style=\"text-align: right;\"><span style=\"font-family: comic sans ms, sans-serif; font-size: 14pt;\">Janvier 2023<\/span><\/p>\n<p>&nbsp;<\/p>\n<p>&nbsp;<\/p>\n","protected":false},"excerpt":{"rendered":"<p>\u00a0 &nbsp; &nbsp; &nbsp; &nbsp; &nbsp; &nbsp; &nbsp; &nbsp; L&rsquo;utilisation du drapeau isra\u00e9lien lors des \u00e9meutes au Br\u00e9sil suscite l&rsquo;indignation populaire \u00a0 &nbsp; Les Br\u00e9siliens, sur tous les m\u00e9dias sociaux, ont pris la parole pour condamner l&rsquo;utilisation par les \u00e9meutiers pro-Bolsonaro des drapeaux isra\u00e9lien et am\u00e9ricain lors de l&rsquo;assaut du Congr\u00e8s. \u00a0 &nbsp; Al Mayadeen&#8230;<\/p>\n","protected":false},"author":1,"featured_media":0,"parent":0,"menu_order":0,"comment_status":"open","ping_status":"open","template":"","meta":[],"_links":{"self":[{"href":"https:\/\/blog.lesgrossesorchadeslesamplesthalameges.fr\/index.php\/wp-json\/wp\/v2\/pages\/21551"}],"collection":[{"href":"https:\/\/blog.lesgrossesorchadeslesamplesthalameges.fr\/index.php\/wp-json\/wp\/v2\/pages"}],"about":[{"href":"https:\/\/blog.lesgrossesorchadeslesamplesthalameges.fr\/index.php\/wp-json\/wp\/v2\/types\/page"}],"author":[{"embeddable":true,"href":"https:\/\/blog.lesgrossesorchadeslesamplesthalameges.fr\/index.php\/wp-json\/wp\/v2\/users\/1"}],"replies":[{"embeddable":true,"href":"https:\/\/blog.lesgrossesorchadeslesamplesthalameges.fr\/index.php\/wp-json\/wp\/v2\/comments?post=21551"}],"version-history":[{"count":6,"href":"https:\/\/blog.lesgrossesorchadeslesamplesthalameges.fr\/index.php\/wp-json\/wp\/v2\/pages\/21551\/revisions"}],"predecessor-version":[{"id":21557,"href":"https:\/\/blog.lesgrossesorchadeslesamplesthalameges.fr\/index.php\/wp-json\/wp\/v2\/pages\/21551\/revisions\/21557"}],"wp:attachment":[{"href":"https:\/\/blog.lesgrossesorchadeslesamplesthalameges.fr\/index.php\/wp-json\/wp\/v2\/media?parent=21551"}],"curies":[{"name":"wp","href":"https:\/\/api.w.org\/{rel}","templated":true}]}}