{"id":21573,"date":"2023-01-15T21:39:08","date_gmt":"2023-01-15T20:39:08","guid":{"rendered":"http:\/\/blog.lesgrossesorchadeslesamplesthalameges.fr\/?page_id=21573"},"modified":"2023-01-15T21:42:10","modified_gmt":"2023-01-15T20:42:10","slug":"erdogan-veut-resoudre-le-probleme-kurde-avec-assad","status":"publish","type":"page","link":"https:\/\/blog.lesgrossesorchadeslesamplesthalameges.fr\/index.php\/erdogan-veut-resoudre-le-probleme-kurde-avec-assad\/","title":{"rendered":"Erdogan veut r\u00e9soudre le probl\u00e8me Kurde avec Assad"},"content":{"rendered":"<p>&nbsp;<\/p>\n<p>&nbsp;<\/p>\n<p>&nbsp;<\/p>\n<p>&nbsp;<\/p>\n<p>&nbsp;<\/p>\n<p>&nbsp;<\/p>\n<p>&nbsp;<\/p>\n<p>&nbsp;<\/p>\n<p>&nbsp;<\/p>\n<p style=\"text-align: center;\"><span style=\"font-family: times new roman, times, serif; font-size: 36pt;\"><strong>Erdogan veut r\u00e9soudre le probl\u00e8me Kurde avec Assad<\/strong><\/span><\/p>\n<p>&nbsp;<\/p>\n<p style=\"text-align: center;\"><span style=\"font-family: times new roman, times, serif; font-size: 14pt;\"><strong>\u00a0<\/strong><\/span><\/p>\n<p style=\"text-align: center;\"><span style=\"font-family: times new roman, times, serif; font-size: 18pt;\"><strong>Steven Sahiounie \u2013 <em>TheDuran<\/em> \u2013 10.1.2023<\/strong><\/span><span style=\"font-family: times new roman, times, serif; font-size: 14pt;\"><strong>\u00a0<\/strong><\/span><span style=\"font-family: times new roman, times, serif; font-size: 14pt;\"><strong>\u00a0<\/strong><\/span><\/p>\n<p style=\"text-align: center;\"><span style=\"font-family: times new roman, times, serif; font-size: 18pt;\">Traduction\u00a0: <strong>c.l.<\/strong> pour <strong><em>L.G.O<\/em><\/strong>.<\/span><\/p>\n<p>&nbsp;<\/p>\n<p>&nbsp;<\/p>\n<p>&nbsp;<\/p>\n<p style=\"text-align: center;\"><a href=\"http:\/\/blog.lesgrossesorchadeslesamplesthalameges.fr\/index.php\/2023\/01\/15\/dans-une-semaine-a-vendredi-13\/20-assad-erdogan-1024x576\/\" rel=\"attachment wp-att-21476\"><img loading=\"lazy\" class=\"alignnone wp-image-21476 size-full\" src=\"http:\/\/blog.lesgrossesorchadeslesamplesthalameges.fr\/wp-content\/uploads\/2023\/01\/20.-Assad-Erdogan-1024x576-1.jpg\" alt=\"\" width=\"600\" height=\"337\" srcset=\"https:\/\/blog.lesgrossesorchadeslesamplesthalameges.fr\/wp-content\/uploads\/2023\/01\/20.-Assad-Erdogan-1024x576-1.jpg 600w, https:\/\/blog.lesgrossesorchadeslesamplesthalameges.fr\/wp-content\/uploads\/2023\/01\/20.-Assad-Erdogan-1024x576-1-300x169.jpg 300w\" sizes=\"(max-width: 600px) 100vw, 600px\" \/><\/a><\/p>\n<p>&nbsp;<\/p>\n<p>&nbsp;<\/p>\n<p>&nbsp;<\/p>\n<p style=\"text-align: justify;\"><span style=\"font-family: tahoma, arial, helvetica, sans-serif; font-size: 14pt;\"><strong>Le pr\u00e9sident turc Recep Tayyip Erdogan a d\u00e9clar\u00e9 jeudi : \u00ab\u00a0Nous avons lanc\u00e9 un processus Russie-Turquie-Syrie\u00a0\u00bb, et a ajout\u00e9 : \u00ab\u00a0Nous r\u00e9unirons nos ministres des affaires \u00e9trang\u00e8res, puis, en fonction de l&rsquo;\u00e9volution de la situation, nous nous r\u00e9unirons en tant que dirigeants\u00a0\u00bb.<\/strong><\/span><\/p>\n<p style=\"text-align: justify;\"><span style=\"font-family: times new roman, times, serif; font-size: 14pt;\"><strong>\u00a0<\/strong><\/span><\/p>\n<p style=\"text-align: justify;\"><span style=\"font-family: times new roman, times, serif; font-size: 14pt;\">La semaine derni\u00e8re, les ministres des Affaires \u00e9trang\u00e8res de la Turquie, de la Syrie et de la Russie se sont r\u00e9unis \u00e0 Moscou pour les pourparlers du plus haut niveau depuis 2011. Avant le conflit en Syrie, Erdogan et le pr\u00e9sident syrien Bachar el-Assad \u00e9taient suffisamment proches pour se qualifier de fr\u00e8res. Tout a chang\u00e9 apr\u00e8s que la Turquie ait particip\u00e9 \u00e0 l&rsquo;attaque am\u00e9ricaine contre la Syrie pour y fomenter un changement de r\u00e9gime, qui a fait des milliers de morts et des millions de r\u00e9fugi\u00e9s, et qui a utilis\u00e9 des milliers de terroristes islamistes radicaux comme fantassins, \u00e0 l&rsquo;int\u00e9rieur de la Syrie.<\/span><\/p>\n<p style=\"text-align: justify;\"><span style=\"font-family: times new roman, times, serif; font-size: 14pt;\">Les \u00c9tats-Unis ont impos\u00e9 une impasse en Syrie, mais Erdogan a d\u00e9cid\u00e9 de cr\u00e9er une solution \u00e0 la question de la s\u00e9curit\u00e9 nationale de la Turquie en travaillant conjointement avec Assad.<\/span><\/p>\n<p style=\"text-align: justify;\"><span style=\"font-family: times new roman, times, serif; font-size: 14pt;\">Steven Sahiounie de <a href=\"https:\/\/www.mideastdiscourse.com\/\"><em>MidEastDiscourse<\/em><\/a> a interview\u00e9 Hamide Renc\u00fczo\u011fullar\u0131, \u00e9ducatrice et chercheuse turque sp\u00e9cialis\u00e9e dans le Moyen-Orient.<\/span><\/p>\n<p>&nbsp;<\/p>\n<p>&nbsp;<\/p>\n<p>&nbsp;<\/p>\n<p style=\"text-align: center;\"><a href=\"http:\/\/blog.lesgrossesorchadeslesamplesthalameges.fr\/index.php\/2023\/01\/15\/erdogan-veut-resoudre-le-probleme-kurde-avec-assad\/35-hamide\/\" rel=\"attachment wp-att-21561\"><img loading=\"lazy\" class=\"alignnone wp-image-21561 size-full\" src=\"http:\/\/blog.lesgrossesorchadeslesamplesthalameges.fr\/wp-content\/uploads\/2023\/01\/35.-Hamide.jpg\" alt=\"\" width=\"429\" height=\"266\" srcset=\"https:\/\/blog.lesgrossesorchadeslesamplesthalameges.fr\/wp-content\/uploads\/2023\/01\/35.-Hamide.jpg 429w, https:\/\/blog.lesgrossesorchadeslesamplesthalameges.fr\/wp-content\/uploads\/2023\/01\/35.-Hamide-300x186.jpg 300w\" sizes=\"(max-width: 429px) 100vw, 429px\" \/><\/a><\/p>\n<p>&nbsp;<\/p>\n<p style=\"text-align: center;\"><span style=\"font-family: times new roman, times, serif; font-size: 12pt;\">[Livres de Hamide Renc\u00fczo\u011fullar\u0131 publi\u00e9s : <em>La guerre syrienne de l&rsquo;AKP<\/em>, <em>Le printemps sanglant en Libye<\/em>, <em>Tous \u00e0 la fois : l&rsquo;ISIS et les femmes dans la griffe du djihad<\/em>. Ses articles ont \u00e9t\u00e9 publi\u00e9s dans divers journaux et magazines, et elle a pr\u00e9par\u00e9 et pr\u00e9sent\u00e9 le programme t\u00e9l\u00e9vis\u00e9 \u00ab\u00a0Agenda : Middle East\u00a0\u00bb. Neuf proc\u00e8s ont \u00e9t\u00e9 intent\u00e9s contre elle pour ses livres et ses articles et elle est toujours en cours de jugement par la justice turque.]<\/span><\/p>\n<p>&nbsp;<\/p>\n<p>&nbsp;<\/p>\n<p>&nbsp;<\/p>\n<p style=\"text-align: justify;\"><span style=\"font-family: times new roman, times, serif; font-size: 14pt;\">1\/<strong> Steven Sahiounie<\/strong> <strong>(SS) <\/strong>:\u00a0 Depuis quelque temps, il est \u00e9vident que la Turquie essaie par tous les moyens de r\u00e9parer ses relations avec la Syrie ; cependant, la Turquie a particip\u00e9 \u00e0 la guerre US\/OTAN contre la Syrie. Maintenant, il est clair pour tout le monde que l&rsquo;attaque a \u00e9chou\u00e9. \u00c0 votre avis, qu&rsquo;est-ce que la Turquie veut obtenir de la Syrie ?<\/span><\/p>\n<p>&nbsp;<\/p>\n<p style=\"text-align: justify;\"><span style=\"font-family: times new roman, times, serif; font-size: 14pt;\"><strong>Hamide Renc\u00fczo\u011fullar\u0131<\/strong> <strong>(HR) <\/strong>:\u00a0 La Turquie ne peut plus supporter le fardeau des militants, form\u00e9s et \u00e9quip\u00e9s par l&rsquo;OTAN et les pays arabes, dans la r\u00e9gion. Tout le monde s\u2019est retir\u00e9 du jeu et ce fardeau ne repose plus que sur les \u00e9paules de la Turquie. D&rsquo;autre part, les pays occidentaux ne paient plus rien pour l\u2019assistance aux r\u00e9fugi\u00e9s. La crise \u00e9conomique s&rsquo;est d\u00e9j\u00e0 aggrav\u00e9e. Le report de la dette envers la Russie pour le gaz naturel a soulag\u00e9 le gouvernement turc. Les Russes voulaient que Damas et Ankara se rapprochent en contrepartie de ce cadeau que Poutine a offert \u00e0 Erdogan en pr\u00e9vision des \u00e9lections. En fait, parce que Poutine faisait pression sur Erdogan, celui-ci a cherch\u00e9 une formule pour se r\u00e9concilier avec Assad, mais la raison ne r\u00e9side pas dans la seule volont\u00e9 de Poutine. La Turquie, sur le territoire syrien, est dans une impasse. Elle a donc des raisons \u00e0 la fois \u00e9conomiques et politiques de souhaiter ce rapprochement. Il est devenu difficile d&rsquo;investir dans les infrastructures et de payer les salaires des militants dans les r\u00e9gions contr\u00f4l\u00e9es par la Turquie. D&rsquo;autre part, Erdogan pr\u00e9sente la position des FDS (Forces d\u00e9mocratiques syriennes) et du PYD (Parti \u2013 kurde \u2013 des Forces D\u00e9mocratiques) en Syrie comme une justification de l\u2019occupation turque pour des raisons de s\u00e9curit\u00e9 nationale, mais ni la Russie ni l&rsquo;Am\u00e9rique n&rsquo;ont donn\u00e9 leur autorisation pour l&rsquo;op\u00e9ration finale. L&rsquo;id\u00e9e d&rsquo;Erdogan est que les Kurdes se retirent \u00e0 une profondeur de 32 kilom\u00e8tres, pour pouvoir, \u00e0 leur place, relocaliser les militants djihadistes et leurs familles. Plut\u00f4t que risquer d\u2019\u00e9chouer dans des guerres contre les FSD, il veut r\u00e9soudre le probl\u00e8me avec Damas. Bien s\u00fbr, si Damas veut faire un cadeau \u00e9lectoral \u00e0 Erdogan, il acceptera cette condition, mais ce n&rsquo;est pas \u00e9vident qu\u2019il le voudra.<\/span><\/p>\n<p>&nbsp;<\/p>\n<p style=\"text-align: justify;\"><span style=\"font-family: times new roman, times, serif; font-size: 14pt;\">2\/<strong> SS <\/strong>: Le pr\u00e9sident Erdogan a fait du renvoi des r\u00e9fugi\u00e9s syriens dans leur pays une politique nationale. N&rsquo;est-ce pas la m\u00eame politique que celle adopt\u00e9e par tous les partis d&rsquo;opposition turcs ?<\/span><\/p>\n<p>&nbsp;<\/p>\n<p style=\"text-align: justify;\"><span style=\"font-family: times new roman, times, serif; font-size: 14pt;\"><strong>HR<\/strong> : Le probl\u00e8me des r\u00e9fugi\u00e9s a commenc\u00e9 \u00e0 mettre le parti au pouvoir dans une position difficile. Car une grande partie de la soci\u00e9t\u00e9 souhaite le d\u00e9part des r\u00e9fugi\u00e9s syriens. Le pouvoir a perdu des \u00e9lections quand il a dit que nous n&rsquo;enverrions pas la force arm\u00e9e pour les forcer \u00e0 partir. Surtout apr\u00e8s que les leaders de l&rsquo;opposition nationaliste aient commenc\u00e9 \u00e0 transformer les r\u00e9fugi\u00e9s syriens en outil \u00e9lectoral contre Erdo\u011fan. Lui-m\u00eame a alors annonc\u00e9 qu&rsquo;il allait renvoyer les Syriens. Le principal parti d&rsquo;opposition, le CHP (Parti R\u00e9publicain du Peuple, socialiste), a d\u00e9j\u00e0 inscrit le sujet de l&rsquo;expulsion des Syriens vers leur pays \u00e0 son programme, mais il ne dit pas \u00ab\u00a0nous voulons les expulser\u00a0\u00bb. Il parle de\u00a0: \u00ab\u00a0retour honorable et volontaire\u00a0\u00bb, ce qui signifie une r\u00e9conciliation avec Damas et la cr\u00e9ation d&rsquo;une solution politique commune. Erdogan a parl\u00e9, dans un premier temps, d&rsquo;occuper une zone de 32 kilom\u00e8tres de profondeur et d&rsquo;y reloger les Syriens. Maintenant, il s&rsquo;est align\u00e9 sur ce qu\u2019a pt\u00e9conis\u00e9 le CHP. C&rsquo;est pour cette raison qu&rsquo;il dit vouloir faire la paix avec Damas. Il entend apparemment faire cette paix malgr\u00e9 les r\u00e9actions des opposants au gouvernement syrien qu&rsquo;il prot\u00e8ge et nourrit. C\u2019est en fonction de tout cela qu\u2019il a besoin de cette propagande en vue des \u00e9lections : la propagande du \u00ab\u00a0Nous sommes en train de r\u00e9soudre la crise des r\u00e9fugi\u00e9s et des Kurdes avec la Syrie\u00a0\u00bb.<\/span><\/p>\n<p>&nbsp;<\/p>\n<p style=\"text-align: justify;\"><span style=\"font-family: times new roman, times, serif; font-size: 14pt;\">3\/ <strong>SS<\/strong> : Nous entendons dans les m\u00e9dias que la Turquie et la Syrie se rencontrent et que la Turquie est pr\u00eate \u00e0 abandonner les terroristes islamistes radicaux. \u00c0 votre avis, o\u00f9 iront les terroristes, y compris les Ou\u00efghours ?<\/span><\/p>\n<p>&nbsp;<\/p>\n<p style=\"text-align: justify;\"><span style=\"font-family: times new roman, times, serif; font-size: 14pt;\"><strong>HR <\/strong>: Il n\u2019a pas d\u2019issue avec ces terroristes. Plus pr\u00e9cis\u00e9ment, l\u2019AKP (Parti de la Justice et du D\u00e9veloppement) n&rsquo;a pas le pouvoir de r\u00e9soudre le probl\u00e8me. Parce que, d&rsquo;abord, l&rsquo;\u00ab\u00a0Arm\u00e9e nationale syrienne\u00a0\u00bb cr\u00e9\u00e9e par l&rsquo;AKP, comprend plus de 100.000 militants et qu\u2019elle n&rsquo;est pas homog\u00e8ne. Il existe de nombreux groupes diff\u00e9rents et tous ne sont pas dispos\u00e9s \u00e0 pr\u00eater une all\u00e9geance inconditionnelle \u00e0 Erdogan. Il peut toujours dire qu&rsquo;il va d\u00e9poser les armes, mais il sait qu\u2019ils ne le feront pas tous. Ensuite, il y a HTS (Hayat Tahrir Al-Sham) et le Parti islamique du Turkestan, dont l&rsquo;AKP ne se porte pas garant. \u00c0 ceux-l\u00e0, il ne peut m\u00eame jamais parler. Mais la Turquie semble avoir, depuis plusieurs mois, un accord secret avec HTS. Des groupes proches de la Turquie se sont mis \u00e0 agir avec HTS, et HTS a pris Afrin en collaboration avec ces groupes pro-Turquie. De son c\u00f4t\u00e9 la Turquie n\u2019a pas fait de commentaire et n&rsquo;a pris aucune mesure pour les emp\u00eacher d\u2019agir. Au contraire, lorsque HTS a lanc\u00e9 l&rsquo;op\u00e9ration d&rsquo;Afrin, de hauts fonctionnaires turcs se sont rendus \u00e0 Azaz pour y rencontrer les dirigeants de l&rsquo;opposition et en sont revenus. Au cours cette r\u00e9union, je pense que la Turquie a donn\u00e9 le feu vert \u00e0 HTS et a dit \u00e0 l&rsquo;opposition de ne pas s&rsquo;engager dans un conflit. Pourquoi la Turquie ouvre-t-elle la voie \u00e0 HTS ? Il existait, depuis le d\u00e9but, une alliance secr\u00e8te, et voil\u00e0 que, maintenant, les brigades Hamza, Suleyman Shah et Sultan Murad, qui sont les plus proches de la Turquie, ont rejoint HTS et ont pris le contr\u00f4le des zones sous contr\u00f4le turc. L&rsquo;AKP fait probablement les comptes de la mani\u00e8re suivante\u00a0: Il veut se retirer de Syrie et laisser cette zone \u00e0 HTS. Les groupes de l&rsquo;\u00ab\u00a0Arm\u00e9e Nationale Syrienne\u00a0\u00bb qui refusent de d\u00e9poser les armes rejoignent HTS de la m\u00eame mani\u00e8re, de sorte que l&rsquo;AKP peut dire qu&rsquo;il s&rsquo;est retir\u00e9 de Syrie, mais d&rsquo;un autre c\u00f4t\u00e9, pourra continuer \u00e0 approfondir le conflit en Syrie avec cette arm\u00e9e djihadiste en pleine expansion. Je suppose qu&rsquo;ils ont des plans de ce genre. Mais tout cela est tr\u00e8s dangereux. Parce que le museau des djihadistes abandonn\u00e9s peut revenir se montrer en Turquie.<\/span><\/p>\n<p>&nbsp;<\/p>\n<p>&nbsp;<\/p>\n<p>&nbsp;<\/p>\n<p style=\"text-align: center;\"><a href=\"http:\/\/blog.lesgrossesorchadeslesamplesthalameges.fr\/index.php\/2023\/01\/15\/erdogan-veut-resoudre-le-probleme-kurde-avec-assad\/36-akp_destekli_suriyeli_cihatcilar_manset\/\" rel=\"attachment wp-att-21564\"><img loading=\"lazy\" class=\"alignnone wp-image-21564 size-full\" src=\"http:\/\/blog.lesgrossesorchadeslesamplesthalameges.fr\/wp-content\/uploads\/2023\/01\/36.-akp_destekli_suriyeli_cihatcilar_manset.jpg\" alt=\"\" width=\"600\" height=\"350\" srcset=\"https:\/\/blog.lesgrossesorchadeslesamplesthalameges.fr\/wp-content\/uploads\/2023\/01\/36.-akp_destekli_suriyeli_cihatcilar_manset.jpg 600w, https:\/\/blog.lesgrossesorchadeslesamplesthalameges.fr\/wp-content\/uploads\/2023\/01\/36.-akp_destekli_suriyeli_cihatcilar_manset-300x175.jpg 300w\" sizes=\"(max-width: 600px) 100vw, 600px\" \/><\/a><\/p>\n<p>&nbsp;<\/p>\n<p>&nbsp;<\/p>\n<p>&nbsp;<\/p>\n<p style=\"text-align: justify;\"><span style=\"font-family: times new roman, times, serif; font-size: 14pt;\">4\/ <strong>SS<\/strong> : Des fuites dans les m\u00e9dias ont indiqu\u00e9 que l&rsquo;Am\u00e9rique aurait offert un march\u00e9 \u00e0 la Syrie, \u00e0 condition qu\u2019elle ne restaure pas ses relations avec la Turquie. \u00c0 votre avis, pourquoi l&rsquo;Am\u00e9rique s&rsquo;oppose-t-elle \u00e0 une nouvelle relation entre Ankara et Damas ?<\/span><\/p>\n<p>&nbsp;<\/p>\n<p style=\"text-align: justify;\"><span style=\"font-family: times new roman, times, serif; font-size: 14pt;\"><strong>HR<\/strong> : Bien que les Etats-Unis se soient retir\u00e9s de l&rsquo;opposition syrienne, ils ont en fait continu\u00e9 \u00e0 diriger les conflits par le biais de la Turquie. M\u00eame s&rsquo;ils ne sont pr\u00e9sents en Syrie que par Kurdes interpos\u00e9s, les Etats-Unis soutiennent les invasions turques. Ils veulent que la Turquie maintienne sa position sur le territoire syrien qu&rsquo;elle a p\u00e9n\u00e9tr\u00e9. Cependant, ils ne veulent pas offenser la Turquie, qui consid\u00e8re le FSD comme lui posant un probl\u00e8me de s\u00e9curit\u00e9. Et surtout, les Etats-Unis ne veulent pas qu&rsquo;Ankara se rapproche <em>jamais<\/em> de Damas. Nous avons lu dans certains m\u00e9dias que les \u00c9tats-Unis ont fait une proposition d\u2019un autre genre \u00e0 la Turquie afin d&#8217;emp\u00eacher cela, \u00e0 savoir qu\u2019ils feraient reculer les FSD d&rsquo;un kilom\u00e8tre, mais en r\u00e9activant le groupe Suvvar\u00fcl Raqqa (R\u00e9volutionnaires de Raqqa) et en le pla\u00e7ant \u00e0 la fronti\u00e8re turque. Ce groupe des R\u00e9volutionnaires de Raqqa est une structure djihadiste et les USA partent du principe que la Turquie ne serait pas d\u00e9rang\u00e9e par eux. Tant que la Russie et la v\u00e9ritable arm\u00e9e syrienne ne remplacent pas les Kurdes&#8230; Je suppose que c&rsquo;est la formule des USA.<\/span><\/p>\n<p>&nbsp;<\/p>\n<p style=\"text-align: justify;\"><span style=\"font-family: times new roman, times, serif; font-size: 14pt;\">5\/ <strong>SS<\/strong> : Nous avons appris, \u00e9galement par les m\u00e9dias que l&rsquo;opposition syrienne en Turquie a \u00e9t\u00e9 pri\u00e9e de quitter la Turquie imm\u00e9diatement. Selon vous, la rupture avec l&rsquo;opposition syrienne signale-t-elle que le rapprochement avec Damas est jug\u00e9 plus important ?<\/span><\/p>\n<p>&nbsp;<\/p>\n<p style=\"text-align: justify;\"><span style=\"font-family: times new roman, times, serif; font-size: 14pt;\"><strong>HR<\/strong> : Je ne pense pas qu&rsquo;il y aura une rupture compl\u00e8te. Le processus de persuasion continue. Il y a ceux qui acceptent sans condition. La Turquie peut fermer quelques cha\u00eenes de l&rsquo;opposition qui \u00e9mettent dans le pays \u00e0 titre de formalit\u00e9. Ou bien, quelques leaders de l\u2019opposition peuvent \u00eatre expuls\u00e9s du pays, mais je pense que tout cela ne d\u00e9passera pas le stade des formalit\u00e9s. Parce que la Turquie ne peut pas affronter compl\u00e8tement les opposants, c&rsquo;est trop risqu\u00e9&#8230;<\/span><\/p>\n<p>&nbsp;<\/p>\n<p>&nbsp;<\/p>\n<p style=\"text-align: left;\"><a href=\"http:\/\/blog.lesgrossesorchadeslesamplesthalameges.fr\/index.php\/2023\/01\/15\/erdogan-veut-resoudre-le-probleme-kurde-avec-assad\/37-steven-sahiounie\/\" rel=\"attachment wp-att-21562\"><img loading=\"lazy\" class=\"alignnone size-full wp-image-21562\" src=\"http:\/\/blog.lesgrossesorchadeslesamplesthalameges.fr\/wp-content\/uploads\/2023\/01\/37.-Steven-Sahiounie.jpg\" alt=\"\" width=\"200\" height=\"237\" \/><\/a><\/p>\n<p style=\"text-align: justify;\"><span style=\"font-family: times new roman, times, serif; font-size: 14pt;\"><strong><span style=\"font-size: 18pt;\">Steven Sahiounie<\/span><\/strong> est un journaliste syro-am\u00e9ricain sp\u00e9cialiste du Moyen-Orient, bas\u00e9 en Syrie, qui a \u00e9t\u00e9 deux fois prim\u00e9. Il est aussi apparu \u00e0 la t\u00e9l\u00e9vision et \u00e0 la radio au Canada, en Russie, en Iran, en Syrie, en Chine, au Liban et aux \u00c9tats-Unis.<\/span><\/p>\n<p>&nbsp;<\/p>\n<p><span style=\"font-family: times new roman, times, serif; font-size: 14pt;\">Source\u00a0: <a href=\"https:\/\/theduran.com\/erdogan-wants-to-solve-the-kurdish-problem-with-assad\/\">Erdogan wants to solve the Kurdish problem with Assad \u2013 The Duran<\/a><\/span><\/p>\n<p><span style=\"font-family: times new roman, times, serif; font-size: 14pt;\"><strong>\u00a0<\/strong><\/span><\/p>\n<p><span style=\"font-family: times new roman, times, serif; font-size: 14pt;\"><strong>URL de cet article : <\/strong><a href=\"http:\/\/blog.lesgrossesorchadeslesamplesthalameges.fr\/index.php\/erdogan-veut-resoudre-le-probleme-kurde-avec-assad\/\">http:\/\/blog.lesgrossesorchadeslesamplesthalameges.fr\/index.php\/erdogan-veut-resoudre-le-probleme-kurde-avec-assad\/<\/a><strong><br \/>\n<\/strong><\/span><\/p>\n<p>&nbsp;<\/p>\n<p>&nbsp;<\/p>\n<p>&nbsp;<\/p>\n<p style=\"text-align: center;\"><strong>\u00a0<a href=\"http:\/\/blog.lesgrossesorchadeslesamplesthalameges.fr\/index.php\/le-petit-fils-de-charles-de-gaulle-vieille-nemesis-de-la-cia-condamne-la-politique-occidentale-en-ukraine\/000-dangerous-times-22\/\" rel=\"attachment wp-att-21500\"><img loading=\"lazy\" class=\"alignnone size-full wp-image-21500\" src=\"http:\/\/blog.lesgrossesorchadeslesamplesthalameges.fr\/wp-content\/uploads\/2023\/01\/000.-dangerous-times.gif\" alt=\"\" width=\"70\" height=\"63\" \/><\/a><\/strong><\/p>\n<p><strong>\u00a0<\/strong><\/p>\n<p>&nbsp;<\/p>\n<p style=\"text-align: right;\"><span style=\"font-family: comic sans ms, sans-serif; font-size: 14pt;\">Janvier 2023<\/span><\/p>\n<p>&nbsp;<\/p>\n<p>&nbsp;<\/p>\n","protected":false},"excerpt":{"rendered":"<p>&nbsp; &nbsp; &nbsp; &nbsp; &nbsp; &nbsp; &nbsp; &nbsp; &nbsp; Erdogan veut r\u00e9soudre le probl\u00e8me Kurde avec Assad &nbsp; \u00a0 Steven Sahiounie \u2013 TheDuran \u2013 10.1.2023\u00a0\u00a0 Traduction\u00a0: c.l. pour L.G.O. &nbsp; &nbsp; &nbsp; &nbsp; &nbsp; &nbsp; Le pr\u00e9sident turc Recep Tayyip Erdogan a d\u00e9clar\u00e9 jeudi : \u00ab\u00a0Nous avons lanc\u00e9 un processus Russie-Turquie-Syrie\u00a0\u00bb, et a ajout\u00e9 :&#8230;<\/p>\n","protected":false},"author":1,"featured_media":0,"parent":0,"menu_order":0,"comment_status":"open","ping_status":"open","template":"","meta":[],"_links":{"self":[{"href":"https:\/\/blog.lesgrossesorchadeslesamplesthalameges.fr\/index.php\/wp-json\/wp\/v2\/pages\/21573"}],"collection":[{"href":"https:\/\/blog.lesgrossesorchadeslesamplesthalameges.fr\/index.php\/wp-json\/wp\/v2\/pages"}],"about":[{"href":"https:\/\/blog.lesgrossesorchadeslesamplesthalameges.fr\/index.php\/wp-json\/wp\/v2\/types\/page"}],"author":[{"embeddable":true,"href":"https:\/\/blog.lesgrossesorchadeslesamplesthalameges.fr\/index.php\/wp-json\/wp\/v2\/users\/1"}],"replies":[{"embeddable":true,"href":"https:\/\/blog.lesgrossesorchadeslesamplesthalameges.fr\/index.php\/wp-json\/wp\/v2\/comments?post=21573"}],"version-history":[{"count":10,"href":"https:\/\/blog.lesgrossesorchadeslesamplesthalameges.fr\/index.php\/wp-json\/wp\/v2\/pages\/21573\/revisions"}],"predecessor-version":[{"id":21583,"href":"https:\/\/blog.lesgrossesorchadeslesamplesthalameges.fr\/index.php\/wp-json\/wp\/v2\/pages\/21573\/revisions\/21583"}],"wp:attachment":[{"href":"https:\/\/blog.lesgrossesorchadeslesamplesthalameges.fr\/index.php\/wp-json\/wp\/v2\/media?parent=21573"}],"curies":[{"name":"wp","href":"https:\/\/api.w.org\/{rel}","templated":true}]}}