{"id":21586,"date":"2023-01-15T22:04:41","date_gmt":"2023-01-15T21:04:41","guid":{"rendered":"http:\/\/blog.lesgrossesorchadeslesamplesthalameges.fr\/?page_id=21586"},"modified":"2023-01-15T22:06:11","modified_gmt":"2023-01-15T21:06:11","slug":"agisme-genre","status":"publish","type":"page","link":"https:\/\/blog.lesgrossesorchadeslesamplesthalameges.fr\/index.php\/agisme-genre\/","title":{"rendered":"\u00c2gisme genr\u00e9"},"content":{"rendered":"<p>&nbsp;<\/p>\n<p>&nbsp;<\/p>\n<p>&nbsp;<\/p>\n<p>&nbsp;<\/p>\n<p>&nbsp;<\/p>\n<p>&nbsp;<\/p>\n<p>&nbsp;<\/p>\n<p>&nbsp;<\/p>\n<p style=\"text-align: center;\"><span style=\"font-family: times new roman, times, serif; font-size: 36pt;\"><strong>\u00c2gisme genr\u00e9, vous \u00eates s\u00e9rieux\u00a0?<\/strong><\/span><\/p>\n<p>&nbsp;<\/p>\n<p style=\"text-align: center;\"><span style=\"font-family: times new roman, times, serif; font-size: 14pt;\"><strong>\u00a0<\/strong><\/span><\/p>\n<p style=\"text-align: center;\"><span style=\"font-family: times new roman, times, serif; font-size: 18pt;\"><strong>The Dark Man \u2013 <em>The Duran<\/em> \u2013<\/strong><strong>10.1.2023<\/strong><\/span><\/p>\n<p style=\"text-align: center;\"><span style=\"font-family: times new roman, times, serif; font-size: 18pt;\">Traduction :<strong> c.l. <\/strong>pour<strong> <em>L.G.O.<\/em><\/strong><\/span><\/p>\n<p><span style=\"font-family: times new roman, times, serif; font-size: 14pt;\"><strong><em>\u00a0<\/em><\/strong><\/span><\/p>\n<p>&nbsp;<\/p>\n<p><span style=\"font-family: times new roman, times, serif; font-size: 14pt;\"><strong>\u00a0<\/strong><\/span><\/p>\n<p style=\"text-align: center;\"><a href=\"http:\/\/blog.lesgrossesorchadeslesamplesthalameges.fr\/index.php\/2023\/01\/15\/dans-une-semaine-a-vendredi-13\/21-gender-ageism\/\" rel=\"attachment wp-att-21477\"><img loading=\"lazy\" class=\"alignnone wp-image-21477\" src=\"http:\/\/blog.lesgrossesorchadeslesamplesthalameges.fr\/wp-content\/uploads\/2023\/01\/21.-GENDER-AGEISM.jpg\" alt=\"\" width=\"450\" height=\"397\" srcset=\"https:\/\/blog.lesgrossesorchadeslesamplesthalameges.fr\/wp-content\/uploads\/2023\/01\/21.-GENDER-AGEISM.jpg 500w, https:\/\/blog.lesgrossesorchadeslesamplesthalameges.fr\/wp-content\/uploads\/2023\/01\/21.-GENDER-AGEISM-300x265.jpg 300w\" sizes=\"(max-width: 450px) 100vw, 450px\" \/><\/a><\/p>\n<p>&nbsp;<\/p>\n<p>&nbsp;<\/p>\n<p>&nbsp;<\/p>\n<p style=\"text-align: justify;\"><span style=\"font-family: times new roman, times, serif; font-size: 14pt;\">Karen Ross est professeur de \u00ab\u00a0genre et m\u00e9dias\u00a0\u00bb \u00e0 l&rsquo;universit\u00e9 de Newcastle, et occupe actuellement ce que l&rsquo;on dit \u00eatre le premier poste de ce type au Royaume-Uni. Malheureusement, au train o\u00f9 vont les choses, ce ne sera pas le dernier de ces non-emplois f\u00e9ministes.<\/span><\/p>\n<p style=\"text-align: justify;\"><span style=\"font-family: times new roman, times, serif; font-size: 14pt;\">Le 9 janvier, elle a organis\u00e9 une r\u00e9union Zoom \u00e0 huis clos, \u00e0 laquelle ont assist\u00e9 plus de cinquante participants qui travaillent dans des m\u00e9dias grand public \u2013 des hommes aussi bien que des femmes \u2013 dont la principale contribution a \u00e9t\u00e9 de se plaindre de l\u2019oppression qu\u2019ils subissent. L\u2019\u00e2gisme genr\u00e9 dont il est question ici concerne principalement les m\u00e9dias dans toutes leurs myriades de formes.<\/span><\/p>\n<p style=\"text-align: justify;\"><span style=\"font-family: times new roman, times, serif; font-size: 14pt;\">Le bon professeur a parl\u00e9 pendant une demi-heure environ, puis a r\u00e9pondu aux questions. Qu&rsquo;avait-elle \u00e0 dire ? Eh bien, les jeunes femmes ont ce qui s\u2019appelle un \u00ab\u00a0privil\u00e8ge de la joliesse\u00a0\u00bb, mais en vieillissant, snif, elles le perdent. Oh, vraiment\u00a0? Bien s\u00fbr, toutes les jeunes femmes ne sont pas s\u00e9duisantes, et certaines font m\u00eame tout pour ne pas l&rsquo;\u00eatre, se percent le nez avec des anneaux et se tatouent les bras par exemple, mais ne parlons pas de Khiara Bridges.<\/span><\/p>\n<p style=\"text-align: justify;\"><span style=\"font-family: times new roman, times, serif; font-size: 14pt;\">Vous avez probablement d\u00e9j\u00e0 entendu parler de micro-agressions, mais les micro-discriminations sont peut-\u00eatre nouvelles pour vous. Ce que le professeur Ross et la plupart des participants \u00e0 cette r\u00e9union ne comprennent pas ou refusent de comprendre, c&rsquo;est que dans la plupart des cas, ce qu\u2019ils appellent \u00a0\u00ab\u00a0discrimination\u00a0\u00bb signifie simplement \u00ab\u00a0choisir\u00a0\u00bb. Si vous et votre moiti\u00e9 d\u00e9cidez de d\u00eener au restaurant pour f\u00eater votre anniversaire et que vous ayez le choix entre la cuisine indienne, chinoise ou italienne, peut-on vraiment dire que vous discriminez les deux que vous ne choisissez pas ?<\/span><\/p>\n<p style=\"text-align: justify;\"><span style=\"font-family: times new roman, times, serif; font-size: 14pt;\">Le professeur Ross a men\u00e9 un certain nombre d&rsquo;enqu\u00eates qui ont r\u00e9v\u00e9l\u00e9, entre autres, qu&rsquo;aux \u00c9tats-Unis, la majorit\u00e9 des femmes occupant des postes de d\u00e9cision n\u2019ont pas d\u2019enfant, exactement comme en Europe. Kamala Harris n&rsquo;a pas d&rsquo;enfant, mais personne ne pourrait l&rsquo;accuser d&rsquo;avoir pris cette d\u00e9cision, en tout cas pas au cours des deux derni\u00e8res ann\u00e9es.<\/span><\/p>\n<p style=\"text-align: justify;\"><span style=\"font-family: times new roman, times, serif; font-size: 14pt;\">Les femmes plus \u00e2g\u00e9es ont une date de p\u00e9remption, dit-elle, et elle assimile cela \u00e0 de la misogynie, mais elle mentionne aussi le syndrome de la reine des abeilles, qui peut aussi \u00eatre per\u00e7u comme une forme de m\u00e9chancet\u00e9. Le syndrome de la reine des abeilles fait allusion \u00e0 des femmes en situation de pouvoir, qui d\u00e9nigrent ou tentent d&rsquo;exclure d&rsquo;autres femmes du tableau des promotions parce qu&rsquo;aucune femme saine d&rsquo;esprit ne souhaite qu&rsquo;une autre plus jeune et\/ou plus s\u00e9duisante brigue son poste. Mais si ces femmes ne sont pas coupables de misogynie, pourquoi les hommes devraient-ils en \u00eatre accus\u00e9s s&rsquo;ils ont une pr\u00e9f\u00e9rence pour les femmes qui n&rsquo;ont manifestement pas d\u00e9pass\u00e9 leur date limite de vente ?<\/span><\/p>\n<p style=\"text-align: justify;\"><span style=\"font-family: times new roman, times, serif; font-size: 14pt;\">Sophie McBain a mis le doigt sur la chose en septembre 2020 lorsqu\u2019elle a fait remarquer que \u00ab\u00a0la misogynie ne touche pas toutes les femmes de la m\u00eame mani\u00e8re&#8230;\u00a0\u00bb. En d&rsquo;autres termes, certaines femmes interpr\u00e8tent les hommes qui ne les aiment pas comme des misogynes, alors que le vrai probl\u00e8me se situe plus pr\u00e8s de chez elles.<\/span><\/p>\n<p style=\"text-align: justify;\"><span style=\"font-family: times new roman, times, serif; font-size: 14pt;\">Apr\u00e8s la conf\u00e9rence, les participants ont appris que les radiodiffuseurs pensent que des employ\u00e9s plus jeunes attirent un public plus jeune, mais que ce n&rsquo;est pas vrai. Ah, bon\u00a0? \u00a0<\/span><\/p>\n<p style=\"text-align: justify;\"><span style=\"font-family: times new roman, times, serif; font-size: 14pt;\">Un homme \u00e2g\u00e9 a fait remarquer que les journalistes masculins \u00e2g\u00e9s r\u00e9ussissent mieux que les femmes, sans toutefois reconna\u00eetre qu\u2019il jouit d\u2019un privil\u00e8ge. La v\u00e9rit\u00e9, c\u2019est qu&rsquo;\u00e0 de rares exceptions pr\u00e8s, les hommes vieillissent comme le vin alors que les femmes vieillissent comme le lait. Certes, il y a eu ici pas mal de j\u00e9r\u00e9miades, mais il existe une autre raison pour laquelle les femmes (et les hommes) ne sont pas aussi v\u00e9n\u00e9r\u00e9s qu&rsquo;ils l&rsquo;\u00e9taient autrefois dans les m\u00e9dias grand public. Internet, et maintenant les m\u00e9dias sociaux, ont produit une v\u00e9ritable explosion de journalistes citoyens, d&rsquo;experts, d&rsquo;intervieweurs, etc. et\u2026 beaucoup d&rsquo;entre eux font un bien meilleur travail que leurs homologues des m\u00e9dias traditionnels. La plupart de ces personnes ne sont pas salari\u00e9es, celles qui travaillent sur YouTube comptent sur le partage des publicit\u00e9s, les supertchats et autres dons. Beaucoup travaillent pour des clopinettes ou m\u00eame tout \u00e0 fait gratuitement. Que se passe-t-il lorsqu&rsquo;un march\u00e9 est satur\u00e9 ? Exact : les prix baissent.<\/span><\/p>\n<p style=\"text-align: justify;\"><span style=\"font-family: times new roman, times, serif; font-size: 14pt;\">Le professeur Ross et son auditoire n&rsquo;ont pas de solution \u00e0 leur probl\u00e8me imaginaire, mais il ne fait aucun doute qu&rsquo;ils vont continuer \u00e0 r\u00e9clamer de plus en plus de l\u00e9gislation anti-discrimination, ce qui dissuadera bien s\u00fbr tout employeur sain d&rsquo;esprit d&rsquo;engager des personnes qui pourraient \u00eatre enclines \u00e0 le poursuivre en justice quand une promotion injustifi\u00e9e ne se concr\u00e9tisera pas.<\/span><\/p>\n<p><span style=\"font-family: times new roman, times, serif; font-size: 14pt;\"><strong>\u00a0<\/strong><\/span><\/p>\n<p><span style=\"font-family: times new roman, times, serif; font-size: 14pt;\"><strong>\u00a0<\/strong><\/span><\/p>\n<p><span style=\"font-family: times new roman, times, serif; font-size: 14pt;\">Source : <a href=\"https:\/\/theduran.com\/gendered-ageism-seriously\/\">GENDERED AGEISM Seriously? \u2013 The Duran<\/a><\/span><\/p>\n<p>&nbsp;<\/p>\n<p style=\"text-align: left;\"><span style=\"font-family: times new roman, times, serif; font-size: 14pt;\"><strong>URL de cet article : <\/strong><a href=\"http:\/\/blog.lesgrossesorchadeslesamplesthalameges.fr\/index.php\/agisme-genre\/\">http:\/\/blog.lesgrossesorchadeslesamplesthalameges.fr\/index.php\/agisme-genre\/<\/a><strong><br \/>\n<\/strong><\/span><\/p>\n<p>&nbsp;<\/p>\n<p><strong>\u00a0<\/strong><\/p>\n<p>&nbsp;<\/p>\n<p style=\"text-align: center;\"><strong>\u00a0<a href=\"http:\/\/blog.lesgrossesorchadeslesamplesthalameges.fr\/index.php\/le-petit-fils-de-charles-de-gaulle-vieille-nemesis-de-la-cia-condamne-la-politique-occidentale-en-ukraine\/000-dangerous-times-22\/\" rel=\"attachment wp-att-21500\"><img loading=\"lazy\" class=\"alignnone size-full wp-image-21500\" src=\"http:\/\/blog.lesgrossesorchadeslesamplesthalameges.fr\/wp-content\/uploads\/2023\/01\/000.-dangerous-times.gif\" alt=\"\" width=\"70\" height=\"63\" \/><\/a><\/strong><\/p>\n<p><strong>\u00a0<\/strong><\/p>\n<p><strong>\u00a0<\/strong><\/p>\n<p style=\"text-align: right;\"><span style=\"font-family: comic sans ms, sans-serif; font-size: 14pt;\">Janvier 2023<\/span><\/p>\n<p>&nbsp;<\/p>\n<p>&nbsp;<\/p>\n","protected":false},"excerpt":{"rendered":"<p>&nbsp; &nbsp; &nbsp; &nbsp; &nbsp; &nbsp; &nbsp; &nbsp; \u00c2gisme genr\u00e9, vous \u00eates s\u00e9rieux\u00a0? &nbsp; \u00a0 The Dark Man \u2013 The Duran \u201310.1.2023 Traduction : c.l. pour L.G.O. \u00a0 &nbsp; \u00a0 &nbsp; &nbsp; &nbsp; Karen Ross est professeur de \u00ab\u00a0genre et m\u00e9dias\u00a0\u00bb \u00e0 l&rsquo;universit\u00e9 de Newcastle, et occupe actuellement ce que l&rsquo;on dit \u00eatre le premier&#8230;<\/p>\n","protected":false},"author":1,"featured_media":0,"parent":0,"menu_order":0,"comment_status":"open","ping_status":"open","template":"","meta":[],"_links":{"self":[{"href":"https:\/\/blog.lesgrossesorchadeslesamplesthalameges.fr\/index.php\/wp-json\/wp\/v2\/pages\/21586"}],"collection":[{"href":"https:\/\/blog.lesgrossesorchadeslesamplesthalameges.fr\/index.php\/wp-json\/wp\/v2\/pages"}],"about":[{"href":"https:\/\/blog.lesgrossesorchadeslesamplesthalameges.fr\/index.php\/wp-json\/wp\/v2\/types\/page"}],"author":[{"embeddable":true,"href":"https:\/\/blog.lesgrossesorchadeslesamplesthalameges.fr\/index.php\/wp-json\/wp\/v2\/users\/1"}],"replies":[{"embeddable":true,"href":"https:\/\/blog.lesgrossesorchadeslesamplesthalameges.fr\/index.php\/wp-json\/wp\/v2\/comments?post=21586"}],"version-history":[{"count":4,"href":"https:\/\/blog.lesgrossesorchadeslesamplesthalameges.fr\/index.php\/wp-json\/wp\/v2\/pages\/21586\/revisions"}],"predecessor-version":[{"id":21589,"href":"https:\/\/blog.lesgrossesorchadeslesamplesthalameges.fr\/index.php\/wp-json\/wp\/v2\/pages\/21586\/revisions\/21589"}],"wp:attachment":[{"href":"https:\/\/blog.lesgrossesorchadeslesamplesthalameges.fr\/index.php\/wp-json\/wp\/v2\/media?parent=21586"}],"curies":[{"name":"wp","href":"https:\/\/api.w.org\/{rel}","templated":true}]}}