{"id":21603,"date":"2023-01-15T22:31:28","date_gmt":"2023-01-15T21:31:28","guid":{"rendered":"http:\/\/blog.lesgrossesorchadeslesamplesthalameges.fr\/?page_id=21603"},"modified":"2023-01-15T22:33:25","modified_gmt":"2023-01-15T21:33:25","slug":"assange-le-moment-decisif","status":"publish","type":"page","link":"https:\/\/blog.lesgrossesorchadeslesamplesthalameges.fr\/index.php\/assange-le-moment-decisif\/","title":{"rendered":"ASSANGE : LE MOMENT D\u00c9CISIF"},"content":{"rendered":"<p>&nbsp;<\/p>\n<p>&nbsp;<\/p>\n<p>&nbsp;<\/p>\n<p>&nbsp;<\/p>\n<p>&nbsp;<\/p>\n<p>&nbsp;<\/p>\n<p>&nbsp;<\/p>\n<p style=\"text-align: center;\"><span style=\"font-family: times new roman, times, serif; font-size: 36pt;\"><strong>ASSANGE : LE MOMENT DECISIF<\/strong><\/span><\/p>\n<p style=\"text-align: center;\"><span style=\"font-family: times new roman, times, serif; font-size: 14pt;\"><strong>\u00a0<\/strong><\/span><\/p>\n<p>&nbsp;<\/p>\n<p style=\"text-align: center;\"><span style=\"font-family: times new roman, times, serif; font-size: 14pt;\"><strong><span style=\"font-size: 24pt;\">Interview de son p\u00e8re, John Shipton<\/span> <\/strong><\/span><\/p>\n<p style=\"text-align: center;\"><span style=\"font-family: times new roman, times, serif; font-size: 14pt;\"><strong>\u00a0<\/strong><\/span><\/p>\n<p style=\"text-align: center;\"><span style=\"font-family: times new roman, times, serif; font-size: 14pt;\"><strong>\u00a0<\/strong><\/span><\/p>\n<p style=\"text-align: center;\"><span style=\"font-family: times new roman, times, serif; font-size: 18pt;\"><strong>Berenice Galli, Manlio Dinucci<\/strong><\/span><\/p>\n<p style=\"text-align: center;\"><span style=\"font-family: times new roman, times, serif; font-size: 18pt;\">Traduit de l\u2019italien par<strong> Marie-Ange Patrizio<\/strong><\/span><\/p>\n<p style=\"text-align: justify;\"><span style=\"font-family: times new roman, times, serif; font-size: 18pt;\"><strong>\u00a0<\/strong><\/span><\/p>\n<p>&nbsp;<\/p>\n<p style=\"text-align: center;\"><span style=\"font-family: times new roman, times, serif; font-size: 14pt;\"><strong>\u00a0<a href=\"http:\/\/blog.lesgrossesorchadeslesamplesthalameges.fr\/index.php\/2023\/01\/15\/dans-une-semaine-a-vendredi-13\/25-wikileaks-4-julian-gif\/\" rel=\"attachment wp-att-21483\"><img loading=\"lazy\" class=\"alignnone wp-image-21483\" src=\"http:\/\/blog.lesgrossesorchadeslesamplesthalameges.fr\/wp-content\/uploads\/2023\/01\/25.-Wikileaks-4-JULIAN-GIF.gif\" alt=\"\" width=\"300\" height=\"622\" \/><\/a><\/strong><\/span><\/p>\n<p>&nbsp;<\/p>\n<p style=\"text-align: justify;\"><span style=\"font-family: times new roman, times, serif; font-size: 14pt;\"><strong>\u00a0<\/strong><\/span><\/p>\n<p style=\"text-align: justify;\"><span style=\"font-family: tahoma, arial, helvetica, sans-serif; font-size: 12pt;\"><strong>Le p\u00e8re de Julian Assange, John Shipton, annonce depuis l\u2019Australie, dans cette interview par Berenice Galli, une nouvelle qui pourrait \u00eatre d\u00e9cisive sur le sort de son fils : \u00ab\u00a0Je sens que nous r\u00e9ussirons et que Julian sera libre. Je le sens, je le vois, je le per\u00e7ois \u00e0 travers les centaines de contacts que j\u2019ai dans le monde entier\u00a0\u00bb.<\/strong><\/span><\/p>\n<p style=\"text-align: justify;\"><span style=\"font-family: times new roman, times, serif; font-size: 14pt;\">Ce qui est d\u00e9cisif \u2013 souligne John \u2013 est que \u00ab\u00a0nous avons en Australie le Premier ministre le Conseil des ministres, le Parti du Travail au gouvernement, 60 membres du Parlement qui soutiennent Julian, ainsi m\u00eame que tous les journaux, les syndicats, les organisations non gouvernementales. Du moment que Julian est un citoyen australien, le Gouvernement australien est le seul qui puisse parler pour Julian face aux \u00c9tats-Unis, parce qu\u2019il est un citoyen australien. En cons\u00e9quence ce mouvement mondial s\u2019est focalis\u00e9 sur l\u2019Australie et le Gouvernement australien a manifest\u00e9 des remontrances aux \u00c9tats-Unis. Aux informations de la TV australienne, le directeur des nouvelles internationales, John Lyons, a dit avoir entendu d\u2019apr\u00e8s ses sources dans le Conseil des ministres que Julian sera lib\u00e9r\u00e9 sans conditions dans les deux mois\u00a0\u00bb.<\/span><\/p>\n<p style=\"text-align: justify;\"><span style=\"font-family: times new roman, times, serif; font-size: 14pt;\">John d\u00e9clare\u00a0 n\u2019avoir aucune confiance dans la Justice britannique, qui a soumis Julian Assange \u00e0 \u00ab\u00a0un proc\u00e8s spectacle, une pers\u00e9cution politique\u00a0\u00bb. Il rappelle ensuite que \u00ab\u00a0les circonstances ne se sont pas am\u00e9lior\u00e9es depuis que le professeur Niels Melzer, le rapporteur des Nations Unies sur la torture, a pr\u00e9sent\u00e9 en 2019 le rapport exhaustif de la visite qu\u2019il avait faite \u00e0 Julian dans la prison de Belmarsh avec deux m\u00e9decins sp\u00e9cialistes. Dans sa d\u00e9claration il a \u00e9crit que Julian souffrait des effets de sept ann\u00e9es et demi de torture psychologique. \u1eb0 Julian est autoris\u00e9e une communication t\u00e9l\u00e9phonique internationale de dix minutes et les appels t\u00e9l\u00e9phoniques lui sont conc\u00e9d\u00e9s en fonction d\u2019un certain cr\u00e9dit : pendant la p\u00e9riode de No\u00ebl nous avons utilis\u00e9 tout ce qui lui \u00e9tait autoris\u00e9, donc pour pouvoir nous reparler je devrai attendre une semaine ou plus\u00a0\u00bb.<\/span><\/p>\n<p style=\"text-align: justify;\"><span style=\"font-family: times new roman, times, serif; font-size: 14pt;\">Br\u00e8ve pr\u00e9sentation de l\u2019interview diffus\u00e9e vendredi 13 janvier \u00e0 23h sur Byoblu<\/span><\/p>\n<p style=\"text-align: justify;\"><span style=\"font-family: times new roman, times, serif; font-size: 14pt;\"><a href=\"https:\/\/www.byoblu.com\/2023\/01\/13\/assange-il-momento-decisivo-grandangolo-pangea\/\">https:\/\/www.byoblu.com\/2023\/01\/13\/assange-il-momento-decisivo-grandangolo-pangea\/<\/a><\/span><\/p>\n<p style=\"text-align: justify;\"><span style=\"font-family: times new roman, times, serif; font-size: 14pt;\">\u00a0<\/span><\/p>\n<p style=\"text-align: center;\"><a href=\"http:\/\/blog.lesgrossesorchadeslesamplesthalameges.fr\/index.php\/2023\/01\/15\/dans-une-semaine-a-vendredi-13\/26-logo-wikileaks-2-gif\/\" rel=\"attachment wp-att-21484\"><img loading=\"lazy\" class=\"alignnone wp-image-21484\" src=\"http:\/\/blog.lesgrossesorchadeslesamplesthalameges.fr\/wp-content\/uploads\/2023\/01\/26.-Logo-Wikileaks-2-GIF-135x300.gif\" alt=\"\" width=\"100\" height=\"223\" \/><\/a><\/p>\n<p>&nbsp;<\/p>\n<p style=\"text-align: center;\"><span style=\"font-family: times new roman, times, serif; font-size: 18pt;\"><strong>Vendredi 13 janvier \u00e0 23h <\/strong><\/span><\/p>\n<p style=\"text-align: center;\"><span style=\"font-family: times new roman, times, serif; font-size: 18pt;\"><strong>sur la cha\u00eene TV Italienne Byoblu<\/strong><\/span><\/p>\n<p style=\"text-align: center;\"><span style=\"font-family: times new roman, times, serif; font-size: 18pt;\"><strong>\u00a0<\/strong><\/span><\/p>\n<p style=\"text-align: center;\"><span style=\"font-family: times new roman, times, serif; font-size: 18pt;\"><strong><em>Grandangolo Dentro la Notizia<\/em><\/strong><\/span><\/p>\n<p style=\"text-align: center;\"><span style=\"font-family: times new roman, times, serif; font-size: 14pt;\"><strong><em>\u00a0<\/em><\/strong><\/span><\/p>\n<p style=\"text-align: center;\"><span style=\"font-family: times new roman, times, serif; font-size: 14pt;\"><strong>\u00a0<\/strong><\/span><\/p>\n<p style=\"text-align: center;\"><span style=\"font-family: times new roman, times, serif; font-size: 24pt;\"><strong>LES CRIMES QUE JULIAN ASSANGE A R\u00c9V\u00c9L\u00c9S<\/strong><\/span><\/p>\n<p style=\"text-align: center;\"><span style=\"font-family: times new roman, times, serif; font-size: 14pt;\"><strong>\u00a0<\/strong><\/span><\/p>\n<p>&nbsp;<\/p>\n<p style=\"text-align: justify;\"><span style=\"font-family: times new roman, times, serif; font-size: 14pt;\"><strong>Ce documentaire montre ce que l\u2019organisation WikiLeaks de Julian Assange a r\u00e9v\u00e9l\u00e9. Nous rapportons, \u00e0 titre d\u2019exemple, les r\u00e9v\u00e9lations faites en 2010.<\/strong><\/span><\/p>\n<p style=\"text-align: justify;\"><span style=\"font-family: times new roman, times, serif; font-size: 14pt;\"><strong>\u00a0<\/strong><\/span><\/p>\n<p style=\"text-align: justify;\"><span style=\"font-family: times new roman, times, serif; font-size: 14pt;\"><strong>\u00a0<\/strong><\/span><\/p>\n<p style=\"text-align: justify;\"><span style=\"font-family: times new roman, times, serif; font-size: 14pt;\"><strong><em>Afghanistan War logs<\/em><\/strong>. En 2010 WikilLeaks publie une s\u00e9rie de documents relatifs \u00e0 la guerre en Afghanistan. Ils couvrent une p\u00e9riode allant de janvier 2004 \u00e0 d\u00e9cembre 2009. Ces documents r\u00e9serv\u00e9s -qui sont rapport\u00e9s par <em>The Guardian<\/em>, <em>New York Times<\/em> et <em>Der Spiegel<\/em>&#8211; r\u00e9v\u00e8lent le meurtre de civils par des troupes \u00e9tasuniennes et britanniques.<\/span><\/p>\n<p style=\"text-align: justify;\"><span style=\"font-family: times new roman, times, serif; font-size: 14pt;\">\u00a0<\/span><br \/>\n<span style=\"font-family: times new roman, times, serif; font-size: 14pt;\"><strong><em>Irak War Logs<\/em><\/strong>. En 2010 encore WikiLeaks diffuse une vid\u00e9o qui montre le meurtre de civils irakiens et de deux journalistes de Reuters dans une attaque effectu\u00e9e par deux h\u00e9licopt\u00e8res Apache \u00e9tasuniens. La m\u00eame ann\u00e9e un analyste de l\u2019Arm\u00e9e USA, Bradley Manning, est arr\u00eat\u00e9 sous l\u2019accusation d\u2019avoir divulgu\u00e9 la vid\u00e9o et des centaines de milliers de documents r\u00e9serv\u00e9s. WikiLeaks diffuse plus de 300.000 documents qui r\u00e9v\u00e8lent abus, tortures et violences des forces USA en Irak. Les documents r\u00e9v\u00e8lent aussi la mort de 15.000 civils dans des circonstances inconnues et de nombreux cas de tortures par des militaires irakiens sous commandement USA.<\/span><\/p>\n<p style=\"text-align: justify;\"><span style=\"font-family: times new roman, times, serif; font-size: 14pt;\"><strong><em>Cablegate<\/em><\/strong>.\u00a0 La m\u00eame ann\u00e9e encore WikiLeaks publie des centaines de milliers de documents r\u00e9serv\u00e9s sur les op\u00e9rations de Washington dans le monde. Ces documents contiennent des informations confidentielles envoy\u00e9es par 274 ambassades USA au D\u00e9partement d\u2019\u00c9tat \u00e0 Washington. Les documents rapportent des \u00e9valuations, souvent tr\u00e8s n\u00e9gatives, sur le comportement public et priv\u00e9 de chefs d\u2019\u00c9tat et de gouvernements europ\u00e9ens, parmi lesquels le pr\u00e9sident du Conseil italien Berlusconi et le pr\u00e9sident russe Poutine.<\/span><\/p>\n<p style=\"text-align: justify;\"><span style=\"font-family: times new roman, times, serif; font-size: 14pt;\">Br\u00e8ve pr\u00e9sentation de la revue de presse internationale de vendredi 13 janvier 2023 \u00e0 20h30<\/span><\/p>\n<p style=\"text-align: justify;\"><span style=\"font-family: times new roman, times, serif; font-size: 14pt;\"><a href=\"https:\/\/www.byoblu.com\/2023\/01\/13\/i-crimini-che-julian-assange-ha-portato-alla-luce-dentro-la-notizia-pangea-grandangolo\/\">https:\/\/www.byoblu.com\/2023\/01\/13\/i-crimini-che-julian-assange-ha-portato-alla-luce-dentro-la-notizia-pangea-grandangolo\/<\/a><\/span><\/p>\n<p style=\"text-align: justify;\"><span style=\"font-family: times new roman, times, serif; font-size: 14pt;\">Traduit de l\u2019italien par M-A P<\/span><\/p>\n<p>&nbsp;<\/p>\n<p style=\"text-align: center;\"><a href=\"http:\/\/blog.lesgrossesorchadeslesamplesthalameges.fr\/index.php\/2023\/01\/15\/dans-une-semaine-a-vendredi-13\/26-logo-wikileaks-2-gif\/\" rel=\"attachment wp-att-21484\"><img loading=\"lazy\" class=\"alignnone wp-image-21484\" src=\"http:\/\/blog.lesgrossesorchadeslesamplesthalameges.fr\/wp-content\/uploads\/2023\/01\/26.-Logo-Wikileaks-2-GIF-135x300.gif\" alt=\"\" width=\"100\" height=\"223\" \/><\/a><\/p>\n<p>&nbsp;<\/p>\n<p style=\"text-align: justify;\"><span style=\"font-family: comic sans ms, sans-serif; font-size: 12pt;\">Ainsi donc le personnel des ambassades US envoyaient, \u00e0 la maison-m\u00e8re, des appr\u00e9ciations n\u00e9gatives sur Silvio Berlusconi et Vladimir Poutine. Ciel\u00a0! Et sur qui d\u2019autre\u00a0?<\/span><\/p>\n<p style=\"text-align: justify;\"><span style=\"font-family: comic sans ms, sans-serif; font-size: 12pt;\">Il est dommage que ces deux documents ne mentionnent pas la torture inflig\u00e9e \u00e0 Bradley Manning par les services secrets US, qui sont arriv\u00e9s \u2013 on n\u2019ose m\u00eame pas imaginer par quels moyens \u2013 \u00e0 lui faire <em>croire<\/em> qu\u2019il \u00e9tait une femme et non un jeune soldat homo dot\u00e9 d\u2019une conscience.<\/span><\/p>\n<p>&nbsp;<\/p>\n<p style=\"text-align: left;\"><strong><span style=\"font-family: times new roman, times, serif; font-size: 14pt;\">URL de cet article : <\/span><\/strong><a href=\"http:\/\/blog.lesgrossesorchadeslesamplesthalameges.fr\/index.php\/assange-le-moment-decisif\/\"><span style=\"font-family: times new roman, times, serif; font-size: 14pt;\">http:\/\/blog.lesgrossesorchadeslesamplesthalameges.fr\/index.php\/assange-le-moment-decisif\/<\/span><\/a><span style=\"font-family: times new roman, times, serif; font-size: 14pt;\"><br \/>\n<\/span><\/p>\n<p>&nbsp;<\/p>\n<p>&nbsp;<\/p>\n<p style=\"text-align: center;\"><a href=\"http:\/\/blog.lesgrossesorchadeslesamplesthalameges.fr\/index.php\/le-petit-fils-de-charles-de-gaulle-vieille-nemesis-de-la-cia-condamne-la-politique-occidentale-en-ukraine\/000-dangerous-times-22\/\" rel=\"attachment wp-att-21500\"><img loading=\"lazy\" class=\"alignnone size-full wp-image-21500\" src=\"http:\/\/blog.lesgrossesorchadeslesamplesthalameges.fr\/wp-content\/uploads\/2023\/01\/000.-dangerous-times.gif\" alt=\"\" width=\"70\" height=\"63\" \/><\/a><\/p>\n<p>&nbsp;<\/p>\n<p>&nbsp;<\/p>\n<p style=\"text-align: right;\"><span style=\"font-family: comic sans ms, sans-serif; font-size: 14pt;\">Janvier 2023<\/span><\/p>\n<p>&nbsp;<\/p>\n<p>&nbsp;<\/p>\n","protected":false},"excerpt":{"rendered":"<p>&nbsp; &nbsp; &nbsp; &nbsp; &nbsp; &nbsp; &nbsp; ASSANGE : LE MOMENT DECISIF \u00a0 &nbsp; Interview de son p\u00e8re, John Shipton \u00a0 \u00a0 Berenice Galli, Manlio Dinucci Traduit de l\u2019italien par Marie-Ange Patrizio \u00a0 &nbsp; \u00a0 &nbsp; \u00a0 Le p\u00e8re de Julian Assange, John Shipton, annonce depuis l\u2019Australie, dans cette interview par Berenice Galli, une nouvelle&#8230;<\/p>\n","protected":false},"author":1,"featured_media":0,"parent":0,"menu_order":0,"comment_status":"open","ping_status":"open","template":"","meta":[],"_links":{"self":[{"href":"https:\/\/blog.lesgrossesorchadeslesamplesthalameges.fr\/index.php\/wp-json\/wp\/v2\/pages\/21603"}],"collection":[{"href":"https:\/\/blog.lesgrossesorchadeslesamplesthalameges.fr\/index.php\/wp-json\/wp\/v2\/pages"}],"about":[{"href":"https:\/\/blog.lesgrossesorchadeslesamplesthalameges.fr\/index.php\/wp-json\/wp\/v2\/types\/page"}],"author":[{"embeddable":true,"href":"https:\/\/blog.lesgrossesorchadeslesamplesthalameges.fr\/index.php\/wp-json\/wp\/v2\/users\/1"}],"replies":[{"embeddable":true,"href":"https:\/\/blog.lesgrossesorchadeslesamplesthalameges.fr\/index.php\/wp-json\/wp\/v2\/comments?post=21603"}],"version-history":[{"count":9,"href":"https:\/\/blog.lesgrossesorchadeslesamplesthalameges.fr\/index.php\/wp-json\/wp\/v2\/pages\/21603\/revisions"}],"predecessor-version":[{"id":21612,"href":"https:\/\/blog.lesgrossesorchadeslesamplesthalameges.fr\/index.php\/wp-json\/wp\/v2\/pages\/21603\/revisions\/21612"}],"wp:attachment":[{"href":"https:\/\/blog.lesgrossesorchadeslesamplesthalameges.fr\/index.php\/wp-json\/wp\/v2\/media?parent=21603"}],"curies":[{"name":"wp","href":"https:\/\/api.w.org\/{rel}","templated":true}]}}