{"id":21664,"date":"2023-01-21T16:57:44","date_gmt":"2023-01-21T15:57:44","guid":{"rendered":"http:\/\/blog.lesgrossesorchadeslesamplesthalameges.fr\/?page_id=21664"},"modified":"2023-01-21T16:58:46","modified_gmt":"2023-01-21T15:58:46","slug":"le-second-a-ecrit-en-francais","status":"publish","type":"page","link":"https:\/\/blog.lesgrossesorchadeslesamplesthalameges.fr\/index.php\/le-second-a-ecrit-en-francais\/","title":{"rendered":"Le second a \u00e9crit en fran\u00e7ais"},"content":{"rendered":"<p>&nbsp;<\/p>\n<p>&nbsp;<\/p>\n<p>&nbsp;<\/p>\n<p>&nbsp;<\/p>\n<p>&nbsp;<\/p>\n<p>&nbsp;<\/p>\n<p>&nbsp;<\/p>\n<p>&nbsp;<\/p>\n<p><span style=\"font-family: times new roman, times, serif; font-size: 24pt;\"><strong><em>Le second a \u00e9crit en fran\u00e7ais<\/em><\/strong><\/span><\/p>\n<p><span style=\"font-family: times new roman, times, serif; font-size: 14pt;\"><strong><em>\u00a0<\/em><\/strong><\/span><\/p>\n<p style=\"text-align: justify;\"><span style=\"font-family: comic sans ms, sans-serif; font-size: 14pt;\">Malheureusement, on ne sait pas grand-chose de lui, sinon qu\u2019il a \u00e9tudi\u00e9 \u00e0 la Facult\u00e9 des Lettres de la Sorbonne, o\u00f9 il a \u00e9t\u00e9 l\u2019\u00e9l\u00e8ve d\u2019Albert Mathiez, et qu\u2019il \u00e9tait dipl\u00f4m\u00e9 de l\u2019universit\u00e9 Tsing-Hua de P\u00e9kin.<\/span><\/p>\n<p style=\"text-align: justify;\"><span style=\"font-family: comic sans ms, sans-serif; font-size: 14pt;\">C\u2019est d\u2019ailleurs le p\u00e8re de l\u2019histoire r\u00e9volutionnaire fran\u00e7aise qui lui a conseill\u00e9 de prendre pour sujet de sa th\u00e8se de doctorat l\u2019histoire du Comit\u00e9 qu\u2019avaient form\u00e9, en exil, les r\u00e9fugi\u00e9s politiques de la Principaut\u00e9 \u00c9piscopale de Li\u00e8ge (une th\u00e9ocratie r\u00e9publicaine qui a dur\u00e9 pas loin de mille ans) et ceux des Pays-Bas Autrichiens, autrement dit les Flamands, habitants du nord de la Belgique actuelle.<\/span><\/p>\n<p style=\"text-align: justify;\"><span style=\"font-family: comic sans ms, sans-serif; font-size: 14pt;\">On a le regret de dire que ni en Flandre ni en Wallonie, il ne s&rsquo;est trouv\u00e9 un seul historien qui se soit jamais int\u00e9ress\u00e9 \u00e0 lui, ni d\u2019ailleurs \u00e0 la v\u00e9ritable histoire de leurs anc\u00eatres de ce temps-l\u00e0.<\/span><\/p>\n<p>&nbsp;<\/p>\n<p>&nbsp;<\/p>\n<p><span style=\"font-family: times new roman, times, serif; font-size: 14pt;\"><strong>\u00a0<a href=\"http:\/\/blog.lesgrossesorchadeslesamplesthalameges.fr\/?attachment_id=21626\" rel=\"attachment wp-att-21626\"><img loading=\"lazy\" class=\"aligncenter wp-image-21626 size-full\" src=\"http:\/\/blog.lesgrossesorchadeslesamplesthalameges.fr\/wp-content\/uploads\/2023\/01\/6.-Couverture-LEE.jpg\" alt=\"\" width=\"420\" height=\"670\" srcset=\"https:\/\/blog.lesgrossesorchadeslesamplesthalameges.fr\/wp-content\/uploads\/2023\/01\/6.-Couverture-LEE.jpg 420w, https:\/\/blog.lesgrossesorchadeslesamplesthalameges.fr\/wp-content\/uploads\/2023\/01\/6.-Couverture-LEE-188x300.jpg 188w\" sizes=\"(max-width: 420px) 100vw, 420px\" \/><\/a><\/strong><\/span><\/p>\n<p>&nbsp;<\/p>\n<p>&nbsp;<\/p>\n<p>&nbsp;<\/p>\n<p style=\"text-align: center;\"><span style=\"font-family: times new roman, times, serif; font-size: 24pt;\"><strong>Facult\u00e9 des lettres de l&rsquo;Universit\u00e9 de Paris<\/strong><\/span><\/p>\n<p>&nbsp;<\/p>\n<p style=\"text-align: center;\"><span style=\"font-family: times new roman, times, serif; font-size: 36pt;\"><strong><em>Les Comit\u00e9s et les clubs des patriotes belges et li\u00e9geois : 1791-an III<\/em><\/strong><strong>, th\u00e8se&#8230; pr\u00e9sent\u00e9e par Orient Lee<\/strong><\/span><\/p>\n<p>&nbsp;<\/p>\n<p style=\"text-align: center;\"><span style=\"font-family: times new roman, times, serif; font-size: 24pt;\"><strong>Reliure inconnue \u2013 1 janvier 1931<\/strong><\/span><\/p>\n<p>&nbsp;<\/p>\n<p>&nbsp;<\/p>\n<p><span style=\"font-family: comic sans ms, sans-serif; font-size: 14pt;\">Notons que c&rsquo;est la seule circonstance connue o\u00f9 les habitants du nord et du sud de la Belgique actuelle aient \u00e9t\u00e9 v\u00e9ritablement unis.<\/span><\/p>\n<p><span style=\"font-family: times new roman, times, serif; font-size: 14pt;\"><strong>\u00a0<\/strong><\/span><\/p>\n<p>&nbsp;<\/p>\n<p><span style=\"font-family: times new roman, times, serif; font-size: 14pt;\"><a href=\"http:\/\/blog.lesgrossesorchadeslesamplesthalameges.fr\/index.php\/21538-2\/0-cocarde-rouge-bleu-bis-10\/\" rel=\"attachment wp-att-21547\"><img loading=\"lazy\" class=\"aligncenter wp-image-21547\" src=\"http:\/\/blog.lesgrossesorchadeslesamplesthalameges.fr\/wp-content\/uploads\/2023\/01\/0.-cocarde-rouge-bleu-bis.gif\" alt=\"\" width=\"40\" height=\"41\" \/><\/a><\/span><\/p>\n<p>&nbsp;<\/p>\n<p>&nbsp;<\/p>\n<p style=\"text-align: center;\"><span style=\"font-family: times new roman, times, serif; font-size: 18pt;\"><strong>Le pays de Li\u00e8ge a donn\u00e9 quatre g\u00e9n\u00e9raux \u00e0 la Premi\u00e8re r\u00e9publique\u00a0: deux n\u00e9s \u00e0 Li\u00e8ge et deux \u00e0 Verviers.<\/strong><\/span><\/p>\n<p>&nbsp;<\/p>\n<p>&nbsp;<\/p>\n<p style=\"text-align: center;\"><span style=\"font-family: times new roman, times, serif; font-size: 14pt;\"><strong>Le premier fut : <\/strong><\/span><\/p>\n<p>&nbsp;<\/p>\n<p><span style=\"font-family: times new roman, times, serif; font-size: 14pt;\"><a href=\"http:\/\/blog.lesgrossesorchadeslesamplesthalameges.fr\/?attachment_id=21645\" rel=\"attachment wp-att-21645\"><img loading=\"lazy\" class=\"aligncenter wp-image-21645\" src=\"http:\/\/blog.lesgrossesorchadeslesamplesthalameges.fr\/wp-content\/uploads\/2023\/01\/240_F_244244660_tdBgiXhzZT9ZOIexXka26TtFfN3y99Ds-300x200.jpg\" alt=\"\" width=\"300\" height=\"200\" srcset=\"https:\/\/blog.lesgrossesorchadeslesamplesthalameges.fr\/wp-content\/uploads\/2023\/01\/240_F_244244660_tdBgiXhzZT9ZOIexXka26TtFfN3y99Ds-300x200.jpg 300w, https:\/\/blog.lesgrossesorchadeslesamplesthalameges.fr\/wp-content\/uploads\/2023\/01\/240_F_244244660_tdBgiXhzZT9ZOIexXka26TtFfN3y99Ds.jpg 500w\" sizes=\"(max-width: 300px) 100vw, 300px\" \/><\/a><\/span><\/p>\n<p>&nbsp;<\/p>\n<p style=\"text-align: justify;\"><span style=\"font-family: times new roman, times, serif; font-size: 14pt;\"><a href=\"https:\/\/fr.wikipedia.org\/wiki\/Servais_Beaudouin_Boulanger\"><strong>Servais Beaudouin Boulanger<\/strong><\/a><strong>, <\/strong>n\u00e9 le 7 janvier 1755 \u00e0 Herstal (Principaut\u00e9 de Li\u00e8ge), ouvrier orf\u00e8vre immigr\u00e9 \u00e0 Paris et g\u00e9n\u00e9ral de brigade de la R\u00e9volution fran\u00e7aise, mort guillotin\u00e9 le\u00a010 Thermidor An II (29\u00a0juillet\u00a01794)\u00a0\u00e0\u00a0Paris.<\/span><\/p>\n<p>&nbsp;<\/p>\n<p>&nbsp;<\/p>\n<p><span style=\"font-family: times new roman, times, serif; font-size: 14pt;\"><a href=\"http:\/\/blog.lesgrossesorchadeslesamplesthalameges.fr\/index.php\/21538-2\/0-cocarde-rouge-bleu-bis-10\/\" rel=\"attachment wp-att-21547\"><img loading=\"lazy\" class=\"wp-image-21547 aligncenter\" src=\"http:\/\/blog.lesgrossesorchadeslesamplesthalameges.fr\/wp-content\/uploads\/2023\/01\/0.-cocarde-rouge-bleu-bis.gif\" alt=\"\" width=\"40\" height=\"41\" \/><\/a><\/span><\/p>\n<p>&nbsp;<\/p>\n<p>&nbsp;<\/p>\n<p style=\"text-align: center;\"><span style=\"font-family: times new roman, times, serif; font-size: 14pt;\"><strong>Le deuxi\u00e8me\u00a0:<\/strong><\/span><\/p>\n<p>&nbsp;<\/p>\n<p><span style=\"font-family: times new roman, times, serif; font-size: 14pt;\"><a href=\"http:\/\/blog.lesgrossesorchadeslesamplesthalameges.fr\/?attachment_id=21628\" rel=\"attachment wp-att-21628\"><img loading=\"lazy\" class=\"aligncenter wp-image-21628\" src=\"http:\/\/blog.lesgrossesorchadeslesamplesthalameges.fr\/wp-content\/uploads\/2023\/01\/7.-Ransonnet-236x300.jpg\" alt=\"\" width=\"300\" height=\"381\" srcset=\"https:\/\/blog.lesgrossesorchadeslesamplesthalameges.fr\/wp-content\/uploads\/2023\/01\/7.-Ransonnet-236x300.jpg 236w, https:\/\/blog.lesgrossesorchadeslesamplesthalameges.fr\/wp-content\/uploads\/2023\/01\/7.-Ransonnet.jpg 375w\" sizes=\"(max-width: 300px) 100vw, 300px\" \/><\/a><\/span><\/p>\n<p>&nbsp;<\/p>\n<p><a href=\"https:\/\/fr.wikipedia.org\/wiki\/Jean-Pierre_de_Ransonnet-Bosford\"><strong><span style=\"font-family: times new roman, times, serif; font-size: 14pt;\">Jean Pierre de Ransonnet-Bosford<\/span><\/strong><\/a><span style=\"font-family: times new roman, times, serif; font-size: 14pt;\">, n\u00e9 le 13 octobre 1744 \u00e0 Li\u00e8ge (Principaut\u00e9 de Li\u00e8ge), mort le 3 mars 1796 \u00e0 Mo\u00fbtiers (Savoie), est un g\u00e9n\u00e9ral de brigade de la R\u00e9volution fran\u00e7aise<\/span><\/p>\n<p>&nbsp;<\/p>\n<p>&nbsp;<\/p>\n<p><span style=\"font-family: times new roman, times, serif; font-size: 14pt;\"><strong><em><a href=\"http:\/\/blog.lesgrossesorchadeslesamplesthalameges.fr\/?attachment_id=21627\" rel=\"attachment wp-att-21627\"><img loading=\"lazy\" class=\"aligncenter wp-image-21627 size-full\" src=\"http:\/\/blog.lesgrossesorchadeslesamplesthalameges.fr\/wp-content\/uploads\/2023\/01\/8.-Autographe-Ransonnet-.jpg\" alt=\"\" width=\"484\" height=\"188\" srcset=\"https:\/\/blog.lesgrossesorchadeslesamplesthalameges.fr\/wp-content\/uploads\/2023\/01\/8.-Autographe-Ransonnet-.jpg 484w, https:\/\/blog.lesgrossesorchadeslesamplesthalameges.fr\/wp-content\/uploads\/2023\/01\/8.-Autographe-Ransonnet--300x117.jpg 300w\" sizes=\"(max-width: 484px) 100vw, 484px\" \/><\/a><\/em><\/strong><\/span><\/p>\n<p style=\"text-align: center;\"><span style=\"font-family: times new roman, times, serif; font-size: 12pt;\"><strong><em>Autographe du g\u00e9n\u00e9ral Ransonnet<\/em><\/strong> [in Orient Lee]<\/span><\/p>\n<p>&nbsp;<\/p>\n<p>&nbsp;<\/p>\n<p style=\"text-align: justify;\"><span style=\"font-family: times new roman, times, serif; font-size: 14pt;\">Jean-Pierre Ransonnet a eu quatre fils, tous morts, comme lui, au service de la France, le plus jeune, capitaine de vaisseau, au cours d\u2019une exploration. Ce fils cadet avait \u00e9t\u00e9, \u00e0 l\u2019\u00e2ge de 7 ans, expos\u00e9 au pilori de Li\u00e8ge avec sa m\u00e8re, pour sanctionner l\u2019absence du p\u00e8re et des trois a\u00een\u00e9s, puis \u00e9chang\u00e9, gr\u00e2ce aux efforts de Maximilien Robespierre, contre des \u00e9migr\u00e9s captur\u00e9s les armes \u00e0 la main. La g\u00e9n\u00e9rale \u00e9tait all\u00e9e, d\u00e8s son arriv\u00e9e \u00e0 Paris, remercier l\u2019Incorruptible, qui lui avait assur\u00e9 que sa porte lui serait toujours ouverte, ce dont elle a us\u00e9 et abus\u00e9 en faveur de compatriotes souvent arr\u00eat\u00e9s sur des d\u00e9nonciations fallacieuses, dont le \u00ab chef de la Gironde li\u00e9geoise \u00bb <a href=\"https:\/\/fr.wikipedia.org\/wiki\/Jean-Nicolas_Bassenge\">Nicolas Bassenge<\/a>, qui en a remerci\u00e9 Robespierre dans son ouvrage <em>J. N. Bassenge, de Li\u00e8ge, \u00e0\u00a0<\/em><em>Publicola Chaussard<\/em><em>, Sur ce qu&rsquo;il dit dans ses M\u00e9moires concernant la Belgique, du ci-devant Pays de Li\u00e8ge<\/em>, Paris, an\u00a0II, paru, d\u00e9tail important, \u00a0<em>apr\u00e8s<\/em> Thermidor.<\/span><\/p>\n<p>&nbsp;<\/p>\n<p>&nbsp;<\/p>\n<p><span style=\"font-family: times new roman, times, serif; font-size: 14pt;\"><a href=\"http:\/\/blog.lesgrossesorchadeslesamplesthalameges.fr\/index.php\/21538-2\/0-cocarde-rouge-bleu-bis-10\/\" rel=\"attachment wp-att-21547\"><img loading=\"lazy\" class=\"wp-image-21547 aligncenter\" src=\"http:\/\/blog.lesgrossesorchadeslesamplesthalameges.fr\/wp-content\/uploads\/2023\/01\/0.-cocarde-rouge-bleu-bis.gif\" alt=\"\" width=\"40\" height=\"41\" \/><\/a><\/span><\/p>\n<p>&nbsp;<\/p>\n<p>&nbsp;<\/p>\n<p style=\"text-align: center;\"><span style=\"font-family: times new roman, times, serif; font-size: 14pt;\"><strong>Le premier vervi\u00e9tois fut<\/strong>\u00a0:<\/span><\/p>\n<p>&nbsp;<\/p>\n<p style=\"text-align: center;\"><span style=\"font-family: times new roman, times, serif; font-size: 14pt;\">Pas de portrait<\/span><\/p>\n<p style=\"text-align: center;\"><span style=\"font-family: times new roman, times, serif; font-size: 14pt;\">parce que notre HP<\/span><\/p>\n<p style=\"text-align: center;\"><span style=\"font-family: times new roman, times, serif; font-size: 14pt;\">refuse de scanner<\/span><\/p>\n<p>&nbsp;<\/p>\n<p>&nbsp;<\/p>\n<p style=\"text-align: justify;\"><span style=\"font-family: times new roman, times, serif; font-size: 14pt;\"><a href=\"https:\/\/fr.wikipedia.org\/wiki\/Jean_Lambert_Joseph_Fyon\"><strong>Jean Lambert Joseph Fyon<\/strong><\/a>, n\u00e9 en 1745 \u00e0 Verviers, mort le 2 septembre 1816 \u00e0 Li\u00e8ge\u00a0: r\u00e9volutionnaire, homme politique li\u00e9geois et g\u00e9n\u00e9ral de la R\u00e9volution fran\u00e7aise.<\/span><\/p>\n<p>&nbsp;<\/p>\n<p style=\"text-align: justify;\"><span style=\"font-family: times new roman, times, serif; font-size: 14pt;\">Apr\u00e8s la R\u00e9volution, il joua un r\u00f4le d\u2019une certaine importance dans la Conjuration des \u00c9gaux de Babeuf et fut jug\u00e9 au proc\u00e8s de Vend\u00f4me avec Babeuf lui-m\u00eame, Buonarrotti et les autres conjur\u00e9s. Apr\u00e8s l\u2019attentat de la rue Saint Nicaise, il fut mis sur une liste de proscriptions, mais tous les efforts de la police de Fouch\u00e9 pour le retrouver rest\u00e8rent vains. Wikipedia affirme \u00e0 tort qu\u2019il s&rsquo;\u00e9tait r\u00e9fugi\u00e9 dans la R\u00e9publique Batave : il \u00e9tait \u00e0 Li\u00e8ge, o\u00f9 il est rest\u00e9, jusqu\u2019\u00e0 sa mort, sous la protection occulte de deux de ses gendres, un Fran\u00e7ais et un Vervi\u00e9tois, qui y remplirent, sous l\u2019occupation fran\u00e7aise post-thermidorienne, les fonctions de commissaire de police et de greffier du tribunal\u00a0 (Fyon a eu sept filles, orphelines de m\u00e8re, qui l\u2019ont accompagn\u00e9 partout, et dont six sont mortes octog\u00e9naires).<\/span><\/p>\n<p>&nbsp;<\/p>\n<p>&nbsp;<\/p>\n<p><span style=\"font-family: times new roman, times, serif; font-size: 14pt;\"><a href=\"http:\/\/blog.lesgrossesorchadeslesamplesthalameges.fr\/index.php\/21538-2\/0-cocarde-rouge-bleu-bis-10\/\" rel=\"attachment wp-att-21547\"><img loading=\"lazy\" class=\"wp-image-21547 aligncenter\" src=\"http:\/\/blog.lesgrossesorchadeslesamplesthalameges.fr\/wp-content\/uploads\/2023\/01\/0.-cocarde-rouge-bleu-bis.gif\" alt=\"\" width=\"40\" height=\"41\" \/><\/a><\/span><\/p>\n<p>&nbsp;<\/p>\n<p>&nbsp;<\/p>\n<p style=\"text-align: center;\"><span style=\"font-family: times new roman, times, serif; font-size: 14pt;\"><strong>Le second Vervi\u00e9tois fut\u00a0:<\/strong><\/span><\/p>\n<p><span style=\"font-family: times new roman, times, serif; font-size: 14pt;\"><strong>\u00a0<\/strong><\/span><\/p>\n<p><span style=\"font-family: times new roman, times, serif; font-size: 14pt;\"><a href=\"http:\/\/blog.lesgrossesorchadeslesamplesthalameges.fr\/?attachment_id=21629\" rel=\"attachment wp-att-21629\"><img loading=\"lazy\" class=\"aligncenter wp-image-21629\" src=\"http:\/\/blog.lesgrossesorchadeslesamplesthalameges.fr\/wp-content\/uploads\/2023\/01\/Jardon-1.jpg\" alt=\"\" width=\"300\" height=\"300\" srcset=\"https:\/\/blog.lesgrossesorchadeslesamplesthalameges.fr\/wp-content\/uploads\/2023\/01\/Jardon-1.jpg 350w, https:\/\/blog.lesgrossesorchadeslesamplesthalameges.fr\/wp-content\/uploads\/2023\/01\/Jardon-1-300x300.jpg 300w, https:\/\/blog.lesgrossesorchadeslesamplesthalameges.fr\/wp-content\/uploads\/2023\/01\/Jardon-1-150x150.jpg 150w\" sizes=\"(max-width: 300px) 100vw, 300px\" \/><\/a><\/span><\/p>\n<p>&nbsp;<\/p>\n<p>&nbsp;<\/p>\n<p style=\"text-align: justify;\"><span style=\"font-family: times new roman, times, serif; font-size: 14pt;\"><a href=\"https:\/\/fr.wikipedia.org\/wiki\/Henri_Antoine_Jardon\"><strong>Henri-Antoine Jardon<\/strong><\/a>, n\u00e9 le 3 f\u00e9vrier 1768 \u00e0 Verviers dans la principaut\u00e9 de Li\u00e8ge et mort le 25 mars 1809 \u00e0 S\u00e3o Martinho do Campo au Portugal, est un g\u00e9n\u00e9ral de la R\u00e9volution fran\u00e7aise et de l\u2019Empire, c\u00e9l\u00e8bre pour son courage et ses qualit\u00e9s humaines.<\/span><\/p>\n<p>&nbsp;<\/p>\n<p style=\"text-align: justify;\"><span style=\"font-family: times new roman, times, serif; font-size: 14pt;\">Il fut le plus jeune g\u00e9n\u00e9ral de la R\u00e9volution sorti du rang, et c\u2019est le seul des quatre li\u00e9geois qui ait son nom sur l\u2019Arc de Triomphe, parce qu\u2019il a rempil\u00e9 et qu\u2019il est mort sous Napol\u00e9on, alors qu\u2019il avait voulu, le 18 brumaire, aller \u00ab tuer l\u2019usurpateur \u00bb. Que ne l&rsquo;a-t-il fait !<\/span><\/p>\n<p>&nbsp;<\/p>\n<p style=\"text-align: justify;\"><span style=\"font-family: times new roman, times, serif; font-size: 14pt;\">Les quelque quatre cents descendants Jardon d\u2019aujourd\u2019hui (pas de lui en ligne directe, mais certains, en revanche, du \u00ab roi de Patagonie \u00bb) comptent deux pianistes virtuoses : Lydia Jardon, en Bretagne et Fabien Jardon, en Belgique.<\/span><\/p>\n<p>&nbsp;<\/p>\n<p>&nbsp;<\/p>\n<p><span style=\"font-family: times new roman, times, serif; font-size: 14pt;\"><a href=\"http:\/\/blog.lesgrossesorchadeslesamplesthalameges.fr\/?attachment_id=21623\" rel=\"attachment wp-att-21623\"><img loading=\"lazy\" class=\"size-full wp-image-21623 aligncenter\" src=\"http:\/\/blog.lesgrossesorchadeslesamplesthalameges.fr\/wp-content\/uploads\/2023\/01\/000.-russep-x.gif\" alt=\"\" width=\"50\" height=\"50\" \/><\/a><\/span><\/p>\n<p>&nbsp;<\/p>\n<p>&nbsp;<\/p>\n<p><span style=\"font-family: times new roman, times, serif; font-size: 14pt;\"><a href=\"http:\/\/blog.lesgrossesorchadeslesamplesthalameges.fr\/?attachment_id=21630\" rel=\"attachment wp-att-21630\"><img loading=\"lazy\" class=\"wp-image-21630 aligncenter\" src=\"http:\/\/blog.lesgrossesorchadeslesamplesthalameges.fr\/wp-content\/uploads\/2023\/01\/9.-MAO-300x211.jpg\" alt=\"\" width=\"600\" height=\"423\" srcset=\"https:\/\/blog.lesgrossesorchadeslesamplesthalameges.fr\/wp-content\/uploads\/2023\/01\/9.-MAO-300x211.jpg 300w, https:\/\/blog.lesgrossesorchadeslesamplesthalameges.fr\/wp-content\/uploads\/2023\/01\/9.-MAO.jpg 528w\" sizes=\"(max-width: 600px) 100vw, 600px\" \/><\/a><\/span><\/p>\n<p>&nbsp;<\/p>\n<p>&nbsp;<\/p>\n<p style=\"text-align: justify;\"><span style=\"font-family: comic sans ms, sans-serif; font-size: 14pt;\">Entre le 15\u00a0 octobre\u00a0 1934 et le 19 octobre 1935, il y eut La Longue Marche et Orient Lee quitta Paris pour rentrer en Chine.<\/span><\/p>\n<p style=\"text-align: justify;\"><span style=\"font-family: comic sans ms, sans-serif; font-size: 14pt;\">Malgr\u00e9 tous nos efforts, nous ne sommes h\u00e9las pas arriv\u00e9s \u00e0 retrouver sa trace.<\/span><\/p>\n<p>&nbsp;<\/p>\n<p>&nbsp;<\/p>\n<p><span style=\"font-family: times new roman, times, serif; font-size: 14pt;\"><a href=\"http:\/\/blog.lesgrossesorchadeslesamplesthalameges.fr\/?attachment_id=21631\" rel=\"attachment wp-att-21631\"><img loading=\"lazy\" class=\"wp-image-21631 size-full aligncenter\" src=\"http:\/\/blog.lesgrossesorchadeslesamplesthalameges.fr\/wp-content\/uploads\/2023\/01\/10.-mao-longue-marche-harangue_maxi.jpg\" alt=\"\" width=\"600\" height=\"452\" srcset=\"https:\/\/blog.lesgrossesorchadeslesamplesthalameges.fr\/wp-content\/uploads\/2023\/01\/10.-mao-longue-marche-harangue_maxi.jpg 600w, https:\/\/blog.lesgrossesorchadeslesamplesthalameges.fr\/wp-content\/uploads\/2023\/01\/10.-mao-longue-marche-harangue_maxi-300x226.jpg 300w\" sizes=\"(max-width: 600px) 100vw, 600px\" \/><\/a><\/span><\/p>\n<p style=\"text-align: center;\"><span style=\"font-family: times new roman, times, serif; font-size: 12pt;\"><strong><em>Mao Ts\u00e9 Toung haranguant ses troupes \u00e0 l&rsquo;issue de la Longue Marche<\/em><\/strong><\/span><\/p>\n<p>&nbsp;<\/p>\n<p>&nbsp;<\/p>\n<p><a href=\"http:\/\/blog.lesgrossesorchadeslesamplesthalameges.fr\/?attachment_id=21623\" rel=\"attachment wp-att-21623\"><img loading=\"lazy\" class=\"size-full wp-image-21623 aligncenter\" src=\"http:\/\/blog.lesgrossesorchadeslesamplesthalameges.fr\/wp-content\/uploads\/2023\/01\/000.-russep-x.gif\" alt=\"\" width=\"50\" height=\"50\" \/><\/a><\/p>\n<p>&nbsp;<\/p>\n<p>&nbsp;<\/p>\n<p style=\"text-align: left;\"><span style=\"font-family: times new roman, times, serif; font-size: 14pt;\"><strong>URL de cet article : <\/strong><a href=\"http:\/\/blog.lesgrossesorchadeslesamplesthalameges.fr\/index.php\/le-second-a-ecrit-en-francais\/\">http:\/\/blog.lesgrossesorchadeslesamplesthalameges.fr\/index.php\/le-second-a-ecrit-en-francais\/<\/a><strong><br \/>\n<\/strong><\/span><\/p>\n<p>&nbsp;<\/p>\n<p>&nbsp;<\/p>\n<p>&nbsp;<\/p>\n<p style=\"text-align: right;\"><span style=\"font-family: comic sans ms, sans-serif; font-size: 14pt;\">22 janvier 2023<\/span><\/p>\n<p>&nbsp;<\/p>\n<p>&nbsp;<\/p>\n","protected":false},"excerpt":{"rendered":"<p>&nbsp; &nbsp; &nbsp; &nbsp; &nbsp; &nbsp; &nbsp; &nbsp; Le second a \u00e9crit en fran\u00e7ais \u00a0 Malheureusement, on ne sait pas grand-chose de lui, sinon qu\u2019il a \u00e9tudi\u00e9 \u00e0 la Facult\u00e9 des Lettres de la Sorbonne, o\u00f9 il a \u00e9t\u00e9 l\u2019\u00e9l\u00e8ve d\u2019Albert Mathiez, et qu\u2019il \u00e9tait dipl\u00f4m\u00e9 de l\u2019universit\u00e9 Tsing-Hua de P\u00e9kin. C\u2019est d\u2019ailleurs le p\u00e8re&#8230;<\/p>\n","protected":false},"author":1,"featured_media":0,"parent":0,"menu_order":0,"comment_status":"open","ping_status":"open","template":"","meta":[],"_links":{"self":[{"href":"https:\/\/blog.lesgrossesorchadeslesamplesthalameges.fr\/index.php\/wp-json\/wp\/v2\/pages\/21664"}],"collection":[{"href":"https:\/\/blog.lesgrossesorchadeslesamplesthalameges.fr\/index.php\/wp-json\/wp\/v2\/pages"}],"about":[{"href":"https:\/\/blog.lesgrossesorchadeslesamplesthalameges.fr\/index.php\/wp-json\/wp\/v2\/types\/page"}],"author":[{"embeddable":true,"href":"https:\/\/blog.lesgrossesorchadeslesamplesthalameges.fr\/index.php\/wp-json\/wp\/v2\/users\/1"}],"replies":[{"embeddable":true,"href":"https:\/\/blog.lesgrossesorchadeslesamplesthalameges.fr\/index.php\/wp-json\/wp\/v2\/comments?post=21664"}],"version-history":[{"count":17,"href":"https:\/\/blog.lesgrossesorchadeslesamplesthalameges.fr\/index.php\/wp-json\/wp\/v2\/pages\/21664\/revisions"}],"predecessor-version":[{"id":21681,"href":"https:\/\/blog.lesgrossesorchadeslesamplesthalameges.fr\/index.php\/wp-json\/wp\/v2\/pages\/21664\/revisions\/21681"}],"wp:attachment":[{"href":"https:\/\/blog.lesgrossesorchadeslesamplesthalameges.fr\/index.php\/wp-json\/wp\/v2\/media?parent=21664"}],"curies":[{"name":"wp","href":"https:\/\/api.w.org\/{rel}","templated":true}]}}