{"id":21704,"date":"2023-01-21T17:48:04","date_gmt":"2023-01-21T16:48:04","guid":{"rendered":"http:\/\/blog.lesgrossesorchadeslesamplesthalameges.fr\/?page_id=21704"},"modified":"2023-01-21T17:49:34","modified_gmt":"2023-01-21T16:49:34","slug":"audience-historique-aux-usa-voici-comment-est-ne-le-virus","status":"publish","type":"page","link":"https:\/\/blog.lesgrossesorchadeslesamplesthalameges.fr\/index.php\/audience-historique-aux-usa-voici-comment-est-ne-le-virus\/","title":{"rendered":"Audience historique aux USA\u00a0: Voici comment est n\u00e9 le virus"},"content":{"rendered":"<p>&nbsp;<\/p>\n<p>&nbsp;<\/p>\n<p>&nbsp;<\/p>\n<p>&nbsp;<\/p>\n<p>&nbsp;<\/p>\n<p>&nbsp;<\/p>\n<p>&nbsp;<\/p>\n<p>&nbsp;<\/p>\n<p style=\"text-align: center;\"><span style=\"font-family: times new roman, times, serif; font-size: 36pt;\"><strong>Audience historique aux USA\u00a0: Voici comment est n\u00e9 le virus<\/strong><\/span><\/p>\n<p>&nbsp;<\/p>\n<p style=\"text-align: center;\"><span style=\"font-family: times new roman, times, serif; font-size: 18pt;\"><strong><em>ByoBlu.com<\/em><\/strong><strong> \u2013 6.8.2022<\/strong><\/span><\/p>\n<p style=\"text-align: center;\"><span style=\"font-family: times new roman, times, serif; font-size: 18pt;\">(traduit de l\u2019italien par <strong><em>L.G.O<\/em><\/strong>.)<\/span><\/p>\n<p>&nbsp;<\/p>\n<p>&nbsp;<\/p>\n<p style=\"text-align: center;\"><a href=\"http:\/\/blog.lesgrossesorchadeslesamplesthalameges.fr\/index.php\/2023\/01\/21\/et-bonne-annee-du-lievre-a-tous\/17-gambit\/\" rel=\"attachment wp-att-21632\"><img loading=\"lazy\" class=\"alignnone wp-image-21632 size-full\" src=\"http:\/\/blog.lesgrossesorchadeslesamplesthalameges.fr\/wp-content\/uploads\/2023\/01\/17.-Gambit.jpg\" alt=\"\" width=\"600\" height=\"337\" srcset=\"https:\/\/blog.lesgrossesorchadeslesamplesthalameges.fr\/wp-content\/uploads\/2023\/01\/17.-Gambit.jpg 600w, https:\/\/blog.lesgrossesorchadeslesamplesthalameges.fr\/wp-content\/uploads\/2023\/01\/17.-Gambit-300x169.jpg 300w\" sizes=\"(max-width: 600px) 100vw, 600px\" \/><\/a><\/p>\n<p>&nbsp;<\/p>\n<p>&nbsp;<\/p>\n<p style=\"text-align: justify;\"><span style=\"font-family: times new roman, times, serif; font-size: 14pt;\">Deux ans apr\u00e8s l&rsquo;av\u00e8nement du Covid-19, un d\u00e9bat institutionnel s\u00e9rieux sur les exp\u00e9riences de laboratoire de type \u00ab\u00a0gain-de-fonction\u00a0\u00bb s&rsquo;est ouvert aux \u00c9tats-Unis. Le 3 ao\u00fbt 2022, un groupe de scientifiques et d&rsquo;universitaires a d\u00e9battu des risques et des avantages des exp\u00e9riences de manipulation de virus devant la commission s\u00e9natoriale de la s\u00e9curit\u00e9 int\u00e9rieure et des affaires gouvernementales sur les menaces \u00e9mergentes. Selon la d\u00e9finition du <em>National Institute of Health<\/em> (NIH), la recherche par gain de fonction concerne les modifications g\u00e9n\u00e9tiques et les exp\u00e9riences sur les virus et les agents pathog\u00e8nes <em>afin d&rsquo;augmenter leur puissance et leur transmission<\/em>. Selon <strong>Richard Ebright<\/strong>, professeur de chimie \u00e0 l&rsquo;universit\u00e9 Rutgers, \u00ab\u00a0la recherche sur les gains de fonction peut accro\u00eetre les connaissances scientifiques, mais elle <strong>n&rsquo;a aucune application civile pratique<\/strong>\u00a0\u00bb.<\/span><\/p>\n<p style=\"text-align: justify;\"><span style=\"font-family: times new roman, times, serif; font-size: 14pt;\">Au cours de cette audience sans pr\u00e9c\u00e9dent, qui a \u00e9t\u00e9 fortement soutenue par le s\u00e9nateur r\u00e9publicain <strong>Rand Paul<\/strong>, plusieurs questions ont \u00e9t\u00e9 abord\u00e9es, notamment les probl\u00e8mes de s\u00e9curit\u00e9 nationale pos\u00e9s par la recherche et la n\u00e9cessit\u00e9 d&rsquo;une supervision des projets par des organismes ind\u00e9pendants qui ne sont pas directement impliqu\u00e9s dans l&rsquo;exp\u00e9rimentation. \u00ab\u00a0La recherche sur les gains de fonction a le potentiel de d\u00e9clencher des pand\u00e9mies mondiales qui menacent la vie de millions de personnes, mais c&rsquo;est la premi\u00e8re fois que cette question est discut\u00e9e lors d&rsquo;une audience du Congr\u00e8s\u00a0\u00bb, a d\u00e9clar\u00e9 Rand Paul dans son discours d&rsquo;ouverture.<\/span><\/p>\n<p>&nbsp;<\/p>\n<p style=\"text-align: justify;\"><span style=\"font-family: times new roman, times, serif; font-size: 18pt;\"><strong>Rand Paul contre Anthony Fauci<\/strong><\/span><\/p>\n<p style=\"text-align: justify;\"><span style=\"font-family: times new roman, times, serif; font-size: 14pt;\">C&rsquo;est Paul lui-m\u00eame qui avait mis sur la sellette le virologue Anthony Fauci au d\u00e9but de l&rsquo;ann\u00e9e au sujet de sa responsabilit\u00e9 pr\u00e9sum\u00e9e dans l&rsquo;origine du Sars-Cov-2. Le 11 janvier 2022, le Congr\u00e8s am\u00e9ricain avait rendu publique une s\u00e9rie de courriels impliquant, entre autres, Anthony Fauci lui-m\u00eame, qui montraient l&rsquo;intention d&rsquo;un cercle sp\u00e9cifique de scientifiques de qualifier l&rsquo;origine artificielle du virus de \u00ab\u00a0th\u00e9orie du complot\u00a0\u00bb. Fauci avait ni\u00e9 toute implication, mais des documents gouvernementaux montrent que le d\u00e9partement de Fauci a financ\u00e9 l&rsquo;<em>Alliance EcoHealth<\/em>. Il s&rsquo;agit d&rsquo;une organisation am\u00e9ricaine \u00e0 but non lucratif controvers\u00e9e, active \u00e0 Wuhan m\u00eame dans la recherche sur le coronavirus de la chauve-souris.<\/span><\/p>\n<p>&nbsp;<\/p>\n<p style=\"text-align: justify;\"><span style=\"font-family: times new roman, times, serif; font-size: 18pt;\"><strong>L&rsquo;intervention de Steven Quay<\/strong><\/span><\/p>\n<p style=\"text-align: justify;\"><span style=\"font-family: times new roman, times, serif; font-size: 14pt;\">L&rsquo;un des plus grands chercheurs en m\u00e9decine et en pharmacologie au monde et fondateur d&rsquo;<em>Atossa Therapeutics <\/em>\u00e0 Seattle, <strong>Steven Quay<\/strong>, a \u00e9galement pris la parole lors de l&rsquo;audition. Le chercheur a expliqu\u00e9 la nature d&rsquo;une \u00e9tude mondiale sur les gains de fonction, appel\u00e9e <strong><em>Global Virome Project<\/em> (GVP).<\/strong> \u00ab\u00a0L&rsquo;objectif d\u00e9clar\u00e9 du Projet Global Virome ? Collecter <strong>500.000 virus inconnus<\/strong> capables d&rsquo;infecter les humains et les amener dans un laboratoire pr\u00e8s de chez vous. Qu&rsquo;est-ce qui pourrait mal tourner ?\u00a0\u00bb, a d\u00e9clar\u00e9 M. Quay, auteur avec Paolo Barnard du livre <em>L\u2019origine du virus. Les v\u00e9rit\u00e9s cach\u00e9es qui ont tu\u00e9 des millions de personnes<\/em>. L&rsquo;audition sera la premi\u00e8re \u00e9tape d&rsquo;une v\u00e9ritable enqu\u00eate, n\u00e9cessaire pour \u00e9tablir les responsabilit\u00e9s \u00e9ventuelles d\u2019un virus qui, qu&rsquo;on le veuille ou non, a mis le monde sens dessus dessous.<\/span><\/p>\n<p>&nbsp;<\/p>\n<p style=\"text-align: left;\"><span style=\"font-family: times new roman, times, serif; font-size: 14pt;\">Source\u00a0: <a href=\"https:\/\/www.byoblu.com\/2022\/08\/06\/udienza-storica-negli-usa-ecco-come-nato-il-virus\/\">UDIENZA STORICA NEGLI USA: ECCO COM&rsquo;\u00c8 NATO IL VIRUS (byoblu.com)<\/a><\/span><\/p>\n<p style=\"text-align: left;\"><span style=\"font-family: times new roman, times, serif; font-size: 14pt;\">ou<\/span><\/p>\n<p style=\"text-align: left;\"><span style=\"font-family: times new roman, times, serif; font-size: 14pt;\"><a href=\"https:\/\/www.pointofnews.it\/ultime_notizie_su_tenuta\/articolo-3653405-UDIENZA_STORICA_NEGLI_USA%3A_ECCO_COM%26%23039%3B%C3%88_NATO_IL_VIRUS\">ultime notizie su tenuta UDIENZA STORICA NEGLI USA: ECCO COM&rsquo;\u00c8 NATO IL VIRUS (pointofnews.it)<\/a> non censur\u00e9.<\/span><\/p>\n<p>&nbsp;<\/p>\n<p><span style=\"font-family: times new roman, times, serif; font-size: 14pt;\"><strong>URL de cet article : <\/strong><a href=\"http:\/\/blog.lesgrossesorchadeslesamplesthalameges.fr\/index.php\/audience-historique-aux-usa-voici-comment-est-ne-le-virus\/\">http:\/\/blog.lesgrossesorchadeslesamplesthalameges.fr\/index.php\/audience-historique-aux-usa-voici-comment-est-ne-le-virus\/<\/a><strong><br \/>\n<\/strong><\/span><\/p>\n<p><strong>\u00a0<\/strong><\/p>\n<p>&nbsp;<\/p>\n<p style=\"text-align: center;\"><strong>\u00a0<a href=\"http:\/\/blog.lesgrossesorchadeslesamplesthalameges.fr\/index.php\/2023\/01\/21\/et-bonne-annee-du-lievre-a-tous\/000-russep-x-39\/\" rel=\"attachment wp-att-21623\"><img loading=\"lazy\" class=\"alignnone size-full wp-image-21623\" src=\"http:\/\/blog.lesgrossesorchadeslesamplesthalameges.fr\/wp-content\/uploads\/2023\/01\/000.-russep-x.gif\" alt=\"\" width=\"50\" height=\"50\" \/><\/a><\/strong><\/p>\n<p><strong>\u00a0<\/strong><\/p>\n<p style=\"text-align: right;\"><span style=\"font-family: comic sans ms, sans-serif; font-size: 14pt;\">22 janvier 2023<\/span><\/p>\n<p>&nbsp;<\/p>\n<p>&nbsp;<\/p>\n","protected":false},"excerpt":{"rendered":"<p>&nbsp; &nbsp; &nbsp; &nbsp; &nbsp; &nbsp; &nbsp; &nbsp; Audience historique aux USA\u00a0: Voici comment est n\u00e9 le virus &nbsp; ByoBlu.com \u2013 6.8.2022 (traduit de l\u2019italien par L.G.O.) &nbsp; &nbsp; &nbsp; &nbsp; Deux ans apr\u00e8s l&rsquo;av\u00e8nement du Covid-19, un d\u00e9bat institutionnel s\u00e9rieux sur les exp\u00e9riences de laboratoire de type \u00ab\u00a0gain-de-fonction\u00a0\u00bb s&rsquo;est ouvert aux \u00c9tats-Unis. Le 3&#8230;<\/p>\n","protected":false},"author":1,"featured_media":0,"parent":0,"menu_order":0,"comment_status":"open","ping_status":"open","template":"","meta":[],"_links":{"self":[{"href":"https:\/\/blog.lesgrossesorchadeslesamplesthalameges.fr\/index.php\/wp-json\/wp\/v2\/pages\/21704"}],"collection":[{"href":"https:\/\/blog.lesgrossesorchadeslesamplesthalameges.fr\/index.php\/wp-json\/wp\/v2\/pages"}],"about":[{"href":"https:\/\/blog.lesgrossesorchadeslesamplesthalameges.fr\/index.php\/wp-json\/wp\/v2\/types\/page"}],"author":[{"embeddable":true,"href":"https:\/\/blog.lesgrossesorchadeslesamplesthalameges.fr\/index.php\/wp-json\/wp\/v2\/users\/1"}],"replies":[{"embeddable":true,"href":"https:\/\/blog.lesgrossesorchadeslesamplesthalameges.fr\/index.php\/wp-json\/wp\/v2\/comments?post=21704"}],"version-history":[{"count":4,"href":"https:\/\/blog.lesgrossesorchadeslesamplesthalameges.fr\/index.php\/wp-json\/wp\/v2\/pages\/21704\/revisions"}],"predecessor-version":[{"id":21708,"href":"https:\/\/blog.lesgrossesorchadeslesamplesthalameges.fr\/index.php\/wp-json\/wp\/v2\/pages\/21704\/revisions\/21708"}],"wp:attachment":[{"href":"https:\/\/blog.lesgrossesorchadeslesamplesthalameges.fr\/index.php\/wp-json\/wp\/v2\/media?parent=21704"}],"curies":[{"name":"wp","href":"https:\/\/api.w.org\/{rel}","templated":true}]}}