{"id":21710,"date":"2023-01-21T18:13:39","date_gmt":"2023-01-21T17:13:39","guid":{"rendered":"http:\/\/blog.lesgrossesorchadeslesamplesthalameges.fr\/?page_id=21710"},"modified":"2023-01-21T18:16:07","modified_gmt":"2023-01-21T17:16:07","slug":"21710-2","status":"publish","type":"page","link":"https:\/\/blog.lesgrossesorchadeslesamplesthalameges.fr\/index.php\/21710-2\/","title":{"rendered":"Tentative d&rsquo;interview de Bourla, PDG de Pfizer"},"content":{"rendered":"<p>&nbsp;<\/p>\n<p>&nbsp;<\/p>\n<p>&nbsp;<\/p>\n<p>&nbsp;<\/p>\n<p>&nbsp;<\/p>\n<p>&nbsp;<\/p>\n<p>&nbsp;<\/p>\n<p>&nbsp;<\/p>\n<p style=\"text-align: center;\"><span style=\"font-family: times new roman, times, serif; font-size: 36pt;\"><strong>Tentative d\u2019interview de <\/strong><\/span><\/p>\n<p style=\"text-align: center;\"><span style=\"font-family: times new roman, times, serif; font-size: 36pt;\"><strong>Bourla, le PDG de Pfizer propri\u00e9taire d&rsquo;Ursula von der Leyen &amp; C\u00b0<\/strong><\/span><\/p>\n<p style=\"text-align: center;\"><span style=\"font-family: times new roman, times, serif; font-size: 36pt;\"><strong>par deux reporters de Rebel News<\/strong><\/span><span style=\"font-family: times new roman, times, serif; font-size: 36pt;\"><strong>\u00a0<\/strong><\/span><\/p>\n<p>&nbsp;<\/p>\n<p>&nbsp;<\/p>\n<p style=\"text-align: center;\"><span style=\"font-family: times new roman, times, serif; font-size: 18pt;\"><strong>Ezra Levant \u2013 <em>Rebel News<\/em> \u2013 19.1.2023<\/strong><\/span><\/p>\n<p style=\"text-align: justify;\"><span style=\"font-family: times new roman, times, serif; font-size: 14pt;\"><strong>\u00a0<\/strong><\/span><\/p>\n<p>&nbsp;<\/p>\n<p>&nbsp;<\/p>\n<p style=\"text-align: center;\"><span style=\"font-family: times new roman, times, serif; font-size: 14pt;\"><strong>\u00a0<a href=\"http:\/\/blog.lesgrossesorchadeslesamplesthalameges.fr\/index.php\/2023\/01\/21\/et-bonne-annee-du-lievre-a-tous\/11-bourla-at-davos-3\/\" rel=\"attachment wp-att-21634\"><img loading=\"lazy\" class=\"alignnone wp-image-21634 size-full\" src=\"http:\/\/blog.lesgrossesorchadeslesamplesthalameges.fr\/wp-content\/uploads\/2023\/01\/11.-Bourla-at-Davos-3.jpg\" alt=\"\" width=\"600\" height=\"336\" srcset=\"https:\/\/blog.lesgrossesorchadeslesamplesthalameges.fr\/wp-content\/uploads\/2023\/01\/11.-Bourla-at-Davos-3.jpg 600w, https:\/\/blog.lesgrossesorchadeslesamplesthalameges.fr\/wp-content\/uploads\/2023\/01\/11.-Bourla-at-Davos-3-300x168.jpg 300w\" sizes=\"(max-width: 600px) 100vw, 600px\" \/><\/a><\/strong><\/span><\/p>\n<p>&nbsp;<\/p>\n<p style=\"text-align: center;\"><span style=\"font-family: times new roman, times, serif; font-size: 14pt;\"><strong>\u00a0<a href=\"http:\/\/blog.lesgrossesorchadeslesamplesthalameges.fr\/index.php\/2023\/01\/21\/et-bonne-annee-du-lievre-a-tous\/000-vers-le-bas-fleche-rouge-gif-copie-30\/\" rel=\"attachment wp-att-21635\"><img loading=\"lazy\" class=\"alignnone size-full wp-image-21635\" src=\"http:\/\/blog.lesgrossesorchadeslesamplesthalameges.fr\/wp-content\/uploads\/2023\/01\/000.-vers-le-bas-fleche-rouge-GIF-Copie-1.gif\" alt=\"\" width=\"100\" height=\"100\" \/><\/a><\/strong><\/span><\/p>\n<p style=\"text-align: center;\"><span style=\"font-family: times new roman, times, serif; font-size: 14pt;\"><a href=\"https:\/\/www.rebelnews.com\/caught_him_rebel_news_pummels_pfizer_ceo_with_questions_at_world_economic_forum\"><strong><span style=\"font-size: 18pt;\">CAUGHT HIM! Rebel News pummels Pfizer CEO with questions at World Economic Forum<\/span><\/strong><\/a><strong><span style=\"font-size: 18pt;\">\u00a0<\/span><\/strong><\/span><\/p>\n<p>&nbsp;<\/p>\n<p>&nbsp;<\/p>\n<p style=\"text-align: center;\"><span style=\"font-family: times new roman, times, serif; font-size: 24pt;\"><strong>ON L&rsquo;A ATTRAP\u00c9 ! Rebel News assaille de questions le PDG de Pfizer au Forum \u00e9conomique mondial<\/strong>.\u00a0<\/span><\/p>\n<p>&nbsp;<\/p>\n<p>&nbsp;<\/p>\n<p style=\"text-align: justify;\"><span style=\"font-family: comic sans ms, sans-serif;\">Les journalistes ont abord\u00e9 des questions cruciales sur les vaccins, notamment sur le fait que les vaccins n\u2019emp\u00eachent pas la transmission, information que Pfizer a cach\u00e9e au public\u00a0: \u00ab\u00a0<em>Quand avez-vous su que les vaccins n\u2019emp\u00eachaient pas la transmission ? Combien de temps l\u2019avez-vous su sans le dire publiquement ? Pourquoi avez-vous gard\u00e9 cela secret ?<\/em>\u00a0\u00bb\u00a0. Et ils ont r\u00e9clam\u00e9 de Pfizer des excuses pour ce silence qui a conduit \u00e0 d\u2019innombrables restrictions dans le monde et a l\u2019exclusion d\u2019une partie de la population mondiale.<\/span><\/p>\n<p style=\"text-align: justify;\"><span style=\"font-family: comic sans ms, sans-serif;\">Les deux journalistes ont \u00e9galement exig\u00e9 des r\u00e9ponses sur les probl\u00e8mes de sant\u00e9 li\u00e9s aux (ou caus\u00e9s par) les vaccins, comme les attaques cardiaques \u00ab\u00a0<em>\u00cates-vous inquiet \u00e0 propos de la responsabilit\u00e9 du produit ? \u00cates-vous inquiet au sujet de la myocardite ? Que pensez-vous des d\u00e9c\u00e8s brusques et des jeunes hommes qui tombent tous les jours victimes d\u2019arr\u00eat du coeur ?<\/em>\u00a0\u00bb. Et sur les all\u00e9gations de pratiques commerciales trompeuses\u00a0: \u00ab\u00a0<em>Pfizer a pay\u00e9 2,3 milliards de dollars d\u2019amendes pour une publicit\u00e9 mensong\u00e8re. \u00cates-vous actuellement sous enqu\u00eate comme vous l\u2019avez \u00e9t\u00e9 pour cette publicit\u00e9 ?<\/em>\u00a0\u00bb<\/span><\/p>\n<p><span style=\"font-family: comic sans ms, sans-serif;\">Que r\u00e9pond Bourla ? Rien.<\/span><\/p>\n<p>&nbsp;<\/p>\n<p style=\"text-align: justify; padding-left: 120px;\"><em><span style=\"font-family: comic sans ms, sans-serif; font-size: 12pt;\">\u00ab Entre Avi et moi, nous avons pos\u00e9 29 questions. Tout ce que nous voulions demander au PDG de Pfizer depuis trois ans &#8211; depuis les profits qu&rsquo;il a personnellement tir\u00e9s de la pand\u00e9mie jusqu&rsquo;aux sommes qu&rsquo;il a vers\u00e9es \u00e0 d&rsquo;autres pour promouvoir ses vaccins, en passant par des questions importantes sur le moment o\u00f9 il a su que ses vaccins n&#8217;emp\u00eachaient pas la transmission, et pourquoi il a gard\u00e9 le secret.<\/span><\/em><\/p>\n<p style=\"text-align: justify; padding-left: 120px;\"><em><span style=\"font-family: comic sans ms, sans-serif; font-size: 12pt;\">Si vous aimez ces questions &#8211; et si vous pensez que le silence de Bourla \u00e9tait assourdissant &#8211; aidez-nous \u00e0 poursuivre notre travail pour nous aider \u00e0 financer davantage de journalisme citoyen comme celui-ci ! (Merci.)<\/span><\/em><\/p>\n<p style=\"text-align: justify; padding-left: 120px;\"><em><span style=\"font-family: comic sans ms, sans-serif; font-size: 12pt;\">Nous mettons en ligne tous nos reportages comme celui-ci sur un site sp\u00e9cial appel\u00e9 www.WEFReports.com. Consultez-le tous les jours ! \u00bb<br \/>\n<\/span><\/em><\/p>\n<p>&nbsp;<\/p>\n<p style=\"text-align: justify;\"><strong><span style=\"font-family: comic sans ms, sans-serif; font-size: 14pt;\">M\u00eame sans comprendre l\u2019anglais, on saisit ais\u00e9ment l\u2019absence de r\u00e9ponses de celui qui, \u00e0 la fin, s\u2019engouffre l\u00e0 o\u00f9 il va d\u00e9cider de notre sort avec ses complices de la mafia globaliste (dont, ne l\u2019oublions pas, quelques z\u00e9lus belges)<\/span><\/strong><\/p>\n<p style=\"text-align: justify;\"><span style=\"font-family: comic sans ms, sans-serif; font-size: 12pt;\"><strong>\u00a0<\/strong><\/span><\/p>\n<p style=\"text-align: justify;\"><span style=\"font-family: comic sans ms, sans-serif; font-size: 12pt;\">Ne perdons pas de vue cependant que, <a href=\"https:\/\/www.youtube.com\/watch?time_continue=94&amp;v=4UUKKGgVbEU&amp;embeds_euri=https%3A%2F%2Ftheduran.com%2F&amp;source_ve_path=MTI3Mjk5LDEzOTExNywzNjg0MiwzNjg0MiwzNjg0MiwzNjg0MiwzNjg0MiwyMzg1MQ&amp;feature=emb_title\">comme l\u2019exprime si poliment Alexandre Mercouris<\/a>, dans un de ses derniers \u00e9changes avec Alex Christoforou : \u00ab \u2026le forum \u00e9conomique mondial de Davos, cette ann\u00e9e, \u201cglisse dans l\u2019absurdit\u00e9 et l\u2019insignifiance\u201d \u00bb. Parce qu\u2019il semble que plus personne dans le monde n\u2019arrive \u00e0 le prendre au s\u00e9rieux. Et parce que, d\u00e9sormais, les vrais dirigeants du monde sont ailleurs (au point que m\u00eame Elon Musk ne s\u2019est pas d\u00e9rang\u00e9).<\/span><\/p>\n<p style=\"text-align: justify;\"><span style=\"font-family: comic sans ms, sans-serif; font-size: 12pt;\">Pire (ou mieux) : Que la France et l\u2019Angleterre fassent partie du Conseil de S\u00e9curit\u00e9 des Nations Unies mais que l\u2019Inde et le Br\u00e9sil n\u2019y soient pas admis, ne peut signifier qu\u2019une chose : que l\u2019ONU elle-m\u00eame ne repr\u00e9sente plus que le D\u00e9partement d\u2019\u00c9tat U.S. \u00a0et que ses jours sont compt\u00e9s.<\/span><\/p>\n<p style=\"text-align: justify;\"><span style=\"font-family: comic sans ms, sans-serif; font-size: 12pt;\">Bref, attendons-nous \u00e0 voir un de ces quatre \u00ab\u00a0les autres\u00a0\u00bb fonder, ailleurs, une association des peuples plus repr\u00e9sentative et moins discr\u00e9dit\u00e9e.<\/span><\/p>\n<p style=\"text-align: justify;\"><span style=\"font-family: comic sans ms, sans-serif; font-size: 12pt;\"><strong>\u00a0<\/strong><\/span><\/p>\n<p style=\"text-align: left;\"><span style=\"font-family: times new roman, times, serif; font-size: 14pt;\"><strong>URL de cet article : <\/strong><a href=\"http:\/\/blog.lesgrossesorchadeslesamplesthalameges.fr\/index.php\/21710-2\/\">http:\/\/blog.lesgrossesorchadeslesamplesthalameges.fr\/index.php\/21710-2\/<\/a><strong><br \/>\n<\/strong><\/span><\/p>\n<p style=\"text-align: justify;\"><span style=\"font-family: times new roman, times, serif; font-size: 14pt;\"><strong>\u00a0<\/strong><\/span><\/p>\n<p>&nbsp;<\/p>\n<p style=\"text-align: center;\"><strong>\u00a0<a href=\"http:\/\/blog.lesgrossesorchadeslesamplesthalameges.fr\/index.php\/2023\/01\/21\/et-bonne-annee-du-lievre-a-tous\/000-russep-x-39\/\" rel=\"attachment wp-att-21623\"><img loading=\"lazy\" class=\"alignnone size-full wp-image-21623\" src=\"http:\/\/blog.lesgrossesorchadeslesamplesthalameges.fr\/wp-content\/uploads\/2023\/01\/000.-russep-x.gif\" alt=\"\" width=\"50\" height=\"50\" \/><\/a><\/strong><\/p>\n<p><strong>\u00a0<\/strong><\/p>\n<p><strong>\u00a0<\/strong><\/p>\n<p style=\"text-align: right;\"><span style=\"font-family: comic sans ms, sans-serif; font-size: 14pt;\">22 janvier 2023<\/span><\/p>\n<p>&nbsp;<\/p>\n<p>&nbsp;<\/p>\n","protected":false},"excerpt":{"rendered":"<p>&nbsp; &nbsp; &nbsp; &nbsp; &nbsp; &nbsp; &nbsp; &nbsp; Tentative d\u2019interview de Bourla, le PDG de Pfizer propri\u00e9taire d&rsquo;Ursula von der Leyen &amp; C\u00b0 par deux reporters de Rebel News\u00a0 &nbsp; &nbsp; Ezra Levant \u2013 Rebel News \u2013 19.1.2023 \u00a0 &nbsp; &nbsp; \u00a0 &nbsp; \u00a0 CAUGHT HIM! Rebel News pummels Pfizer CEO with questions at World&#8230;<\/p>\n","protected":false},"author":1,"featured_media":0,"parent":0,"menu_order":0,"comment_status":"open","ping_status":"open","template":"","meta":[],"_links":{"self":[{"href":"https:\/\/blog.lesgrossesorchadeslesamplesthalameges.fr\/index.php\/wp-json\/wp\/v2\/pages\/21710"}],"collection":[{"href":"https:\/\/blog.lesgrossesorchadeslesamplesthalameges.fr\/index.php\/wp-json\/wp\/v2\/pages"}],"about":[{"href":"https:\/\/blog.lesgrossesorchadeslesamplesthalameges.fr\/index.php\/wp-json\/wp\/v2\/types\/page"}],"author":[{"embeddable":true,"href":"https:\/\/blog.lesgrossesorchadeslesamplesthalameges.fr\/index.php\/wp-json\/wp\/v2\/users\/1"}],"replies":[{"embeddable":true,"href":"https:\/\/blog.lesgrossesorchadeslesamplesthalameges.fr\/index.php\/wp-json\/wp\/v2\/comments?post=21710"}],"version-history":[{"count":9,"href":"https:\/\/blog.lesgrossesorchadeslesamplesthalameges.fr\/index.php\/wp-json\/wp\/v2\/pages\/21710\/revisions"}],"predecessor-version":[{"id":21719,"href":"https:\/\/blog.lesgrossesorchadeslesamplesthalameges.fr\/index.php\/wp-json\/wp\/v2\/pages\/21710\/revisions\/21719"}],"wp:attachment":[{"href":"https:\/\/blog.lesgrossesorchadeslesamplesthalameges.fr\/index.php\/wp-json\/wp\/v2\/media?parent=21710"}],"curies":[{"name":"wp","href":"https:\/\/api.w.org\/{rel}","templated":true}]}}