{"id":21776,"date":"2023-01-26T02:57:08","date_gmt":"2023-01-26T01:57:08","guid":{"rendered":"http:\/\/blog.lesgrossesorchadeslesamplesthalameges.fr\/?page_id=21776"},"modified":"2023-01-26T02:57:08","modified_gmt":"2023-01-26T01:57:08","slug":"guerre-psychologique","status":"publish","type":"page","link":"https:\/\/blog.lesgrossesorchadeslesamplesthalameges.fr\/index.php\/guerre-psychologique\/","title":{"rendered":"Guerre Psychologique"},"content":{"rendered":"<p>&nbsp;<\/p>\n<p>&nbsp;<\/p>\n<p>&nbsp;<\/p>\n<p>&nbsp;<\/p>\n<p>&nbsp;<\/p>\n<p>&nbsp;<\/p>\n<p>&nbsp;<\/p>\n<p>&nbsp;<\/p>\n<p style=\"margin: 0cm; margin-bottom: .0001pt; text-align: center; line-height: 150%;\" align=\"center\"><strong><span style=\"font-size: 36.0pt; line-height: 150%;\">GUERRE PSYCHOLOGIQUE \u2013 Une guerre par procuration est une guerre \u2013 LA IIIe MONDIALE ARRIVE :<\/span><\/strong><\/p>\n<p>&nbsp;<\/p>\n<p>&nbsp;<\/p>\n<p style=\"text-align: center;\"><strong><span style=\"font-family: times new roman, times, serif; font-size: 18pt;\"><em>2nd Smartest Guy in the World<\/em>\u00a0 \u2013\u00a0 19.1.2023<\/span><\/strong><\/p>\n<p style=\"text-align: center;\"><span style=\"font-family: times new roman, times, serif; font-size: 18pt;\">Traduction :<\/span><strong><span style=\"font-family: times new roman, times, serif; font-size: 18pt;\"> c.l. <\/span><\/strong><span style=\"font-family: times new roman, times, serif; font-size: 18pt;\">pour <\/span><strong><span style=\"font-family: times new roman, times, serif; font-size: 18pt;\"><em>L.G.O.<\/em><\/span><\/strong><\/p>\n<p>&nbsp;<\/p>\n<p>&nbsp;<\/p>\n<p style=\"text-align: justify;\"><span style=\"font-family: times new roman, times, serif; font-size: 14pt;\">L&rsquo;Am\u00e9rique et l&rsquo;Union Europ\u00e9enne sont engag\u00e9es dans une guerre indirecte <em>[par Ukraine interpos\u00e9e, NdT]<\/em> \u00a0avec la Russie. Le coup d&rsquo;\u00c9tat ukrainien de 2014 orchestr\u00e9 par la CIA n&rsquo;\u00e9tait autre que la mise en place de la PSYOP-WW3 (Op\u00e9ration Psychologique &#8211; IIIe Guerre Mondiale) d&rsquo;aujourd&rsquo;hui, qui n&rsquo;est elle-m\u00eame rien d&rsquo;autre que la poursuite du programme de peur massivement inocul\u00e9e PSYOP-19 (Op\u00e9ration Psychologique Covid 19), qualifi\u00e9e de \u00ab\u00a0pand\u00e9mie\u00a0\u00bb.<\/span><\/p>\n<p>&nbsp;<\/p>\n<p>&nbsp;<\/p>\n<p style=\"text-align: center;\"><span style=\"font-family: times new roman, times, serif; font-size: 14pt;\"><iframe loading=\"lazy\" title=\"YouTube video player\" src=\"\/\/www.youtube.com\/embed\/75Y_U7ifW7g\" width=\"560\" height=\"315\" frameborder=\"0\" allowfullscreen=\"allowfullscreen\"><\/iframe><\/span><\/p>\n<p>&nbsp;<\/p>\n<p>&nbsp;<\/p>\n<p style=\"text-align: justify;\"><span style=\"font-family: times new roman, times, serif; font-size: 14pt;\">Des centaines de milliards de dollars vol\u00e9s aux peuples via les imp\u00f4ts ont \u00e9t\u00e9 envoy\u00e9s au com\u00e9dien porno gay pr\u00e9sident fantoche de l&rsquo;Ukraine, dans le cadre d&rsquo;une vaste op\u00e9ration secr\u00e8te de blanchiment d&rsquo;argent. Cela permet aux diverses soci\u00e9t\u00e9s bellicistes de continuer \u00e0 vendre des armes \u00e0 l&rsquo;Ukraine, qui les paie avec l&rsquo;argent de l&rsquo;\u00ab\u00a0aide\u00a0\u00bb vol\u00e9e aux contribuables. <em>[Laquelle les revend occasionnellement \u00e0 ses bataillons nazis, qui les exportent dans toutes sortes de pays, notamment en Afrique, NdT]<\/em><\/span><\/p>\n<p style=\"text-align: justify;\"><span style=\"font-family: times new roman, times, serif; font-size: 14pt;\">C&rsquo;est un cercle vicieux de blanchiment d&rsquo;argent, et maintenant la soci\u00e9t\u00e9 allemande Rheinmetall entre dans la danse :<\/span><\/p>\n<p>&nbsp;<\/p>\n<p style=\"padding-left: 80px;\"><span style=\"font-family: times new roman, times, serif; font-size: 14pt;\"><a href=\"https:\/\/twitter.com\/disclosetv\/status\/1616070059801120768\"> \u00a0\u00a0\u00a0\u00a0 Disclose.tv @disclosetv<\/a><\/span><\/p>\n<p style=\"padding-left: 80px;\"><span style=\"font-family: times new roman, times, serif; font-size: 14pt;\"><a href=\"https:\/\/twitter.com\/disclosetv\/status\/1616070059801120768\">JUST IN &#8211; German defense industry prepares for the delivery of battle tanks to Ukraine. Rheinmetall could supply more than 100 tanks this year \u2014 Handelsblatt<\/a><\/span><\/p>\n<p style=\"padding-left: 80px;\"><span style=\"font-family: times new roman, times, serif; font-size: 14pt;\"><a href=\"https:\/\/twitter.com\/disclosetv\/status\/1616070059801120768\">1:48 PM \u2219 Jan 19, 2023<\/a><\/span><\/p>\n<p>&nbsp;<\/p>\n<p style=\"text-align: justify;\"><span style=\"font-family: times new roman, times, serif; font-size: 14pt;\">Tout comme le Congr\u00e8s U.S. n&rsquo;a jamais vot\u00e9 pour donner \u00e0 l\u2019ex\u00e9cutif la permission d\u2019engager l&rsquo;Am\u00e9rique dans un nouvel embrouillamini \u00e9tranger, de sorte que toute intervention militaire am\u00e9ricaine en Ukraine <em>reste totalement inconstitutionnelle<\/em> malgr\u00e9 les subterfuges de la guerre par procuration, il en va de m\u00eame pour l&rsquo;Allemagne et pour le reste de l&rsquo;Union Europ\u00e9enne.<\/span><\/p>\n<p style=\"text-align: justify;\"><span style=\"font-family: times new roman, times, serif; font-size: 14pt;\">Toutes ces industries de \u00ab\u00a0d\u00e9fense\u00a0\u00bb et tous ces gouvernements <em>violent les lois de leurs pays respectifs<\/em>, ainsi que le droit international.<\/span><\/p>\n<p>&nbsp;<\/p>\n<p style=\"padding-left: 120px;\"><span style=\"font-family: times new roman, times, serif; font-size: 14pt;\">Ne vous conformez pas. <em>[C\u2019est la devise du site, NdT]<\/em><\/span><\/p>\n<p>&nbsp;<\/p>\n<p>&nbsp;<\/p>\n<p><span style=\"font-family: times new roman, times, serif; font-size: 14pt;\">Source : <a href=\"https:\/\/www.2ndsmartestguyintheworld.com\/p\/psyop-ww3-rising-proxy-war-is-war?utm_source=post-email-title&amp;publication_id=400535&amp;post_id=97696836&amp;isFreemail=true&amp;utm_medium=email\">PSYOP-WW3 RISING: Proxy War is War (2ndsmartestguyintheworld.com)<\/a><\/span><\/p>\n<p><span style=\"font-family: times new roman, times, serif; font-size: 14pt;\"><strong>URL de cet article :<\/strong><\/span><\/p>\n<p>&nbsp;<\/p>\n<p>&nbsp;<\/p>\n<p style=\"text-align: center;\"><a href=\"http:\/\/blog.lesgrossesorchadeslesamplesthalameges.fr\/?attachment_id=21728\" rel=\"attachment wp-att-21728\"><img loading=\"lazy\" class=\"alignnone wp-image-21728 size-full\" src=\"http:\/\/blog.lesgrossesorchadeslesamplesthalameges.fr\/wp-content\/uploads\/2023\/01\/000.-DONBASS-MILITIA-FLAG-PETIT.gif\" alt=\"\" width=\"170\" height=\"122\" \/><\/a><\/p>\n<p><strong>\u00a0<\/strong><\/p>\n<p style=\"text-align: right;\"><span style=\"font-size: 14pt; font-family: comic sans ms, sans-serif;\"><strong>Janvier 2023<\/strong><\/span><\/p>\n<p>&nbsp;<\/p>\n<p>&nbsp;<\/p>\n","protected":false},"excerpt":{"rendered":"<p>&nbsp; &nbsp; &nbsp; &nbsp; &nbsp; &nbsp; &nbsp; &nbsp; GUERRE PSYCHOLOGIQUE \u2013 Une guerre par procuration est une guerre \u2013 LA IIIe MONDIALE ARRIVE : &nbsp; &nbsp; 2nd Smartest Guy in the World\u00a0 \u2013\u00a0 19.1.2023 Traduction : c.l. pour L.G.O. &nbsp; &nbsp; L&rsquo;Am\u00e9rique et l&rsquo;Union Europ\u00e9enne sont engag\u00e9es dans une guerre indirecte [par Ukraine interpos\u00e9e, NdT]&#8230;<\/p>\n","protected":false},"author":1,"featured_media":0,"parent":0,"menu_order":0,"comment_status":"open","ping_status":"open","template":"","meta":[],"_links":{"self":[{"href":"https:\/\/blog.lesgrossesorchadeslesamplesthalameges.fr\/index.php\/wp-json\/wp\/v2\/pages\/21776"}],"collection":[{"href":"https:\/\/blog.lesgrossesorchadeslesamplesthalameges.fr\/index.php\/wp-json\/wp\/v2\/pages"}],"about":[{"href":"https:\/\/blog.lesgrossesorchadeslesamplesthalameges.fr\/index.php\/wp-json\/wp\/v2\/types\/page"}],"author":[{"embeddable":true,"href":"https:\/\/blog.lesgrossesorchadeslesamplesthalameges.fr\/index.php\/wp-json\/wp\/v2\/users\/1"}],"replies":[{"embeddable":true,"href":"https:\/\/blog.lesgrossesorchadeslesamplesthalameges.fr\/index.php\/wp-json\/wp\/v2\/comments?post=21776"}],"version-history":[{"count":8,"href":"https:\/\/blog.lesgrossesorchadeslesamplesthalameges.fr\/index.php\/wp-json\/wp\/v2\/pages\/21776\/revisions"}],"predecessor-version":[{"id":21784,"href":"https:\/\/blog.lesgrossesorchadeslesamplesthalameges.fr\/index.php\/wp-json\/wp\/v2\/pages\/21776\/revisions\/21784"}],"wp:attachment":[{"href":"https:\/\/blog.lesgrossesorchadeslesamplesthalameges.fr\/index.php\/wp-json\/wp\/v2\/media?parent=21776"}],"curies":[{"name":"wp","href":"https:\/\/api.w.org\/{rel}","templated":true}]}}