{"id":21786,"date":"2023-01-26T03:10:29","date_gmt":"2023-01-26T02:10:29","guid":{"rendered":"http:\/\/blog.lesgrossesorchadeslesamplesthalameges.fr\/?page_id=21786"},"modified":"2023-01-26T03:12:08","modified_gmt":"2023-01-26T02:12:08","slug":"la-guerre-entre-loccident-et-la-russie-nest-plus-hybride-mais-reelle-dit-lavrov","status":"publish","type":"page","link":"https:\/\/blog.lesgrossesorchadeslesamplesthalameges.fr\/index.php\/la-guerre-entre-loccident-et-la-russie-nest-plus-hybride-mais-reelle-dit-lavrov\/","title":{"rendered":"La guerre entre l\u2019Occident et la Russie n\u2019est plus hybride mais r\u00e9elle, dit Lavrov"},"content":{"rendered":"<p>&nbsp;<\/p>\n<p>&nbsp;<\/p>\n<p>&nbsp;<\/p>\n<p>&nbsp;<\/p>\n<p>&nbsp;<\/p>\n<p>&nbsp;<\/p>\n<p>&nbsp;<\/p>\n<p>&nbsp;<\/p>\n<p style=\"text-align: center;\"><strong><span style=\"font-family: times new roman, times, serif; font-size: 36pt;\">La guerre entre l\u2019Occident et la Russie n\u2019est plus hybride mais r\u00e9elle, dit Lavrov<\/span><\/strong><\/p>\n<p>&nbsp;<\/p>\n<p>&nbsp;<\/p>\n<p style=\"text-align: center;\"><strong><span style=\"font-family: times new roman, times, serif; font-size: 18pt;\"><em>TASS<\/em> \u2013 23.1.2023<\/span><\/strong><\/p>\n<p style=\"text-align: center;\"><span style=\"font-family: times new roman, times, serif; font-size: 18pt;\">Traduction : <em><strong>L.G.O.<\/strong><\/em><\/span><\/p>\n<p style=\"text-align: justify;\"><span style=\"font-family: times new roman, times, serif; font-size: 14pt;\"><strong>\u00a0<\/strong><\/span><\/p>\n<p>&nbsp;<\/p>\n<p style=\"text-align: justify;\"><span style=\"font-family: tahoma, arial, helvetica, sans-serif; font-size: 14pt;\"><strong>Le haut diplomate russe a rappel\u00e9 que l&rsquo;Ukraine a adopt\u00e9 des lois qui interdisent l&rsquo;enseignement en russe, les m\u00e9dias en russe, y compris ces m\u00e9dias en Ukraine, des lois qui interdisent m\u00eame, en fait, l&rsquo;utilisation de la langue russe dans la vie quotidienne.<\/strong><\/span><\/p>\n<p>&nbsp;<\/p>\n<p>&nbsp;<\/p>\n<p>&nbsp;<\/p>\n<p style=\"text-align: center;\"><a href=\"http:\/\/blog.lesgrossesorchadeslesamplesthalameges.fr\/?attachment_id=21733\" rel=\"attachment wp-att-21733\"><img loading=\"lazy\" class=\"alignnone wp-image-21733 size-full\" src=\"http:\/\/blog.lesgrossesorchadeslesamplesthalameges.fr\/wp-content\/uploads\/2023\/01\/12.-LAVROV-1.jpg\" alt=\"\" width=\"500\" height=\"317\" srcset=\"https:\/\/blog.lesgrossesorchadeslesamplesthalameges.fr\/wp-content\/uploads\/2023\/01\/12.-LAVROV-1.jpg 500w, https:\/\/blog.lesgrossesorchadeslesamplesthalameges.fr\/wp-content\/uploads\/2023\/01\/12.-LAVROV-1-300x190.jpg 300w\" sizes=\"(max-width: 500px) 100vw, 500px\" \/><\/a><\/p>\n<p style=\"text-align: center;\"><span style=\"font-family: times new roman, times, serif; font-size: 12pt;\">\u00a9 Russian Foreign Ministry\/TASS<\/span><\/p>\n<p>&nbsp;<\/p>\n<p>&nbsp;<\/p>\n<p style=\"text-align: justify;\"><span style=\"font-family: times new roman, times, serif; font-size: 14pt;\">PRETORIA, 23 janvier. \/Ce qui se passe en Ukraine n&rsquo;est plus une guerre hybride, mais une v\u00e9ritable guerre entre l&rsquo;Occident et la Russie, a d\u00e9clar\u00e9 lundi le ministre russe des Affaires \u00e9trang\u00e8res, Sergue\u00ef Lavrov.<\/span><\/p>\n<p style=\"text-align: justify;\"><span style=\"font-family: times new roman, times, serif; font-size: 14pt;\">\u00a0\u00ab\u00a0Quand nous parlons de ce qui se passe en Ukraine, nous parlons du fait qu&rsquo;il ne s&rsquo;agit plus d&rsquo;une guerre hybride, mais d&rsquo;une vraie guerre, que l&rsquo;Occident pr\u00e9pare depuis longtemps contre la Russie, en essayant de d\u00e9truire tout ce qui est russe : de la langue \u00e0 la culture, qui est celle de l\u2019Ukraine depuis des si\u00e8cles, et en interdisant aux gens de parler leur langue maternelle\u00a0\u00bb, a-t-il d\u00e9clar\u00e9 lors d&rsquo;une conf\u00e9rence de presse, \u00e0 l&rsquo;issue d&rsquo;entretiens avec le ministre sud-africain des Affaires \u00e9trang\u00e8res, Naledi Pandor.<\/span><\/p>\n<p style=\"text-align: justify;\"><span style=\"font-family: times new roman, times, serif; font-size: 14pt;\">\u00a0\u00ab En Ukraine, tout cela est pratique courante. L&rsquo;ancien pr\u00e9sident\u00a0 Porochenko et l&rsquo;actuel Zelenski, qui ont \u00e9t\u00e9 \u00e9lus sur un slogan d&rsquo;\u00e9tablissement de la paix, se sont transform\u00e9s, aussit\u00f4t \u00e9lus, en pr\u00e9sidents de guerre, en pr\u00e9sidents russophobes \u00bb, a d\u00e9clar\u00e9 M. Lavrov.<\/span><\/p>\n<p style=\"text-align: justify;\"><span style=\"font-family: times new roman, times, serif; font-size: 14pt;\">Le haut diplomate russe a rappel\u00e9 que l&rsquo;Ukraine a adopt\u00e9 des lois qui interdisent l&rsquo;enseignement en russe, les m\u00e9dias en russe, y compris ces m\u00e9dias en Ukraine, des lois qui interdisent m\u00eame, en fait, l&rsquo;utilisation de la langue russe dans la vie quotidienne.<\/span><\/p>\n<p style=\"text-align: justify;\"><span style=\"font-family: times new roman, times, serif; font-size: 14pt;\">\u00ab\u00a0Tout contact culturel li\u00e9 \u00e0 la langue russe est interdit. Et tout cela est soutenu par l&rsquo;Occident. L&rsquo;Occident soutient aussi, d\u2019ailleurs, les marches r\u00e9guli\u00e8res des n\u00e9o-nazis avec des croix gamm\u00e9es, symboles de division qui ont \u00e9t\u00e9 interdits par le tribunal de Nuremberg, reconnus comme criminels. L&rsquo;Occident soutient tout cela\u00a0\u00bb, a dit M. Lavrov.<\/span><\/p>\n<p>&nbsp;<\/p>\n<p style=\"text-align: left;\"><span style=\"font-family: times new roman, times, serif; font-size: 14pt;\">Source\u00a0: <\/span><a href=\"https:\/\/tass.com\/politics\/1565885\"><span style=\"font-family: times new roman, times, serif; font-size: 14pt;\">War between West, Russia no longer hybrid, but real, says Lavrov &#8211; Russian Politics &amp; Diplomacy &#8211; TASS<\/span><\/a><\/p>\n<p style=\"text-align: left;\"><strong>URL de c et article : <\/strong><a href=\"http:\/\/blog.lesgrossesorchadeslesamplesthalameges.fr\/index.php\/la-guerre-entre-loccident-et-la-russie-nest-plus-hybride-mais-reelle-dit-lavrov\/\">http:\/\/blog.lesgrossesorchadeslesamplesthalameges.fr\/index.php\/la-guerre-entre-loccident-et-la-russie-nest-plus-hybride-mais-reelle-dit-lavrov\/<\/a><\/p>\n<p><strong>\u00a0<\/strong><\/p>\n<p><strong>\u00a0<\/strong><\/p>\n<p style=\"text-align: center;\"><strong>\u00a0<a href=\"http:\/\/blog.lesgrossesorchadeslesamplesthalameges.fr\/?attachment_id=21728\" rel=\"attachment wp-att-21728\"><img loading=\"lazy\" class=\"alignnone size-full wp-image-21728\" src=\"http:\/\/blog.lesgrossesorchadeslesamplesthalameges.fr\/wp-content\/uploads\/2023\/01\/000.-DONBASS-MILITIA-FLAG-PETIT.gif\" alt=\"\" width=\"170\" height=\"122\" \/><\/a><\/strong><\/p>\n<p><strong>\u00a0<\/strong><\/p>\n<p style=\"text-align: right;\"><span style=\"font-family: comic sans ms, sans-serif; font-size: 14pt;\"><strong>Janvier 2023<\/strong><\/span><\/p>\n<p>&nbsp;<\/p>\n<p>&nbsp;<\/p>\n","protected":false},"excerpt":{"rendered":"<p>&nbsp; &nbsp; &nbsp; &nbsp; &nbsp; &nbsp; &nbsp; &nbsp; La guerre entre l\u2019Occident et la Russie n\u2019est plus hybride mais r\u00e9elle, dit Lavrov &nbsp; &nbsp; TASS \u2013 23.1.2023 Traduction : L.G.O. \u00a0 &nbsp; Le haut diplomate russe a rappel\u00e9 que l&rsquo;Ukraine a adopt\u00e9 des lois qui interdisent l&rsquo;enseignement en russe, les m\u00e9dias en russe, y compris&#8230;<\/p>\n","protected":false},"author":1,"featured_media":0,"parent":0,"menu_order":0,"comment_status":"open","ping_status":"open","template":"","meta":[],"_links":{"self":[{"href":"https:\/\/blog.lesgrossesorchadeslesamplesthalameges.fr\/index.php\/wp-json\/wp\/v2\/pages\/21786"}],"collection":[{"href":"https:\/\/blog.lesgrossesorchadeslesamplesthalameges.fr\/index.php\/wp-json\/wp\/v2\/pages"}],"about":[{"href":"https:\/\/blog.lesgrossesorchadeslesamplesthalameges.fr\/index.php\/wp-json\/wp\/v2\/types\/page"}],"author":[{"embeddable":true,"href":"https:\/\/blog.lesgrossesorchadeslesamplesthalameges.fr\/index.php\/wp-json\/wp\/v2\/users\/1"}],"replies":[{"embeddable":true,"href":"https:\/\/blog.lesgrossesorchadeslesamplesthalameges.fr\/index.php\/wp-json\/wp\/v2\/comments?post=21786"}],"version-history":[{"count":7,"href":"https:\/\/blog.lesgrossesorchadeslesamplesthalameges.fr\/index.php\/wp-json\/wp\/v2\/pages\/21786\/revisions"}],"predecessor-version":[{"id":21793,"href":"https:\/\/blog.lesgrossesorchadeslesamplesthalameges.fr\/index.php\/wp-json\/wp\/v2\/pages\/21786\/revisions\/21793"}],"wp:attachment":[{"href":"https:\/\/blog.lesgrossesorchadeslesamplesthalameges.fr\/index.php\/wp-json\/wp\/v2\/media?parent=21786"}],"curies":[{"name":"wp","href":"https:\/\/api.w.org\/{rel}","templated":true}]}}