{"id":21796,"date":"2023-01-26T03:25:34","date_gmt":"2023-01-26T02:25:34","guid":{"rendered":"http:\/\/blog.lesgrossesorchadeslesamplesthalameges.fr\/?page_id=21796"},"modified":"2023-01-26T03:26:59","modified_gmt":"2023-01-26T02:26:59","slug":"effacer-meme-les-morts","status":"publish","type":"page","link":"https:\/\/blog.lesgrossesorchadeslesamplesthalameges.fr\/index.php\/effacer-meme-les-morts\/","title":{"rendered":"Effacer, m\u00eame les morts"},"content":{"rendered":"<p>&nbsp;<\/p>\n<p>&nbsp;<\/p>\n<p>&nbsp;<\/p>\n<p>&nbsp;<\/p>\n<p>&nbsp;<\/p>\n<p>&nbsp;<\/p>\n<p>&nbsp;<\/p>\n<p>&nbsp;<\/p>\n<p style=\"text-align: center;\"><span style=\"font-size: 42pt;\"><strong><span style=\"font-family: times new roman, times, serif;\">Effacer, m\u00eame les morts<\/span><\/strong><\/span><\/p>\n<p>&nbsp;<\/p>\n<p style=\"text-align: center;\"><strong><span style=\"font-family: times new roman, times, serif; font-size: 18pt;\">R\u00e9gis de Castelnau \u2013 <em>Vu du droit<\/em> \u2013 23.1.2023<\/span><\/strong><\/p>\n<h1 style=\"text-align: justify;\"><\/h1>\n<p>&nbsp;<\/p>\n<p>&nbsp;<\/p>\n<p>&nbsp;<\/p>\n<h1 style=\"text-align: center;\"><a href=\"http:\/\/blog.lesgrossesorchadeslesamplesthalameges.fr\/index.php\/2023\/01\/26\/sur-les-ravages-de-la-passion-dobeir\/15-genevieve\/\" rel=\"attachment wp-att-21736\"><img loading=\"lazy\" class=\"alignnone wp-image-21736 size-full\" src=\"http:\/\/blog.lesgrossesorchadeslesamplesthalameges.fr\/wp-content\/uploads\/2023\/01\/15.-Genevieve.jpg\" alt=\"\" width=\"640\" height=\"360\" srcset=\"https:\/\/blog.lesgrossesorchadeslesamplesthalameges.fr\/wp-content\/uploads\/2023\/01\/15.-Genevieve.jpg 640w, https:\/\/blog.lesgrossesorchadeslesamplesthalameges.fr\/wp-content\/uploads\/2023\/01\/15.-Genevieve-300x169.jpg 300w\" sizes=\"(max-width: 640px) 100vw, 640px\" \/><\/a><\/h1>\n<h1 style=\"text-align: justify;\"><\/h1>\n<p>&nbsp;<\/p>\n<p>&nbsp;<\/p>\n<p>&nbsp;<\/p>\n<p style=\"text-align: justify;\"><span style=\"font-family: times new roman, times, serif; font-size: 14pt;\">Le 24 f\u00e9vrier 2022, les troupes russes sont rentr\u00e9es sur le territoire internationalement reconnu de l\u2019Ukraine. C\u2019\u00e9tait mat\u00e9riellement une invasion et ce fut consid\u00e9r\u00e9 par l\u2019Occident comme une agression. La Russie faisait remonter la guerre au coup d\u2019\u00c9tat organis\u00e9, financ\u00e9 et soutenu par les \u00c9tats-Unis en f\u00e9vrier 2014 \u00e0 Kiev, coup d\u2019\u00c9tat consid\u00e9r\u00e9 par elle comme une agression contre ses int\u00e9r\u00eats vitaux.<\/span><\/p>\n<p>&nbsp;<\/p>\n<p style=\"text-align: justify;\"><span style=\"font-family: times new roman, times, serif; font-size: 14pt;\">Toujours est-il qu\u2019il existe aujourd\u2019hui un \u00e9tat de bellig\u00e9rance entre la Russie et l\u2019Ukraine qui a \u00e9volu\u00e9 en affrontement entre la Russie et l\u2019OTAN, et s\u2019inscrit aujourd\u2019hui dans un contexte g\u00e9ostrat\u00e9gique de guerre mondiale hybride. N\u00e9cessairement, le conflit d\u00e9bouche sur des analyses, des visions et des prises de parti diff\u00e9rentes qui vont s\u2019affronter.<\/span><\/p>\n<p>&nbsp;<\/p>\n<p style=\"text-align: justify;\"><span style=\"font-family: times new roman, times, serif; font-size: 14pt;\">La premi\u00e8re victime de la guerre \u00e9tant la v\u00e9rit\u00e9, des deux c\u00f4t\u00e9s du front se donnent \u00e0 voir et \u00e0 entendre des sommets de propagande. Les m\u00e9dias des pays occidentaux \u00e9talant \u00e0 cette occasion l\u2019exemple d\u2019un abandon de l\u2019analyse du r\u00e9el au profit de mensonges nourris la plupart du temps d\u2019une arrogance occidentaliste et d\u2019une russophobie consternante. La France n\u2019\u00e9tant pas partie au conflit militaire sur le terrain, et n\u2019\u00e9tant donc pas en guerre avec la Russie, les positions respectives devraient pouvoir s\u2019exprimer et se confronter. Malheureusement, notre pays, par l\u2019interm\u00e9diaire de ses dirigeants et de sa presse-syst\u00e8me, arm\u00e9s de leur improbable morale, s\u2019est signal\u00e9 comme le pire des instrumentistes de ce triste concert.<\/span><\/p>\n<p>&nbsp;<\/p>\n<p style=\"text-align: justify;\"><span style=\"font-family: times new roman, times, serif; font-size: 14pt;\">Il vient d\u2019ajouter \u00e0 son agitation belliciste une mesquinerie sordide et pour tout dire d\u00e9shonorante. La commune de Sainte-Genevi\u00e8ve-des-Bois abrite depuis 1920 un cimeti\u00e8re orthodoxe o\u00f9 des repr\u00e9sentants de l\u2019\u00e9migration russe fuyant la r\u00e9volution bolchevique, g\u00e9n\u00e9raux blancs, artistes, philosophes, po\u00e8tes et \u00e9crivains, ont trouv\u00e9 leur dernier repos. Parmi les personnes inhum\u00e9es, il y a de nombreux militaires, des nobles oblig\u00e9s de fuir la R\u00e9volution d\u2019Octobre, des descendants des Romanov, l\u2019ancienne famille r\u00e9gnante de Russie, rappelle<em>\u00a0Le Parisien<\/em>. On y croise ainsi les noms d\u2019Anne Barbe de Bellegrade (demoiselle d\u2019honneur de la garde imp\u00e9riale), le prince Nikola\u00ef Troubetsko\u00ef (aristocrate du XIXe si\u00e8cle, cofondateur du conservatoire de Moscou), la baronne de Meyendorff (dont le portrait esquiss\u00e9 par le peintre Disderi est expos\u00e9 au Mus\u00e9e d\u2019Orsay et qui a entretenu vers 1870 une correspondance avec le compositeur Franz Liszt) ou encore l\u2019auteur Boris Za\u00efetsev et Alexe\u00efevitch Bounine, premier prix Nobel de litt\u00e9rature de l\u2019histoire russe, en 1933. Depuis cette date le cimeti\u00e8re a \u00e9t\u00e9 pr\u00e9serv\u00e9, m\u00eame pendant la p\u00e9riode sovi\u00e9tique, et l\u2019\u00c9tat russe prenait en charge le financement de la prolongation des concessions arriv\u00e9es \u00e0 \u00e9ch\u00e9ance. <strong>Au motif des sanctions financi\u00e8res impos\u00e9es \u00e0 la Russie<\/strong> <em>[C\u2019est nous qui soulignons, L.G.O.]<\/em>, la France refuse aujourd\u2019hui que celle-ci continue \u00e0 les financer, ce qui permettait d\u2019\u00e9viter la destruction des tombes. La commune ayant fait savoir que, faute de r\u00e8glement, celles-ci allaient \u00eatre r\u00e9cup\u00e9r\u00e9es, on imagine que les restes ainsi d\u00e9terr\u00e9s finiront dans une d\u00e9charge publique. Excellente id\u00e9e, n\u2019est-ce pas, de faire ainsi rendre gorge aux moujiks en s\u2019attaquant aux morts. \u00ab Prends \u00e7a Poutine ! \u00bb<\/span><\/p>\n<p>&nbsp;<\/p>\n<p style=\"text-align: justify;\"><span style=\"font-family: times new roman, times, serif; font-size: 14pt;\">On imagine ce qui attend probablement les soldats russes tomb\u00e9s et enterr\u00e9s en France pendant la Premi\u00e8re Guerre mondiale, ainsi que ceux de l\u2019Arm\u00e9e rouge pendant la deuxi\u00e8me. Il faut dire que toutes les profanations spectaculaires de monuments aux morts sovi\u00e9tiques en Ukraine et dans les pays baltes (malgr\u00e9 des trait\u00e9s internationaux), n\u2019ont jamais arrach\u00e9 ne serait-ce qu\u2019un froncement de sourcils \u00e0 nos dirigeants professeurs \u00e8s morale.<\/span><\/p>\n<p>&nbsp;<\/p>\n<p style=\"text-align: justify;\"><span style=\"font-family: times new roman, times, serif; font-size: 14pt;\">De leur c\u00f4t\u00e9, afin qu\u2019elle repose aux Invalides aux c\u00f4t\u00e9s de l\u2019empereur, les Russes ont\u00a0<a href=\"https:\/\/www.youtube.com\/watch?v=iwihRv_BzsM&amp;t=13s\">organis\u00e9, avec les honneurs militaires, le retour en France de la d\u00e9pouille<\/a>\u00a0du g\u00e9n\u00e9ral Charles \u00c9tienne Gudin mort \u00e0 Smolensk le 22 ao\u00fbt 1812, des suites des blessures re\u00e7ues \u00e0 la bataille de Valoutina. Dans le m\u00eame ordre d\u2019id\u00e9es, \u00e0 la mort de Roland de la Poype, h\u00e9ros de l\u2019escadrille Normandie Niemen, fut organis\u00e9e en octobre 2012 aux Invalides la c\u00e9r\u00e9monie due au Compagnon de la Lib\u00e9ration. Ni Le Drian, ministre de la D\u00e9fense du gouvernement Ayrault, ni aucun autre de ses membres ne daigna se d\u00e9placer. Les Russes, quant \u00e0 eux, envoy\u00e8rent un ministre et les ch\u0153urs de l\u2019Arm\u00e9e rouge pour interpr\u00e9ter la Marseillaise. C\u2019est qu\u2019ils sont sentimentaux ces moujiks. Comme par exemple quand ils veulent que tous les \u00e9coliers russes connaissent l\u2019histoire de Maurice de Seynes, cet autre membre de Normandie Niemen tu\u00e9 dans le crash de son avion avec son m\u00e9canicien qu\u2019il avait refus\u00e9 d\u2019abandonner. Il faut voir, le carr\u00e9 de cette escadrille scrupuleusement entretenu et r\u00e9guli\u00e8rement fleuri dans le cimeti\u00e8re de Moscou. D\u2019ailleurs, la Russie continuera \u00e9galement \u00e0 s\u2019occuper et \u00e0 entretenir les cimeti\u00e8res napol\u00e9oniens et ceux de la Wehrmacht, comme elle l\u2019a toujours fait.<\/span><\/p>\n<p>&nbsp;<\/p>\n<p style=\"text-align: justify;\"><span style=\"font-family: times new roman, times, serif; font-size: 14pt;\">Inform\u00e9e, l\u2019opinion publique russe a commenc\u00e9 \u00e0 r\u00e9agir. Cette d\u00e9cision de suspendre la coop\u00e9ration avec la Russie sur le cimeti\u00e8re de Sainte-Genevi\u00e8ve en raison de la guerre en cours en Ukraine, et de refuser les paiements pour l\u2019expiration des concessions a choqu\u00e9 en Russie, et des voix s\u2019\u00e9l\u00e8vent pour que les 5000 d\u00e9pouilles exil\u00e9es du cimeti\u00e8re de Sainte-Genevi\u00e8ve-des-Bois soient rapatri\u00e9es et qu\u2019elles reposent d\u00e9sormais dans leur patrie. Maria Zakharova, porte-parole du minist\u00e8re russe des Affaires \u00e9trang\u00e8res, a qualifi\u00e9 cette bassesse \u00ab<em>\u00a0d\u2019exemple d\u2019une immoralit\u00e9 inhumaine flagrante\u00a0<\/em>\u00bb.<\/span><\/p>\n<p>&nbsp;<\/p>\n<p style=\"text-align: justify;\"><span style=\"font-family: times new roman, times, serif; font-size: 14pt;\">On imagine que son ministre, Sergue\u00ef Lavrov, r\u00e9pondra comme il le fait d\u00e9sormais quand on lui parle de l\u2019Europe : \u00ab<em>\u00a0il n\u2019y a plus rien \u00e0 discuter avec ces gens-l\u00e0<\/em>\u00a0\u00bb. Difficile, en l\u2019occurrence, de lui donner <span style=\"text-decoration: line-through;\">tout \u00e0 fait<\/span> tort.<\/span><\/p>\n<p>&nbsp;<\/p>\n<p style=\"text-align: justify;\"><span style=\"font-family: times new roman, times, serif; font-size: 14pt;\">Source\u00a0: <a href=\"https:\/\/www.vududroit.com\/2023\/01\/effacer-meme-les-morts\/\">Effacer, m\u00eame les morts &#8211; Vu du Droit<\/a>\u00a0<\/span><\/p>\n<p>&nbsp;<\/p>\n<p style=\"text-align: left;\"><span style=\"font-family: times new roman, times, serif; font-size: 14pt;\"><strong>URL de cet article : <\/strong><a href=\"http:\/\/blog.lesgrossesorchadeslesamplesthalameges.fr\/index.php\/effacer-meme-les-morts\/\">http:\/\/blog.lesgrossesorchadeslesamplesthalameges.fr\/index.php\/effacer-meme-les-morts\/<\/a><strong><br \/>\n<\/strong><\/span><\/p>\n<p style=\"text-align: justify;\"><span style=\"font-family: times new roman, times, serif; font-size: 14pt;\"><strong>\u00a0<\/strong><\/span><\/p>\n<p>&nbsp;<\/p>\n<p style=\"text-align: center;\"><a href=\"http:\/\/blog.lesgrossesorchadeslesamplesthalameges.fr\/index.php\/2023\/01\/26\/sur-les-ravages-de-la-passion-dobeir\/000-donbass-militia-flag-petit-11\/\" rel=\"attachment wp-att-21728\"><img loading=\"lazy\" class=\"alignnone size-full wp-image-21728\" src=\"http:\/\/blog.lesgrossesorchadeslesamplesthalameges.fr\/wp-content\/uploads\/2023\/01\/000.-DONBASS-MILITIA-FLAG-PETIT.gif\" alt=\"\" width=\"170\" height=\"122\" \/><\/a><\/p>\n<p>&nbsp;<\/p>\n<p>&nbsp;<\/p>\n<p style=\"text-align: right;\"><span style=\"font-family: comic sans ms, sans-serif; font-size: 14pt;\">Janvier 2023<\/span><\/p>\n<p>&nbsp;<\/p>\n<p>&nbsp;<\/p>\n","protected":false},"excerpt":{"rendered":"<p>&nbsp; &nbsp; &nbsp; &nbsp; &nbsp; &nbsp; &nbsp; &nbsp; Effacer, m\u00eame les morts &nbsp; R\u00e9gis de Castelnau \u2013 Vu du droit \u2013 23.1.2023 &nbsp; &nbsp; &nbsp; &nbsp; &nbsp; &nbsp; Le 24 f\u00e9vrier 2022, les troupes russes sont rentr\u00e9es sur le territoire internationalement reconnu de l\u2019Ukraine. C\u2019\u00e9tait mat\u00e9riellement une invasion et ce fut consid\u00e9r\u00e9 par l\u2019Occident comme&#8230;<\/p>\n","protected":false},"author":1,"featured_media":0,"parent":0,"menu_order":0,"comment_status":"open","ping_status":"open","template":"","meta":[],"_links":{"self":[{"href":"https:\/\/blog.lesgrossesorchadeslesamplesthalameges.fr\/index.php\/wp-json\/wp\/v2\/pages\/21796"}],"collection":[{"href":"https:\/\/blog.lesgrossesorchadeslesamplesthalameges.fr\/index.php\/wp-json\/wp\/v2\/pages"}],"about":[{"href":"https:\/\/blog.lesgrossesorchadeslesamplesthalameges.fr\/index.php\/wp-json\/wp\/v2\/types\/page"}],"author":[{"embeddable":true,"href":"https:\/\/blog.lesgrossesorchadeslesamplesthalameges.fr\/index.php\/wp-json\/wp\/v2\/users\/1"}],"replies":[{"embeddable":true,"href":"https:\/\/blog.lesgrossesorchadeslesamplesthalameges.fr\/index.php\/wp-json\/wp\/v2\/comments?post=21796"}],"version-history":[{"count":9,"href":"https:\/\/blog.lesgrossesorchadeslesamplesthalameges.fr\/index.php\/wp-json\/wp\/v2\/pages\/21796\/revisions"}],"predecessor-version":[{"id":21805,"href":"https:\/\/blog.lesgrossesorchadeslesamplesthalameges.fr\/index.php\/wp-json\/wp\/v2\/pages\/21796\/revisions\/21805"}],"wp:attachment":[{"href":"https:\/\/blog.lesgrossesorchadeslesamplesthalameges.fr\/index.php\/wp-json\/wp\/v2\/media?parent=21796"}],"curies":[{"name":"wp","href":"https:\/\/api.w.org\/{rel}","templated":true}]}}