{"id":21808,"date":"2023-01-26T03:38:47","date_gmt":"2023-01-26T02:38:47","guid":{"rendered":"http:\/\/blog.lesgrossesorchadeslesamplesthalameges.fr\/?page_id=21808"},"modified":"2023-01-26T03:40:03","modified_gmt":"2023-01-26T02:40:03","slug":"lavrov-dit-que-louest-essaie-dexercer-des-pressions-sur-chacun-des-pays-quil-visite","status":"publish","type":"page","link":"https:\/\/blog.lesgrossesorchadeslesamplesthalameges.fr\/index.php\/lavrov-dit-que-louest-essaie-dexercer-des-pressions-sur-chacun-des-pays-quil-visite\/","title":{"rendered":"Lavrov dit que l&rsquo;Ouest essaie d\u2019exercer des pressions sur chacun des pays qu\u2019il visite"},"content":{"rendered":"<p>&nbsp;<\/p>\n<p>&nbsp;<\/p>\n<p>&nbsp;<\/p>\n<p>&nbsp;<\/p>\n<p>&nbsp;<\/p>\n<p>&nbsp;<\/p>\n<p>&nbsp;<\/p>\n<p>&nbsp;<\/p>\n<p style=\"text-align: center;\"><strong><span style=\"font-family: times new roman, times, serif; font-size: 36pt;\">Lavrov dit que l\u2019Ouest essaie d\u2019exercer des pressions sur chacun des pays qu\u2019il visite<\/span><\/strong><\/p>\n<p style=\"text-align: justify;\"><span style=\"font-family: times new roman, times, serif; font-size: 14pt;\"><strong>\u00a0<\/strong><\/span><\/p>\n<p>&nbsp;<\/p>\n<p style=\"text-align: center;\"><span style=\"font-family: times new roman, times, serif; font-size: 24pt;\"><em>Selon le ministre, l&rsquo;Occident est inquiet parce que la position dominante dont il a joui au cours des cinq derniers si\u00e8cles est en train de dispara\u00eetre, tandis que se profile un monde multipolaire.<\/em><\/span><\/p>\n<p>&nbsp;<\/p>\n<p>&nbsp;<\/p>\n<p style=\"text-align: center;\"><span style=\"font-family: times new roman, times, serif; font-size: 18pt;\"><strong><em>TASS<\/em><\/strong><strong> \u2013 24.1.2023<\/strong><\/span><\/p>\n<p style=\"text-align: center;\"><span style=\"font-family: times new roman, times, serif; font-size: 18pt;\">Traduction :<strong> c.l. <\/strong>pour<strong> <em>L.G.O.<\/em><\/strong><\/span><\/p>\n<p style=\"text-align: justify;\"><span style=\"font-family: times new roman, times, serif; font-size: 18pt;\"><strong>\u00a0<\/strong><\/span><\/p>\n<p>&nbsp;<\/p>\n<p>&nbsp;<\/p>\n<p style=\"text-align: center;\"><a href=\"http:\/\/blog.lesgrossesorchadeslesamplesthalameges.fr\/index.php\/2023\/01\/26\/sur-les-ravages-de-la-passion-dobeir\/16-lavrov-2\/\" rel=\"attachment wp-att-21737\"><img loading=\"lazy\" class=\"alignnone wp-image-21737 size-full\" src=\"http:\/\/blog.lesgrossesorchadeslesamplesthalameges.fr\/wp-content\/uploads\/2023\/01\/16.-LAVROV-2..jpg\" alt=\"\" width=\"500\" height=\"318\" srcset=\"https:\/\/blog.lesgrossesorchadeslesamplesthalameges.fr\/wp-content\/uploads\/2023\/01\/16.-LAVROV-2..jpg 500w, https:\/\/blog.lesgrossesorchadeslesamplesthalameges.fr\/wp-content\/uploads\/2023\/01\/16.-LAVROV-2.-300x191.jpg 300w\" sizes=\"(max-width: 500px) 100vw, 500px\" \/><\/a><\/p>\n<p style=\"text-align: center;\"><span style=\"font-family: times new roman, times, serif; font-size: 12pt;\">\u00a9 Minist\u00e8re russe des Affaires \u00e9trang\u00e8res\/TASS<\/span><\/p>\n<p>&nbsp;<\/p>\n<p>&nbsp;<\/p>\n<p style=\"text-align: justify;\"><span style=\"font-family: times new roman, times, serif; font-size: 14pt;\">MBABANE, 24 janvier. \/TASS\/. Le ministre russe des Affaires \u00e9trang\u00e8res Sergue\u00ef Lavrov a d\u00e9clar\u00e9 que, partout o\u00f9 il voyage, l&rsquo;Occident cherche \u00e0 faire en sorte que le pays h\u00f4te se comporte d&rsquo;une mani\u00e8re qui soit agr\u00e9able aux \u00c9tats-Unis.<\/span><\/p>\n<p>&nbsp;<\/p>\n<p style=\"text-align: justify;\"><span style=\"font-family: times new roman, times, serif; font-size: 14pt;\">\u00ab\u00a0Je ne suis pas surpris de ce que, partout o\u00f9 je vais, nos coll\u00e8gues occidentaux aient lanc\u00e9 quelques avertissements pr\u00e9alables et essay\u00e9 de faire en sorte que le pays h\u00f4te se comporte de la mani\u00e8re souhait\u00e9e par les Am\u00e9ricains. Nous appr\u00e9cions beaucoup et respectons grandement la position de tous nos partenaires qui, dans ce genre de situations, ne se conforment pas aux ordres des anciennes puissances coloniales et de ceux qui voudraient continuer \u00e0 dominer le monde aujourd&rsquo;hui, mais se laissent plut\u00f4t guider par leurs l\u00e9gitimes int\u00e9r\u00eats nationaux. Beaucoup d&rsquo;entre eux n&rsquo;h\u00e9sitent pas \u00e0 en parler ouvertement\u00a0\u00bb, a-t-il d\u00e9clar\u00e9 lors d&rsquo;une conf\u00e9rence de presse tenue \u00e0 l&rsquo;issue d&rsquo;entretiens avec le haut diplomate du Royaume d&rsquo;Eswatini, Thulisile Dladla.<\/span><\/p>\n<p>&nbsp;<\/p>\n<p style=\"text-align: justify;\"><span style=\"font-family: times new roman, times, serif; font-size: 14pt;\">\u00a0\u00ab\u00a0Nous ne pouvons pas changer nos amis occidentaux et les rendre polis, leur faire adopter un comportement d\u00e9mocratique\u00a0\u00bb, a dit M. Lavrov.<\/span><\/p>\n<p>&nbsp;<\/p>\n<p style=\"text-align: justify;\"><span style=\"font-family: times new roman, times, serif; font-size: 14pt;\">Selon le ministre, l&rsquo;Occident est inquiet parce que la position dominante dont il a joui au cours des cinq derniers si\u00e8cles est en train de dispara\u00eetre, tandis que se profile pour la remplacer un monde multipolaire. M. Lavrov a d\u00e9clar\u00e9 que des endroits tels que \u00ab\u00a0la Chine, l&rsquo;Inde, la Turquie, l&rsquo;\u00c9gypte, le continent africain [\u2026] et l&rsquo;Am\u00e9rique latine\u00a0\u00bb ne peuvent \u00eatre trait\u00e9s en quantit\u00e9s n\u00e9gligeables et se voir dicter la mani\u00e8re dont ils entendent se d\u00e9velopper.<\/span><\/p>\n<p>&nbsp;<\/p>\n<p style=\"text-align: justify;\"><span style=\"font-family: times new roman, times, serif; font-size: 14pt;\">\u00a0\u00ab\u00a0Nous comprenons les sentiments douloureux des \u00c9tats-Unis et de l&rsquo;Europe, car la structure des relations internationales est en train de changer pour devenir\u00a0 multipolaire, polycentrique\u00a0\u00bb, a-t-il ajout\u00e9.<\/span><\/p>\n<p>&nbsp;<\/p>\n<p style=\"text-align: justify;\"><span style=\"font-family: times new roman, times, serif; font-size: 14pt;\">Source\u00a0: <a href=\"https:\/\/tass.com\/politics\/1566387\">Lavrov says West seeks to put pressure on every country he visits &#8211; Russian Politics &amp; Diplomacy &#8211; TASS<\/a>\u00a0<\/span><\/p>\n<p>&nbsp;<\/p>\n<p style=\"text-align: left;\"><span style=\"font-family: times new roman, times, serif; font-size: 14pt;\"><strong>URL de cet article : <\/strong><a href=\"http:\/\/blog.lesgrossesorchadeslesamplesthalameges.fr\/index.php\/lavrov-dit-que-louest-essaie-dexercer-des-pressions-sur-chacun-des-pays-quil-visite\/\">http:\/\/blog.lesgrossesorchadeslesamplesthalameges.fr\/index.php\/lavrov-dit-que-louest-essaie-dexercer-des-pressions-sur-chacun-des-pays-quil-visite\/<\/a><strong><br \/>\n<\/strong><\/span><\/p>\n<p style=\"text-align: justify;\"><span style=\"font-family: times new roman, times, serif; font-size: 14pt;\"><strong>\u00a0<\/strong><\/span><\/p>\n<p style=\"text-align: center;\"><strong>\u00a0<a href=\"http:\/\/blog.lesgrossesorchadeslesamplesthalameges.fr\/index.php\/2023\/01\/26\/sur-les-ravages-de-la-passion-dobeir\/000-donbass-militia-flag-petit-11\/\" rel=\"attachment wp-att-21728\"><img loading=\"lazy\" class=\"alignnone size-full wp-image-21728\" src=\"http:\/\/blog.lesgrossesorchadeslesamplesthalameges.fr\/wp-content\/uploads\/2023\/01\/000.-DONBASS-MILITIA-FLAG-PETIT.gif\" alt=\"\" width=\"170\" height=\"122\" \/><\/a><\/strong><\/p>\n<p style=\"text-align: right;\"><span style=\"font-family: comic sans ms, sans-serif; font-size: 14pt;\"><strong>Janvier 2023<\/strong><\/span><\/p>\n<p>&nbsp;<\/p>\n<p>&nbsp;<\/p>\n","protected":false},"excerpt":{"rendered":"<p>&nbsp; &nbsp; &nbsp; &nbsp; &nbsp; &nbsp; &nbsp; &nbsp; Lavrov dit que l\u2019Ouest essaie d\u2019exercer des pressions sur chacun des pays qu\u2019il visite \u00a0 &nbsp; Selon le ministre, l&rsquo;Occident est inquiet parce que la position dominante dont il a joui au cours des cinq derniers si\u00e8cles est en train de dispara\u00eetre, tandis que se profile un&#8230;<\/p>\n","protected":false},"author":1,"featured_media":0,"parent":0,"menu_order":0,"comment_status":"open","ping_status":"open","template":"","meta":[],"_links":{"self":[{"href":"https:\/\/blog.lesgrossesorchadeslesamplesthalameges.fr\/index.php\/wp-json\/wp\/v2\/pages\/21808"}],"collection":[{"href":"https:\/\/blog.lesgrossesorchadeslesamplesthalameges.fr\/index.php\/wp-json\/wp\/v2\/pages"}],"about":[{"href":"https:\/\/blog.lesgrossesorchadeslesamplesthalameges.fr\/index.php\/wp-json\/wp\/v2\/types\/page"}],"author":[{"embeddable":true,"href":"https:\/\/blog.lesgrossesorchadeslesamplesthalameges.fr\/index.php\/wp-json\/wp\/v2\/users\/1"}],"replies":[{"embeddable":true,"href":"https:\/\/blog.lesgrossesorchadeslesamplesthalameges.fr\/index.php\/wp-json\/wp\/v2\/comments?post=21808"}],"version-history":[{"count":7,"href":"https:\/\/blog.lesgrossesorchadeslesamplesthalameges.fr\/index.php\/wp-json\/wp\/v2\/pages\/21808\/revisions"}],"predecessor-version":[{"id":21815,"href":"https:\/\/blog.lesgrossesorchadeslesamplesthalameges.fr\/index.php\/wp-json\/wp\/v2\/pages\/21808\/revisions\/21815"}],"wp:attachment":[{"href":"https:\/\/blog.lesgrossesorchadeslesamplesthalameges.fr\/index.php\/wp-json\/wp\/v2\/media?parent=21808"}],"curies":[{"name":"wp","href":"https:\/\/api.w.org\/{rel}","templated":true}]}}