{"id":21817,"date":"2023-01-26T03:59:49","date_gmt":"2023-01-26T02:59:49","guid":{"rendered":"http:\/\/blog.lesgrossesorchadeslesamplesthalameges.fr\/?page_id=21817"},"modified":"2023-01-26T04:01:04","modified_gmt":"2023-01-26T03:01:04","slug":"longue-liste-des-relations-diplomatiques-de-la-russie-avec-dautres-pays","status":"publish","type":"page","link":"https:\/\/blog.lesgrossesorchadeslesamplesthalameges.fr\/index.php\/longue-liste-des-relations-diplomatiques-de-la-russie-avec-dautres-pays\/","title":{"rendered":"Longue liste des relations diplomatiques de la Russie avec d&rsquo;autres pays  \u00a0"},"content":{"rendered":"<p>&nbsp;<\/p>\n<p>&nbsp;<\/p>\n<p>&nbsp;<\/p>\n<p>&nbsp;<\/p>\n<p>&nbsp;<\/p>\n<p>&nbsp;<\/p>\n<p>&nbsp;<\/p>\n<p>&nbsp;<\/p>\n<p style=\"text-align: center;\"><strong><span style=\"font-family: times new roman, times, serif; font-size: 36pt;\">Longue liste des relations diplomatiques de la Russie avec d&rsquo;autres pays<\/span><\/strong><\/p>\n<p style=\"text-align: center;\"><strong><span style=\"font-family: times new roman, times, serif; font-size: 36pt;\">\u00a0<\/span><\/strong><\/p>\n<p style=\"text-align: center;\"><span style=\"font-family: times new roman, times, serif; font-size: 24pt;\">Actuellement, la Russie entretient des relations diplomatiques avec 191 \u00c9tats.<\/span><\/p>\n<p>&nbsp;<\/p>\n<p>&nbsp;<\/p>\n<p style=\"text-align: center;\"><span style=\"font-family: times new roman, times, serif; font-size: 18pt;\"><strong><em>TASS<\/em><\/strong> \u2013 <strong>24.2.2023<\/strong><\/span><\/p>\n<p style=\"text-align: center;\"><span style=\"font-family: times new roman, times, serif; font-size: 18pt;\">Traduction :<strong> <em>L.G.O.<\/em><\/strong><\/span><\/p>\n<p>&nbsp;<\/p>\n<p style=\"text-align: justify;\"><span style=\"font-family: times new roman, times, serif; font-size: 14pt;\"><em>\u00a0<\/em><\/span><\/p>\n<p style=\"text-align: center;\"><span style=\"font-family: times new roman, times, serif; font-size: 12pt;\"><a href=\"http:\/\/blog.lesgrossesorchadeslesamplesthalameges.fr\/index.php\/2023\/01\/26\/sur-les-ravages-de-la-passion-dobeir\/17-ministere-des-affaires-etrangeres-russi\/\" rel=\"attachment wp-att-21738\"><img loading=\"lazy\" class=\"alignnone wp-image-21738 size-full\" src=\"http:\/\/blog.lesgrossesorchadeslesamplesthalameges.fr\/wp-content\/uploads\/2023\/01\/17.-Ministere-des-Affaires-Etrangeres-Russi.jpg\" alt=\"\" width=\"600\" height=\"382\" srcset=\"https:\/\/blog.lesgrossesorchadeslesamplesthalameges.fr\/wp-content\/uploads\/2023\/01\/17.-Ministere-des-Affaires-Etrangeres-Russi.jpg 600w, https:\/\/blog.lesgrossesorchadeslesamplesthalameges.fr\/wp-content\/uploads\/2023\/01\/17.-Ministere-des-Affaires-Etrangeres-Russi-300x191.jpg 300w\" sizes=\"(max-width: 600px) 100vw, 600px\" \/><\/a><br \/>\n<\/span><\/p>\n<p>&nbsp;<\/p>\n<p>&nbsp;<\/p>\n<p>&nbsp;<\/p>\n<p style=\"text-align: justify;\"><span style=\"font-family: times new roman, times, serif; font-size: 14pt;\">MOSCOU, 24 janvier. \/Le minist\u00e8re russe des Affaires \u00e9trang\u00e8res a d\u00e9clar\u00e9 que la Russie r\u00e9pondrait durement aux mesures hostiles des autorit\u00e9s lettones.<\/span><\/p>\n<p>&nbsp;<\/p>\n<p style=\"text-align: justify;\"><span style=\"font-family: times new roman, times, serif; font-size: 14pt;\">Lundi 23 janvier, l&rsquo;ambassadeur russe \u00e0 Riga, Mikhail Vanin, a \u00e9t\u00e9 convoqu\u00e9 au minist\u00e8re letton des Affaires \u00e9trang\u00e8res, o\u00f9 il a \u00e9t\u00e9 inform\u00e9 que le niveau des relations diplomatiques avec la Russie avait \u00e9t\u00e9 abaiss\u00e9. Plus t\u00f4t dans la journ\u00e9e, le minist\u00e8re russe des affaires \u00e9trang\u00e8res a publi\u00e9 une d\u00e9claration indiquant que la Russie d\u00e9gradait d\u2019autant ses relations avec l&rsquo;Estonie en guise de repr\u00e9sailles.<\/span><\/p>\n<p>&nbsp;<\/p>\n<p style=\"text-align: justify;\"><span style=\"font-family: times new roman, times, serif; font-size: 14pt;\">Les r\u00e9dacteurs de TASS FACTBOX ont fait l&rsquo;inventaire de l&rsquo;\u00e9tat actuel des relations diplomatiques de la Russie avec d&rsquo;autres pays.<\/span><\/p>\n<p>&nbsp;<\/p>\n<p>&nbsp;<\/p>\n<p style=\"text-align: justify;\"><span style=\"font-family: times new roman, times, serif; font-size: 18pt;\"><strong>Pays du monde<\/strong><\/span><\/p>\n<p>&nbsp;<\/p>\n<p style=\"text-align: justify;\"><span style=\"font-family: times new roman, times, serif; font-size: 14pt;\">Actuellement, 193 \u00c9tats sont membres de l&rsquo;ONU. Deux autres \u00c9tats &#8211; le Vatican et la Palestine &#8211; ont le statut d&rsquo;observateurs permanents \u00e0 l&rsquo;ONU.<\/span><\/p>\n<p>&nbsp;<\/p>\n<p style=\"text-align: justify;\"><span style=\"font-family: times new roman, times, serif; font-size: 14pt;\">La Russie reconna\u00eet 197 pays : 195 membres de l&rsquo;ONU et observateurs permanents, ainsi que 2 \u00c9tats partiellement reconnus &#8211; l&rsquo;Abkhazie et l&rsquo;Oss\u00e9tie du Sud.<\/span><\/p>\n<p>&nbsp;<\/p>\n<p>&nbsp;<\/p>\n<p style=\"text-align: justify;\"><span style=\"font-family: times new roman, times, serif; font-size: 18pt;\"><strong>Pays qui ont des relations diplomatiques avec la Russie<\/strong><\/span><\/p>\n<p>&nbsp;<\/p>\n<p style=\"text-align: justify;\"><span style=\"font-family: times new roman, times, serif; font-size: 14pt;\">Actuellement, la Russie entretient des relations diplomatiques avec 191 \u00c9tats : 187 sont des \u00c9tats membres de l&rsquo;ONU, 2 sont des observateurs permanents aupr\u00e8s de l&rsquo;ONU (Vatican et Palestine), et 2 sont des \u00c9tats partiellement reconnus (Abkhazie, Oss\u00e9tie du Sud).<\/span><\/p>\n<p>&nbsp;<\/p>\n<p style=\"text-align: justify;\"><span style=\"font-family: times new roman, times, serif; font-size: 14pt;\">La Russie n&rsquo;a pas de relations diplomatiques avec cinq pays membres des Nations unies. Les relations diplomatiques n&rsquo;ont pas \u00e9t\u00e9 \u00e9tablies avec le Bhoutan et les \u00eeles Salomon (des n\u00e9gociations sont en cours avec ces derni\u00e8res). Les relations diplomatiques avec trois \u00c9tats ont \u00e9t\u00e9 rompues \u00e0 leur initiative : la G\u00e9orgie (en 2008), l&rsquo;Ukraine (en 2022) et la Micron\u00e9sie (en 2022).<\/span><\/p>\n<p>&nbsp;<\/p>\n<p>&nbsp;<\/p>\n<p style=\"text-align: justify;\"><span style=\"font-family: times new roman, times, serif; font-size: 18pt;\"><strong>Rupture des relations diplomatiques<\/strong><\/span><\/p>\n<p>&nbsp;<\/p>\n<p style=\"text-align: justify;\"><span style=\"font-family: times new roman, times, serif; font-size: 14pt;\">Dans l&rsquo;histoire r\u00e9cente de la Russie, il y a eu trois cas de rupture des relations diplomatiques, tous \u00e0 l&rsquo;initiative de la partie adverse.<\/span><\/p>\n<p>&nbsp;<\/p>\n<p style=\"text-align: justify;\"><span style=\"font-family: times new roman, times, serif; font-size: 14pt;\">En septembre 2008, les relations diplomatiques entre la Russie et la G\u00e9orgie ont \u00e9t\u00e9 interrompues \u00e0 l&rsquo;initiative des autorit\u00e9s de Tbilissi. La raison en \u00e9tait la reconnaissance de l&rsquo;Abkhazie et de l&rsquo;Oss\u00e9tie du Sud apr\u00e8s le conflit arm\u00e9 avec la G\u00e9orgie du 8 au 12 ao\u00fbt 2008. Actuellement, les int\u00e9r\u00eats des deux pays sont repr\u00e9sent\u00e9s par les sections des ambassades suisses \u00e0 Moscou et \u00e0 Tbilissi, qui s&rsquo;occupent principalement de t\u00e2ches consulaires, notamment de la d\u00e9livrance de visas. En outre, la Suisse joue le r\u00f4le d&rsquo;interm\u00e9diaire en organisant des contacts et des r\u00e9unions entre fonctionnaires.<\/span><\/p>\n<p>&nbsp;<\/p>\n<p style=\"text-align: justify;\"><span style=\"font-family: times new roman, times, serif; font-size: 14pt;\">En f\u00e9vrier 2022, l&rsquo;Ukraine a annonc\u00e9 la rupture de ses relations diplomatiques avec la Russie apr\u00e8s que celle-ci ait reconnu l&rsquo;ind\u00e9pendance des r\u00e9publiques populaires de Donetsk et de Lougansk (actuellement territoires constitutifs de la Russie) et lanc\u00e9 une op\u00e9ration militaire sp\u00e9ciale en Ukraine. La Suisse a propos\u00e9 sa m\u00e9diation pour repr\u00e9senter les int\u00e9r\u00eats des deux parties. Cependant, Moscou a refus\u00e9 de consid\u00e9rer la Suisse comme un interm\u00e9diaire diplomatique, en raison de sa d\u00e9cision de se joindre aux sanctions anti-russes.<\/span><\/p>\n<p>&nbsp;<\/p>\n<p style=\"text-align: justify;\"><span style=\"font-family: times new roman, times, serif; font-size: 14pt;\">En f\u00e9vrier 2022, la Micron\u00e9sie a rompu ses relations diplomatiques avec la Russie en soutien aux autorit\u00e9s ukrainiennes, qui avaient appel\u00e9 leurs partenaires \u00e0 abandonner leurs relations diplomatiques avec la Russie.<\/span><\/p>\n<p>&nbsp;<\/p>\n<p>&nbsp;<\/p>\n<p style=\"text-align: justify;\"><span style=\"font-family: times new roman, times, serif; font-size: 18pt;\"><strong>Missions diplomatiques de la Russie<\/strong><\/span><\/p>\n<p>&nbsp;<\/p>\n<p style=\"text-align: justify;\"><span style=\"font-family: times new roman, times, serif; font-size: 14pt;\">Dans la plupart des pays, la Russie est repr\u00e9sent\u00e9e par des ambassadeurs extraordinaires et pl\u00e9nipotentiaires. En Palestine, il existe un bureau de repr\u00e9sentation (mission) de la F\u00e9d\u00e9ration de Russie aupr\u00e8s de l&rsquo;Autorit\u00e9 nationale palestinienne, dirig\u00e9 par son chef.<\/span><\/p>\n<p>&nbsp;<\/p>\n<p style=\"text-align: justify;\"><span style=\"font-family: times new roman, times, serif; font-size: 14pt;\">Les ambassadeurs de la Russie dans 30 pays (Australie, Angola, B\u00e9nin, Br\u00e9sil, Venezuela, Guyane, Ghana, Guin\u00e9e, Djibouti, Zimbabwe, Indon\u00e9sie, Espagne, Italie, Cameroun, C\u00f4te d&rsquo;Ivoire, Cuba, Madagascar, Mali, Mexique, Mozambique, Nicaragua, Nouvelle-Z\u00e9lande, S\u00e9n\u00e9gal, Ouganda, Philippines, France, Suisse, Sri Lanka, Afrique du Sud et Jama\u00efque) repr\u00e9sentent simultan\u00e9ment les int\u00e9r\u00eats de la Russie et d&rsquo;autres \u00c9tats.<\/span><\/p>\n<p>&nbsp;<\/p>\n<p>&nbsp;<\/p>\n<p style=\"text-align: justify;\"><span style=\"font-family: times new roman, times, serif; font-size: 18pt;\"><strong>Charg\u00e9s d&rsquo;affaires, d\u00e9classement des relations diplomatiques<\/strong><\/span><\/p>\n<p>&nbsp;<\/p>\n<p style=\"text-align: justify;\"><span style=\"font-family: times new roman, times, serif; font-size: 14pt;\">Actuellement, dans deux pays \u2013 le Y\u00e9men et la Lituanie \u2013 la Russie est repr\u00e9sent\u00e9e par des charg\u00e9s d&rsquo;affaires.<\/span><\/p>\n<p>&nbsp;<\/p>\n<p style=\"text-align: justify;\"><span style=\"font-family: times new roman, times, serif; font-size: 14pt;\">L&rsquo;ambassade de Russie au Y\u00e9men a \u00e9t\u00e9 \u00e9vacu\u00e9e en d\u00e9cembre 2017 en raison des hostilit\u00e9s dans ce pays et transf\u00e9r\u00e9e \u00e0 Riyad, la capitale de l&rsquo;Arabie saoudite. Les int\u00e9r\u00eats de la Russie au Y\u00e9men sont repr\u00e9sent\u00e9s par ses charg\u00e9s d&rsquo;affaires.<\/span><\/p>\n<p>&nbsp;<\/p>\n<p style=\"text-align: justify;\"><span style=\"font-family: times new roman, times, serif; font-size: 14pt;\">En avril 2022, la Lituanie expulse l&rsquo;ambassadeur russe de Vilnius et rappelle son ambassadeur de Moscou. Le 23 mai 2022, le pr\u00e9sident lituanien Gitanas Nauseda a sign\u00e9 un d\u00e9cret pour d\u00e9grader les relations diplomatiques entre la Lituanie et la Russie.<\/span><\/p>\n<p>&nbsp;<\/p>\n<p style=\"text-align: justify;\"><span style=\"font-family: times new roman, times, serif; font-size: 14pt;\">En janvier 2023, il est d\u00e9cid\u00e9 de rel\u00e9guer les relations diplomatiques entre la Russie, l&rsquo;Estonie et la Lettonie au rang de charge d&rsquo;affaires. Le 23 janvier, le minist\u00e8re russe des Affaires \u00e9trang\u00e8res a d\u00e9grad\u00e9 les relations diplomatiques avec l&rsquo;Estonie en r\u00e9ponse \u00e0 une d\u00e9cision hostile [ils disent \u00ab\u00a0inamicale\u00a0\u00bb\u00a0; NdT] de la partie estonienne de r\u00e9duire radicalement les effectifs de l&rsquo;ambassade russe \u00e0 Tallinn, et aussi en raison de la destruction de tout le syst\u00e8me de relations avec Moscou. Le 7 f\u00e9vrier, les ambassadeurs des deux pays quitteront les missions diplomatiques. Le m\u00eame jour, le 23 janvier, la Lettonie, dans un geste de solidarit\u00e9 avec l&rsquo;Estonie, a annonc\u00e9 qu&rsquo;elle abaissait ses relations diplomatiques avec la Russie \u00e0 compter du 24 f\u00e9vrier.<\/span><\/p>\n<p>&nbsp;<\/p>\n<p style=\"text-align: justify;\"><span style=\"font-family: times new roman, times, serif; font-size: 14pt;\">Source : <a href=\"https:\/\/tass.com\/politics\/1566521\">Russia\u2019s lengthy list of diplomatic relations with other countries &#8211; Russian Politics &amp; Diplomacy &#8211; TASS<\/a><\/span><\/p>\n<p>&nbsp;<\/p>\n<p style=\"text-align: justify;\"><span style=\"font-family: comic sans ms, sans-serif; font-size: 12pt;\">L\u2019ambassade de Russie au Y\u00e9men transf\u00e9r\u00e9e \u00e0 Ryiad\u00a0? Fichtre.<\/span><\/p>\n<p>&nbsp;<\/p>\n<p style=\"text-align: left;\"><span style=\"font-size: 14pt;\"><strong><span style=\"font-family: times new roman, times, serif;\">URL de cet article : <\/span><\/strong><a href=\"http:\/\/blog.lesgrossesorchadeslesamplesthalameges.fr\/index.php\/longue-liste-des-relations-diplomatiques-de-la-russie-avec-dautres-pays\/\"><span style=\"font-family: times new roman, times, serif;\">http:\/\/blog.lesgrossesorchadeslesamplesthalameges.fr\/index.php\/longue-liste-des-relations-diplomatiques-de-la-russie-avec-dautres-pays\/<\/span><\/a><\/span><\/p>\n<p>&nbsp;<\/p>\n<p>&nbsp;<\/p>\n<p style=\"text-align: center;\"><a href=\"http:\/\/blog.lesgrossesorchadeslesamplesthalameges.fr\/index.php\/2023\/01\/26\/sur-les-ravages-de-la-passion-dobeir\/000-donbass-militia-flag-petit-11\/\" rel=\"attachment wp-att-21728\"><img loading=\"lazy\" class=\"alignnone size-full wp-image-21728\" src=\"http:\/\/blog.lesgrossesorchadeslesamplesthalameges.fr\/wp-content\/uploads\/2023\/01\/000.-DONBASS-MILITIA-FLAG-PETIT.gif\" alt=\"\" width=\"170\" height=\"122\" \/><\/a><\/p>\n<p>&nbsp;<\/p>\n<p>&nbsp;<\/p>\n<p style=\"text-align: right;\"><span style=\"font-family: comic sans ms, sans-serif; font-size: 14pt;\">Janvier 2023<\/span><\/p>\n<p>&nbsp;<\/p>\n<p>&nbsp;<\/p>\n","protected":false},"excerpt":{"rendered":"<p>&nbsp; &nbsp; &nbsp; &nbsp; &nbsp; &nbsp; &nbsp; &nbsp; Longue liste des relations diplomatiques de la Russie avec d&rsquo;autres pays \u00a0 Actuellement, la Russie entretient des relations diplomatiques avec 191 \u00c9tats. &nbsp; &nbsp; TASS \u2013 24.2.2023 Traduction : L.G.O. &nbsp; \u00a0 &nbsp; &nbsp; &nbsp; MOSCOU, 24 janvier. \/Le minist\u00e8re russe des Affaires \u00e9trang\u00e8res a d\u00e9clar\u00e9 que&#8230;<\/p>\n","protected":false},"author":1,"featured_media":0,"parent":0,"menu_order":0,"comment_status":"open","ping_status":"open","template":"","meta":[],"_links":{"self":[{"href":"https:\/\/blog.lesgrossesorchadeslesamplesthalameges.fr\/index.php\/wp-json\/wp\/v2\/pages\/21817"}],"collection":[{"href":"https:\/\/blog.lesgrossesorchadeslesamplesthalameges.fr\/index.php\/wp-json\/wp\/v2\/pages"}],"about":[{"href":"https:\/\/blog.lesgrossesorchadeslesamplesthalameges.fr\/index.php\/wp-json\/wp\/v2\/types\/page"}],"author":[{"embeddable":true,"href":"https:\/\/blog.lesgrossesorchadeslesamplesthalameges.fr\/index.php\/wp-json\/wp\/v2\/users\/1"}],"replies":[{"embeddable":true,"href":"https:\/\/blog.lesgrossesorchadeslesamplesthalameges.fr\/index.php\/wp-json\/wp\/v2\/comments?post=21817"}],"version-history":[{"count":8,"href":"https:\/\/blog.lesgrossesorchadeslesamplesthalameges.fr\/index.php\/wp-json\/wp\/v2\/pages\/21817\/revisions"}],"predecessor-version":[{"id":21825,"href":"https:\/\/blog.lesgrossesorchadeslesamplesthalameges.fr\/index.php\/wp-json\/wp\/v2\/pages\/21817\/revisions\/21825"}],"wp:attachment":[{"href":"https:\/\/blog.lesgrossesorchadeslesamplesthalameges.fr\/index.php\/wp-json\/wp\/v2\/media?parent=21817"}],"curies":[{"name":"wp","href":"https:\/\/api.w.org\/{rel}","templated":true}]}}