{"id":21827,"date":"2023-01-26T04:24:20","date_gmt":"2023-01-26T03:24:20","guid":{"rendered":"http:\/\/blog.lesgrossesorchadeslesamplesthalameges.fr\/?page_id=21827"},"modified":"2023-01-26T04:26:38","modified_gmt":"2023-01-26T03:26:38","slug":"le-ministere-de-linterieur-a-recu-la-demande-de-statut-de-refugie-en-russie-dun-reporter-francais","status":"publish","type":"page","link":"https:\/\/blog.lesgrossesorchadeslesamplesthalameges.fr\/index.php\/le-ministere-de-linterieur-a-recu-la-demande-de-statut-de-refugie-en-russie-dun-reporter-francais\/","title":{"rendered":"Le minist\u00e8re de l&rsquo;Int\u00e9rieur a re\u00e7u la demande de statut de r\u00e9fugi\u00e9 en Russie d&rsquo;un reporter fran\u00e7ais"},"content":{"rendered":"<p>&nbsp;<\/p>\n<p>&nbsp;<\/p>\n<p>&nbsp;<\/p>\n<p>&nbsp;<\/p>\n<p>&nbsp;<\/p>\n<p>&nbsp;<\/p>\n<p>&nbsp;<\/p>\n<p>&nbsp;<\/p>\n<p style=\"text-align: center;\"><span style=\"font-size: 36pt;\"><strong><span style=\"font-family: times new roman, times, serif;\">Le minist\u00e8re de l&rsquo;Int\u00e9rieur a re\u00e7u la demande de statut de r\u00e9fugi\u00e9 en Russie d&rsquo;un reporter fran\u00e7ais<\/span><\/strong><\/span><\/p>\n<p style=\"text-align: justify;\"><span style=\"font-family: times new roman, times, serif; font-size: 14pt;\"><strong>\u00a0<\/strong><\/span><\/p>\n<p>&nbsp;<\/p>\n<p style=\"text-align: center;\"><span style=\"font-family: times new roman, times, serif; font-size: 24pt;\"><em>Mardi, Adrien Bocquet, expert militaire fran\u00e7ais, volontaire et journaliste couvrant la situation dans le Donbass, a d\u00e9pos\u00e9 une demande de statut de r\u00e9fugi\u00e9 \u00e0 Moscou.<\/em><\/span><\/p>\n<p style=\"text-align: justify;\"><span style=\"font-family: times new roman, times, serif; font-size: 14pt;\"><em>\u00a0<\/em><\/span><\/p>\n<p>&nbsp;<\/p>\n<p style=\"text-align: center;\"><span style=\"font-family: times new roman, times, serif; font-size: 18pt;\"><strong><em>TASS \u2013 <\/em><\/strong><strong>24.1.2023<\/strong><\/span><\/p>\n<p style=\"text-align: center;\"><span style=\"font-family: times new roman, times, serif; font-size: 18pt;\">Traduction\u00a0:<strong> <em>L.G.O.<\/em><\/strong><\/span><\/p>\n<p style=\"text-align: center;\"><span style=\"font-family: times new roman, times, serif; font-size: 18pt;\"><strong>\u00a0<\/strong><\/span><\/p>\n<p style=\"text-align: center;\"><span style=\"font-family: times new roman, times, serif; font-size: 18pt;\"><strong>\u00a0<\/strong><\/span><\/p>\n<p style=\"text-align: center;\"><span style=\"font-family: times new roman, times, serif; font-size: 14pt;\"><strong>\u00a0<a href=\"http:\/\/blog.lesgrossesorchadeslesamplesthalameges.fr\/index.php\/2023\/01\/26\/sur-les-ravages-de-la-passion-dobeir\/bocquet\/\" rel=\"attachment wp-att-21739\"><img loading=\"lazy\" class=\"alignnone wp-image-21739 size-full\" src=\"http:\/\/blog.lesgrossesorchadeslesamplesthalameges.fr\/wp-content\/uploads\/2023\/01\/Bocquet.jpg\" alt=\"\" width=\"500\" height=\"276\" srcset=\"https:\/\/blog.lesgrossesorchadeslesamplesthalameges.fr\/wp-content\/uploads\/2023\/01\/Bocquet.jpg 500w, https:\/\/blog.lesgrossesorchadeslesamplesthalameges.fr\/wp-content\/uploads\/2023\/01\/Bocquet-300x166.jpg 300w\" sizes=\"(max-width: 500px) 100vw, 500px\" \/><\/a><\/strong><\/span><\/p>\n<p>&nbsp;<\/p>\n<p>&nbsp;<\/p>\n<p>&nbsp;<\/p>\n<p style=\"text-align: justify;\"><span style=\"font-family: times new roman, times, serif; font-size: 14pt;\">MOSCOU, 24 janvier.\/ La demande de statut de r\u00e9fugi\u00e9 en Russie du journaliste fran\u00e7ais Adrien Bocquet a \u00e9t\u00e9 enregistr\u00e9e par le d\u00e9partement des migrations de la police de Moscou, et une d\u00e9cision \u00e0 ce sujet sera prise sur la base de la loi f\u00e9d\u00e9rale russe et en tenant compte de sa position pro-russe, a d\u00e9clar\u00e9 mardi le minist\u00e8re russe de l&rsquo;Int\u00e9rieur.<\/span><\/p>\n<p>&nbsp;<\/p>\n<p style=\"text-align: justify;\"><span style=\"font-family: times new roman, times, serif; font-size: 14pt;\">\u00a0\u00ab\u00a0Le d\u00e9partement des migrations de la police de Moscou a re\u00e7u la demande de statut de r\u00e9fugi\u00e9 en Russie du journaliste fran\u00e7ais Adrien Bocquet. Une d\u00e9cision sera prise sur la base des lois f\u00e9d\u00e9rales et en tenant compte des rapports sur les pers\u00e9cutions dont il fait l&rsquo;objet en raison de ses positions pro-russes actives\u00a0\u00bb, indique le communiqu\u00e9..<\/span><\/p>\n<p>&nbsp;<\/p>\n<p style=\"text-align: justify;\"><span style=\"font-family: times new roman, times, serif; font-size: 14pt;\">Adrien Bocquet, expert militaire fran\u00e7ais, volontaire et journaliste couvrant la situation dans le Donbass, a d\u00e9pos\u00e9 mardi \u00e0 Moscou une demande de statut de r\u00e9fugi\u00e9. Selon Alexey Zhurin, chef de la direction des r\u00e9fugi\u00e9s du minist\u00e8re de l&rsquo;Int\u00e9rieur, ses documents seront v\u00e9rifi\u00e9s dans les cinq jours ouvrables.<\/span><\/p>\n<p>&nbsp;<\/p>\n<p style=\"text-align: justify;\"><span style=\"font-family: times new roman, times, serif; font-size: 14pt;\">La porte-parole du minist\u00e8re de l&rsquo;Int\u00e9rieur russe, Irina Volk, avait d\u00e9clar\u00e9 le 16 janvier \u00e0 l&rsquo;agence TASS que le minist\u00e8re serait pr\u00eat \u00e0 examiner la question de son statut juridique en Russie d\u00e8s qu&rsquo;il aurait d\u00e9pos\u00e9 une demande correspondante. Selon Mme Volk, des explications sur la proc\u00e9dure de demande d&rsquo;asile politique et de statut de r\u00e9fugi\u00e9 en Russie ont \u00e9t\u00e9 fournies au journaliste fran\u00e7ais en d\u00e9cembre dernier.<\/span><\/p>\n<p>&nbsp;<\/p>\n<p style=\"text-align: justify;\"><span style=\"font-family: times new roman, times, serif; font-size: 14pt;\">Auparavant, il a \u00e9t\u00e9 poursuivi en justice en France et a surv\u00e9cu \u00e0 une tentative d\u2019assassinat par des nationalistes ukrainiens \u00e0 Istanbul.<\/span><\/p>\n<p>&nbsp;<\/p>\n<p style=\"text-align: justify;\"><span style=\"font-family: times new roman, times, serif; font-size: 14pt;\">Le 11 janvier, Adrien Bocquet a d\u00e9clar\u00e9 \u00e0 l&rsquo;agence TASS qu&rsquo;il avait demand\u00e9 la citoyennet\u00e9 russe et l&rsquo;asile politique en Russie.<\/span><\/p>\n<p>&nbsp;<\/p>\n<p style=\"text-align: justify;\"><span style=\"font-family: times new roman, times, serif; font-size: 14pt;\">Ancien officier militaire fran\u00e7ais, Adrien Bocquet a servi en tant qu&rsquo;expert sur les armes de l&rsquo;OTAN \u00e0 Donetsk. En dehors de cela, il s&rsquo;occupe des questions relatives aux volontaires. Il a \u00e9t\u00e9 le premier volontaire occidental \u00e0 d\u00e9clarer publiquement que l&rsquo;incident de Buca \u00e9tait une provocation mise en sc\u00e8ne par l&rsquo;arm\u00e9e ukrainienne.<\/span><\/p>\n<p>&nbsp;<\/p>\n<p style=\"text-align: justify;\"><span style=\"font-family: times new roman, times, serif; font-size: 14pt;\">Auparavant, il a \u00e9t\u00e9 poursuivi en justice en France et a surv\u00e9cu \u00e0 une tentative d&rsquo;assassinat par des nationalistes ukrainiens \u00e0 Istanbul.<\/span><\/p>\n<p>&nbsp;<\/p>\n<p style=\"text-align: justify;\"><span style=\"font-family: times new roman, times, serif; font-size: 14pt;\">Source : <a href=\"https:\/\/tass.com\/society\/1566493\">French reporter\u2019s application for refugee status in Russia received by interior ministry &#8211; Society &amp; Culture &#8211; TASS<\/a><\/span><\/p>\n<p>&nbsp;<\/p>\n<p>&nbsp;<\/p>\n<p style=\"text-align: justify;\"><span style=\"font-family: comic sans ms, sans-serif; font-size: 12pt;\">Il est \u00e0 noter que le reporter avait voulu t\u00e9moigner en France, il y a des mois, de ce qu\u2019il avait vu perp\u00e9trer dans le Donbass par les nouveaux chouchous de l\u2019Europe. Aussit\u00f4t,\u00a0les merdias de service \u2013 en l\u2019occurrence,<em> Lib\u00e9ration, <\/em>mais pas que \u2013 s\u2019\u00e9taient jet\u00e9s dessus avec d\u00e9lectation : \u00ab Les mensonges d\u2019Adrien Bocquet \u00bb, etc. (que voulez-vous, c\u2019est de ce c\u00f4t\u00e9-l\u00e0 que leurs tartines sont beurr\u00e9es).<\/span><\/p>\n<p style=\"text-align: justify;\"><span style=\"font-family: comic sans ms, sans-serif; font-size: 12pt;\">\u00c0 la grande fureur d\u2019Andr\u00e9 Bercoff\u2026<\/span><\/p>\n<p>&nbsp;<\/p>\n<p>&nbsp;<\/p>\n<p style=\"text-align: center;\"><span style=\"font-family: times new roman, times, serif; font-size: 18pt;\"><strong>Adrien Bocquet affabulateur\u00a0?<\/strong><\/span><\/p>\n<p style=\"text-align: center;\"><span style=\"font-family: times new roman, times, serif; font-size: 18pt;\"><strong>\u00c9norme coup de gueule d\u2019Andr\u00e9 Bercoff sur Sud Radio<\/strong><\/span><\/p>\n<p>&nbsp;<\/p>\n<p>&nbsp;<\/p>\n<p style=\"text-align: center;\"><span style=\"font-family: times new roman, times, serif; font-size: 14pt;\"><iframe loading=\"lazy\" title=\"YouTube video player\" src=\"\/\/www.youtube.com\/embed\/GmLaD0Q8kMc\" width=\"560\" height=\"315\" frameborder=\"0\" allowfullscreen=\"allowfullscreen\"><\/iframe><\/span><\/p>\n<p>&nbsp;<\/p>\n<p>&nbsp;<\/p>\n<p><span style=\"font-family: times new roman, times, serif; font-size: 14pt;\"><strong>URL de cet article : <\/strong><a href=\"http:\/\/blog.lesgrossesorchadeslesamplesthalameges.fr\/index.php\/le-ministere-de-linterieur-a-recu-la-demande-de-statut-de-refugie-en-russie-dun-reporter-francais\/\">http:\/\/blog.lesgrossesorchadeslesamplesthalameges.fr\/index.php\/le-ministere-de-linterieur-a-recu-la-demande-de-statut-de-refugie-en-russie-dun-reporter-francais\/<\/a><strong><br \/>\n<\/strong><\/span><\/p>\n<p>&nbsp;<\/p>\n<p>&nbsp;<\/p>\n<p style=\"text-align: center;\"><a href=\"http:\/\/blog.lesgrossesorchadeslesamplesthalameges.fr\/index.php\/2023\/01\/26\/sur-les-ravages-de-la-passion-dobeir\/000-donbass-militia-flag-petit-11\/\" rel=\"attachment wp-att-21728\"><img loading=\"lazy\" class=\"alignnone size-full wp-image-21728\" src=\"http:\/\/blog.lesgrossesorchadeslesamplesthalameges.fr\/wp-content\/uploads\/2023\/01\/000.-DONBASS-MILITIA-FLAG-PETIT.gif\" alt=\"\" width=\"170\" height=\"122\" \/><\/a><\/p>\n<p>&nbsp;<\/p>\n<p style=\"text-align: right;\"><span style=\"font-family: comic sans ms, sans-serif; font-size: 14pt;\">Janvier 2023<\/span><\/p>\n<p>&nbsp;<\/p>\n","protected":false},"excerpt":{"rendered":"<p>&nbsp; &nbsp; &nbsp; &nbsp; &nbsp; &nbsp; &nbsp; &nbsp; Le minist\u00e8re de l&rsquo;Int\u00e9rieur a re\u00e7u la demande de statut de r\u00e9fugi\u00e9 en Russie d&rsquo;un reporter fran\u00e7ais \u00a0 &nbsp; Mardi, Adrien Bocquet, expert militaire fran\u00e7ais, volontaire et journaliste couvrant la situation dans le Donbass, a d\u00e9pos\u00e9 une demande de statut de r\u00e9fugi\u00e9 \u00e0 Moscou. \u00a0 &nbsp; TASS&#8230;<\/p>\n","protected":false},"author":1,"featured_media":0,"parent":0,"menu_order":0,"comment_status":"open","ping_status":"open","template":"","meta":[],"_links":{"self":[{"href":"https:\/\/blog.lesgrossesorchadeslesamplesthalameges.fr\/index.php\/wp-json\/wp\/v2\/pages\/21827"}],"collection":[{"href":"https:\/\/blog.lesgrossesorchadeslesamplesthalameges.fr\/index.php\/wp-json\/wp\/v2\/pages"}],"about":[{"href":"https:\/\/blog.lesgrossesorchadeslesamplesthalameges.fr\/index.php\/wp-json\/wp\/v2\/types\/page"}],"author":[{"embeddable":true,"href":"https:\/\/blog.lesgrossesorchadeslesamplesthalameges.fr\/index.php\/wp-json\/wp\/v2\/users\/1"}],"replies":[{"embeddable":true,"href":"https:\/\/blog.lesgrossesorchadeslesamplesthalameges.fr\/index.php\/wp-json\/wp\/v2\/comments?post=21827"}],"version-history":[{"count":9,"href":"https:\/\/blog.lesgrossesorchadeslesamplesthalameges.fr\/index.php\/wp-json\/wp\/v2\/pages\/21827\/revisions"}],"predecessor-version":[{"id":21836,"href":"https:\/\/blog.lesgrossesorchadeslesamplesthalameges.fr\/index.php\/wp-json\/wp\/v2\/pages\/21827\/revisions\/21836"}],"wp:attachment":[{"href":"https:\/\/blog.lesgrossesorchadeslesamplesthalameges.fr\/index.php\/wp-json\/wp\/v2\/media?parent=21827"}],"curies":[{"name":"wp","href":"https:\/\/api.w.org\/{rel}","templated":true}]}}