{"id":21916,"date":"2023-01-31T21:24:17","date_gmt":"2023-01-31T20:24:17","guid":{"rendered":"http:\/\/blog.lesgrossesorchadeslesamplesthalameges.fr\/?page_id=21916"},"modified":"2023-01-31T21:25:21","modified_gmt":"2023-01-31T20:25:21","slug":"les-chefs-militaires-disrael-ont-attise-une-nouvelle-vague-dattaques-terroristes-et-ils-le-savaient","status":"publish","type":"page","link":"https:\/\/blog.lesgrossesorchadeslesamplesthalameges.fr\/index.php\/les-chefs-militaires-disrael-ont-attise-une-nouvelle-vague-dattaques-terroristes-et-ils-le-savaient\/","title":{"rendered":"Les chefs militaires d\u2019Isra\u00ebl ont attis\u00e9 une nouvelle vague d&rsquo;attaques terroristes, et ils le savaient."},"content":{"rendered":"<p>&nbsp;<\/p>\n<p>&nbsp;<\/p>\n<p>&nbsp;<\/p>\n<p>&nbsp;<\/p>\n<p>&nbsp;<\/p>\n<p>&nbsp;<\/p>\n<p>&nbsp;<\/p>\n<p>&nbsp;<\/p>\n<p style=\"text-align: justify;\"><span style=\"font-size: 18pt; color: #c00000;\"><strong><span style=\"font-family: times new roman, times, serif;\"><em>Attaques terroristes ? <\/em><\/span><\/strong><\/span><\/p>\n<p style=\"text-align: justify;\"><span style=\"font-size: 18pt; color: #c00000;\"><strong><span style=\"font-family: times new roman, times, serif;\"><em>Celle d\u2019avant ou celle d\u2019apr\u00e8s\u00a0?<\/em><\/span><\/strong><\/span><\/p>\n<h1 style=\"text-align: justify;\"><\/h1>\n<p>&nbsp;<\/p>\n<p>&nbsp;<\/p>\n<p style=\"text-align: justify;\"><span style=\"font-size: 18pt;\"><strong><span style=\"font-family: times new roman, times, serif;\">Opinion.<\/span><\/strong><\/span><\/p>\n<p>&nbsp;<\/p>\n<p>&nbsp;<\/p>\n<p style=\"text-align: center;\"><strong><span style=\"font-family: times new roman, times, serif; font-size: 36pt;\">Les chefs militaires d\u2019Isra\u00ebl ont attis\u00e9 une nouvelle vague d&rsquo;attaques terroristes, et ils le savaient.<\/span><\/strong><\/p>\n<p>&nbsp;<\/p>\n<p style=\"text-align: center;\"><span style=\"font-family: times new roman, times, serif; font-size: 14pt;\"><strong><a href=\"http:\/\/blog.lesgrossesorchadeslesamplesthalameges.fr\/index.php\/2023\/01\/31\/pris-dans-les-filets-3\/11-gideon-levy-gif\/\" rel=\"attachment wp-att-21880\"><img loading=\"lazy\" class=\"alignnone wp-image-21880\" src=\"http:\/\/blog.lesgrossesorchadeslesamplesthalameges.fr\/wp-content\/uploads\/2023\/01\/11.-Gideon-Levy.-GIF.gif\" alt=\"\" width=\"120\" height=\"120\" \/><\/a> \u00a0\u00a0 <\/strong><\/span><\/p>\n<p style=\"text-align: center;\"><span style=\"font-family: times new roman, times, serif; font-size: 14pt;\"><strong>Gideon Levy<\/strong><\/span><span style=\"font-size: 18pt;\"> <strong>\u2013 Haaretz \u2013<\/strong> <strong>29.1.2023<\/strong><\/span><\/p>\n<p>&nbsp;<\/p>\n<p style=\"text-align: center;\"><span style=\"font-family: times new roman, times, serif; font-size: 14pt;\">[Il semble que pour les merdias, la v\u00e9rit\u00e9 soit une affaire d\u2019opinion.]<\/span><\/p>\n<p style=\"text-align: center;\"><span style=\"font-family: times new roman, times, serif; font-size: 14pt;\">Traduction\u00a0: <strong>c.l.<\/strong> pour <strong><em>L.G.O.<\/em><\/strong><\/span><\/p>\n<p>&nbsp;<\/p>\n<p>&nbsp;<\/p>\n<p>&nbsp;<\/p>\n<p style=\"text-align: center;\"><a href=\"http:\/\/blog.lesgrossesorchadeslesamplesthalameges.fr\/index.php\/2023\/01\/31\/pris-dans-les-filets-3\/12-jenine\/\" rel=\"attachment wp-att-21881\"><img loading=\"lazy\" class=\"alignnone wp-image-21881 size-full\" src=\"http:\/\/blog.lesgrossesorchadeslesamplesthalameges.fr\/wp-content\/uploads\/2023\/01\/12.-Jenine.jpg\" alt=\"\" width=\"650\" height=\"377\" srcset=\"https:\/\/blog.lesgrossesorchadeslesamplesthalameges.fr\/wp-content\/uploads\/2023\/01\/12.-Jenine.jpg 650w, https:\/\/blog.lesgrossesorchadeslesamplesthalameges.fr\/wp-content\/uploads\/2023\/01\/12.-Jenine-300x174.jpg 300w\" sizes=\"(max-width: 650px) 100vw, 650px\" \/><\/a><\/p>\n<p style=\"text-align: center;\"><span style=\"font-family: times new roman, times, serif; font-size: 12pt;\"><strong><em>La foule en deuil transportant les corps de huit Palestiniens au cours de fun\u00e9railles collectives dans la ville de J\u00e9nine, Cisjordanie, ce jeudi.\/AP<\/em><\/strong><\/span><\/p>\n<p style=\"text-align: center;\"><span style=\"font-family: times new roman, times, serif; font-size: 12pt;\"><strong><em>\u00a0<\/em><\/strong><\/span><\/p>\n<p>&nbsp;<\/p>\n<p>&nbsp;<\/p>\n<p style=\"text-align: justify;\"><span style=\"font-family: times new roman, times, serif; font-size: 12pt;\"><strong><span style=\"font-family: tahoma, arial, helvetica, sans-serif;\">Qu&rsquo;est-ce que vous croyiez ? Que le meurtre de 146 Palestiniens en Cisjordanie en 2022, selon <em>B&rsquo;Tselem<\/em>, dont la plupart \u00e9taient des non-combattants, serait docilement accept\u00e9 ? Que le meurtre d&rsquo;une trentaine de personnes au cours du mois \u00e9coul\u00e9 serait pass\u00e9 sous silence ?<\/span> <\/strong><\/span><\/p>\n<p style=\"text-align: justify;\"><span style=\"font-family: times new roman, times, serif; font-size: 14pt;\">Que les r\u00e9sidents du camp de r\u00e9fugi\u00e9s de Shoafat, maltrait\u00e9s chaque jour et chaque nuit par des membres de la Police et de la Police des fronti\u00e8res \u2013 qui envahissent leurs maisons dans le cadre d&rsquo;op\u00e9rations curieuses, allant du raid fiscal aux arrestations en pleine nuit, d\u00e9truisant leurs biens et leur dignit\u00e9 \u2013 allaient asperger leurs agresseurs de grains de riz ? Que quelqu&rsquo;un <a href=\"https:\/\/www.haaretz.com\/israel-news\/2023-01-27\/ty-article\/.premium\/five-israelis-wounded-in-jerusalem-shooting\/00000185-f47b-d4a2-adb5-f47bd70d0000\">dont le grand-p\u00e8re a \u00e9t\u00e9 assassin\u00e9 par un colon<\/a> et dont un ami de 17 ans a \u00e9t\u00e9 tu\u00e9 la semaine derni\u00e8re par la police des fronti\u00e8res ne serait jamais capable de rendre les coups\u00a0?<\/span><\/p>\n<p style=\"text-align: justify;\"><span style=\"font-family: times new roman, times, serif; font-size: 14pt;\">Et \u00e0 quoi pensaient les commandants de <a href=\"https:\/\/www.haaretz.com\/israel-news\/2023-01-26\/ty-article\/.premium\/palestinian-shot-and-killed-near-jenin-west-bank-health-ministry-says\/00000185-ecbd-d8d4-add7-fdbfd9a70000\">l&rsquo;op\u00e9ration insens\u00e9e de jeudi dans le camp de r\u00e9fugi\u00e9s de J\u00e9nine<\/a> ? Quel \u00e9tait le but de l&rsquo;op\u00e9ration, \u00e0 part une d\u00e9monstration de puissance ? Supprimer le terrorisme ? Elle n&rsquo;a fait qu&rsquo;attiser les flammes.<\/span><\/p>\n<p style=\"text-align: justify;\"><span style=\"font-family: times new roman, times, serif; font-size: 14pt;\">Ils savaient que s&rsquo;ils attaquaient le centre du camp, il en r\u00e9sulterait un bain de sang. Les Forces de D\u00e9fense Isra\u00e9liennes et la Police Sp\u00e9ciale Anti-Terroriste\u00a0 ne peuvent plus envahir ce camp brave et d\u00e9termin\u00e9 sans faire couler beaucoup de sang. Ils savaient aussi qu&rsquo;aucune \u00ab\u00a0\u00e9norme attaque terroriste \u00e0 l&rsquo;int\u00e9rieur d&rsquo;Isra\u00ebl\u00a0\u00bb n&rsquo;a \u00e9t\u00e9 d\u00e9jou\u00e9e par leur op\u00e9ration, ainsi que le porte-parole des FDI, \u00e9galement connu sous le nom de <a href=\"https:\/\/fr.wikipedia.org\/wiki\/Yediot_Aharonot\"><em>Yedioth Ahronoth<\/em><\/a> l&rsquo;a proclam\u00e9 vendredi. Ils ont envahi le camp le matin, alors que les enfants \u00e9taient sur le chemin de l&rsquo;\u00e9cole \u2013 heureusement, au moins, les \u00e9coles de l&rsquo;UNRWA \u00e9taient en gr\u00e8ve ce jour-l\u00e0 \u2013 juste parce qu&rsquo;ils le pouvaient.<\/span><\/p>\n<p>&nbsp;<\/p>\n<ul style=\"text-align: justify;\">\n<li><span style=\"font-family: times new roman, times, serif; font-size: 14pt;\"><a href=\"https:\/\/www.haaretz.com\/israel-news\/2023-01-28\/ty-article\/.premium\/with-jerusalem-on-the-verge-of-erupting-netanyahu-will-try-to-rein-in-his-coalition\/00000185-f8b4-d361-ad85-f8bd71520000\">Avec J\u00e9rusalem au bord de l&rsquo;\u00e9ruption, Netanyahou doit aussi ma\u00eetriser sa propre coalition<\/a>.<\/span><\/li>\n<li><span style=\"font-family: times new roman, times, serif; font-size: 14pt;\"><a href=\"https:\/\/www.haaretz.com\/israel-news\/2023-01-28\/ty-article\/.premium\/israel-at-fault-for-escalation-in-security-situation-palestinian-president-abbas-says\/00000185-f8cc-def6-a7b5-fdcef67c0000\">Isra\u00ebl est responsable de l&rsquo;escalade de la situation s\u00e9curitaire, selon le pr\u00e9sident palestinien Abbas<\/a><\/span><\/li>\n<li><span style=\"font-family: times new roman, times, serif; font-size: 14pt;\"><a href=\"https:\/\/www.haaretz.com\/opinion\/editorial\/2023-01-25\/ty-article-opinion\/ben-gvir-wants-a-militia\/00000185-eaa0-d8d4-add7-fba7b9400000\">Ben-Gvir veut une milice<\/a><\/span><\/li>\n<\/ul>\n<p>&nbsp;<\/p>\n<p style=\"text-align: justify;\"><span style=\"font-family: times new roman, times, serif; font-size: 14pt;\">\u00ab\u00a0Si le major-g\u00e9n\u00e9ral Yehuda Fuchs, chef du Commandement central, avait su quel en serait le r\u00e9sultat, peut-\u00eatre ne l\u2019aurait-il pas approuv\u00e9\u00a0\u00bb, a d\u00e9clar\u00e9 le journaliste Alon Ben-David sur <em>Channel 13 News<\/em>. Et \u00e0 quoi pensait le g\u00e9n\u00e9ral\u00a0? Qu&rsquo;il y avait une autre option ? Apr\u00e8s tout, chacun savait que l&rsquo;op\u00e9ration de J\u00e9nine allait d\u00e9clencher une dangereuse vague de violence. Il n&rsquo;est pas possible d&rsquo;envahir le camp de r\u00e9fugi\u00e9s de J\u00e9nine sans provoquer un massacre. <a href=\"https:\/\/www.haaretz.com\/opinion\/2023-01-12\/ty-article-opinion\/.premium\/warmth-and-courage-in-the-jenin-refugee-camp\/00000185-a2b0-d926-a187-bafe4f350000\">Je l\u2019ai \u00e9crit ici m\u00eame, apr\u00e8s ma visite d\u2019il y a environ trois semaines<\/a> (Haaretz.com, 12 janvier), aucun massacre dans le camp ne pourrait passer tranquillement.<\/span><\/p>\n<p>&nbsp;<\/p>\n<p style=\"text-align: justify; padding-left: 120px;\"><span style=\"font-family: times new roman, times, serif; font-size: 14pt;\">[\u00ab\u00a0\u2026un camp courageux, d\u00e9termin\u00e9, bien organis\u00e9, impr\u00e9gn\u00e9 d&rsquo;un esprit de combat peut-\u00eatre in\u00e9gal\u00e9 dans l&rsquo;histoire\u00a0\u00bb, <em>NdT<\/em>].<\/span><\/p>\n<p>&nbsp;<\/p>\n<p style=\"text-align: justify;\"><span style=\"font-family: times new roman, times, serif; font-size: 14pt;\">Les chefs militaires ont peut-\u00eatre cru qu&rsquo;ils d\u00e9jouaient des attaques terroristes, mais ils n\u2019ont r\u00e9ussi qu\u2019\u00e0 attiser une nouvelle vague d&rsquo;attaques, et ils le savaient. Il s&rsquo;ensuit donc que le sang des morts de J\u00e9nine, mais aussi de J\u00e9rusalem, est indirectement sur les mains de ceux qui ont men\u00e9 l&rsquo;op\u00e9ration dans le camp de J\u00e9nine.<\/span><\/p>\n<p style=\"text-align: justify;\"><span style=\"font-family: times new roman, times, serif; font-size: 14pt;\">Une fois de plus, c&rsquo;est Isra\u00ebl qui a tout d\u00e9clench\u00e9. Il n&rsquo;y a pas d&rsquo;autre fa\u00e7on de d\u00e9crire la cha\u00eene des \u00e9v\u00e9nements. Dans le camp de r\u00e9fugi\u00e9s de J\u00e9nine, il y a aujourd&rsquo;hui des dizaines de jeunes hommes arm\u00e9s qui sont pr\u00eats \u00e0 sacrifier leur vie. Tuer quelques-uns d&rsquo;entre eux ne diminue en rien la d\u00e9termination des autres. J\u00e9nine est un camp de r\u00e9fugi\u00e9s particulier, dont la combativit\u00e9 n&rsquo;a d&rsquo;\u00e9gale en ce moment que celle de la bande de Gaza. Le militantisme du camp a pouss\u00e9 dans des ruelles o\u00f9 les habitants ont grandi en sachant que leur pays leur avait \u00e9t\u00e9 vol\u00e9 et qu&rsquo;ils \u00e9taient condamn\u00e9s \u00e0 vivre dans la mis\u00e8re. La torture permanente, sous les esp\u00e8ces d&rsquo;une personne tu\u00e9e \u00e0 peu pr\u00e8s chaque jour au cours des derniers mois dans toute la Cisjordanie, devait elle aussi conduire \u00e0 Neve Yaakov et \u00e0 Silwan..<\/span><\/p>\n<p style=\"text-align: justify;\"><span style=\"font-family: times new roman, times, serif; font-size: 14pt;\">On ne peut pas ignorer le fait \u00e9crasant que les deux attaques ont eu lieu dans des colonies. Il n&rsquo;y a aucune diff\u00e9rence entre Neve Yaakov et la Cit\u00e9 de David, entre Esh Kodesh et Havat Lucifer. Toutes se trouvent dans les territoires occup\u00e9s, toutes sont \u00e9galement ill\u00e9gales selon le droit international, m\u00eame si Isra\u00ebl a invent\u00e9 son propre monde de concepts.<\/span><\/p>\n<p style=\"text-align: justify;\"><span style=\"font-family: times new roman, times, serif; font-size: 14pt;\">Ce qui va suivre est \u00e9galement entre les mains d&rsquo;Isra\u00ebl. Il est douteux qu&rsquo;une troisi\u00e8me intifada soit \u00e9vitable, mais toute op\u00e9ration grandiose de vengeance isra\u00e9lienne ne fera que jeter de l&rsquo;huile sur le feu. Toute punition collective ne fera qu&rsquo;aggraver la situation, m\u00eame si elle satisfait la soif de vengeance de la droite.<\/span><\/p>\n<p style=\"text-align: justify;\"><span style=\"font-family: times new roman, times, serif; font-size: 14pt;\">Arr\u00eater 42 membres de la famille ? Dans quel but, si ce n&rsquo;est pour satisfaire cette soif ?<\/span><\/p>\n<p style=\"text-align: justify;\"><span style=\"font-family: times new roman, times, serif; font-size: 14pt;\">Raser la maison de l&rsquo;auteur du d\u00e9lit ? Apr\u00e8s tout, la d\u00e9molition pr\u00e9c\u00e9dente, \u00e0 Shoafat, qui s&rsquo;est accompagn\u00e9e d&rsquo;une invasion du camp par pas moins de 300 policiers, de grandes destructions et le meurtre d&rsquo;un gamin de 17 ans innocent, n&rsquo;a d\u00fb qu&rsquo;\u00e9peronner un habitant du camp, Khairi Alkam, le pousser \u00e0 prendre son pistolet vendredi soir et \u00e0 aller tuer des Juifs \u00e0 Neveh Yaakov, laissant Isra\u00ebl choqu\u00e9 uniquement par la cruaut\u00e9 des Palestiniens.<\/span><\/p>\n<p>&nbsp;<\/p>\n<p style=\"text-align: left;\"><span style=\"font-family: times new roman, times, serif; font-size: 14pt;\">Source\u00a0: <a href=\"https:\/\/www.haaretz.com\/opinion\/2023-01-29\/ty-article\/.premium\/what-where-you-thinking\/00000185-f9d7-dfd4-add5-fbf708930000?utm_source=mailchimp&amp;utm_medium=Content&amp;utm_campaign=daily-brief&amp;utm_content=9c8df8f981\">Israel\u2019s Military Leaders Fueled a New Wave of Terror Attacks, and They Knew It &#8211; Opinion &#8211; Haaretz.com<\/a><\/span><\/p>\n<p>&nbsp;<\/p>\n<p style=\"text-align: left;\"><span style=\"font-family: times new roman, times, serif; font-size: 14pt;\"><strong>URL de cet article : <\/strong><a href=\"http:\/\/blog.lesgrossesorchadeslesamplesthalameges.fr\/index.php\/les-chefs-militaires-disrael-ont-attise-une-nouvelle-vague-dattaques-terroristes-et-ils-le-savaient\/\">http:\/\/blog.lesgrossesorchadeslesamplesthalameges.fr\/index.php\/les-chefs-militaires-disrael-ont-attise-une-nouvelle-vague-dattaques-terroristes-et-ils-le-savaient\/<\/a><strong><br \/>\n<\/strong><\/span><\/p>\n<p>&nbsp;<\/p>\n<p>&nbsp;<\/p>\n<p style=\"text-align: center;\"><a href=\"http:\/\/blog.lesgrossesorchadeslesamplesthalameges.fr\/index.php\/les-chefs-militaires-disrael-ont-attise-une-nouvelle-vague-dattaques-terroristes-et-ils-le-savaient\/000-dangerous-times-23\/\" rel=\"attachment wp-att-21917\"><img loading=\"lazy\" class=\"alignnone size-full wp-image-21917\" src=\"http:\/\/blog.lesgrossesorchadeslesamplesthalameges.fr\/wp-content\/uploads\/2023\/01\/000.-dangerous-times-1.gif\" alt=\"\" width=\"70\" height=\"63\" \/><\/a><\/p>\n<p>&nbsp;<\/p>\n<p>&nbsp;<\/p>\n<p style=\"text-align: right;\"><span style=\"font-family: comic sans ms, sans-serif; font-size: 14pt;\">Janvier 2023<\/span><\/p>\n<p>&nbsp;<\/p>\n<p>&nbsp;<\/p>\n","protected":false},"excerpt":{"rendered":"<p>&nbsp; &nbsp; &nbsp; &nbsp; &nbsp; &nbsp; &nbsp; &nbsp; Attaques terroristes ? Celle d\u2019avant ou celle d\u2019apr\u00e8s\u00a0? &nbsp; &nbsp; Opinion. &nbsp; &nbsp; Les chefs militaires d\u2019Isra\u00ebl ont attis\u00e9 une nouvelle vague d&rsquo;attaques terroristes, et ils le savaient. &nbsp; \u00a0\u00a0 Gideon Levy \u2013 Haaretz \u2013 29.1.2023 &nbsp; [Il semble que pour les merdias, la v\u00e9rit\u00e9 soit une&#8230;<\/p>\n","protected":false},"author":1,"featured_media":0,"parent":0,"menu_order":0,"comment_status":"open","ping_status":"open","template":"","meta":[],"_links":{"self":[{"href":"https:\/\/blog.lesgrossesorchadeslesamplesthalameges.fr\/index.php\/wp-json\/wp\/v2\/pages\/21916"}],"collection":[{"href":"https:\/\/blog.lesgrossesorchadeslesamplesthalameges.fr\/index.php\/wp-json\/wp\/v2\/pages"}],"about":[{"href":"https:\/\/blog.lesgrossesorchadeslesamplesthalameges.fr\/index.php\/wp-json\/wp\/v2\/types\/page"}],"author":[{"embeddable":true,"href":"https:\/\/blog.lesgrossesorchadeslesamplesthalameges.fr\/index.php\/wp-json\/wp\/v2\/users\/1"}],"replies":[{"embeddable":true,"href":"https:\/\/blog.lesgrossesorchadeslesamplesthalameges.fr\/index.php\/wp-json\/wp\/v2\/comments?post=21916"}],"version-history":[{"count":12,"href":"https:\/\/blog.lesgrossesorchadeslesamplesthalameges.fr\/index.php\/wp-json\/wp\/v2\/pages\/21916\/revisions"}],"predecessor-version":[{"id":21929,"href":"https:\/\/blog.lesgrossesorchadeslesamplesthalameges.fr\/index.php\/wp-json\/wp\/v2\/pages\/21916\/revisions\/21929"}],"wp:attachment":[{"href":"https:\/\/blog.lesgrossesorchadeslesamplesthalameges.fr\/index.php\/wp-json\/wp\/v2\/media?parent=21916"}],"curies":[{"name":"wp","href":"https:\/\/api.w.org\/{rel}","templated":true}]}}