{"id":21931,"date":"2023-01-31T21:48:01","date_gmt":"2023-01-31T20:48:01","guid":{"rendered":"http:\/\/blog.lesgrossesorchadeslesamplesthalameges.fr\/?page_id=21931"},"modified":"2023-01-31T21:49:32","modified_gmt":"2023-01-31T20:49:32","slug":"lhorloge-de-la-fin-du-monde-a-90-secondes-de-minuit","status":"publish","type":"page","link":"https:\/\/blog.lesgrossesorchadeslesamplesthalameges.fr\/index.php\/lhorloge-de-la-fin-du-monde-a-90-secondes-de-minuit\/","title":{"rendered":"L\u2019horloge de la fin\u00a0 du monde \u00e0 90 secondes de minuit"},"content":{"rendered":"<p>&nbsp;<\/p>\n<p>&nbsp;<\/p>\n<p>&nbsp;<\/p>\n<p>&nbsp;<\/p>\n<p>&nbsp;<\/p>\n<p>&nbsp;<\/p>\n<p>&nbsp;<\/p>\n<p style=\"text-align: center;\"><span style=\"font-family: times new roman, times, serif; font-size: 36pt;\"><strong>L\u2019horloge de la fin\u00a0 du monde \u00e0 90 secondes de minuit<\/strong><\/span><\/p>\n<p>&nbsp;<\/p>\n<p style=\"text-align: center;\"><span style=\"font-family: times new roman, times, serif; font-size: 14pt;\"><strong>\u00a0<\/strong><\/span><\/p>\n<p style=\"text-align: center;\"><span style=\"font-family: times new roman, times, serif; font-size: 18pt;\"><strong>Pepe Escobar \u2013 <em>THE UNZ REVIEW<\/em> \u2013 26.1.2023<\/strong><\/span><\/p>\n<p>&nbsp;<\/p>\n<p style=\"text-align: center;\"><span style=\"font-family: times new roman, times, serif; font-size: 18pt;\">Traduction :<strong> c.l.<\/strong> pour<strong> <em>L.G.O.<\/em><\/strong><\/span><\/p>\n<p style=\"text-align: center;\"><span style=\"font-family: times new roman, times, serif; font-size: 18pt;\"><strong>\u00a0<\/strong><\/span><\/p>\n<p>&nbsp;<\/p>\n<p>&nbsp;<\/p>\n<p style=\"text-align: center;\"><a href=\"http:\/\/blog.lesgrossesorchadeslesamplesthalameges.fr\/index.php\/2023\/01\/31\/pris-dans-les-filets-3\/13-horloge-descobar\/\" rel=\"attachment wp-att-21883\"><img loading=\"lazy\" class=\"alignnone wp-image-21883 size-full\" src=\"http:\/\/blog.lesgrossesorchadeslesamplesthalameges.fr\/wp-content\/uploads\/2023\/01\/13.-Horloge-dEscobar.jpg\" alt=\"\" width=\"600\" height=\"336\" srcset=\"https:\/\/blog.lesgrossesorchadeslesamplesthalameges.fr\/wp-content\/uploads\/2023\/01\/13.-Horloge-dEscobar.jpg 600w, https:\/\/blog.lesgrossesorchadeslesamplesthalameges.fr\/wp-content\/uploads\/2023\/01\/13.-Horloge-dEscobar-300x168.jpg 300w\" sizes=\"(max-width: 600px) 100vw, 600px\" \/><\/a><\/p>\n<p>&nbsp;<\/p>\n<p>&nbsp;<\/p>\n<p style=\"text-align: center;\"><span style=\"font-family: times new roman, times, serif; font-size: 14pt;\"><strong>\u00a0<\/strong><\/span><\/p>\n<p style=\"text-align: justify;\"><span style=\"font-family: tahoma, arial, helvetica, sans-serif; font-size: 12pt;\"><strong>L&rsquo;<\/strong><a href=\"https:\/\/thebulletin.org\/2023\/01\/press-release-doomsday-clock-set-at-90-seconds-to-midnight\/\"><strong>horloge de la fin du monde<\/strong><\/a><strong>, fix\u00e9e par le magazine am\u00e9ricain <em>Bulletin of the Atomic Scientists,<\/em> a \u00e9t\u00e9 d\u00e9plac\u00e9e \u00e0 90 secondes de minuit.<\/strong><\/span><\/p>\n<p style=\"text-align: justify;\"><span style=\"font-family: times new roman, times, serif; font-size: 14pt;\">C&rsquo;est le moment le plus proche de la catastrophe nucl\u00e9aire totale, bien entendu mondiale.<\/span><\/p>\n<p style=\"text-align: justify;\"><span style=\"font-family: times new roman, times, serif; font-size: 14pt;\">L&rsquo;horloge \u00e9tait r\u00e9gl\u00e9e \u00e0 100 secondes depuis 2020. Le Conseil pour la science et la s\u00e9curit\u00e9 du <em>Bulletin <\/em>et un groupe de sponsors \u2013 qui comprend 10 laur\u00e9ats du prix Nobel \u2013 ont mis l&rsquo;accent sur \u00ab\u00a0la guerre de la Russie contre l&rsquo;Ukraine\u00a0\u00bb (leur terminologie) comme raison principale.<\/span><\/p>\n<p style=\"text-align: justify;\"><span style=\"font-family: times new roman, times, serif; font-size: 14pt;\">Cependant, ils n&rsquo;ont pas pris la peine d&rsquo;expliquer la rh\u00e9torique am\u00e9ricaine ininterrompue (les \u00c9tats-Unis sont la seule nation qui pr\u00e9tende adopter la \u00ab\u00a0premi\u00e8re frappe\u00a0\u00bb dans une confrontation nucl\u00e9aire) et le fait qu&rsquo;il s&rsquo;agisse ici d&rsquo;une guerre par procuration <em>des \u00c9tats-Unis contre la Russie<\/em>, l&rsquo;Ukraine \u00e9tant utilis\u00e9e comme chair \u00e0 canon.<\/span><\/p>\n<p style=\"text-align: justify;\"><span style=\"font-family: times new roman, times, serif; font-size: 14pt;\">Le <em>Bulletin<\/em> attribue \u00e9galement des desseins malveillants \u00e0 la Chine, \u00e0 l&rsquo;Iran et \u00e0 la Cor\u00e9e du Nord, tout en mentionnant (mais juste en passant) que \u00ab\u00a0le dernier trait\u00e9 sur les armes nucl\u00e9aires entre la Russie et les \u00c9tats-Unis \u2013 <em>New START<\/em> \u2013 est en danger\u00a0\u00bb. \u00ab\u00a0\u00c0 moins que les deux parties ne reprennent les n\u00e9gociations et ne trouvent une base pour de nouvelles r\u00e9ductions, le trait\u00e9 expirera en f\u00e9vrier 2026\u00a0\u00bb.<\/span><\/p>\n<p style=\"text-align: justify;\"><span style=\"font-family: times new roman, times, serif; font-size: 14pt;\">En l&rsquo;\u00e9tat actuel des choses, les perspectives d&rsquo;une n\u00e9gociation am\u00e9ricano-russe sur le <em>New START<\/em> sont inf\u00e9rieures \u00e0 z\u00e9ro.<\/span><\/p>\n<p style=\"text-align: justify;\"><span style=\"font-family: times new roman, times, serif; font-size: 14pt;\">Le ministre russe des Affaires \u00e9trang\u00e8res, Sergue\u00ef Lavrov, explique clairement que la guerre contre la Russie n&rsquo;est plus hybride, qu\u2019elle est \u00ab\u00a0presque\u00a0\u00bb r\u00e9elle.<\/span><\/p>\n<p style=\"text-align: justify;\"><span style=\"font-family: times new roman, times, serif; font-size: 14pt;\">C\u2019est cela que \u00ab\u00a0presque\u00a0\u00bb signifie\u00a0: \u00ab\u00a090 secondes\u00a0\u00bb.<\/span><\/p>\n<p style=\"text-align: justify;\"><span style=\"font-family: times new roman, times, serif; font-size: 14pt;\">Alors pourquoi tout ceci arrive-t-il ?<\/span><\/p>\n<p>&nbsp;<\/p>\n<p style=\"text-align: justify;\"><span style=\"font-family: times new roman, times, serif; font-size: 18pt;\"><strong>La m\u00e8re de tous les fiascos de services secrets<\/strong><\/span><\/p>\n<p style=\"text-align: justify;\"><span style=\"font-family: times new roman, times, serif; font-size: 14pt;\">L&rsquo;ancien diplomate britannique Alastair Crooke a expliqu\u00e9 de mani\u00e8re concise comment la r\u00e9silience russe \u2013 \u00e0 l&rsquo;instar de la r\u00e9silience iranienne des quatre derni\u00e8res d\u00e9cennies \u2013 a compl\u00e8tement pulv\u00e9ris\u00e9 les hypoth\u00e8ses des services d\u2019espionnage anglo-am\u00e9ricains.<\/span><\/p>\n<p style=\"text-align: justify;\"><span style=\"font-family: times new roman, times, serif; font-size: 14pt;\">Il s&rsquo;agit de la pire des d\u00e9faillances en mati\u00e8re de renseignement, plus \u00e9tonnante encore, en fait, que l&rsquo;inexistence des ADM irakiennes\u00a0: \u00e0 l&rsquo;approche de l&rsquo;op\u00e9ration \u00ab\u00a0Choc et effroi\u00a0\u00bb, en 2003, toute personne dot\u00e9e d&rsquo;un embryon de cerveau savait que Bagdad avait abandonn\u00e9 son programme d&rsquo;armement d\u00e8s le d\u00e9but des ann\u00e9es 1990.<\/span><\/p>\n<p style=\"text-align: justify;\"><span style=\"font-family: times new roman, times, serif; font-size: 14pt;\">Et voil\u00e0 qu\u2019\u00e0 pr\u00e9sent, l&rsquo;Occident collectif \u00ab\u00a0a mobilis\u00e9 toutes ses ressources financi\u00e8res pour \u00e9craser la Russie [&#8230;] de toutes les mani\u00e8res imaginables\u00a0: par une guerre financi\u00e8re, culturelle et psychologique, avec une vraie guerre militaire \u00e0 la cl\u00e9\u00a0\u00bb.<\/span><\/p>\n<p style=\"text-align: justify;\"><span style=\"font-family: times new roman, times, serif; font-size: 14pt;\">Et\u2026 la Russie a tenu bon. Et aujourd&rsquo;hui, la r\u00e9alit\u00e9 l&#8217;emporte sur la fiction. Le Sud collectif \u00ab\u00a0se m\u00e9tamorphose en un mod\u00e8le \u00e9conomique distinct, qui ne d\u00e9pend plus du dollar pour ses besoins commerciaux\u00a0\u00bb.<\/span><\/p>\n<p style=\"text-align: justify;\"><span style=\"font-family: times new roman, times, serif; font-size: 14pt;\">Et l&rsquo;effondrement acc\u00e9l\u00e9r\u00e9 du dollar U.S. plonge de plus en plus l&rsquo;Empire dans une v\u00e9ritable crise existentielle.<\/span><\/p>\n<p style=\"text-align: justify;\"><span style=\"font-family: times new roman, times, serif; font-size: 14pt;\">Tout cela ressemble de plus en plus \u00e0 un sc\u00e9nario du genre Vietnam du Sud, qui se d\u00e9roule en Ukraine apr\u00e8s une purge politique et militaire brutale men\u00e9e par le gouvernement de Kiev. Le bateleur coca\u00efnomane \u2013 dont le seul r\u00f4le est de r\u00e9clamer sans cesse des sacs d&rsquo;argent et des tonnes d&rsquo;armes \u2013 est progressivement mis sur la touche par les Am\u00e9ricains (attention aux directeurs de la CIA en d\u00e9placement).<\/span><\/p>\n<p style=\"text-align: justify;\"><span style=\"font-family: times new roman, times, serif; font-size: 14pt;\">Selon des sources russes, il semblerait m\u00eame qu&rsquo;\u00e0 Kiev, les Am\u00e9ricains ont pris la place des Britanniques dans la gestion de l&rsquo;op\u00e9ration.<\/span><\/p>\n<p style=\"text-align: justify;\"><span style=\"font-family: times new roman, times, serif; font-size: 14pt;\">L\u2019amuseur \u00e0 la coke reste \u2013 pour l&rsquo;instant du moins \u2013 une poup\u00e9e de ventriloque, tandis que le contr\u00f4le militaire de ce qui reste de l&rsquo;Ukraine est enti\u00e8rement aux mains de l&rsquo;OTAN.<\/span><\/p>\n<p style=\"text-align: justify;\"><span style=\"font-family: times new roman, times, serif; font-size: 14pt;\">Certes, elle l&rsquo;\u00e9tait d\u00e9j\u00e0 &#8211; mais d\u00e9sormais, officiellement, l&rsquo;Ukraine est le premier membre <em>de facto<\/em> de l&rsquo;OTAN au monde, sans en \u00eatre un membre r\u00e9el, jouissant d&rsquo;une souverainet\u00e9 nationale inf\u00e9rieure \u00e0 z\u00e9ro, et avec des troupes d&rsquo;assaut nazies de l&rsquo;OTAN arm\u00e9es de chars am\u00e9ricains et allemands, occupant le tapis au nom de la \u00ab\u00a0d\u00e9mocratie\u00a0\u00bb.<\/span><\/p>\n<p style=\"text-align: justify;\"><span style=\"font-family: times new roman, times, serif; font-size: 14pt;\">La r\u00e9union, la semaine derni\u00e8re, du Groupe de Contact pour la D\u00e9fense de l&rsquo;Ukraine \u2013 contr\u00f4l\u00e9 \u00e0 100% par les \u00c9tats-Unis \u2013 <strong>\u00e0 la base a\u00e9rienne am\u00e9ricaine de Ramstein<\/strong>, a fini de couler dans le bronze une esp\u00e8ce de remake sordide de l&rsquo;op\u00e9ration Barbarossa.<\/span><\/p>\n<p style=\"text-align: justify;\"><span style=\"font-family: times new roman, times, serif; font-size: 14pt;\">Et c&rsquo;est reparti comme en 41\u00a0: avec des Panzers allemands traversant l\u2019Ukrtaine pour aller \u00e9craser la Russie.<\/span><\/p>\n<p style=\"text-align: justify;\"><span style=\"font-family: times new roman, times, serif; font-size: 14pt;\">Pourtant, la coalition de chars semble avoir fait long feu avant m\u00eame de commencer. L&rsquo;Allemagne en enverra 14, le Portugal 2, la Belgique 0 (d\u00e9sol\u00e9s, on n\u2019en a pas). Il y a aussi la Lituanie, dont le ministre de la D\u00e9fense a fait remarquer que : \u00ab\u00a0Oui, nous n&rsquo;avons pas de chars, mais nous avons un avis sur les chars\u00a0\u00bb.<\/span><\/p>\n<p style=\"text-align: justify;\"><span style=\"font-family: times new roman, times, serif; font-size: 14pt;\">Personne n&rsquo;a jamais accus\u00e9 la ministre allemande des Affaires \u00e9trang\u00e8res Annalena Baerbock d&rsquo;\u00eatre plus brillante qu&rsquo;une ampoule \u00e9lectrique. Elle a finalement vendu la m\u00e8che, au Conseil de l&rsquo;Europe \u00e0 Strasbourg :<\/span><\/p>\n<p>&nbsp;<\/p>\n<p style=\"text-align: justify; padding-left: 120px;\"><span style=\"font-family: times new roman, times, serif; font-size: 14pt;\">\u00ab\u00a0Ce qui est important, c\u2019est que nous le fassions ensemble et que nous n\u2019encourions pas les reproches de l\u2019Europe, car nous faisons une guerre \u00e0 la Russie\u00a0\u00bb<\/span><\/p>\n<p>&nbsp;<\/p>\n<p style=\"text-align: justify;\"><span style=\"font-family: times new roman, times, serif; font-size: 14pt;\">Donc Baerbock est d&rsquo;accord avec Lavrov. Mais ne lui demandez pas ce que signifie \u00ab\u00a0Horloge de la fin du monde\u00a0\u00bb, ni ce qui s&rsquo;est pass\u00e9 quand l&rsquo;op\u00e9ration Barbarossa a foir\u00e9.<\/span><\/p>\n<p>&nbsp;<\/p>\n<p>&nbsp;<\/p>\n<p style=\"text-align: justify;\"><span style=\"font-family: times new roman, times, serif; font-size: 18pt;\"><strong>Le \u00ab\u00a0jardin\u00a0\u00bb OTAN-UE<\/strong><\/span><\/p>\n<p style=\"text-align: justify;\"><span style=\"font-family: times new roman, times, serif; font-size: 14pt;\">Le combo UE-OTAN porte les choses \u00e0 un tout autre niveau, puisque l&rsquo;Union Europ\u00e9enne a \u00e9t\u00e9 essentiellement raval\u00e9e au statut de petit bras de l&rsquo;OTAN en mati\u00e8re de relations publiques.<\/span><\/p>\n<p style=\"text-align: justify;\"><span style=\"font-family: times new roman, times, serif; font-size: 14pt;\">Tout cela est dit dans sa \u00ab\u00a0d\u00e9claration commune\u00a0\u00bb en dix points du 10 janvier.<\/span><\/p>\n<p style=\"text-align: justify;\"><span style=\"font-family: times new roman, times, serif; font-size: 14pt;\">La mission conjointe OTAN-UE consiste donc \u00e0 utiliser tous les moyens \u00e9conomiques, politiques et militaires pour s&rsquo;assurer que \u00ab\u00a0la jungle\u00a0\u00bb se comporte toujours conform\u00e9ment \u00e0 \u00ab\u00a0l&rsquo;ordre international fond\u00e9 sur des r\u00e8gles\u00a0\u00bb et accepte d&rsquo;\u00eatre ind\u00e9finiment pill\u00e9e par le \u00ab\u00a0jardin en fleurs\u00a0\u00bb.<\/span><\/p>\n<p style=\"text-align: justify;\"><span style=\"font-family: times new roman, times, serif; font-size: 14pt;\">Si on consid\u00e8re la situation dans son ensemble, absolument rien n&rsquo;a chang\u00e9 dans l&rsquo;appareil militaro\/espionnage U.S. depuis le 11 septembre : c&rsquo;est une affaire bipartisane, et elle signifie domination totale (\u00ab\u00a0<em>Full spectrum Dominance<\/em>\u00a0\u00bb) des \u00c9tats-Unis et de l&rsquo;OTAN sur tout et partout. Aucune dissidence n&rsquo;est autoris\u00e9e. Et aucune id\u00e9e admise en dehors des rails.<\/span><\/p>\n<p style=\"text-align: justify;\"><span style=\"font-family: times new roman, times, serif; font-size: 14pt;\">Le plan A est divis\u00e9 en deux sections.<\/span><\/p>\n<p>&nbsp;<\/p>\n<p style=\"margin-left: 35.4pt; text-align: justify; background: black;\"><span style=\"font-size: 14pt; font-family: times new roman, times, serif;\">1\/ Intervention militaire dans une coquille vide d&rsquo;\u00c9tat doublure (Afghanistan, Ukraine).<\/span><\/p>\n<p style=\"margin-left: 35.4pt; text-align: justify; background: black;\"><span style=\"font-size: 14.0pt;\"><span style=\"font-family: times new roman, times, serif;\">2\/ D\u00e9faite militaire in\u00e9vitable et humiliante (Afghanistan et bient\u00f4t Ukraine). Les variantes incluent la construction d&rsquo;un terrain vague appel\u00e9 \u00ab\u00a0paix\u00a0\u00bb (Libye) et une guerre par procuration prolong\u00e9e conduisant \u00e0 une future expulsion humiliante (Syrie)<\/span>.<\/span><\/p>\n<p>&nbsp;<\/p>\n<p style=\"text-align: justify;\"><span style=\"font-family: times new roman, times, serif; font-size: 14pt;\">Il n\u2019y a pas de plan B.<\/span><\/p>\n<p style=\"text-align: justify;\"><span style=\"font-family: times new roman, times, serif; font-size: 14pt;\">\u00c0 moins qu\u2019il y en ait un\u2026 90 secondes avant minuit ?<\/span><\/p>\n<p style=\"text-align: justify;\"><span style=\"font-family: times new roman, times, serif; font-size: 14pt;\">Obs\u00e9d\u00e9 par <a href=\"https:\/\/fr.wikipedia.org\/wiki\/Th%C3%A9orie_du_Heartland\">Mackinder<\/a>, l&rsquo;Empire s&rsquo;est battu pour le contr\u00f4le de la masse continentale eurasienne lors de la Premi\u00e8re et de la Deuxi\u00e8me Guerre mondiale, car cela repr\u00e9sentait, selon lui, le contr\u00f4le du monde.<\/span><\/p>\n<p style=\"text-align: justify;\"><span style=\"font-family: times new roman, times, serif; font-size: 14pt;\">Plus tard, Zbigniew \u00ab\u00a0Grand \u00e9chiquier\u00a0\u00bb Brzezinski avait pr\u00e9venu : \u00ab\u00a0Le sc\u00e9nario potentiellement le plus dangereux serait une grande coalition de la Russie, de la Chine et de l&rsquo;Iran\u00a0\u00bb.<\/span><\/p>\n<p style=\"text-align: justify;\"><span style=\"font-family: times new roman, times, serif; font-size: 14pt;\">Sautons aux <em>Raging Twenties<\/em>, lorsque les \u00c9tats-Unis ont impos\u00e9 la fin des exportations de gaz naturel russe vers l&rsquo;Allemagne (et l&rsquo;UE) via Nord Stream 1 et 2.<\/span><\/p>\n<p style=\"text-align: justify;\"><span style=\"font-family: times new roman, times, serif; font-size: 14pt;\">Et on se retrouve avec, une fois de plus, l&rsquo;opposition mackinderienne \u00e0 une grande alliance sur la masse continentale eurasienne compos\u00e9e de l&rsquo;Allemagne, de la Russie et de la Chine.<\/span><\/p>\n<p style=\"text-align: justify;\"><span style=\"font-family: times new roman, times, serif; font-size: 14pt;\">Les psychopathes n\u00e9ocons et n\u00e9olib\u00e9raux straussiens en charge de la politique \u00e9trang\u00e8re U.S. pourraient \u00e0 la rigueur avaler une alliance strat\u00e9gique entre la Russie et la Chine, si douloureuse f\u00fbt-elle. Mais la Russie, la Chine ET l&rsquo;Allemagne\u00a0: JAMAIS.<\/span><\/p>\n<p style=\"text-align: justify;\"><span style=\"font-family: times new roman, times, serif; font-size: 14pt;\">Avec l&rsquo;effondrement du <a href=\"https:\/\/fr.wikipedia.org\/wiki\/Accord_de_Vienne_sur_le_nucl%C3%A9aire_iranien\">JCPOA<\/a>, l&rsquo;Iran se retrouve une fois de plus cibl\u00e9 avec un maximum d&rsquo;hostilit\u00e9. Pourtant, si T\u00e9h\u00e9ran voulait jouer la carte de l&rsquo;hostilit\u00e9, la marine ou l&rsquo;arm\u00e9e am\u00e9ricaine ne pourrait jamais maintenir le d\u00e9troit d&rsquo;Ormuz ouvert, de l&rsquo;aveu m\u00eame des chefs d&rsquo;\u00e9tat-major interarm\u00e9es U.S..<\/span><\/p>\n<p style=\"text-align: justify;\"><span style=\"font-family: times new roman, times, serif; font-size: 14pt;\">Dans ce cas, le prix du p\u00e9trole grimperait jusqu&rsquo;\u00e0 plusieurs milliers de dollars le baril, s\u2019il faut en croire les experts en produits d\u00e9riv\u00e9s de Goldman Sachs, ce qui provoquerait un effondrement de l&rsquo;\u00e9conomie mondiale.<\/span><\/p>\n<p style=\"text-align: justify;\"><span style=\"font-family: times new roman, times, serif; font-size: 14pt;\">C&rsquo;est sans doute le principal talon d&rsquo;Achille de l&rsquo;OTAN. Presque sans tirer un coup de feu, une alliance Russie-Iran pourrait r\u00e9duire l&rsquo;OTAN en miettes et faire tomber les diff\u00e9rents gouvernements de nion Europ\u00e9enne, tandis que le chaos socio-\u00e9conomique se r\u00e9pandrait dans l&rsquo;ensemble de l&rsquo;Occident.<\/span><\/p>\n<p style=\"text-align: justify;\"><span style=\"font-family: times new roman, times, serif; font-size: 14pt;\">Pendant ce temps, pour citer Dylan, l&rsquo;obscurit\u00e9 continue de se lever \u00e0 l&rsquo;aube de midi. Et pour leur part, les psychopathes n\u00e9ocons et n\u00e9olib\u00e9raux straussiens continueront \u00e0 pousser l&rsquo;horloge du Jugement Dernier de plus en plus pr\u00e8s de minuit.<\/span><\/p>\n<p>&nbsp;<\/p>\n<p style=\"text-align: left;\"><span style=\"font-family: times new roman, times, serif; font-size: 14pt;\">Source\u00a0: <a href=\"https:\/\/www.unz.com\/pescobar\/doomsday-clock-90-seconds-to-midnight\/\">&lsquo;Doomsday clock&rsquo;: 90 seconds to midnight, by Pepe Escobar &#8211; The Unz Review<\/a><\/span><\/p>\n<ul>\n<li style=\"text-align: left;\"><span style=\"font-family: times new roman, times, serif; font-size: 14pt;\"><strong>URL de cet article : <\/strong><a href=\"http:\/\/blog.lesgrossesorchadeslesamplesthalameges.fr\/index.php\/lhorloge-de-la-fin-du-monde-a-90-secondes-de-minuit\/\">http:\/\/blog.lesgrossesorchadeslesamplesthalameges.fr\/index.php\/lhorloge-de-la-fin-du-monde-a-90-secondes-de-minuit\/<\/a><strong><br \/>\n<\/strong><\/span><\/li>\n<\/ul>\n<p>&nbsp;<\/p>\n<p>&nbsp;<\/p>\n<p>&nbsp;<\/p>\n<p style=\"text-align: center;\"><a href=\"http:\/\/blog.lesgrossesorchadeslesamplesthalameges.fr\/index.php\/les-chefs-militaires-disrael-ont-attise-une-nouvelle-vague-dattaques-terroristes-et-ils-le-savaient\/000-dangerous-times-23\/\" rel=\"attachment wp-att-21917\"><img loading=\"lazy\" class=\"alignnone size-full wp-image-21917\" src=\"http:\/\/blog.lesgrossesorchadeslesamplesthalameges.fr\/wp-content\/uploads\/2023\/01\/000.-dangerous-times-1.gif\" alt=\"\" width=\"70\" height=\"63\" \/><\/a><\/p>\n<p>&nbsp;<\/p>\n<p>&nbsp;<\/p>\n<p style=\"text-align: right;\"><span style=\"font-family: comic sans ms, sans-serif; font-size: 14pt;\">Janvier 2023<\/span><\/p>\n<p>&nbsp;<\/p>\n<p>&nbsp;<\/p>\n","protected":false},"excerpt":{"rendered":"<p>&nbsp; &nbsp; &nbsp; &nbsp; &nbsp; &nbsp; &nbsp; L\u2019horloge de la fin\u00a0 du monde \u00e0 90 secondes de minuit &nbsp; \u00a0 Pepe Escobar \u2013 THE UNZ REVIEW \u2013 26.1.2023 &nbsp; Traduction : c.l. pour L.G.O. \u00a0 &nbsp; &nbsp; &nbsp; &nbsp; \u00a0 L&rsquo;horloge de la fin du monde, fix\u00e9e par le magazine am\u00e9ricain Bulletin of the Atomic&#8230;<\/p>\n","protected":false},"author":1,"featured_media":0,"parent":0,"menu_order":0,"comment_status":"open","ping_status":"open","template":"","meta":[],"_links":{"self":[{"href":"https:\/\/blog.lesgrossesorchadeslesamplesthalameges.fr\/index.php\/wp-json\/wp\/v2\/pages\/21931"}],"collection":[{"href":"https:\/\/blog.lesgrossesorchadeslesamplesthalameges.fr\/index.php\/wp-json\/wp\/v2\/pages"}],"about":[{"href":"https:\/\/blog.lesgrossesorchadeslesamplesthalameges.fr\/index.php\/wp-json\/wp\/v2\/types\/page"}],"author":[{"embeddable":true,"href":"https:\/\/blog.lesgrossesorchadeslesamplesthalameges.fr\/index.php\/wp-json\/wp\/v2\/users\/1"}],"replies":[{"embeddable":true,"href":"https:\/\/blog.lesgrossesorchadeslesamplesthalameges.fr\/index.php\/wp-json\/wp\/v2\/comments?post=21931"}],"version-history":[{"count":8,"href":"https:\/\/blog.lesgrossesorchadeslesamplesthalameges.fr\/index.php\/wp-json\/wp\/v2\/pages\/21931\/revisions"}],"predecessor-version":[{"id":21939,"href":"https:\/\/blog.lesgrossesorchadeslesamplesthalameges.fr\/index.php\/wp-json\/wp\/v2\/pages\/21931\/revisions\/21939"}],"wp:attachment":[{"href":"https:\/\/blog.lesgrossesorchadeslesamplesthalameges.fr\/index.php\/wp-json\/wp\/v2\/media?parent=21931"}],"curies":[{"name":"wp","href":"https:\/\/api.w.org\/{rel}","templated":true}]}}