{"id":21942,"date":"2023-01-31T22:02:42","date_gmt":"2023-01-31T21:02:42","guid":{"rendered":"http:\/\/blog.lesgrossesorchadeslesamplesthalameges.fr\/?page_id=21942"},"modified":"2023-01-31T22:03:32","modified_gmt":"2023-01-31T21:03:32","slug":"manifestation-en-allemagne-contre-la-livraison-de-chars-a-l-ukraine","status":"publish","type":"page","link":"https:\/\/blog.lesgrossesorchadeslesamplesthalameges.fr\/index.php\/manifestation-en-allemagne-contre-la-livraison-de-chars-a-l-ukraine\/","title":{"rendered":"Manifestation en Allemagne contre la livraison de chars \u00e0 l\u00a0\u2019Ukraine"},"content":{"rendered":"<p style=\"text-align: center;\"><strong>\u00a0<\/strong><\/p>\n<p>&nbsp;<\/p>\n<p>&nbsp;<\/p>\n<p>&nbsp;<\/p>\n<p>&nbsp;<\/p>\n<p>&nbsp;<\/p>\n<p>&nbsp;<\/p>\n<p>&nbsp;<\/p>\n<p style=\"text-align: center;\"><span style=\"font-family: times new roman, times, serif; font-size: 36pt;\"><strong>Manifestation en Allemagne contre la livraison de chars \u00e0 l\u00a0\u2019Ukraine<\/strong><\/span><\/p>\n<p style=\"text-align: center;\"><span style=\"font-family: times new roman, times, serif; font-size: 14pt;\"><strong>\u00a0<\/strong><\/span><\/p>\n<p>&nbsp;<\/p>\n<p style=\"text-align: center;\"><span style=\"font-family: times new roman, times, serif; font-size: 24pt;\"><em>Malgr\u00e9 la pluie, les Berlinois ont battu le pav\u00e9 vendredi contre la fourniture de chars de combat \u00e0 l&rsquo;Ukraine par leur gouvernement. Ils ont \u00e9galement condamn\u00e9 les \u00c9tats-Unis comme principal instigateur de la guerre en Ukraine.<\/em><\/span><\/p>\n<p>&nbsp;<\/p>\n<p>&nbsp;<\/p>\n<p style=\"text-align: center;\"><span style=\"font-family: times new roman, times, serif; font-size: 18pt;\"><strong><em>Pars Today<\/em> \u2013 28.1.2023<\/strong><\/span><\/p>\n<p style=\"text-align: center;\"><span style=\"font-family: times new roman, times, serif; font-size: 18pt;\"><em>\u00a0<\/em><\/span><\/p>\n<p>&nbsp;<\/p>\n<p style=\"text-align: center;\"><a href=\"http:\/\/blog.lesgrossesorchadeslesamplesthalameges.fr\/index.php\/2023\/01\/31\/pris-dans-les-filets-3\/15-manif-berlin\/\" rel=\"attachment wp-att-21884\"><img loading=\"lazy\" class=\"alignnone wp-image-21884 size-full\" src=\"http:\/\/blog.lesgrossesorchadeslesamplesthalameges.fr\/wp-content\/uploads\/2023\/01\/15.-Manif-Berlin.jpg\" alt=\"\" width=\"650\" height=\"365\" srcset=\"https:\/\/blog.lesgrossesorchadeslesamplesthalameges.fr\/wp-content\/uploads\/2023\/01\/15.-Manif-Berlin.jpg 650w, https:\/\/blog.lesgrossesorchadeslesamplesthalameges.fr\/wp-content\/uploads\/2023\/01\/15.-Manif-Berlin-300x168.jpg 300w\" sizes=\"(max-width: 650px) 100vw, 650px\" \/><\/a><\/p>\n<p>&nbsp;<\/p>\n<p>&nbsp;<\/p>\n<p>&nbsp;<\/p>\n<p style=\"text-align: justify;\"><span style=\"font-family: times new roman, times, serif; font-size: 14pt;\">Les manifestants qui sont descendus dans la rue ce vendredi\u00a027 janvier se sont dits oppos\u00e9s \u00e0 l&rsquo;escalade des conflits r\u00e9gionaux et ont appel\u00e9 \u00e0 cesser d&rsquo;\u00e9quiper l&rsquo;Ukraine d&rsquo;armes l\u00e9tales.<\/span><\/p>\n<p style=\"text-align: justify;\"><span style=\"font-family: times new roman, times, serif; font-size: 14pt;\">Le chancelier Olaf Scholz a annonc\u00e9 la d\u00e9cision d&rsquo;envoyer 14 chars \u2013 et d&rsquo;autoriser d&rsquo;autres pays \u00e0 en envoyer \u2013 lors d&rsquo;une r\u00e9union du cabinet, mercredi 25 janvier.<\/span><\/p>\n<p style=\"text-align: justify;\"><span style=\"font-family: times new roman, times, serif; font-size: 14pt;\">Certains m\u00e9dias ont rapport\u00e9 que le chancelier allemand s&rsquo;\u00e9tait auparavant oppos\u00e9 \u00e0 une telle aide militaire, mais que le gouvernement a finalement chang\u00e9 d&rsquo;avis sous la pression am\u00e9ricaine.<\/span><\/p>\n<p style=\"text-align: justify;\"><span style=\"font-family: times new roman, times, serif; font-size: 14pt;\">Les manifestants ont scand\u00e9 des slogans tels que \u00ab\u00a0Arr\u00eatez d&rsquo;aggraver le conflit\u00a0\u00bb, \u00ab\u00a0Arr\u00eatez de livrer des armes\u00a0\u00bb et \u00ab\u00a0Retirez-vous de l&rsquo;OTAN\u00a0\u00bb. Ils s&rsquo;opposent\u00a0\u00e0 l&rsquo;assistance militaire continue de l&rsquo;Allemagne et des autres membres de l&rsquo;OTAN \u00e0 l\u2019Ukraine et exigent\u00a0une r\u00e9solution pacifique du conflit par voie diplomatique.<\/span><\/p>\n<p style=\"text-align: justify;\"><span style=\"font-family: times new roman, times, serif; font-size: 14pt;\">\u00ab\u00a0Nous sommes ici pour protester contre la fourniture, par l&rsquo;Allemagne, de chars de combat principaux \u00e0 l&rsquo;Ukraine, parce que cela intensifie le conflit, exacerbe la tension et emp\u00eatre\u00a0davantage l&rsquo;Allemagne\u00a0\u00bb, a d\u00e9clar\u00e9 l\u2019un des manifestants r\u00e9pondant au nom d\u2019Ulrich Kotek.<\/span><\/p>\n<p>&nbsp;<\/p>\n<p style=\"padding-left: 40px;\"><span style=\"font-family: times new roman, times, serif; font-size: 14pt;\"><strong>\u00c0\u00a0lire :<\/strong>\u00a0<a href=\"https:\/\/french.presstv.ir\/Detail\/2023\/01\/21\/696715\/OTAN--nouvelles-aides-militaires-%C3%A0-l%E2%80%99Ukraine\">Neuf pays de l&rsquo;OTAN promettent une nouvelle aide militaire \u00e0 l&rsquo;Ukraine<\/a><\/span><\/p>\n<p>&nbsp;<\/p>\n<p style=\"text-align: justify;\"><span style=\"font-family: times new roman, times, serif; font-size: 14pt;\">\u00a0\u00ab\u00a0Nous sommes profond\u00e9ment inquiets et menac\u00e9s, et nous craignons d&rsquo;\u00eatre entra\u00een\u00e9s dans la guerre. <strong>Nous ne devons jamais d\u00e9clencher une autre guerre<\/strong>\u00a0\u00bb, a d\u00e9clar\u00e9 un autre manifestant.<\/span><\/p>\n<p style=\"text-align: justify;\"><span style=\"font-family: times new roman, times, serif; font-size: 14pt;\">Beaucoup pensent que les \u00c9tats-Unis ont transform\u00e9 l&rsquo;Ukraine en un champ de bataille pour \u00ab\u00a0contenir\u00a0\u00bb la Russie, mais qu\u2019une telle action n\u2019a fait que nuire \u00e0 l&rsquo;Europe.<\/span><\/p>\n<p style=\"text-align: justify;\"><span style=\"font-family: times new roman, times, serif; font-size: 14pt;\">\u00ab\u00a0Les \u00c9tats-Unis ont clairement indiqu\u00e9 \u00e0 la fin des ann\u00e9es 1990 que l&rsquo;Ukraine \u00e9tait un facteur cl\u00e9 pour \u201ccontenir la Russie en Eurasie\u201d, et c&rsquo;est le but du conflit. L&rsquo;Ukraine est\u00a0une victime, et les \u00c9tats-Unis nous ont sacrifi\u00e9s pour satisfaire leurs propres int\u00e9r\u00eats, ce qui est inacceptable \u00bb, a d\u00e9clar\u00e9 Barbara, une autre contestataire <em>[apparemment ukrainienne, NdT].<\/em><\/span><\/p>\n<p style=\"text-align: justify;\"><span style=\"font-family: times new roman, times, serif; font-size: 14pt;\">Le magazine allemand\u00a0<em>Der Spiegel<\/em>\u00a0a \u00e9t\u00e9 le premier \u00e0 annoncer\u00a0que l&rsquo;Allemagne pr\u00e9voyait de fournir au moins une compagnie de chars Leopard 2 A6, qui comprend g\u00e9n\u00e9ralement 14 chars.<\/span><\/p>\n<p><span style=\"font-family: times new roman, times, serif; font-size: 14pt;\">Selon la m\u00eame source, d&rsquo;autres alli\u00e9s, dont la Scandinavie, ont l&rsquo;intention de se joindre \u00e0 l&rsquo;Allemagne pour fournir leurs chars Leopard \u00e0 Kiev.<\/span><\/p>\n<p style=\"text-align: justify;\"><span style=\"font-family: times new roman, times, serif; font-size: 14pt;\">Jusqu&rsquo;\u00e0 pr\u00e9sent, Berlin avait h\u00e9sit\u00e9 \u00e0 envoyer des L\u00e9opard\u00a0ou \u00e0 autoriser d&rsquo;autres nations \u00e0 en fournir \u00e0 Kiev. Des rapports parus au d\u00e9but de la semaine derni\u00e8re indiquaient que l&rsquo;Allemagne ne consentirait \u00e0 cette aide que si les \u00c9tats-Unis fournissaient leurs M1 Abrams.\u00a0\u00a0<\/span><\/p>\n<p><span style=\"font-family: times new roman, times, serif; font-size: 14pt;\">Les responsables ukrainiens ont d\u00e9clar\u00e9 que les chars changeraient la donne sur le champ de bataille.<\/span><\/p>\n<p><span style=\"font-family: times new roman, times, serif; font-size: 14pt;\">La Russie a lanc\u00e9 une op\u00e9ration militaire sp\u00e9ciale contre l&rsquo;Ukraine le 24 f\u00e9vier de l\u2019ann\u00e9e derni\u00e8re, en raison de la menace de l&rsquo;adh\u00e9sion du pays \u00e0 l&rsquo;OTAN.<\/span><\/p>\n<p>&nbsp;<\/p>\n<p style=\"padding-left: 40px;\"><span style=\"font-family: times new roman, times, serif; font-size: 14pt;\"><strong>En savoir plus :\u00a0<\/strong><a href=\"https:\/\/french.presstv.ir\/Detail\/2022\/11\/21\/693136\/Le-manque-d%E2%80%99armes-et-de-munition-en-Occident--un-d%C3%A9fi-%C3%A0-long-terme\">La livraison d\u2019armes \u00e0 l\u2019Ukraine a mis \u00e0 rude \u00e9preuve les stocks occidentaux<\/a><\/span><\/p>\n<p>&nbsp;<\/p>\n<p style=\"text-align: justify;\"><span style=\"font-family: times new roman, times, serif; font-size: 14pt;\">Depuis, les autres alli\u00e9s des \u00c9tats-Unis et de l&rsquo;Ukraine ont envoy\u00e9 \u00e0 Kiev pour des dizaines de milliards de dollars d&rsquo;armes, notamment des syst\u00e8mes de roquettes, des drones, des v\u00e9hicules blind\u00e9s, des chars et des syst\u00e8mes de communication. Les pays occidentaux ont \u00e9galement impos\u00e9 une s\u00e9rie de sanctions \u00e9conomiques \u00e0 Moscou.\u00a0<\/span><\/p>\n<p><span style=\"font-family: times new roman, times, serif; font-size: 14pt;\">Moscou avait\u00a0averti que la livraison d&rsquo;armes \u00e0 Kiev prolongerait la guerre.<\/span><\/p>\n<p>&nbsp;<\/p>\n<p>&nbsp;<\/p>\n<p style=\"text-align: center;\"><a href=\"http:\/\/blog.lesgrossesorchadeslesamplesthalameges.fr\/index.php\/les-chefs-militaires-disrael-ont-attise-une-nouvelle-vague-dattaques-terroristes-et-ils-le-savaient\/000-dangerous-times-23\/\" rel=\"attachment wp-att-21917\"><img loading=\"lazy\" class=\"alignnone size-full wp-image-21917\" src=\"http:\/\/blog.lesgrossesorchadeslesamplesthalameges.fr\/wp-content\/uploads\/2023\/01\/000.-dangerous-times-1.gif\" alt=\"\" width=\"70\" height=\"63\" \/><\/a><\/p>\n<p>&nbsp;<\/p>\n<p>&nbsp;<\/p>\n<p style=\"text-align: justify;\"><span style=\"font-family: comic sans ms, sans-serif; font-size: 12pt;\">Depuis, les chars \u2013 Abrams et L\u00e9opard II \u2013 pleuvent sur l\u2019Ukraine comme jets de bonbons par Saint Nicolas sur les enfants sages.<\/span><\/p>\n<p style=\"text-align: justify;\"><span style=\"font-family: comic sans ms, sans-serif; font-size: 12pt;\">Et aux derni\u00e8res nouvelles, M. Zelinski r\u00e9clame d\u2019urgence des sous-marins. [Au fait\u2026 l\u2019Ukraine a-t-elle encore acc\u00e8s \u00e0 une mer\u00a0?]<\/span><\/p>\n<p style=\"text-align: justify;\"><span style=\"font-family: comic sans ms, sans-serif; font-size: 12pt;\">Quoi qu\u2019il en soit, s\u2019il lui faut une navette spatiale, il ferait bien de la r\u00e9clamer sans tarder. Ces choses-l\u00e0 prennent du temps \u00e0 fourbir.<\/span><\/p>\n<p>&nbsp;<\/p>\n<p><span style=\"font-family: times new roman, times, serif; font-size: 14pt;\">Source\u00a0: <a href=\"https:\/\/parstoday.ir\/fr\/news\/world-i118048-allemagne_manif_contre_la_livraison_de_chars_%C3%A0_l%E2%80%99ukraine\">Allemagne: manif contre la livraison de chars \u00e0 l\u2019Ukraine &#8211; Pars Today<\/a><\/span><\/p>\n<p>&nbsp;<\/p>\n<p style=\"text-align: left;\"><span style=\"font-family: times new roman, times, serif; font-size: 14pt;\"><strong>URL de cet article\u00a0: <\/strong><a href=\"http:\/\/blog.lesgrossesorchadeslesamplesthalameges.fr\/index.php\/manifestation-en-allemagne-contre-la-livraison-de-chars-a-l-ukraine\/\">http:\/\/blog.lesgrossesorchadeslesamplesthalameges.fr\/index.php\/manifestation-en-allemagne-contre-la-livraison-de-chars-a-l-ukraine\/<\/a><\/span><\/p>\n<p><span style=\"font-family: times new roman, times, serif; font-size: 14pt;\">\u00a0<\/span><\/p>\n<p><strong>\u00a0<\/strong><\/p>\n<p><strong>\u00a0<\/strong><\/p>\n<p style=\"text-align: center;\"><strong>\u00a0<a href=\"http:\/\/blog.lesgrossesorchadeslesamplesthalameges.fr\/index.php\/les-chefs-militaires-disrael-ont-attise-une-nouvelle-vague-dattaques-terroristes-et-ils-le-savaient\/000-dangerous-times-23\/\" rel=\"attachment wp-att-21917\"><img loading=\"lazy\" class=\"alignnone size-full wp-image-21917\" src=\"http:\/\/blog.lesgrossesorchadeslesamplesthalameges.fr\/wp-content\/uploads\/2023\/01\/000.-dangerous-times-1.gif\" alt=\"\" width=\"70\" height=\"63\" \/><\/a><\/strong><\/p>\n<p><strong>\u00a0<\/strong><\/p>\n<p><strong>\u00a0<\/strong><\/p>\n<p style=\"text-align: right;\"><span style=\"font-family: comic sans ms, sans-serif; font-size: 14pt;\">Janvier 2023<\/span><\/p>\n<p>&nbsp;<\/p>\n<p>&nbsp;<\/p>\n","protected":false},"excerpt":{"rendered":"<p>\u00a0 &nbsp; &nbsp; &nbsp; &nbsp; &nbsp; &nbsp; &nbsp; Manifestation en Allemagne contre la livraison de chars \u00e0 l\u00a0\u2019Ukraine \u00a0 &nbsp; Malgr\u00e9 la pluie, les Berlinois ont battu le pav\u00e9 vendredi contre la fourniture de chars de combat \u00e0 l&rsquo;Ukraine par leur gouvernement. Ils ont \u00e9galement condamn\u00e9 les \u00c9tats-Unis comme principal instigateur de la guerre en&#8230;<\/p>\n","protected":false},"author":1,"featured_media":0,"parent":0,"menu_order":0,"comment_status":"open","ping_status":"open","template":"","meta":[],"_links":{"self":[{"href":"https:\/\/blog.lesgrossesorchadeslesamplesthalameges.fr\/index.php\/wp-json\/wp\/v2\/pages\/21942"}],"collection":[{"href":"https:\/\/blog.lesgrossesorchadeslesamplesthalameges.fr\/index.php\/wp-json\/wp\/v2\/pages"}],"about":[{"href":"https:\/\/blog.lesgrossesorchadeslesamplesthalameges.fr\/index.php\/wp-json\/wp\/v2\/types\/page"}],"author":[{"embeddable":true,"href":"https:\/\/blog.lesgrossesorchadeslesamplesthalameges.fr\/index.php\/wp-json\/wp\/v2\/users\/1"}],"replies":[{"embeddable":true,"href":"https:\/\/blog.lesgrossesorchadeslesamplesthalameges.fr\/index.php\/wp-json\/wp\/v2\/comments?post=21942"}],"version-history":[{"count":4,"href":"https:\/\/blog.lesgrossesorchadeslesamplesthalameges.fr\/index.php\/wp-json\/wp\/v2\/pages\/21942\/revisions"}],"predecessor-version":[{"id":21946,"href":"https:\/\/blog.lesgrossesorchadeslesamplesthalameges.fr\/index.php\/wp-json\/wp\/v2\/pages\/21942\/revisions\/21946"}],"wp:attachment":[{"href":"https:\/\/blog.lesgrossesorchadeslesamplesthalameges.fr\/index.php\/wp-json\/wp\/v2\/media?parent=21942"}],"curies":[{"name":"wp","href":"https:\/\/api.w.org\/{rel}","templated":true}]}}