{"id":21948,"date":"2023-01-31T22:23:33","date_gmt":"2023-01-31T21:23:33","guid":{"rendered":"http:\/\/blog.lesgrossesorchadeslesamplesthalameges.fr\/?page_id=21948"},"modified":"2023-01-31T22:24:45","modified_gmt":"2023-01-31T21:24:45","slug":"quest-ce-qui-a-motive-linvasion-de-lukraine-par-la-russie-le-24-fevrier-2022","status":"publish","type":"page","link":"https:\/\/blog.lesgrossesorchadeslesamplesthalameges.fr\/index.php\/quest-ce-qui-a-motive-linvasion-de-lukraine-par-la-russie-le-24-fevrier-2022\/","title":{"rendered":"Qu&rsquo;est-ce qui a motiv\u00e9 l&rsquo;invasion de l&rsquo;Ukraine par la Russie le 24 f\u00e9vrier 2022 ?"},"content":{"rendered":"<p>&nbsp;<\/p>\n<p>&nbsp;<\/p>\n<p>&nbsp;<\/p>\n<p>&nbsp;<\/p>\n<p>&nbsp;<\/p>\n<p>&nbsp;<\/p>\n<p>&nbsp;<\/p>\n<p>&nbsp;<\/p>\n<p style=\"text-align: center;\"><span style=\"font-family: times new roman, times, serif; font-size: 36pt;\"><strong>Qu&rsquo;est-ce qui a motiv\u00e9 l&rsquo;invasion de l&rsquo;Ukraine par la Russie le 24 f\u00e9vrier 2022 ?<\/strong><\/span><\/p>\n<p style=\"text-align: center;\"><span style=\"font-family: times new roman, times, serif; font-size: 36pt;\"><strong>\u00a0<\/strong><\/span><\/p>\n<p style=\"text-align: center;\"><span style=\"font-family: times new roman, times, serif; font-size: 18pt;\"><strong>Eric Zuesse \u2013 <em>TheDuran<\/em> \u2013 27.1.2023<\/strong><\/span><\/p>\n<p>&nbsp;<\/p>\n<p style=\"text-align: center;\"><span style=\"font-family: times new roman, times, serif; font-size: 18pt;\">Traduction\u00a0:<strong> c.l. <\/strong>pour<strong> <em>L.G.O.<\/em><\/strong><\/span><\/p>\n<p><span style=\"font-family: times new roman, times, serif; font-size: 18pt;\"><strong><em>\u00a0<\/em><\/strong><\/span><\/p>\n<p><span style=\"font-family: times new roman, times, serif; font-size: 14pt;\"><strong><em>\u00a0<\/em><\/strong><\/span><\/p>\n<p>&nbsp;<\/p>\n<p style=\"text-align: center;\"><a href=\"http:\/\/blog.lesgrossesorchadeslesamplesthalameges.fr\/index.php\/2023\/01\/31\/pris-dans-les-filets-3\/17-nato_bases_russia\/\" rel=\"attachment wp-att-21887\"><img loading=\"lazy\" class=\"alignnone wp-image-21887\" src=\"http:\/\/blog.lesgrossesorchadeslesamplesthalameges.fr\/wp-content\/uploads\/2023\/01\/17.-NATO_bases_Russia-300x212.jpg\" alt=\"\" width=\"600\" height=\"424\" srcset=\"https:\/\/blog.lesgrossesorchadeslesamplesthalameges.fr\/wp-content\/uploads\/2023\/01\/17.-NATO_bases_Russia-300x212.jpg 300w, https:\/\/blog.lesgrossesorchadeslesamplesthalameges.fr\/wp-content\/uploads\/2023\/01\/17.-NATO_bases_Russia-768x542.jpg 768w, https:\/\/blog.lesgrossesorchadeslesamplesthalameges.fr\/wp-content\/uploads\/2023\/01\/17.-NATO_bases_Russia.jpg 960w\" sizes=\"(max-width: 600px) 100vw, 600px\" \/><\/a><\/p>\n<p style=\"text-align: center;\"><span style=\"font-family: times new roman, times, serif; font-size: 12pt;\"><strong><em>[La Russie veut la guerre ! Regardez comme ils ont mis leur pays pr\u00e8s de nos bases militaires.]<\/em><\/strong><\/span><\/p>\n<p>&nbsp;<\/p>\n<p>&nbsp;<\/p>\n<p style=\"text-align: justify;\"><span style=\"font-family: times new roman, times, serif; font-size: 14pt;\">Le mercredi 15 d\u00e9cembre 2021, Reuters titrait \u00ab\u00a0La Russie remet des propositions aux USA sur les garanties de s\u00e9curit\u00e9\u00a0\u00bb, et le site d&rsquo;information officiel am\u00e9ricain sur la guerre froide \u00ab <em>Radio Free Europe\/ Radio Liberty <\/em>\u00bb, contr\u00f4l\u00e9 par George Soros et le gouvernement am\u00e9ricain, titrait \u00ab Le Kremlin dit que Moscou a remis des propositions sur les garanties de s\u00e9curit\u00e9 aux USA\u00a0\u00bb. (Soros exerce \u00e9galement une influence consid\u00e9rable au sein du Parlement europ\u00e9en ; et, c\u2019est ainsi qu\u2019il est une puissance non seulement \u00e0 l&rsquo;OTAN mais aussi dans l&rsquo;UE. C&rsquo;est un fasciste imp\u00e9rialiste lib\u00e9ral, pas un conservateur, et certaines organisations financ\u00e9es par des milliardaires fascistes conservateurs, comme le <em>Media Research Center<\/em>, l&rsquo;ont qualifi\u00e9 de \u00ab\u00a0marxiste\u00a0\u00bb, bien que Soros soit enrag\u00e9 par toutes les formes de socialisme et qu&rsquo;il ait en fait contribu\u00e9 \u00e0 mettre fin au marxisme en Union Sovi\u00e9tique, parce que ce que Soros veut vraiment, c&rsquo;est que le gouvernement am\u00e9ricain exerce un pouvoir dictatorial sur chaque nation\u00a0: qu&rsquo;il devienne le premier empire global, un empire lib\u00e9ral-fasciste mondial.<\/span><\/p>\n<p>&nbsp;<\/p>\n<p style=\"text-align: justify;\"><span style=\"font-family: times new roman, times, serif; font-size: 14pt;\">Ainsi, ce que je vais exposer ici est rejet\u00e9 par les fascistes lib\u00e9raux et conservateurs, et par tous les milliardaires et tous les autres imp\u00e9rialistes. Quiconque est partisan d&rsquo;une quelconque forme d&rsquo;imp\u00e9rialisme voudra \u00e9videmment cacher, au lieu de les diffuser, les faits qui vont \u00eatre expos\u00e9s ici. Cela n&rsquo;aura rien \u00e0 voir avec les d\u00e9finitions standard de \u00ab\u00a0gauche\u00a0\u00bb ou de \u00ab\u00a0droite\u00a0\u00bb. Et cela ne rentrera en aucune mani\u00e8re dans les th\u00e9ories politiques standard, qui sont toutes financ\u00e9es par des milliardaires et sont toutes manifestement fausses).<\/span><\/p>\n<p>&nbsp;<\/p>\n<p style=\"text-align: justify;\"><span style=\"font-family: times new roman, times, serif; font-size: 14pt;\">Ces deux m\u00e9dias (Reuters et RFE\/RL) ont publi\u00e9 la d\u00e9claration-cl\u00e9 suivante, exactement dans les m\u00eames termes : \u00ab\u00a0Les repr\u00e9sentants am\u00e9ricains ont litt\u00e9ralement re\u00e7u aujourd&rsquo;hui, de notre minist\u00e8re des Affaires \u00e9trang\u00e8res, des propositions concr\u00e8tes visant \u00e0 \u00e9laborer des garanties juridiques de s\u00e9curit\u00e9 pour la Russie, a d\u00e9clar\u00e9 aux journalistes Yuri Ushakov, collaborateur du Kremlin\u00a0\u00bb.<\/span><\/p>\n<p>&nbsp;<\/p>\n<p style=\"text-align: justify;\"><span style=\"font-family: times new roman, times, serif; font-size: 14pt;\">Pour la toute premi\u00e8re fois, le gouvernement russe demandait au gouvernement am\u00e9ricain des \u00ab\u00a0garanties de s\u00e9curit\u00e9\u00a0\u00bb, mais pratiquement rien n&rsquo;a \u00e9t\u00e9 publi\u00e9 \u00e0 leur sujet. En fait, aucun autre m\u00e9dia am\u00e9ricain ou alli\u00e9 n&rsquo;a m\u00eame publi\u00e9 que cet \u00e9v\u00e9nement historique avait eu lieu \u00e0 cette date. Peut-\u00eatre Poutine avait-il d\u00e9cid\u00e9 de proc\u00e9der de cette mani\u00e8re discr\u00e8te pour faire en sorte que le gouvernement am\u00e9ricain puisse traiter l&rsquo;affaire sans intrusion ext\u00e9rieure et soit ainsi en mesure de r\u00e9pondre oui aux \u00ab\u00a0propositions\u00a0\u00bb du Kremlin sans se mettre dans l&#8217;embarras en se faisant publiquement accuser par les agents de l&rsquo;\u00c9tat Profond (ou les \u00ab\u00a0n\u00e9oconservateurs\u00a0\u00bb ou les partisans de l&rsquo;expansion de l&#8217;empire am\u00e9ricain) de \u00ab\u00a0caner devant Poutine\u00a0\u00bb (une telle accusation \u00e9tant assur\u00e9e de garantir que Biden ne serait pas r\u00e9\u00e9lu, parce qu&rsquo;aucun grand m\u00e9dia am\u00e9ricain ou alli\u00e9 ne le soutiendrait s&rsquo;il annon\u00e7ait qu\u2019il avait l\u2019intention de r\u00e9pondre par l\u2019affirmative). Donc, c&rsquo;\u00e9tait un moment d&rsquo;une importance capitale dans l&rsquo;histoire.<\/span><\/p>\n<p>&nbsp;<\/p>\n<p style=\"text-align: justify;\"><span style=\"font-family: times new roman, times, serif; font-size: 14pt;\">Puis, le 17 d\u00e9cembre 2021, l&rsquo;<em>International Business Times<\/em>, qui n&rsquo;est pas contr\u00f4l\u00e9 par l&rsquo;\u00c9tat Profond U.S., ni par la Russie ni par aucun de ses alli\u00e9s, titrait \u00ab L&rsquo;UE menace de sanctions contre la Russie tandis que l&rsquo;OTAN soutient l&rsquo;Ukraine \u00bb, et rapportait l&rsquo;information essentielle suivante : \u00ab Les alli\u00e9s occidentaux ont rejet\u00e9 jeudi la tentative de la Russie de contrecarrer les ambitions de Kiev au sein de l&rsquo;OTAN et ont exhort\u00e9 Moscou \u00e0 mettre fin \u00e0 son renforcement militaire le long de la fronti\u00e8re ukrainienne et \u00e0 revenir aux pourparlers men\u00e9s par la France et l&rsquo;Allemagne \u00bb. Simultan\u00e9ment, le site Web de l&rsquo;OTAN lui-m\u00eame titrait \u00ab D\u00e9claration du Conseil de l&rsquo;Atlantique Nord sur la situation en Ukraine et dans les environs \u00bb, affirmant \u00ab ils rejettent les fausses all\u00e9gations russes de provocations de l&rsquo;Ukraine et de l&rsquo;OTAN \u00bb et \u00ab l&rsquo;OTAN est une alliance d\u00e9fensive et continuera \u00e0 \u0153uvrer pour la paix, la s\u00e9curit\u00e9 et la stabilit\u00e9 dans l&rsquo;ensemble de la zone euro-atlantique. Nous sommes unis pour d\u00e9fendre et prot\u00e9ger tous nos Alli\u00e9s \u00bb. (C&rsquo;\u00e9tait leur rh\u00e9torique orwellienne standard : le vrai est faux et le faux est vrai, qui lui a permis de tromper partout le public depuis que l&rsquo;OTAN a \u00e9t\u00e9 fond\u00e9e sur la base de mensonges en 1949, et SURTOUT depuis le 24 f\u00e9vrier 1990). Ainsi : Le gouvernement am\u00e9ricain a discut\u00e9 avec ses alli\u00e9s europ\u00e9ens des \u00ab propositions \u00bb de Poutine, et ils \u2013 l&rsquo;OTAN, l&rsquo;organisation de marketing pour les armes fabriqu\u00e9es par des soci\u00e9t\u00e9s op\u00e9rant dans des pays membres de l&rsquo;OTAN (et appartenant m\u00eame \u00e0 l&rsquo;UE) \u2013 ont rapidement \u00ab rejet\u00e9 \u00bb les \u00ab propositions \u00bb. Cependant, il ne s&rsquo;agissait pas encore d&rsquo;un rejet officiel : Moscou a donc continu\u00e9 \u00e0 essayer de faire valoir son point de vue, et de le faire de mani\u00e8re aussi priv\u00e9e que possible afin de minimiser le retour de b\u00e2ton qu&rsquo;une r\u00e9ponse positive produirait \u00e0 l&rsquo;encontre du gouvernement US de la part de l&rsquo;\u00c9tat Profond&#8230;<\/span><\/p>\n<p>&nbsp;<\/p>\n<p style=\"text-align: justify;\"><span style=\"font-family: times new roman, times, serif; font-size: 14pt;\">Ce qui rend l&rsquo;\u00c9tat Profond si puissant, c&rsquo;est que dans l&rsquo;ensemble des pays alli\u00e9s des \u00c9tats-Unis, la corruption (ou \u00ab\u00a0le march\u00e9 libre\u00a0\u00bb, c. \u00e0 d. le capitalisme pur avec z\u00e9ro socialisme) est une religion. Et pas QUE la r\u00e9alit\u00e9 dans certains d\u2019entre eux : les super-riches (les individus qui contr\u00f4lent les plus grandes soci\u00e9t\u00e9s, selon le principe \u00ab\u00a0un dollar, un vote\u00a0\u00bb d\u2019apr\u00e8s le nombre d&rsquo;actions qu&rsquo;ils d\u00e9tiennent) <em>contr\u00f4lent le gouvernement<\/em>, au lieu que ce soit le gouvernement qui contr\u00f4le un v\u00e9ritable syst\u00e8me de justice (selon le principe \u00ab\u00a0une personne, un vote\u00a0\u00bb). Tous les hauts fonctionnaires d\u2019un tel gouvernement ne repr\u00e9sentent QUE les super-riches, qui contr\u00f4lent toutes les entreprises de fabrication d&rsquo;armes des pays en question. Cette religion a \u00e9t\u00e9 con\u00e7ue par des agents (\u00e9conomistes, journalistes et autres id\u00e9ologues engag\u00e9s) pour ces super-riches, et elle a \u00e9norm\u00e9ment profit\u00e9 aux super-riches. Leurs retours sur investissements dans la \u00ab\u00a0fabrication du consentement\u00a0\u00bb dans leurs pr\u00e9tendues \u00ab\u00a0d\u00e9mocraties\u00a0\u00bb ont \u00e9t\u00e9 ph\u00e9nom\u00e9naux. Ainsi, ils versent tous les capitaux qu&rsquo;il faut dans leur politique nationale de mani\u00e8re \u00e0 s\u2019emparer de tous les postes publics, quel que soit le parti au nom duquel un politicien donn\u00e9 se pr\u00e9sente publiquement. Ce sont les \u00ab\u00a0donateurs\u00a0\u00bb ou bailleurs de fonds politiques qui contr\u00f4lent la nation (sur la base d&rsquo;un dollar par vote). Par exemple, dans la nation imp\u00e9riale elle-m\u00eame, les USA, 57,16% de tout l&rsquo;argent donn\u00e9 aux campagnes politiques provient du dix milli\u00e8me le plus riche (0,01%) de la population. Tout candidat qui va \u00e0 l&rsquo;encontre de ce 0,01% n&rsquo;a pratiquement aucune chance d&rsquo;\u00eatre \u00e9lu (ou d&rsquo;\u00eatre m\u00eame s\u00e9lectionn\u00e9 pour \u00eatre \u00e9lu). Comme l&rsquo;a dit l&rsquo;ancien pr\u00e9sident am\u00e9ricain Jimmy Carter lorsqu&rsquo;on l&rsquo;a interrog\u00e9 sur l&rsquo;effet que la corruption avait sur le gouvernement des USA :<\/span><\/p>\n<p>&nbsp;<\/p>\n<p style=\"text-align: justify; padding-left: 120px;\"><span style=\"font-family: times new roman, times, serif; font-size: 14pt;\"><em>\u00ab\u00a0Elle viole l&rsquo;essence m\u00eame de ce qui a fait de l&rsquo;Am\u00e9rique un grand pays dans son syst\u00e8me politique. Ce n&rsquo;est plus qu&rsquo;une oligarchie o\u00f9 la corruption politique illimit\u00e9e est l&rsquo;essence m\u00eame de l&rsquo;obtention des nominations \u00e0 la pr\u00e9sidence ou de l&rsquo;\u00e9lection du pr\u00e9sident. Et la m\u00eame chose s&rsquo;applique aux gouverneurs, aux s\u00e9nateurs am\u00e9ricains et aux membres du Congr\u00e8s. Ainsi, nous venons d&rsquo;assister \u00e0 une subversion de notre syst\u00e8me politique pour payer les principaux donateurs, qui veulent et attendent, et parfois obtiennent, des faveurs pour eux-m\u00eames apr\u00e8s l&rsquo;\u00e9lection. [&#8230;] \u00c0 l&rsquo;heure actuelle, les titulaires, d\u00e9mocrates et r\u00e9publicains, consid\u00e8rent cet argent illimit\u00e9 comme un grand avantage pour eux-m\u00eames. Quelqu&rsquo;un qui est d\u00e9j\u00e0 au Congr\u00e8s a beaucoup plus \u00e0 vendre.\u00a0\u00bb \u00a0<\/em><\/span><\/p>\n<p>&nbsp;<\/p>\n<p style=\"text-align: justify;\"><span style=\"font-family: times new roman, times, serif; font-size: 14pt;\">C&rsquo;est \u00e0 pr\u00e9sent un fait scientifiquement prouv\u00e9, ce n&rsquo;est plus une \u00ab\u00a0th\u00e9orie\u00a0\u00bb sur la politique aux USA. Tout \u00ab\u00a0scientifique\u00a0\u00bb politique qui qualifie l&rsquo;Am\u00e9rique de \u00ab\u00a0d\u00e9mocratie\u00a0\u00bb est bel et bien un \u00ab\u00a0scientifique\u00a0\u00bb frauduleux, et ne fait que r\u00e9p\u00e9ter le mantra qu\u2019il a \u00e9t\u00e9 engag\u00e9 et pay\u00e9 pour seriner en tant qu&rsquo;\u00ab\u00a0expert\u00a0\u00bb (institutionnel) de la politique am\u00e9ricaine. (Et ces institutions sont elles-m\u00eames corrompues\u00a0: cela fait partie du syst\u00e8me (dictatorial) \u00ab\u00a0capitaliste\u00a0\u00bb (ou \u00ab\u00a0fasciste\u00a0\u00bb).<\/span><\/p>\n<p>&nbsp;<\/p>\n<p style=\"text-align: justify;\"><span style=\"font-family: times new roman, times, serif; font-size: 14pt;\">Et c&rsquo;est la raison pour laquelle l&rsquo;\u00c9tat profond (les agents des milliardaires U.S. et alli\u00e9s) a pratiquement la mainmise sur le gouvernement des \u00c9tats-Unis. Cela se reproduit \u00e0 chaque ann\u00e9e d\u2019\u00e9lection.<\/span><\/p>\n<p>&nbsp;<\/p>\n<p style=\"text-align: justify;\"><span style=\"font-family: times new roman, times, serif; font-size: 14pt;\">Donc, pour continuer\u00a0:<\/span><\/p>\n<p>&nbsp;<\/p>\n<p style=\"text-align: justify;\"><span style=\"font-family: times new roman, times, serif; font-size: 14pt;\">\u00c0 cette m\u00eame date, le 17 d\u00e9cembre 2022, puisque l&rsquo;OTAN avait maintenant publiquement (mais pas encore officiellement) rejet\u00e9 les \u00ab\u00a0propositions\u00a0\u00bb de la Russie, le site Web du Kremlin a finalement publi\u00e9 ce que ces \u00ab\u00a0propositions\u00a0\u00bb \u00e9taient (ou avaient \u00e9t\u00e9), et les a intitul\u00e9es <strong>\u00ab\u00a0Accord sur les mesures visant \u00e0 assurer la s\u00e9curit\u00e9 de la F\u00e9d\u00e9ration de Russie et des \u00c9tats membres de l&rsquo;Organisation du Trait\u00e9 de l&rsquo;Atlantique Nord\u00a0\u00bb.<\/strong> Le site Web du Kremlin est extr\u00eamement hostile aux utilisateurs (tout comme l&rsquo;est celui du gouvernement am\u00e9ricain) et, par cons\u00e9quent, peu de personnes ont pu le consulter au d\u00e9part, mais les articles 4 \u00e0 6 constituaient sa partie la plus importante\u00a0:<\/span><\/p>\n<p>&nbsp;<\/p>\n<p style=\"text-align: justify; padding-left: 120px;\"><span style=\"font-family: times new roman, times, serif; font-size: 14pt;\">Article 4\u00a0:<\/span><\/p>\n<p style=\"text-align: justify; padding-left: 120px;\"><span style=\"font-family: times new roman, times, serif; font-size: 14pt;\">La F\u00e9d\u00e9ration de Russie et toutes les Parties qui \u00e9taient des \u00c9tats membres de l&rsquo;Organisation du Trait\u00e9 de l&rsquo;Atlantique Nord au 27 mai 1997, respectivement, ne d\u00e9ploieront pas de forces et d&rsquo;armements militaires sur le territoire de l&rsquo;un des autres \u00c9tats d&rsquo;Europe en plus des forces stationn\u00e9es sur ce territoire au 27 mai 1997. Avec le consentement de toutes les Parties, de tels d\u00e9ploiements peuvent avoir lieu dans des cas exceptionnels pour \u00e9liminer une menace \u00e0 la s\u00e9curit\u00e9 d&rsquo;une ou plusieurs Parties.<\/span><\/p>\n<p>&nbsp;<\/p>\n<p style=\"text-align: justify; padding-left: 120px;\"><span style=\"font-family: times new roman, times, serif; font-size: 14pt;\">Article 5<\/span><\/p>\n<p style=\"text-align: justify; padding-left: 120px;\"><span style=\"font-family: times new roman, times, serif; font-size: 14pt;\">Les Parties ne d\u00e9ploieront pas de missiles terrestres \u00e0 port\u00e9e interm\u00e9diaire et \u00e0 courte port\u00e9e, dans des zones leur permettant d&rsquo;atteindre le territoire des autres Parties.<\/span><\/p>\n<p>&nbsp;<\/p>\n<p style=\"text-align: justify; padding-left: 120px;\"><span style=\"font-family: times new roman, times, serif; font-size: 14pt;\">Article 6<\/span><\/p>\n<p style=\"text-align: justify; padding-left: 120px;\"><span style=\"font-family: times new roman, times, serif; font-size: 14pt;\">Tous les \u00c9tats membres de l&rsquo;Organisation du Trait\u00e9 de l&rsquo;Atlantique Nord s&rsquo;engagent \u00e0 s&rsquo;abstenir de tout nouvel \u00e9largissement de l&rsquo;OTAN, y compris l&rsquo;adh\u00e9sion de l&rsquo;Ukraine ainsi que d&rsquo;autres \u00c9tats.<\/span><\/p>\n<p style=\"text-align: justify;\"><span style=\"font-family: times new roman, times, serif; font-size: 14pt;\"><em>\u00a0<\/em><\/span><\/p>\n<p style=\"text-align: justify;\"><span style=\"font-family: times new roman, times, serif; font-size: 14pt;\">Ensuite, le 7 janvier 2022, l&rsquo;OTAN et le gouvernement U.S. ont, tous les deux, publiquement et officiellement rejet\u00e9 les \u00ab\u00a0propositions\u00a0\u00bb de la Russie, et il ne pouvait donc plus faire de doute que, si l&rsquo;Ukraine devait continuer \u00e0 \u00eatre un agent de ceux qui sont maintenant sans plus aucune ambigu\u00eft\u00e9 hypocrite les ennemis mortels de la Russie, la Russie serait forc\u00e9e de conqu\u00e9rir l&rsquo;Ukraine elle-m\u00eame, AVANT que l&rsquo;Ukraine ne devienne une nation membre de l&rsquo;OTAN et ne d\u00e9clenche ainsi une tr\u00e8s chaude troisi\u00e8me guerre mondiale qui forcerait la Russie \u00e0 l\u2019envahir. Et c\u2019est ainsi que, le 24 f\u00e9vrier 2022, la Russie a r\u00e9ellement <em>d\u00fb<\/em> envahir l&rsquo;Ukraine. Par la suite, l&rsquo;Am\u00e9rique et son OTAN ont \u00e9t\u00e9 de plus en plus pr\u00e8s de traiter l&rsquo;Ukraine comme si elle \u00e9tait d\u00e9j\u00e0 un pays membre de l&rsquo;OTAN. (Iront-ils \u00e0 ce propos jusqu\u2019\u00e0 la guerre nucl\u00e9aire\u00a0est la question qui se pose aujourd\u2019hui.)<\/span><\/p>\n<p>&nbsp;<\/p>\n<p style=\"text-align: justify;\"><span style=\"font-family: times new roman, times, serif; font-size: 14pt;\">J&rsquo;ai indiqu\u00e9 ailleurs les raisons pour lesquelles la Russie pr\u00e9sentait ces \u00ab\u00a0propositions\u00a0\u00bb, qui \u00e9taient en fait des demandes, dont la cause avait commenc\u00e9 le 24 f\u00e9vrier 1990 : c\u2019est \u00e0 ce qui a commenc\u00e9 ce jour-l\u00e0 que le gouvernement russe r\u00e9pond enfin\u00a0: de la seule mani\u00e8re qui reste possible \u00e0 la Russie, sauf \u00e0 envahir les \u00c9tats-Unis eux-m\u00eames.<\/span><\/p>\n<p>&nbsp;<\/p>\n<p style=\"text-align: justify;\"><span style=\"font-family: times new roman, times, serif; font-size: 14pt;\">Car le temps commen\u00e7ait \u00e0 lui manquer pour se d\u00e9fendre, \u00e0 moins d&rsquo;entrer en guerre directement contre les \u00c9tats-Unis. La seule question qu\u2019il lui restait \u00e0 d\u00e9terminer \u00e9tait : quand et comment envahir l&rsquo;Ukraine. La question de savoir si elle l&rsquo;a fait au bon moment et de la bonne mani\u00e8re sera d\u00e9battue par les historiens futurs, mais que cela d\u00fbt \u00eatre fait est incontestable. (Cela a n\u00e9anmoins \u00e9t\u00e9 contest\u00e9 par les \u00ab experts \u00bb occidentaux, qui ont presque tous ni\u00e9 cette n\u00e9cessit\u00e9. On le sait, la propagande peut faire croire \u00e0 la majorit\u00e9 du public \u00e0 peu pr\u00e8s n&rsquo;importe quoi, \u00e0 peu pr\u00e8s n&rsquo;importe o\u00f9. Je l&rsquo;\u00e9vite, partout, et, \u00e0 la place, je ne m&rsquo;appuie QUE sur des preuves qui ne puissent pas \u00eatre rationnellement mises en doute. Agir de la sorte aujourd&rsquo;hui en Occident est une v\u00e9ritable gageure, mais ce que Galil\u00e9e et Darwin ont \u00e9crit l\u2019\u00e9tait \u00e9galement, et ils n&rsquo;ont jamais compromis la v\u00e9rit\u00e9 ni d\u00e9form\u00e9 les preuves disponibles. Tous les historiens devraient suivre cette r\u00e8gle. Peu le font).<\/span><\/p>\n<p>&nbsp;<\/p>\n<p><span style=\"font-family: times new roman, times, serif; font-size: 14pt;\">Source\u00a0: <\/span><a href=\"https:\/\/theduran.com\/what-motivated-russias-invasion-of-ukraine-on-24-february-2022\/\"><span style=\"font-family: times new roman, times, serif; font-size: 14pt;\">What motivated Russia\u2019s invasion of Ukraine on 24 February 2022 \u2013 The Duran<\/span><\/a><\/p>\n<p>&nbsp;<\/p>\n<p><strong><span style=\"font-family: times new roman, times, serif; font-size: 14pt;\">URL de cet article : <\/span><\/strong><a href=\"http:\/\/blog.lesgrossesorchadeslesamplesthalameges.fr\/index.php\/quest-ce-qui-a-motive-linvasion-de-lukraine-par-la-russie-le-24-fevrier-2022\/\"><span style=\"font-family: times new roman, times, serif; font-size: 14pt;\">http:\/\/blog.lesgrossesorchadeslesamplesthalameges.fr\/index.php\/quest-ce-qui-a-motive-linvasion-de-lukraine-par-la-russie-le-24-fevrier-2022\/<\/span><\/a><strong><span style=\"font-family: times new roman, times, serif; font-size: 14pt;\"><br \/>\n<\/span><\/strong><\/p>\n<p>&nbsp;<\/p>\n<p>&nbsp;<\/p>\n<p style=\"text-align: center;\"><a href=\"http:\/\/blog.lesgrossesorchadeslesamplesthalameges.fr\/index.php\/les-chefs-militaires-disrael-ont-attise-une-nouvelle-vague-dattaques-terroristes-et-ils-le-savaient\/000-dangerous-times-23\/\" rel=\"attachment wp-att-21917\"><img loading=\"lazy\" class=\"alignnone size-full wp-image-21917\" src=\"http:\/\/blog.lesgrossesorchadeslesamplesthalameges.fr\/wp-content\/uploads\/2023\/01\/000.-dangerous-times-1.gif\" alt=\"\" width=\"70\" height=\"63\" \/><\/a><\/p>\n<p>&nbsp;<\/p>\n<p>&nbsp;<\/p>\n<p style=\"text-align: right;\"><span style=\"font-family: comic sans ms, sans-serif;\">Janvier 2023<\/span><\/p>\n<p>&nbsp;<\/p>\n<p>&nbsp;<\/p>\n","protected":false},"excerpt":{"rendered":"<p>&nbsp; &nbsp; &nbsp; &nbsp; &nbsp; &nbsp; &nbsp; &nbsp; Qu&rsquo;est-ce qui a motiv\u00e9 l&rsquo;invasion de l&rsquo;Ukraine par la Russie le 24 f\u00e9vrier 2022 ? \u00a0 Eric Zuesse \u2013 TheDuran \u2013 27.1.2023 &nbsp; Traduction\u00a0: c.l. pour L.G.O. \u00a0 \u00a0 &nbsp; [La Russie veut la guerre ! Regardez comme ils ont mis leur pays pr\u00e8s de nos bases&#8230;<\/p>\n","protected":false},"author":1,"featured_media":0,"parent":0,"menu_order":0,"comment_status":"open","ping_status":"open","template":"","meta":[],"_links":{"self":[{"href":"https:\/\/blog.lesgrossesorchadeslesamplesthalameges.fr\/index.php\/wp-json\/wp\/v2\/pages\/21948"}],"collection":[{"href":"https:\/\/blog.lesgrossesorchadeslesamplesthalameges.fr\/index.php\/wp-json\/wp\/v2\/pages"}],"about":[{"href":"https:\/\/blog.lesgrossesorchadeslesamplesthalameges.fr\/index.php\/wp-json\/wp\/v2\/types\/page"}],"author":[{"embeddable":true,"href":"https:\/\/blog.lesgrossesorchadeslesamplesthalameges.fr\/index.php\/wp-json\/wp\/v2\/users\/1"}],"replies":[{"embeddable":true,"href":"https:\/\/blog.lesgrossesorchadeslesamplesthalameges.fr\/index.php\/wp-json\/wp\/v2\/comments?post=21948"}],"version-history":[{"count":6,"href":"https:\/\/blog.lesgrossesorchadeslesamplesthalameges.fr\/index.php\/wp-json\/wp\/v2\/pages\/21948\/revisions"}],"predecessor-version":[{"id":21954,"href":"https:\/\/blog.lesgrossesorchadeslesamplesthalameges.fr\/index.php\/wp-json\/wp\/v2\/pages\/21948\/revisions\/21954"}],"wp:attachment":[{"href":"https:\/\/blog.lesgrossesorchadeslesamplesthalameges.fr\/index.php\/wp-json\/wp\/v2\/media?parent=21948"}],"curies":[{"name":"wp","href":"https:\/\/api.w.org\/{rel}","templated":true}]}}