{"id":21956,"date":"2023-01-31T22:39:19","date_gmt":"2023-01-31T21:39:19","guid":{"rendered":"http:\/\/blog.lesgrossesorchadeslesamplesthalameges.fr\/?page_id=21956"},"modified":"2023-01-31T22:49:18","modified_gmt":"2023-01-31T21:49:18","slug":"les-neocons-peuvent-etre-ecartes-du-pouvoir-par-la-force","status":"publish","type":"page","link":"https:\/\/blog.lesgrossesorchadeslesamplesthalameges.fr\/index.php\/les-neocons-peuvent-etre-ecartes-du-pouvoir-par-la-force\/","title":{"rendered":"Les n\u00e9ocons peuvent \u00eatre \u00e9cart\u00e9s du pouvoir par la force."},"content":{"rendered":"<p>&nbsp;<\/p>\n<p>&nbsp;<\/p>\n<p>&nbsp;<\/p>\n<p>&nbsp;<\/p>\n<p>&nbsp;<\/p>\n<p>&nbsp;<\/p>\n<p>&nbsp;<\/p>\n<p>&nbsp;<\/p>\n<p style=\"text-align: center;\"><span style=\"font-family: times new roman, times, serif; font-size: 36pt;\"><strong>Les n\u00e9ocons peuvent \u00eatre \u00e9cart\u00e9s du pouvoir par la force<\/strong>.<\/span><\/p>\n<p>&nbsp;<\/p>\n<p>&nbsp;<\/p>\n<p style=\"text-align: center;\"><span style=\"font-family: times new roman, times, serif; font-size: 18pt;\"><strong>Steve Brown \u2013 <em>TheDuran<\/em> \u2013 27.1.2023<\/strong><\/span><\/p>\n<p>&nbsp;<\/p>\n<p style=\"text-align: center;\"><span style=\"font-family: times new roman, times, serif; font-size: 18pt;\">Traduction\u00a0:<strong> c.l. <\/strong>pour<strong> <em>L.G.O.<\/em><\/strong><\/span><\/p>\n<p style=\"text-align: justify;\"><span style=\"font-family: times new roman, times, serif; font-size: 18pt;\"><strong>\u00a0<\/strong><\/span><\/p>\n<p>&nbsp;<\/p>\n<p>&nbsp;<\/p>\n<p style=\"text-align: center;\"><a href=\"http:\/\/blog.lesgrossesorchadeslesamplesthalameges.fr\/index.php\/les-neocons-peuvent-etre-ecartes-du-pouvoir-par-la-force\/14-ukraine-biento-tgif-2\/\" rel=\"attachment wp-att-21966\"><img loading=\"lazy\" class=\"alignnone wp-image-21966 size-full\" src=\"http:\/\/blog.lesgrossesorchadeslesamplesthalameges.fr\/wp-content\/uploads\/2023\/01\/14.-Ukraine-biento-tGIF-1.gif\" alt=\"\" width=\"600\" height=\"593\" \/><\/a><\/p>\n<p style=\"text-align: center;\"><strong><em><span style=\"font-family: times new roman, times, serif;\">Vous serez bient\u00f4t un des n\u00f4tres (avant et apr\u00e8s)<\/span><\/em><\/strong><\/p>\n<p>&nbsp;<\/p>\n<p>&nbsp;<\/p>\n<p>&nbsp;<\/p>\n<p style=\"text-align: justify;\"><span style=\"font-family: times new roman, times, serif; font-size: 14pt;\">Il y a des lustres (2019), dans l&rsquo;article intitul\u00e9 \u00ab\u00a0Whither Next Neocons ?\u00a0\u00bb (<a href=\"https:\/\/theduran.com\/whither-next-neocons\">https:\/\/theduran.com\/whither-next-neocons<\/a>), nous avons examin\u00e9 le triste \u00e9tat des lieux de l&rsquo;avenir des bellicistes n\u00e9ocons de Washington, avec des observations telles que :<\/span><\/p>\n<p>&nbsp;<\/p>\n<p style=\"text-align: justify;\"><span style=\"font-family: times new roman, times, serif; font-size: 14pt;\">Que ce soit par accident ou \u00e0 dessein, la \u00ab\u00a0politique \u00e9trang\u00e8re\u00a0\u00bb de Washington a maintenant pivot\u00e9 de mani\u00e8re agressive pour tenter de saper les plus grandes puissances du monde \u2013 autrefois ses partenaires \u2013 qui s&rsquo;opposent d\u00e9sormais \u00e0 cette agression am\u00e9ricaine : \u00e0 savoir la Russie et la Chine.<\/span><\/p>\n<p style=\"text-align: justify;\"><span style=\"font-family: times new roman, times, serif; font-size: 14pt;\"><strong>\u00a0<\/strong><\/span><\/p>\n<p style=\"text-align: justify;\"><span style=\"font-family: times new roman, times, serif; font-size: 18pt;\"><strong><em>Et :<\/em><\/strong><\/span><\/p>\n<p>&nbsp;<\/p>\n<p style=\"text-align: justify;\"><span style=\"font-family: times new roman, times, serif; font-size: 14pt;\">Ce que nous devons vraiment craindre, cependant, c&rsquo;est que leur danse kabuki d\u00e9nu\u00e9e de sens puisse devenir violente et hideuse, que les n\u00e9oconservateurs se retrouvent veuillent nous emmener tous avec eux\u00a0: dans la tombe&#8230; comme ils l&rsquo;ont toujours fait.<\/span><\/p>\n<p>&nbsp;<\/p>\n<p style=\"text-align: justify;\"><span style=\"font-family: times new roman, times, serif; font-size: 14pt;\">Le temps a prouv\u00e9 la v\u00e9racit\u00e9 de ces mots, mais il y a un probl\u00e8me suppl\u00e9mentaire pour les anciens \u00c9tats-Unis* dans la poursuite de cet agenda, \u00e0 savoir que les \u00c9tats-Unis sont \u2013 de plein droit \u2013 un \u00c9tat en faillite, qui n&rsquo;est actuellement perp\u00e9tu\u00e9 que par la domination actuelle mais passag\u00e8re du dollar U.S.<\/span><\/p>\n<p>&nbsp;<\/p>\n<p style=\"text-align: justify;\"><span style=\"font-family: times new roman, times, serif; font-size: 14pt;\">D&rsquo;une part, la base industrielle am\u00e9ricaine a \u00e9t\u00e9 d\u00e9cim\u00e9e par les int\u00e9r\u00eats corrompus de Wall Street et sa porte tournante (collusion entre le pouvoir des entreprises priv\u00e9es et celui de l&rsquo;\u00c9tat f\u00e9d\u00e9ral) depuis des d\u00e9cennies, comme le <em>Vanguard Group, State Street, Black Rock<\/em>, etc. qui sont de connivence avec le syst\u00e8me de banque centrale am\u00e9ricaine compl\u00e8tement corrompu, c&rsquo;est-\u00e0-dire la R\u00e9serve f\u00e9d\u00e9rale et ses <em>primary dealers<\/em> (<a href=\"https:\/\/www.bloomberg.com\/opinion\/articles\/2021-04-07\/america-s-depleted-industrial-base-is-a-national-security-crisis\">America\u2019s Depleted Industrial Base Is a National Security Crisis &#8211; Bloomberg<\/a>) pour subvertir les march\u00e9s et jouer le syst\u00e8me du capital financier \u00e0 l&rsquo;Ouest.<\/span><\/p>\n<p>&nbsp;<\/p>\n<p style=\"text-align: justify;\"><span style=\"font-family: times new roman, times, serif; font-size: 14pt;\">Avec leur base industrielle d\u00e9cim\u00e9e et corrompue par les int\u00e9r\u00eats de Wall Street, les anciens \u00c9tats-Unis* sont incapables de produire l&rsquo;armement n\u00e9cessaire pour fournir les munitions \u00e0 leur guerre d\u00e9l\u00e9gu\u00e9e en Ukraine. Avec une main-d&rsquo;\u0153uvre zombie pariant sur le bitcoin ou croupissant dans son sous-sol de wok financ\u00e9e par des dollars d&rsquo;h\u00e9licopt\u00e8re, les \u00c9tats-Unis n&rsquo;ont pas les ressources, la main-d&rsquo;\u0153uvre, ni m\u00eame la moindre initiative morale pour poursuivre une guerre majeure via un adversaire qui n&rsquo;a pas ces probl\u00e8mes.<\/span><\/p>\n<p>&nbsp;<\/p>\n<p style=\"text-align: justify;\"><span style=\"font-family: times new roman, times, serif; font-size: 14pt;\">Une poign\u00e9e de chars am\u00e9ricains Abrams \u2013 aussi vuln\u00e9rables que les autres aux armes antichars modernes\u2013 ne sauvera pas l&#8217;empire des \u00c9tats faillis. Pas plus que les F16 fournis \u00e0 l&rsquo;Ukraine, ou toute autre mesure d\u00e9sesp\u00e9r\u00e9e des n\u00e9oconservateurs pour armer leurs laquais imp\u00e9riaux.<\/span><\/p>\n<p>&nbsp;<\/p>\n<p>&nbsp;<\/p>\n<p>&nbsp;<\/p>\n<p style=\"text-align: center;\"><a href=\"http:\/\/blog.lesgrossesorchadeslesamplesthalameges.fr\/index.php\/les-neocons-peuvent-etre-ecartes-du-pouvoir-par-la-force\/31-neocons\/\" rel=\"attachment wp-att-21957\"><img loading=\"lazy\" class=\"alignnone wp-image-21957 size-full\" src=\"http:\/\/blog.lesgrossesorchadeslesamplesthalameges.fr\/wp-content\/uploads\/2023\/01\/31.-NEOCONS.jpg\" alt=\"\" width=\"600\" height=\"390\" srcset=\"https:\/\/blog.lesgrossesorchadeslesamplesthalameges.fr\/wp-content\/uploads\/2023\/01\/31.-NEOCONS.jpg 600w, https:\/\/blog.lesgrossesorchadeslesamplesthalameges.fr\/wp-content\/uploads\/2023\/01\/31.-NEOCONS-300x195.jpg 300w\" sizes=\"(max-width: 600px) 100vw, 600px\" \/><\/a><\/p>\n<p>&nbsp;<\/p>\n<p>&nbsp;<\/p>\n<p>&nbsp;<\/p>\n<p style=\"text-align: justify;\"><span style=\"font-family: times new roman, times, serif; font-size: 14pt;\">Des preuves ? Pour commencer, regardez le cours de l&rsquo;argent. L&rsquo;argent est un \u00e9l\u00e9ment essentiel pour la production d&rsquo;armes de guerre, et si LMT et GD peuvent se moquer, ce n&rsquo;est pas le cas du <em>silver spot<\/em>. Les \u00c9tats-Unis ne peuvent pas produire l&rsquo;armement n\u00e9cessaire \u00e0 leur guerre par procuration en Ukraine et, m\u00eame s&rsquo;ils le pouvaient, ils n&rsquo;ont pas les moyens d&rsquo;acheminer cet armement sur le th\u00e9\u00e2tre de la guerre par l\u2019entremise du r\u00e9gime extr\u00eamement corrompu de Kiev. En outre, les \u00c9tats-Unis ne sont pas une \u00ab\u00a0superpuissance\u00a0\u00bb, mais un \u00e9tat en faillite qui tente d\u00e9sesp\u00e9r\u00e9ment de maintenir son h\u00e9g\u00e9monie&#8230; une h\u00e9g\u00e9monie qui non seulement s&rsquo;estompe rapidement, mais qui a d\u00e9j\u00e0 rencontr\u00e9 sa fin. (Irak, Syrie, Libye, Afghanistan, etc.)<\/span><\/p>\n<p>&nbsp;<\/p>\n<p style=\"text-align: justify;\"><span style=\"font-family: times new roman, times, serif; font-size: 14pt;\">Tout en \u00e9crivant sur le prochain mouvement potentiel des N\u00e9ocons en 2019 (rappelez-vous qu\u2019un \u00c9tat belliciste ne pliera jamais ses cartes \u00e0 moins d&rsquo;y \u00eatre forc\u00e9 en se retrouvant face au mauvais bout du canon d&rsquo;une arme \u00e0 feu), cet auteur ne pouvait pas tout \u00e0 fait saisir la direction maintenant \u00e9vidente pour les oligarques et les ploutocrates qui poss\u00e8dent et exploitent les \u00c9tats-Unis, \u00e0 savoir le coup d&rsquo;\u00c9tat Impressionnant Tradecraft\/Nuland de 2014. C&rsquo;est-\u00e0-dire, le coup d&rsquo;\u00c9tat am\u00e9ricain en Ukraine et l&rsquo;opportunit\u00e9 que le coup d&rsquo;\u00c9tat Pyatt-Nuland en Ukraine a fourni (<a href=\"https:\/\/www.state.gov\/biographies\/geoffrey-r-pyatt\/\">Geoffrey R. Pyatt &#8211; United States Department of State<\/a>).<\/span><\/p>\n<p style=\"text-align: justify;\"><span style=\"font-family: times new roman, times, serif; font-size: 14pt;\"><em>\u00a0<\/em><\/span><\/p>\n<p style=\"text-align: justify;\"><span style=\"font-family: times new roman, times, serif; font-size: 14pt;\">C&rsquo;est un coup qui a \u00e9t\u00e9 long \u00e0 pr\u00e9parer, depuis l&rsquo;\u00e9poque du \u00ab\u00a0Projet Fiend\u00a0\u00bb de James Jesus\/\u00ab\u00a0Op\u00e9ration Valuable\u00a0\u00bb du MI6, en 1949 (<a href=\"http:\/\/numbers-stations.com\/cia\/OBOPUS%20BFIEND\/OBOPUS%20BG%20FIEND%20%20%20VOL.%202%20%28PROJECT%20OUTLINED%20REVIEWS%20TERMINATION%29_0035.pdf\">OBOPUS BG FIEND VOL. 2 (PROJECT OUTLINED REVIEWS TERMINATION)_0035.pdf (numbers-stations.com)<\/a>, une obsession id\u00e9ologique qui existe \u00e0 l&rsquo;int\u00e9rieur de la Beltway depuis bien plus longtemps que la plupart des gens n&rsquo;ont v\u00e9cu.<\/span><\/p>\n<p>&nbsp;<\/p>\n<p style=\"text-align: justify;\"><span style=\"font-family: times new roman, times, serif; font-size: 14pt;\">L&rsquo;histoire est une salope, et ceux qui ne veulent pas en tenir compte sont bien s\u00fbr condamn\u00e9s \u00e0 la r\u00e9p\u00e9ter, en insistant sur \u00ab\u00a0condamn\u00e9s\u00a0\u00bb. Les chars allemands traversant la Pologne pour envahir la Russie, dans le cadre d&rsquo;un pacte d&rsquo;agression germano-polonais, o\u00f9 la volont\u00e9 perverse de l&rsquo;Occident collectif, alli\u00e9e \u00e0 la vendetta de la Pologne, conna\u00eetra un sort mortel, seront l&#8217;embl\u00e8me de cette condamnation. Et c&rsquo;est pr\u00e9cis\u00e9ment ce que nous voyons aujourd&rsquo;hui, o\u00f9 le fantastique jeu de <em>RISK <\/em>de Washington doit faire face \u00e0 la dure r\u00e9alit\u00e9 que le r\u00e8gne h\u00e9g\u00e9monique mondial de la Beltway ne peut pas continuer.<\/span><\/p>\n<p>&nbsp;<\/p>\n<p style=\"text-align: justify;\"><span style=\"font-family: times new roman, times, serif; font-size: 14pt;\">Bien s\u00fbr, chaque fois que nous examinons l&rsquo;id\u00e9ologie, nous devons consid\u00e9rer sa puret\u00e9, et la v\u00e9ritable id\u00e9ologie n\u00e9ocon de <a href=\"https:\/\/www.academia.edu\/35414587\/Machiavelli_on_modern_leadership_Michael_A_Ledeen\">domination mondiale machiav\u00e9lique<\/a> ont poursuivi ce genre d\u2019objectifs depuis la fin de la Deuxi\u00e8me Guerre mondiale. C&rsquo;est une conception id\u00e9ologique qui remonte \u00e0 Dean Acheson, Allen Dulles, James Jesus et leurs sbires depuis la fin de cette guerre En fait, les n\u00e9oconservateurs de \u00ab\u00a0l&rsquo;\u00c9tat de Guerre\u00a0\u00bb \u2013 de Dean Acheson \u00e0 Jake Sullivan \u2013sont du mauvais c\u00f4t\u00e9 de l&rsquo;histoire depuis pr\u00e8s de huit d\u00e9cennies.<\/span><\/p>\n<p>&nbsp;<\/p>\n<p style=\"text-align: justify;\"><span style=\"font-family: times new roman, times, serif; font-size: 14pt;\">Pendant combien de temps un h\u00e9g\u00e9mon mondial peut-il se trouver du mauvais c\u00f4t\u00e9 de l&rsquo;histoire ? En th\u00e9orie, seulement aussi longtemps que le reste du monde est pr\u00eat \u00e0 tol\u00e9rer les \u00c9tats en d\u00e9liquescence qu&rsquo;un tel h\u00e9g\u00e9mon cr\u00e9e, et a \u00e9t\u00e9 autoris\u00e9 \u00e0 cr\u00e9er. Car l&rsquo;id\u00e9e moderne de conqu\u00eate mondiale dans l&rsquo;Occident collectif n&rsquo;a rien \u00e0 voir avec la conqu\u00eate de territoires et leur administration ; l&rsquo;objectif id\u00e9ologique des n\u00e9oconservateurs est de cr\u00e9er des \u00c9tats faillis.<\/span><\/p>\n<p>&nbsp;<\/p>\n<p style=\"text-align: justify;\"><span style=\"font-family: times new roman, times, serif; font-size: 14pt;\">Washington ne souhaite en aucun cas conqu\u00e9rir et absorber un territoire qu&rsquo;il lui faudrait administrer, comme le faisaient les empires d\u2019autrefois. En r\u00e9alit\u00e9, l&#8217;empire des n\u00e9oconservateurs, tel qu&rsquo;il est envisag\u00e9 par les bureaucrates sans visage de la Beltway et les agents de l&rsquo;\u00c9tat Profond, est un empire d&rsquo;\u00c9tats ruin\u00e9s o\u00f9 les anciens \u00c9tats-Unis puissent piller les ressources et la production d\u2019un\u00a0 territoire, sans \u00eatre embarrass\u00e9s par l&rsquo;administration et la responsabilit\u00e9 gouvernementale de ce territoire. (<a href=\"https:\/\/www.middleeastmonitor.com\/20221213-syria-regime-again-accuses-us-of-stealing-its-oil\/\">Syria regime again accuses US of stealing its oil \u2013 Middle East Monitor<\/a>&#8211;<\/span><\/p>\n<p>&nbsp;<\/p>\n<p style=\"text-align: justify;\"><span style=\"font-family: times new roman, times, serif; font-size: 14pt;\">Nous voyons ce modus operandi am\u00e9ricain d&rsquo;\u00c9tat failli au Vietnam, au Liban, en Irak, en Syrie, en Libye, en Afghanistan, etc. et bien s\u00fbr&#8230; en Ukraine.<\/span><\/p>\n<p>&nbsp;<\/p>\n<p style=\"text-align: justify;\"><span style=\"font-family: times new roman, times, serif; font-size: 14pt;\">Tout doucement, le monde qui n\u2019est pas l\u2019Occident collectif comprend le cancer de corruption que repr\u00e9sente l&rsquo;\u00ab ordre fond\u00e9 sur des r\u00e8gles \u00bb des USA&#8230; quand ces \u00ab r\u00e8gles \u00bb sont invoqu\u00e9es par nul autre qu&rsquo;Antony Blinken ou quiconque se voit d\u00e9signer par la ploutocratie de Washington pour \u00eatre la t\u00eate parlante qui \u00e9mettra le d\u00e9cret dogmatique de changement de r\u00e9gime d\u00e9cr\u00e9t\u00e9 par l\u2019\u00c9tat-Entreprises. Que ce soit en Syrie, au Venezuela, au Kazakhstan, au Belarus, au Myanmar &#8230; ou en Russie.<\/span><\/p>\n<p>&nbsp;<\/p>\n<p style=\"text-align: justify;\"><span style=\"font-family: times new roman, times, serif; font-size: 14pt;\">Le n\u0153ud du probl\u00e8me&#8230; comment va-t-on pouvoir mettre fin \u00e0 ce <em>d\u00e9sordre fond\u00e9 sur des r\u00e8gles<\/em> U.S. ? L&rsquo;Empire du Mal sera tr\u00e8s probablement d\u00e9truit non par la mort du dollar am\u00e9ricain, mais par sa d\u00e9faite&#8230; la d\u00e9faite et la marginalisation de l\u2019U.S.$ comme monnaie h\u00e9g\u00e9monique mondiale. La marginalisation et l&rsquo;abandon de l\u2019U.S.$, en tant que monnaie de r\u00e9serve, sont souvent th\u00e9oris\u00e9s, mais dans les faits\u00a0; il doit \u00eatre s\u00e9rieusement marginalis\u00e9 <em>en tant que monnaie de r\u00e9serve mondiale,<\/em> avant qu\u2019il soit possible de mettre fin au pouvoir qu\u2019ont les n\u00e9oconservateurs de l\u2019\u00c9tat-de-Guerre de Washington de semer la d\u00e9vastation dans le monde entier.<\/span><\/p>\n<p>&nbsp;<\/p>\n<p style=\"text-align: justify;\"><span style=\"font-family: times new roman, times, serif; font-size: 14pt;\">Lentement, le reste du monde, en dehors de l&rsquo;Occident collectif, s&rsquo;adapte au fait qu&rsquo;il doit effectivement et pragmatiquement r\u00e9duire son utilisation et sa d\u00e9pendance envers le dollar am\u00e9ricain, avant que le pouvoir des n\u00e9oconservateurs de cr\u00e9er des \u00c9tats faillis ne puisse r\u00e9ellement et de force prendre fin. Et quel sera le r\u00e9sultat ?<\/span><\/p>\n<p>&nbsp;<\/p>\n<p style=\"text-align: justify;\"><span style=\"font-family: times new roman, times, serif; font-size: 14pt;\">Lorsque le roi dollar sera rel\u00e9gu\u00e9 au banc des accus\u00e9s, les anciens \u00c9tats-Unis ne pourront plus s&rsquo;engager dans leurs guerres, leurs provocations par int\u00e9r\u00eat personnel, et ne pourront, donc, plus poursuivre leur programme de cr\u00e9ation d&rsquo;\u00c9tats faillis. M\u00eame les sanctions \u00e9conomiques du Tr\u00e9sor am\u00e9ricain et de l&rsquo;UE n&rsquo;auront plus aucune importance pour leurs adversaires, comme nous voyons que cela se passe avec la Russie et l&rsquo;Iran qui survivent et prosp\u00e8rent aujourd\u2019hui, en d\u00e9pit des sanctions actuelles du Tr\u00e9sor am\u00e9ricain.<\/span><\/p>\n<p>&nbsp;<\/p>\n<p style=\"text-align: justify;\"><span style=\"font-family: times new roman, times, serif; font-size: 14pt;\">En conclusion, \u00e0 l&rsquo;avenir, lorsque le dollar am\u00e9ricain sera rel\u00e9gu\u00e9 et marginalis\u00e9 en tant que monnaie de r\u00e9serve mondiale, les \u00c9tats-Unis seront rel\u00e9gu\u00e9s au rang d\u2019ex-puissance, tout comme, avant eux, l\u2019ont \u00e9t\u00e9 la Grande-Bretagne, Rome et d&rsquo;autres empires. Les \u00c9tats-Unis seront concurrenc\u00e9s se retrouveront\u00a0; impuissants, face au pacte sino-russe et aux BRICS, le dollar U.S. repr\u00e9sentant peut-\u00eatre encore quelque 50 % des \u00e9changes mon\u00e9taires mondiaux, voire moins. Ce jour arrive, c\u2019est certain.<\/span><\/p>\n<p>&nbsp;<\/p>\n<p style=\"text-align: justify;\"><span style=\"font-family: times new roman, times, serif; font-size: 14pt;\">Et lorsque tout cela sera devenu r\u00e9alit\u00e9 &#8211; c&rsquo;est-\u00e0-dire lorsque les \u00c9tats-Unis n&rsquo;auront pas plus de pouvoir g\u00e9opolitique que la Turquie, l&rsquo;Inde ou la Chine, alors l&rsquo;h\u00e9ritage n\u00e9ocon du mal sera enfin enterr\u00e9, pour toujours.<\/span><\/p>\n<p>&nbsp;<\/p>\n<p style=\"text-align: justify;\"><span style=\"font-family: times new roman, times, serif; font-size: 14pt;\">___________________<\/span><\/p>\n<p style=\"text-align: justify;\"><span style=\"font-family: times new roman, times, serif; font-size: 14pt;\">*<span style=\"font-size: 12pt;\">La question de savoir si les \u00c9tats-Unis tels qu&rsquo;ils ont \u00e9t\u00e9 fond\u00e9s existent encore depuis le coup d&rsquo;\u00c9tat meurtrier du 22 novembre 1963, est mati\u00e8re \u00e0 d\u00e9bat, d&rsquo;o\u00f9 l&rsquo;expression \u00ab\u00a0anciens \u00c9tats-Unis\u00a0\u00bb : (<a href=\"https:\/\/novusconfidential.wordpress.com\/2022\/06\/19\/big-reveal-on-jfk-missed\/\">Big Reveal on JFK Missed | Novus Confidential (wordpress.com)<\/a><\/span><\/span><\/p>\n<p>&nbsp;<\/p>\n<p>&nbsp;<\/p>\n<p style=\"text-align: left;\"><strong><span style=\"font-family: times new roman, times, serif; font-size: 18pt;\">URL de cet article : <\/span><\/strong><a href=\"http:\/\/blog.lesgrossesorchadeslesamplesthalameges.fr\/index.php\/les-neocons-peuvent-etre-ecartes-du-pouvoir-par-la-force\/\"><span style=\"font-family: times new roman, times, serif; font-size: 18pt;\">http:\/\/blog.lesgrossesorchadeslesamplesthalameges.fr\/index.php\/les-neocons-peuvent-etre-ecartes-du-pouvoir-par-la-force\/<\/span><\/a><strong><span style=\"font-family: times new roman, times, serif; font-size: 18pt;\"><br \/>\n<\/span><\/strong><\/p>\n<p>&nbsp;<\/p>\n<p>&nbsp;<\/p>\n<p>&nbsp;<\/p>\n<p style=\"text-align: center;\"><a href=\"http:\/\/blog.lesgrossesorchadeslesamplesthalameges.fr\/index.php\/les-chefs-militaires-disrael-ont-attise-une-nouvelle-vague-dattaques-terroristes-et-ils-le-savaient\/000-dangerous-times-23\/\" rel=\"attachment wp-att-21917\"><img loading=\"lazy\" class=\"alignnone size-full wp-image-21917\" src=\"http:\/\/blog.lesgrossesorchadeslesamplesthalameges.fr\/wp-content\/uploads\/2023\/01\/000.-dangerous-times-1.gif\" alt=\"\" width=\"70\" height=\"63\" \/><\/a><\/p>\n<p>&nbsp;<\/p>\n<p>&nbsp;<\/p>\n<p style=\"text-align: right;\"><span style=\"font-family: comic sans ms, sans-serif; font-size: 14pt;\">Janvier 2023<\/span><\/p>\n<p>&nbsp;<\/p>\n<p>&nbsp;<\/p>\n","protected":false},"excerpt":{"rendered":"<p>&nbsp; &nbsp; &nbsp; &nbsp; &nbsp; &nbsp; &nbsp; &nbsp; Les n\u00e9ocons peuvent \u00eatre \u00e9cart\u00e9s du pouvoir par la force. &nbsp; &nbsp; Steve Brown \u2013 TheDuran \u2013 27.1.2023 &nbsp; Traduction\u00a0: c.l. pour L.G.O. \u00a0 &nbsp; &nbsp; Vous serez bient\u00f4t un des n\u00f4tres (avant et apr\u00e8s) &nbsp; &nbsp; &nbsp; Il y a des lustres (2019), dans l&rsquo;article intitul\u00e9&#8230;<\/p>\n","protected":false},"author":1,"featured_media":0,"parent":0,"menu_order":0,"comment_status":"open","ping_status":"open","template":"","meta":[],"_links":{"self":[{"href":"https:\/\/blog.lesgrossesorchadeslesamplesthalameges.fr\/index.php\/wp-json\/wp\/v2\/pages\/21956"}],"collection":[{"href":"https:\/\/blog.lesgrossesorchadeslesamplesthalameges.fr\/index.php\/wp-json\/wp\/v2\/pages"}],"about":[{"href":"https:\/\/blog.lesgrossesorchadeslesamplesthalameges.fr\/index.php\/wp-json\/wp\/v2\/types\/page"}],"author":[{"embeddable":true,"href":"https:\/\/blog.lesgrossesorchadeslesamplesthalameges.fr\/index.php\/wp-json\/wp\/v2\/users\/1"}],"replies":[{"embeddable":true,"href":"https:\/\/blog.lesgrossesorchadeslesamplesthalameges.fr\/index.php\/wp-json\/wp\/v2\/comments?post=21956"}],"version-history":[{"count":9,"href":"https:\/\/blog.lesgrossesorchadeslesamplesthalameges.fr\/index.php\/wp-json\/wp\/v2\/pages\/21956\/revisions"}],"predecessor-version":[{"id":21965,"href":"https:\/\/blog.lesgrossesorchadeslesamplesthalameges.fr\/index.php\/wp-json\/wp\/v2\/pages\/21956\/revisions\/21965"}],"wp:attachment":[{"href":"https:\/\/blog.lesgrossesorchadeslesamplesthalameges.fr\/index.php\/wp-json\/wp\/v2\/media?parent=21956"}],"curies":[{"name":"wp","href":"https:\/\/api.w.org\/{rel}","templated":true}]}}