{"id":21969,"date":"2023-01-31T23:14:11","date_gmt":"2023-01-31T22:14:11","guid":{"rendered":"http:\/\/blog.lesgrossesorchadeslesamplesthalameges.fr\/?page_id=21969"},"modified":"2023-01-31T23:15:36","modified_gmt":"2023-01-31T22:15:36","slug":"loccident-se-demilitarise-via-lukraine-quelquun-a-t-il-pense-a-ca","status":"publish","type":"page","link":"https:\/\/blog.lesgrossesorchadeslesamplesthalameges.fr\/index.php\/loccident-se-demilitarise-via-lukraine-quelquun-a-t-il-pense-a-ca\/","title":{"rendered":"L&rsquo;Occident se d\u00e9militarise via l&rsquo;Ukraine. Quelqu&rsquo;un a-t-il pens\u00e9 \u00e0 \u00e7a ?"},"content":{"rendered":"<p>&nbsp;<\/p>\n<p>&nbsp;<\/p>\n<p>&nbsp;<\/p>\n<p>&nbsp;<\/p>\n<p>&nbsp;<\/p>\n<p>&nbsp;<\/p>\n<p>&nbsp;<\/p>\n<p>&nbsp;<\/p>\n<p style=\"text-align: center;\"><strong><span style=\"font-family: times new roman, times, serif; font-size: 36pt;\">L&rsquo;Occident se d\u00e9militarise via l&rsquo;Ukraine. Quelqu&rsquo;un a-t-il pens\u00e9 \u00e0 \u00e7a ?<\/span><\/strong><\/p>\n<p>&nbsp;<\/p>\n<p>&nbsp;<\/p>\n<p style=\"text-align: center;\"><strong><span style=\"font-family: times new roman, times, serif; font-size: 18pt;\">Seraphim Hanish \u2013 <em>TheDuran <\/em>\u2013 26.1.2023<\/span><\/strong><\/p>\n<p>&nbsp;<\/p>\n<p style=\"text-align: center;\"><span style=\"font-family: times new roman, times, serif; font-size: 18pt;\">Traduction\u00a0: <strong><em>L.G.O.<\/em><\/strong><\/span><\/p>\n<p>&nbsp;<\/p>\n<p>&nbsp;<\/p>\n<p>&nbsp;<\/p>\n<p style=\"text-align: center;\"><a href=\"http:\/\/blog.lesgrossesorchadeslesamplesthalameges.fr\/index.php\/2023\/01\/31\/pris-dans-les-filets-3\/21-hanish\/\" rel=\"attachment wp-att-21892\"><img loading=\"lazy\" class=\"alignnone wp-image-21892 size-full\" src=\"http:\/\/blog.lesgrossesorchadeslesamplesthalameges.fr\/wp-content\/uploads\/2023\/01\/21.-HANISH.jpg\" alt=\"\" width=\"600\" height=\"324\" srcset=\"https:\/\/blog.lesgrossesorchadeslesamplesthalameges.fr\/wp-content\/uploads\/2023\/01\/21.-HANISH.jpg 600w, https:\/\/blog.lesgrossesorchadeslesamplesthalameges.fr\/wp-content\/uploads\/2023\/01\/21.-HANISH-300x162.jpg 300w\" sizes=\"(max-width: 600px) 100vw, 600px\" \/><\/a><\/p>\n<p>&nbsp;<\/p>\n<p>&nbsp;<\/p>\n<p style=\"text-align: justify;\"><span style=\"font-family: times new roman, times, serif; font-size: 14pt;\">.<\/span><\/p>\n<p style=\"text-align: justify;\"><span style=\"font-family: times new roman, times, serif; font-size: 14pt;\"><a href=\"https:\/\/en.wikipedia.org\/wiki\/List_of_foreign_aid_to_Ukraine_during_the_Russo-Ukrainian_War\">Wikipedia donne une liste<\/a> des \u00ab\u00a0contributions\u00a0\u00bb que les nations du monde entier ont apport\u00e9es \u00e0 l&rsquo;Ukraine sous forme d&rsquo;aide humanitaire et\/ou militaire. Bien que Wikip\u00e9dia elle-m\u00eame soit souvent sujette \u00e0 des \u00ab\u00a0influences\u00a0\u00bb et produise, par cons\u00e9quent, des rapports biais\u00e9s, il semble que les informations qu\u2019elle pr\u00e9sente ici soient un tableau \u00e9quitable de ce qui se passe.<\/span><\/p>\n<p>&nbsp;<\/p>\n<p style=\"text-align: justify;\"><span style=\"font-family: times new roman, times, serif; font-size: 14pt;\">Nombre de nos propres rapports, souvent remarqu\u00e9s par notre r\u00e9dacteur Alex Christoforou, soulignent que tout ce \u00ab\u00a0pompage d&rsquo;armes\u00a0\u00bb repr\u00e9sente, en fait, un \u00e9norme boom pour le complexe militaro-industriel, car l&rsquo;utilisation d&rsquo;\u00e9normes quantit\u00e9s d&rsquo;armes stock\u00e9es entra\u00eene la liquidation des stocks.<\/span><\/p>\n<p>&nbsp;<\/p>\n<p style=\"text-align: justify;\"><span style=\"font-family: times new roman, times, serif; font-size: 14pt;\">Il en r\u00e9sulte alors une forte demande de nouvelles choses qui font boum.<\/span><\/p>\n<p>&nbsp;<\/p>\n<p style=\"text-align: justify;\"><span style=\"font-family: times new roman, times, serif; font-size: 14pt;\">Simultan\u00e9ment, pourtant, les rapports ne cessent d&rsquo;insister sur le fait que le plus grand fournisseur d&rsquo;armes du monde \u2013 les \u00c9tats-Unis \u2013 est incapable de produire des armes \u00e0 un rythme comparable \u00e0 celui qui serait n\u00e9cessaire pour reconstituer les stocks utilis\u00e9s sur les champs de bataille de l&rsquo;Ukraine orientale et de tout le pays. Simultan\u00e9ment aussi, on nus apprend que la capacit\u00e9 de fabrication d&rsquo;armes de la Russie a \u00e9t\u00e9 mobilis\u00e9e en rapport avec les conditions de guerre et, d&rsquo;apr\u00e8s l&rsquo;activit\u00e9 de la guerre elle-m\u00eame, la Russie para\u00eet n&rsquo;avoir aucun probl\u00e8me pour fournir une l\u00e9talit\u00e9 abondante aux batailles, sans avoir le sentiment de devoir m\u00e9nager ses armes, mais en se souciant en revanche de conserver la partie essentielle \u00e0 toute force militaire &#8211; les hommes qui les utilisent.<\/span><\/p>\n<p>&nbsp;<\/p>\n<p style=\"text-align: justify;\"><span style=\"font-family: times new roman, times, serif; font-size: 14pt;\">Alors que la Russie fait preuve de cette approche apparemment raisonnable, l&rsquo;Ukraine semble, pour sa part, jeter hommes et machines p\u00eale-m\u00eale dans le maelstr\u00f6m qui les d\u00e9truit en grand nombre.<\/span><\/p>\n<p>&nbsp;<\/p>\n<p style=\"text-align: justify;\"><span style=\"font-family: times new roman, times, serif; font-size: 14pt;\">L&rsquo;image qui vient \u00e0 l&rsquo;esprit est \u00e0 peu pr\u00e8s la suivante :<\/span><\/p>\n<p>&nbsp;<\/p>\n<p>&nbsp;<\/p>\n<p>&nbsp;<\/p>\n<p style=\"text-align: center;\"><span style=\"font-family: times new roman, times, serif; font-size: 14pt;\"><iframe loading=\"lazy\" title=\"YouTube video player\" src=\"\/\/www.youtube.com\/embed\/BHdnh-56TUM\" width=\"560\" height=\"315\" frameborder=\"0\" allowfullscreen=\"allowfullscreen\"><\/iframe><\/span><\/p>\n<p>&nbsp;<\/p>\n<p>&nbsp;<\/p>\n<p>&nbsp;<\/p>\n<p style=\"text-align: justify;\"><span style=\"font-family: times new roman, times, serif; font-size: 14pt;\">Dieu merci, cette vid\u00e9o ne montre que du m\u00e9tal d\u00e9chiquet\u00e9. Mais l&rsquo;Ukraine continue \u00e0 mobiliser et, selon les rapports, envoie des gens en masse vers un destin tr\u00e8s proche de celui-ci.<\/span><\/p>\n<p>&nbsp;<\/p>\n<p style=\"text-align: justify;\"><span style=\"font-family: times new roman, times, serif; font-size: 14pt;\">O\u00f9 tout cela m\u00e8ne-t-il les \u00c9tats-Unis et l&rsquo;Europe ? C&rsquo;est une question qui est devenue des plus int\u00e9ressante, car si les rapports sont vrais, \u00e0 savoir que la machine militaire am\u00e9ricaine n&rsquo;est pas capable de produire de grandes quantit\u00e9s d&rsquo;armes et de munitions en peu de temps, cela signifie que l&rsquo;Occident est en train d\u2019\u00eatre d\u00e9sarm\u00e9 par la Russie.<\/span><\/p>\n<p>&nbsp;<\/p>\n<p style=\"text-align: justify;\"><span style=\"font-family: times new roman, times, serif; font-size: 14pt;\">Un peu comme dans \u00ab\u00a0le suicide par la police\u00a0\u00bb.<\/span><\/p>\n<p>&nbsp;<\/p>\n<p style=\"text-align: justify;\"><span style=\"font-family: times new roman, times, serif; font-size: 14pt;\">L\u2019\u00e9trange nouvelle semble extraordinairement irrationnelle.<\/span><\/p>\n<p>&nbsp;<\/p>\n<p style=\"text-align: justify;\"><span style=\"font-family: times new roman, times, serif; font-size: 14pt;\">Elle fait \u00e9galement la une de certains m\u00e9dias occidentaux, comme le montre ce passage du <em>Financial Times<\/em> publi\u00e9 le 2 d\u00e9cembre (c&rsquo;est moi qui souligne) :<\/span><\/p>\n<p style=\"text-align: justify;\"><span style=\"font-family: times new roman, times, serif; font-size: 14pt;\"><em>\u00a0<\/em><\/span><\/p>\n<p style=\"text-align: justify; padding-left: 120px;\"><span style=\"font-family: times new roman, times, serif; font-size: 14pt;\"><em>Ce qui est en jeu, c&rsquo;est non seulement la capacit\u00e9 de l&rsquo;Occident \u00e0 continuer de fournir \u00e0 l&rsquo;Ukraine les armes dont elle a besoin, mais aussi la capacit\u00e9 des alli\u00e9s \u00e0 montrer \u00e0 des adversaires tels que la Chine qu&rsquo;ils disposent d&rsquo;une base industrielle capable de produire suffisamment d&rsquo;armes pour monter une d\u00e9fense cr\u00e9dible contre une \u00e9ventuelle attaque.<\/em><\/span><\/p>\n<p>&nbsp;<\/p>\n<p style=\"text-align: justify; padding-left: 120px;\"><span style=\"font-family: times new roman, times, serif; font-size: 14pt;\"><em>\u00ab\u00a0L&rsquo;Ukraine a attir\u00e9 notre attention sur ce qui compte vraiment\u00a0\u00bb, a d\u00e9clar\u00e9 William LaPlante, le principal acheteur d&rsquo;armes du Pentagone, lors d&rsquo;une r\u00e9cente conf\u00e9rence \u00e0 l&rsquo;universit\u00e9 George Mason. \u00ab\u00a0Ce qui compte, c&rsquo;est la production. La production compte vraiment.\u00a0\u00bb<\/em><\/span><\/p>\n<p>&nbsp;<\/p>\n<p style=\"text-align: justify; padding-left: 120px;\"><span style=\"font-family: times new roman, times, serif; font-size: 14pt;\"><em>Apr\u00e8s avoir envoy\u00e9 plus de 40 milliards de dollars de soutien militaire \u00e0 l&rsquo;Ukraine, principalement \u00e0 partir des stocks existants, les minist\u00e8res de la D\u00e9fense des membres de l&rsquo;OTAN d\u00e9couvrent que les cha\u00eenes de production d&rsquo;armes qui sont en sommeil ne peuvent pas \u00eatre remises en marche du jour au lendemain. L&rsquo;augmentation des capacit\u00e9s n\u00e9cessite des investissements qui, \u00e0 leur tour, d\u00e9pendent de l&rsquo;obtention de contrats de production \u00e0 long terme.<\/em><\/span><\/p>\n<p>&nbsp;<\/p>\n<p style=\"text-align: justify; padding-left: 120px;\"><span style=\"font-family: times new roman, times, serif; font-size: 14pt;\"><strong><em>Les \u00c9tats-Unis ont envoy\u00e9 environ un tiers de leur stock de missiles antichars Javelin \u00e0 l&rsquo;Ukraine et un tiers de leur stock de missiles antia\u00e9riens Stinger<\/em><\/strong><em>. Mais il est peu probable qu&rsquo;ils puissent les remplacer rapidement. \u00ab\u00a0Il ne fait aucun doute que&#8230;. [approvisionner l&rsquo;Ukraine] a mis la pression sur notre base industrielle de d\u00e9fense\u00a0\u00bb, a d\u00e9clar\u00e9 le mois dernier Colin Kahl, sous-secr\u00e9taire U.S. \u00e0 la D\u00e9fense pour la politique.<\/em><\/span><\/p>\n<p>&nbsp;<\/p>\n<p style=\"text-align: justify;\"><span style=\"font-family: times new roman, times, serif; font-size: 14pt;\">Cet article est tr\u00e8s instructif, car il est embl\u00e9matique de la mani\u00e8re dont ce probl\u00e8me se manifeste dans toute l&rsquo;Europe. Il montre aussi \u00e0 quel point les puissances occidentales ont du mal \u00e0 admettre la r\u00e9alit\u00e9. Une statistique \u00e9tonnante appara\u00eet dans cet article :<\/span><\/p>\n<p>&nbsp;<\/p>\n<p style=\"text-align: justify; padding-left: 120px;\"><span style=\"font-family: times new roman, times, serif; font-size: 14pt;\"><em>Au cours des combats intenses qui se sont d\u00e9roul\u00e9s dans l&rsquo;est du Donbass cet \u00e9t\u00e9, la Russie a utilis\u00e9 plus de munitions en deux jours que l&rsquo;arm\u00e9e britannique n&rsquo;en a en stock.<\/em><\/span><\/p>\n<p>&nbsp;<\/p>\n<p style=\"text-align: justify;\"><span style=\"font-family: times new roman, times, serif; font-size: 14pt;\">Ce que cela nous montre est un myst\u00e8re. Il semble que si le complexe militaro-industriel a une \u00ab\u00a0cause\u00a0\u00bb pour lui faire gagner d&rsquo;\u00e9normes sommes d&rsquo;argent gr\u00e2ce \u00e0 des \u00ab\u00a0accords de crise\u00a0\u00bb, ceux-ci ne semblent pas avoir lieu, et donc, l&rsquo;Occident se d\u00e9sarme.<\/span><\/p>\n<p>&nbsp;<\/p>\n<p style=\"text-align: justify;\"><span style=\"font-family: times new roman, times, serif; font-size: 14pt;\">Cela me fait penser \u00e0 un des points tr\u00e8s int\u00e9ressants que le pr\u00e9sident Vladimir Poutine a soulev\u00e9 dans son discours sur le lancement de l&rsquo;Op\u00e9ration Militaire Sp\u00e9ciale. <a href=\"https:\/\/theduran.com\/full-text-address-by-the-president-of-the-russian-federation-video\/\">Il a conseill\u00e9 \u00e0 l&rsquo;Occident de ne pas s\u2019en m\u00ealer<\/a> :<\/span><\/p>\n<p>&nbsp;<\/p>\n<p style=\"text-align: justify; padding-left: 120px;\"><span style=\"font-family: times new roman, times, serif; font-size: 14pt;\"><em>Je voudrais maintenant dire quelque chose de tr\u00e8s important \u00e0 l&rsquo;intention de ceux qui pourraient, de l\u2019ext\u00e9rieur, \u00eatre tent\u00e9s de s&rsquo;immiscer dans ces d\u00e9veloppements. <strong>Peu importent ceux qui tentent de se mettre en travers de notre chemin ou, plus encore, de constituer des menaces pour notre pays et notre peuple\u00a0: ils doivent savoir que la Russie r\u00e9pondra imm\u00e9diatement, et que les cons\u00e9quences seront telles qu\u2019ils n&rsquo;en ont jamais vu dans toute leur histoire. Quelle que soit la fa\u00e7on dont les \u00e9v\u00e9nements se d\u00e9rouleront, nous sommes pr\u00eats. <\/strong>Toutes les d\u00e9cisions n\u00e9cessaires \u00e0 cet \u00e9gard ont \u00e9t\u00e9 prises. J&rsquo;esp\u00e8re que mes paroles seront entendues.<\/em><\/span><\/p>\n<p style=\"text-align: justify;\"><span style=\"font-family: times new roman, times, serif; font-size: 14pt;\"><em>\u00a0<\/em><\/span><\/p>\n<p style=\"text-align: justify;\"><span style=\"font-family: times new roman, times, serif; font-size: 14pt;\">Au fur et \u00e0 mesure que la situation \u00e9volue, il appara\u00eet de plus en plus clairement que le pr\u00e9sident Poutine avait et a raison. Lui et son pays sont et ont \u00e9t\u00e9 pr\u00e9par\u00e9s \u00e0 cela.<\/span><\/p>\n<p>&nbsp;<\/p>\n<p style=\"text-align: justify;\"><span style=\"font-family: times new roman, times, serif; font-size: 14pt;\"><strong>L&rsquo;Occident (de plus en plus impie) se flanque de mani\u00e8re insens\u00e9e la t\u00eate contre le rocher, ce rocher \u00e9tant \u00e9videmment la Russie.<\/strong><\/span><\/p>\n<p>&nbsp;<\/p>\n<p style=\"text-align: justify;\"><span style=\"font-family: times new roman, times, serif; font-size: 14pt;\">La foi chr\u00e9tienne orthodoxe de la Russie (qui est actuellement profan\u00e9e en Ukraine, dans la fausse structure eccl\u00e9siastique que Bartholom\u00e9e Ier a \u00e9t\u00e9 incit\u00e9 par l&rsquo;argent am\u00e9ricain \u00e0 cr\u00e9er en 2018), insiste pour dire au monde que la Russie tracera son propre chemin dans l&rsquo;histoire. Ce point particulier scandalisera sans doute les lecteurs occidentaux \u00ab\u00a0rationnels\u00a0\u00bb (et quelques Russes, qui n&rsquo;aiment pas non plus l&rsquo;\u00c9glise !)\u00a0; mais il est au centre m\u00eame de ce conflit. Une nation fortement align\u00e9e sur le christianisme est un grand double \u00ab\u00a0non\u00a0\u00bb \u00e0 notre \u00ab\u00a0monde moderne\u00a0\u00bb (du moins selon le globalisme la\u00efc occidental) et toute nation qui peut \u00eatre \u00e0 la fois religieuse ET \u00e9conomiquement et militairement puissante, d&amp;passe toutes les limites et doit \u00eatre d\u00e9truite.<\/span><\/p>\n<p>&nbsp;<\/p>\n<p style=\"text-align: justify;\"><span style=\"font-family: times new roman, times, serif; font-size: 14pt;\">Le seul probl\u00e8me c\u2019est qu&rsquo;il est difficile de vaincre Dieu Lui-m\u00eame. Personne ne l&rsquo;a jamais fait, m\u00eame si beaucoup ont essay\u00e9.<\/span><\/p>\n<p style=\"text-align: center;\"><a href=\"http:\/\/blog.lesgrossesorchadeslesamplesthalameges.fr\/index.php\/2023\/01\/21\/et-bonne-annee-du-lievre-a-tous\/000-vers-le-bas-fleche-rouge-gif-copie-30\/\" rel=\"attachment wp-att-21635\"><img loading=\"lazy\" class=\"alignnone size-full wp-image-21635\" src=\"http:\/\/blog.lesgrossesorchadeslesamplesthalameges.fr\/wp-content\/uploads\/2023\/01\/000.-vers-le-bas-fleche-rouge-GIF-Copie-1.gif\" alt=\"\" width=\"100\" height=\"100\" \/><\/a><\/p>\n<p style=\"text-align: center;\"><span style=\"font-family: times new roman, times, serif; font-size: 14pt;\"><a href=\"https:\/\/www.youtube.com\/watch?v=66cSBS-_0-M&amp;t=1s\"><strong><span style=\"font-size: 18pt;\">\u041f\u0456\u0441\u043d\u0456<\/span><\/strong><span style=\"font-size: 18pt;\"> <strong>\u043f\u0440\u043e<\/strong> <strong>\u0432\u0431\u0438\u0432\u0441\u0442\u0432\u043e<\/strong> <strong>\u0443<\/strong> <strong>\u041b\u0430\u0432\u0440\u0456<\/strong><strong>, <\/strong><strong>\u041f\u0443\u0442\u0456\u043d<\/strong> <strong>\u0442\u0430<\/strong> <strong>\u044f\u0437\u0438\u0447\u043d\u0438\u0446\u0442\u0432\u043e<\/strong> <strong>\u0443<\/strong> <strong>\u0445\u0440\u0430\u043c\u0430\u0445<\/strong><strong>: <\/strong><strong>\u0449\u043e<\/strong> <strong>\u0447\u0435\u043a\u0430\u0454<\/strong> <strong>\u043d\u0430<\/strong> <strong>\u0445\u0440\u0438\u0441\u0442\u0438\u044f\u043d<\/strong> <strong>\u0432<\/strong> <strong>\u0423\u043a\u0440\u0430\u0457\u043d\u0456<\/strong><strong>? &#8211; YouTube<\/strong><\/span><\/a><\/span><\/p>\n<p>&nbsp;<\/p>\n<p>&nbsp;<\/p>\n<p style=\"text-align: left;\"><span style=\"font-family: times new roman, times, serif; font-size: 14pt;\">Source :\u00a0<a href=\"https:\/\/theduran.com\/the-west-is-demilitarizing-itself-via-ukraine-has-anyone-thought-of-this-video\/\">The West is demilitarizing itself via Ukraine. Has anyone thought of this? [Video] \u2013 The Duran<\/a><\/span><\/p>\n<p>&nbsp;<\/p>\n<p>&nbsp;<\/p>\n<p style=\"text-align: center;\"><strong><a href=\"http:\/\/blog.lesgrossesorchadeslesamplesthalameges.fr\/index.php\/les-chefs-militaires-disrael-ont-attise-une-nouvelle-vague-dattaques-terroristes-et-ils-le-savaient\/000-dangerous-times-23\/\" rel=\"attachment wp-att-21917\"><img loading=\"lazy\" class=\"alignnone size-full wp-image-21917\" src=\"http:\/\/blog.lesgrossesorchadeslesamplesthalameges.fr\/wp-content\/uploads\/2023\/01\/000.-dangerous-times-1.gif\" alt=\"\" width=\"70\" height=\"63\" \/><\/a><\/strong><\/p>\n<p>&nbsp;<\/p>\n<p>&nbsp;<\/p>\n<p style=\"text-align: justify;\"><span style=\"font-family: comic sans ms, sans-serif; font-size: 12pt;\">Les ath\u00e9es, les cathos, les pr\u00e9tendus r\u00e9form\u00e9s, les musulmans et les bouddhistes auront du mal \u00e0 d\u00e9m\u00ealer les orthodoxes russes des ukrainiens, mais \u00e9tant donn\u00e9 qu\u2019ici Vladimir Poutine joue, \u00e0 l\u2019int\u00e9rieur d\u2019une \u00e9glise, le r\u00f4le de chef des diables vou\u00e9s \u00e0 l\u2019enfer, on suppose que l\u2019\u00e9glise et la vid\u00e9o sont ukrainiennes.<\/span><\/p>\n<p>&nbsp;<\/p>\n<p style=\"text-align: justify;\"><span style=\"font-family: comic sans ms, sans-serif;\">Quant aux Ukrainiens envoy\u00e9s d&rsquo;un coeur l\u00e9ger dans la machine \u00e0 broyer par le toxicomane au ticheurte vert-de-gris, le lieutenant-colonel Donald MacGregor les estime \u00e0 680.000&#8230; \u00e0 ce jour.<\/span><\/p>\n<p>&nbsp;<\/p>\n<p>&nbsp;<\/p>\n<p style=\"text-align: center;\"><strong><a href=\"http:\/\/blog.lesgrossesorchadeslesamplesthalameges.fr\/index.php\/les-chefs-militaires-disrael-ont-attise-une-nouvelle-vague-dattaques-terroristes-et-ils-le-savaient\/000-dangerous-times-23\/\" rel=\"attachment wp-att-21917\"><img loading=\"lazy\" class=\"alignnone size-full wp-image-21917\" src=\"http:\/\/blog.lesgrossesorchadeslesamplesthalameges.fr\/wp-content\/uploads\/2023\/01\/000.-dangerous-times-1.gif\" alt=\"\" width=\"70\" height=\"63\" \/><\/a><\/strong><\/p>\n<p>&nbsp;<\/p>\n<p>&nbsp;<\/p>\n<p style=\"text-align: left;\"><span style=\"font-family: times new roman, times, serif; font-size: 14pt;\"><strong>URL de cet article : <\/strong><a href=\"http:\/\/blog.lesgrossesorchadeslesamplesthalameges.fr\/index.php\/loccident-se-demilitarise-via-lukraine-quelquun-a-t-il-pense-a-ca\/\">http:\/\/blog.lesgrossesorchadeslesamplesthalameges.fr\/index.php\/loccident-se-demilitarise-via-lukraine-quelquun-a-t-il-pense-a-ca\/<\/a><strong><br \/>\n<\/strong><\/span><\/p>\n<p><span style=\"font-family: times new roman, times, serif; font-size: 14pt;\"><strong>\u00a0<\/strong><\/span><\/p>\n<p>&nbsp;<\/p>\n<p style=\"text-align: right;\"><span style=\"font-family: comic sans ms, sans-serif; font-size: 14pt;\">Janvier 2023<\/span><\/p>\n<p>&nbsp;<\/p>\n<p>&nbsp;<\/p>\n","protected":false},"excerpt":{"rendered":"<p>&nbsp; &nbsp; &nbsp; &nbsp; &nbsp; &nbsp; &nbsp; &nbsp; L&rsquo;Occident se d\u00e9militarise via l&rsquo;Ukraine. Quelqu&rsquo;un a-t-il pens\u00e9 \u00e0 \u00e7a ? &nbsp; &nbsp; Seraphim Hanish \u2013 TheDuran \u2013 26.1.2023 &nbsp; Traduction\u00a0: L.G.O. &nbsp; &nbsp; &nbsp; &nbsp; &nbsp; . Wikipedia donne une liste des \u00ab\u00a0contributions\u00a0\u00bb que les nations du monde entier ont apport\u00e9es \u00e0 l&rsquo;Ukraine sous forme d&rsquo;aide&#8230;<\/p>\n","protected":false},"author":1,"featured_media":0,"parent":0,"menu_order":0,"comment_status":"closed","ping_status":"open","template":"","meta":[],"_links":{"self":[{"href":"https:\/\/blog.lesgrossesorchadeslesamplesthalameges.fr\/index.php\/wp-json\/wp\/v2\/pages\/21969"}],"collection":[{"href":"https:\/\/blog.lesgrossesorchadeslesamplesthalameges.fr\/index.php\/wp-json\/wp\/v2\/pages"}],"about":[{"href":"https:\/\/blog.lesgrossesorchadeslesamplesthalameges.fr\/index.php\/wp-json\/wp\/v2\/types\/page"}],"author":[{"embeddable":true,"href":"https:\/\/blog.lesgrossesorchadeslesamplesthalameges.fr\/index.php\/wp-json\/wp\/v2\/users\/1"}],"replies":[{"embeddable":true,"href":"https:\/\/blog.lesgrossesorchadeslesamplesthalameges.fr\/index.php\/wp-json\/wp\/v2\/comments?post=21969"}],"version-history":[{"count":10,"href":"https:\/\/blog.lesgrossesorchadeslesamplesthalameges.fr\/index.php\/wp-json\/wp\/v2\/pages\/21969\/revisions"}],"predecessor-version":[{"id":21979,"href":"https:\/\/blog.lesgrossesorchadeslesamplesthalameges.fr\/index.php\/wp-json\/wp\/v2\/pages\/21969\/revisions\/21979"}],"wp:attachment":[{"href":"https:\/\/blog.lesgrossesorchadeslesamplesthalameges.fr\/index.php\/wp-json\/wp\/v2\/media?parent=21969"}],"curies":[{"name":"wp","href":"https:\/\/api.w.org\/{rel}","templated":true}]}}