{"id":21982,"date":"2023-01-31T23:32:29","date_gmt":"2023-01-31T22:32:29","guid":{"rendered":"http:\/\/blog.lesgrossesorchadeslesamplesthalameges.fr\/?page_id=21982"},"modified":"2023-01-31T23:34:29","modified_gmt":"2023-01-31T22:34:29","slug":"leurope-lutte-contre-une-penurie-dramatique-de-medicaments","status":"publish","type":"page","link":"https:\/\/blog.lesgrossesorchadeslesamplesthalameges.fr\/index.php\/leurope-lutte-contre-une-penurie-dramatique-de-medicaments\/","title":{"rendered":"L&rsquo;Europe lutte contre une p\u00e9nurie dramatique de m\u00e9dicaments"},"content":{"rendered":"<h1 style=\"text-align: justify;\"><\/h1>\n<p>&nbsp;<\/p>\n<p>&nbsp;<\/p>\n<p>&nbsp;<\/p>\n<p>&nbsp;<\/p>\n<p>&nbsp;<\/p>\n<p>&nbsp;<\/p>\n<p>&nbsp;<\/p>\n<p>&nbsp;<\/p>\n<p style=\"text-align: center;\"><strong><span style=\"font-family: times new roman, times, serif; font-size: 36pt;\">L&rsquo;Europe lutte contre une p\u00e9nurie dramatique de m\u00e9dicaments<\/span><\/strong><\/p>\n<p>&nbsp;<\/p>\n<p style=\"text-align: center;\"><span style=\"font-family: times new roman, times, serif; font-size: 14pt;\"><em>\u00a0<\/em><\/span><\/p>\n<p style=\"text-align: center;\"><span style=\"font-family: times new roman, times, serif; font-size: 24pt;\"><em>Dans l&rsquo;ensemble de l&rsquo;UE, les produits pharmaceutiques courants tels que les antibiotiques et les analg\u00e9siques pour enfants sont en rupture de stock.<\/em><\/span><\/p>\n<p style=\"text-align: center;\"><span style=\"font-family: times new roman, times, serif; font-size: 14pt;\"><em>\u00a0<\/em><\/span><\/p>\n<p>&nbsp;<\/p>\n<p style=\"text-align: center;\"><span style=\"font-family: times new roman, times, serif; font-size: 18pt;\"><strong><em>Al Mayadeen English \u2013 <\/em><\/strong><strong>30.1.2023<\/strong><\/span><\/p>\n<p>&nbsp;<\/p>\n<p style=\"text-align: center;\"><span style=\"font-family: times new roman, times, serif; font-size: 18pt;\">Source d\u2019origine<em> : <strong>Politico<\/strong><\/em><\/span><\/p>\n<p style=\"text-align: center;\"><span style=\"font-family: times new roman, times, serif; font-size: 18pt;\">Traduction :<strong><em> L.G.O.<\/em><\/strong><\/span><\/p>\n<p style=\"text-align: center;\"><span style=\"font-family: times new roman, times, serif; font-size: 14pt;\"><strong>\u00a0<\/strong><\/span><\/p>\n<p style=\"text-align: justify;\"><span style=\"font-family: times new roman, times, serif; font-size: 14pt;\"><strong>\u00a0<\/strong><\/span><\/p>\n<p>&nbsp;<\/p>\n<p style=\"text-align: center;\"><span style=\"font-family: times new roman, times, serif; font-size: 14pt;\"><a href=\"http:\/\/blog.lesgrossesorchadeslesamplesthalameges.fr\/index.php\/2023\/01\/31\/pris-dans-les-filets-3\/28-medicaments-europe\/\" rel=\"attachment wp-att-21901\"><img loading=\"lazy\" class=\"alignnone wp-image-21901\" src=\"http:\/\/blog.lesgrossesorchadeslesamplesthalameges.fr\/wp-content\/uploads\/2023\/01\/28.-Medicaments-Europe--300x169.jpg\" alt=\"\" width=\"600\" height=\"338\" srcset=\"https:\/\/blog.lesgrossesorchadeslesamplesthalameges.fr\/wp-content\/uploads\/2023\/01\/28.-Medicaments-Europe--300x169.jpg 300w, https:\/\/blog.lesgrossesorchadeslesamplesthalameges.fr\/wp-content\/uploads\/2023\/01\/28.-Medicaments-Europe--768x432.jpg 768w, https:\/\/blog.lesgrossesorchadeslesamplesthalameges.fr\/wp-content\/uploads\/2023\/01\/28.-Medicaments-Europe-.jpg 800w\" sizes=\"(max-width: 600px) 100vw, 600px\" \/><\/a><\/span><\/p>\n<p style=\"text-align: center;\"><span style=\"font-family: times new roman, times, serif; font-size: 12pt;\"><strong><em>Cette photo montre des bo\u00eetes de m\u00e9dicaments sur des \u00e9tag\u00e8res dans une pharmacie \u00e0 Paris, le 19 octobre 2022. (AFP)<\/em><\/strong><\/span><\/p>\n<p>&nbsp;<\/p>\n<p>&nbsp;<\/p>\n<p>&nbsp;<\/p>\n<p style=\"text-align: justify;\"><span style=\"font-family: times new roman, times, serif; font-size: 14pt;\">Depuis la fin de 2022, les pays de l&rsquo;UE ont fait \u00e9tat de difficult\u00e9s consid\u00e9rables pour se procurer des produits pharmaceutiques essentiels, la majorit\u00e9 d&rsquo;entre eux connaissant d\u00e9sormais des p\u00e9nuries.<\/span><\/p>\n<p style=\"text-align: justify;\"><span style=\"font-family: times new roman, times, serif; font-size: 14pt;\">Dans un nouveau rapport, <em>Politico<\/em> \u00e9voque la gravit\u00e9 du probl\u00e8me et, surtout, ce qui est fait pour y rem\u00e9dier.<\/span><\/p>\n<p>&nbsp;<\/p>\n<p>&nbsp;<\/p>\n<p style=\"text-align: left;\"><span style=\"font-family: times new roman, times, serif; font-size: 18pt;\"><strong>L&rsquo;Europe est-elle \u00e0 court de m\u00e9dicaments ?<\/strong><\/span><\/p>\n<p style=\"text-align: justify;\"><span style=\"font-family: times new roman, times, serif; font-size: 14pt;\">Une enqu\u00eate men\u00e9e aupr\u00e8s de groupes repr\u00e9sentant les pharmacies de 29 pays europ\u00e9ens, dont des membres de l&rsquo;UE ainsi que la Turquie, le Kosovo, la Norv\u00e8ge et la Mac\u00e9doine du Nord, a montr\u00e9 que plus d&rsquo;un quart des pays ont signal\u00e9 une p\u00e9nurie de plus de 600 produits pharmaceutiques, tandis que 20 % ont fait \u00e9tat d&rsquo;une p\u00e9nurie de 200 \u00e0 300 m\u00e9dicaments.<\/span><\/p>\n<p style=\"text-align: justify;\"><span style=\"font-family: times new roman, times, serif; font-size: 14pt;\">Les trois quarts des pays ont indiqu\u00e9 que les p\u00e9nuries de cet hiver \u00e9taient pires que celles de l&rsquo;ann\u00e9e pr\u00e9c\u00e9dente. Selon certains groupes, dans quatre nations, les p\u00e9nuries ont \u00e9t\u00e9 la cause de plusieurs d\u00e9c\u00e8s.<\/span><\/p>\n<p style=\"text-align: justify;\"><span style=\"font-family: times new roman, times, serif; font-size: 14pt;\">Ce tableau est \u00e9tay\u00e9 par les donn\u00e9es r\u00e9glementaires. Selon les autorit\u00e9s belges, environ 300 m\u00e9dicaments sont fournis en quantit\u00e9 limit\u00e9e. En Allemagne, ce nombre est de 408, tandis qu&rsquo;en Autriche, plus de 600 m\u00e9dicaments sont indisponibles dans les pharmacies.<\/span><\/p>\n<p style=\"text-align: justify;\"><span style=\"font-family: times new roman, times, serif; font-size: 14pt;\">La liste de l&rsquo;Italie est beaucoup plus longue, comprenant pr\u00e8s de 3.000 m\u00e9dicaments, dont beaucoup sont des versions diff\u00e9rentes d&rsquo;un m\u00eame m\u00e9dicament.<\/span><\/p>\n<p>&nbsp;<\/p>\n<p>&nbsp;<\/p>\n<p style=\"text-align: left;\"><span style=\"font-family: times new roman, times, serif; font-size: 18pt;\"><strong>Large p\u00e9nurie d&rsquo;antibiotiques<\/strong><\/span><\/p>\n<p style=\"text-align: justify;\"><span style=\"font-family: times new roman, times, serif; font-size: 14pt;\">Les antibiotiques sont en p\u00e9nurie d&rsquo;amoxicilline, qui est utilis\u00e9e pour traiter les infections respiratoires. D&rsquo;autres groupes de m\u00e9dicaments, tels que le sirop contre la toux, le parac\u00e9tamol pour enfants et les m\u00e9dicaments pour la tension art\u00e9rielle, sont tout aussi rares.<\/span><\/p>\n<p style=\"text-align: justify;\"><span style=\"font-family: times new roman, times, serif; font-size: 14pt;\">La cause de cette p\u00e9nurie est une combinaison de l&rsquo;augmentation de la demande et de la diminution de l&rsquo;offre.<\/span><\/p>\n<p style=\"text-align: justify;\"><span style=\"font-family: times new roman, times, serif; font-size: 14pt;\">Apr\u00e8s quelques ann\u00e9es paisibles (\u00e0 l&rsquo;exception du COVID-19), cet hiver difficile a pris les fabricants de m\u00e9dicaments au d\u00e9pourvu.<\/span><\/p>\n<p style=\"text-align: justify;\"><span style=\"font-family: times new roman, times, serif; font-size: 14pt;\">L&rsquo;inflation et la mont\u00e9e de la crise \u00e9nerg\u00e9tique ont \u00e9galement pes\u00e9 sur les firmes pharmaceutiques, affectant les approvisionnements.<\/span><\/p>\n<p>&nbsp;<\/p>\n<p style=\"text-align: justify; padding-left: 80px;\"><span style=\"font-family: times new roman, times, serif; font-size: 14pt;\"><strong>Lire la suite :<\/strong> <a href=\"https:\/\/english.almayadeen.net\/news\/health\/patients-are-struggling-to-find-medicine-in-france:-report\">Espagne : Les patients doivent choisir entre manger ou respirer.<\/a><\/span><\/p>\n<p>&nbsp;<\/p>\n<p>&nbsp;<\/p>\n<p style=\"text-align: left;\"><span style=\"font-family: times new roman, times, serif; font-size: 18pt;\"><strong>Minimiser la p\u00e9nurie de m\u00e9dicaments permettra-t-il de r\u00e9soudre la crise ?<\/strong><\/span><\/p>\n<p style=\"text-align: justify;\"><span style=\"font-family: times new roman, times, serif; font-size: 14pt;\">En principe, l&rsquo;UE devrait \u00eatre mieux pr\u00e9par\u00e9e que jamais \u00e0 faire face \u00e0 une crise paneurop\u00e9enne. Elle aurait am\u00e9lior\u00e9 sa l\u00e9gislation pour faire face aux probl\u00e8mes de sant\u00e9 tels que la p\u00e9nurie de m\u00e9dicaments. L&rsquo;<a href=\"https:\/\/european-union.europa.eu\/institutions-law-budget\/institutions-and-bodies\/institutions-and-bodies-profiles\/ema_fr#:~:text=En%20bref&amp;text=L'Agence%20europ%C3%A9enne%20des%20m%C3%A9dicaments,Espace%20%C3%A9conomique%20europ%C3%A9en%20(EEE).\"><strong>EMA<\/strong><\/a> a le pouvoir de surveiller les p\u00e9nuries de m\u00e9dicaments qui se sont \u00e9tendues.<\/span><\/p>\n<p style=\"text-align: justify;\"><span style=\"font-family: times new roman, times, serif; font-size: 14pt;\">Une nouvelle entit\u00e9, l&rsquo;Autorit\u00e9 de pr\u00e9paration et de r\u00e9action en cas d\u2019urgence sanitaire (<a href=\"https:\/\/ec.europa.eu\/info\/law\/better-regulation\/have-your-say\/initiatives\/12870-Autorite-europeenne-de-preparation-et-de-reaction-en-cas-durgence-sanitaire-HERA-_fr\"><strong>HERA<\/strong><\/a>), a \u00e9t\u00e9 cr\u00e9\u00e9e, avec le pouvoir de s\u2019adresser au march\u00e9 et d&rsquo;acheter des produits pharmaceutiques pour l&rsquo;ensemble du bloc. Cependant, tout le monde ne s&rsquo;accorde pas \u00e0 dire que la situation soit encore si mauvaise.<\/span><\/p>\n<p style=\"text-align: justify;\"><span style=\"font-family: times new roman, times, serif; font-size: 14pt;\">Jeudi dernier, l&rsquo;EMA a choisi de ne pas demander \u00e0 la Commission de consid\u00e9rer la p\u00e9nurie d&rsquo;amoxicilline comme un \u00ab\u00a0\u00e9v\u00e9nement majeur\u00a0\u00bb \u2013 ce qui aurait d\u00e9clench\u00e9 une action (limit\u00e9e) \u00e0 l&rsquo;\u00e9chelle de l&rsquo;UE \u2013, affirmant que les mesures actuelles contribuent \u00e0 am\u00e9liorer la situation.<\/span><\/p>\n<p>&nbsp;<\/p>\n<p style=\"text-align: justify;\"><span style=\"font-family: times new roman, times, serif; font-size: 14pt;\">Source : <a href=\"https:\/\/english.almayadeen.net\/news\/health\/europe-battles-a-dramatic-shortage-of-medicine\">Europe battles a dramatic shortage of medicine | Al Mayadeen English<\/a><\/span><\/p>\n<p>&nbsp;<\/p>\n<p style=\"text-align: left;\"><strong><span style=\"font-family: times new roman, times, serif; font-size: 14pt;\">URL de cet article : <\/span><\/strong><a href=\"http:\/\/blog.lesgrossesorchadeslesamplesthalameges.fr\/index.php\/leurope-lutte-contre-une-penurie-dramatique-de-medicaments\/\"><span style=\"font-family: times new roman, times, serif; font-size: 14pt;\">http:\/\/blog.lesgrossesorchadeslesamplesthalameges.fr\/index.php\/leurope-lutte-contre-une-penurie-dramatique-de-medicaments\/<\/span><\/a><\/p>\n<p>&nbsp;<\/p>\n<p>&nbsp;<\/p>\n<p>&nbsp;<\/p>\n<p style=\"text-align: center;\"><a href=\"http:\/\/blog.lesgrossesorchadeslesamplesthalameges.fr\/index.php\/les-chefs-militaires-disrael-ont-attise-une-nouvelle-vague-dattaques-terroristes-et-ils-le-savaient\/000-dangerous-times-23\/\" rel=\"attachment wp-att-21917\"><img loading=\"lazy\" class=\"alignnone size-full wp-image-21917\" src=\"http:\/\/blog.lesgrossesorchadeslesamplesthalameges.fr\/wp-content\/uploads\/2023\/01\/000.-dangerous-times-1.gif\" alt=\"\" width=\"70\" height=\"63\" \/><\/a><\/p>\n<p>&nbsp;<\/p>\n<p>&nbsp;<\/p>\n<p style=\"text-align: right;\"><span style=\"font-family: comic sans ms, sans-serif; font-size: 14pt;\">Janvier 2023<\/span><\/p>\n<p>&nbsp;<\/p>\n<p>&nbsp;<\/p>\n","protected":false},"excerpt":{"rendered":"<p>&nbsp; &nbsp; &nbsp; &nbsp; &nbsp; &nbsp; &nbsp; &nbsp; L&rsquo;Europe lutte contre une p\u00e9nurie dramatique de m\u00e9dicaments &nbsp; \u00a0 Dans l&rsquo;ensemble de l&rsquo;UE, les produits pharmaceutiques courants tels que les antibiotiques et les analg\u00e9siques pour enfants sont en rupture de stock. \u00a0 &nbsp; Al Mayadeen English \u2013 30.1.2023 &nbsp; Source d\u2019origine : Politico Traduction : L.G.O&#8230;.<\/p>\n","protected":false},"author":1,"featured_media":0,"parent":0,"menu_order":0,"comment_status":"open","ping_status":"open","template":"","meta":[],"_links":{"self":[{"href":"https:\/\/blog.lesgrossesorchadeslesamplesthalameges.fr\/index.php\/wp-json\/wp\/v2\/pages\/21982"}],"collection":[{"href":"https:\/\/blog.lesgrossesorchadeslesamplesthalameges.fr\/index.php\/wp-json\/wp\/v2\/pages"}],"about":[{"href":"https:\/\/blog.lesgrossesorchadeslesamplesthalameges.fr\/index.php\/wp-json\/wp\/v2\/types\/page"}],"author":[{"embeddable":true,"href":"https:\/\/blog.lesgrossesorchadeslesamplesthalameges.fr\/index.php\/wp-json\/wp\/v2\/users\/1"}],"replies":[{"embeddable":true,"href":"https:\/\/blog.lesgrossesorchadeslesamplesthalameges.fr\/index.php\/wp-json\/wp\/v2\/comments?post=21982"}],"version-history":[{"count":7,"href":"https:\/\/blog.lesgrossesorchadeslesamplesthalameges.fr\/index.php\/wp-json\/wp\/v2\/pages\/21982\/revisions"}],"predecessor-version":[{"id":21989,"href":"https:\/\/blog.lesgrossesorchadeslesamplesthalameges.fr\/index.php\/wp-json\/wp\/v2\/pages\/21982\/revisions\/21989"}],"wp:attachment":[{"href":"https:\/\/blog.lesgrossesorchadeslesamplesthalameges.fr\/index.php\/wp-json\/wp\/v2\/media?parent=21982"}],"curies":[{"name":"wp","href":"https:\/\/api.w.org\/{rel}","templated":true}]}}