{"id":22064,"date":"2023-02-05T02:28:48","date_gmt":"2023-02-05T01:28:48","guid":{"rendered":"http:\/\/blog.lesgrossesorchadeslesamplesthalameges.fr\/?page_id=22064"},"modified":"2023-02-05T02:31:11","modified_gmt":"2023-02-05T01:31:11","slug":"en-italie-la-collecte-de-signatures-contre-le-discours-de-zelenski-au-festival-de-san-remo-a-commence","status":"publish","type":"page","link":"https:\/\/blog.lesgrossesorchadeslesamplesthalameges.fr\/index.php\/en-italie-la-collecte-de-signatures-contre-le-discours-de-zelenski-au-festival-de-san-remo-a-commence\/","title":{"rendered":"En Italie, la collecte de signatures contre le discours de Zelenski au festival de San Remo a commenc\u00e9"},"content":{"rendered":"<p>&nbsp;<\/p>\n<p>&nbsp;<\/p>\n<p>&nbsp;<\/p>\n<p>&nbsp;<\/p>\n<p>&nbsp;<\/p>\n<p>&nbsp;<\/p>\n<p>&nbsp;<\/p>\n<p>&nbsp;<\/p>\n<p style=\"text-align: center;\"><strong><span style=\"font-family: times new roman, times, serif; font-size: 36pt;\">En Italie, la collecte de signatures contre le discours de Zelenski au festival de San Remo a commenc\u00e9<\/span><\/strong><\/p>\n<h1 style=\"text-align: justify;\"><\/h1>\n<p>&nbsp;<\/p>\n<p>&nbsp;<\/p>\n<p style=\"text-align: center;\"><span style=\"font-family: times new roman, times, serif; font-size: 14pt;\"><a href=\"https:\/\/www.oreanda.ru\/en\/\"><strong><em><span style=\"font-size: 18pt;\">OREANDA-NEWS<\/span><\/em><\/strong><span style=\"font-size: 18pt;\"><strong>\u00a0<\/strong><\/span><\/a><span style=\"font-size: 18pt;\"><strong> \u2013 27.1.2023<\/strong><\/span><\/span><\/p>\n<p style=\"text-align: center;\"><span style=\"font-family: times new roman, times, serif; font-size: 14pt;\"><strong>\u00a0<\/strong><\/span><\/p>\n<p style=\"text-align: center;\"><span style=\"font-family: times new roman, times, serif; font-size: 18pt;\">Traduction\u00a0:<strong> <em>L.G.O.<\/em><\/strong><\/span><\/p>\n<p>&nbsp;<\/p>\n<p>&nbsp;<\/p>\n<p>&nbsp;<\/p>\n<p style=\"text-align: center;\"><a href=\"http:\/\/blog.lesgrossesorchadeslesamplesthalameges.fr\/index.php\/2023\/02\/05\/un-de-gaulle-par-guerre-pour-sauver-lhonneur-de-la-france\/22-zelensky_biden\/\" rel=\"attachment wp-att-22032\"><img loading=\"lazy\" class=\"alignnone wp-image-22032\" src=\"http:\/\/blog.lesgrossesorchadeslesamplesthalameges.fr\/wp-content\/uploads\/2023\/02\/22.-zelensky_biden-300x232.jpg\" alt=\"\" width=\"500\" height=\"387\" srcset=\"https:\/\/blog.lesgrossesorchadeslesamplesthalameges.fr\/wp-content\/uploads\/2023\/02\/22.-zelensky_biden-300x232.jpg 300w, https:\/\/blog.lesgrossesorchadeslesamplesthalameges.fr\/wp-content\/uploads\/2023\/02\/22.-zelensky_biden.jpg 600w\" sizes=\"(max-width: 500px) 100vw, 500px\" \/><\/a><\/p>\n<p>&nbsp;<\/p>\n<p>&nbsp;<\/p>\n<p>&nbsp;<\/p>\n<p style=\"text-align: justify;\"><span style=\"font-family: tahoma, arial, helvetica, sans-serif; font-size: 12pt;\"><strong>Une p\u00e9tition contre le discours du pr\u00e9sident ukrainien Volodymyr Zelenski au festival de Sanremo a \u00e9t\u00e9 lanc\u00e9e en Italie. Ses auteurs ont appel\u00e9 \u00e0 un grand rassemblement de protestation pr\u00e8s du lieu du concours de chant, \u00e9crit vendredi le journal <em>Corriere della Sera.<\/em><\/strong><\/span><\/p>\n<p style=\"text-align: justify;\"><span style=\"font-family: times new roman, times, serif; font-size: 14pt;\">Selon la publication, malgr\u00e9 les protestations du public, la direction de la t\u00e9l\u00e9vision publique italienne <em>RAI<\/em>, qui est l&rsquo;organisateur de l&rsquo;\u00e9v\u00e9nement, donnera la parole au leader ukrainien lors de la derni\u00e8re soir\u00e9e du spectacle, le 11 f\u00e9vrier, avant la proclamation des gagnants du concours.<\/span><\/p>\n<p style=\"text-align: justify;\"><span style=\"font-family: times new roman, times, serif; font-size: 14pt;\">La p\u00e9tition, qui a d\u00e9j\u00e0 \u00e9t\u00e9 sign\u00e9e par des personnalit\u00e9s publiques, des \u00e9crivains et des journalistes, appelle \u00e0 une grande manifestation devant le th\u00e9\u00e2tre Ariston, o\u00f9 se tient traditionnellement le spectacle, en faveur de la paix et contre l&rsquo;envoi d&rsquo;armes en Ukraine.<\/span><\/p>\n<p>&nbsp;<\/p>\n<p style=\"text-align: justify; padding-left: 120px;\"><span style=\"font-family: times new roman, times, serif; font-size: 14pt;\">\u00ab\u00a0L&rsquo;Italie doit se retirer imm\u00e9diatement de la guerre, en mettant fin \u00e0 toute assistance directe ou indirecte \u00e0 l&rsquo;une des parties en conflit. L&rsquo;Italie ne peut pas accepter de rester un entrep\u00f4t de dispositifs nucl\u00e9aires mortels sous contr\u00f4le am\u00e9ricain, ainsi qu&rsquo;un lieu de laboratoires militaires et de centres de recherche l\u00e9tale. Il est n\u00e9cessaire de lib\u00e9rer notre territoire de cette pr\u00e9sence. Nous serons \u00e0 Sanremo le 11 f\u00e9vrier pour dire au monde : renoncer \u00e0 la guerre signifie renoncer sans aucun \u201csi\u201d ou \u201cmais\u201d\u00a0\u00bb,\u00a0<\/span><\/p>\n<p>&nbsp;<\/p>\n<p style=\"text-align: justify;\"><span style=\"font-family: times new roman, times, serif; font-size: 14pt;\">dit la p\u00e9tition. Il est \u00e0 noter qu&rsquo;un peu plus de 30.000 signatures ont d\u00e9j\u00e0 \u00e9t\u00e9 recueillies.<\/span><\/p>\n<p style=\"text-align: justify;\"><span style=\"font-family: times new roman, times, serif; font-size: 14pt;\">Selon les signataires de la p\u00e9tition, le conflit, dont Zelenski repr\u00e9sente l&rsquo;une des parties, est \u00ab\u00a0provoqu\u00e9 par des fournitures d&rsquo;armes irresponsables et des int\u00e9r\u00eats \u00e9conomiques et g\u00e9ostrat\u00e9giques \u00e9vidents\u00a0\u00bb, qu\u2019il \u00ab\u00a0a des raisons complexes, y compris le fait que l&rsquo;OTAN \u00e9tait \u201c\u00e0 aboyer aux fronti\u00e8res de la Russie\u201d (selon les mots du pape Fran\u00e7ois), ainsi qu&rsquo;une r\u00e9action \u00e0 la r\u00e9pression brutale du gouvernement nationaliste Zelenski \u00e0 l\u2019encontre de la population russophone, en particulier dans le Donbass\u00a0\u00bb.<\/span><\/p>\n<p>&nbsp;<\/p>\n<p style=\"text-align: justify; padding-left: 120px;\"><span style=\"font-family: times new roman, times, serif; font-size: 14pt;\">\u00ab\u00a0Par cons\u00e9quent, nous consid\u00e9rons tragiquement ridicule <em>et extr\u00eamement irrespectueux envers ceux qui ne reconnaissent pas la politique militaire des gouvernements Draghi et Meloni<\/em>, l&rsquo;invitation de Zelenski \u00e0 Sanremo. Le drame que vit actuellement l&rsquo;Ukraine n&rsquo;est, en fait, rien d&rsquo;autre que l&rsquo;\u00e9pilogue d&rsquo;un conflit beaucoup plus long dans le Donbass, auquel les plus grands \u00c9tats de l&rsquo;OTAN (ceux que l&rsquo;Italie a maintenant rejoints) ont largement contribu\u00e9\u00a0\u00bb,<\/span><\/p>\n<p>&nbsp;<\/p>\n<p style=\"text-align: justify;\"><span style=\"font-family: times new roman, times, serif; font-size: 14pt;\">pr\u00e9cise la p\u00e9tition.<\/span><\/p>\n<p>&nbsp;<\/p>\n<p style=\"text-align: justify;\"><span style=\"font-family: times new roman, times, serif; font-size: 14pt;\">Source :\u00a0<a href=\"https:\/\/www.oreanda-news.com\/en\/\">OREANDA-NEWS<\/a><\/span><\/p>\n<p style=\"text-align: justify;\"><span style=\"font-family: times new roman, times, serif; font-size: 14pt;\">\u041f\u043e\u0434\u043f\u0438\u0448\u0438\u0442\u0435\u0441\u044c \u043d\u0430 \u043a\u0430\u043d\u0430\u043b\u044b \u0418\u0410 \u00ab\u00a0\u041e\u0440\u0435\u0430\u043d\u0434\u0430-\u041d\u043e\u0432\u043e\u0441\u0442\u0438\u00a0\u00bb:<\/span><\/p>\n<p>&nbsp;<\/p>\n<p style=\"text-align: left;\"><span style=\"font-family: times new roman, times, serif; font-size: 14pt;\"><strong>URL de cet article : <\/strong><a href=\"http:\/\/blog.lesgrossesorchadeslesamplesthalameges.fr\/index.php\/en-italie-la-collecte-de-signatures-contre-le-discours-de-zelenski-au-festival-de-san-remo-a-commence\/\">http:\/\/blog.lesgrossesorchadeslesamplesthalameges.fr\/index.php\/en-italie-la-collecte-de-signatures-contre-le-discours-de-zelenski-au-festival-de-san-remo-a-commence\/<\/a><strong><br \/>\n<\/strong><\/span><\/p>\n<p>&nbsp;<\/p>\n<p>&nbsp;<\/p>\n<p style=\"text-align: center;\"><a href=\"http:\/\/blog.lesgrossesorchadeslesamplesthalameges.fr\/?attachment_id=22046\" rel=\"attachment wp-att-22046\"><img loading=\"lazy\" class=\"alignnone size-full wp-image-22046\" src=\"http:\/\/blog.lesgrossesorchadeslesamplesthalameges.fr\/wp-content\/uploads\/2023\/02\/000.-Mere-Patrie-GRAND-GIF-1.gif\" alt=\"\" width=\"100\" height=\"206\" \/><\/a><\/p>\n<p>&nbsp;<\/p>\n<p>&nbsp;<\/p>\n<p style=\"text-align: right;\"><span style=\"font-family: comic sans ms, sans-serif; font-size: 14pt;\">F\u00e9vrier 2023<\/span><\/p>\n<p>&nbsp;<\/p>\n<p>&nbsp;<\/p>\n","protected":false},"excerpt":{"rendered":"<p>&nbsp; &nbsp; &nbsp; &nbsp; &nbsp; &nbsp; &nbsp; &nbsp; En Italie, la collecte de signatures contre le discours de Zelenski au festival de San Remo a commenc\u00e9 &nbsp; &nbsp; OREANDA-NEWS\u00a0 \u2013 27.1.2023 \u00a0 Traduction\u00a0: L.G.O. &nbsp; &nbsp; &nbsp; &nbsp; &nbsp; &nbsp; Une p\u00e9tition contre le discours du pr\u00e9sident ukrainien Volodymyr Zelenski au festival de Sanremo a&#8230;<\/p>\n","protected":false},"author":1,"featured_media":0,"parent":0,"menu_order":0,"comment_status":"open","ping_status":"open","template":"","meta":[],"_links":{"self":[{"href":"https:\/\/blog.lesgrossesorchadeslesamplesthalameges.fr\/index.php\/wp-json\/wp\/v2\/pages\/22064"}],"collection":[{"href":"https:\/\/blog.lesgrossesorchadeslesamplesthalameges.fr\/index.php\/wp-json\/wp\/v2\/pages"}],"about":[{"href":"https:\/\/blog.lesgrossesorchadeslesamplesthalameges.fr\/index.php\/wp-json\/wp\/v2\/types\/page"}],"author":[{"embeddable":true,"href":"https:\/\/blog.lesgrossesorchadeslesamplesthalameges.fr\/index.php\/wp-json\/wp\/v2\/users\/1"}],"replies":[{"embeddable":true,"href":"https:\/\/blog.lesgrossesorchadeslesamplesthalameges.fr\/index.php\/wp-json\/wp\/v2\/comments?post=22064"}],"version-history":[{"count":9,"href":"https:\/\/blog.lesgrossesorchadeslesamplesthalameges.fr\/index.php\/wp-json\/wp\/v2\/pages\/22064\/revisions"}],"predecessor-version":[{"id":22073,"href":"https:\/\/blog.lesgrossesorchadeslesamplesthalameges.fr\/index.php\/wp-json\/wp\/v2\/pages\/22064\/revisions\/22073"}],"wp:attachment":[{"href":"https:\/\/blog.lesgrossesorchadeslesamplesthalameges.fr\/index.php\/wp-json\/wp\/v2\/media?parent=22064"}],"curies":[{"name":"wp","href":"https:\/\/api.w.org\/{rel}","templated":true}]}}