{"id":22075,"date":"2023-02-05T02:44:21","date_gmt":"2023-02-05T01:44:21","guid":{"rendered":"http:\/\/blog.lesgrossesorchadeslesamplesthalameges.fr\/?page_id=22075"},"modified":"2023-02-05T02:45:57","modified_gmt":"2023-02-05T01:45:57","slug":"des-artistes-critiquent-la-kollaboration-du-barbican-avec-lambassade-disrael-pour-un-concert","status":"publish","type":"page","link":"https:\/\/blog.lesgrossesorchadeslesamplesthalameges.fr\/index.php\/des-artistes-critiquent-la-kollaboration-du-barbican-avec-lambassade-disrael-pour-un-concert\/","title":{"rendered":"Des artistes critiquent la kollaboration du Barbican avec l&rsquo;ambassade d&rsquo;Isra\u00ebl pour un concert"},"content":{"rendered":"<p>&nbsp;<\/p>\n<p>&nbsp;<\/p>\n<p>&nbsp;<\/p>\n<p>&nbsp;<\/p>\n<p>&nbsp;<\/p>\n<p>&nbsp;<\/p>\n<p>&nbsp;<\/p>\n<p>&nbsp;<\/p>\n<p style=\"text-align: center;\"><strong><span style=\"font-family: times new roman, times, serif; font-size: 36pt;\">Des artistes critiquent la <em>k<\/em>ollaboration du Barbican avec l&rsquo;ambassade d&rsquo;Isra\u00ebl pour un concert<\/span><\/strong><\/p>\n<h1 style=\"text-align: justify;\"><span style=\"font-family: times new roman, times, serif;\"><em>\u00a0<\/em><\/span><\/h1>\n<p style=\"text-align: center;\"><strong><span style=\"font-family: times new roman, times, serif; font-size: 18pt;\"><em>Al Mayadeen<\/em> <em>English<\/em> \u2013 2.2.2023<\/span><\/strong><\/p>\n<p style=\"text-align: center;\"><span style=\"font-family: times new roman, times, serif; font-size: 18pt;\">Source : <\/span><strong><span style=\"font-family: times new roman, times, serif; font-size: 18pt;\"><em>The Guardian<\/em><\/span><\/strong><\/p>\n<p style=\"text-align: center;\"><span style=\"font-family: times new roman, times, serif; font-size: 18pt;\">Traduction :<strong><em> L.G.O.<\/em><\/strong><\/span><\/p>\n<h1 style=\"text-align: justify;\"><\/h1>\n<p>&nbsp;<\/p>\n<p>&nbsp;<\/p>\n<p style=\"text-align: justify;\"><span style=\"font-family: tahoma, arial, helvetica, sans-serif;\"><strong>Plus de 50 artistes, \u00e9crivains et musiciens pressent un grand centre artistique britannique de mettre fin \u00e0 son engagement avec \u00ab\u00a0l&rsquo;ambassade de l&rsquo;apartheid\u00a0\u00bb et consid\u00e8rent le spectacle annonc\u00e9 <em>[\u00e0 Londres, NdT]<\/em> de l&rsquo;Orchestre de J\u00e9rusalem Est et Ouest comme \u00ab\u00a0une tentative cynique de faire passer l&rsquo;apartheid pour de la diversit\u00e9\u00a0\u00bb.<\/strong><\/span><\/p>\n<p>&nbsp;<\/p>\n<p>&nbsp;<\/p>\n<p style=\"text-align: center;\"><span style=\"font-family: times new roman, times, serif;\"><strong>\u00a0<a href=\"http:\/\/blog.lesgrossesorchadeslesamplesthalameges.fr\/index.php\/2023\/02\/05\/un-de-gaulle-par-guerre-pour-sauver-lhonneur-de-la-france\/23-al-quds\/\" rel=\"attachment wp-att-22034\"><img loading=\"lazy\" class=\"alignnone wp-image-22034\" src=\"http:\/\/blog.lesgrossesorchadeslesamplesthalameges.fr\/wp-content\/uploads\/2023\/02\/23.-AL-Quds-300x200.jpg\" alt=\"\" width=\"600\" height=\"400\" srcset=\"https:\/\/blog.lesgrossesorchadeslesamplesthalameges.fr\/wp-content\/uploads\/2023\/02\/23.-AL-Quds-300x200.jpg 300w, https:\/\/blog.lesgrossesorchadeslesamplesthalameges.fr\/wp-content\/uploads\/2023\/02\/23.-AL-Quds.jpg 700w\" sizes=\"(max-width: 600px) 100vw, 600px\" \/><\/a><\/strong><\/span><\/p>\n<p style=\"text-align: center;\"><span style=\"font-family: times new roman, times, serif;\"><strong><em>Vue du sanctuaire du D\u00f4me du Rocher dans l&rsquo;enceinte de la mosqu\u00e9e Al Aqsa, dans la vieille ville d&rsquo;Al Qods, en Palestine occup\u00e9e, le mardi 21 juin 2022<\/em><\/strong> (AP Photo\/Mahmoud Illean,).<\/span><\/p>\n<p>&nbsp;<\/p>\n<p>&nbsp;<\/p>\n<p style=\"text-align: justify;\"><span style=\"font-family: times new roman, times, serif; font-size: 14pt;\">Plus de 50 artistes ont protest\u00e9 contre le fait que la salle des arts Barbican organise un concert en collaboration avec l&rsquo;ambassade d&rsquo;Isra\u00ebl \u00e0 Londres.<\/span><\/p>\n<p style=\"text-align: justify;\"><span style=\"font-family: times new roman, times, serif; font-size: 14pt;\">Le gouvernement isra\u00e9lien doit \u00ab\u00a0rendre des comptes sur sa politique \u00e0 l&rsquo;\u00e9gard du peuple palestinien\u00a0\u00bb, ont d\u00e9clar\u00e9 les artistes, estimant que le concert est \u00ab\u00a0une tentative cynique de faire passer l&rsquo;apartheid pour de la diversit\u00e9 et l&rsquo;occupation militaire pour de la tol\u00e9rance\u00a0\u00bb, selon <em>The Guardian.<\/em><\/span><\/p>\n<p style=\"text-align: justify;\"><span style=\"font-family: times new roman, times, serif; font-size: 14pt;\">L&rsquo;Orchestre de J\u00e9rusalem Est et Ouest, qui donnera le concert, se pr\u00e9sente comme \u00ab\u00a0un orchestre multiculturel, dont les membres sont issus des trois religions, de tout le pays et de tous les secteurs qui composent la soci\u00e9t\u00e9 isra\u00e9lienne\u00a0\u00bb.<\/span><\/p>\n<p style=\"text-align: justify;\"><span style=\"font-family: times new roman, times, serif; font-size: 14pt;\">Mehdi Nassouli, chanteur et instrumentiste marocain, fera partie de la repr\u00e9sentation au Barbican, avec trois autres musiciens marocains.<\/span><\/p>\n<p style=\"text-align: justify;\"><span style=\"font-family: times new roman, times, serif; font-size: 14pt;\">Les signataires, dans leur lettre d&rsquo;opposition au concert, reconnaissent \u00ab\u00a0l&rsquo;attrait d&rsquo;un \u00e9v\u00e9nement\u00a0\u00bb qui semble r\u00e9unir les diff\u00e9rentes cultures d&rsquo;Al-Quds au b\u00e9n\u00e9fice d\u2019un large public.<\/span><\/p>\n<p style=\"text-align: justify;\"><span style=\"font-family: times new roman, times, serif; font-size: 14pt;\">Ils affirment n\u00e9anmoins que \u00ab\u00a0cet \u00e9v\u00e9nement doit \u00eatre consid\u00e9r\u00e9 pour ce qu&rsquo;il est : une tentative cynique de faire passer l&rsquo;apartheid pour de la diversit\u00e9 et l&rsquo;occupation militaire pour de la tol\u00e9rance. Loin d&rsquo;\u00eatre l&rsquo;exemple d&rsquo;un multiculturalisme convivial, J\u00e9rusalem [Al-Quds] est elle-m\u00eame le lieu d&rsquo;une oppression de longue date et d&rsquo;une occupation militaire violente\u00a0\u00bb.<\/span><\/p>\n<p style=\"text-align: justify;\"><span style=\"font-family: times new roman, times, serif; font-size: 14pt;\">Citant des rapports d&rsquo;organisations de d\u00e9fense des droits de l&rsquo;homme, dont <em>Human Rights Watch<\/em> et <em>Amnesty International<\/em>, qui qualifient \u00ab\u00a0Isra\u00ebl\u00a0\u00bb de r\u00e9gime d&rsquo;apartheid, ils disent \u00ab\u00a0douter que le Barbican se serait associ\u00e9 \u00e0 l&rsquo;ambassade d&rsquo;Afrique du Sud \u00e0 l&rsquo;\u00e9poque de l&rsquo;apartheid\u00a0dans ce pays \u00bb.<\/span><\/p>\n<p style=\"text-align: justify;\"><span style=\"font-family: times new roman, times, serif; font-size: 14pt;\">De nombreux signataires de la lettre sont des partisans bien connus des droits des Palestiniens, notamment l&rsquo;\u00e9crivain Ahdaf Soueif, les acteurs Miriam Margolyes et Stephen Rea, et les cin\u00e9astes Peter Kosminksy et Ken Loach.<\/span><\/p>\n<p style=\"text-align: justify;\"><span style=\"font-family: times new roman, times, serif; font-size: 14pt;\">Les partisans de la cause palestinienne ont plusieurs points de vue sur les actions possibles. Certains appellent \u00e0 un boycott complet des institutions universitaires, culturelles, commerciales et sportives d&rsquo;\u00ab\u00a0Isra\u00ebl\u00a0\u00bb. D&rsquo;autres ciblent l&rsquo;activit\u00e9 isra\u00e9lienne dans les territoires occup\u00e9s, principalement Al-Quds et la Cisjordanie. En m\u00eame temps, certains consid\u00e8rent que les protestations et les boycotts doivent \u00eatre dirig\u00e9s vers le gouvernement isra\u00e9lien et les agences officielles plut\u00f4t que vers les citoyens isra\u00e9liens.<\/span><\/p>\n<p style=\"text-align: justify;\"><span style=\"font-family: times new roman, times, serif; font-size: 14pt;\">La Campagne palestinienne pour le boycott acad\u00e9mique et culturel d&rsquo;Isra\u00ebl (Pacbi), qui fait partie du mouvement \u00ab\u00a0Boycott, D\u00e9sinvestissement, Sanctions\u00a0\u00bb (BDS), d\u00e9clare dans ses directives que tout organisme culturel qui ne reconna\u00eet pas explicitement les droits des Palestiniens, ou qui blanchit ou justifie les violations isra\u00e9liennes du droit international, est une cible l\u00e9gitime pour le boycott.<\/span><\/p>\n<p style=\"text-align: justify;\"><span style=\"font-family: times new roman, times, serif; font-size: 14pt;\"><a href=\"https:\/\/english.almayadeen.net\/news\/Art-Culture\/stars-support-emma-watson-in-solidarity-with-palestine\"><em>Artists for Palestine<\/em><\/a> affirme que des organisations marocaines de d\u00e9fense des droits de l&rsquo;homme ont demand\u00e9 aux quatre musiciens marocains participant au concert du Barbican de s\u2019en retirer.<\/span><\/p>\n<p style=\"text-align: justify;\"><span style=\"font-family: times new roman, times, serif; font-size: 14pt;\">Ces derni\u00e8res ann\u00e9es, de grands artistes, comme Lorde et Lana Del Ray, ont annul\u00e9 leurs concerts en signe de solidarit\u00e9 avec le peuple palestinien et la violence de l&rsquo;apartheid dont il est victime, tandis que des \u00e9crivains comme Sally Rooney ont refus\u00e9 de traiter avec des maisons d&rsquo;\u00e9dition isra\u00e9liennes.<\/span><\/p>\n<p style=\"text-align: justify;\"><span style=\"font-family: times new roman, times, serif; font-size: 14pt;\">\u00ab\u00a0Nous pr\u00e9sentons des \u0153uvres et des artistes du monde entier*. Nous sommes impatients d&rsquo;accueillir le <em>Jerusalem Orchestra East &amp; West<\/em>, un groupe talentueux et diversifi\u00e9 de musiciens qui c\u00e9l\u00e8brent les traditions musicales d&rsquo;Afrique du Nord, du Moyen-Orient et d&rsquo;Europe\u00a0\u00bb, a d\u00e9clar\u00e9 un porte-parole du Barbican dans un communiqu\u00e9 en r\u00e9ponse \u00e0 la lettre des artistes.<\/span><\/p>\n<p style=\"text-align: justify;\"><span style=\"font-family: times new roman, times, serif; font-size: 14pt;\">\u00ab\u00a0Les \u0153uvres artistiques pr\u00e9sent\u00e9es \u00e0 l&rsquo;\u00e9chelle internationale re\u00e7oivent souvent le soutien des gouvernements nationaux, et nous reconnaissons le soutien apport\u00e9 \u00e0 cet \u00e9v\u00e9nement par l&rsquo;ambassade d&rsquo;Isra\u00ebl au Royaume-Uni\u00a0\u00bb, a ajout\u00e9 le porte-parole.<\/span><\/p>\n<p style=\"text-align: justify;\"><span style=\"font-family: times new roman, times, serif; font-size: 14pt;\">______________\u00a0<\/span><\/p>\n<p style=\"text-align: justify;\"><span style=\"font-family: times new roman, times, serif; font-size: 14pt;\">* Dont des Palestiniens\u00a0?<\/span><\/p>\n<p style=\"text-align: left;\"><span style=\"font-family: times new roman, times, serif; font-size: 14pt;\">Source\u00a0: <a href=\"https:\/\/english.almayadeen.net\/news\/art-culture\/artists-criticize-barbicans-collab-with-israeli-embassy-for\">Artists criticize Barbican\u2019s collab. with Israeli embassy for concert | Al Mayadeen English<\/a><\/span><\/p>\n<p>&nbsp;<\/p>\n<p style=\"text-align: left;\"><span style=\"font-family: times new roman, times, serif; font-size: 14pt;\"><strong>URL de cet article : <\/strong><a href=\"http:\/\/blog.lesgrossesorchadeslesamplesthalameges.fr\/index.php\/des-artistes-critiquent-la-kollaboration-du-barbican-avec-lambassade-disrael-pour-un-concert\/\">http:\/\/blog.lesgrossesorchadeslesamplesthalameges.fr\/index.php\/des-artistes-critiquent-la-kollaboration-du-barbican-avec-lambassade-disrael-pour-un-concert\/<\/a><strong><br \/>\n<\/strong><\/span><\/p>\n<p>&nbsp;<\/p>\n<p>&nbsp;<\/p>\n<p style=\"text-align: center;\"><a href=\"http:\/\/blog.lesgrossesorchadeslesamplesthalameges.fr\/?attachment_id=22046\" rel=\"attachment wp-att-22046\"><img loading=\"lazy\" class=\"alignnone size-full wp-image-22046\" src=\"http:\/\/blog.lesgrossesorchadeslesamplesthalameges.fr\/wp-content\/uploads\/2023\/02\/000.-Mere-Patrie-GRAND-GIF-1.gif\" alt=\"\" width=\"100\" height=\"206\" \/><\/a><\/p>\n<p>&nbsp;<\/p>\n<p style=\"text-align: right;\"><span style=\"font-family: comic sans ms, sans-serif; font-size: 14pt;\">F\u00e9vrier 2023<\/span><\/p>\n<p>&nbsp;<\/p>\n","protected":false},"excerpt":{"rendered":"<p>&nbsp; &nbsp; &nbsp; &nbsp; &nbsp; &nbsp; &nbsp; &nbsp; Des artistes critiquent la kollaboration du Barbican avec l&rsquo;ambassade d&rsquo;Isra\u00ebl pour un concert \u00a0 Al Mayadeen English \u2013 2.2.2023 Source : The Guardian Traduction : L.G.O. &nbsp; &nbsp; Plus de 50 artistes, \u00e9crivains et musiciens pressent un grand centre artistique britannique de mettre fin \u00e0 son engagement&#8230;<\/p>\n","protected":false},"author":1,"featured_media":0,"parent":0,"menu_order":0,"comment_status":"open","ping_status":"open","template":"","meta":[],"_links":{"self":[{"href":"https:\/\/blog.lesgrossesorchadeslesamplesthalameges.fr\/index.php\/wp-json\/wp\/v2\/pages\/22075"}],"collection":[{"href":"https:\/\/blog.lesgrossesorchadeslesamplesthalameges.fr\/index.php\/wp-json\/wp\/v2\/pages"}],"about":[{"href":"https:\/\/blog.lesgrossesorchadeslesamplesthalameges.fr\/index.php\/wp-json\/wp\/v2\/types\/page"}],"author":[{"embeddable":true,"href":"https:\/\/blog.lesgrossesorchadeslesamplesthalameges.fr\/index.php\/wp-json\/wp\/v2\/users\/1"}],"replies":[{"embeddable":true,"href":"https:\/\/blog.lesgrossesorchadeslesamplesthalameges.fr\/index.php\/wp-json\/wp\/v2\/comments?post=22075"}],"version-history":[{"count":6,"href":"https:\/\/blog.lesgrossesorchadeslesamplesthalameges.fr\/index.php\/wp-json\/wp\/v2\/pages\/22075\/revisions"}],"predecessor-version":[{"id":22081,"href":"https:\/\/blog.lesgrossesorchadeslesamplesthalameges.fr\/index.php\/wp-json\/wp\/v2\/pages\/22075\/revisions\/22081"}],"wp:attachment":[{"href":"https:\/\/blog.lesgrossesorchadeslesamplesthalameges.fr\/index.php\/wp-json\/wp\/v2\/media?parent=22075"}],"curies":[{"name":"wp","href":"https:\/\/api.w.org\/{rel}","templated":true}]}}