{"id":22174,"date":"2023-02-14T19:56:26","date_gmt":"2023-02-14T18:56:26","guid":{"rendered":"http:\/\/blog.lesgrossesorchadeslesamplesthalameges.fr\/?page_id=22174"},"modified":"2023-02-14T19:57:44","modified_gmt":"2023-02-14T18:57:44","slug":"selon-la-senatrice-diana-ivanovici-sosoaca-les-usa-ont-provoque-le-seisme-en-turquie-et-en-syrie","status":"publish","type":"page","link":"https:\/\/blog.lesgrossesorchadeslesamplesthalameges.fr\/index.php\/selon-la-senatrice-diana-ivanovici-sosoaca-les-usa-ont-provoque-le-seisme-en-turquie-et-en-syrie\/","title":{"rendered":"Selon la s\u00e9natrice Diana Ivanovici \u0218o\u0219oac\u0103, les USA ont provoqu\u00e9 le s\u00e9isme en Turquie et en Syrie"},"content":{"rendered":"<p style=\"text-align: justify;\"><strong><em>\u00a0<\/em><\/strong><\/p>\n<p style=\"text-align: justify;\"><span style=\"font-family: times new roman, times, serif; font-size: 14pt;\"><strong><em>\u00a0<\/em><\/strong><\/span><\/p>\n<p>&nbsp;<\/p>\n<p>&nbsp;<\/p>\n<p>&nbsp;<\/p>\n<p>&nbsp;<\/p>\n<p>&nbsp;<\/p>\n<p>&nbsp;<\/p>\n<p>&nbsp;<\/p>\n<p>&nbsp;<\/p>\n<p style=\"text-align: center;\"><strong><span style=\"font-family: times new roman, times, serif; font-size: 36pt;\">Selon la s\u00e9natrice<\/span><\/strong><\/p>\n<p style=\"text-align: center;\"><strong><span style=\"font-family: times new roman, times, serif; font-size: 36pt;\">Diana Ivanovici \u0218o\u0219oac\u0103,<\/span><\/strong><\/p>\n<p style=\"text-align: center;\"><strong><span style=\"font-family: times new roman, times, serif; font-size: 36pt;\">les USA ont provoqu\u00e9 le s\u00e9isme en Turquie et en Syrie<\/span><\/strong><\/p>\n<h1 style=\"text-align: center;\"><\/h1>\n<p>&nbsp;<\/p>\n<p>&nbsp;<\/p>\n<p style=\"text-align: center;\"><strong><span style=\"font-family: times new roman, times, serif; font-size: 18pt;\"><em>R\u00e9seau Voltaire<\/em> \u2013 13.2.2023<\/span><\/strong><\/p>\n<h1 style=\"text-align: justify;\"><\/h1>\n<p>&nbsp;<\/p>\n<p>&nbsp;<\/p>\n<p>&nbsp;<\/p>\n<p style=\"text-align: center;\"><a href=\"http:\/\/blog.lesgrossesorchadeslesamplesthalameges.fr\/?attachment_id=22161\" rel=\"attachment wp-att-22161\"><img loading=\"lazy\" class=\"alignnone wp-image-22161 size-full\" src=\"http:\/\/blog.lesgrossesorchadeslesamplesthalameges.fr\/wp-content\/uploads\/2023\/02\/3.-Roumanie.jpg\" alt=\"\" width=\"600\" height=\"374\" srcset=\"https:\/\/blog.lesgrossesorchadeslesamplesthalameges.fr\/wp-content\/uploads\/2023\/02\/3.-Roumanie.jpg 600w, https:\/\/blog.lesgrossesorchadeslesamplesthalameges.fr\/wp-content\/uploads\/2023\/02\/3.-Roumanie-300x187.jpg 300w\" sizes=\"(max-width: 600px) 100vw, 600px\" \/><\/a><\/p>\n<p>&nbsp;<\/p>\n<p>&nbsp;<\/p>\n<p>&nbsp;<\/p>\n<p style=\"text-align: justify;\"><span style=\"font-family: times new roman, times, serif; font-size: 14pt;\">La s\u00e9natrice roumaine, Diana Ivanovici \u0218o\u0219oac\u0103, s\u2019exprimant le 8 f\u00e9vrier au Parlement roumain, a observ\u00e9 que\u00a0:<\/span><\/p>\n<p>&nbsp;<\/p>\n<p style=\"text-align: justify; padding-left: 120px;\"><span style=\"font-family: times new roman, times, serif; font-size: 14pt;\">\u00a01 minute avant que les sismographes d\u00e9tectent le tremblement de terre, les gazoducs et pipe-lines turcs ont interrompu leur trafic (NB. Nous n\u2019avons pas pu v\u00e9rifier cette seule imputation).<\/span><\/p>\n<p style=\"text-align: justify; padding-left: 120px;\"><span style=\"font-family: times new roman, times, serif; font-size: 14pt;\">\u00a024 heures avant le tremblement de terre, 10 pays occidentaux ont retir\u00e9 leurs ambassadeurs \u00e0 Ankara.<\/span><\/p>\n<p style=\"text-align: justify; padding-left: 120px;\"><span style=\"font-family: times new roman, times, serif; font-size: 14pt;\">\u00a05 jours avant le tremblement de terre, plusieurs pays occidentaux, dont la Roumanie, ont \u00e9mis une contre-indication de voyage en T\u00fcrkiye sans la motiver.<\/span><\/p>\n<p>&nbsp;<\/p>\n<p style=\"text-align: justify;\"><span style=\"font-family: times new roman, times, serif; font-size: 14pt;\">Le tremblement de terre en T\u00fcrkiye et en Syrie a donn\u00e9 lieu \u00e0 plus de 150 r\u00e9pliques, la seconde (et non la premi\u00e8re) \u00e9tant de toutes la plus importante. <strong>Contrairement \u00e0 l\u2019habitude, elle n\u2019a pas eu de foyer, mais s\u2019est d\u00e9roul\u00e9e le long d\u2019une faille sur plusieurs centaines de kilom\u00e8tres<\/strong>. Il existe actuellement d\u2019autres possibilit\u00e9s de r\u00e9pliques, y compris \u00e0 Istanbul.<\/span><\/p>\n<p>&nbsp;<\/p>\n<p style=\"text-align: justify;\"><span style=\"font-family: times new roman, times, serif; font-size: 14pt;\">Par ailleurs\u00a0:<\/span><\/p>\n<p>&nbsp;<\/p>\n<p style=\"text-align: justify;\"><span style=\"font-family: times new roman, times, serif; font-size: 14pt;\">15 soci\u00e9t\u00e9s turques exportent, pour 18,5 millions de dollars, des mat\u00e9riels achet\u00e9s aux \u00c9tats-Unis vers une dizaine de soci\u00e9t\u00e9s russes faisant l\u2019objet de mesures coercitives unilat\u00e9rales US\u00a0[<a href=\"https:\/\/www.voltairenet.org\/article218837.html#nb1\"><strong>1<\/strong><\/a>].<\/span><\/p>\n<p>&nbsp;<\/p>\n<p style=\"text-align: justify;\"><span style=\"font-family: times new roman, times, serif; font-size: 14pt;\">La T\u00fcrkiye a renvoy\u00e9 le sous-secr\u00e9taire US au Tr\u00e9sor charg\u00e9 du Terrorisme et du Renseignement financier, Brian Nelson, <strong>qui venait exiger la fin des exportations militaires turques \u00e0 la Russie<\/strong> et de l\u2019opposition \u00e0 l\u2019adh\u00e9sion de la Su\u00e8de \u00e0 l\u2019Otan\u00a0[<a href=\"https:\/\/www.voltairenet.org\/article218837.html#nb2\"><strong>2<\/strong><\/a>].<\/span><\/p>\n<p>&nbsp;<\/p>\n<p style=\"text-align: justify;\"><span style=\"font-family: times new roman, times, serif; font-size: 14pt;\">Le sabotage des gazoducs Nord Stream, le 26 septembre 2022, a \u00e9t\u00e9 publiquement annonc\u00e9 par le pr\u00e9sident \u00e9tats-unien Joe Biden, lors d\u2019une conf\u00e9rence de presse commune avec le chancelier allemand Olaf Scholz, comme une op\u00e9ration qu\u2019il ferait ex\u00e9cuter en cas d\u2019intervention russe en Ukraine\u00a0; position confirm\u00e9e par la sous-secr\u00e9taire d\u2019\u00c9tat charg\u00e9 de la politique, Victoria Nuland, lors d\u2019une audition au Congr\u00e8s\u00a0[<a href=\"https:\/\/www.voltairenet.org\/article218837.html#nb3\"><strong>3<\/strong><\/a>].<\/span><\/p>\n<p>&nbsp;<\/p>\n<p style=\"text-align: justify;\"><span style=\"font-family: times new roman, times, serif; font-size: 14pt;\">Durant la Seconde Guerre mondiale, les \u00c9tats-Unis ont test\u00e9 avec succ\u00e8s le moyen de provoquer des tsunamis, ainsi que l\u2019attestent des documents d\u00e9classifi\u00e9s n\u00e9o-z\u00e9landais [<a href=\"https:\/\/www.voltairenet.org\/article218837.html#nb4\"><strong>4<\/strong><\/a>].<\/span><\/p>\n<p>&nbsp;<\/p>\n<p style=\"text-align: justify;\"><span style=\"font-family: times new roman, times, serif; font-size: 14pt;\">\u00c0 la fin de la guerre du Vietnam, les \u00c9tats-Unis et l\u2019Union sovi\u00e9tique ont d\u00e9cid\u00e9 de ne plus faire de guerre environnementale. Ils ont sign\u00e9 une \u00ab Convention sur l\u2019interdiction d\u2019utiliser des techniques de modification de l\u2019environnement \u00e0 des fins militaires ou toutes autres fins hostiles \u00bb (1976) [<a href=\"https:\/\/www.voltairenet.org\/article218837.html#nb5\"><strong>5<\/strong><\/a>]. Selon ce Trait\u00e9 (non sign\u00e9 par la France) sont interdites \u00ab\u00a0toutes les techniques ayant pour objet de modifier \u2014 gr\u00e2ce \u00e0 une manipulation d\u00e9lib\u00e9r\u00e9e de processus naturels\u2014 la dynamique, la composition ou la structure de la Terre\u00a0\u00bb, ce qui inclus clairement les tremblements de terre.<\/span><br \/>\n<span style=\"font-family: times new roman, times, serif; font-size: 14pt;\">\u00c0 la dissolution de l\u2019Union sovi\u00e9tique, les \u00c9tats-Unis ont r\u00e9cup\u00e9r\u00e9 ses scientifiques engag\u00e9s dans le programme Pamir ayant provoqu\u00e9 avec succ\u00e8s des tremblements de terre [<a href=\"https:\/\/www.voltairenet.org\/article218837.html#nb6\"><strong>6<\/strong><\/a>].<\/span><\/p>\n<p>&nbsp;<\/p>\n<p style=\"text-align: justify;\"><span style=\"font-family: times new roman, times, serif; font-size: 14pt;\">Nous avions d\u00e9j\u00e0 pos\u00e9 la question, en 2010, <strong>lors du tremblement de terre \u00e0 Ha\u00efti correspondant au d\u00e9but de l\u2019exercice du Pentagone <\/strong>visant \u00e0 coordonner et d\u00e9ployer des secours priv\u00e9s sur des zones de catastrophe\u00a0[<a href=\"https:\/\/www.voltairenet.org\/article218837.html#nb7\"><strong>7<\/strong><\/a>]. La s\u00e9natrice Diana Ivanovici \u0218o\u0219oac\u0103 va plus loin et interpr\u00e8te ces \u00e9l\u00e9ments pour affirmer que le tremblement de terre en T\u00fcrkiye et en Syrie a \u00e9t\u00e9 provoqu\u00e9 par les \u00c9tats-Unis.<\/span><\/p>\n<p>&nbsp;<\/p>\n<p style=\"text-align: justify;\"><span style=\"font-family: times new roman, times, serif; font-size: 14pt;\">Il est clair que l\u2019Administration Biden n\u2019a pas de compassion pour les victimes puisqu\u2019elle interdit aux secours occidentaux de se d\u00e9ployer en Syrie, \u00e0 l\u2019exception de la zone d\u2019Idleb contr\u00f4l\u00e9e par les jihadistes. Certes, le secr\u00e9taire d\u2019\u00c9tat, Antony Blinken, s\u2019est f\u00e9licit\u00e9 que les \u00c9tats-Unis aient envoy\u00e9 les secours les plus nombreux en Turquie, cependant sur place, ce n\u2019est pas le sentiment qu\u2019en ont les personnes que nous avons pu contacter.<\/span><\/p>\n<p>&nbsp;<\/p>\n<p style=\"text-align: justify;\"><span style=\"font-family: times new roman, times, serif; font-size: 14pt;\">_________________\u00a0 <\/span><\/p>\n<p style=\"text-align: justify;\"><span style=\"font-family: times new roman, times, serif; font-size: 14pt;\">[<a href=\"https:\/\/www.voltairenet.org\/article218837.html#nh1\"><strong>1<\/strong><\/a>]\u00a0\u00ab\u00a0<a href=\"https:\/\/www.wsj.com\/articles\/russias-ukraine-war-effort-fueled-by-turkish-exports-11675447477\">Russia\u2019s Ukraine War Effort Fueled by Turkish Exports<\/a>\u00a0\u00bb, Jared Malsin,\u00a0<em>The Wall Street Journal<\/em>, February 3, 2023.<\/span><\/p>\n<p style=\"text-align: justify;\"><span style=\"font-family: times new roman, times, serif; font-size: 14pt;\">[<a href=\"https:\/\/www.voltairenet.org\/article218837.html#nh2\"><strong>2<\/strong><\/a>]\u00a0\u00ab\u00a0<a href=\"https:\/\/www.reuters.com\/world\/us-warned-turkey-exports-seen-boost-russias-war-effort-official-says-2023-02-04\/\">U.S. warns Turkey on exports seen to boost Russia\u2019s war effort<\/a>\u00a0\u00bb, Jonathan Spicer,\u00a0<em>Reuters<\/em>, February 5, 2023.<\/span><\/p>\n<p style=\"text-align: justify;\"><span style=\"font-family: times new roman, times, serif; font-size: 14pt;\">[<a href=\"https:\/\/www.voltairenet.org\/article218837.html#nh3\"><strong>3<\/strong><\/a>]\u00a0\u00ab\u00a0<a href=\"https:\/\/www.voltairenet.org\/article218827.html\">Comment les \u00c9tats-Unis ont d\u00e9truit Nord Stream<\/a>\u00a0\u00bb, par Seymour M.\u00a0Hersh,\u00a0<em>R\u00e9seau Voltaire<\/em>, 11 f\u00e9vrier 2023.<\/span><\/p>\n<p style=\"text-align: justify;\"><span style=\"font-family: times new roman, times, serif; font-size: 14pt;\">[<a href=\"https:\/\/www.voltairenet.org\/article218837.html#nh4\"><strong>4<\/strong><\/a>]\u00a0\u00ab\u00a0<a href=\"https:\/\/www.nzherald.co.nz\/nz\/tsunami-bomb-nzs-devastating-war-secret\/AEHW23IAWH3JRLUTZR4PRAPS64\/\">Tsunami bomb NZ\u2019s devastating war secret<\/a>\u00a0\u00bb et \u00ab\u00a0<a href=\"https:\/\/www.nzherald.co.nz\/nz\/devastating-tsunami-bomb-viable-say-experts\/DUQDTFM73THVBHAKU5OUQHMACA\/\">Devastating tsunami bomb viable, say experts<\/a>\u00a0\u00bb, par Eugene Bingham, New Zealand Herald, 25 et 28 septembre 1999. \u00ab\u00a0<a href=\"https:\/\/www.independent.co.uk\/news\/experimental-bomb-to-create-huge-tidal-wave-was-tested-in-1944-1122610.html\">Experimental bomb to create huge tidal wave was tested in 1944<\/a>\u00a0\u00bb par Kathy Marks, The Independent, 27 septembre 1999.<\/span><\/p>\n<p style=\"text-align: justify;\"><span style=\"font-family: times new roman, times, serif; font-size: 14pt;\">[<a href=\"https:\/\/www.voltairenet.org\/article218837.html#nh5\"><strong>5<\/strong><\/a>]\u00a0Ce Trait\u00e9 est aujourd\u2019hui sign\u00e9 par 48 \u00c9tats membres de l\u2019Onu sur 195. Cf.\u00a0<a href=\"https:\/\/treaties.un.org\/Pages\/ViewDetails.aspx?src=IND&amp;mtdsg_no=XXVI-1&amp;chapter=26&amp;clang=_fr\">Nations unies, collection des Trait\u00e9s<\/a>.<\/span><\/p>\n<p style=\"text-align: justify;\"><span style=\"font-family: times new roman, times, serif; font-size: 14pt;\">[<a href=\"https:\/\/www.voltairenet.org\/article218837.html#nh6\"><strong>6<\/strong><\/a>]\u00a0L\u2019Otan a r\u00e9alis\u00e9 quantit\u00e9 d\u2019\u00e9tudes sur les tremblements de terre, les seules rendues publiques traitent de leurs impacts et non pas s\u2019ils peuvent \u00eatre provoqu\u00e9s.<\/span><\/p>\n<p style=\"text-align: justify;\"><span style=\"font-family: times new roman, times, serif; font-size: 14pt;\">[<a href=\"https:\/\/www.voltairenet.org\/article218837.html#nh7\"><strong>7<\/strong><\/a>]\u00a0\u00ab\u00a0<a href=\"https:\/\/www.voltairenet.org\/article163692.html\">Ha\u00efti et l\u2019arme sismique<\/a>\u00a0\u00bb, par Thierry Meyssan,\u00a0<em>R\u00e9seau Voltaire<\/em>, 25 janvier 2010.<\/span><\/p>\n<p>&nbsp;<\/p>\n<p>&nbsp;<\/p>\n<p style=\"text-align: justify;\"><span style=\"font-family: times new roman, times, serif; font-size: 14pt;\">Source\u00a0: <a href=\"https:\/\/www.voltairenet.org\/article218837.html\">Selon la s\u00e9natrice Diana Ivanovici \u0218o\u0219oac\u0103, les USA ont provoqu\u00e9 le s\u00e9isme en Turquie et en Syrie (voltairenet.org)<\/a><\/span><\/p>\n<p style=\"text-align: left;\"><span style=\"font-family: times new roman, times, serif; font-size: 14pt;\"><strong>URL de cet article : <\/strong><a href=\"http:\/\/blog.lesgrossesorchadeslesamplesthalameges.fr\/index.php\/selon-la-senatrice-diana-ivanovici-sosoaca-les-usa-ont-provoque-le-seisme-en-turquie-et-en-syrie\/\">http:\/\/blog.lesgrossesorchadeslesamplesthalameges.fr\/index.php\/selon-la-senatrice-diana-ivanovici-sosoaca-les-usa-ont-provoque-le-seisme-en-turquie-et-en-syrie\/<\/a><strong><br \/>\n<\/strong><\/span><\/p>\n<p style=\"text-align: justify;\"><span style=\"font-family: times new roman, times, serif; font-size: 14pt;\"><strong>\u00a0<\/strong><\/span><\/p>\n<p><strong>\u00a0<\/strong><\/p>\n<p>&nbsp;<\/p>\n<p style=\"text-align: center;\"><strong>\u00a0<a href=\"http:\/\/blog.lesgrossesorchadeslesamplesthalameges.fr\/?attachment_id=22160\" rel=\"attachment wp-att-22160\"><img loading=\"lazy\" class=\"alignnone size-full wp-image-22160\" src=\"http:\/\/blog.lesgrossesorchadeslesamplesthalameges.fr\/wp-content\/uploads\/2023\/02\/Devise-4-couleurs.jpg\" alt=\"\" width=\"200\" height=\"74\" \/><\/a><\/strong><\/p>\n<p><strong>\u00a0<\/strong><\/p>\n<p><strong>\u00a0<\/strong><\/p>\n<p><strong>\u00a0<\/strong><\/p>\n<p style=\"text-align: right;\"><span style=\"font-family: comic sans ms, sans-serif; font-size: 14pt;\">F\u00e9vrier 2023<\/span><\/p>\n<p>&nbsp;<\/p>\n<p>&nbsp;<\/p>\n","protected":false},"excerpt":{"rendered":"<p>\u00a0 \u00a0 &nbsp; &nbsp; &nbsp; &nbsp; &nbsp; &nbsp; &nbsp; &nbsp; Selon la s\u00e9natrice Diana Ivanovici \u0218o\u0219oac\u0103, les USA ont provoqu\u00e9 le s\u00e9isme en Turquie et en Syrie &nbsp; &nbsp; R\u00e9seau Voltaire \u2013 13.2.2023 &nbsp; &nbsp; &nbsp; &nbsp; &nbsp; &nbsp; La s\u00e9natrice roumaine, Diana Ivanovici \u0218o\u0219oac\u0103, s\u2019exprimant le 8 f\u00e9vrier au Parlement roumain, a observ\u00e9 que\u00a0:&#8230;<\/p>\n","protected":false},"author":1,"featured_media":0,"parent":0,"menu_order":0,"comment_status":"open","ping_status":"open","template":"","meta":[],"_links":{"self":[{"href":"https:\/\/blog.lesgrossesorchadeslesamplesthalameges.fr\/index.php\/wp-json\/wp\/v2\/pages\/22174"}],"collection":[{"href":"https:\/\/blog.lesgrossesorchadeslesamplesthalameges.fr\/index.php\/wp-json\/wp\/v2\/pages"}],"about":[{"href":"https:\/\/blog.lesgrossesorchadeslesamplesthalameges.fr\/index.php\/wp-json\/wp\/v2\/types\/page"}],"author":[{"embeddable":true,"href":"https:\/\/blog.lesgrossesorchadeslesamplesthalameges.fr\/index.php\/wp-json\/wp\/v2\/users\/1"}],"replies":[{"embeddable":true,"href":"https:\/\/blog.lesgrossesorchadeslesamplesthalameges.fr\/index.php\/wp-json\/wp\/v2\/comments?post=22174"}],"version-history":[{"count":5,"href":"https:\/\/blog.lesgrossesorchadeslesamplesthalameges.fr\/index.php\/wp-json\/wp\/v2\/pages\/22174\/revisions"}],"predecessor-version":[{"id":22179,"href":"https:\/\/blog.lesgrossesorchadeslesamplesthalameges.fr\/index.php\/wp-json\/wp\/v2\/pages\/22174\/revisions\/22179"}],"wp:attachment":[{"href":"https:\/\/blog.lesgrossesorchadeslesamplesthalameges.fr\/index.php\/wp-json\/wp\/v2\/media?parent=22174"}],"curies":[{"name":"wp","href":"https:\/\/api.w.org\/{rel}","templated":true}]}}