{"id":22182,"date":"2023-02-14T20:08:04","date_gmt":"2023-02-14T19:08:04","guid":{"rendered":"http:\/\/blog.lesgrossesorchadeslesamplesthalameges.fr\/?page_id=22182"},"modified":"2023-02-14T20:09:40","modified_gmt":"2023-02-14T19:09:40","slug":"la-defaite-de-lukraine-se-precise","status":"publish","type":"page","link":"https:\/\/blog.lesgrossesorchadeslesamplesthalameges.fr\/index.php\/la-defaite-de-lukraine-se-precise\/","title":{"rendered":"La d\u00e9faite de l\u2019Ukraine se pr\u00e9cise"},"content":{"rendered":"<p>&nbsp;<\/p>\n<p>&nbsp;<\/p>\n<p>&nbsp;<\/p>\n<p>&nbsp;<\/p>\n<p>&nbsp;<\/p>\n<p>&nbsp;<\/p>\n<p>&nbsp;<\/p>\n<p>&nbsp;<\/p>\n<p style=\"text-align: center;\"><strong><span style=\"font-family: times new roman, times, serif; font-size: 36pt;\">La d\u00e9faite de l\u2019Ukraine se pr\u00e9cise<\/span><\/strong><\/p>\n<p>&nbsp;<\/p>\n<p style=\"text-align: center;\"><span style=\"font-family: times new roman, times, serif; font-size: 14pt;\"><em>\u00a0<\/em><\/span><\/p>\n<p style=\"text-align: center;\"><span style=\"font-family: times new roman, times, serif; font-size: 14pt;\"><strong>\u00a0<\/strong><\/span><\/p>\n<p style=\"text-align: center;\"><span style=\"font-family: times new roman, times, serif; font-size: 18pt;\"><strong>Thierry Meyssan \u2013 <em>R\u00e9seau Voltaire<\/em> \u2013 14.2.2023<\/strong><\/span><\/p>\n<p style=\"text-align: justify;\"><span style=\"font-family: times new roman, times, serif; font-size: 14pt;\"><strong>\u00a0<\/strong><\/span><\/p>\n<p style=\"text-align: justify;\"><span style=\"font-family: times new roman, times, serif; font-size: 14pt;\"><strong>\u00a0<\/strong><\/span><\/p>\n<p style=\"text-align: justify;\"><span style=\"font-family: tahoma, arial, helvetica, sans-serif; font-size: 14pt;\"><strong>C\u2019est un secret de polichinelle\u00a0: le gouvernement de Kiev est en train de perdre militairement face \u00e0 l\u2019arm\u00e9e russe. Celle-ci avance sans se presser et construit la d\u00e9fense des r\u00e9gions qui ont rejoint Moscou par r\u00e9f\u00e9rendum. Mais cette r\u00e9alit\u00e9 inexorable en cache d\u2019autres. Par exemple, le fait que la T\u00fcrkiy\u00e9, toujours membre de l\u2019OTAN, soutient la Russie et lui fournit des pi\u00e8ces d\u00e9tach\u00e9es pour son arm\u00e9e. Non seulement l\u2019Alliance atlantique perd, mais elle se fissure.<\/strong><\/span><\/p>\n<p>&nbsp;<\/p>\n<p>&nbsp;<\/p>\n<p>&nbsp;<\/p>\n<p style=\"text-align: center;\"><a href=\"http:\/\/blog.lesgrossesorchadeslesamplesthalameges.fr\/index.php\/2023\/02\/14\/combien-de-temps-faudra-t-il-encore-aux-aveugles-volontaires-pour-accepter-de-voir\/4-trio\/\" rel=\"attachment wp-att-22162\"><img loading=\"lazy\" class=\"alignnone wp-image-22162 size-full\" src=\"http:\/\/blog.lesgrossesorchadeslesamplesthalameges.fr\/wp-content\/uploads\/2023\/02\/4.-TRIO.jpg\" alt=\"\" width=\"600\" height=\"450\" srcset=\"https:\/\/blog.lesgrossesorchadeslesamplesthalameges.fr\/wp-content\/uploads\/2023\/02\/4.-TRIO.jpg 600w, https:\/\/blog.lesgrossesorchadeslesamplesthalameges.fr\/wp-content\/uploads\/2023\/02\/4.-TRIO-300x225.jpg 300w\" sizes=\"(max-width: 600px) 100vw, 600px\" \/><\/a><\/p>\n<p style=\"text-align: center;\"><span style=\"font-family: times new roman, times, serif; font-size: 12pt;\"><strong><em>Le pr\u00e9sident Zelenski, qui se moquait de la mani\u00e8re dont les Ukrainiens venaient mendier \u00e0 Bruxelles lorsqu\u2019il \u00e9tait humoriste, est venu mendier \u00e0 Bruxelles \u00e9tant pr\u00e9sident.<\/em><\/strong><\/span><\/p>\n<p style=\"text-align: justify;\"><span style=\"font-family: times new roman, times, serif; font-size: 14pt;\"><strong><em>\u00a0<\/em><\/strong><\/span><\/p>\n<p style=\"text-align: justify;\"><span style=\"font-family: times new roman, times, serif; font-size: 14pt;\"><strong>\u00a0<\/strong><\/span><\/p>\n<p>&nbsp;<\/p>\n<p style=\"text-align: justify;\"><span style=\"font-family: times new roman, times, serif; font-size: 14pt;\">L\u2019avenir de l\u2019Ukraine se pr\u00e9cise. Les combats opposent d\u2019un c\u00f4t\u00e9 le gouvernement de Kiev, qui refuse d\u2019honorer sa signature des Accords de Minsk et, de l\u2019autre, la Russie qui entend faire respecter la r\u00e9solution 2202 du Conseil de s\u00e9curit\u00e9, ent\u00e9rinant les dits Accords. D\u2019un c\u00f4t\u00e9, un \u00c9tat qui refuse le Droit international et est soutenu par les Occidentaux, de l\u2019autre un autre \u00c9tat qui refuse les r\u00e8gles occidentales et est soutenu par la Chine et la T\u00fcrkiye.<\/span><\/p>\n<p>&nbsp;<\/p>\n<p style=\"text-align: justify;\"><span style=\"font-family: times new roman, times, serif; font-size: 14pt;\">Comment le pr\u00e9sident Volodymyr Zelenski, \u00e9lu pour appliquer les Accords de Minsk, a-t-il pu se transformer en \u00ab\u00a0nationaliste int\u00e9gral\u00a0\u00bb\u00a0[<a href=\"https:\/\/www.voltairenet.org\/article218828.html#nb1\"><strong>1<\/strong><\/a>], prendre le parti de fanatiques, h\u00e9ritiers des pires criminels du XX\u00b0 si\u00e8cle\u00a0? C\u2019est un myst\u00e8re. L\u2019hypoth\u00e8se la plus probable est financi\u00e8re, M.\u00a0Zelenski \u00e9tant connu depuis la publication des\u00a0<em>Paradise Papers<\/em>\u00a0pour ses comptes off-shores et ses propri\u00e9t\u00e9s en Angleterre et en Italie. Au demeurant, Volodymyr Zelenski n\u2019a pas grand rapport avec ses \u00ab\u00a0nationalistes int\u00e9graux\u00a0\u00bb. C\u2019est est couard. Au d\u00e9but de la guerre, il est rest\u00e9 plusieurs semaines, planqu\u00e9 dans un bunker, probablement hors de Kiev. Il n\u2019est sorti qu\u2019apr\u00e8s que le Premier ministre isra\u00e9lien, Naftali Bennett l\u2019ait assur\u00e9 que le pr\u00e9sident Vladimir Poutine lui avait promis \u00ab\u00a0qu\u2019il ne tuerait pas le pr\u00e9sident ukrainien\u00a0\u00bb\u00a0[<a href=\"https:\/\/www.voltairenet.org\/article218828.html#nb2\"><strong>2<\/strong><\/a>]. Depuis, il fait le matamore par vid\u00e9o dans tous les sommets politiques et festivals artistiques occidentaux.<\/span><\/p>\n<p>&nbsp;<\/p>\n<p style=\"text-align: justify;\"><span style=\"font-family: times new roman, times, serif; font-size: 14pt;\">Comment la T\u00fcrkiye, alli\u00e9e des Occidentaux au sein de l\u2019OTAN, s\u2019est-elle impliqu\u00e9e du c\u00f4t\u00e9 russe\u00a0? C\u2019est plus facile \u00e0 comprendre pour ceux qui ont suivi les tentatives d\u2019assassinat du pr\u00e9sident Recep Tayyip Erdo\u011fan par la CIA. Au d\u00e9part Erdo\u011fan \u00e9tait un voyou de rue. Puis, il s\u2019est investi dans une milice islamique qui l\u2019a conduit \u00e0 se rapprocher aussi bien des insurg\u00e9s afghans que des jihadistes russes d\u2019Itchk\u00e9rie, ce n\u2019est qu\u2019apr\u00e8s ce parcours qu\u2019il est entr\u00e9 en politique, au sens classique du terme. Durant sa p\u00e9riode de soutien aux groupes musulmans anti-russes, il \u00e9tait un agent de la CIA. Comme beaucoup, lorsqu\u2019il est parvenu au pouvoir, il a consid\u00e9r\u00e9 les choses diff\u00e9remment. Il s\u2019est progressivement d\u00e9tach\u00e9 de Langley et a voulu servir son peuple. Cependant son \u00e9volution personnelle s\u2019est d\u00e9roul\u00e9e alors que son propre pays changeait plusieurs fois de strat\u00e9gie. La T\u00fcrkiye n\u2019a toujours pas dig\u00e9r\u00e9 la chute de l\u2019Empire ottoman. Elle s\u2019est essay\u00e9e \u00e0 plusieurs strat\u00e9gies successivement. Depuis 1987, elle est candidate \u00e0 l\u2019Union europ\u00e9enne. En 2009, avec Ahmet Davuto\u011flu, elle a pens\u00e9 r\u00e9tablir son influence ottomane. De fil en aiguille, elle a imagin\u00e9 r\u00e9unir cet objectif national et le parcours personnel de son pr\u00e9sident pour devenir la patrie des Fr\u00e8res musulmans et r\u00e9tablir le Califat, abrog\u00e9 par Mustafa Kemal Atat\u00fcrk en 1924. Mais la chute de l\u2019\u00c9mirat islamique, l\u2019oblige \u00e0 abandonner ce projet. La T\u00fcrkiye se tourne alors vers les peuples turcophones, elle h\u00e9site \u00e0 englober les Ou\u00efghours et finalement choisit les peuples ethniquement turcs. Quoi qu\u2019il en soit, dans cette qu\u00eate, elle n\u2019a plus besoin ni des Europ\u00e9ens, ni des \u00c9tats-Unis, mais de la Russie et de la Chine. Apr\u00e8s sa victoire contre l\u2019Arm\u00e9nie, elle cr\u00e9\u00e9 l\u2019\u00ab\u00a0Organisation des \u00c9tats turcs\u00a0\u00bb (le Kazakhstan, le Kirghizistan, la Turquie et l\u2019Ouzb\u00e9kistan. En outre, la Hongrie et le Turkm\u00e9nistan y ont le statut d\u2019observateur).<\/span><\/p>\n<p>&nbsp;<\/p>\n<p style=\"text-align: justify;\"><span style=\"font-family: times new roman, times, serif; font-size: 14pt;\">Aujourd\u2019hui, selon le\u00a0<em>Wall Street Journal<\/em>, 15 soci\u00e9t\u00e9s turques exportent chaque mois pour 18,5 millions de dollars de mat\u00e9riels achet\u00e9s aux \u00c9tats-Unis vers une dizaine de soci\u00e9t\u00e9s russes faisant l\u2019objet de mesures <strong>coercitives unilat\u00e9rales ill\u00e9gales<\/strong> US (pr\u00e9sent\u00e9es comme des \u00ab\u00a0sanctions\u00a0\u00bb par la propagande atlantiste)\u00a0[<a href=\"https:\/\/www.voltairenet.org\/article218828.html#nb3\"><strong>3<\/strong><\/a>]. Le sous-secr\u00e9taire US au Tr\u00e9sor charg\u00e9 du Terrorisme et du Renseignement financier, Brian Nelson, s\u2019est rendu en vain \u00e0 Ankara pour contraindre la T\u00fcrkiye \u00e0 respecter les r\u00e8gles occidentales. Ankara continue \u00e0 soutenir secr\u00e8tement l\u2019arm\u00e9e russe.<\/span><\/p>\n<p>&nbsp;<\/p>\n<p style=\"text-align: justify;\"><span style=\"font-family: times new roman, times, serif; font-size: 14pt;\">Lorsque l\u2019\u00e9missaire \u00e9tats-unien a fait remarquer que la T\u00fcrkiye \u00e9tait sur la mauvaise pente en se pla\u00e7ant du c\u00f4t\u00e9 du vaincu russe, ses interlocuteurs lui ont pr\u00e9sent\u00e9 les vrais chiffres de la guerre en Ukraine, \u00e9tablis par le Mossad et publi\u00e9s par\u00a0<em>H\u00fcrseda Haber<\/em>\u00a0[<a href=\"https:\/\/www.voltairenet.org\/article218828.html#nb4\"><strong>4<\/strong><\/a>]. Sur le terrain, le rapport de forces est de 1 \u00e0 8 au b\u00e9n\u00e9fice de la Russie. Il y a 18.480 morts c\u00f4t\u00e9 russe, contre 157.000 <em>[admis, NdE] <\/em>c\u00f4t\u00e9 ukrainien. Comme dans le conte d\u2019Andersen, le roi \u00e9tait nu.<\/span><\/p>\n<p>&nbsp;<\/p>\n<p style=\"text-align: justify;\"><span style=\"font-family: times new roman, times, serif; font-size: 14pt;\">La T\u00fcrkiye bloque aujourd\u2019hui l\u2019adh\u00e9sion de la Su\u00e8de \u00e0 l\u2019OTAN. Ce faisant, elle bloque aussi celle de la Finlande qui avait \u00e9t\u00e9 pr\u00e9sent\u00e9e dans le m\u00eame dossier. Si l\u2019on admet les informations du\u00a0<em>Wall Street Journal<\/em>, il ne s\u2019agit pas d\u2019un hasard. Certes, Ankara avait obtenu l\u2019engagement de ces deux pays \u00e0 extrader les chefs du PKK et du mouvement de Fethullah G\u00fclen\u00a0; engagement qu\u2019ils n\u2019ont pas tenu. Mais il ne pouvait pas en \u00eatre autrement dans la mesure o\u00f9, depuis l\u2019emprisonnement de son chef, Abdullah \u00d6callan, le PKK est devenu un outil de la CIA et qu\u2019il se bat aujourd\u2019hui sous les ordres de l\u2019OTAN, lui qui jadis \u00e9tait alli\u00e9 des Sovi\u00e9tiques.\u00a0[<a href=\"https:\/\/www.voltairenet.org\/article218828.html#nb5\"><strong>5<\/strong><\/a>]. Quant \u00e0 Fethullah G\u00fclen, il vit aux \u00c9tats-Unis sous la protection de la CIA. Il a jou\u00e9 un r\u00f4le central dans la tentative d\u2019assassinat du pr\u00e9sident turc, le 15 juillet 2016, et dans celle de coup d\u2019\u00c9tat qui suivit.<\/span><\/p>\n<p>&nbsp;<\/p>\n<p style=\"text-align: justify;\"><span style=\"font-family: times new roman, times, serif; font-size: 14pt;\">La T\u00fcrkiye soutient donc aujourd\u2019hui la Russie au m\u00eame titre que la Chine\u00a0: elle lui fournit des pi\u00e8ces d\u00e9tach\u00e9es pour son industrie de D\u00e9fense et n\u2019h\u00e9site pas \u00e0 lui r\u00e9exp\u00e9dier du mat\u00e9riel de fabrication \u00e9tats-unienne. Mais alors que la Croatie et la Hongrie, autres membres de l\u2019OTAN, n\u2019h\u00e9sitent pas \u00e0 dire publiquement que le soutien de l\u2019Alliance \u00e0 l\u2019Ukraine est une stupidit\u00e9, sans pour autant la quitter, Ankara feint d\u2019\u00eatre pleinement atlantiste.<\/span><\/p>\n<p>&nbsp;<\/p>\n<p style=\"text-align: justify;\"><span style=\"font-family: times new roman, times, serif; font-size: 14pt;\">Le tremblement de terre qui vient de secouer la T\u00fcrkiye et la Syrie n\u2019a pas les caract\u00e9ristiques des tremblements observ\u00e9s jusqu\u2019ici, partout dans le monde. Le fait qu\u2019une dizaine d\u2019ambassadeurs occidentaux aient quitt\u00e9 Ankara dans les cinq jours pr\u00e9c\u00e9dant le s\u00e9isme et que, dans la m\u00eame p\u00e9riode, leurs pays aient \u00e9mis des conseils de ne pas se rendre en T\u00fcrkiye semble indiquer que les Occidentaux savaient \u00e0 l\u2019avance ce qui allait avoir lieu. <strong>Les \u00c9tats-Unis disposent de moyens techniques pour provoquer des tremblements de terre. Ils s\u2019\u00e9taient engag\u00e9s, en 1976, \u00e0 ne jamais y recourir.<\/strong> La s\u00e9natrice roumaine Diana Ivanovici \u0218o\u0219oac\u0103 affirme qu\u2019ils ont viol\u00e9 leur signature de la \u00ab\u00a0Convention sur l\u2019interdiction d\u2019utiliser des techniques de modification de l\u2019environnement \u00e0 des fins militaires ou toutes autres fins hostiles\u00a0\u00bb et ont provoqu\u00e9 ce s\u00e9isme\u00a0[<a href=\"https:\/\/www.voltairenet.org\/article218828.html#nb6\"><strong>6<\/strong><\/a>]. Le pr\u00e9sident Recep Tayyip Erdo\u011fan a demand\u00e9 \u00e0 ses services de Renseignement (M\u0130T) d\u2019\u00e9tudier ce qui n\u2019est aujourd\u2019hui qu\u2019une hypoth\u00e8se. Dans le cas d\u2019une r\u00e9ponse positive, il faudrait admettre que Washington, conscient qu\u2019il n\u2019est plus ni la premi\u00e8re puissance \u00e9conomique mondiale, ni la premi\u00e8re puissance militaire mondiale, d\u00e9truit ses alli\u00e9s avant de mourir.<\/span><\/p>\n<p>&nbsp;<\/p>\n<p style=\"text-align: justify;\"><span style=\"font-family: times new roman, times, serif; font-size: 14pt;\">Contrairement aux messages dont l\u2019Occident est abreuv\u00e9, non seulement sur le terrain, l\u2019Ukraine perd, mais l\u2019OTAN est remise en cause de l\u2019int\u00e9rieur par au moins trois de ses membres.<\/span><\/p>\n<p>&nbsp;<\/p>\n<p style=\"text-align: justify;\"><span style=\"font-family: times new roman, times, serif; font-size: 14pt;\">Dans ces conditions, comment expliquer que les \u00c9tats-Unis continuent \u00e0 envoyer des armes sur le champ de bataille et \u00e0 exiger de leurs alli\u00e9s qu\u2019ils en envoient en masse\u00a0? Force est de constater qu\u2019une majorit\u00e9 de ces armes ne sont pas modernes, mais datent de la Guerre Froide et sont g\u00e9n\u00e9ralement sovi\u00e9tiques. Inutile de g\u00e2cher des armement des ann\u00e9es 2000 sachant qu\u2019ils seront d\u00e9truits parce que la Russie dispose d\u2019armes plus modernes que celles de l\u2019Occident. Par ailleurs, il peut \u00eatre int\u00e9ressant pour diverses arm\u00e9es de tester des armes de derni\u00e8re g\u00e9n\u00e9ration dans un combat de haute intensit\u00e9. Dans ce cas, les Occidentaux n\u2019envoient que quelques sp\u00e9cimens de ces armes et surtout pas plus.<\/span><\/p>\n<p>&nbsp;<\/p>\n<p style=\"text-align: justify;\"><span style=\"font-family: times new roman, times, serif; font-size: 14pt;\">En outre, si les unit\u00e9s \u00ab\u00a0nationalistes int\u00e9grales\u00a0\u00bb ukrainiennes re\u00e7oivent des armes occidentales, les conscrits n\u2019en ont pas. Le diff\u00e9rentiel, probablement les deux tiers, est conserv\u00e9 en Albanie et au Kosovo ou envoy\u00e9 au Sahel. Il y a trois mois, le pr\u00e9sident nig\u00e9rian, Muhammadu Buhari, au sommet de la Commission du bassin du lac Tchad (CBLT) a d\u00e9nonc\u00e9 l\u2019arriv\u00e9e de ces armes dans les mains de l\u2019\u00c9tat islamique\u00a0[<a href=\"https:\/\/www.voltairenet.org\/article218828.html#nb7\"><strong>7<\/strong><\/a>]. Devant les exclamations de surprise et d\u2019indignation des parlementaires US, le Pentagone a cr\u00e9\u00e9 un commission charg\u00e9e d\u2019effectuer un suivi des livraisons. Elle n\u2019a, \u00e0 aucun moment, rendu compte de ses activit\u00e9s et des d\u00e9tournements qu\u2019elle aurait constat\u00e9s.<\/span><\/p>\n<p>&nbsp;<\/p>\n<p style=\"text-align: justify;\"><span style=\"font-family: times new roman, times, serif; font-size: 14pt;\">Il y a deux semaines, l\u2019inspecteur g\u00e9n\u00e9ral du Pentagone s\u2019est rendu en Ukraine, officiellement pour faire toute la lumi\u00e8re sur ces d\u00e9tournements. Dans un article pr\u00e9c\u00e9dent, j\u2019ai montr\u00e9 qu\u2019il \u00e9tait surtout venu l\u00e0-bas pour effacer avec succ\u00e8s les traces des affaires de Hunter Biden\u00a0[<a href=\"https:\/\/www.voltairenet.org\/article218828.html#nb8\"><strong>8<\/strong><\/a>]. Le ministre de la D\u00e9fense ukrainien, Oleksiy Reznikov, avait annonc\u00e9 qu\u2019il allait d\u00e9missionner instamment avec plusieurs membres de son administration. Il n\u2019en est toujours rien.<\/span><\/p>\n<p>&nbsp;<\/p>\n<p style=\"text-align: justify;\"><span style=\"font-family: times new roman, times, serif; font-size: 14pt;\">Autre question\u00a0: pourquoi l\u2019Allemagne, la France et les Pays-Bas, copropri\u00e9taires des gazoducs Nord Stream ne protestent pas apr\u00e8s le sabotage dont ils ont \u00e9t\u00e9 victimes, le 26 septembre 2022\u00a0? Et pourquoi ils ne r\u00e9agissent pas aux r\u00e9v\u00e9lations de Seymour Hersch sur la responsabilit\u00e9 \u00e9tats-uno-norv\u00e9gienne\u00a0?\u00a0[<a href=\"https:\/\/www.voltairenet.org\/article218828.html#nb9\"><strong>9<\/strong><\/a>]\u00a0? Le c\u00e9l\u00e8bre journaliste d\u2019investigation a \u00e9t\u00e9 autoris\u00e9 \u00e0 publier son enqu\u00eate.<\/span><\/p>\n<p>&nbsp;<\/p>\n<p style=\"text-align: justify;\"><span style=\"font-family: times new roman, times, serif; font-size: 14pt;\">Certes, le porte-parole des nationalistes d\u2019Alternative pour l\u2019Allemagne \u00a0[AfD] a demand\u00e9 la cr\u00e9ation d\u2019une commission d\u2019enqu\u00eate au Bundestag sur ce sabotage, mais la grande majorit\u00e9 des responsables politiques de ces trois pays se font discrets\u00a0: leur pire ennemi est leur alli\u00e9\u00a0!<\/span><\/p>\n<p>&nbsp;<\/p>\n<p style=\"text-align: justify;\"><span style=\"font-family: times new roman, times, serif; font-size: 14pt;\">Au contraire, ils se sont flatt\u00e9s de recevoir le pr\u00e9sident Volodymyr Zelenski \u00e0 Bruxelles. Mais celui-ci s\u2019\u00e9tait pr\u00e9alablement rendu \u00e0 Washington et \u00e0 Londres, les deux capitales qui comptent, avant de venir s\u2019adresser \u00e0 celles qui paient.<\/span><\/p>\n<p>&nbsp;<\/p>\n<p><strong>________________________\u00a0 <\/strong><\/p>\n<p style=\"text-align: justify;\"><span style=\"font-family: times new roman, times, serif; font-size: 14pt;\">[<a href=\"https:\/\/www.voltairenet.org\/article218828.html#nh1\"><strong>1<\/strong><\/a>]\u00a0\u00ab\u00a0<a href=\"https:\/\/www.voltairenet.org\/article218391.html\">Qui sont les nationalistes int\u00e9graux ukrainiens\u00a0?<\/a>\u00a0\u00bb, par Thierry Meyssan,\u00a0<em>R\u00e9seau Voltaire<\/em>, 15 novembre 2022.<\/span><\/p>\n<p style=\"text-align: justify;\"><span style=\"font-family: times new roman, times, serif; font-size: 14pt;\">[<a href=\"https:\/\/www.voltairenet.org\/article218828.html#nh2\"><strong>2<\/strong><\/a>]\u00a0\u00ab\u00a0<a href=\"https:\/\/www.timesofisrael.com\/bennett-putin-assured-me-at-moscow-meeting-he-wouldnt-kill-zelensky\/\">Bennett\u00a0: Putin assured me at Moscow meeting he wouldn\u2019t kill Zelensky<\/a>\u00a0\u00bb,\u00a0<em>The Times of Isra\u00ebl<\/em>, February 5, 2023.<\/span><\/p>\n<p style=\"text-align: justify;\"><span style=\"font-family: times new roman, times, serif; font-size: 14pt;\">[<a href=\"https:\/\/www.voltairenet.org\/article218828.html#nh3\"><strong>3<\/strong><\/a>]\u00a0\u00ab\u00a0<a href=\"https:\/\/www.wsj.com\/articles\/russias-ukraine-war-effort-fueled-by-turkish-exports-11675447477\">Russia\u2019s Ukraine War Effort Fueled by Turkish Exports<\/a>\u00a0\u00bb, Jared Malsin,\u00a0<em>Wall Street Journal<\/em>, February 3, 2023.<\/span><\/p>\n<p style=\"text-align: justify;\"><span style=\"font-family: times new roman, times, serif; font-size: 14pt;\">[<a href=\"https:\/\/www.voltairenet.org\/article218828.html#nh4\"><strong>4<\/strong><\/a>]\u00a0\u00ab\u00a0<a href=\"https:\/\/hurseda.net\/gundem\/246987-iddia-mossad-a-gore-ukrayna-ve-rusya-kayiplari.html\">\u0130ddia\u00a0: MOSSAD\u2019a g\u00f6re Ukrayna ve Rusya kay\u0131plar\u0131<\/a>\u00a0\u00bb, 25 Ocak 2023.<\/span><\/p>\n<p style=\"text-align: justify;\"><span style=\"font-family: times new roman, times, serif; font-size: 14pt;\">[<a href=\"https:\/\/www.voltairenet.org\/article218828.html#nh5\"><strong>5<\/strong><\/a>]\u00a0\u00ab\u00a0<a href=\"https:\/\/www.voltairenet.org\/article200092.html\">G\u00e9n\u00e9ral Ba\u015fbu\u011f\u00a0: les USA dirigent le PKK depuis l\u2019emprisonnement d\u2019\u00d6callan<\/a>\u00a0\u00bb, R\u00e9seau Voltaire, 13 mars 2018.<\/span><\/p>\n<p style=\"text-align: justify;\"><span style=\"font-family: times new roman, times, serif; font-size: 14pt;\">[<a href=\"https:\/\/www.voltairenet.org\/article218828.html#nh6\"><strong>6<\/strong><\/a>]\u00a0\u00ab\u00a0<a href=\"https:\/\/www.voltairenet.org\/article218837.html\">Selon la s\u00e9natrice Diana Ivanovici \u0218o\u0219oac\u0103, les USA ont provoqu\u00e9 le s\u00e9isme en Turquie et en Syrie<\/a>\u00a0\u00bb,\u00a0<em>R\u00e9seau Voltaire<\/em>, 13 f\u00e9vrier 2023.<\/span><\/p>\n<p style=\"text-align: justify;\"><span style=\"font-family: times new roman, times, serif; font-size: 14pt;\">[<a href=\"https:\/\/www.voltairenet.org\/article218828.html#nh7\"><strong>7<\/strong><\/a>]\u00a0\u00ab\u00a0Muhammadu Buhari met en garde contre le flux d\u2019armes de la guerre russo-ukrainienne en Afrique\u00a0\u00bb,\u00a0<em>Actu Niger<\/em>, 30 novembre 2022.<\/span><\/p>\n<p style=\"text-align: justify;\"><span style=\"font-family: times new roman, times, serif; font-size: 14pt;\">[<a href=\"https:\/\/www.voltairenet.org\/article218828.html#nh8\"><strong>8<\/strong><\/a>]\u00a0\u00ab\u00a0<a href=\"https:\/\/www.voltairenet.org\/article218773.html\">L\u2019affaire Hunter Biden \/ Ihor Kolomo\u00efsky<\/a>\u00a0\u00bb, par Thierry Meyssan,\u00a0<em>R\u00e9seau Voltaire<\/em>, 7 f\u00e9vrier 2023.<\/span><\/p>\n<p style=\"text-align: justify;\"><span style=\"font-family: times new roman, times, serif; font-size: 14pt;\">[<a href=\"https:\/\/www.voltairenet.org\/article218828.html#nh9\"><strong>9<\/strong><\/a>]\u00a0\u00ab\u00a0<a href=\"https:\/\/www.voltairenet.org\/article218827.html\">Comment l\u2019Am\u00e9rique a d\u00e9truit Nord Stream<\/a>\u00a0\u00bb, par Seymour M.\u00a0Hersh,\u00a0<em>R\u00e9seau Voltaire<\/em>, 11 f\u00e9vrier 2023<\/span><\/p>\n<p style=\"text-align: justify;\"><span style=\"font-family: times new roman, times, serif; font-size: 14pt;\">Source\u00a0: <a href=\"https:\/\/www.voltairenet.org\/article218828.html\">La d\u00e9faite de l&rsquo;Ukraine se pr\u00e9cise, par Thierry Meyssan (voltairenet.org)<\/a> \u2013 Les passages soulign\u00e9s le sont par nous.[<em>LGO<\/em>]<\/span><\/p>\n<p>&nbsp;<\/p>\n<p style=\"text-align: left;\"><span style=\"font-family: times new roman, times, serif; font-size: 14pt;\"><strong>URL de cet article : <\/strong><a href=\"http:\/\/blog.lesgrossesorchadeslesamplesthalameges.fr\/index.php\/la-defaite-de-lukraine-se-precise\/\">http:\/\/blog.lesgrossesorchadeslesamplesthalameges.fr\/index.php\/la-defaite-de-lukraine-se-precise\/<\/a><strong><br \/>\n<\/strong><\/span><\/p>\n<p>&nbsp;<\/p>\n<p>&nbsp;<\/p>\n<p>&nbsp;<\/p>\n<p style=\"text-align: center;\"><a href=\"http:\/\/blog.lesgrossesorchadeslesamplesthalameges.fr\/index.php\/2023\/02\/14\/combien-de-temps-faudra-t-il-encore-aux-aveugles-volontaires-pour-accepter-de-voir\/devise-4-couleurs\/\" rel=\"attachment wp-att-22160\"><img loading=\"lazy\" class=\"alignnone size-full wp-image-22160\" src=\"http:\/\/blog.lesgrossesorchadeslesamplesthalameges.fr\/wp-content\/uploads\/2023\/02\/Devise-4-couleurs.jpg\" alt=\"\" width=\"200\" height=\"74\" \/><\/a><\/p>\n<p>&nbsp;<\/p>\n<p>&nbsp;<\/p>\n<p style=\"text-align: right;\"><span style=\"font-family: comic sans ms, sans-serif; font-size: 14pt;\">F\u00e9vrier 2023<\/span><\/p>\n<p>&nbsp;<\/p>\n<p>&nbsp;<\/p>\n","protected":false},"excerpt":{"rendered":"<p>&nbsp; &nbsp; &nbsp; &nbsp; &nbsp; &nbsp; &nbsp; &nbsp; La d\u00e9faite de l\u2019Ukraine se pr\u00e9cise &nbsp; \u00a0 \u00a0 Thierry Meyssan \u2013 R\u00e9seau Voltaire \u2013 14.2.2023 \u00a0 \u00a0 C\u2019est un secret de polichinelle\u00a0: le gouvernement de Kiev est en train de perdre militairement face \u00e0 l\u2019arm\u00e9e russe. Celle-ci avance sans se presser et construit la d\u00e9fense des&#8230;<\/p>\n","protected":false},"author":1,"featured_media":0,"parent":0,"menu_order":0,"comment_status":"open","ping_status":"open","template":"","meta":[],"_links":{"self":[{"href":"https:\/\/blog.lesgrossesorchadeslesamplesthalameges.fr\/index.php\/wp-json\/wp\/v2\/pages\/22182"}],"collection":[{"href":"https:\/\/blog.lesgrossesorchadeslesamplesthalameges.fr\/index.php\/wp-json\/wp\/v2\/pages"}],"about":[{"href":"https:\/\/blog.lesgrossesorchadeslesamplesthalameges.fr\/index.php\/wp-json\/wp\/v2\/types\/page"}],"author":[{"embeddable":true,"href":"https:\/\/blog.lesgrossesorchadeslesamplesthalameges.fr\/index.php\/wp-json\/wp\/v2\/users\/1"}],"replies":[{"embeddable":true,"href":"https:\/\/blog.lesgrossesorchadeslesamplesthalameges.fr\/index.php\/wp-json\/wp\/v2\/comments?post=22182"}],"version-history":[{"count":5,"href":"https:\/\/blog.lesgrossesorchadeslesamplesthalameges.fr\/index.php\/wp-json\/wp\/v2\/pages\/22182\/revisions"}],"predecessor-version":[{"id":22187,"href":"https:\/\/blog.lesgrossesorchadeslesamplesthalameges.fr\/index.php\/wp-json\/wp\/v2\/pages\/22182\/revisions\/22187"}],"wp:attachment":[{"href":"https:\/\/blog.lesgrossesorchadeslesamplesthalameges.fr\/index.php\/wp-json\/wp\/v2\/media?parent=22182"}],"curies":[{"name":"wp","href":"https:\/\/api.w.org\/{rel}","templated":true}]}}