{"id":22209,"date":"2023-02-17T18:53:01","date_gmt":"2023-02-17T17:53:01","guid":{"rendered":"http:\/\/blog.lesgrossesorchadeslesamplesthalameges.fr\/?page_id=22209"},"modified":"2023-02-17T18:53:02","modified_gmt":"2023-02-17T17:53:02","slug":"le-president-syrien-remercie-les-pays-qui-ont-aide-la-syrie-apres-le-seisme","status":"publish","type":"page","link":"https:\/\/blog.lesgrossesorchadeslesamplesthalameges.fr\/index.php\/le-president-syrien-remercie-les-pays-qui-ont-aide-la-syrie-apres-le-seisme\/","title":{"rendered":"Le pr\u00e9sident syrien remercie les pays qui ont aid\u00e9 la Syrie apr\u00e8s le s\u00e9isme"},"content":{"rendered":"<p>&nbsp;<\/p>\n<p>&nbsp;<\/p>\n<p>&nbsp;<\/p>\n<p>&nbsp;<\/p>\n<p>&nbsp;<\/p>\n<p>&nbsp;<\/p>\n<p>&nbsp;<\/p>\n<p>&nbsp;<\/p>\n<p>&nbsp;<\/p>\n<p>&nbsp;<\/p>\n<p style=\"text-align: center;\"><span style=\"font-family: times new roman, times, serif; font-size: 36pt;\"><strong>Le pr\u00e9sident syrien remercie les pays qui ont aid\u00e9 la Syrie apr\u00e8s le s\u00e9isme<\/strong><\/span><\/p>\n<h1 style=\"text-align: justify;\"><\/h1>\n<p>&nbsp;<\/p>\n<p>&nbsp;<\/p>\n<p style=\"text-align: center;\"><span style=\"font-family: times new roman, times, serif; font-size: 18pt;\"><strong><em>Al Mayadeen English<\/em><\/strong><strong>\u00a0 \u2013\u00a0 Source: <em>Al Mayadeen Net<\/em> \u2013 16.2.2023<\/strong><\/span><\/p>\n<p style=\"text-align: center;\"><span style=\"font-family: times new roman, times, serif; font-size: 18pt;\">Traduction :<strong> c.l. <\/strong>pour <strong><em>L.G.O.<\/em><\/strong><\/span><\/p>\n<p style=\"text-align: center;\"><span style=\"font-family: times new roman, times, serif; font-size: 18pt;\"><strong>\u00a0<\/strong><\/span><\/p>\n<p>&nbsp;<\/p>\n<p style=\"text-align: justify;\"><span style=\"font-family: tahoma, arial, helvetica, sans-serif; font-size: 14pt;\"><strong>Dans un discours t\u00e9l\u00e9vis\u00e9, le pr\u00e9sident syrien Bachar Al-Assad \u00e9voque les travaux en cours pour tenter d\u2019att\u00e9nuer les r\u00e9percussions du r\u00e9cent tremblement de terre qui a frapp\u00e9 le pays.<\/strong><\/span><\/p>\n<p>&nbsp;<\/p>\n<p>&nbsp;<\/p>\n<p style=\"text-align: center;\"><a href=\"http:\/\/blog.lesgrossesorchadeslesamplesthalameges.fr\/?attachment_id=22199\" rel=\"attachment wp-att-22199\"><img loading=\"lazy\" class=\"alignnone wp-image-22199\" src=\"http:\/\/blog.lesgrossesorchadeslesamplesthalameges.fr\/wp-content\/uploads\/2023\/02\/5.-Bachar-et-Asma-300x200.jpg\" alt=\"\" width=\"600\" height=\"400\" srcset=\"https:\/\/blog.lesgrossesorchadeslesamplesthalameges.fr\/wp-content\/uploads\/2023\/02\/5.-Bachar-et-Asma-300x200.jpg 300w, https:\/\/blog.lesgrossesorchadeslesamplesthalameges.fr\/wp-content\/uploads\/2023\/02\/5.-Bachar-et-Asma-768x512.jpg 768w, https:\/\/blog.lesgrossesorchadeslesamplesthalameges.fr\/wp-content\/uploads\/2023\/02\/5.-Bachar-et-Asma.jpg 800w\" sizes=\"(max-width: 600px) 100vw, 600px\" \/><\/a><\/p>\n<p style=\"text-align: center;\"><span style=\"font-family: times new roman, times, serif; font-size: 12pt;\"><strong><em>Sur cette photo publi\u00e9e par l&rsquo;agence de presse officielle syrienne SANA, le pr\u00e9sident syrien Bachar al Assad (dr.) et son \u00e9pouse Asma, visitent une survivante bless\u00e9e du tremblement de terre d\u00e9vastateur, dans un h\u00f4pital de la province d&rsquo;Alep, en Syrie, le 10 f\u00e9vrier 2023<\/em><\/strong> [SANA via AP].<\/span><\/p>\n<p>&nbsp;<\/p>\n<p>&nbsp;<\/p>\n<p style=\"text-align: justify;\"><span style=\"font-family: times new roman, times, serif; font-size: 14pt;\">Le pr\u00e9sident Bachar Al-Assad a confirm\u00e9 jeudi que le tableau qui a suivi le tremblement de terre d\u00e9vastateur n&rsquo;\u00e9tait \u00ab\u00a0pas surprenant\u00a0\u00bb, pour les Syriens qui \u00ab\u00a0l&rsquo;ont ressenti \u00e0 diff\u00e9rents moments de la guerre contre la Syrie\u00a0\u00bb, et qu&rsquo;il leur a seulement fait \u00ab\u00a0plus d\u2019effet\u00a0\u00bb parce que survenant \u00ab\u00a0apr\u00e8s <a href=\"https:\/\/english.almayadeen.net\/news\/politics\/syria-disaster-exposed-us-true-face-major-threat-to-world-pe\">12 ans de guerre<\/a> et d&#8217;embargo\u00a0\u00bb.<\/span><\/p>\n<p style=\"text-align: justify;\"><span style=\"font-family: times new roman, times, serif; font-size: 14pt;\">Dans un discours t\u00e9l\u00e9vis\u00e9 sur les r\u00e9percussions du tremblement de terre qui a frapp\u00e9 le pays, Al-Assad a ajout\u00e9 que \u00ab\u00a0si cette guerre a \u00e9puis\u00e9 et drain\u00e9 une grande partie des ressources du pays, et diminu\u00e9 ses capacit\u00e9s \u00e0 faire face \u00e0 d&rsquo;autres crises, elle a aussi donn\u00e9 \u00e0 toute la soci\u00e9t\u00e9 syrienne l&rsquo;expertise et la capacit\u00e9 d&rsquo;agir rapidement et efficacement d\u00e8s les premi\u00e8res heures du tremblement de terre\u00a0\u00bb.<\/span><\/p>\n<p>&nbsp;<\/p>\n<p style=\"text-align: center;\"><a href=\"http:\/\/blog.lesgrossesorchadeslesamplesthalameges.fr\/?attachment_id=22198\" rel=\"attachment wp-att-22198\"><img loading=\"lazy\" class=\"alignnone size-full wp-image-22198 aligncenter\" src=\"http:\/\/blog.lesgrossesorchadeslesamplesthalameges.fr\/wp-content\/uploads\/2023\/02\/000.-freccia-nera-piccola-xx.gif\" alt=\"\" width=\"46\" height=\"46\" \/><\/a><\/p>\n<p style=\"text-align: justify;\"><span style=\"font-family: times new roman, times, serif; font-size: 14pt;\"><a href=\"https:\/\/twitter.com\/AlMayadeenNews\/status\/1626287752495988736?ref_src=twsrc%5Etfw%7Ctwcamp%5Etweetembed%7Ctwterm%5E1626287752495988736%7Ctwgr%5E2ed9fc3d4c7823b774dc48b347fb9fe26e4c51f7%7Ctwcon%5Es1_c10&amp;ref_url=https%3A%2F%2Fenglish.almayadeen.net%2Fnews%2Fpolitics%2Fsyrian-president-thanks-countries-that-aided-syria-after-qua\">https:\/\/twitter.com\/AlMayadeenNews\/status\/1626287752495988736?ref_src=twsrc%5Etfw%7Ctwcamp%5Etweetembed%7Ctwterm%5E1626287752495988736%7Ctwgr%5E2ed9fc3d4c7823b774dc48b347fb9fe26e4c51f7%7Ctwcon%5Es1_c10&amp;ref_url=https%3A%2F%2Fenglish.almayadeen.net%2Fnews%2Fpolitics%2Fsyrian-president-thanks-countries-that-aided-syria-after-qua<\/a><\/span><\/p>\n<p><a href=\"http:\/\/blog.lesgrossesorchadeslesamplesthalameges.fr\/?attachment_id=22198\" rel=\"attachment wp-att-22198\"><img loading=\"lazy\" class=\"alignnone size-full wp-image-22198 aligncenter\" src=\"http:\/\/blog.lesgrossesorchadeslesamplesthalameges.fr\/wp-content\/uploads\/2023\/02\/000.-freccia-nera-piccola-xx.gif\" alt=\"\" width=\"46\" height=\"46\" \/><\/a><\/p>\n<p style=\"text-align: center;\"><span style=\"font-family: times new roman, times, serif; font-size: 14pt;\">En cas de difficult\u00e9 \u00e0 ouvrir la vid\u00e9o, on peut la <a href=\"https:\/\/english.almayadeen.net\/news\/politics\/syrian-president-thanks-countries-that-aided-syria-after-qua\">voir dans l\u2019article d\u2019Al Mayadeen<\/a><\/span><\/p>\n<p>&nbsp;<\/p>\n<p>&nbsp;<\/p>\n<p>&nbsp;<\/p>\n<p style=\"text-align: justify;\"><span style=\"font-family: times new roman, times, serif; font-size: 14pt;\">Ce que nous apprenons de cette dure exp\u00e9rience, c&rsquo;est \u00ab\u00a0de croire en nos formidables capacit\u00e9s\u00a0\u00bb, a ajout\u00e9 le pr\u00e9sident syrien.<\/span><\/p>\n<p style=\"text-align: justify;\"><span style=\"font-family: times new roman, times, serif; font-size: 14pt;\">M. Al-Assad a soulign\u00e9 que \u00ab ce \u00e0 quoi nous allons \u00eatre confront\u00e9s pendant des mois et des ann\u00e9es, en termes de d\u00e9fis \u00e9conomiques, sociaux et de services, ne sera pas moindre que ce \u00e0 quoi nous avons \u00e9t\u00e9 confront\u00e9s pendant les tout premiers jours du d\u00e9sastre \u00bb, ajoutant que \u00ab ce qui est important, c&rsquo;est d&rsquo;avoir, des choses, une vision fond\u00e9e sur un consensus national et un large dialogue \u00bb si nous voulons faire face aux r\u00e9percussions de ce tremblement de terre.<\/span><\/p>\n<p style=\"text-align: justify;\"><span style=\"font-family: times new roman, times, serif; font-size: 14pt;\">Le pr\u00e9sident syrien a d\u00e9clar\u00e9 que \u00ab\u00a0les institutions gouvernementales ont commenc\u00e9 \u00e0 fournir des logements temporaires, pour tenir jusqu&rsquo;\u00e0 ce que des logements permanents puissent \u00eatre fournis \u00e0 un stade ult\u00e9rieur\u00a0\u00bb, notant que \u00ab\u00a0la cr\u00e9ation d&rsquo;un fonds pour soutenir les personnes touch\u00e9es est \u00e0 l&rsquo;\u00e9tude\u00a0\u00bb*.<\/span><\/p>\n<p style=\"text-align: justify;\"><span style=\"font-family: times new roman, times, serif; font-size: 14pt;\">Il a ajout\u00e9 : \u00ab\u00a0La l\u00e9gislation n\u00e9cessaire sera adopt\u00e9e et des mesures seront prises pour all\u00e9ger les charges \u00e9conomiques qui p\u00e8sent sur la population\u00a0\u00bb, en plus de \u00ab\u00a0certaines autres id\u00e9es qui ont \u00e9t\u00e9 propos\u00e9es r\u00e9cemment et qui seront annonc\u00e9es en temps utile par les institutions comp\u00e9tentes, apr\u00e8s avoir \u00e9t\u00e9 d\u00fbment examin\u00e9es, discut\u00e9es et la possibilit\u00e9 de leur r\u00e9alisation assur\u00e9e\u00a0\u00bb.<\/span><\/p>\n<p style=\"text-align: justify;\"><span style=\"font-family: times new roman, times, serif; font-size: 14pt;\">Le pr\u00e9sident Al-Assad a remerci\u00e9 les pays qui ont soutenu la Syrie d\u00e8s les premi\u00e8res heures de la catastrophe, et les \u00e9quipes de secours qui ont \u00e9t\u00e9 envoy\u00e9es pour participer aux op\u00e9rations de secours.<\/span><\/p>\n<p style=\"text-align: justify;\"><span style=\"font-family: times new roman, times, serif; font-size: 14pt;\">Il a, a-t-il dit, grandement appr\u00e9ci\u00e9 \u00ab\u00a0l&rsquo;aide d&rsquo;urgence envoy\u00e9e par les pays fr\u00e8res et amis, qui a constitu\u00e9 un soutien important aux efforts nationaux faits pour att\u00e9nuer l&rsquo;impact du tremblement de terre et sauver de nombreux bless\u00e9s\u00a0\u00bb, notant que \u00ab\u00a0la Syrie n&rsquo;a pas \u00e9t\u00e9 une zone sismique depuis environ deux si\u00e8cles et demi. Ni les b\u00e2timents, ni les institutions, ni les \u00e9quipements n&rsquo;\u00e9taient pr\u00e9par\u00e9s \u00e0 un tel type de catastrophe naturelle\u00a0\u00bb.<\/span><\/p>\n<p style=\"text-align: justify;\"><span style=\"font-family: times new roman, times, serif; font-size: 14pt;\">Depuis le tremblement de terre d\u00e9vastateur qui a frapp\u00e9 le nord de la Syrie le 6 f\u00e9vrier, des avions d&rsquo;aide humanitaire et des \u00e9quipes de secours et de sauvetage n\u2019ont cess\u00e9 d\u2019arriver en Syrie, en provenance de multiples pays, notamment de Tunisie, d&rsquo;Alg\u00e9rie, des EAU, de Chine, d&rsquo;Iran, d&rsquo;Irak, du Liban et d&rsquo;autres pays.<\/span><\/p>\n<p style=\"text-align: justify;\"><span style=\"font-family: times new roman, times, serif; font-size: 14pt;\">Dans le m\u00eame temps, les \u00ab\u00a0sanctions\u00a0\u00bb am\u00e9ricaines et europ\u00e9ennes impos\u00e9es \u00e0 la Syrie ont entrav\u00e9 la r\u00e9ponse humanitaire \u00e0 la catastrophe, qui a provoqu\u00e9 des destructions massives et co\u00fbt\u00e9 la vie \u00e0 des milliers de personnes. Face \u00e0 la ru\u00e9e internationale pour envoyer de l&rsquo;aide aux zones sinistr\u00e9es en Turquie, le m\u00eame enthousiasme international a fait d\u00e9faut pour d\u00e9fier les sanctions am\u00e9ricaines et sortir les Syriens des d\u00e9combres du si\u00e8ge.<\/span><\/p>\n<p style=\"text-align: justify;\"><span style=\"font-family: times new roman, times, serif; font-size: 14pt;\">____________________<\/span><\/p>\n<p style=\"text-align: justify;\"><span style=\"font-family: times new roman, times, serif; font-size: 14pt;\">* Il serait utile que le chemin vers ce fonds soit facilit\u00e9 aux personnes qui souhaitent apporter une aide\u00a0 ponctuelle ou r\u00e9guli\u00e8re.<\/span><\/p>\n<p>&nbsp;<\/p>\n<p><span style=\"font-family: times new roman, times, serif; font-size: 14pt;\">Source : <a href=\"https:\/\/english.almayadeen.net\/news\/politics\/syrian-president-thanks-countries-that-aided-syria-after-qua\">https:\/\/english.almayadeen.net\/news\/politics\/syrian-president-thanks-countries-that-aided-syria-after-qua<\/a><\/span><\/p>\n<p>&nbsp;<\/p>\n<p><strong><span style=\"font-family: times new roman, times, serif; font-size: 14pt;\">URL de cet article : <\/span><\/strong><\/p>\n<p>&nbsp;<\/p>\n<p>&nbsp;<\/p>\n<p style=\"text-align: center;\"><a href=\"http:\/\/blog.lesgrossesorchadeslesamplesthalameges.fr\/?attachment_id=22196\" rel=\"attachment wp-att-22196\"><img loading=\"lazy\" class=\"alignnone wp-image-22196\" src=\"http:\/\/blog.lesgrossesorchadeslesamplesthalameges.fr\/wp-content\/uploads\/2023\/02\/000.-Armoiries-Syrie.gif\" alt=\"\" width=\"80\" height=\"77\" \/><\/a><\/p>\n<p>&nbsp;<\/p>\n<p>&nbsp;<\/p>\n<p style=\"text-align: right;\"><span style=\"font-family: comic sans ms, sans-serif; font-size: 14pt;\">F\u00e9vrier 2023<\/span><\/p>\n","protected":false},"excerpt":{"rendered":"<p>&nbsp; &nbsp; &nbsp; &nbsp; &nbsp; &nbsp; &nbsp; &nbsp; &nbsp; &nbsp; Le pr\u00e9sident syrien remercie les pays qui ont aid\u00e9 la Syrie apr\u00e8s le s\u00e9isme &nbsp; &nbsp; Al Mayadeen English\u00a0 \u2013\u00a0 Source: Al Mayadeen Net \u2013 16.2.2023 Traduction : c.l. pour L.G.O. \u00a0 &nbsp; Dans un discours t\u00e9l\u00e9vis\u00e9, le pr\u00e9sident syrien Bachar Al-Assad \u00e9voque les travaux&#8230;<\/p>\n","protected":false},"author":1,"featured_media":0,"parent":0,"menu_order":0,"comment_status":"open","ping_status":"open","template":"","meta":[],"_links":{"self":[{"href":"https:\/\/blog.lesgrossesorchadeslesamplesthalameges.fr\/index.php\/wp-json\/wp\/v2\/pages\/22209"}],"collection":[{"href":"https:\/\/blog.lesgrossesorchadeslesamplesthalameges.fr\/index.php\/wp-json\/wp\/v2\/pages"}],"about":[{"href":"https:\/\/blog.lesgrossesorchadeslesamplesthalameges.fr\/index.php\/wp-json\/wp\/v2\/types\/page"}],"author":[{"embeddable":true,"href":"https:\/\/blog.lesgrossesorchadeslesamplesthalameges.fr\/index.php\/wp-json\/wp\/v2\/users\/1"}],"replies":[{"embeddable":true,"href":"https:\/\/blog.lesgrossesorchadeslesamplesthalameges.fr\/index.php\/wp-json\/wp\/v2\/comments?post=22209"}],"version-history":[{"count":6,"href":"https:\/\/blog.lesgrossesorchadeslesamplesthalameges.fr\/index.php\/wp-json\/wp\/v2\/pages\/22209\/revisions"}],"predecessor-version":[{"id":22215,"href":"https:\/\/blog.lesgrossesorchadeslesamplesthalameges.fr\/index.php\/wp-json\/wp\/v2\/pages\/22209\/revisions\/22215"}],"wp:attachment":[{"href":"https:\/\/blog.lesgrossesorchadeslesamplesthalameges.fr\/index.php\/wp-json\/wp\/v2\/media?parent=22209"}],"curies":[{"name":"wp","href":"https:\/\/api.w.org\/{rel}","templated":true}]}}