{"id":22217,"date":"2023-02-17T19:12:52","date_gmt":"2023-02-17T18:12:52","guid":{"rendered":"http:\/\/blog.lesgrossesorchadeslesamplesthalameges.fr\/?page_id=22217"},"modified":"2023-02-17T19:15:00","modified_gmt":"2023-02-17T18:15:00","slug":"et-cest-reparti-comme-en-lan-xi","status":"publish","type":"page","link":"https:\/\/blog.lesgrossesorchadeslesamplesthalameges.fr\/index.php\/et-cest-reparti-comme-en-lan-xi\/","title":{"rendered":"Et c&rsquo;est reparti&#8230; comme en l&rsquo;AN XI"},"content":{"rendered":"<p>&nbsp;<\/p>\n<p>&nbsp;<\/p>\n<p>&nbsp;<\/p>\n<p>&nbsp;<\/p>\n<p>&nbsp;<\/p>\n<p>&nbsp;<\/p>\n<p>&nbsp;<\/p>\n<p>&nbsp;<\/p>\n<p style=\"text-align: left;\"><span style=\"font-family: times new roman, times, serif; font-size: 18pt; color: #c00000;\"><strong><em>De Michel Raimbaud, ancien ambassadeur, auteur r\u00e9cemment de l\u2019Appel \u00e0 la lev\u00e9e des \u00ab\u00a0sanctions\u00a0\u00bb contre la Syrie.<\/em><\/strong><\/span><\/p>\n<p>&nbsp;<\/p>\n<h1 style=\"text-align: justify;\"><\/h1>\n<p>&nbsp;<\/p>\n<p style=\"text-align: center;\"><strong><span style=\"font-family: times new roman, times, serif; font-size: 36pt;\">Et c\u2019est reparti\u2026 comme en l\u2019An XI<\/span><\/strong><\/p>\n<p>&nbsp;<\/p>\n<p>&nbsp;<\/p>\n<h1 style=\"text-align: justify;\"><\/h1>\n<h1 style=\"text-align: center;\"><a href=\"http:\/\/blog.lesgrossesorchadeslesamplesthalameges.fr\/?attachment_id=22197\" rel=\"attachment wp-att-22197\"><img loading=\"lazy\" class=\"alignnone wp-image-22197 size-full\" src=\"http:\/\/blog.lesgrossesorchadeslesamplesthalameges.fr\/wp-content\/uploads\/2023\/02\/4.-Capture-decran-le-2023-02-16-a-13.56.27-120x80-1.jpg\" alt=\"\" width=\"600\" height=\"400\" srcset=\"https:\/\/blog.lesgrossesorchadeslesamplesthalameges.fr\/wp-content\/uploads\/2023\/02\/4.-Capture-decran-le-2023-02-16-a-13.56.27-120x80-1.jpg 600w, https:\/\/blog.lesgrossesorchadeslesamplesthalameges.fr\/wp-content\/uploads\/2023\/02\/4.-Capture-decran-le-2023-02-16-a-13.56.27-120x80-1-300x200.jpg 300w\" sizes=\"(max-width: 600px) 100vw, 600px\" \/><\/a><\/h1>\n<p>&nbsp;<\/p>\n<p>&nbsp;<\/p>\n<p>&nbsp;<\/p>\n<p style=\"text-align: justify;\"><span style=\"font-family: times new roman, times, serif; font-size: 14pt;\">Apre\u0300s le paradis artificiel des v\u0153ux de bonne anne\u0301e, la re\u0301alite\u0301 aura vite repris ses droits : une plane\u0300te en effervescence croissante, un Occident en de\u0301clin contre une Eurasie qui affirme sa puissance, et dans les parages ou\u0300 s\u2019affrontent les deux blocs, des conflits a\u0300 n\u2019en plus finir, comme en te\u0301moignent une guerre en Ukraine devenue virale et un Proche-Orient chroniquement enflamme\u0301. C\u2019est dans cette re\u0301gion au parfum d\u2019e\u0301ternite\u0301 que l\u2019an de disgra\u0302ce 2023 a choisi d\u2019annoncer la couleur : il sera le digne successeur de 2022.<\/span><\/p>\n<p>&nbsp;<\/p>\n<p style=\"text-align: justify;\"><span style=\"font-family: times new roman, times, serif; font-size: 14pt;\">Le lundi 6 fe\u0301vrier, la Syrie, berceau de la civilisation, que tout e\u0302tre civilise\u0301 devrait adopter comme seconde patrie, comme le dit le grand arche\u0301ologue Andre\u0301 Parrot, a e\u0301te\u0301 frappe\u0301e par un terrible tremblement de terre dont le bilan ne cesse de croi\u0302tre. La Turquie, sa voisine du Nord, a e\u0301galement paye\u0301 un lourd tribut, enregistrant un nombre e\u0301leve\u0301 de victimes, parmi lesquelles sans doute de nombreux re\u0301fugie\u0301s syriens\u2026L\u2019e\u0301lan de solidarite\u0301 envers celle-ci est a\u0300 la hauteur de la catastrophe. On ne saurait dire la me\u0302me chose s\u2019agissant de la Syrie. Le malfaisant Axe du Bien, qui voulait \u00ab la ramener a\u0300 l\u2019a\u0302ge de pierre \u00bb et s\u2019acharne a\u0300 de\u0301truire son peuple, a adopte\u0301 a\u0300 l\u2019occasion du se\u0301isme une odieuse posture justicie\u0300re. Toujours bon e\u0301le\u0300ve pour les mauvaises causes, la France officielle aura me\u0301rite\u0301 la me\u0301daille du de\u0301shonneur, ayant remobilise\u0301 le ban et l\u2019arrie\u0300re-ban de l\u2019An 11 pour tenter de remettre en selle les \u00ab re\u0301volutionnaires \u00bb et justifier son indiffe\u0301rence ostentatoire face aux victimes syriennes du se\u0301isme.<\/span><\/p>\n<p>&nbsp;<\/p>\n<p style=\"text-align: justify;\"><span style=\"font-family: times new roman, times, serif; font-size: 14pt;\">On me pardonnera donc de rappeler le calvaire que vit la Syrie, ravage\u0301e, syste\u0301matiquement de\u0301truite et saigne\u0301e a\u0300 blanc, sa population e\u0301tant martyrise\u0301e avec sadisme depuis douze ans. C\u2019est une dure\u0301e aussi longue que les trois conflits qui agre\u0301mentent les livres d\u2019histoire du \u00ab pays des lumie\u0300res \u00bb, comme si notre de\u0301ba\u0302cle de 1870 a\u0300 Sedan et les deux guerres mondiales du XXe\u0300me sie\u0300cle s\u2019e\u0301taient enchai\u0302ne\u0301es sans interruption. Sur le chemin de Damas, d\u2019Alep, de Homs, de Hama, de Palmyre, de Deir-Ezzor, de Lattaquie\u0301, se sont croise\u0301es, te\u0301lescope\u0301es, succe\u0301de\u0301es une guerre d\u2019agression jamais de\u0301clare\u0301e, \u00ab\u00a0crime international par excellence\u00a0\u00bb, une guerre sainte sans merci et une guerre hybride sans fin, guide\u0301e \u00ab de l\u2019arrie\u0300re \u00bb par un Obama auquel on aurait donne\u0301 le Bon Dieu sans confession s\u2019il avait fre\u0301quente\u0301 les confessionnaux, mais gratifie\u0301 tout de me\u0302me d\u2019un Nobel de la Paix a\u0300 titre pre\u0301ventif : une jolie fleur octroye\u0301e a\u0300 un Pre\u0301sident qui aura e\u0301te\u0301 aussi venimeux que ses pre\u0301de\u0301cesseurs et successeurs.<\/span><\/p>\n<p>&nbsp;<\/p>\n<p style=\"text-align: justify;\"><span style=\"font-family: times new roman, times, serif; font-size: 14pt;\">Apre\u0300s avoir connu le feu des tirs, des missiles, des attentats, les Toyotas du djihad, les menaces et exactions des islamistes, la Syrie a du\u0302 apprendre a\u0300 guetter et entendre siffler, plus de trois fois, les trains de sanctions, de restrictions, d\u2019embargos de toutes sortes, a\u0300 se me\u0301fier de la loi Caesar qui pouvait cacher un de\u0301cret Captagon. Si nous vivions en d\u2019autres temps plus civilise\u0301s et surtout en d\u2019autres lieux plus respectueux des droits humains, avoir connaissance de tout cet attirail de mesures coercitives, ille\u0301gales, unilate\u0301rales, ge\u0301nocidaires, suffirait a\u0300 susciter l\u2019indignation et une certaine solidarite\u0301. De me\u0302me qu\u2019il e\u0301tait naturel jusqu\u2019ici, sans doute dans le monde d\u2019avant, que les cataclysmes naturels ou les guerres de\u0301clenchent un e\u0301lan de compassion et re\u0301veillent les consciences. Mais une rumeur mi-figue mi-raisin se re\u0301pand dans le vaste univers : fleuron de l\u2019humanite\u0301 pensante, l\u2019Occident aurait de\u0301pose\u0301 les droits de l\u2019homme (et ceux de la femme) dont il e\u0301tait le porte-voix au muse\u0301e des vieilleries.<\/span><\/p>\n<p>&nbsp;<\/p>\n<p style=\"text-align: justify;\"><span style=\"font-family: times new roman, times, serif; font-size: 14pt;\">Dans la douce France, qui depuis la Re\u0301volution revendique tous les titres de noblesse, on fait en tout cas comme si de rien n\u2019e\u0301tait : on pre\u0301fe\u0300re manifestement le bercail atlantique au berceau de la civilisation, de\u0301guster entre soi les de\u0301lices d\u2019une \u00ab grande de\u0301mocratie comme la no\u0302tre \u00bb et se noyer dans l\u2019unanimite\u0301 pluto\u0302t que ramer avec l\u2019humanite\u0301. De\u0301ja\u0300 Dame Be\u0302tise pouvait ricaner de se voir tant d\u2019amants, et tant de fiance\u0301s, tant de repre\u0301sentants et tant de prisonniers. Son parent Monsieur Duculot peut aujourd\u2019hui triompher : il a de\u0301croche\u0301 le pompon. En matie\u0300re de trou, il a atteint le fond et il creuse encore et encore. Bref on aide avant tout \u00ables gens qui nous ressemblent\u00bb, les Ukrainiens en quelque sorte\u2026 Sans exage\u0301ration tout de me\u0302me.<\/span><\/p>\n<p>&nbsp;<\/p>\n<p style=\"text-align: justify;\"><span style=\"font-family: times new roman, times, serif; font-size: 14pt;\">Alors que l\u2019Ukraine alimente depuis un an notre actualite\u0301 jusqu\u2019a\u0300 plus faim jusqu\u2019a\u0300 plus soif, voila\u0300 nos chevaliers du mensonge repartis pour de nouvelles impostures, vers le champ de bataille qui leur est familier. La guerre de Syrie va entrer dans sa treizie\u0300me anne\u0301e, et ils sont tous la\u0300 comme on pouvait s\u2019y attendre, n\u2019ayant pas attendu qu\u2019on les siffle pour revenir a\u0300 leur proie favorite. La\u0300 au moins, les affide\u0301s et proxies du vieux tyran bien-aime\u0301, un certain Oncle Joe, peuvent ignorer et violer a\u0300 loisir la loi internationale et son Droit pour lui substituer la loi de la jungle et ses re\u0300gles qu\u2019ils ont eux-me\u0302mes e\u0301dicte\u0301es. \u00ab Treize \u00bb est pour la vieille e\u0301cole le nombre porte-malheur par excellence, mais dans une \u00ab start-up ne\u0301cheune \u00bb, on le tient pluto\u0302t pour porte-bonheur, pour la France et pour l\u2019Europe s\u2019entend, la\u0300 ou\u0300 vivent \u00ab des gens comme nous \u00bb, car la Syrie (ou\u0300 est-ce exactement ?) elle l\u2019a bien me\u0301rite\u0301, c\u2019est plein d\u2019Arabes\u2026<\/span><\/p>\n<p>&nbsp;<\/p>\n<p style=\"text-align: justify;\"><span style=\"font-family: times new roman, times, serif; font-size: 14pt;\">Il semblerait que les experts, les trissotins et les radotins aient de\u0301cide\u0301 a\u0300 l\u2019unisson de voir dans le se\u0301isme une sorte d\u2019invite a\u0300 remettre a\u0300 l\u2019ordre du jour leur sale besogne de trucage, de mensonge, de de\u0301sinformation, poursuivie avec une hargne inextinguible depuis douze ans. Leur trou, c\u2019est la descente aux enfers de la Syrie souffrante mais vaillante, qui en ces jours de cole\u0300re parai\u0302t accable\u0301e de toutes parts, y compris par ce feu surgi des entrailles de sa terre.<\/span><\/p>\n<p>&nbsp;<\/p>\n<p style=\"text-align: justify;\"><span style=\"font-family: times new roman, times, serif; font-size: 14pt;\">Une impression pre\u0301vaut : entre Bachar, le re\u0301gime, le tyran qui gaze son peuple, les attaques a\u0300 l\u2019arme chimique, les casques blancs, le dictateur impie, la menace pour la se\u0301curite\u0301 des \u0090\u0090\u00c9tats-Unis d\u2019Ame\u0301rique, le complice de Daesh, l\u2019ennemi d\u2019Israe\u0308l, l\u2019\u00c9tat alaouite (etc\u2026), de la de\u0301sinfo a\u0300 l\u2019immonde, en passant par Radio-trottoir, \u00ab c\u2019est reparti\u2026comme en l\u2019An onze \u00bb.<\/span><\/p>\n<p>&nbsp;<\/p>\n<p style=\"text-align: justify;\"><span style=\"font-family: times new roman, times, serif; font-size: 14pt;\">Votre serviteur e\u0301crivait en mars 2021 : \u00ab On nous pardonnera donc de clamer combien nous sommes profonde\u0301ment blesse\u0301s du traitement re\u0301serve\u0301 a\u0300 la Syrie. On nous excusera de ne plus pouvoir nous taire devant le calvaire de la population, spe\u0301cialement celui des femmes toujours en premie\u0300re ligne, dans la vie quotidienne, la subsistance des familles, le soin des enfants\u2026. Faudra-t-il trente ans, comme on le constate dans le cas irakien, pour que l\u2019on reconnaisse le caracte\u0300re criminel voire ge\u0301nocidaire des sanctions, des restrictions, des vols et pillages ?.(\u2026)\u2026 Nous appelons donc a\u0300 la leve\u0301e des sanctions, qui vont bien au-dela\u0300 d\u2019une punition collective de\u0300s lors qu\u2019elles trahissent de toute e\u0301vidence une volonte\u0301 de\u0301libe\u0301re\u0301e de mise a\u0300 mort d\u2019une population \u00bb.<\/span><\/p>\n<p>&nbsp;<\/p>\n<p style=\"text-align: justify;\"><span style=\"font-family: times new roman, times, serif; font-size: 14pt;\">Deux ans sont passe\u0301s, deux anne\u0301es durant lesquelles la Syrie a connu tous les malheurs imaginables et imagine\u0301s par un Occident perverti qui fait preuve d\u2019un acharnement de\u0301mentiel en toutes circonstances, y compris face aux pires catastrophes naturelles. Mais le masque est enfin tombe\u0301, l\u2019Axe du Bien a de\u0301voile\u0301 son vrai visage : il est bien le fossoyeur des droits de l\u2019homme et de la femme, des liberte\u0301s, des valeurs morales, une menace pour la se\u0301curite\u0301 mondiale, l\u2019ennemi du Droit international et des souverainete\u0301s nationales.<\/span><\/p>\n<p>&nbsp;<\/p>\n<p style=\"text-align: justify;\"><span style=\"font-family: times new roman, times, serif; font-size: 14pt;\">Allons enfants, il serait peut-e\u0302tre temps d\u2019e\u0301craser l\u2019infa\u0302me, comme disait Voltaire, mais que personne ne se sente vise\u0301 par mon indignation. Qui est morveux se mouche !!!<\/span><\/p>\n<p>&nbsp;<\/p>\n<p style=\"text-align: justify;\"><span style=\"font-family: times new roman, times, serif; font-size: 14pt;\"><strong>Michel Raimbaud<\/strong><\/span><\/p>\n<p>&nbsp;<\/p>\n<p style=\"text-align: left;\"><span style=\"font-family: times new roman, times, serif; font-size: 14pt;\"><em>Image : Capture d\u2019\u00e9cran, une femme et son enfant dans un centre de d\u00e9placement du quartier de Salah al-Deen \u00e0 Alep, dans le nord de la Syrie, le 7 f\u00e9vrier 2023<\/em><\/span><\/p>\n<p style=\"text-align: justify;\"><span style=\"font-family: times new roman, times, serif; font-size: 14pt;\"><strong>Michel Raimbaud<\/strong><em>, ancien ambassadeur fran\u00e7ais dans plusieurs pays, auteur de Temp\u00eate sur le Grand Moyen-Orient (ed. Ellipses, 2017) et\u00a0 Les guerres de Syrie (\u00e9d. Glyphe, 2019). <\/em><\/span><\/p>\n<p style=\"text-align: justify;\"><span style=\"font-family: times new roman, times, serif; font-size: 14pt;\">La source originale de cet article est <a href=\"http:\/\/Mondialisation.ca\">Mondialisation.ca<\/a><\/span><\/p>\n<p style=\"text-align: justify;\"><span style=\"font-family: times new roman, times, serif; font-size: 14pt;\">Copyright \u00a9 <a href=\"https:\/\/www.mondialisation.ca\/author\/michel-raimbaud\">Michel Raimbaud<\/a>, <a href=\"http:\/\/Mondialisation.ca\">Mondialisation.ca<\/a>, 2023<\/span><\/p>\n<p style=\"text-align: justify;\"><span style=\"font-family: times new roman, times, serif; font-size: 14pt;\">Source : <a href=\"https:\/\/www.mondialisation.ca\/et-cest-reparti-comme-en-lan-11\/5675096\">https:\/\/www.mondialisation.ca\/et-cest-reparti-comme-en-lan-11\/5675096<\/a><\/span><\/p>\n<p>&nbsp;<\/p>\n<p>&nbsp;<\/p>\n<p style=\"text-align: center;\"><a href=\"http:\/\/blog.lesgrossesorchadeslesamplesthalameges.fr\/?attachment_id=22196\" rel=\"attachment wp-att-22196\"><img loading=\"lazy\" class=\"alignnone wp-image-22196\" src=\"http:\/\/blog.lesgrossesorchadeslesamplesthalameges.fr\/wp-content\/uploads\/2023\/02\/000.-Armoiries-Syrie.gif\" alt=\"\" width=\"80\" height=\"77\" \/><\/a><\/p>\n<p>&nbsp;<\/p>\n<p>&nbsp;<\/p>\n<p style=\"text-align: justify;\"><span style=\"font-family: times new roman, times, serif; font-size: 14pt;\">Pour tous ceux \u00e0 qui on n\u2019a pas appris ce que fut l\u2019an XI \u00a0(qui va de septembre 1802 \u00e0 septembre 1803, le Petit Caporal \u00e9tant devenu consul, mais pas encore empereur)\u00a0:<\/span><\/p>\n<p>&nbsp;<\/p>\n<ul style=\"text-align: justify;\">\n<li style=\"text-align: left;\"><span style=\"font-family: times new roman, times, serif; font-size: 14pt;\">vend\u00e9miaire\/brumaire (octobre)\u00a0: la France envahit la Suisse.<\/span><\/li>\n<li style=\"text-align: left;\"><span style=\"font-family: times new roman, times, serif; font-size: 14pt;\">Loi du 19 vent\u00f4se an XI (10 mars 1803) r\u00e9organisant les \u00e9tudes et la profession m\u00e9dicales<\/span><\/li>\n<li style=\"text-align: left;\"><span style=\"font-family: times new roman, times, serif; font-size: 14pt;\">7 germinal (28 mars 1803)\u00a0: instauration du <a href=\"https:\/\/fr.wikipedia.org\/wiki\/Franc_fran%C3%A7ais#Franc_germinal\">franc<\/a> de germinal.<\/span><\/li>\n<li style=\"text-align: left;\"><span style=\"font-family: times new roman, times, serif; font-size: 14pt;\">Loi du 10 germinal an XI (31 mars 1803) compl\u00e9tant la loi du 19 vent\u00f4se.<\/span><\/li>\n<li style=\"text-align: left;\"><span style=\"font-family: times new roman, times, serif; font-size: 14pt;\">Loi du 11 germinal (1<sup>er<\/sup> avril 1803) sur la r\u00e9glementation concernant les pr\u00e9noms dans l&rsquo;\u00e9tat civil<a href=\"https:\/\/fr.wikipedia.org\/wiki\/An_XI#cite_note-1\"><sup>1<\/sup><\/a>.<\/span><\/li>\n<li style=\"text-align: left;\"><span style=\"font-family: times new roman, times, serif; font-size: 14pt;\">Loi du 22 germinal (12 avril 1803) instituant le <a href=\"https:\/\/fr.wikipedia.org\/wiki\/Livret_ouvrier\">livret ouvrier<\/a>.<\/span><\/li>\n<li style=\"text-align: left;\"><span style=\"font-family: times new roman, times, serif; font-size: 14pt;\">Loi du 24 germinal An XI (14 avril 1803) sur la premi\u00e8re loi relative \u00e0 la Banque de France<a href=\"https:\/\/fr.wikipedia.org\/wiki\/An_XI#cite_note-2\"><sup>2<\/sup><\/a>.<\/span><\/li>\n<li style=\"text-align: left;\"><span style=\"font-family: times new roman, times, serif; font-size: 14pt;\">21 germinal (21 avril 1803)\u00a0: \u00c9criture d&rsquo;un texte qui r\u00e9git l&rsquo;enseignement pharmaceutique en France.<\/span><\/li>\n<li style=\"text-align: left;\"><span style=\"font-family: times new roman, times, serif; font-size: 14pt;\">Troisi\u00e8me coalition\u00a0: Royaume-Uni, Autriche, Prusse et Russie contre la France napol\u00e9onienne.<\/span><\/li>\n<li style=\"text-align: left;\"><span style=\"font-family: times new roman, times, serif; font-size: 14pt;\">Acquisition de la Louisiane par Thomas Jefferson au b\u00e9n\u00e9fice des \u00c9tats-Unis.<\/span><\/li>\n<\/ul>\n<h2 style=\"text-align: justify;\"><span style=\"font-family: times new roman, times, serif; font-size: 14pt;\">Mais surtout\u00a0:<\/span><\/h2>\n<ul style=\"text-align: justify;\">\n<li><span style=\"font-family: times new roman, times, serif; font-size: 14pt;\">17 germinal (7 avril 1803)\u00a0: Toussaint Louverture meurt au fort de Joux.<\/span><\/li>\n<\/ul>\n<p>&nbsp;<\/p>\n<p>&nbsp;<\/p>\n<p style=\"text-align: justify;\"><span style=\"font-family: times new roman, times, serif; font-size: 18pt; color: #c00000;\"><strong><em>\u00c0 propos de la loi du 24 germinal,<\/em><\/strong><\/span><\/p>\n<p style=\"text-align: justify;\"><span style=\"font-family: comic sans ms, sans-serif; font-size: 12pt;\">il est du plus haut int\u00e9r\u00eat d\u2019\u00e9couter, de lire ou de relire Henri Guillemin sur la fondation de la Banque \u00ab\u00a0dite de France\u00a0\u00bb, en r\u00e9alit\u00e9 banque priv\u00e9e, cr\u00e9\u00e9e pour s\u2019acquitter d\u2019une dette envers Perregaux, banquier suisse et espion \u00e0 la solde de l\u2019Angleterre, en m\u00eame temps que financier du coup d\u2019\u00c9tat du 18 brumaire an VIII (9 novembre 1799).<\/span><\/p>\n<p>&nbsp;<\/p>\n<p>&nbsp;<\/p>\n<p style=\"text-align: justify;\"><span style=\"font-family: times new roman, times, serif; font-size: 18pt; color: #c00000;\"><strong><em>\u00c0 propos de Toussaint Louverture, voir ici\u00a0:<\/em><\/strong><\/span><\/p>\n<p style=\"text-align: center;\"><a href=\"http:\/\/blog.lesgrossesorchadeslesamplesthalameges.fr\/?attachment_id=22198\" rel=\"attachment wp-att-22198\"><img loading=\"lazy\" class=\"alignnone size-full wp-image-22198\" src=\"http:\/\/blog.lesgrossesorchadeslesamplesthalameges.fr\/wp-content\/uploads\/2023\/02\/000.-freccia-nera-piccola-xx.gif\" alt=\"\" width=\"46\" height=\"46\" \/><\/a><\/p>\n<p style=\"text-align: center;\"><span style=\"font-family: times new roman, times, serif; font-size: 14pt;\"><a href=\"https:\/\/memoire-esclavage.org\/biographies\/toussaint-louverture\">https:\/\/memoire-esclavage.org\/biographies\/toussaint-louverture<\/a><\/span><\/p>\n<p>&nbsp;<\/p>\n<p style=\"text-align: justify;\"><span style=\"font-family: comic sans ms, sans-serif; font-size: 12pt;\">Et ce qu\u2019il convient de savoir, \u00e0 propos de Toussaint, c\u2019est qu\u2019un jour, Napol\u00e9on Bonaparte a dit au g\u00e9n\u00e9ral Lefebvre (pas encore mar\u00e9chal)\u00a0: \u00ab\u00a0J\u2019ai besoin, vous dis-je, de me d\u00e9barrasser de soixante mille hommes\u00a0!\u00a0\u00bb et qu\u2019il a mis en branle la flotte destin\u00e9e \u00e0 \u00ab\u00a0reprendre\u00a0\u00bb Saint-Domingue (pas encore Ha\u00efti). D\u2019o\u00f9 la capture de Toussaint, qui, pour la France, avait combattu la Hollande et l\u2019Angleterre, et le d\u00e9but de son long calvaire. Car, jugeant d\u2019apr\u00e8s lui-m\u00eame, Napol\u00e9on ne pouvait pas s\u2019imaginer qu\u2019un homme qui avait lib\u00e9r\u00e9 son pays \u00e0 la pointe du sabre ne s\u2019\u00e9tait pas, en m\u00eame temps, empli les poches en pillant \u00e0 tout va (comme le font aujourd\u2019hui les USA en Syrie). Il le fit donc amener encha\u00een\u00e9 \u00e0 Paris, et le fit \u00ab\u00a0cuisiner\u00a0\u00bb pour qu\u2019il avoue \u00ab\u00a0o\u00f9 il avait cach\u00e9 son tr\u00e9sor\u00a0\u00bb. Le tr\u00e9sor \u00e9tait inexistant. De d\u00e9pit, le milliardaire malgr\u00e9 lui fut enferm\u00e9, dans le Jura, au fort de Joux, sans le moindre chauffage, pour lui apprendre \u00e0 r\u00e9sister. Il y est mort de froid, assis tout droit dans un fauteuil.<\/span><\/p>\n<p style=\"text-align: justify;\"><span style=\"font-family: comic sans ms, sans-serif; font-size: 12pt;\">Admirons le sens de l\u2019humour macabre du destin qui fait , \u00e0 cheval sur le XXe et le XXIe si\u00e8cles, attaquer Ha\u00efti et la Syrie, par les h\u00e9ritiers moraux de l\u2019Aigle, avec la m\u00eame arme\u00a0: le tremblement de terre provoqu\u00e9.<\/span><\/p>\n<p>&nbsp;<\/p>\n<p style=\"text-align: left;\"><span style=\"font-family: times new roman, times, serif; font-size: 14pt;\"><strong>URL de cet article : <\/strong><a href=\"http:\/\/blog.lesgrossesorchadeslesamplesthalameges.fr\/index.php\/et-cest-reparti-comme-en-lan-xi\/\">http:\/\/blog.lesgrossesorchadeslesamplesthalameges.fr\/index.php\/et-cest-reparti-comme-en-lan-xi\/<\/a><strong><br \/>\n<\/strong><\/span><\/p>\n<p>&nbsp;<\/p>\n<p>&nbsp;<\/p>\n<p style=\"text-align: center;\"><a href=\"http:\/\/blog.lesgrossesorchadeslesamplesthalameges.fr\/?attachment_id=22196\" rel=\"attachment wp-att-22196\"><img loading=\"lazy\" class=\"alignnone wp-image-22196\" src=\"http:\/\/blog.lesgrossesorchadeslesamplesthalameges.fr\/wp-content\/uploads\/2023\/02\/000.-Armoiries-Syrie.gif\" alt=\"\" width=\"80\" height=\"77\" \/><\/a><\/p>\n<p>&nbsp;<\/p>\n<p>&nbsp;<\/p>\n<p style=\"text-align: right;\"><span style=\"font-family: comic sans ms, sans-serif; font-size: 14pt;\">F\u00e9vrier 2023<\/span><\/p>\n<p>&nbsp;<\/p>\n<p>&nbsp;<\/p>\n","protected":false},"excerpt":{"rendered":"<p>&nbsp; &nbsp; &nbsp; &nbsp; &nbsp; &nbsp; &nbsp; &nbsp; De Michel Raimbaud, ancien ambassadeur, auteur r\u00e9cemment de l\u2019Appel \u00e0 la lev\u00e9e des \u00ab\u00a0sanctions\u00a0\u00bb contre la Syrie. &nbsp; &nbsp; Et c\u2019est reparti\u2026 comme en l\u2019An XI &nbsp; &nbsp; &nbsp; &nbsp; &nbsp; Apre\u0300s le paradis artificiel des v\u0153ux de bonne anne\u0301e, la re\u0301alite\u0301 aura vite repris ses droits&#8230;<\/p>\n","protected":false},"author":1,"featured_media":0,"parent":0,"menu_order":0,"comment_status":"open","ping_status":"open","template":"","meta":[],"_links":{"self":[{"href":"https:\/\/blog.lesgrossesorchadeslesamplesthalameges.fr\/index.php\/wp-json\/wp\/v2\/pages\/22217"}],"collection":[{"href":"https:\/\/blog.lesgrossesorchadeslesamplesthalameges.fr\/index.php\/wp-json\/wp\/v2\/pages"}],"about":[{"href":"https:\/\/blog.lesgrossesorchadeslesamplesthalameges.fr\/index.php\/wp-json\/wp\/v2\/types\/page"}],"author":[{"embeddable":true,"href":"https:\/\/blog.lesgrossesorchadeslesamplesthalameges.fr\/index.php\/wp-json\/wp\/v2\/users\/1"}],"replies":[{"embeddable":true,"href":"https:\/\/blog.lesgrossesorchadeslesamplesthalameges.fr\/index.php\/wp-json\/wp\/v2\/comments?post=22217"}],"version-history":[{"count":9,"href":"https:\/\/blog.lesgrossesorchadeslesamplesthalameges.fr\/index.php\/wp-json\/wp\/v2\/pages\/22217\/revisions"}],"predecessor-version":[{"id":22226,"href":"https:\/\/blog.lesgrossesorchadeslesamplesthalameges.fr\/index.php\/wp-json\/wp\/v2\/pages\/22217\/revisions\/22226"}],"wp:attachment":[{"href":"https:\/\/blog.lesgrossesorchadeslesamplesthalameges.fr\/index.php\/wp-json\/wp\/v2\/media?parent=22217"}],"curies":[{"name":"wp","href":"https:\/\/api.w.org\/{rel}","templated":true}]}}